{"id":99872,"date":"2022-04-02T20:32:20","date_gmt":"2022-04-02T18:32:20","guid":{"rendered":"https:\/\/www.freiburg-schwarzwald.de\/blog\/?page_id=99872"},"modified":"2025-05-27T17:50:35","modified_gmt":"2025-05-27T15:50:35","slug":"kalter-krieg","status":"publish","type":"page","link":"https:\/\/www.freiburg-schwarzwald.de\/blog\/engagement\/zukunft\/krieg\/kalter-krieg\/","title":{"rendered":"Kalter-Krieg"},"content":{"rendered":"<p>d<\/p>\n<div id=\"attachment_98783\" style=\"width: 651px\" class=\"wp-caption alignnone\"><a href=\"https:\/\/www.freiburg-schwarzwald.de\/blog\/wp-content\/uploads\/2022\/02\/demoFreiburg1pan-20220212.jpg\"><img loading=\"lazy\" decoding=\"async\" aria-describedby=\"caption-attachment-98783\" class=\"size-full wp-image-98783\" src=\"https:\/\/www.freiburg-schwarzwald.de\/blog\/wp-content\/uploads\/2022\/02\/demoFreiburg1pan-20220212.jpg\" alt=\"\" width=\"641\" height=\"374\" srcset=\"https:\/\/www.freiburg-schwarzwald.de\/blog\/wp-content\/uploads\/2022\/02\/demoFreiburg1pan-20220212.jpg 641w, https:\/\/www.freiburg-schwarzwald.de\/blog\/wp-content\/uploads\/2022\/02\/demoFreiburg1pan-20220212-180x105.jpg 180w\" sizes=\"auto, (max-width: 641px) 100vw, 641px\" \/><\/a><p id=\"caption-attachment-98783\" class=\"wp-caption-text\">Demo f\u00fcr Grundrechte am Platz der Alten Synagoge in Freiburg 12.2.2022<\/p><\/div>\n<ul>\n<li><em>Listenauswahl eines Beitrags (Artikel\/Datum, Seite\/Inhalt):\u00a0<span style=\"text-decoration: underline;\">Klicken<\/span>\u00a0oder scrollen<\/em><\/li>\n<li><a href=\"https:\/\/www.freiburg-schwarzwald.de\/blog\/engagement\/zukunft\/krieg\/abschreckung\/\">Deutschland und Europa in einer Welt ohne Nato: Wie abschrecken?<\/a>\u00a0(23.5.2025)<\/li>\n<li><a href=\"https:\/\/www.freiburg-schwarzwald.de\/blog\/engagement\/zukunft\/krieg\/panzer\/\">Dohnanyi: \u201eKaufen Panzer, weil wir nicht geholfen haben, einen Krieg zu verhindern, der verhinderbar war\u201c<\/a> (18.6.2023)<\/li>\n<li><a href=\"https:\/\/www.freiburg-schwarzwald.de\/blog\/global\/multipolar\/\">Eine multipolare ersetzt die bipolare Weltordnung<\/a> (28.3.2023)<\/li>\n<li><a href=\"https:\/\/www.freiburg-schwarzwald.de\/blog\/negotiations-or-armageddon\/\">Negotiations or Ukraine Armageddon<\/a>\u00a0(14.10.2022)<\/li>\n<li><a href=\"https:\/\/www.freiburg-schwarzwald.de\/blog\/global\/globalisierung\/brics\/\">BRICS \u2013 42% Bev\u00f6lkerung und 24% BSP weltweit<\/a>\u00a0(8.7.2022)<\/li>\n<li><a href=\"https:\/\/www.freiburg-schwarzwald.de\/blog\/global\/deutschland\/deutsch-interessen\/\">Weidel zur Ukraine: Das ist nicht unser Krieg<\/a>\u00a0(19.5.2022)<\/li>\n<li><a href=\"https:\/\/www.freiburg-schwarzwald.de\/blog\/der-ukrainekrieg-begann-2014\/\">Der Ukrainekrieg begann 2014<\/a>\u00a0(5.4.2022)<\/li>\n<li>Medien pflegen Kriegs- statt Friedensrhetorik (2.4.2022)<\/li>\n<li><\/li>\n<li><a href=\"https:\/\/www.freiburg-schwarzwald.de\/blog\/engagement\/zukunft\/krieg\/abschreckung\/\">Abschreckung<\/a><\/li>\n<li><a href=\"https:\/\/www.freiburg-schwarzwald.de\/blog\/global\/multipolar\/\">multipolar<\/a><\/li>\n<\/ul>\n<p>&nbsp;<\/p>\n<p><strong>Medien: Kriegs- statt Friedensrhetorik<\/strong><br \/>\nDie antirussische Kriegsrhetorik beherrscht die deutschen Medien. Annalena Baerbock gibt ihre Vernichtungsphantasien ungeniert preis mit &#8222;Das wird Russland ruinieren&#8220;. Die Massenmedien machen es sich einfach seit dem v\u00f6lkerrechtswidrigen Einmarsch von Putin&#8217;s Truppen in die Ukraine am 24.2.2022: Russland gegen Ukraine bzw. Gut gegen B\u00f6se. Das hei\u00dft: Wenn der Aggressor besiegt ist, dann kehrt Frieden ein. Wenn es nur so einfach w\u00e4re.<\/p>\n<p>Besonnene Pressestimmen, welche die Kriegs- durch Friedensrhetorik ersetzen, sind rar, aber es gibt sie, sogar z.B. bei Telepolis und Spiegel.<br \/>\nBei Telepolis ist voll Nachdenklichkeit zu lesen, ob nun ein erneuter &#8222;kalter Krieg 2.0&#8220; bevorsteht. Und im Spiegel wird pl\u00e4diert gegen eine einseitige Parteinahme und damit gegen das &#8222;Gut gegen B\u00f6se&#8220;, wobei man nat\u00fcrlich zu 100 Prozent f\u00fcr das Gute ist.<br \/>\n2.4.2022<\/p>\n<p>.<br \/>\n<strong>Russland und der Westen: Kalter Krieg um Narrativ<\/strong><br \/>\nSetzt sich die \u201eHighway to War\u201c-Geschichte durch \u2013 wof\u00fcr zurzeit so gut wie alles spricht \u2013, dann stehen wir unmittelbar vor einer erneuten Spaltung des europ\u00e4ischen Kontinents, inklusive eines neuen, diesmal rund tausend Kilometer weiter \u00f6stlichen, Eisernen Vorhanges, der Neuauflage des atomaren Wettr\u00fcstens mit immer zielgenaueren Tr\u00e4gersystemen bei immer k\u00fcrzeren Vorwarnzeiten, kurz: vor einem Kalten Krieg 2.0, der angesichts der h\u00f6chst instabilen geopolitischen Rahmenbedingungen und der Tatsache, dass sich kaum noch ein relevanter Akteur an Regeln h\u00e4lt, erheblich gef\u00e4hrlicher sein wird als der erste. Den Worst Case mag man sich nicht ausmalen\u2026<br \/>\n&#8230; Alles vom 1.4.2022 von Leo Ensel bitte lesen auf<br \/>\n<a href=\"https:\/\/www.heise.de\/tp\/features\/Russland-und-der-Westen-Kalter-Krieg-um-Narrative-6659628.html\">https:\/\/www.heise.de\/tp\/features\/Russland-und-der-Westen-Kalter-Krieg-um-Narrative-6659628.html<\/a><\/p>\n<p><strong>Unser Krieg: Nur die Wahrheit! &#8211; Deutscher Bellizismus<\/strong><br \/>\nAuf der Suche nach Wahrheiten \u00fcber den Krieg ger\u00e4t man rasch in schwere See. Nun ist es Zeit f\u00fcr das Schlimmste, was dem starken Gef\u00fchl droht: Relativierung!<br \/>\n&#8230;<br \/>\nKeine Neutralit\u00e4t zwischen Recht und Unrecht! Das klingt gut. Fragen wir mal: K\u00f6nnten Sie auf die Schnelle angeben, zu welcher Kriegspartei Deutschland derzeit im Jemen h\u00e4lt, in der Republik Kongo, in Syrien oder, ganz mutig, im Donbass? Oder wie sich die Unm\u00f6glichkeit deutscher Neutralit\u00e4t in Libyen auswirkt?<br \/>\nSind wir eigentlich f\u00fcr oder gegen die Peschmerga-Milizen? Und was sagt unsere Sehnsucht zur Annexion des Westjordanlands au\u00dferhalb der Gr\u00fcnen Linie: Ist das ein V\u00f6lkerrechtsverbrechen oder eine Flurbereinigungsma\u00dfnahme?<br \/>\nIch wei\u00df: Man kann nicht alle Probleme zugleich l\u00f6sen. Und der Krieg in der Ukraine ist nicht deshalb weniger schlimm, weil der in Syrien ebenfalls schlimm und der Angriffskrieg gegen den Irak ebenso v\u00f6lkerrechtswidrig war.<br \/>\nAber ein bisschen weniger \u00bbZeitenwende\u00ab-Romantik d\u00fcrfte schon sein, wenn man gerade einen zwanzig Jahre w\u00e4hrenden Krieg in Afghanistan verloren hat. Es sind in diesem Krieg, dessen Erfolg \u00fcber die zeitweise Installation und Sicherung eines durch und durch korrupten Marionettenregimes in der Gr\u00fcnen Zone in Kabul nicht hinauskam, 3600 Soldaten der Operation \u00bbEnduring Freedom\u00ab get\u00f6tet worden und etwa 70.000 Zivilisten.<br \/>\n&#8230; Alles vom 1.4.2022 von Thomas Fischer (ehemals Bundesrichter) bitte lesen auf<br \/>\n<a href=\"https:\/\/www.spiegel.de\/panorama\/deutschland-und-der-ukraine-krieg-nur-die-wahrheit-gastbeitrag-von-thomas-fischer-a-0e713df3-80d8-4ed4-84f2-7e1991601520\">https:\/\/www.spiegel.de\/panorama\/deutschland-und-der-ukraine-krieg-nur-die-wahrheit-gastbeitrag-von-thomas-fischer-a-0e713df3-80d8-4ed4-84f2-7e1991601520<\/a><\/p>\n<p>&nbsp;<\/p>\n","protected":false},"excerpt":{"rendered":"<p>d Listenauswahl eines Beitrags (Artikel\/Datum, Seite\/Inhalt):\u00a0Klicken\u00a0oder scrollen Deutschland und Europa in einer Welt ohne Nato: Wie abschrecken?\u00a0(23.5.2025) Dohnanyi: \u201eKaufen Panzer, weil wir nicht geholfen haben, einen Krieg zu verhindern, der verhinderbar war\u201c (18.6.2023) Eine multipolare ersetzt die bipolare Weltordnung (28.3.2023) &hellip; <a href=\"https:\/\/www.freiburg-schwarzwald.de\/blog\/engagement\/zukunft\/krieg\/kalter-krieg\/\">Weiterlesen <span class=\"meta-nav\">&rarr;<\/span><\/a><\/p>\n","protected":false},"author":2,"featured_media":0,"parent":18096,"menu_order":0,"comment_status":"closed","ping_status":"closed","template":"","meta":{"footnotes":""},"class_list":["post-99872","page","type-page","status-publish","hentry"],"_links":{"self":[{"href":"https:\/\/www.freiburg-schwarzwald.de\/blog\/wp-json\/wp\/v2\/pages\/99872","targetHints":{"allow":["GET"]}}],"collection":[{"href":"https:\/\/www.freiburg-schwarzwald.de\/blog\/wp-json\/wp\/v2\/pages"}],"about":[{"href":"https:\/\/www.freiburg-schwarzwald.de\/blog\/wp-json\/wp\/v2\/types\/page"}],"author":[{"embeddable":true,"href":"https:\/\/www.freiburg-schwarzwald.de\/blog\/wp-json\/wp\/v2\/users\/2"}],"replies":[{"embeddable":true,"href":"https:\/\/www.freiburg-schwarzwald.de\/blog\/wp-json\/wp\/v2\/comments?post=99872"}],"version-history":[{"count":6,"href":"https:\/\/www.freiburg-schwarzwald.de\/blog\/wp-json\/wp\/v2\/pages\/99872\/revisions"}],"predecessor-version":[{"id":134529,"href":"https:\/\/www.freiburg-schwarzwald.de\/blog\/wp-json\/wp\/v2\/pages\/99872\/revisions\/134529"}],"up":[{"embeddable":true,"href":"https:\/\/www.freiburg-schwarzwald.de\/blog\/wp-json\/wp\/v2\/pages\/18096"}],"wp:attachment":[{"href":"https:\/\/www.freiburg-schwarzwald.de\/blog\/wp-json\/wp\/v2\/media?parent=99872"}],"curies":[{"name":"wp","href":"https:\/\/api.w.org\/{rel}","templated":true}]}}