{"id":99694,"date":"2022-03-30T15:33:40","date_gmt":"2022-03-30T13:33:40","guid":{"rendered":"https:\/\/www.freiburg-schwarzwald.de\/blog\/?page_id=99694"},"modified":"2025-02-10T19:02:51","modified_gmt":"2025-02-10T18:02:51","slug":"kollateralschaden","status":"publish","type":"page","link":"https:\/\/www.freiburg-schwarzwald.de\/blog\/business\/gesund\/corona-virus\/kollateralschaden\/","title":{"rendered":"Kollateralschaden"},"content":{"rendered":"<p><a href=\"https:\/\/www.freiburg-schwarzwald.de\/blog\">Home<\/a>\u00a0&gt;<a title=\"Business\" href=\"https:\/\/www.freiburg-schwarzwald.de\/blog\/business\">Business<\/a>\u00a0&gt;<a title=\"Gesund\" href=\"https:\/\/www.freiburg-schwarzwald.de\/blog\/business\/gesund\/\">Gesund<\/a>\u00a0&gt;<a title=\"Medizin\" href=\"https:\/\/www.freiburg-schwarzwald.de\/blog\/business\/gesund\/medizin\/\">Medizin<\/a>\u00a0&gt;<a title=\"Corona-Virus\" href=\"https:\/\/www.freiburg-schwarzwald.de\/blog\/business\/gesund\/corona-virus\/\">Corona-Virus<\/a> &gt;<a href=\"https:\/\/www.freiburg-schwarzwald.de\/blog\/business\/gesund\/corona-virus\/impfung\/\">Impfung<\/a> &gt;Kollateralschaden<\/p>\n<div id=\"attachment_99673\" style=\"width: 651px\" class=\"wp-caption alignnone\"><a href=\"https:\/\/www.freiburg-schwarzwald.de\/blog\/wp-content\/uploads\/2022\/03\/demokirchzarten2pan20220221.jpg\"><img loading=\"lazy\" decoding=\"async\" aria-describedby=\"caption-attachment-99673\" class=\"size-full wp-image-99673\" src=\"https:\/\/www.freiburg-schwarzwald.de\/blog\/wp-content\/uploads\/2022\/03\/demokirchzarten2pan20220221.jpg\" alt=\"\" width=\"641\" height=\"341\" srcset=\"https:\/\/www.freiburg-schwarzwald.de\/blog\/wp-content\/uploads\/2022\/03\/demokirchzarten2pan20220221.jpg 641w, https:\/\/www.freiburg-schwarzwald.de\/blog\/wp-content\/uploads\/2022\/03\/demokirchzarten2pan20220221-180x96.jpg 180w\" sizes=\"auto, (max-width: 641px) 100vw, 641px\" \/><\/a><p id=\"caption-attachment-99673\" class=\"wp-caption-text\">Abendliche Montagsdemo in Kirchzarten am 21.2.2022 ab 18 Uhr<\/p><\/div>\n<ul>\n<li><em>Listenauswahl eines Beitrags: Bitte anklicken oder runterscrollen<\/em><\/li>\n<li><a href=\"https:\/\/www.freiburg-schwarzwald.de\/blog\/opfer-messer-attacken-anonym\/\">Opfer Messer-Attacken anonym<\/a>\u00a0(10.2.2025)<\/li>\n<li><a href=\"https:\/\/www.freiburg-schwarzwald.de\/blog\/business\/gesund\/corona-virus\/impf-versprechen\/\">Impfstoff-Vertrag zwischen BioNTech-Pfizer und der EU geleakt<\/a>\u00a0(4.11.2023)<\/li>\n<li><a href=\"https:\/\/www.freiburg-schwarzwald.de\/blog\/business\/gesund\/corona-virus\/corona-kultur\/\">Christian Nagel: Corona-Einbruch im Kulturbereich beenden<\/a>\u00a0(2.7.2022)<\/li>\n<li><a href=\"https:\/\/www.freiburg-schwarzwald.de\/blog\/56-tote-in-schweden-116-in-d\/\">56 Tote in Schweden, 116 in D<\/a>\u00a0(9.5.2022)<\/li>\n<li>#ploetzlichundunerwartet &#8211; Jung und tot: Warum? (30.3.2022)<\/li>\n<li><\/li>\n<li><a href=\"https:\/\/www.freiburg-schwarzwald.de\/blog\/business\/gesund\/corona-virus\/corona-kultur\/\">Corona-Kultur<\/a><\/li>\n<\/ul>\n<p>&nbsp;<\/p>\n<p><strong>#ploetzlichundunerwartet &#8211; Jung und tot: Warum?<\/strong><br \/>\nImmer mehr Menschen berichten aus ihrem privaten Umfeld \u00fcber auff\u00e4llige Erkrankungen oder Todesf\u00e4lle zuvor kerngesunder Freunde oder Bekannter. Auch entsprechende Medienberichte nehmen zu. Geschieht jetzt das, was skeptische Wissenschaftler vorausgesagt haben?<br \/>\n&#8230;<br \/>\n\u201ePl\u00f6tzlich und unerwartet\u201c verstorben: Doch ist dieses Sammelsurium pers\u00f6nlicher Beobachtungen in irgendeiner Form als evident? Immerhin bin ich nicht die Einzige, die sich derartige Gedanken macht. Der Hashtag #ploetzlichundunerwartet ist bei Twitter sehr beliebt. https:\/\/twitter.com\/search?q=pl%C3%B6tzlichundunerwartet&amp;src=typed_query<br \/>\nUnter dieser Verschlagwortung teilen Nutzer Todesf\u00e4lle und Gesundheitssch\u00e4den, die mutma\u00dflich mit einer Impfung in Zusammenhang stehen. Die Gesch\u00e4digten sind in der Regel jungen oder mittleren Alters. Nat\u00fcrlich schaffen es vor allem F\u00e4lle Prominenter in die \u00f6ffentliche Wahrnehmung, wie jener von Hailey Bieber, der Frau von Justin Bieber, die j\u00fcngst im Alter von 25 Jahren ein Blutgerinnsel im Gehirn \u00fcberstand.<br \/>\n&#8230;<br \/>\nSelbst der MDR brachte in der letzten Woche in der Sendung \u201eUmschau\u201c einen Beitrag zum Thema \u201eImpfkomplikationen: Warum sich Betroffene alleingelassen f\u00fchlen\u201c. Auch wenn der Beitrag betont, dass Impfsch\u00e4den selten seien, wird die Tabuisierung des Problems angeprangert.<br \/>\nhttps:\/\/www.ardmediathek.de\/video\/umschau\/impfkomplikationen-warum-sich-betroffene-alleingelassen-fuehlen\/mdr-fernsehen\/Y3JpZDovL21kci5kZS9iZWl0cmFnL2Ntcy9kNzJhYjI3My00ZWRhLTRiODktYWE0Yy0xYzA1Njg4MGFjYTE &#8230;..<br \/>\nNur eine genaue Erfassung von Impfnebenwirkungen und Impftodesfolgen kann ein klares Bild vom tats\u00e4chlichen Schaden durch die Corona-Impfstoffe vermelden.<\/p>\n<p>&#8230;Alles vom 30.3.2022 von Ulrike Stockmann bitte lesen auf<br \/>\nhttps:\/\/www.achgut.com\/artikel\/jung_und_tot_warum<\/p>\n<p>&nbsp;<\/p>\n<p>&nbsp;<\/p>\n<p>&nbsp;<\/p>\n","protected":false},"excerpt":{"rendered":"<p>Home\u00a0&gt;Business\u00a0&gt;Gesund\u00a0&gt;Medizin\u00a0&gt;Corona-Virus &gt;Impfung &gt;Kollateralschaden Listenauswahl eines Beitrags: Bitte anklicken oder runterscrollen Opfer Messer-Attacken anonym\u00a0(10.2.2025) Impfstoff-Vertrag zwischen BioNTech-Pfizer und der EU geleakt\u00a0(4.11.2023) Christian Nagel: Corona-Einbruch im Kulturbereich beenden\u00a0(2.7.2022) 56 Tote in Schweden, 116 in D\u00a0(9.5.2022) #ploetzlichundunerwartet &#8211; Jung und tot: Warum? (30.3.2022) &hellip; <a href=\"https:\/\/www.freiburg-schwarzwald.de\/blog\/business\/gesund\/corona-virus\/kollateralschaden\/\">Weiterlesen <span class=\"meta-nav\">&rarr;<\/span><\/a><\/p>\n","protected":false},"author":2,"featured_media":0,"parent":79419,"menu_order":0,"comment_status":"closed","ping_status":"closed","template":"","meta":{"footnotes":""},"class_list":["post-99694","page","type-page","status-publish","hentry"],"_links":{"self":[{"href":"https:\/\/www.freiburg-schwarzwald.de\/blog\/wp-json\/wp\/v2\/pages\/99694","targetHints":{"allow":["GET"]}}],"collection":[{"href":"https:\/\/www.freiburg-schwarzwald.de\/blog\/wp-json\/wp\/v2\/pages"}],"about":[{"href":"https:\/\/www.freiburg-schwarzwald.de\/blog\/wp-json\/wp\/v2\/types\/page"}],"author":[{"embeddable":true,"href":"https:\/\/www.freiburg-schwarzwald.de\/blog\/wp-json\/wp\/v2\/users\/2"}],"replies":[{"embeddable":true,"href":"https:\/\/www.freiburg-schwarzwald.de\/blog\/wp-json\/wp\/v2\/comments?post=99694"}],"version-history":[{"count":6,"href":"https:\/\/www.freiburg-schwarzwald.de\/blog\/wp-json\/wp\/v2\/pages\/99694\/revisions"}],"predecessor-version":[{"id":130906,"href":"https:\/\/www.freiburg-schwarzwald.de\/blog\/wp-json\/wp\/v2\/pages\/99694\/revisions\/130906"}],"up":[{"embeddable":true,"href":"https:\/\/www.freiburg-schwarzwald.de\/blog\/wp-json\/wp\/v2\/pages\/79419"}],"wp:attachment":[{"href":"https:\/\/www.freiburg-schwarzwald.de\/blog\/wp-json\/wp\/v2\/media?parent=99694"}],"curies":[{"name":"wp","href":"https:\/\/api.w.org\/{rel}","templated":true}]}}