{"id":99652,"date":"2022-03-29T16:14:21","date_gmt":"2022-03-29T14:14:21","guid":{"rendered":"https:\/\/www.freiburg-schwarzwald.de\/blog\/?page_id=99652"},"modified":"2025-12-27T10:55:08","modified_gmt":"2025-12-27T09:55:08","slug":"dreisamtal-verbinde-dich","status":"publish","type":"page","link":"https:\/\/www.freiburg-schwarzwald.de\/blog\/engagement\/buergerinitiativen\/dreisamtal-verbinde-dich\/","title":{"rendered":"Dreisamtal-verbinde-dich"},"content":{"rendered":"<p><a href=\"https:\/\/www.freiburg-schwarzwald.de\/blog\">Home<\/a> &gt;<a title=\"Corona-Virus\" href=\"https:\/\/www.freiburg-schwarzwald.de\/blog\/business\/gesund\/corona-virus\/\">Corona-Virus<\/a>\u00a0&gt;<a href=\"https:\/\/www.freiburg-schwarzwald.de\/blog\/regio\/tal\/dreisamtal\/\">Dreisamtal<\/a>\u00a0&gt;<a href=\"https:\/\/www.freiburg-schwarzwald.de\/blog\/business\/gesund\/corona-virus\/corona\/\">Corona Regio<\/a> &gt;Dreisamtal-verbinde-dich<\/p>\n<div id=\"attachment_99673\" style=\"width: 651px\" class=\"wp-caption alignnone\"><a href=\"https:\/\/www.freiburg-schwarzwald.de\/blog\/wp-content\/uploads\/2022\/03\/demokirchzarten2pan20220221.jpg\"><img loading=\"lazy\" decoding=\"async\" aria-describedby=\"caption-attachment-99673\" class=\"size-full wp-image-99673\" src=\"https:\/\/www.freiburg-schwarzwald.de\/blog\/wp-content\/uploads\/2022\/03\/demokirchzarten2pan20220221.jpg\" alt=\"\" width=\"641\" height=\"341\" srcset=\"https:\/\/www.freiburg-schwarzwald.de\/blog\/wp-content\/uploads\/2022\/03\/demokirchzarten2pan20220221.jpg 641w, https:\/\/www.freiburg-schwarzwald.de\/blog\/wp-content\/uploads\/2022\/03\/demokirchzarten2pan20220221-180x96.jpg 180w\" sizes=\"auto, (max-width: 641px) 100vw, 641px\" \/><\/a><p id=\"caption-attachment-99673\" class=\"wp-caption-text\">Abendliche Montagsdemo in Kirchzarten am 21.2.2022 ab 18 Uhr<\/p><\/div>\n<ul>\n<li><em>Listenauswahl eines Beitrags (Artikel\/Datum, Seite\/Inhalt): <span style=\"text-decoration: underline;\">Klicken<\/span> oder scrollen<\/em><\/li>\n<li>So will sich der Verein &#8222;Dreisamtal Gemeinsam&#8220; f\u00fcr Demokratie einsetzen (15.6.2024)<\/li>\n<li><a href=\"https:\/\/www.freiburg-schwarzwald.de\/blog\/engagement\/buergerinitiativen\/demos-in-freiburg\/fahrrad-demo\/\">Fahrrad-Demo Freiburg 29.10.2022<\/a> (30.10.2022)<\/li>\n<li><a href=\"https:\/\/www.freiburg-schwarzwald.de\/blog\/engagement\/buergerinitiativen\/demos-in-freiburg\/freiseinfreiburg\/\">FreiseinFreiburg-Demo am 30.7.2022<\/a>\u00a0(31.7.2022)<\/li>\n<li><a href=\"https:\/\/www.freiburg-schwarzwald.de\/blog\/leuchtturmard-mahnwache\/\">LeuchtturmARD Mahnwache am 14.7.2020 SWR<\/a>\u00a0(11.7.2022)<\/li>\n<li><a href=\"https:\/\/www.freiburg-schwarzwald.de\/blog\/engagement\/buergerinitiativen\/demos-in-freiburg\/\">Fahrrad-Demo von FreiseinFreiburg am 11.6.2022 ab Konzerthaus<\/a>\u00a0(11.6.2022)<\/li>\n<li><a href=\"https:\/\/www.freiburg-schwarzwald.de\/blog\/grundrechte-demo-in-freiburg\/\">Grundrechte-Demo in Freiburg<\/a>\u00a0(5.6.2022)<\/li>\n<li><a href=\"https:\/\/www.freiburg-schwarzwald.de\/blog\/kein-spd-frauenpreis-schutz\/\">Kein SPD-Frauenpreis: \u201eZum Schutz\u201c<\/a>\u00a0(31.5.2022)<\/li>\n<li><a href=\"https:\/\/www.freiburg-schwarzwald.de\/blog\/freisein-freiburg-demonstriert\/\">Freisein Freiburg demonstriert weiterhin<\/a>\u00a0(22.5.2022)<\/li>\n<li><a href=\"https:\/\/www.freiburg-schwarzwald.de\/blog\/regio\/tal\/elztal\/\">Uschi Fischer: Zwei Jahre Mahnwache in Elzach<\/a>\u00a0(15.5.2022)<\/li>\n<li><a href=\"https:\/\/www.freiburg-schwarzwald.de\/blog\/tafel-0-waffen-100-mrd-panzer\/\">Tafel 0: Waffen 100 Mrd \u2013 Panzer<\/a>\u00a0(27.4.2022)<\/li>\n<li><a href=\"https:\/\/www.freiburg-schwarzwald.de\/blog\/ostermarsch-freiburg-graesslin\/\">Ostermarsch in Freiburg \u2013 Gr\u00e4sslin<\/a>\u00a0(14.4.2022)<\/li>\n<li><a href=\"https:\/\/www.freiburg-schwarzwald.de\/blog\/engagement\/buergerinitiativen\/spaziergaenge\/\">Nach dem Impfpflicht-Aus: Die wahren Helden \u2013 Montagsspazierg\u00e4nger<\/a>\u00a0(9.4.2022)<\/li>\n<li>Montag in Kirchzarten: Demo-Picknick statt Demo-Spaziergang (28.3.2022)<\/li>\n<li><a href=\"https:\/\/www.freiburg-schwarzwald.de\/blog\/engagement\/buergerinitiativen\/demos-in-freiburg\/\">Demo-Aufzug der Coronama\u00dfnahmen-Skeptiker am 26.3.2022<\/a> (27.3.2022)<\/li>\n<li><a href=\"https:\/\/www.freiburg-schwarzwald.de\/blog\/engagement\/buergerinitiativen\/dreisamtal-demos\/\">Demo-Spaziergang am Montagabend 21.3.2022 in Kirchzarten<\/a> (21.3.2022)<\/li>\n<li><a href=\"https:\/\/www.freiburg-schwarzwald.de\/blog\/engagement\/buergerinitiativen\/dreisamtal-demos\/\">Aktionstag von \u201eDreisamtal gemeinsam\u201c Samstag 19.3. am Marktplatz<\/a> (16.3.2022)<\/li>\n<li>Vier mal Wut\u00a0 (7.3.2022)<\/li>\n<li><a href=\"https:\/\/www.freiburg-schwarzwald.de\/blog\/engagement\/buergerinitiativen\/dreisamtal-demos\/\">Rosenmontag \u2013 Demo in Kirchzarten am 28.2.2022<\/a> (1.3.2022)<\/li>\n<li><a href=\"https:\/\/www.freiburg-schwarzwald.de\/blog\/engagement\/buergerinitiativen\/demos-in-freiburg\/\">Grundrechte-Demo in Freiburg am 26.2.2022<\/a>\u00a0(26.2.2022)<\/li>\n<li><a href=\"https:\/\/www.freiburg-schwarzwald.de\/blog\/montagsdemo-in-kirchzarten\/\">Montagsdemo in Kirchzarten am 21.2.2022<\/a>\u00a0(22.2.2022)<\/li>\n<li><a href=\"https:\/\/www.freiburg-schwarzwald.de\/blog\/engagement\/buergerinitiativen\/dreisamtal-verbinde-dich\/\">\u201eDreisamtal verbinde dich \u201e: Montagsdemo in Kirchzarten am 21.2.2022<\/a> (21.2.2022)<\/li>\n<li><a href=\"https:\/\/www.freiburg-schwarzwald.de\/blog\/engagement\/buergerinitiativen\/demos-in-freiburg\/\">Demo in Freiburg am 19.2.2022 \u2013 \u00fcber 5.500 Teilnehmer<\/a>\u00a0(20.2.2022)<\/li>\n<li><a href=\"https:\/\/www.freiburg-schwarzwald.de\/blog\/engagement\/buergerinitiativen\/demos-in-freiburg\/\">In Freiburg am 22.1.2022 demonstrieren 10.000 f\u00fcr Freiheitsrechte<\/a>\u00a0(23.1.2022)<\/li>\n<li><a href=\"https:\/\/www.freiburg-schwarzwald.de\/blog\/engagement\/buergerinitiativen\/montagsdemos\/\">Montagsspazierg\u00e4nge in Kirchzarten<\/a>\u00a0(26.1.2022)<\/li>\n<li><a href=\"https:\/\/www.freiburg-schwarzwald.de\/blog\/business\/gesund\/corona-virus\/corona\/\">Inklusion 2022: Warum nicht f\u00fcr Anders- bzw. Querdenkende?<\/a>\u00a0(26.1.2022)<\/li>\n<li><a href=\"https:\/\/www.freiburg-schwarzwald.de\/blog\/spaziergaenge-demonstrationen\/\">Spazierg\u00e4nge Demonstrationen<\/a>\u00a0(5.1.2021)<\/li>\n<li><a href=\"https:\/\/www.freiburg-schwarzwald.de\/blog\/spaziergaenge-demonstrationen\/\">\u201eDreisamtal verbinde dich\u201c<\/a>\u00a0(4.1.2021)<\/li>\n<li><a href=\"https:\/\/www.freiburg-schwarzwald.de\/blog\/business\/gesund\/corona-virus\/corona\/\">Warum lassen wir uns das gefallen?\u201c \u2013 Offener Brief von Sandra Vo\u00dfler<\/a>\u00a0(6.5.2020)<\/li>\n<li><a href=\"https:\/\/www.adrian-kempf.de\">https:\/\/www.adrian-kempf.de<\/a><\/li>\n<li><a href=\"https:\/\/www.freiburg-schwarzwald.de\/blog\/business\/gesund\/corona-virus\/corona-angst\/\">Corona-Angst<\/a><\/li>\n<li><a title=\"Corona-Demo\" href=\"https:\/\/www.freiburg-schwarzwald.de\/blog\/business\/gesund\/corona-virus\/corona-demo\/\">Corona-Demo<\/a><\/li>\n<li><a title=\"Corona-Grundrechte\" href=\"https:\/\/www.freiburg-schwarzwald.de\/blog\/business\/gesund\/corona-virus\/corona-grundrechte\/\">Corona-Grundrechte<\/a><\/li>\n<li><a href=\"https:\/\/www.freiburg-schwarzwald.de\/blog\/business\/gesund\/corona-virus\/corona-kinder\/\">Corona-Kinder<\/a><\/li>\n<li><a title=\"Corona-Migration\" href=\"https:\/\/www.freiburg-schwarzwald.de\/blog\/business\/gesund\/corona-virus\/corona-migration\/\">Corona-Migration<\/a><\/li>\n<li><a title=\"Corona-NGO\" href=\"https:\/\/www.freiburg-schwarzwald.de\/blog\/business\/gesund\/corona-virus\/corona-ngo\/\">Corona-NGO<\/a><\/li>\n<li><a title=\"Corona-Virus\" href=\"https:\/\/www.freiburg-schwarzwald.de\/blog\/business\/gesund\/corona-virus\/\">Coroma-Virus<\/a><\/li>\n<li><a title=\"Corona-Sozialismus\" href=\"https:\/\/www.freiburg-schwarzwald.de\/blog\/business\/rezession\/corona-sozialismus\/\">Corona-Sozialismus<\/a><\/li>\n<li><a title=\"Crash\" href=\"https:\/\/www.freiburg-schwarzwald.de\/blog\/business\/rezession\/crash\/\">Crash der Wirtschaft<\/a><\/li>\n<li><a href=\"https:\/\/www.freiburg-schwarzwald.de\/blog\/engagement\/buergerinitiativen\/demos-in-freiburg\/\">Demos-in-Freiburg<\/a><\/li>\n<li><a href=\"https:\/\/www.freiburg-schwarzwald.de\/blog\/regio\/tal\/dreisamtal\/\">Dreisamtal<\/a><\/li>\n<li><a href=\"https:\/\/www.freiburg-schwarzwald.de\/blog\/engagement\/buergerinitiativen\/dreisamtal-demos\/\">Dreisamtal-Demos<\/a><\/li>\n<li><a href=\"https:\/\/www.freiburg-schwarzwald.de\/blog\/regio\/tal\/dreisamtal\/dreisamtal-diskussion\/\">Dreisamtal-Diskussion<\/a><\/li>\n<li><a href=\"https:\/\/www.freiburg-schwarzwald.de\/blog\/engagement\/buergerinitiativen\/demos-in-freiburg\/fahrrad-demo\/\">Fahrrad-Demo\u00a0<\/a><\/li>\n<li><a href=\"https:\/\/www.freiburg-schwarzwald.de\/blog\/engagement\/buergerinitiativen\/demos-in-freiburg\/freiseinfreiburg\/\">FreiseinFreiburg<\/a><\/li>\n<li><a href=\"https:\/\/www.freiburg-schwarzwald.de\/blog\/business\/gesund\/corona-virus\/impfzwang\/\">Impfzwang<\/a><\/li>\n<li><a href=\"https:\/\/www.freiburg-schwarzwald.de\/blog\/regio\/orte\/kirchzarten\/\">Kirchzarten<\/a><\/li>\n<li><a href=\"https:\/\/www.freiburg-schwarzwald.de\/blog\/business\/gesund\/corona-virus\/maske\/\">Maske<\/a><\/li>\n<li><a href=\"https:\/\/www.freiburg-schwarzwald.de\/blog\/kultur\/medien\/meinungsfreiheit\/\">Meinungsfreiheit<\/a><\/li>\n<li><a href=\"https:\/\/www.freiburg-schwarzwald.de\/blog\/engagement\/buergerinitiativen\/montagsdemos\/\">Montagsspazierg\u00e4nge<\/a><\/li>\n<li><a title=\"NGO\" href=\"https:\/\/www.freiburg-schwarzwald.de\/blog\/vereine\/ngo\/\">NGO<\/a><\/li>\n<\/ul>\n<p><strong>Dreisamtal verbinde Dich (DvD)<\/strong><br \/>\n\u201eDreisamtal \u2013 verbinde \u2013 dich\u201c steht f\u00fcr die Vernetzung der B\u00fcrger, um die Gemeinschaft und jeden Einzelnen zu st\u00e4rken. Wir leben im Bewusstsein, dass WIR bestimmen, was gespielt wird, nicht unsere angestellten Politiker.<br \/>\nDie Corona \u2013 Aff\u00e4re hat in der Bev\u00f6lkerung tiefe Spuren hinterlassen. Ma\u00dfnahmen der Regierung haben die Menschen zun\u00e4chst in Panik versetzt, dann in Angst und Sorge. Die Ergebnisse des menschenverachtenden Regulierungs- und Zersetzungswahns, der von uns ausgehaltenen Regierung, muss gestoppt werden!<br \/>\nWertsch\u00e4tzung, Vertrauen, Respekt &amp; Achtung sind die Eckpfeiler im Umgang miteinander<br \/>\n<em><strong>Nachtrag: Das in der Coronazeit\u00a0 begangene Unrecht mu\u00df\u00a0 <a href=\"https:\/\/www.freiburg-schwarzwald.de\/blog\/business\/gesund\/corona-virus\/corona-aufarbeitung\/\">aufgearbeitet<\/a> \u00a0<\/strong><\/em><em><strong>werden, nur so ist eine\u00a0<a href=\"https:\/\/www.freiburg-schwarzwald.de\/blog\/business\/gesund\/corona-virus\/corona-versoehnung\/\">Vers\u00f6hnung<\/a>\u00a0der Gesellschaft m\u00f6glich. Corona darf sich nicht wiederholen \u2013 auch nicht unter anderer \u00dcberschrift!<\/strong><\/em><br \/>\n<a href=\"https:\/\/dreisamtal-verbinde-dich.de\/\">https:\/\/dreisamtal-verbinde-dich.de\/<\/a><br \/>\n<a href=\"https:\/\/t.me\/dreisamtalverbindedich\">https:\/\/t.me\/dreisamtalverbindedich<\/a><br \/>\n.<br \/>\n<strong><a href=\"https:\/\/www.freiburg-schwarzwald.de\/blog\/religion\/katholisch\/drewermann\/\">\u00a0Drewermann<\/a>\u2019s Pl\u00e4doyer f\u00fcr<br \/>\n<a href=\"https:\/\/www.freiburg-schwarzwald.de\/blog\/engagement\/zukunft\/demokratie\/opposition\/querdenken\/\">Querdenker<\/a>,\u00a0<a href=\"https:\/\/www.freiburg-schwarzwald.de\/blog\/kultur\/medien\/kritik\/\">Kritiker<\/a>, Zweifler, <a href=\"https:\/\/www.freiburg-schwarzwald.de\/blog\/kultur\/kunst\/kuenstler-proteste\/\">Protestierer<\/a>, Individualisten, <a href=\"https:\/\/www.freiburg-schwarzwald.de\/blog\/engagement\/buergerinitiativen\/demonstrationsrecht\/\">Demonstranten<\/a>, Abweichende <a href=\"https:\/\/www.freiburg-schwarzwald.de\/blog\/kultur\/medien\/meinungsfreiheit\/eigene-meinung\/\">Meinungen<\/a>, <a href=\"https:\/\/www.freiburg-schwarzwald.de\/blog\/engagement\/buergerinitiativen\/spaziergaenge\/\">Spazierg\u00e4nger<\/a><\/strong><br \/>\n\u201eDer Mut, ein Einzelner zu sein,<br \/>\nist die Einstiegsbedingung<br \/>\nin ein humanit\u00e4res Zusammenleben\u201c<br \/>\n(Eugen Drewermann, 3.8.2021)<br \/>\n============================================================<\/p>\n<p><strong>So will sich der Verein &#8222;Dreisamtal Gemeinsam&#8220; f\u00fcr Demokratie einsetzen<\/strong><br \/>\n&#8222;Begonnen hat alles in der Zeit der Pandemie&#8220;, blickte Marlene Greiwe zur\u00fcck. Seinerzeit h\u00e4tten sogenannte Montagsdemonstrationen stattgefunden, bei der Querdenker, Rechtsradikale und Ausl\u00e4nderfeinde mit Fackeln durch den Ort gezogen w\u00e4ren, ja selbst mit diesen &#8222;Demonstrationen&#8220; die Wohngebiete aufgesucht h\u00e4tten.<br \/>\nErste Aktion richtet sich gegen Rechtsradikale<br \/>\n&#8222;Wir wollten dem etwas entgegenstellen und zeigen, dass wir Demokraten mehr sind als die Rechtsradikalen&#8220;, erg\u00e4nzte Martina Peitz.<br \/>\n&#8230; Alles vom 15.6.2024 bitte lesen auf <a href=\"https:\/\/www.badische-zeitung.de\/einsatz-fuer-die-demokratie-x3x\">https:\/\/www.badische-zeitung.de\/einsatz-fuer-die-demokratie-x3x<\/a><br \/>\n<a href=\"https:\/\/www.dreisamtal-gemeinsam.de\">https:\/\/www.dreisamtal-gemeinsam.de<\/a><\/p>\n<p>Ein Leserbrief:<br \/>\nDemokratisches Miteinander sollte eine Selbstverst\u00e4ndlichkeit sein. Daf\u00fcr sollte man keinen Verein gr\u00fcnden m\u00fcssen. Stattdessen ist eher von einer Spaltung die Rede, wenn man den Artikel liest. Ausgangspunkt war wohl unter anderem die Kirchzartener B\u00fcrgerversammlung, in der die B\u00fcrger aufgefordert wurden, auch ihre Bedenken zur Aufnahme Gefl\u00fcchteter vorzubringen. Ich sehe es als demokratisches Grundprinzip an, Kritik am Handeln der Exekutive \u00e4u\u00dfern zu k\u00f6nnen. Wem das nicht gef\u00e4llt \u2013 anscheinend den Gr\u00fcndern des Vereins \u2013 den sehe<br \/>\nich als nichtdemokratisch an.<br \/>\nGleiches zu den Demonstrationen gegen die Coronama\u00dfnahmen. Im Winter 2021\/22 hatten wir es mit Einschr\u00e4nkungen jedweden \u00f6ffentlichen Lebens zu tun. Auch ich, als alleinlebender Mensch jenseits des Berufslebens, war zu langandauernder Einsamkeit verurteilt. Inzwischen ist bekannt, dass die Einsamkeit ein schwerer Kollateralschaden der Coronama\u00dfnahmen war. Also besuchte ich die Coronama\u00dfnahmendemos. Dort traf man Bekannte und hatte Kontakt. Die Demos wurden von Einzelpersonen veranstaltet, von denen eine zuweilen etwas wunderliche Statements verlauten lie\u00df. Das stand aber f\u00fcr die Masse der Teilnehmenden nicht im Vordergrund. Das Demonstrationsrecht ist eine demokratische Errungenschaft unserer Verfassung. Wer es wahrnimmt, darf sich als Demokrat ansehen. Es ist sehr verwunderlich, wenn sich ein der Demokratie verpflichtet f\u00fchlender Verein dagegen wendet.<br \/>\n18.6.2024, Manfred Schreiber, Kirchzarten<\/p>\n<p>&nbsp;<\/p>\n<p>&nbsp;<\/p>\n<p><strong>Montag in Kirchzarten: Demo-Picknick statt Demo-Spaziergang<\/strong><br \/>\nSo verabredete sich &#8222;Dreisamtal verbinde Dich&#8220; (DvD) am Montag, den 28.3.2022, zu einem gem\u00fctlichen Sit-in in der Fussg\u00e4ngerzone der Hauptstrasse: Campingm\u00f6bel, Picknick, Selbstgebackenes, dazu klassische Gitarrenmusik von Alfons Wild. Teilnahme frei f\u00fcr jedermann, auch ohne G2, G3 bzw. G?. Dazu Infos aus der Coronaszene: M\u00fcssen unsere Kinder nun doch nach dem 2.April weiter maskiert zur Schule gehen? Warum will die Coronapolitik Kinder und Jugendliche einfach nicht in Freiheit gro\u00df werden lassen?<br \/>\nTrotz St\u00f6rung durch eine eilig auf der Strasse und dann auf einem Gasthaustisch aufgestellte mobile Lautsprecherbox, die \u00fcberlaute Gegen-Musik von sich gab &#8211; gegen was denn eigentlich? Aber davon lie\u00dfen sich die friedlichen Picknicker und Picknickerinnen (genderm\u00e4\u00dfig so OK?) ihre gute Stimmung nicht verderben.<\/p>\n<p><a href=\"https:\/\/www.freiburg-schwarzwald.de\/blog\/wp-content\/uploads\/2022\/03\/dreisamtal-verbinde-dich1-220328.jpg\"><img loading=\"lazy\" decoding=\"async\" class=\"alignnone size-thumbnail wp-image-99656\" src=\"https:\/\/www.freiburg-schwarzwald.de\/blog\/wp-content\/uploads\/2022\/03\/dreisamtal-verbinde-dich1-220328-180x135.jpg\" alt=\"\" width=\"180\" height=\"135\" srcset=\"https:\/\/www.freiburg-schwarzwald.de\/blog\/wp-content\/uploads\/2022\/03\/dreisamtal-verbinde-dich1-220328-180x135.jpg 180w, https:\/\/www.freiburg-schwarzwald.de\/blog\/wp-content\/uploads\/2022\/03\/dreisamtal-verbinde-dich1-220328-640x480.jpg 640w, https:\/\/www.freiburg-schwarzwald.de\/blog\/wp-content\/uploads\/2022\/03\/dreisamtal-verbinde-dich1-220328-768x576.jpg 768w, https:\/\/www.freiburg-schwarzwald.de\/blog\/wp-content\/uploads\/2022\/03\/dreisamtal-verbinde-dich1-220328.jpg 800w\" sizes=\"auto, (max-width: 180px) 100vw, 180px\" \/><\/a>\u00a0 \u00a0 \u00a0 \u00a0 \u00a0 <a href=\"https:\/\/www.freiburg-schwarzwald.de\/blog\/wp-content\/uploads\/2022\/03\/dreisamtal-verbinde-dich2-220328.jpg\"><img loading=\"lazy\" decoding=\"async\" class=\"alignnone size-thumbnail wp-image-99657\" src=\"https:\/\/www.freiburg-schwarzwald.de\/blog\/wp-content\/uploads\/2022\/03\/dreisamtal-verbinde-dich2-220328-180x135.jpg\" alt=\"\" width=\"180\" height=\"135\" srcset=\"https:\/\/www.freiburg-schwarzwald.de\/blog\/wp-content\/uploads\/2022\/03\/dreisamtal-verbinde-dich2-220328-180x135.jpg 180w, https:\/\/www.freiburg-schwarzwald.de\/blog\/wp-content\/uploads\/2022\/03\/dreisamtal-verbinde-dich2-220328-640x480.jpg 640w, https:\/\/www.freiburg-schwarzwald.de\/blog\/wp-content\/uploads\/2022\/03\/dreisamtal-verbinde-dich2-220328-768x576.jpg 768w, https:\/\/www.freiburg-schwarzwald.de\/blog\/wp-content\/uploads\/2022\/03\/dreisamtal-verbinde-dich2-220328.jpg 800w\" sizes=\"auto, (max-width: 180px) 100vw, 180px\" \/><\/a><br \/>\n(1) Picknick 28.3.2022\u00a0 \u00a0 \u00a0 \u00a0 \u00a0 \u00a0 \u00a0 \u00a0(2) Alfons&#8216; klassische Gitarre<\/p>\n<p><a href=\"https:\/\/alfonswild.de\/\">https:\/\/alfonswild.de\/<\/a><\/p>\n<p>&nbsp;<\/p>\n<p><strong>Vier mal Wut\u00a0\u00a0<\/strong><br \/>\nAls Opa mu\u00df ich geduldig sein und gro\u00dfz\u00fcgig, habe aber auch das Recht, w\u00fctend zu sein:<br \/>\nWut 1: Seit 2 Jahren gehen die f\u00fcnf Enkel nun maskiert in Kita und Schule. Ein Verbrechen. Masken m\u00f6gen gegen Staub und Bakterien helfen, nicht aber gegen Viren. Die Maskerade von Kindern sofort beenden, dazu braucht es keinen Freedom-Day.<\/p>\n<p>Die zweite Wut: Luisa Neubauer von FridaysForFuture sieht im Putin&#8217;s \u00dcberfall auf die Ukraine einen &#8222;fosslien Krieg&#8220; und moniert damit, die zur Erderw\u00e4rmung beitragenden Diesel-Panzer durch Windradstrom-getriebene Elektro-Panzer zu ersetzen. Welch ein Zynismus! Wo doch die linke Energiewende mit dem Abschalten der Kernkraftwerke die Abh\u00e4ngigkeit von russischen Energieimporten vergr\u00f6\u00dfert hat (D und USA zahlen tagt\u00e4glich 700 Mio Euro f\u00fcr Gas, Kohle und Erd\u00f6l an Russland und finanzieren somit den Krieg).<\/p>\n<p>Wut 3: Nach meinem schweren Herzinfarkt mit 5-maliger Reanimation Ende 9\/2021 sind sich fast alle einig, dass die den Infarkt ausl\u00f6sende Thrombose von den vorhergehenden Biontech-Impfungen ausgel\u00f6st wurden. Ich geh\u00f6re somit der Kategorie Impfrisiken, Nebenwirkungen bzw. Kollateralsch\u00e4den an. Deshalb lehne ich jede Form von Impfzwang und Impfpflicht ab &#8211; Impfen mu\u00df in der freien Verantwortung des einzelnen B\u00fcrgers bleiben.<\/p>\n<p>Die letzte Wut betrifft die deutschen Masssenmedien, die die Proteste der <a href=\"https:\/\/www.freiburg-schwarzwald.de\/blog\/engagement\/buergerinitiativen\/demo\/trucker\/\">Trucker<\/a> auf ihren Freedom-Convoys in Kanada und People&#8217;s-Convoys in den USA verschweigen oder verdrehen. Beispiel BZ vom 2.2.2022 \u201eLandesweites Entsetzen \u00fcber aggressive Trucker\u201c. Diese Titelzeile ist komplette L\u00fcge; alle meine vielen Verwandten in USA und Canada berichten von der Friedfertigkeit und gro\u00dfen Unterst\u00fctzung der Trucker durch die B\u00fcrger, deren Protest sich l\u00e4ngst von den Coronarestriktionen zum Kampf &#8222;malochender Mittelstand versus links-woke Gro\u00dfstadtgesellschaft&#8220; ausgeweitet hat. Dieser soziale Konflikt brodelt auch in D, wird aber vom polit-medialen Komplex (durch Zensur und Kampf gegen Andersdenkende) unterdr\u00fcckt.<br \/>\nDie Mainstream-Medien m\u00fcssen wieder objektiv und ausgewogen berichten, wobei zwischen Nachricht (wieviele Mio Dollar an Spendengeldern der Trucker lie\u00df Pr\u00e4sident Trudeau sperren?) und Meinung (will Trudeau als linker WEF-Fellow die Demokratie in CDN aushebeln?) zu trennen ist.<br \/>\n7.3.2022,\u00a0 Montagsdemo Kirchzarten, am Brunnen, 19 Uhr<\/p>\n","protected":false},"excerpt":{"rendered":"<p>Home &gt;Corona-Virus\u00a0&gt;Dreisamtal\u00a0&gt;Corona Regio &gt;Dreisamtal-verbinde-dich Listenauswahl eines Beitrags (Artikel\/Datum, Seite\/Inhalt): Klicken oder scrollen So will sich der Verein &#8222;Dreisamtal Gemeinsam&#8220; f\u00fcr Demokratie einsetzen (15.6.2024) Fahrrad-Demo Freiburg 29.10.2022 (30.10.2022) FreiseinFreiburg-Demo am 30.7.2022\u00a0(31.7.2022) LeuchtturmARD Mahnwache am 14.7.2020 SWR\u00a0(11.7.2022) Fahrrad-Demo von FreiseinFreiburg am 11.6.2022 &hellip; <a href=\"https:\/\/www.freiburg-schwarzwald.de\/blog\/engagement\/buergerinitiativen\/dreisamtal-verbinde-dich\/\">Weiterlesen <span class=\"meta-nav\">&rarr;<\/span><\/a><\/p>\n","protected":false},"author":2,"featured_media":0,"parent":2329,"menu_order":0,"comment_status":"closed","ping_status":"closed","template":"","meta":{"footnotes":""},"class_list":["post-99652","page","type-page","status-publish","hentry"],"_links":{"self":[{"href":"https:\/\/www.freiburg-schwarzwald.de\/blog\/wp-json\/wp\/v2\/pages\/99652","targetHints":{"allow":["GET"]}}],"collection":[{"href":"https:\/\/www.freiburg-schwarzwald.de\/blog\/wp-json\/wp\/v2\/pages"}],"about":[{"href":"https:\/\/www.freiburg-schwarzwald.de\/blog\/wp-json\/wp\/v2\/types\/page"}],"author":[{"embeddable":true,"href":"https:\/\/www.freiburg-schwarzwald.de\/blog\/wp-json\/wp\/v2\/users\/2"}],"replies":[{"embeddable":true,"href":"https:\/\/www.freiburg-schwarzwald.de\/blog\/wp-json\/wp\/v2\/comments?post=99652"}],"version-history":[{"count":5,"href":"https:\/\/www.freiburg-schwarzwald.de\/blog\/wp-json\/wp\/v2\/pages\/99652\/revisions"}],"predecessor-version":[{"id":143421,"href":"https:\/\/www.freiburg-schwarzwald.de\/blog\/wp-json\/wp\/v2\/pages\/99652\/revisions\/143421"}],"up":[{"embeddable":true,"href":"https:\/\/www.freiburg-schwarzwald.de\/blog\/wp-json\/wp\/v2\/pages\/2329"}],"wp:attachment":[{"href":"https:\/\/www.freiburg-schwarzwald.de\/blog\/wp-json\/wp\/v2\/media?parent=99652"}],"curies":[{"name":"wp","href":"https:\/\/api.w.org\/{rel}","templated":true}]}}