{"id":99454,"date":"2022-03-17T20:39:12","date_gmt":"2022-03-17T19:39:12","guid":{"rendered":"https:\/\/www.freiburg-schwarzwald.de\/blog\/?page_id=99454"},"modified":"2023-09-14T11:24:00","modified_gmt":"2023-09-14T09:24:00","slug":"russland-china","status":"publish","type":"page","link":"https:\/\/www.freiburg-schwarzwald.de\/blog\/global\/russland\/russland-china\/","title":{"rendered":"Russland-China"},"content":{"rendered":"<p><a href=\"https:\/\/www.freiburg-schwarzwald.de\/blog\">Home<\/a>\u00a0&gt;<a title=\"Global\" href=\"https:\/\/www.freiburg-schwarzwald.de\/blog\/global\/\">Global<\/a>\u00a0 &gt;<a href=\"https:\/\/www.freiburg-schwarzwald.de\/blog\/global\/russland\/\">Russland<\/a>\u00a0&gt;<a href=\"https:\/\/www.freiburg-schwarzwald.de\/blog\/global\/ukraine\/\">Ukraine<\/a> &gt;<a href=\"https:\/\/www.freiburg-schwarzwald.de\/blog\/global\/china\/\">China<\/a> &gt;Russland-China<\/p>\n<div id=\"attachment_98685\" style=\"width: 645px\" class=\"wp-caption alignnone\"><a href=\"https:\/\/www.freiburg-schwarzwald.de\/blog\/wp-content\/uploads\/2022\/02\/baumstaemme-pan20220131.jpg\"><img loading=\"lazy\" decoding=\"async\" aria-describedby=\"caption-attachment-98685\" class=\"size-full wp-image-98685\" src=\"https:\/\/www.freiburg-schwarzwald.de\/blog\/wp-content\/uploads\/2022\/02\/baumstaemme-pan20220131.jpg\" alt=\"\" width=\"635\" height=\"314\" srcset=\"https:\/\/www.freiburg-schwarzwald.de\/blog\/wp-content\/uploads\/2022\/02\/baumstaemme-pan20220131.jpg 635w, https:\/\/www.freiburg-schwarzwald.de\/blog\/wp-content\/uploads\/2022\/02\/baumstaemme-pan20220131-180x89.jpg 180w\" sizes=\"auto, (max-width: 635px) 100vw, 635px\" \/><\/a><p id=\"caption-attachment-98685\" class=\"wp-caption-text\">Holzernte: Baumst\u00e4mme im Schwarzwald bei Freiburg 2\/2022<\/p><\/div>\n<p>&nbsp;<\/p>\n<ul>\n<li><a href=\"https:\/\/www.freiburg-schwarzwald.de\/blog\/global\/globalisierung\/brics\/\">BRICS-Staaten lehnen CO2-Politik total ab<\/a>\u00a0(13.9.2023)<\/li>\n<li><a href=\"https:\/\/www.freiburg-schwarzwald.de\/blog\/global\/globalisierung\/sco\/\">Gipfeltreffen der Shanghai Cooperation Organisation (SCO): \u00bbFamilie\u00ab erweitert<\/a>\u00a0(5.7.2023)<\/li>\n<li><a href=\"https:\/\/www.freiburg-schwarzwald.de\/blog\/ukraine-24-2-2022-diplomatie\/\">Ukraine 24.2.2023: Diplomatie<\/a> (24.2.2023)<\/li>\n<li><a href=\"https:\/\/www.freiburg-schwarzwald.de\/blog\/global\/china\/china-geteilt\/\">Geht das chinesische Wirtschaftswunder zu Ende? Xis Entscheidungen<\/a>\u00a0(3.2.2023)<\/li>\n<li><a href=\"https:\/\/www.freiburg-schwarzwald.de\/blog\/global\/usa\/us-geopolitik\/\">Das falsche Narrativ des Westens \u00fcber Russland und China<\/a>\u00a0(30.8.2022)<\/li>\n<li><a href=\"https:\/\/www.freiburg-schwarzwald.de\/blog\/global\/globalisierung\/brics\/\">BRICS \u2013 42% Bev\u00f6lkerung und 24% BSP weltweit<\/a>\u00a0(8.7.2022)<\/li>\n<li><a href=\"https:\/\/www.freiburg-schwarzwald.de\/blog\/usa-europa-russland-china\/\">USA \u2013 Europa \u2013 Russland \u2013 China<\/a>\u00a0(30.4.2022)<\/li>\n<li><a href=\"https:\/\/www.freiburg-schwarzwald.de\/blog\/diskussion-energie-geopolitik\/\">Diskussion: Energie, Geopolitik<\/a>\u00a0(29.3.2022)<\/li>\n<li><a href=\"https:\/\/www.freiburg-schwarzwald.de\/blog\/global\/ukraine\/ukraine-frieden\/\">J\u00fcrgen Todenh\u00f6fer: Dieser Krieg l\u00e4uft anders als erwartet<\/a>\u00a0(24.3.2022)<\/li>\n<li><a href=\"https:\/\/www.freiburg-schwarzwald.de\/blog\/selbsthilfe\/soziales\/wohlstandsverlust\/\">6-Punkte-Realpolitik statt gr\u00fcnsozialistische Illusionen<\/a>\u00a0(18.3.2022)<\/li>\n<li>USA und D treiben Russland in die Arme von China (17.3.2022)<\/li>\n<li>USA: Deutschland niemals mit Russland\u00a0 (15.3.2022)<\/li>\n<li><\/li>\n<li><a href=\"https:\/\/www.freiburg-schwarzwald.de\/blog\/global\/globalisierung\/brics\/\">BRICS<\/a><\/li>\n<li><a href=\"https:\/\/www.freiburg-schwarzwald.de\/blog\/global\/china\/\">China<\/a><\/li>\n<li><a href=\"https:\/\/www.freiburg-schwarzwald.de\/blog\/business\/wirtschaft\/sanktionen\/\">Sanktionen<\/a><\/li>\n<li><a href=\"https:\/\/www.freiburg-schwarzwald.de\/blog\/global\/globalisierung\/sco\/\">SCO<\/a><\/li>\n<li><a href=\"https:\/\/www.freiburg-schwarzwald.de\/blog\/global\/usa\/us-geopolitik\/\">US-Geopolitik<\/a><\/li>\n<\/ul>\n<p>&nbsp;<\/p>\n<p>&nbsp;<\/p>\n<p><strong>USA und D treiben Russland in die Arme von China<\/strong><br \/>\nDie Welt wird beherrscht von drei M\u00e4chten: USA (gr\u00f6\u00dfte Milit\u00e4rmacht), China (gr\u00f6\u00dfte Wirtschaftsmacht) und Russland (gr\u00f6\u00dfte Energiemacht). Ein Trio birgt eine unangenehme Machsituation in sich. Konkurrenz und Hegemonialstreben versuchen, aus &#8222;Alle drei gegeneinander&#8220; ein Duopol &#8222;Zwei gegen einen&#8220; zu machen.<br \/>\nDie USA waren immer bestrebt, eine Verst\u00e4ndigung bzw. Kooperation von Deutschland und Russland zu verhindern. 1914-1918 (1.Weltkrieg), 1939-1945 (2. Weltkrieg) wie auch 2022 (Ukraine-Krieg). Mit dieser Politik haben es die USA nun geschafft, da\u00df Russland sich mit China verst\u00e4ndigt. Aus dem Trio USA &#8211; Russland &#8211; China ist ein Duo USA &#8211; China\/Russland geworden.<br \/>\nIn den USA mehren sich die Stimmen, die eine Abkehr der russlandfeindlichen Aussenpoltik fordern: Angesichts der realen Gefahr, China k\u00f6nne in Zukunft auch auf dem milit\u00e4rischen Sektor die USA \u00fcberholen, m\u00fcsse man das weltmachtpolitische Duopol &#8222;USA &#8211; China\/Russland&#8220; \u00e4ndern in &#8222;USA\/Russland &#8211; China&#8220;. F\u00fcr Deutschland bedeutet dies, da\u00df eine Verst\u00e4ndigung und wirtschaftliche Kooperation von Berlin mit Moskau nicht mehr von Washington behindert w\u00fcrde.<br \/>\n\u00dcber all dem schwebt die <a href=\"https:\/\/www.freiburg-schwarzwald.de\/blog\/global\/china\/seidenstrasse\/\">Seidenstrasse<\/a>, das derzeit weltweit mit Abstand gr\u00f6\u00dfte Infrastrukturprojekt, das Asien mit Europa n\u00e4herbringen wird.<br \/>\n.<br \/>\nDerweil taumelt die deutsche Hau-Ruck-Politik von aussenpolitischen Diktaten wie &#8222;Die Demokratie am Hindukusch verteidigen&#8220; und &#8222;Refugees welcome&#8220; \u00fcber innenpolitische Volksbeschimpfungen wie Dunkeldeutschland, Nazi, Klimaleugner und Covidioten zum Russenhass, der aktuell angesagten guten Haltung.<br \/>\n17.3.2022<br \/>\n.<\/p>\n<p><strong>USA versus China + Russland<\/strong><br \/>\n\u201eEs gibt keinen Grund zu bef\u00fcrchten, da\u00df Ru\u00dfland eine regionale Hegemonie in Europa anstrebt. Ru\u00dfland stellt keine ernsthafte Bedrohung f\u00fcr die Vereinigten Staaten dar. Wir sehen uns jedoch einer ernsthaften Bedrohung im internationalen System gegen\u00fcber. Wir haben es mit einem klaren Konkurrenten zu tun. Und das ist China.<br \/>\n&#8230;<br \/>\nWenn man in einer Welt lebt, in der es drei Gro\u00dfm\u00e4chte gibt \u2013 China, Ru\u00dfland und die Vereinigten Staaten \u2013 und eine dieser Gro\u00dfm\u00e4chte, China, ein wirklicher Konkurrent ist, dann m\u00f6chte man als Vereinigte Staaten Ru\u00dfland auf seiner Seite haben. Statt dessen haben wir mit unserer t\u00f6richten Politik in Osteuropa die Russen in die Arme der Chinesen getrieben. Das ist ein Versto\u00df gegen das Einmaleins der Politik des Gleichgewichts der Kr\u00e4fte.\u201c<br \/>\nJohn J. Mearsheimer, Politikwissenschaftler an der University of Chicago, im US-Magazin \u201eNew Yorker\u201c vom 2. M\u00e4rz 2022<\/p>\n<p>&nbsp;<\/p>\n<p><strong>USA: Deutschland niemals mit Russland\u00a0<\/strong><br \/>\nDie Politik der USA war es immer, zu verhindern, dass Deutschland und Russland enger zusammenarbeiten<br \/>\nSeit dem Zweiten Weltkrieg war es immer die Politik der USA, zu verhindern, dass Deutschland und Russland bzw. die UdSSR enger zusammenarbeiten. Das, obwohl die Deutschen eine historische Angst vor den Russen haben. Aber das sind die beiden gr\u00f6ssten M\u00e4chte Europas. Historisch gesehen gab es immer wirtschaftliche Beziehungen zwischen Deutschland und Russland. Das haben die USA immer versucht zu verhindern. Man darf nicht vergessen, dass in einem Nuklear-Krieg Europa das Schlachtfeld w\u00e4re. Das heisst, dass in so einem Fall die Interessen Europas und der Vereinigten Staaten nicht unbedingt dieselben w\u00e4ren. Das erkl\u00e4rt, warum in den 1980er Jahren die Sowjetunion pazifistische Bewegungen in Deutschland unterst\u00fctzt hat. Eine engere Beziehung zwischen Deutschland und Russland w\u00fcrde die amerikanische Nuklearstrategie nutzlos machen.<br \/>\n&#8230;. Alles vom 15.3.2022 von Jacques Baud bitte lesen auf<br \/>\n<a href=\"https:\/\/zeitgeschehen-im-fokus.ch\/de\/newspaper-ausgabe\/nr-4-vom-15-maerz-2022.html#article_1306\">https:\/\/zeitgeschehen-im-fokus.ch\/de\/newspaper-ausgabe\/nr-4-vom-15-maerz-2022.html#article_1306<\/a><\/p>\n","protected":false},"excerpt":{"rendered":"<p>Home\u00a0&gt;Global\u00a0 &gt;Russland\u00a0&gt;Ukraine &gt;China &gt;Russland-China &nbsp; BRICS-Staaten lehnen CO2-Politik total ab\u00a0(13.9.2023) Gipfeltreffen der Shanghai Cooperation Organisation (SCO): \u00bbFamilie\u00ab erweitert\u00a0(5.7.2023) Ukraine 24.2.2023: Diplomatie (24.2.2023) Geht das chinesische Wirtschaftswunder zu Ende? Xis Entscheidungen\u00a0(3.2.2023) Das falsche Narrativ des Westens \u00fcber Russland und China\u00a0(30.8.2022) BRICS &hellip; <a href=\"https:\/\/www.freiburg-schwarzwald.de\/blog\/global\/russland\/russland-china\/\">Weiterlesen <span class=\"meta-nav\">&rarr;<\/span><\/a><\/p>\n","protected":false},"author":2,"featured_media":0,"parent":43422,"menu_order":0,"comment_status":"closed","ping_status":"closed","template":"","meta":{"footnotes":""},"class_list":["post-99454","page","type-page","status-publish","hentry"],"_links":{"self":[{"href":"https:\/\/www.freiburg-schwarzwald.de\/blog\/wp-json\/wp\/v2\/pages\/99454","targetHints":{"allow":["GET"]}}],"collection":[{"href":"https:\/\/www.freiburg-schwarzwald.de\/blog\/wp-json\/wp\/v2\/pages"}],"about":[{"href":"https:\/\/www.freiburg-schwarzwald.de\/blog\/wp-json\/wp\/v2\/types\/page"}],"author":[{"embeddable":true,"href":"https:\/\/www.freiburg-schwarzwald.de\/blog\/wp-json\/wp\/v2\/users\/2"}],"replies":[{"embeddable":true,"href":"https:\/\/www.freiburg-schwarzwald.de\/blog\/wp-json\/wp\/v2\/comments?post=99454"}],"version-history":[{"count":6,"href":"https:\/\/www.freiburg-schwarzwald.de\/blog\/wp-json\/wp\/v2\/pages\/99454\/revisions"}],"predecessor-version":[{"id":115535,"href":"https:\/\/www.freiburg-schwarzwald.de\/blog\/wp-json\/wp\/v2\/pages\/99454\/revisions\/115535"}],"up":[{"embeddable":true,"href":"https:\/\/www.freiburg-schwarzwald.de\/blog\/wp-json\/wp\/v2\/pages\/43422"}],"wp:attachment":[{"href":"https:\/\/www.freiburg-schwarzwald.de\/blog\/wp-json\/wp\/v2\/media?parent=99454"}],"curies":[{"name":"wp","href":"https:\/\/api.w.org\/{rel}","templated":true}]}}