{"id":99413,"date":"2022-03-15T15:17:43","date_gmt":"2022-03-15T14:17:43","guid":{"rendered":"https:\/\/www.freiburg-schwarzwald.de\/blog\/?page_id=99413"},"modified":"2022-03-15T15:21:18","modified_gmt":"2022-03-15T14:21:18","slug":"seidenstrasse","status":"publish","type":"page","link":"https:\/\/www.freiburg-schwarzwald.de\/blog\/global\/china\/seidenstrasse\/","title":{"rendered":"Seidenstrasse"},"content":{"rendered":"<p>Home &gt;<a title=\"Global\" href=\"https:\/\/www.freiburg-schwarzwald.de\/blog\/global\/\">Global<\/a>\u00a0&gt;<a href=\"https:\/\/www.freiburg-schwarzwald.de\/blog\/global\/china\/\">China<\/a> &gt;<a href=\"https:\/\/www.freiburg-schwarzwald.de\/blog\/global\/china\/china-geteilt\/\">China-geteilt<\/a> &gt;Seidenstrasse<\/p>\n<div id=\"attachment_96332\" style=\"width: 649px\" class=\"wp-caption alignnone\"><a href=\"https:\/\/www.freiburg-schwarzwald.de\/blog\/wp-content\/uploads\/2021\/11\/schauinsland-muenstertal-stohren-nebel21nov11pan.jpg\"><img loading=\"lazy\" decoding=\"async\" aria-describedby=\"caption-attachment-96332\" class=\"size-full wp-image-96332\" src=\"https:\/\/www.freiburg-schwarzwald.de\/blog\/wp-content\/uploads\/2021\/11\/schauinsland-muenstertal-stohren-nebel21nov11pan.jpg\" alt=\"\" width=\"639\" height=\"284\" srcset=\"https:\/\/www.freiburg-schwarzwald.de\/blog\/wp-content\/uploads\/2021\/11\/schauinsland-muenstertal-stohren-nebel21nov11pan.jpg 639w, https:\/\/www.freiburg-schwarzwald.de\/blog\/wp-content\/uploads\/2021\/11\/schauinsland-muenstertal-stohren-nebel21nov11pan-180x80.jpg 180w\" sizes=\"auto, (max-width: 639px) 100vw, 639px\" \/><\/a><p id=\"caption-attachment-96332\" class=\"wp-caption-text\">Blick vom Schauinsland \u00fcber Stohren und M\u00fcnstertal ins neblige Rheintal 11\/2021<\/p><\/div>\n<p>&nbsp;<\/p>\n<ul>\n<li>Krieg in der Ukraine: Das Ende der Neuen Seidenstra\u00dfe? (3.3.2022)<\/li>\n<\/ul>\n<p><strong>Krieg in der Ukraine: Das Ende der Neuen Seidenstra\u00dfe?<\/strong><br \/>\nDie Neue Seidenstra\u00dfe \u2013 offiziell die Belt and Road Initiative (BRI) \u2013 ist das Prestigeprojekt des chinesischen Pr\u00e4sidenten Xi Jinping. Verkleidet als Infrastruktur- und Logistikprojekt ist sie der strategische Kern von Chinas Bestrebungen, sich aus der maritimen Umklammerung der USA zu befreien. Man kann davon ausgehen, dass aktuell bis zu 90 % des chinesischen Au\u00dfenhandels auf dem Seeweg abgewickelt werden. Die mit Abstand f\u00fchrende Seemacht sind die USA, die mit ihrer Marine und ihrem weltumspannenden Netz von Marinebasen und Allianzen (zuletzt AUKUS) die Machtmittel haben, im Falle eines Falles den chinesischen Au\u00dfenhandel zu blockieren. Trotz maritimer Aufr\u00fcstung in den vergangenen Jahren kann China dem nichts Ad\u00e4quates entgegensetzen. Deshalb zielt die Neue Seidenstra\u00dfe darauf ab, die eurasische Landmasse als chinesisches Hinterland dem Zugriff der USA zu entziehen und gleichzeitig Chinas Zugang zu den Absatzm\u00e4rkten der EU zu sichern.<br \/>\n&#8230;.<br \/>\nIn einem m\u00f6glichen Szenario w\u00e4re die Ukraine ganz oder teilweise in russischer Hand und h\u00e4tte ihre Existenz als unabh\u00e4ngiger, souver\u00e4ner Staat de facto verloren. Als russischer Vasallenstaat oder als geteilter Staat w\u00e4re die Ukraine Frontstaat in einem neuen kalten Krieg zwischen Russland und dem Westen. Dies w\u00e4re f\u00fcr China das Aus f\u00fcr die Neue Seidenstra\u00dfe als Logistikbr\u00fccke zur EU und auch das Ende f\u00fcr Chinas geopolitische Pl\u00e4ne, sich aus der maritimen Umklammerung der USA zu befreien.<\/p>\n<p>In einem alternativen Szenario bliebe die Ukraine nach dem Vorbild von Finnland, Schweden und \u00d6sterreich frei. Sie w\u00fcrde Mitglied der EU, nicht aber der NATO. Nur in diesem zweiten Fall best\u00fcnde f\u00fcr China die M\u00f6glichkeit, sein Seidenstra\u00dfenprojekt zu retten. Und tats\u00e4chlich k\u00f6nnte eine prosperierende Ukraine, die nach Westen und Osten offen ist, f\u00fcr China eine wichtige Rolle als Gateway zur EU einnehmen.<br \/>\nUnd genau das ist die Ironie von Chinas Politik in der Ukraine\u00adfrage: China muss erkennen, dass eine freie, demokratische und in die EU integrierte Ukraine die L\u00f6sung ist, die seinen wirtschaftlichen und geopolitischen Interessen am besten dient. Und Vladimir Putin k\u00f6nnte entdecken, dass China frei nach Lord Palmerston weder dauer\u00adhafte Freunde noch dauerhafte Feinde hat, sondern nur dauerhafte Interessen.<br \/>\n&#8230; Alles vom 3.3.2022 von Martin Klein, Martin-Luther-Universit\u00e4t Halle-Wittenberg bitte lesen in: 102. Jahrgang, 2022 \u00b7 Heft 3 \u00b7 S. 157 \u00b7 JEL: P20, O53<br \/>\n<a href=\"https:\/\/www.wirtschaftsdienst.eu\/inhalt\/jahr\/2022\/heft\/3\/beitrag\/krieg-in-der-ukraine-das-ende-der-neuen-seidenstrasse.html\">https:\/\/www.wirtschaftsdienst.eu\/inhalt\/jahr\/2022\/heft\/3\/beitrag\/krieg-in-der-ukraine-das-ende-der-neuen-seidenstrasse.html<\/a><\/p>\n<p>&nbsp;<\/p>\n","protected":false},"excerpt":{"rendered":"<p>Home &gt;Global\u00a0&gt;China &gt;China-geteilt &gt;Seidenstrasse &nbsp; Krieg in der Ukraine: Das Ende der Neuen Seidenstra\u00dfe? (3.3.2022) Krieg in der Ukraine: Das Ende der Neuen Seidenstra\u00dfe? Die Neue Seidenstra\u00dfe \u2013 offiziell die Belt and Road Initiative (BRI) \u2013 ist das Prestigeprojekt des &hellip; <a href=\"https:\/\/www.freiburg-schwarzwald.de\/blog\/global\/china\/seidenstrasse\/\">Weiterlesen <span class=\"meta-nav\">&rarr;<\/span><\/a><\/p>\n","protected":false},"author":2,"featured_media":0,"parent":36278,"menu_order":0,"comment_status":"closed","ping_status":"closed","template":"","meta":{"footnotes":""},"class_list":["post-99413","page","type-page","status-publish","hentry"],"_links":{"self":[{"href":"https:\/\/www.freiburg-schwarzwald.de\/blog\/wp-json\/wp\/v2\/pages\/99413","targetHints":{"allow":["GET"]}}],"collection":[{"href":"https:\/\/www.freiburg-schwarzwald.de\/blog\/wp-json\/wp\/v2\/pages"}],"about":[{"href":"https:\/\/www.freiburg-schwarzwald.de\/blog\/wp-json\/wp\/v2\/types\/page"}],"author":[{"embeddable":true,"href":"https:\/\/www.freiburg-schwarzwald.de\/blog\/wp-json\/wp\/v2\/users\/2"}],"replies":[{"embeddable":true,"href":"https:\/\/www.freiburg-schwarzwald.de\/blog\/wp-json\/wp\/v2\/comments?post=99413"}],"version-history":[{"count":3,"href":"https:\/\/www.freiburg-schwarzwald.de\/blog\/wp-json\/wp\/v2\/pages\/99413\/revisions"}],"predecessor-version":[{"id":99416,"href":"https:\/\/www.freiburg-schwarzwald.de\/blog\/wp-json\/wp\/v2\/pages\/99413\/revisions\/99416"}],"up":[{"embeddable":true,"href":"https:\/\/www.freiburg-schwarzwald.de\/blog\/wp-json\/wp\/v2\/pages\/36278"}],"wp:attachment":[{"href":"https:\/\/www.freiburg-schwarzwald.de\/blog\/wp-json\/wp\/v2\/media?parent=99413"}],"curies":[{"name":"wp","href":"https:\/\/api.w.org\/{rel}","templated":true}]}}