{"id":98887,"date":"2022-02-21T16:12:54","date_gmt":"2022-02-21T15:12:54","guid":{"rendered":"https:\/\/www.freiburg-schwarzwald.de\/blog\/?page_id=98887"},"modified":"2025-07-31T14:58:32","modified_gmt":"2025-07-31T12:58:32","slug":"intelligenz","status":"publish","type":"page","link":"https:\/\/www.freiburg-schwarzwald.de\/blog\/bildung\/begabung\/intelligenz\/","title":{"rendered":"Intelligenz"},"content":{"rendered":"<p><a href=\"https:\/\/www.freiburg-schwarzwald.de\/blog\">Home<\/a>\u00a0&gt;<a title=\"Engagement\" href=\"https:\/\/www.freiburg-schwarzwald.de\/blog\/engagement\/\">Engagement<\/a>\u00a0&gt;<a title=\"Zukunft\" href=\"https:\/\/www.freiburg-schwarzwald.de\/blog\/engagement\/zukunft\/\">Zukunft\u00a0<\/a>&gt;<a title=\"Bildung\" href=\"https:\/\/www.freiburg-schwarzwald.de\/blog\/bildung\/\">Bildung<\/a>\u00a0&gt;<a title=\"Dummheit\" href=\"https:\/\/www.freiburg-schwarzwald.de\/blog\/engagement\/zukunft\/dummheit\/\">Dummheit<\/a> &gt;<a href=\"https:\/\/www.freiburg-schwarzwald.de\/blog\/bildung\/begabung\/\">Begabung<\/a> &gt;Intelligenz<\/p>\n<div id=\"attachment_6648\" style=\"width: 649px\" class=\"wp-caption alignnone\"><a href=\"https:\/\/www.freiburg-schwarzwald.de\/blog\/wp-content\/uploads\/2012\/07\/baechle4zwei-pan110326.jpg\"><img loading=\"lazy\" decoding=\"async\" aria-describedby=\"caption-attachment-6648\" class=\"size-full wp-image-6648\" src=\"https:\/\/www.freiburg-schwarzwald.de\/blog\/wp-content\/uploads\/2012\/07\/baechle4zwei-pan110326.jpg\" alt=\"\" width=\"639\" height=\"340\" srcset=\"https:\/\/www.freiburg-schwarzwald.de\/blog\/wp-content\/uploads\/2012\/07\/baechle4zwei-pan110326.jpg 639w, https:\/\/www.freiburg-schwarzwald.de\/blog\/wp-content\/uploads\/2012\/07\/baechle4zwei-pan110326-180x95.jpg 180w\" sizes=\"auto, (max-width: 639px) 100vw, 639px\" \/><\/a><p id=\"caption-attachment-6648\" class=\"wp-caption-text\">Baechle in der Innenstadt von Freiburg am 26.3.2011<\/p><\/div>\n<p>&nbsp;<\/p>\n<ul>\n<li><em>Listenauswahl eines Beitrags: Bitte <span style=\"text-decoration: underline;\">anklicken<\/span> oder runterscrollen<\/em><\/li>\n<li><a href=\"https:\/\/www.freiburg-schwarzwald.de\/blog\/bildung\/wissenschaft\/informatik\/kuenstliche-intelligenz\/\">Macht ChatGPT dumm? Die langfristigen Denkverluste<\/a> (25.7.2025)<\/li>\n<li><a href=\"https:\/\/www.freiburg-schwarzwald.de\/blog\/bildung\/wissenschaft\/mathematik\/\">Mathematiker und Bildungskritiker unerw\u00fcnscht \u2013 Prof Bernhard Kr\u00f6tz<\/a>\u00a0(18.12.2024)<\/li>\n<li><a href=\"https:\/\/www.freiburg-schwarzwald.de\/blog\/global\/deutschland\/deutsche-geschichte\/\">Bernd Wagner: Die letzten Europ\u00e4er \u2013 Belle \u00c9poque bzw. Wilhelmismus 1871-2014<\/a>\u00a0(27.11.2024)<\/li>\n<li><a href=\"https:\/\/www.freiburg-schwarzwald.de\/blog\/global\/migration\/migration2021\/\">Neue Studie zur Intelligenz von Asylzuwanderern in Deutschland<\/a>\u00a0(22.11.2024)<\/li>\n<li><a href=\"https:\/\/www.freiburg-schwarzwald.de\/blog\/bildung\/hochschulen\/universitaet\/bildungskrieg\/\">Meyen: Wie ich meine Uni verlor: Drei\u00dfig Jahre Bildungskrieg<\/a>\u00a0(30.8.2023)<\/li>\n<li><a href=\"https:\/\/www.freiburg-schwarzwald.de\/blog\/ki-ai-will-never-rule-the-world\/\">KI: \u201eAI will never rule the world\u201c<\/a>\u00a0(15.1.2023)<\/li>\n<li><a href=\"https:\/\/www.freiburg-schwarzwald.de\/blog\/chatgpt-schreibt-deinen-text\/\">ChatGPT schreibt \u201edeinen\u201c Text<\/a>\u00a0(14.1.2023)<\/li>\n<li><a href=\"https:\/\/www.freiburg-schwarzwald.de\/blog\/bergab-grips-medien-politik\/\">Bergab: Grips, Medien, Politik<\/a> (4.7.2022)<\/li>\n<li>Volkmar Weiss: Die IQ-Falle &#8211; Intelligenz, Sozialstruktur (18.2.2022)<\/li>\n<\/ul>\n<ul>\n<li><a href=\"https:\/\/www.freiburg-schwarzwald.de\/blog\/global\/deutschland\/akademikerschwemme\/\">Akademikerschwemme<\/a><\/li>\n<li><a href=\"https:\/\/www.freiburg-schwarzwald.de\/blog\/bildung\/hochschulen\/universitaet\/bildungskrieg\/\">Bildungskrieg<\/a><\/li>\n<li><a href=\"https:\/\/www.freiburg-schwarzwald.de\/blog\/bildung\/bildungsprekariat\/\">Bildungsprekariat<\/a><\/li>\n<li><a href=\"https:\/\/www.freiburg-schwarzwald.de\/blog\/bildung\/schulen\/brennpunktschulen\/\">Brennpunktschulen<\/a><\/li>\n<li><a title=\"Dummheit\" href=\"https:\/\/www.freiburg-schwarzwald.de\/blog\/engagement\/zukunft\/dummheit\/\">Dummheit<\/a><\/li>\n<li><a href=\"https:\/\/www.freiburg-schwarzwald.de\/blog\/bildung\/duale-bildung\/erfahrung\/\">Erfahrung(-swissen)<\/a><\/li>\n<li><a href=\"https:\/\/www.freiburg-schwarzwald.de\/blog\/bildung\/heinsohn\/\">Heinsohn<\/a><\/li>\n<li><a href=\"https:\/\/www.freiburg-schwarzwald.de\/blog\/bildung\/duale-bildung\/ihk\/\">IHK<\/a><\/li>\n<li><a href=\"https:\/\/www.freiburg-schwarzwald.de\/blog\/global\/deutschland\/gesellschaft\/intellektuelle\/\">Intellektuelle<\/a><\/li>\n<li><a title=\"Jungen\" href=\"https:\/\/www.freiburg-schwarzwald.de\/blog\/selbsthilfe\/jugend\/jungen\/\">Jungen<\/a><\/li>\n<li><a title=\"Mathematik\" href=\"https:\/\/www.freiburg-schwarzwald.de\/blog\/bildung\/wissenschaft\/mathematik\/\">Mathematik<\/a><\/li>\n<li><a title=\"Politische-Bildung\" href=\"https:\/\/www.freiburg-schwarzwald.de\/blog\/bildung\/politische-bildung\/\">Politische Bildung (Lehrer)<\/a><\/li>\n<li><a title=\"Schulen-digital\" href=\"https:\/\/www.freiburg-schwarzwald.de\/blog\/bildung\/schulen\/schulen-digital\/\">Schulen-Digital<\/a><\/li>\n<li><a title=\"Schulfrieden\" href=\"https:\/\/www.freiburg-schwarzwald.de\/blog\/bildung\/schulen\/schulfrieden\/\">Schulfrieden<\/a><\/li>\n<li><a title=\"Verbl\u00f6dung\" href=\"https:\/\/www.freiburg-schwarzwald.de\/blog\/bildung\/verbloedung\/\">Verbl\u00f6dung<\/a><\/li>\n<li><a title=\"Vorschulen\" href=\"https:\/\/www.freiburg-schwarzwald.de\/blog\/bildung\/schulen\/vorschulen\/\">Vorschulen<\/a><\/li>\n<li><a href=\"https:\/\/www.freiburg-schwarzwald.de\/blog\/selbsthilfe\/soziales\/wohlstandsverlust\/\">Wohlstandsverlust<\/a><\/li>\n<\/ul>\n<p>Intelligenz = &#8222;das, was ein Intelligenztest misst&#8220;<br \/>\n=============================================================<\/p>\n<p>&nbsp;<\/p>\n<p><strong>Volkmar Weiss: Die IQ-Falle &#8211; Intelligenz, Sozialstruktur<\/strong><br \/>\n<strong>Den produktiven Sektor knebeln<\/strong><br \/>\n<strong>Bildungsbetrieb: Der Leipziger Bev\u00f6lkerungswissenschaftler Volkmar Weiss widmet sich seit Jahrzehnten der Intelligenzforschung<\/strong><br \/>\nvon Thorsten Hinz<\/p>\n<p>Die Annahme, da\u00df Deutschland ein reiches Land sei, hatte der Universalhistoriker Rolf Peter Sieferle als Selbstt\u00e4uschung zur\u00fcckgewiesen. Was es auszeichne, sei vielmehr seine Leistungsf\u00e4higkeit. Was bedeutet, da\u00df seine Ressourcen allein der Flei\u00df, der Erfindergeist, das Wissen, das Ausbildungsniveau, die berufliche Kompetenz, die Intelligenz seiner Menschen sind.<br \/>\nDiese Ressourcen aber werden seit Jahrzehnten systematisch verschleudert. Der durch die Corona-Ma\u00dfnahmen eingeschr\u00e4nkte Schul-, Hochschul- und Ausbildungsbetrieb hat den Intelligenzverlust weiter beschleunigt.<br \/>\nIn mehreren B\u00fcchern hat der Leipziger Bev\u00f6lkerungswissenschaftler Volkmar Weiss den Zusammenhang zwischen der menschlichen Intelligenz und den langfristigen Entwicklungen in Kultur und Gesellschaft untersucht. Der Verfasser des Standardwerks \u201eDie IQ-Falle. Intelligenz, Sozialstruktur und Politik\u201c (Leopold Stocker Verlag, Graz 2000) war ein ma\u00dfgeblicher Ideengeber f\u00fcr Thilo Sarrazins \u201eDeutschland schafft sich ab\u201c.<br \/>\nIm Nachgang zu Sarrazins Bestseller hat Weiss 2012 unter dem Titel \u201eDie Intelligenz und ihre Feinde\u201c eine aktualisierte Fassung ver\u00f6ffentlicht und 2017 eine nochmals auf den neuesten Stand gebrachte Kurzfassung \u2013 \u201eDas IQ-Gen\u201c (beide im Ares Verlag, Graz) \u2013 herausgebracht, die er 2020 unter dem Titel \u201eIQ Means Inequality\u201c bei Amazon Kindle Direct auch in englischer \u00dcbersetzung ver\u00f6ffentlichte.<\/p>\n<p>Alle vier Titel enthalten in je einem Abschnitt Zahlen zur Bildungs- und Sozialstatistik der muslimischen Einwanderer in Deutschland. Die PDF-Datei von \u201eIQ Means Inequality\u201c wurde auch auf das Wissenschaftsportal Researchgate hochgeladen und dort innerhalb weniger Monate rund 1.500mal gelesen und hunderte Male geb\u00fchrenfrei heruntergeladen. Im M\u00e4rz 2021 l\u00f6schte jedoch Researchgate den Text mit der Begr\u00fcndung, \u201eda\u00df dieser eine Reihe von Aussagen enth\u00e4lt, die suggerieren, da\u00df t\u00fcrkische und muslimische Migranten in irgendeiner Weise \u2018weniger als\u2019 oder minderwertiger als deutsche Staatsb\u00fcrger sind. Diese Art von \u00c4u\u00dferungen stellen Ha\u00dfreden und\/oder herabsetzende Inhalte dar, die beide durch unsere Nutzungsbedingungen &#8230;. verboten sind. Solche Inhalte k\u00f6nnen auch gegen das deutsche Strafgesetzbuch versto\u00dfen.\u201c<\/p>\n<p>Was hier als \u201eHa\u00dfrede\u201c abqualifiziert wird, ist die anhand valider Forschungsergebnisse getroffene Feststellung, da\u00df in allen betroffenen L\u00e4ndern bei muslimischen Einwanderern eine unterdurchschnittliche Integration in den Arbeitsmarkt und Bildungsbeteiligung, andererseits eine \u00fcberdurchschnittliche Abh\u00e4ngigkeit von Sozialtransfers und Fertilit\u00e4t vorliegt. So sei der Hartz-IV-Anteil unter T\u00fcrken in der Bundesrepublik proportional 4,4mal so hoch wie unter ethnischen Deutschen. Weiss konstatiert, da\u00df der mittlere IQ t\u00fcrkischer Sch\u00fcler in Deutschland um 18 Punkte niedriger liegt als der IQ der deutschen Sch\u00fcler und in der zweiten Einwanderergeneration sogar gefallen ist.<br \/>\nZweifellos weht der irrationale Wind, der Researchgate unter Druck setzt, wieder aus der Ecke, aus der die t\u00fcrkische Zeitung H\u00fcrriyet bereits 2005 aktiv war. Damals hatte Weiss erstmals etwas \u00fcber die zahlenm\u00e4\u00dfige \u00dcbereinstimmung der<br \/>\nPISA-Ergebnisse mit IQ-Tests ver\u00f6ffentlicht, worauf H\u00fcrriyet gegen ihn in ihren europaweiten Ausgaben eine Kampagne entfachte. Weiss war damals Abteilungsleiter in einer Beh\u00f6rde des S\u00e4chsischen Staatsministeriums des Innern, das sich davon nicht beeindrucken lie\u00df. Zudem boten liberale t\u00fcrkische Journalisten ihm Hilfe an und wiesen in Gegen-ver\u00f6ffentlichungen darauf hin, da\u00df es sich bei den von ihm verwendeten Zahlen um die offiziellen t\u00fcrkischen Regierungsstatistiken handele.<br \/>\nHeute fragt der Autor in einer Presseerkl\u00e4rung: \u201eSollte es 2021 tats\u00e4chlich nicht mehr m\u00f6glich sein, Sozial- und Bildungsstatistiken \u00fcber T\u00fcrken und die T\u00fcrkei auf einer internationalen Wissenschaftsplattform mit Sitz in Deutschland zu ver\u00f6ffentlichen (&#8230;)? Weil man die dazu notwendigen Zahlen und Argumente gar nicht mehr zitieren darf?\u201c<\/p>\n<p>So ist es wohl. Dies entspricht auch der Politik der offenen Grenzen, die die Bundesregierung betreibt. Das angeblich hohe Bildungsniveau syrischer Ingenieure, das deutsche Medien 2015 behaupteten, liegt \u00fcberwiegend \u201eauf Realschulniveau\u201c. Laut dem von Weiss zitierten Psychologen Heiner Rindermann erreichten 65 Prozent der syrischen Sch\u00fcler nicht, was die OECD als \u201eGrundkompetenz\u201c definiert. Zwei Drittel k\u00f6nnen nur sehr eingeschr\u00e4nkt lesen und schreiben und blo\u00df einfachste Rechenaufgaben l\u00f6sen.<\/p>\n<p>Den offiziellen Statistiken l\u00e4\u00dft sich indes eine Gegentendenz entnehmen: Heute gibt es fast drei Millionen Studenten gegen\u00fcber 1,3 Millionen Auszubildenden. Ein Mi\u00dfverh\u00e4ltnis, das weniger auf der wachsenden Zahl der Hochintelligenten als vielmehr auf der Absenkung der Leistungsanforderungen beruht.<br \/>\nAuff\u00e4llig ist das Anwachsen der Studienzahlen in F\u00e4chern wie Psychologie (mehr als 100.000 Studenten), Politologie (33.000), Soziologie (20.000) und Sozialwissenschaft (23.000).<br \/>\nWeiss hatte bereits vor 20 Jahren festgestellt, da\u00df zwar viele Sozialwissenschaftler mit statistischen Methoden arbeiten, zu deren Beherrschung ein f\u00fcr Hochintelligenzberufe typischer Intelligenzgrad erforderlich sei, aber aus dem Niveau, auf dem sich viele sozialwissenschaftliche Diskussionen abspielten, lie\u00dfe sich schlie\u00dfen, \u201eda\u00df der Durchschnitts-IQ bei Absolventen der Sozialwissenschaften eine G\u00fcteklasse (d.h. eine Standardabweichung) niedriger lag als der mittlere IQ von Mathematikern, Physikern, Diplomingenieuren und Biochemikern (\u2026).\u201c An denen wiederum besteht ein gro\u00dfer Mangel. Gleiches gilt f\u00fcr Handwerker und Facharbeiter. Die offiziellen Zahlen sind Augenwischerei.<\/p>\n<p>Weiss sieht in der Vermehrung eines zur Wertsch\u00f6pfung ungeeigneten Akademiker-Proletariats eine Gefahr f\u00fcr Staat und Gesellschaft. Denn um der Arbeitslosigkeit zu entgehen, m\u00fc\u00dften diese Intellektuellen \u201esich immer neue gesellschaftliche Aufgaben ausdenken, mit denen sie den produktiven Sektor knebeln und Mittel entziehen\u201c. Aufgrund gesellschaftspolitischer Entwicklungen haben sie damit Erfolg. Gender- und Diversity-Spezialisten, Experten f\u00fcr Rechtsextremismus, Rassismus-Bek\u00e4mpfung und Antidiskriminierung haben l\u00e4ngst nicht mehr nur in semistaatlichen Einrichtungen Fu\u00df gefa\u00dft. Sie sitzen \u2013 mit oder ohne Abschlu\u00df \u2013 wohlversorgt in h\u00f6chsten Parteigremien, Parlamenten, im Staatsdienst. Es handele sich, so Weiss, um Chiffren des \u201eRegulationskreislaufs, des Umschaltens der Evolution auf negative Selektion, der die demokratischen Systeme der Industriestaaten in den Niedergang treibt\u201c.<br \/>\n&#8230; Alles vom 18.2.2022 bitte lesen in der JF 8\/22, Seite 16<br \/>\n.<\/p>\n<p><em>Volkmar Weiss\u2019 lange vergriffenes Buch \u201eDie IQ-Falle. Intelligenz, Sozialstruktur und Politik \u201c liegt nun im Ares Verlag, Graz, in einer Neuauflage (332 Seiten, Abb., geb., 29,90 Euro) vor, vom Autor erg\u00e4nzt um einen R\u00fcckblick auf sein Werk.<\/em><br \/>\n<em><a href=\"https:\/\/www.ares-verlag.com\">https:\/\/www.ares-verlag.com<\/a><\/em><br \/>\n<em><a href=\"https:\/\/www.v-weiss.de\/\">https:\/\/www.v-weiss.de\/<\/a><\/em><\/p>\n<p>&nbsp;<\/p>\n","protected":false},"excerpt":{"rendered":"<p>Home\u00a0&gt;Engagement\u00a0&gt;Zukunft\u00a0&gt;Bildung\u00a0&gt;Dummheit &gt;Begabung &gt;Intelligenz &nbsp; Listenauswahl eines Beitrags: Bitte anklicken oder runterscrollen Macht ChatGPT dumm? Die langfristigen Denkverluste (25.7.2025) Mathematiker und Bildungskritiker unerw\u00fcnscht \u2013 Prof Bernhard Kr\u00f6tz\u00a0(18.12.2024) Bernd Wagner: Die letzten Europ\u00e4er \u2013 Belle \u00c9poque bzw. Wilhelmismus 1871-2014\u00a0(27.11.2024) Neue Studie zur &hellip; <a href=\"https:\/\/www.freiburg-schwarzwald.de\/blog\/bildung\/begabung\/intelligenz\/\">Weiterlesen <span class=\"meta-nav\">&rarr;<\/span><\/a><\/p>\n","protected":false},"author":2,"featured_media":0,"parent":45335,"menu_order":0,"comment_status":"closed","ping_status":"closed","template":"","meta":{"footnotes":""},"class_list":["post-98887","page","type-page","status-publish","hentry"],"_links":{"self":[{"href":"https:\/\/www.freiburg-schwarzwald.de\/blog\/wp-json\/wp\/v2\/pages\/98887","targetHints":{"allow":["GET"]}}],"collection":[{"href":"https:\/\/www.freiburg-schwarzwald.de\/blog\/wp-json\/wp\/v2\/pages"}],"about":[{"href":"https:\/\/www.freiburg-schwarzwald.de\/blog\/wp-json\/wp\/v2\/types\/page"}],"author":[{"embeddable":true,"href":"https:\/\/www.freiburg-schwarzwald.de\/blog\/wp-json\/wp\/v2\/users\/2"}],"replies":[{"embeddable":true,"href":"https:\/\/www.freiburg-schwarzwald.de\/blog\/wp-json\/wp\/v2\/comments?post=98887"}],"version-history":[{"count":6,"href":"https:\/\/www.freiburg-schwarzwald.de\/blog\/wp-json\/wp\/v2\/pages\/98887\/revisions"}],"predecessor-version":[{"id":137213,"href":"https:\/\/www.freiburg-schwarzwald.de\/blog\/wp-json\/wp\/v2\/pages\/98887\/revisions\/137213"}],"up":[{"embeddable":true,"href":"https:\/\/www.freiburg-schwarzwald.de\/blog\/wp-json\/wp\/v2\/pages\/45335"}],"wp:attachment":[{"href":"https:\/\/www.freiburg-schwarzwald.de\/blog\/wp-json\/wp\/v2\/media?parent=98887"}],"curies":[{"name":"wp","href":"https:\/\/api.w.org\/{rel}","templated":true}]}}