{"id":98849,"date":"2022-02-21T14:41:22","date_gmt":"2022-02-21T13:41:22","guid":{"rendered":"https:\/\/www.freiburg-schwarzwald.de\/blog\/?page_id=98849"},"modified":"2026-02-21T17:25:25","modified_gmt":"2026-02-21T16:25:25","slug":"vierte-gewalt","status":"publish","type":"page","link":"https:\/\/www.freiburg-schwarzwald.de\/blog\/kultur\/medien\/vierte-gewalt\/","title":{"rendered":"Vierte-Gewalt"},"content":{"rendered":"<p><a href=\"https:\/\/www.freiburg-schwarzwald.de\/blog\">Home<\/a>\u00a0&gt;<a title=\"Kultur\" href=\"https:\/\/www.freiburg-schwarzwald.de\/blog\/kultur\/\">Kultur<\/a>\u00a0&gt;<a title=\"Medien\" href=\"https:\/\/www.freiburg-schwarzwald.de\/blog\/kultur\/medien\/\">Medien<\/a>\u00a0&gt;<a title=\"Zeitung\" href=\"https:\/\/www.freiburg-schwarzwald.de\/blog\/kultur\/medien\/zeitung\/\">Zeitung<\/a> &gt;<a href=\"https:\/\/www.freiburg-schwarzwald.de\/blog\/kultur\/medien\/mediendemokratie\/\">Mediendemokratie<\/a>\u00a0 &gt;Vierte-Gewalt<\/p>\n<div id=\"attachment_98350\" style=\"width: 650px\" class=\"wp-caption alignnone\"><a href=\"https:\/\/www.freiburg-schwarzwald.de\/blog\/wp-content\/uploads\/2022\/02\/demoFreiburg1pan20220205.jpg\"><img loading=\"lazy\" decoding=\"async\" aria-describedby=\"caption-attachment-98350\" class=\"size-full wp-image-98350\" src=\"https:\/\/www.freiburg-schwarzwald.de\/blog\/wp-content\/uploads\/2022\/02\/demoFreiburg1pan20220205.jpg\" alt=\"\" width=\"640\" height=\"318\" srcset=\"https:\/\/www.freiburg-schwarzwald.de\/blog\/wp-content\/uploads\/2022\/02\/demoFreiburg1pan20220205.jpg 640w, https:\/\/www.freiburg-schwarzwald.de\/blog\/wp-content\/uploads\/2022\/02\/demoFreiburg1pan20220205-180x89.jpg 180w\" sizes=\"auto, (max-width: 640px) 100vw, 640px\" \/><\/a><p id=\"caption-attachment-98350\" class=\"wp-caption-text\">Demo 5.2.2022 in Freiburg weicht einer Antifa-Blockade \u00fcber den Gehweg aus<\/p><\/div>\n<ul>\n<li><em>Listenauswahl eines Beitrags (Artikel\/Datum, Seite\/Inhalt):\u00a0<span style=\"text-decoration: underline;\">Klicken<\/span>\u00a0oder scrollen<\/em><\/li>\n<li><a href=\"https:\/\/www.freiburg-schwarzwald.de\/blog\/kultur\/theater\/prozess-gegen-deutschland\/\">D\u00e4ubler-Gmelin r\u00fcgt Khan, da Heinecke zu Khan \u201eBullshit\u201c sagt<\/a>\u00a0(21.2.2026)<\/li>\n<li><a href=\"https:\/\/www.freiburg-schwarzwald.de\/blog\/kultur\/medien\/zensur\/zensur-gegen-medien\/\">Wegen Zensur-Forderung: Anwalt Steinh\u00f6fel k\u00fcndigt Klage gegen Ministerpr\u00e4sident G\u00fcnther an<\/a>\u00a0(9.1.2026)<\/li>\n<li><a href=\"https:\/\/www.freiburg-schwarzwald.de\/blog\/sich-informieren-macht-freude\/\">Sich informieren macht Freude<\/a>\u00a0(23.6.2025)<\/li>\n<li><a href=\"https:\/\/www.freiburg-schwarzwald.de\/blog\/grenz-regierung-oder-gericht\/\">Grenze: Regierung oder Gericht<\/a>\u00a0(4..6.2025)<\/li>\n<li><a href=\"https:\/\/www.freiburg-schwarzwald.de\/blog\/bfv-setzt-afd-hochstufung-aus\/\">BfV setzt AfD-Hochstufung aus<\/a>\u00a0(8.5.2025)<\/li>\n<li>Medien verantwortlich f\u00fcr fehlende Diskussionskultur (28.1.2025)<\/li>\n<li><a href=\"https:\/\/www.freiburg-schwarzwald.de\/blog\/kultur\/medien\/film\/\">Imad Karim: \u201ePl\u00f6tzlich Staatsfeind\u201c<\/a>\u00a0(25.11.2024)<\/li>\n<li><a href=\"https:\/\/www.freiburg-schwarzwald.de\/blog\/gewalt-buerger-desinformiert\/\">Gewalt: B\u00fcrger desinformiert<\/a>\u00a0(21.5.2024)<\/li>\n<li><a href=\"https:\/\/www.freiburg-schwarzwald.de\/blog\/manifest-meinungsvielfalt-jetzt\/\">\u00d6RR-Manifest Meinungsvielfalt.jetzt<\/a>\u00a0(4.4.2024)<\/li>\n<li>Michael Meyen: Das Verschwinden der 4. Gewalt (16.2.2024)<\/li>\n<li><a href=\"https:\/\/www.freiburg-schwarzwald.de\/blog\/kultur\/medien\/oerr\/\">Endlich amtlich: Studie best\u00e4tigt Links-Drall von ARD und ZDF<\/a>\u00a0(7.2.2024)<\/li>\n<li><a href=\"https:\/\/www.freiburg-schwarzwald.de\/blog\/kultur\/medien\/journalismus\/recherche\/\">Das \u201eGeheimtreffen\u201c: Vom Journalismus und seinen ethischen Grunds\u00e4tzen<\/a>\u00a0(7.2.2024)<\/li>\n<li><a href=\"https:\/\/www.freiburg-schwarzwald.de\/blog\/die-nazi-keule-wirkt-nicht-mehr\/\">Die Nazi-Keule wirkt nicht mehr<\/a>\u00a0(11.1.2024)<\/li>\n<li><a href=\"https:\/\/www.freiburg-schwarzwald.de\/blog\/kultur\/medien\/journalismus\/journalismus-wende\/\">Danisch: Von der so \u00fcberaus langen, langen Leitung der Journalisten<\/a>\u00a0(8.12.2023)<\/li>\n<li><a href=\"https:\/\/www.freiburg-schwarzwald.de\/blog\/buerger-audiatur-et-altera-pars\/\">B\u00fcrger: Audiatur et altera pars<\/a>\u00a0(28.9.2023)<\/li>\n<li><a href=\"https:\/\/www.freiburg-schwarzwald.de\/blog\/kultur\/medien\/journalismus\/erziehungsjournalismus\/\">Zum Empfehlungsjournalismus: Offener Brief an wohlmeinende Co-Trainer der AfD<\/a>\u00a0(25.7.2023)<\/li>\n<li>Journalisten sind geistigen Antagonisten der Politiker (21.5.2023)<\/li>\n<li><a href=\"https:\/\/www.freiburg-schwarzwald.de\/blog\/boese-demo-gute-gegendemo\/\">B\u00f6se Demo \u2013 Gute Gegendemo<\/a>\u00a0(10.4.2023)<\/li>\n<li><a href=\"https:\/\/www.freiburg-schwarzwald.de\/blog\/kultur\/medien\/medienvielfalt\/\">\u201eHingerotztes Gelaber\u201c: Schulsenator Rabe (SPD) mit Corona-Kritik an Medien<\/a> (3.4.2023)<\/li>\n<li>Fl\u00fcchtlingskrise und Pandemie: Der Herdentrieb der Medien schadet ihrer Glaubw\u00fcrdigkeit (31.3.2023)<\/li>\n<li><a href=\"https:\/\/www.freiburg-schwarzwald.de\/blog\/regierung-bezahlt-journalisten\/\">Regierung bezahlt Journalisten<\/a>\u00a0(12.3.2023)<\/li>\n<li><a href=\"https:\/\/www.freiburg-schwarzwald.de\/blog\/kultur\/medien\/journalismus\/haltungsjournalismus\/\">Michael Meyen: Gekaufter Journalismus \u2013 Die Propaganda Matrix<\/a>\u00a0(26.2.2023)<\/li>\n<li><a href=\"https:\/\/www.freiburg-schwarzwald.de\/blog\/global\/deutschland\/deutschland-usa\/\">Michael L\u00fcders: Die scheinheilige Supermacht<\/a> (5.2.2023)<\/li>\n<li><a href=\"https:\/\/www.freiburg-schwarzwald.de\/blog\/gewaltmonopol-und-integration\/\">Gewaltmonopol und Integration<\/a>\u00a0(9.1.2023)<\/li>\n<li><a href=\"https:\/\/www.freiburg-schwarzwald.de\/blog\/mutigmacher-org-oerr-reform\/\">Mutigmacher.org: \u00d6RR-Reform<\/a>\u00a0(6.10.2022)<\/li>\n<li><a href=\"https:\/\/www.freiburg-schwarzwald.de\/blog\/berlinwahl-285000-mal-irregulaer\/\">Berlinwahl 285.000 mal irregul\u00e4r<\/a>\u00a0(26.9.2022)<\/li>\n<li><a href=\"https:\/\/www.freiburg-schwarzwald.de\/blog\/bill-gates-regiert-in-berlin-mit\/\">Bill Gates regiert in Berlin mit<\/a>\u00a0(21.9.2022)<\/li>\n<li><a href=\"https:\/\/www.freiburg-schwarzwald.de\/blog\/ist-der-oerr-noch-reformierbar\/\">Ist der \u00d6RR noch reformierbar?<\/a>\u00a0(27.8.2022<\/li>\n<li><a href=\"https:\/\/www.freiburg-schwarzwald.de\/blog\/pleisweiler-gespraech-mit-guerot\/\">Pleisweiler Gespr\u00e4ch mit Ulrike Gu\u00e9rot<\/a>\u00a0(17.7.2022)<\/li>\n<li><a href=\"https:\/\/www.freiburg-schwarzwald.de\/blog\/leuchtturmard-mahnwache\/\">LeuchtturmARD Mahnwache am 14.7.2020 SWR<\/a>\u00a0(11.7.2022)<\/li>\n<li><a href=\"https:\/\/www.freiburg-schwarzwald.de\/blog\/kontrafunk-24-std-radio\/\">Kontrafunk: 24-Std-Radio<\/a>\u00a0(30.5.2022)<\/li>\n<li><a href=\"https:\/\/www.freiburg-schwarzwald.de\/blog\/kultur\/medien\/meinungsterror\/\">Meinungsvielfalt.jetzt: Journalisten der grossen Sender sind besch\u00e4mt<\/a>\u00a0(6.5.2022)<\/li>\n<li><a href=\"https:\/\/www.freiburg-schwarzwald.de\/blog\/kultur\/medien\/medien-politik\/\">Politik und Medien. Die Komplizen der emotionalen Erpressung<\/a>\u00a0(2.4.2022)<\/li>\n<li><a href=\"https:\/\/www.freiburg-schwarzwald.de\/blog\/den-zeitungen-geht-es-schlecht\/\">Den Zeitungen geht es schlecht<\/a>\u00a0(2.4.2022)<\/li>\n<li>Jugend-Publizistik-Workshop mit Achgut.com und Hayek-Gesellschaft (21.2.2022)<\/li>\n<li><a href=\"https:\/\/www.freiburg-schwarzwald.de\/blog\/engagement\/zukunft\/demokratie\/populismus\/populismus-keule\/\">SWR: Vorwurf des Populismus gegen das Portal Freiburg-Schwarzwald.de<\/a>\u00a0(1.10.2018)<\/li>\n<li><\/li>\n<li><a title=\"Berlin-Demo29-8-2020\" href=\"https:\/\/www.freiburg-schwarzwald.de\/blog\/engagement\/zukunft\/demokratie\/berlin-demo29-8-2020\/\">Berlin-Demo29-8-2020<\/a><\/li>\n<li><a title=\"Chemnitz-Messermord26-08-2018\" href=\"https:\/\/www.freiburg-schwarzwald.de\/blog\/engagement\/zukunft\/demokratie\/chemnitz-messermord26-08-2018\/\">Chemnitz-Messermord26-08-2018<\/a><\/li>\n<li><a title=\"Corona-Demo\" href=\"https:\/\/www.freiburg-schwarzwald.de\/blog\/business\/gesund\/corona-virus\/corona-demo\/\">Corona-Demo<\/a><\/li>\n<li><a title=\"Dagegen\" href=\"https:\/\/www.freiburg-schwarzwald.de\/blog\/engagement\/dagegen\/\">Dagegen \u2013 Dagegen-Sein<\/a><\/li>\n<li><a title=\"Demo\" href=\"https:\/\/www.freiburg-schwarzwald.de\/blog\/engagement\/buergerinitiativen\/demo\/\">Demonstration<\/a><\/li>\n<li><a title=\"Demonstrationsrecht\" href=\"https:\/\/www.freiburg-schwarzwald.de\/blog\/engagement\/buergerinitiativen\/demonstrationsrecht\/\">Demonstrationsrecht<\/a><\/li>\n<li><a href=\"https:\/\/www.freiburg-schwarzwald.de\/blog\/engagement\/buergerinitiativen\/demos-in-freiburg\/\">Demos-in-Freiburg<\/a><\/li>\n<li><a href=\"https:\/\/www.freiburg-schwarzwald.de\/blog\/kultur\/medien\/desinformation\/\">Desinformation<\/a><\/li>\n<li><a href=\"https:\/\/www.freiburg-schwarzwald.de\/blog\/kultur\/medien\/diskussionskultur\/\">Diskussionskultur<\/a><\/li>\n<li><a href=\"https:\/\/www.freiburg-schwarzwald.de\/blog\/global\/deutschland\/moral2015\/doppelmoral\/\">Doppelmoral<\/a><\/li>\n<li><a href=\"https:\/\/www.freiburg-schwarzwald.de\/blog\/kultur\/medien\/journalismus\/erziehungsjournalismus\/\">Erziehungsjournalismus<\/a><\/li>\n<li><a href=\"https:\/\/www.freiburg-schwarzwald.de\/blog\/kultur\/medien\/framing\/\">Framing<\/a><\/li>\n<li><a title=\"Gelbwesten\" href=\"https:\/\/www.freiburg-schwarzwald.de\/blog\/global\/eu\/gelbwesten\/\">Gelbwesten<\/a><\/li>\n<li><a href=\"https:\/\/www.freiburg-schwarzwald.de\/blog\/kultur\/medien\/gez-medien\/\">GEZ-Medien<\/a><\/li>\n<li><a href=\"https:\/\/www.freiburg-schwarzwald.de\/blog\/engagement\/buergerinitiativen\/grundrechte-demo\/\">Grundrechte-Demo<\/a><\/li>\n<li><a href=\"https:\/\/www.freiburg-schwarzwald.de\/blog\/kultur\/medien\/journalismus\/haltungsjournalismus\/\">Haltungsjournalismus<\/a><\/li>\n<li><a href=\"https:\/\/www.freiburg-schwarzwald.de\/blog\/kultur\/medien\/journalismus\/journalismus-wende\/\">Journalismus-Wende<\/a><\/li>\n<li><a title=\"Kampf-gegen-Rechts\" href=\"https:\/\/www.freiburg-schwarzwald.de\/blog\/kultur\/medien\/kampf-gegen-rechts\/\">Kampf-gegen-Rechts<\/a><\/li>\n<li><a href=\"https:\/\/www.freiburg-schwarzwald.de\/blog\/kultur\/medien\/medienleute\/\">Medienleute<\/a><\/li>\n<li><a href=\"https:\/\/www.freiburg-schwarzwald.de\/blog\/kultur\/medien\/mediendemokratie\/\">Mediendemokratie<\/a><\/li>\n<li><a href=\"https:\/\/www.freiburg-schwarzwald.de\/blog\/kultur\/medien\/medien-unabhaengigkeit\/\">Medien-Unabhaengigkeit<\/a><\/li>\n<li><a href=\"https:\/\/www.freiburg-schwarzwald.de\/blog\/kultur\/medien\/medien-politik\/\">Medien-Politik<\/a><\/li>\n<li><a href=\"https:\/\/www.freiburg-schwarzwald.de\/blog\/kultur\/medien\/meinungsfreiheit\/\">Meinungsfreiheit<\/a><\/li>\n<li><a href=\"https:\/\/www.freiburg-schwarzwald.de\/blog\/kultur\/medien\/oerr\/\">\u00d6RR<\/a><\/li>\n<li><a title=\"Polizei\" href=\"https:\/\/www.freiburg-schwarzwald.de\/blog\/selbsthilfe\/soziales\/justiz\/polizei\/\">Polizei<\/a><\/li>\n<li><a href=\"https:\/\/www.freiburg-schwarzwald.de\/blog\/engagement\/buergerinitiativen\/protest\/\">Protest<\/a><\/li>\n<li><a href=\"https:\/\/www.freiburg-schwarzwald.de\/blog\/kultur\/medien\/journalismus\/recherche\/\">Recherche<\/a><\/li>\n<li><a href=\"https:\/\/www.freiburg-schwarzwald.de\/blog\/engagement\/buergerinitiativen\/spaziergaenge\/\">Spazierg\u00e4nge<\/a><\/li>\n<li><a title=\"Strassenschlacht\" href=\"https:\/\/www.freiburg-schwarzwald.de\/blog\/selbsthilfe\/krise\/gewalt\/strassenschlacht\/\">Strassenschlacht<\/a>\u00a0\u2013 wie in Stuttgart und Frankfurt<\/li>\n<li><a href=\"https:\/\/www.freiburg-schwarzwald.de\/blog\/kultur\/medien\/wdr\/\">WDR<\/a><\/li>\n<li><a href=\"https:\/\/www.freiburg-schwarzwald.de\/blog\/kultur\/medien\/zensur\/zensur-gegen-medien\/\">Zensur-gegen-Medien<\/a><\/li>\n<li><a title=\"Zivilcourage\" href=\"https:\/\/www.freiburg-schwarzwald.de\/blog\/engagement\/zivilcourage\/\">Zivilcourage<\/a><\/li>\n<\/ul>\n<p><em>Fr\u00fcher:<\/em> Medien als Vierte Gewalt nach Legislative, Judikative und Exekutive, um die anderen drei Gewalten zu kontrollieren.<br \/>\n<em>Heute:<\/em> Medien als Erste Gewalt bestimmen die Politik.<br \/>\n.<br \/>\n<strong>Gro\u00dfe Teile der\u00a0<a href=\"https:\/\/www.freiburg-schwarzwald.de\/blog\/kultur\/medien\/vierte-gewalt\/\">4. Gewalt<\/a>\u00a0(Medien) geh\u00f6rt einer Partei (<a href=\"https:\/\/www.freiburg-schwarzwald.de\/blog\/vereine\/partei\/spd\/\">SPD<\/a>).<\/strong><br \/>\nEinfach mal \u201eMedienbeteiligung SPD\u201c googlen.<\/p>\n<p><strong>\u201eEs ist nicht die Aufgabe von Journalismus,<br \/>\n\u00fcber die Themen zu informieren, die die Leute wissen wollen.<br \/>\nSondern \u00fcber das, was sie wissen sollen.\u201c<br \/>\n<\/strong>Tilo Jung, Journalist<br \/>\n====================================================<\/p>\n<p>&nbsp;<\/p>\n<p><strong>Medien verantwortlich f\u00fcr fehlende Diskussionskultur<\/strong><br \/>\nDen entscheidenden Anteil am Fehlen einer Diskussionskultur tragen die Mainstreammedien (private wie \u00d6RR), die ihrer Aufgabe als Vierter Gewalt der Demokratie &#8211; also als Kontrolleure und Unterst\u00fctzer der jeweiligen Opposition &#8211; nicht mehr nachkommen und zu willf\u00e4hrigen Claqueueren verkommen sind.<\/p>\n<p>SZ, Zeit, Spiegel, taz, FAZ, Welt und wie sie alle hei\u00dfen m\u00fcssten Plattformen sein f\u00fcr Debatte, demokratischem Streit, Pro&amp;Contra, Polemik und beissende Kritik &#8211; Fehlanzeige. Stattdessen findet sich \u00fcberall mehr oder weniger offene Propaganda von links-woker Regierungsmeinung. Und die CDU als geheuchelte Schein-Opposition huldigt immer noch dem Trick von Angela Merkel: Sich medienwirksam als Partei der politischen Mitte darstellen, dabei aber gleichzeitig die grundlegenden Punkte der politischen Linken \u00fcbernehmen.<br \/>\n28.1.2025<\/p>\n<p>&nbsp;<\/p>\n<p><strong>Michael Meyen: Das Verschwinden der 4. Gewalt<\/strong><br \/>\nUmgekehrter Totalitarismus: Medien im Griff von Staat und Konzernen<br \/>\nWir bekommen ein Mediensystem, das Konsum und politische Passivit\u00e4t f\u00f6rdert, w\u00e4hrend gleichzeitig durch neue Gesetzgebungen wie das Netzwerkdurchsetzungsgesetz und den Digital Services Act eine Art von Zensur durch private Internetkonzerne entsteht. Diese Meinung vertritt Prof. Dr. Michael Meyen auf dem Congress der klaren Worte Ende letzten Jahres in M\u00fcnchen.<br \/>\n<a href=\"https:\/\/media.video.taxi\/embed\/Qp3zEbsEJy5d\">https:\/\/media.video.taxi\/embed\/Qp3zEbsEJy5d<\/a><br \/>\nIn seinem Impulsvortrag hebt Meyen hervor, wie dieser \u201cumgekehrte Totalitarismus\u201d die traditionelle Rolle des Journalismus als neutrale und autonome vierte Gewalt untergr\u00e4bt. Die Verflechtung von Staat und Konzernen f\u00f6rdert eine Medienlandschaft, die weniger auf \u00dcberwachung der Machtstrukturen ausgerichtet ist und stattdessen Konsum und politische Apathie verst\u00e4rkt.<br \/>\n&#8230; Alles vom 16.2.202 bitte lesen auf<br \/>\n<a href=\"https:\/\/clubderklarenworte.de\/umgekehrter-totalitarismus-medien-im-griff-von-staat-und-konzernen\/\">https:\/\/clubderklarenworte.de\/umgekehrter-totalitarismus-medien-im-griff-von-staat-und-konzernen\/<\/a><\/p>\n<p>&nbsp;<\/p>\n<p><strong>Journalisten sind geistigen Antagonisten der Politiker<\/strong><br \/>\nDer Kampf f\u00fcr die Meinungsfreiheit ist kein Hobby, sondern eine Verpflichtung f\u00fcr uns alle. Die Amerikaner w\u00fcrden sagen: \u201eIt\u2019s not an option, it\u2019s an obligation.\u201d Denn dieser Kampf ist f\u00fcr die demokratische Vitalit\u00e4t und die geistige Bewegungsfreiheit einer Nation konstituierend, da sie sonst an ritualisierter Debatte mit eingebauter politischer Floskelsprache zu ersticken droht.<br \/>\nAuf der anderen Seite der Barrikade stehen jene, die Denkraum begrenzen, Sprachvielfalt schrumpfen und Demokratie einengen m\u00f6chten.<br \/>\nEs gibt Menschen, die nicht \u00fcberzeugen, sondern beugen wollen. Wir sollen so denken, f\u00fchlen und sprechen wie sie. George Orwell hat in \u201e1984\u201c exakt beschrieben, wie die Techniken von Neusprech als Instrument der \u201eWirklichkeitslenkung\u201c funktionieren. Schon wer falsch schaut, also mit seiner Mimik nicht den Erwartungen des Gegen\u00fcbers entspricht, so Orwell, begeht ein \u201eGesichtsdelikt\u201c.<br \/>\nEs geht nie nur um Worte. \u00dcber Worte soll Wahrnehmung und \u00fcber Wahrnehmung soll Wirklichkeit beeinflusst werden.<br \/>\nSchulden sind pl\u00f6tzlich nicht mehr Schulden, sondern Sonderverm\u00f6gen.<br \/>\nSubventionen sind nicht mehr Subventionen, sondern Preisbremsen.<br \/>\nRentenk\u00fcrzungen hei\u00dfen jetzt Rentenreform.<br \/>\nSie sagen Transparenz \u2013 und bilden an der Spitze des Staates Clan-Strukturen aus.<br \/>\nSie rufen \u201eFollow the Science\u201c und beauftragen einen \u00f6konomischen Laien mit dem Umbau der Industriegesellschaft.<br \/>\nSie predigen die offene Gesellschaft und haben f\u00fcr die politische Klasse ein geschlossenes System mit 24\/7 Chauffeurservice, VIP-Pension und automatisiertem Zugang zur privaten Krankenkasse geschaffen.<br \/>\nSie setzen f\u00fcr sich eine Ideologie der moralischen \u00dcberlegenheit in Kraft, die Privilegien zu Tugenden erkl\u00e4rt.<br \/>\nSie wollen nicht mehr den Wohlstand der Massen steigern, sondern Essgewohnheiten zensieren und Sprache korrigieren.<br \/>\nSie erkl\u00e4ren ihre lustfeindliche Rigidit\u00e4t zur neuen Progressivit\u00e4t \u2013 und wundern sich, dass Millionen Menschen sich kopfsch\u00fcttelnd abwenden.<br \/>\nDass Politiker so sprechen, ist das eine. Dass Journalisten es ihnen nachplappern, bedeutet einen Verrat an den Prinzipien der Demokratie. Wir sind nicht die Souffleure der M\u00e4chtigen, sondern ihre geistigen Antagonisten.<br \/>\nDas Projekt The Pioneer ist angetreten, Denkraum zu erweitern, Vielfalt zu erm\u00f6glichen und der Zweitmeinung im politischen Diskurs zur Selbstverst\u00e4ndlichkeit zu verhelfen \u2013 wie ein Zweitgutachten des Arztes. Es gibt Pro und Contra und oft gibt es auch etwas Kluges dazwischen.<br \/>\n&#8230; Alles vom 21.5.2023 bitte lesen auf <a href=\"https:\/\/www.news.gaborsteingart.com\">https:\/\/www.news.gaborsteingart.com<\/a><\/p>\n<p>&nbsp;<\/p>\n<p><strong>Fl\u00fcchtlingskrise und Pandemie: Der Herdentrieb der Medien schadet ihrer Glaubw\u00fcrdigkeit<\/strong><br \/>\nJetzt bricht die Zeit der Gest\u00e4ndnisse an. Der deutsche Gesundheitsminister Lauterbach hat bereits Fehleinsch\u00e4tzungen in der Pandemie zugegeben. Nur die Medien weigern sich, ihr Versagen in zwei grossen Krisen aufzuarbeiten.<br \/>\n&#8230;<br \/>\nDie schreibende und sendende Zunft will das Volk erziehen. Das ist die Schwundform des volksp\u00e4dagogischen \u00dcberschwangs in der Aufkl\u00e4rung. In jedem Journalisten steckt ein Diderot, und in Krisen manifestiert sich das besonders. Ungehemmt konnte man die B\u00fcrger belehren, wie sie denken und handeln sollen. Eine unkontrollierte Einwanderung und drakonische Freiheitsbeschr\u00e4nkungen wurden als alternativlos hingestellt.<br \/>\nDie Fl\u00fcchtlingskrise sah die Mehrheit der Deutschen bald kritischer. Viele Journalisten beschimpften das Volk daraufhin als rechtsradikal und populistisch. Davon hat sich die Wahrnehmung der Medien nicht erholt. Der Graben zwischen Medien und vielen B\u00fcrgern ist tief. Das bemerken auch die Journalisten, doch sie suchen die Schuld daf\u00fcr allein beim Volk.<br \/>\nIn der Pandemie lehnten nur wenige Deutsche den als alternativlos dargestellten Kurs ab. Der Mechanismus der Ausgrenzung blieb jedoch derselbe: \u00abSchwurbler\u00bb und \u00abLeugner\u00bb waren noch die freundlicheren medialen Pr\u00e4dikate. Als sich in Ostdeutschland die Corona-Demonstrationen h\u00e4uften, nahm die Berichterstattung bisweilen hysterische Z\u00fcge an.<br \/>\n<em><strong>In beiden Krisen haben sich die Redaktionen zu Komplizen der Regierungen gemacht. Von einer vierten Gewalt kann keine Rede mehr sein.<\/strong><\/em><br \/>\nSchlimmer noch ist, dass sich die Journalisten selbst an die Kette legten mit Begriffen wie \u00abGrenzen des Sagbaren\u00bb. Diese wurden zusehends enger gezogen. Dabei sollte f\u00fcr einen Journalisten im Rahmen der Gesetze nichts \u00abunsagbar\u00bb sein. Sonst schafft sich der Journalismus ab.<br \/>\n&#8230; Alles vom 31.3.2023 von Eric Gujer bitte lesen auf<br \/>\n<a href=\"https:\/\/www.nzz.ch\/meinung\/der-andere-blick\/corona-und-fluechtlingskrise-das-versagen-der-deutschen-medien-ld.1732546\">https:\/\/www.nzz.ch\/meinung\/der-andere-blick\/corona-und-fluechtlingskrise-das-versagen-der-deutschen-medien-ld.1732546<\/a><\/p>\n<p>&nbsp;<\/p>\n<p>&nbsp;<\/p>\n<p><strong>Jugend-Publizistik-Workshop mit Achgut.com und Hayek-Gesellschaft<\/strong><br \/>\nIn Zusammenarbeit mit der Friedrich August von Hayek-Gesellschaft <a href=\"https:\/\/hayek.de\/\">https:\/\/hayek.de\/<\/a> veranstaltet Achgut.com nun bereits zum 5. Mal den Juniorenkreis Publizistik \u2013 und zwar schon sehr bald: vom 25. bis 27. M\u00e4rz in Potsdam. Der Workshop dient zur Ausbildung und Vernetzung junger <a href=\"https:\/\/www.freiburg-schwarzwald.de\/blog\/kultur\/medien\/journalismus\/\">Journalisten<\/a> und Blogger und jenen, die es werden wollen. Unter der inhaltlichen Leitung von Dirk Maxeiner, einem der Gr\u00fcndungs-Herausgeber von achgut.com, der Redaktion und Autoren des Blogs erhalten die Teilnehmer Einblicke in die journalistische Arbeit und die M\u00f6glichkeit, das Gelernte praktisch umzusetzen.<\/p>\n<p>Die Presse, als Vierte Gewalt im Staat <a href=\"https:\/\/www.achgut.com\/artikel\/nierentisch_und_gewaltenteilung\">https:\/\/www.achgut.com\/artikel\/nierentisch_und_gewaltenteilung<\/a><br \/>\nist ein Zahnrad im System von <a href=\"https:\/\/www.freiburg-schwarzwald.de\/blog\/engagement\/zukunft\/demokratie\/gewaltenteilung\/\">Checks and Balances<\/a>. Es ist es an ihr, die M\u00e4chtigen in die Schranken zu weisen, zu schreiben was ist \u2013 und nicht, was sein soll. Journalismus ist ein Handwerk, aber eben auch eine Verpflichtung, denn mit ihrer Macht geht gro\u00dfe Verantwortung einher. Journalismus ist aber auch ein Handwerk, das erlernt werden soll und kann und das in der Zukunft immer nur so gut sein wird, wie der folgende journalistische Nachwuchs.<br \/>\n&#8230; Alles vom 21.2.2022 bitte lesen auf<br \/>\n<a href=\"https:\/\/www.achgut.com\/artikel\/publizistik_workshop_mit_achgut.com_und_hayek_gesellschaft\">https:\/\/www.achgut.com\/artikel\/publizistik_workshop_mit_achgut.com_und_hayek_gesellschaft<\/a><\/p>\n","protected":false},"excerpt":{"rendered":"<p>Home\u00a0&gt;Kultur\u00a0&gt;Medien\u00a0&gt;Zeitung &gt;Mediendemokratie\u00a0 &gt;Vierte-Gewalt Listenauswahl eines Beitrags (Artikel\/Datum, Seite\/Inhalt):\u00a0Klicken\u00a0oder scrollen D\u00e4ubler-Gmelin r\u00fcgt Khan, da Heinecke zu Khan \u201eBullshit\u201c sagt\u00a0(21.2.2026) Wegen Zensur-Forderung: Anwalt Steinh\u00f6fel k\u00fcndigt Klage gegen Ministerpr\u00e4sident G\u00fcnther an\u00a0(9.1.2026) Sich informieren macht Freude\u00a0(23.6.2025) Grenze: Regierung oder Gericht\u00a0(4..6.2025) BfV setzt AfD-Hochstufung aus\u00a0(8.5.2025) &hellip; <a href=\"https:\/\/www.freiburg-schwarzwald.de\/blog\/kultur\/medien\/vierte-gewalt\/\">Weiterlesen <span class=\"meta-nav\">&rarr;<\/span><\/a><\/p>\n","protected":false},"author":2,"featured_media":0,"parent":678,"menu_order":0,"comment_status":"closed","ping_status":"closed","template":"","meta":{"footnotes":""},"class_list":["post-98849","page","type-page","status-publish","hentry"],"_links":{"self":[{"href":"https:\/\/www.freiburg-schwarzwald.de\/blog\/wp-json\/wp\/v2\/pages\/98849","targetHints":{"allow":["GET"]}}],"collection":[{"href":"https:\/\/www.freiburg-schwarzwald.de\/blog\/wp-json\/wp\/v2\/pages"}],"about":[{"href":"https:\/\/www.freiburg-schwarzwald.de\/blog\/wp-json\/wp\/v2\/types\/page"}],"author":[{"embeddable":true,"href":"https:\/\/www.freiburg-schwarzwald.de\/blog\/wp-json\/wp\/v2\/users\/2"}],"replies":[{"embeddable":true,"href":"https:\/\/www.freiburg-schwarzwald.de\/blog\/wp-json\/wp\/v2\/comments?post=98849"}],"version-history":[{"count":6,"href":"https:\/\/www.freiburg-schwarzwald.de\/blog\/wp-json\/wp\/v2\/pages\/98849\/revisions"}],"predecessor-version":[{"id":146007,"href":"https:\/\/www.freiburg-schwarzwald.de\/blog\/wp-json\/wp\/v2\/pages\/98849\/revisions\/146007"}],"up":[{"embeddable":true,"href":"https:\/\/www.freiburg-schwarzwald.de\/blog\/wp-json\/wp\/v2\/pages\/678"}],"wp:attachment":[{"href":"https:\/\/www.freiburg-schwarzwald.de\/blog\/wp-json\/wp\/v2\/media?parent=98849"}],"curies":[{"name":"wp","href":"https:\/\/api.w.org\/{rel}","templated":true}]}}