{"id":98663,"date":"2022-02-14T17:04:48","date_gmt":"2022-02-14T16:04:48","guid":{"rendered":"https:\/\/www.freiburg-schwarzwald.de\/blog\/?page_id=98663"},"modified":"2024-06-26T10:56:52","modified_gmt":"2024-06-26T08:56:52","slug":"alternativlos","status":"publish","type":"page","link":"https:\/\/www.freiburg-schwarzwald.de\/blog\/engagement\/zukunft\/demokratie\/tabu\/alternativlos\/","title":{"rendered":"alternativlos"},"content":{"rendered":"<p><a href=\"https:\/\/freiburg-schwarzwald.de\/blog\">Home<\/a>\u00a0&gt;<a title=\"Engagement\" href=\"https:\/\/www.freiburg-schwarzwald.de\/blog\/engagement\/\">Engagement<\/a> &gt;<a title=\"Demokratie\" href=\"https:\/\/www.freiburg-schwarzwald.de\/blog\/engagement\/zukunft\/demokratie\/\">Demokratie<\/a>\u00a0&gt;<a title=\"Deutschland\" href=\"https:\/\/www.freiburg-schwarzwald.de\/blog\/global\/deutschland\/\">Deutschland<\/a> &gt;<a href=\"https:\/\/www.freiburg-schwarzwald.de\/blog\/global\/deutschland\/gesellschaft\/\">Gesellschaft<\/a> &gt;<a href=\"https:\/\/www.freiburg-schwarzwald.de\/blog\/engagement\/zukunft\/demokratie\/tabu\/\">Tabu<\/a> &gt;alternativlos<\/p>\n<div id=\"attachment_98685\" style=\"width: 645px\" class=\"wp-caption alignnone\"><a href=\"https:\/\/www.freiburg-schwarzwald.de\/blog\/wp-content\/uploads\/2022\/02\/baumstaemme-pan20220131.jpg\"><img loading=\"lazy\" decoding=\"async\" aria-describedby=\"caption-attachment-98685\" class=\"size-full wp-image-98685\" src=\"https:\/\/www.freiburg-schwarzwald.de\/blog\/wp-content\/uploads\/2022\/02\/baumstaemme-pan20220131.jpg\" alt=\"\" width=\"635\" height=\"314\" srcset=\"https:\/\/www.freiburg-schwarzwald.de\/blog\/wp-content\/uploads\/2022\/02\/baumstaemme-pan20220131.jpg 635w, https:\/\/www.freiburg-schwarzwald.de\/blog\/wp-content\/uploads\/2022\/02\/baumstaemme-pan20220131-180x89.jpg 180w\" sizes=\"auto, (max-width: 635px) 100vw, 635px\" \/><\/a><p id=\"caption-attachment-98685\" class=\"wp-caption-text\">Holzernte: Baumst\u00e4mme im Schwarzwald bei Freiburg 2\/2022<\/p><\/div>\n<p>&nbsp;<\/p>\n<ul>\n<li><a href=\"https:\/\/www.freiburg-schwarzwald.de\/blog\/global\/deutschland\/deutschland2024\/\">Juli Zeh: Dreiklang Apokalypse, Ausnahmezustand, Alternativlosigkeit<\/a>\u00a0(23.6.2024)<\/li>\n<li>Wenn Opposition zum Tabu wird &#8211; Alternativlosigkeit (14.2.2022)<\/li>\n<li><\/li>\n<li><a href=\"https:\/\/www.freiburg-schwarzwald.de\/blog\/business\/volkswirtschaft\/niedergang\/\">Niedergang<\/a><\/li>\n<li><a href=\"https:\/\/www.freiburg-schwarzwald.de\/blog\/global\/eu\/notverordnungen\/\">Notverordnungen<\/a><\/li>\n<\/ul>\n<p>&nbsp;<\/p>\n<p><strong>Wenn Opposition zum Tabu wird &#8211; Alternativlosigkeit<\/strong><br \/>\nMittlerweile sind in der deutschen politischen Kultur immer mehr Themen als alternativlos sakralisiert. Widerspruch wird so zum <a href=\"https:\/\/www.freiburg-schwarzwald.de\/blog\/engagement\/zukunft\/demokratie\/tabu\/\">Tabu<\/a>. Gerade die Kirchen sollten solche quasi-religi\u00f6sen \u00dcberh\u00f6hungen in der Politik entlarven, statt diese noch zu f\u00f6rdern.<br \/>\nNeulich \u00e4rgerte ich mich \u00fcber einen Kirchenmann, der \u00f6ffentlich eine bestimmte politische Meinung als einzig wahrhaft christliche dargestellt hatte. Wir kennen uns zwar nicht pers\u00f6nlich, aber ich setzte meinen \u00c4rger konstruktiv um, indem ich ihm eine sachlich widersprechende Email schrieb. Nach wenigen Minuten bekam ich eine Antwort: \u201eIch verbitte es mir, von Ihnen Emails zu bekommen. Bitte streichen Sie mich aus Ihrer Adressliste.\u201c<br \/>\nSo sieht heute leider allzu oft die politische <a href=\"https:\/\/www.freiburg-schwarzwald.de\/blog\/kultur\/medien\/diskussionskultur\/\">\u201eDiskussionskultur\u201c<\/a> in Deutschland aus. Manche Menschen scheinen sich so sicher in ihrer Meinung zu sein, dass sie es nicht einmal mehr f\u00fcr n\u00f6tig halten, Gegenmeinungen \u00fcberhaupt nur anzuh\u00f6ren. Ja, sie vermitteln einem sogar das Gef\u00fchl, dass man mit seiner Gegenmeinung per se falsch sei und sich eigentlich sch\u00e4men m\u00fcsste und schweigen sollte.<br \/>\nDamit wird <a href=\"https:\/\/www.freiburg-schwarzwald.de\/blog\/engagement\/zukunft\/demokratie\/opposition\/\">Opposition<\/a> kurzerhand in den Bereich der Tabuzone gedr\u00fcckt mit den typischen Kennzeichen eines tabubestimmten Diskurses:<br \/>\nScham statt Rationalit\u00e4t,<br \/>\nMoralisierung statt Sachlichkeit,<br \/>\nVerdr\u00e4ngung statt Offenheit,<br \/>\nUnterdr\u00fcckung statt Aufkl\u00e4rung,<br \/>\n\u00dcberheblichkeit statt Ehrlichkeit,<br \/>\nAbspaltung statt Integration.<\/p>\n<p><em><strong>Die \u00dcberzeugung der Alternativlosigkeit hat als Zwillingsschwester das Tabu.<\/strong> <\/em>Wer etwa alternativlos nur auf ewige Jugendlichkeit ausgerichtet ist, f\u00fcr den wird das Alter und Sterben zum Tabu. Oder wer vegane Ern\u00e4hrung f\u00fcr einzig richtig h\u00e4lt, f\u00fcr den wird Tierhaltung zur Fleischgewinnung zum Tabu. Alternativlosigkeit hat Tabus im Schlepptau. Mittlerweile sind in der deutschen politischen Kultur immer mehr Themen in den Bereich der Alternativlosigkeit erhoben worden:<br \/>\n&#8211; Die jetzige Form des Euro und der EU<br \/>\n&#8211; Die Verdammung der Atomkraft<br \/>\n&#8211; Die unkontrollierte Massenzuwanderung als Heilmittel<br \/>\n&#8211; Gerechtigkeit nur durch Genderideologie<br \/>\n&#8211; Die sofortige und radikale deutsche Vermeidung von CO2 als einzige M\u00f6glichkeit, die Welt zu retten<br \/>\n&#8211; Die \u201aImpfung\u2018 als alleiniger Weg aus der Pandemie<br \/>\n&#8211; Die L\u00f6sung aller Gesellschaftsprobleme durch den Staat<\/p>\n<p>An dem Rand dieser nahezu partei\u00fcbergreifenden, medial-kulturellen Alternativlosigkeiten wachsen die Tabuzonen, in denen es einige Menschen doch tats\u00e4chlich wagen, eine andere Ansicht zu vertreten.<br \/>\nDie ach so selbstsichere Mehrheit geht mit diesen Minderheiten genauso um, wie sie mit Tabubrechern immer umgegangen ist: Gnadenlose und irrationale Diffarmierung, Ausgrenzung, Bestrafung und Bek\u00e4mpfung. Eine R\u00fcckkehr von der Tabuzone in den Bereich der Mehrheitsgemeinschaft ist kaum noch m\u00f6glich oder nur durch strenge Bu\u00df\u00fcbungen, Abschw\u00f6rungen und Reinigungszeremonien. Die Situation versch\u00e4rft sich noch durch den Tatbestand, den Sigmund Freud so ausgedr\u00fcckt hat: \u201eWer ein Tabu \u00fcbertreten hat, der ist dadurch selbst tabu geworden.\u201c Auf diesem Hintergrund sind \u201eKontaktschuldph\u00e4nomene\u201c zu verstehen.<br \/>\n&#8230;<br \/>\nWie kann unser Land aus dieser fatalen Spaltung von Heilssph\u00e4ren und Tabuzonen herauskommen? Meiner Meinung nach kann das nur gelingen, indem wir das Konzept der Alternativlosigkeit aufgeben. Oder anders ausgedr\u00fcckt: Indem unsere Kultur samt Politik und Wissenschaft entdogmatisiert und entsakralisiert wird: Politik und Wissenschaft sind dann nicht mehr die H\u00fcter abgeschlossener quasireligi\u00f6ser Wahrheiten, sondern Suchbewegungen zu weiteren Wahrheitsann\u00e4herungen. Gerade die Kirchen sollten darin ihre gesellschaftliche Aufgabe sehen, religi\u00f6se \u00dcberh\u00f6hungen in der Politik zu entlarven, statt diese noch zu f\u00f6rdern.<br \/>\nDann br\u00e4uchte die Opposition nicht mehr in den Bereich des Tabus abgedr\u00e4ngt zu werden. Sie k\u00f6nnte statt dessen als bereichernder Gegenspieler angesehen werden, der der Mehrheit hilft, ihre Position besser argumentativ zu begr\u00fcnden oder gar ihre Position zu korrigieren oder zu verbessern.<br \/>\nUnsere Gesellschaft w\u00e4re dann weiterhin vielf\u00e4ltig und unterschiedlich in ihren Meinungen; aber sie w\u00e4re nicht mehr gespalten. Die Br\u00fccke zueinander w\u00e4re gebaut, auf der echte Begegnung und Dialog m\u00f6glich w\u00e4re. Lasst uns streiten, um nicht zu spalten!<br \/>\n&#8230;. Alles vom 12.2.2022 von Chiah Zorn bitte lesen auf<br \/>\n<a href=\"https:\/\/www.tichyseinblick.de\/kolumnen\/vorwort-zum-sonntag\/wenn-opposition-zum-tabu-wird\/\">https:\/\/www.tichyseinblick.de\/kolumnen\/vorwort-zum-sonntag\/wenn-opposition-zum-tabu-wird\/<\/a><\/p>\n<p>Einige Kommentare:<br \/>\n<strong>In Deutschland hat man das Grundprinzip der Demokratie nicht verstanden:<\/strong><br \/>\nNur indem die Opposition Alternativl\u00f6sungen anbietet, k\u00f6nnen bessere Probleml\u00f6sung gefunden werden. Hierzulande gehts m\u00f6glichst um absolute Macht. Sogar die Gewaltenteilung (Checks and Balances) wurde ausgeschaltet.<br \/>\nAls Anh\u00e4nger einer liberalen Demokratie sollte man nicht auf die Kirchen setzen<br \/>\n13.2.2022, Tic<\/p>\n<p><strong>&#8230; keine offene Diskussion mehr<\/strong><br \/>\nNachdem heute der Bundesspalter (Steinmeier) wieder bestimmt wurde \u2013 keine Hoffnung, es wird keine offene Diskussion mehr geben. Warnung vor Krieg, war das erste Statement des erneut von den Blockparteien \u2013 wie in Russland \u2013 bestimmten Bundesuhu, aber selbst Krieg gegen Ungeimpfte und andere Minderheiten befeuern.<br \/>\n13.2.2022, jam<\/p>\n<p><strong>Wie sollen wir jemals wieder aus dieser Alternativlosigkeit kommen?<\/strong><br \/>\nWie soll das gehen, wo doch in so vielen K\u00f6pfen das Gehirn schon gewaschen wurde? Viele unserer Mitmenschen sind doch gar nicht mehr willens (von f\u00e4hig mag ich gar nicht sprechen), selbst zu denken und zu recherchieren. Sie sind so bequem geworden und lassen sich jeden Abend erneut einlullen. Ich habe auch den Eindruck, dass sie nach zwei Jahren nun endg\u00fcltig in ihrer angst gefangen sind. Viele testen sich jetzt jeden Tag auf die Gefahr hin, einen Schnupfen bekommen zu k\u00f6nnen! Ich finde es von Tag zu Tag schwerer zu kommunizieren. F\u00fcr mich scheint es so, als w\u00e4ren viele verloren. Woher soll die Rettung kommen?<br \/>\n13.2.2022, Ans<\/p>\n<p><strong>Merkel brachte das \u201eAlternativlose\u201c<\/strong><br \/>\nBeim Lesen Ihres Artikels ist mir aufgegangen, weshalb Merkel das \u201eAlternativlose\u201c derart lange im Munde f\u00fchrte \u2013 obwohl es, aus unserer gelebten Kultur im Volk der Denker und T\u00fcftler heraus, nat\u00fcrlich vollkommener Nonsens ist.<br \/>\nDenkt man sich aber in die mitgebrachte Ideologie derer ein, die seit 2015 in Millionenst\u00e4rke eingelassen werden, macht das Training der Restdeutschen in die alternativlose Sackgasse mit der Einteilung in richtig \u2013 falsch wie gut \u2013 b\u00f6se mehr als Sinn. Die da kommen wissen mit Schattierungen wenig anzufangen, was das Unterwerfen (unter wen oder was auch immer) nat\u00fcrlich kolossal beg\u00fcnstigt.<br \/>\nBei solchen, die Zeit ihres Lebens gewohnt sind, ihren Verstand zu nutzen, sto\u00dfen sie damit jedoch zwischenzeitlich auf Granit.<br \/>\n13.2.2022, Kas<\/p>\n<p><strong>Warum schaffen es die gro\u00dfe alten westeurop\u00e4ischen Demokratien<\/strong><br \/>\nEngland und Frankreich, eine politische Kultur der Diskussion und argumentativen Auseinandersetzung zu leben und Deutschland schafft es nicht? Diese Frage sollten sich die Eliten des politmedialen Komplexes hierzulande einmal stellen. Meine Vermutung ist, dass wir momentan einfach nicht das journalistische Personal haben, das in der Lage ist, eine gesellschaftliche Frage von mehreren Seiten zu betrachten. Diese Journalisten k\u00f6nnen nur dogmatisch die Linksgr\u00fcnrote Einheitsmeinung nachbeten. Alles andere w\u00fcrde sie \u00fcberfordern.<br \/>\n13.2.2022, C.B.<\/p>\n<p><strong>Leute, die auf anderer Kosten leben, tabuisieren<\/strong><br \/>\nDer Autor blendet aus, welche Gruppen besonders gerne tabuisieren.<br \/>\nWer? meist Leute, die auf anderer Kosten leben (Kirche, Politik, NGOs \u2026)<br \/>\nWarum? ohne Berufung auf Gesinnung, Glauben \u2026 k\u00f6nnten sie sonst ihre Position nicht verteitigen, da sie selbst nichts zum Wohlstand des Gemeinwesen beitragen.<br \/>\nDaher sind in deren Sicht alle Methoden zur Einflu\u00df-\/Machtsicherung erlaubt<br \/>\n13.2.2022, muc<\/p>\n<p><strong>Alternativlosigkeit &#8211; seit Merkel<\/strong><br \/>\nDas Ph\u00e4nomen Alternativlosigkeit, d.h. JEDE Diskussion unterbinden, bloss keine echte Probleml\u00f6sungen, hat unsere Gottkanzlerin geschaffen. Und damit dies ewig funktioniert, wurde 2013 die GEZ-Zwangsabgabe eingef\u00fchrt, nat\u00fcrlich OHNE Ausstiegsoption! Dies war der Beginn dieser Gesinnungsdiktatur!<br \/>\nDie \u00d6RR-Medien gaben vor, und der Michel, seit K.H.K\u00f6pke \u201eTagesschauh\u00f6rig\u201c nickte alles ab, was gesendet wurde. Und so gestalten sich z.B. einfache Diskussionen \u00fcber Themen wie Grundrechte, Art 2, 5, 8 als v\u00f6llig unm\u00f6glich.<br \/>\n\u2013 \u201eWo hast du das her? Im Internet werden doch nur fake-News verbreitet\u201c.- Die Gehirnw\u00e4sche hat funktiomiert, trotz aufwendiger Schulbildung.<br \/>\nEs war einmal \u2026 \u201eNie wieder\u201c \u2013 \u201eWehret den Anf\u00e4ngen\u201c \u2026 alles vorbei! Ich bin nur noch verzweifelt \u00fcber meine Mitb\u00fcrger, Herr Zorn und danke Ihnen f\u00fcr ihre w\u00f6chentliche Kolumne.<br \/>\n13.2.2022, F.M.<br \/>\nEnde Kommentare<\/p>\n","protected":false},"excerpt":{"rendered":"<p>Home\u00a0&gt;Engagement &gt;Demokratie\u00a0&gt;Deutschland &gt;Gesellschaft &gt;Tabu &gt;alternativlos &nbsp; Juli Zeh: Dreiklang Apokalypse, Ausnahmezustand, Alternativlosigkeit\u00a0(23.6.2024) Wenn Opposition zum Tabu wird &#8211; Alternativlosigkeit (14.2.2022) Niedergang Notverordnungen &nbsp; Wenn Opposition zum Tabu wird &#8211; Alternativlosigkeit Mittlerweile sind in der deutschen politischen Kultur immer mehr Themen &hellip; <a href=\"https:\/\/www.freiburg-schwarzwald.de\/blog\/engagement\/zukunft\/demokratie\/tabu\/alternativlos\/\">Weiterlesen <span class=\"meta-nav\">&rarr;<\/span><\/a><\/p>\n","protected":false},"author":2,"featured_media":0,"parent":88452,"menu_order":0,"comment_status":"closed","ping_status":"closed","template":"","meta":{"footnotes":""},"class_list":["post-98663","page","type-page","status-publish","hentry"],"_links":{"self":[{"href":"https:\/\/www.freiburg-schwarzwald.de\/blog\/wp-json\/wp\/v2\/pages\/98663","targetHints":{"allow":["GET"]}}],"collection":[{"href":"https:\/\/www.freiburg-schwarzwald.de\/blog\/wp-json\/wp\/v2\/pages"}],"about":[{"href":"https:\/\/www.freiburg-schwarzwald.de\/blog\/wp-json\/wp\/v2\/types\/page"}],"author":[{"embeddable":true,"href":"https:\/\/www.freiburg-schwarzwald.de\/blog\/wp-json\/wp\/v2\/users\/2"}],"replies":[{"embeddable":true,"href":"https:\/\/www.freiburg-schwarzwald.de\/blog\/wp-json\/wp\/v2\/comments?post=98663"}],"version-history":[{"count":5,"href":"https:\/\/www.freiburg-schwarzwald.de\/blog\/wp-json\/wp\/v2\/pages\/98663\/revisions"}],"predecessor-version":[{"id":124794,"href":"https:\/\/www.freiburg-schwarzwald.de\/blog\/wp-json\/wp\/v2\/pages\/98663\/revisions\/124794"}],"up":[{"embeddable":true,"href":"https:\/\/www.freiburg-schwarzwald.de\/blog\/wp-json\/wp\/v2\/pages\/88452"}],"wp:attachment":[{"href":"https:\/\/www.freiburg-schwarzwald.de\/blog\/wp-json\/wp\/v2\/media?parent=98663"}],"curies":[{"name":"wp","href":"https:\/\/api.w.org\/{rel}","templated":true}]}}