{"id":985,"date":"2012-04-10T12:24:20","date_gmt":"2012-04-10T12:24:20","guid":{"rendered":"https:\/\/www.freiburg-schwarzwald.de\/blog\/?page_id=985"},"modified":"2026-04-29T13:29:52","modified_gmt":"2026-04-29T11:29:52","slug":"kindergarten","status":"publish","type":"page","link":"https:\/\/www.freiburg-schwarzwald.de\/blog\/bildung\/kindergarten\/","title":{"rendered":"Kindergarten"},"content":{"rendered":"<p>Home &gt;<a title=\"Bildung\" href=\"https:\/\/www.freiburg-schwarzwald.de\/blog\/bildung\/\">Bildung<\/a> &gt;Kindergarten<\/p>\n<div id=\"attachment_2081\" style=\"width: 612px\" class=\"wp-caption alignnone\"><a href=\"https:\/\/www.freiburg-schwarzwald.de\/blog\/bildung\/kindergarten\/halde12pan071228\/\" rel=\"attachment wp-att-2081\"><img loading=\"lazy\" decoding=\"async\" aria-describedby=\"caption-attachment-2081\" class=\"size-full wp-image-2081\" title=\"halde12pan071228\" src=\"https:\/\/www.freiburg-schwarzwald.de\/blog\/wp-content\/uploads\/2012\/04\/halde12pan071228.jpg\" alt=\"\" width=\"602\" height=\"211\" srcset=\"https:\/\/www.freiburg-schwarzwald.de\/blog\/wp-content\/uploads\/2012\/04\/halde12pan071228.jpg 602w, https:\/\/www.freiburg-schwarzwald.de\/blog\/wp-content\/uploads\/2012\/04\/halde12pan071228-180x63.jpg 180w\" sizes=\"auto, (max-width: 602px) 100vw, 602px\" \/><\/a><p id=\"caption-attachment-2081\" class=\"wp-caption-text\">Blick \u00fcber den Rodelhang am Schauinsland nach Osten zum Feldberg am 28.12.2008<\/p><\/div>\n<ul>\n<li><em>Listenauswahl eines Beitrags (Artikel\/Datum, Seite\/Inhalt):\u00a0<span style=\"text-decoration: underline;\">Klicken<\/span>\u00a0oder scrollen<\/em><\/li>\n<li><a href=\"https:\/\/www.freiburg-schwarzwald.de\/blog\/selbsthilfe\/frauen\/gender\/sexuell\/fruehsexualisierung\/\">Holzpenisse und Leckt\u00fccher: Sozialistischer Jugendverband \u201eFalken\u201c empfiehlt Sex-Spiele f\u00fcr Kinder ab sechs<\/a>\u00a0(28.4.2026)<\/li>\n<li><a href=\"https:\/\/www.freiburg-schwarzwald.de\/blog\/tatort-kita-fruehsexualisierung\/\">Tatort Kita: Fr\u00fchsexualisierung<\/a>\u00a0(16.11.2025)<\/li>\n<li><a href=\"https:\/\/www.freiburg-schwarzwald.de\/blog\/bildung\/kindergarten\/kita\/\">Tatort Kita: Der woke Angriff auf unsere Kinder<\/a>\u00a0(6.11.2025)<\/li>\n<li><a href=\"https:\/\/www.freiburg-schwarzwald.de\/blog\/kultur\/medien\/diskussionskultur\/sippenhaft\/\">Vierj\u00e4hrige wegen falscher politischer Einstellung (AfD) aus Kita entfernen<\/a>\u00a0(29.10.2025)<\/li>\n<li><a href=\"https:\/\/www.freiburg-schwarzwald.de\/blog\/religion\/islam\/islam-maedchen\/\">Otto verkauft Ganzk\u00f6rperverschleierung f\u00fcr Kita-Kinder<\/a>\u00a0(26.8.2025)<\/li>\n<li><a href=\"https:\/\/www.freiburg-schwarzwald.de\/blog\/selbsthilfe\/kinder\/sexualisierung\/\">Evangelische Kita wollte Doktorspiele bei Kindern \u2013 Erzieher sollten \u201eunkommentiert beobachten\u201c<\/a> (14.4.2025)<\/li>\n<li><a href=\"https:\/\/www.freiburg-schwarzwald.de\/blog\/aschaffenburg-kind-erstochen\/\">Aschaffenburg: Kind erstochen<\/a>\u00a0(22.1.2025)<\/li>\n<li><a href=\"https:\/\/www.freiburg-schwarzwald.de\/blog\/wolfsgruss-oder-schweigefuchs\/\">Wolfsgru\u00df oder Schweigefuchs<\/a> (7.7.2024)<\/li>\n<li><a href=\"https:\/\/www.freiburg-schwarzwald.de\/blog\/schwarze-paedagogik-coronazeit\/\">Schwarze P\u00e4dagogik zur Coronazeit<\/a>\u00a0(21.5.2023)<\/li>\n<li><a href=\"https:\/\/www.freiburg-schwarzwald.de\/blog\/bildung\/kindergarten\/kita\/\">\u201eDu mir nix sagen, du deutsch!\u201c: Zoff mit Migranten-Jungs im Kindergarten<\/a>\u00a0(5.4.23)<\/li>\n<li><a href=\"https:\/\/www.freiburg-schwarzwald.de\/blog\/bildung\/intersektionale-bildung\/\">\u201eIntersektionale P\u00e4dagogik\u201c kommt \u00fcber die BpB in Kitas und Schulen<\/a>\u00a0(3.2.2023)<\/li>\n<li><a href=\"https:\/\/www.freiburg-schwarzwald.de\/blog\/lassen-sie-die-kinder-in-ruhe\/\">Lassen Sie die Kinder in Ruhe<\/a>\u00a0(23.8.2022)<\/li>\n<li><a href=\"https:\/\/www.freiburg-schwarzwald.de\/blog\/selbsthilfe\/frauen\/gender\/lgbtq\/\">Wenn der LGBTQ-Aktivismus in der KITA ankommt<\/a>\u00a0(5.5.2022)<\/li>\n<li><a href=\"https:\/\/www.freiburg-schwarzwald.de\/blog\/quarantaene-fuer-kinder-petition\/\">Quarant\u00e4ne f\u00fcr Kinder: Petition<\/a>\u00a0(1.8.2021)<\/li>\n<li><a href=\"https:\/\/www.freiburg-schwarzwald.de\/blog\/business\/gesund\/corona-virus\/corona-kinder\/\">Generation Maske: Geraubte Kindheit<\/a>\u00a0(1.4.2021)<\/li>\n<li><a href=\"https:\/\/www.freiburg-schwarzwald.de\/blog\/kinderkopftuch-kita-und-schule\/\">Kinderkopftuch: Kita und Schule<\/a>\u00a0(19.3.2021)<\/li>\n<li><a href=\"https:\/\/www.freiburg-schwarzwald.de\/blog\/kinder-leiden-am-meisten\/\">Kinder leiden am meisten<\/a>\u00a0(6.2.2021)<\/li>\n<li><a href=\"https:\/\/www.freiburg-schwarzwald.de\/blog\/schulen-und-kitas-wieder-oeffnen\/\">Schulen und Kitas wieder \u00f6ffnen!<\/a> (20.1.2021)<\/li>\n<li><a title=\"Mit Schnupfen nicht in die Kita\" href=\"https:\/\/www.freiburg-schwarzwald.de\/blog\/mit-schnupfen-nicht-in-die-kita\/\">Mit Schnupfen nicht in die Kita<\/a>\u00a0(28.7.2020)<\/li>\n<li><a title=\"Familie geht vor \u2013 Initiative\" href=\"https:\/\/www.freiburg-schwarzwald.de\/blog\/familie-geht-vor-initiative\/\">Familie geht vor \u2013 Initiative<\/a>\u00a0(28.6.2020)<\/li>\n<li><a title=\"Sexualisierung\" href=\"https:\/\/www.freiburg-schwarzwald.de\/blog\/selbsthilfe\/kinder\/sexualisierung\/\">Fr\u00fckindliche Sexualerziehung: Kinderrechte ins Grundgesetz \u2013 Elternrechte an den Staat?<\/a>\u00a0(8.1.2020)<\/li>\n<li><a title=\"Babyboom\" href=\"https:\/\/www.freiburg-schwarzwald.de\/blog\/selbsthilfe\/kinder\/babyboom\/\">Babyboom bei Migrantinnen<\/a>\u00a0(18.12.2019)<\/li>\n<li><a title=\"Evangelisch\" href=\"https:\/\/www.freiburg-schwarzwald.de\/blog\/religion\/evangelisch\/\">Erzieher in FR abgelehnt: Kleinkarierte, intolerante evangelische Kirche<\/a> (12.9.2019)<\/li>\n<li><a title=\"Erziehung\" href=\"https:\/\/www.freiburg-schwarzwald.de\/blog\/religion\/islam\/erziehung\/\">Die Vereinnahmung der Kindheit durch die Kultur der Toleranz<\/a>\u00a0(8.8.2019)<\/li>\n<li>Auf die Bereichnung Kinderg\u00e4rtnerin sollte man stolz sein (31.12.2018)<\/li>\n<li><a title=\"Maedchen\" href=\"https:\/\/www.freiburg-schwarzwald.de\/blog\/selbsthilfe\/kinder\/maedchen\/\">Amadeu Antonio Stiftung: Kleider, Z\u00f6pfe, Handarbeiten von M\u00e4dchen \u2013\u00a0Neonazi-Eltern?<\/a>\u00a0(29.11.2018)<\/li>\n<li><a title=\"Praegung\" href=\"https:\/\/www.freiburg-schwarzwald.de\/blog\/selbsthilfe\/kinder\/praegung\/\">Warum ignorieren wir bei Migranten die Rolle kindlicher Pr\u00e4gung?<\/a> (18.11.2018)<\/li>\n<li><a href=\"https:\/\/www.freiburg-schwarzwald.de\/blog\/tagesmuetter-mega-samstag-fr\/\">https:\/\/www.freiburg-schwarzwald.de\/blog\/tagesmuetter-mega-samstag-fr\/<\/a> (23.4.2018)<\/li>\n<li><a href=\"https:\/\/www.freiburg-schwarzwald.de\/blog\/muslimischer-ditib-kindergarten\/\">https:\/\/www.freiburg-schwarzwald.de\/blog\/muslimischer-ditib-kindergarten\/<\/a>\u00a0(2.11.2013)<\/li>\n<li><a href=\"https:\/\/www.freiburg-schwarzwald.de\/blog\/juedische-kita-sicher-koscher\/\">https:\/\/www.freiburg-schwarzwald.de\/blog\/juedische-kita-sicher-koscher\/<\/a>\u00a0(19.1.2013)<\/li>\n<li><a href=\"https:\/\/www.freiburg-schwarzwald.de\/littenweiler\/kindergarten#Alle Kitas auf einen Blick\">Alle Kitas auf einen Blick<\/a> (14.10.2010)<\/li>\n<li><\/li>\n<li><a href=\"https:\/\/www.freiburg-schwarzwald.de\/littenweiler\/kindergarten#St. Barbara-Kindergarten\">St.Barbara-Kindergarten\u00a0 Littenweiler<\/a><\/li>\n<li><a href=\"https:\/\/www.freiburg-schwarzwald.de\/littenweiler\/kindergarten#St. Carolus-Kindergarten\">St.Carolus Kindergarten<\/a><\/li>\n<li><a title=\"Casa-dei-Bambini\" href=\"https:\/\/www.freiburg-schwarzwald.de\/blog\/bildung\/kindergarten\/casa-dei-bambini\/\">Casa dei Bambini<\/a><\/li>\n<li><a href=\"https:\/\/www.freiburg-schwarzwald.de\/littenweiler\/kindergarten#Don Bosco in Kirchzarten\">Don Bosco in Kirchzarten<\/a><\/li>\n<li>\n<div>Freiburger Kinderhausinitiative &#8211; gemeinn\u00fctziger Verein<\/div>\n<\/li>\n<li><a href=\"https:\/\/www.freiburg-schwarzwald.de\/littenweiler\/sport.htm#FT-Sportgrundschule und FT-Sportkindergarten in Freiburg\">FT-Sportkindergarten<\/a> &gt;Sport<\/li>\n<li><a href=\"https:\/\/www.freiburg-schwarzwald.de\/littenweiler\/kindergarten#Hirzberg - Haus f\u00fcr Kinder\">Hirzberg &#8211; Haus f\u00fcr Kinder<\/a><\/li>\n<li><a title=\"Kita-Immergruen\" href=\"https:\/\/www.freiburg-schwarzwald.de\/blog\/bildung\/kindergarten\/kita-immergruen\/\">Immergr\u00fcn &#8211; Kita im Vauban<\/a><\/li>\n<li><a href=\"https:\/\/www.freiburg-schwarzwald.de\/littenweiler\/kindergarten#International Kids\">International Kids<\/a><\/li>\n<li><a href=\"https:\/\/www.freiburg-schwarzwald.de\/blog\/bildung\/intersektionale-bildung\/\">Intersektionale Bildung<\/a><\/li>\n<li><a href=\"https:\/\/www.freiburg-schwarzwald.de\/blog\/religion\/islam\/islam-maedchen\/\">Islam-M\u00e4dchen<\/a><\/li>\n<li><a href=\"https:\/\/www.freiburg-schwarzwald.de\/littenweiler\/kindergarten#Junik\u00e4fer Freiburg\">Junik\u00e4fer Freiburg<\/a><\/li>\n<li><a href=\"https:\/\/www.freiburg-schwarzwald.de\/littenweiler\/kindergarten#Kinderabenteuerhof Vauban\">Kinderabenteuerhof Vauban<\/a><\/li>\n<li><a href=\"https:\/\/www.freiburg-schwarzwald.de\/littenweiler\/kindergarten#Kindergarten Kappel\">Kindergarten Kappel<\/a><\/li>\n<li><a href=\"https:\/\/www.freiburg-schwarzwald.de\/littenweiler\/kindergarten#Kinderhaus St. Raphael e.V.\">Kinderhaus St.Raphael<\/a><\/li>\n<li><a href=\"https:\/\/www.freiburg-schwarzwald.de\/littenweiler\/kindergarten#Kinderhausinitiative der Fabrik\">Kinderhausinitiative der Fabrik<\/a><\/li>\n<li><a href=\"https:\/\/www.freiburg-schwarzwald.de\/littenweiler\/bildung.htm#Kinderlernhaus in Freiburg\">Kinderlernhaus<\/a>&gt;Bildung<\/li>\n<li><a href=\"https:\/\/www.freiburg-schwarzwald.de\/littenweiler\/kindergarten#Kinderstube Kirchzarten\">Kinderstube Kirchzarten<\/a><\/li>\n<li><a href=\"https:\/\/www.freiburg-schwarzwald.de\/littenweiler\/kinderkrippe.htm#Krabbelstube Glacisweg FR-Stadt\">Krabbelstube Glacisweg<\/a> &gt;Kinderkrippe<\/li>\n<li><a href=\"https:\/\/www.freiburg-schwarzwald.de\/littenweiler\/behinderung.htm#Lebenshilfe Freiburg\">Lebenshilfe-Kindergarten<\/a><\/li>\n<li><a href=\"https:\/\/www.freiburg-schwarzwald.de\/littenweiler\/kindergarten#St\u00e4dt. Kindertagesst\u00e4tte Littenweiler\">St\u00e4dt. Kindertagesst\u00e4tte Littenweiler<\/a><\/li>\n<li><a href=\"https:\/\/www.freiburg-schwarzwald.de\/littenweiler\/kindergarten#St. Franzikus - Kindergarten in FR-Ebnet\">St. Franzikus &#8211; Kindergarten in FR-Ebnet<\/a><\/li>\n<li><a title=\"Kita-Immergruen\" href=\"https:\/\/www.freiburg-schwarzwald.de\/blog\/bildung\/kindergarten\/kita-immergruen\/\">Immergr\u00fcn &#8211; Kita im Vauban<\/a><\/li>\n<li><a href=\"https:\/\/www.freiburg-schwarzwald.de\/littenweiler\/kindergarten1.htm#Kita Violett in FR-Weingarten - ausl\u00e4ndische M\u00fctter lernen Deutsch\">Kita Violett in FR-Weingarten<\/a><\/li>\n<li><a href=\"https:\/\/www.freiburg-schwarzwald.de\/littenweiler\/kindergarten#Morgenstern - Waldorfkindergarten Littenweiler\">Morgenstern &#8211; Littenweiler<\/a><\/li>\n<li><a href=\"https:\/\/www.freiburg-schwarzwald.de\/littenweiler\/ph.htm#PH-Campinis - Nachmittagsbetreuung\">PH-Campinis<\/a> &gt;PH<\/li>\n<li><a href=\"https:\/\/www.freiburg-schwarzwald.de\/littenweiler\/kindergarten#Rappelkiste\">Rappelkiste<\/a><\/li>\n<li><a title=\"Sexualisierung\" href=\"https:\/\/www.freiburg-schwarzwald.de\/blog\/selbsthilfe\/kinder\/sexualisierung\/\">Sexualisierung<\/a><\/li>\n<li><a href=\"https:\/\/www.freiburg-schwarzwald.de\/littenweiler\/kindergarten#Spielkiste - Freier Kindergarten in Freiburg\">Spielkiste &#8211; Freier KiGa in Freiburg<\/a><\/li>\n<li><a href=\"https:\/\/www.freiburg-schwarzwald.de\/littenweiler\/kinder.htm#Spielmobil Freiburg\">Spielmobil Freiburg<\/a> &gt;Kinder<\/li>\n<li><a href=\"https:\/\/www.freiburg-schwarzwald.de\/littenweiler\/kindergarten#Kindergarten der Auferstehungsgemeinde\">Unterm Regenbogen<\/a><\/li>\n<li><a href=\"https:\/\/www.freiburg-schwarzwald.de\/littenweiler\/waldkindergarten.htm\">Waldkinderg\u00e4rten<\/a> &gt;Waldkindergarten<\/li>\n<li><a href=\"https:\/\/www.freiburg-schwarzwald.de\/littenweiler\/kindergarten1.htm#Freiburger Waldseilgarten: Beim Rieselfeld beginnt die Saison\">Waldseilgarten FR-Rieselfeld<\/a><\/li>\n<li><a href=\"https:\/\/www.freiburg-schwarzwald.de\/littenweiler\/kindergarten#Waldforfschule Freiburg-Wiehre\">Waldorfschule Freiburg-Wiehre<\/a><\/li>\n<li><a href=\"https:\/\/www.freiburg-schwarzwald.de\/littenweiler\/kindergarten#Waldorfkindergarten Lindenmattenstrasse in Littenweiler\">Waldorfkindergarten Lindenmattenstrasse in Littenweiler<\/a><\/li>\n<li><a href=\"https:\/\/www.freiburg-schwarzwald.de\/littenweiler\/kindergarten#Wichtelbande Umkirch\">Wichtelbande Umkirch<\/a><\/li>\n<li><a href=\"https:\/\/www.freiburg-schwarzwald.de\/littenweiler\/kindergarten#Wiesengr\u00fcn - Kita im Vauban\">Wiesengr\u00fcn &#8211; Kita im Vauban<\/a><\/li>\n<li><a href=\"https:\/\/www.freiburg-schwarzwald.de\/littenweiler\/info.htm#Angespannte Kindergartensituation in Littenweiler (s'Littenweiler Dorfblatt, 9\/2000, S. 13)\" target=\"_self\" rel=\"noopener\">Angespannte Kindergartensituation im Freiburger Osten (8\/2000)<\/a><\/li>\n<li><a href=\"https:\/\/www.freiburg-schwarzwald.de\/kinder1.htm\">Kindergartenweihnacht in St.M\u00e4rgen 2000<\/a><\/li>\n<li><a title=\"Betreuungsgeld\" href=\"https:\/\/www.freiburg-schwarzwald.de\/blog\/selbsthilfe\/familie\/betreuungsgeld\/\">Betreuungsgeld am 9.11.2012<\/a><\/li>\n<li><\/li>\n<li><a title=\"Babyboom\" href=\"https:\/\/www.freiburg-schwarzwald.de\/blog\/selbsthilfe\/kinder\/babyboom\/\">Babyboom<\/a><\/li>\n<li><a href=\"https:\/\/www.freiburg-schwarzwald.de\/blog\/business\/gesund\/corona-virus\/corona-kinder\/\">Corona-Kinder<\/a><\/li>\n<li><a title=\"Erziehungsberatung\" href=\"https:\/\/www.freiburg-schwarzwald.de\/blog\/bildung\/erziehungsberatung\/\">Erziehungsberatung<\/a><\/li>\n<li><a href=\"https:\/\/www.freiburg-schwarzwald.de\/familienzentrum.htm\">Familienzentren<\/a> &gt;Familienzentrum<\/li>\n<li><a href=\"https:\/\/www.freiburg-schwarzwald.de\/blog\/selbsthilfe\/frauen\/gender\/sexuell\/fruehsexualisierung\/\">Fr\u00fchsexulisierung<\/a><\/li>\n<li><a title=\"Kids\" href=\"https:\/\/www.freiburg-schwarzwald.de\/blog\/selbsthilfe\/kinder\/kids\/\">Kids<\/a><\/li>\n<li><a title=\"Kinderkrippe\" href=\"https:\/\/www.freiburg-schwarzwald.de\/blog\/bildung\/kinderkrippe\/\">Kinderkrippen<\/a><\/li>\n<li><a href=\"https:\/\/www.freiburg-schwarzwald.de\/blog\/bildung\/kindergarten\/kita\/\">Kita<\/a><\/li>\n<li><a href=\"https:\/\/www.freiburg-schwarzwald.de\/blog\/selbsthilfe\/frauen\/gender\/lgbtq\/\">LBGTQ<\/a><\/li>\n<li><a title=\"Praegung\" href=\"https:\/\/www.freiburg-schwarzwald.de\/blog\/selbsthilfe\/kinder\/praegung\/\">Pr\u00e4gung<\/a><\/li>\n<li><a href=\"https:\/\/www.freiburg-schwarzwald.de\/littenweiler\/spielplatz.htm\">Spielpl\u00e4tze<\/a> &gt;Spielplatz<\/li>\n<li><a href=\"https:\/\/www.freiburg-schwarzwald.de\/spielzeug.htm\">Spielzeug f\u00fcr Kinder<\/a> &gt;Spielzeug<\/li>\n<li><a href=\"https:\/\/www.freiburg-schwarzwald.de\/maerchen.htm\">M\u00e4rchenerz\u00e4hler<\/a> &gt;Maerchen<\/li>\n<\/ul>\n<p>&nbsp;<\/p>\n<h5><a href=\"https:\/\/www.freiburg-schwarzwald.de\/blog\/bildung\/kindergarten\/fahrrad-rappelkiste120717\/\" rel=\"attachment wp-att-8096\"><img loading=\"lazy\" decoding=\"async\" class=\"alignnone size-thumbnail wp-image-8096\" title=\"fahrrad-rappelkiste120717\" src=\"https:\/\/www.freiburg-schwarzwald.de\/blog\/wp-content\/uploads\/2012\/04\/fahrrad-rappelkiste120717-180x135.jpg\" alt=\"\" width=\"180\" height=\"135\" srcset=\"https:\/\/www.freiburg-schwarzwald.de\/blog\/wp-content\/uploads\/2012\/04\/fahrrad-rappelkiste120717-180x135.jpg 180w, https:\/\/www.freiburg-schwarzwald.de\/blog\/wp-content\/uploads\/2012\/04\/fahrrad-rappelkiste120717.jpg 640w\" sizes=\"auto, (max-width: 180px) 100vw, 180px\" \/><\/a>\u00a0\u00a0\u00a0\u00a0\u00a0\u00a0\u00a0\u00a0\u00a0\u00a0<a href=\"https:\/\/www.freiburg-schwarzwald.de\/blog\/bildung\/kindergarten\/littenweiler3kleine-linde140928\/\" rel=\"attachment wp-att-50941\"><img loading=\"lazy\" decoding=\"async\" class=\"alignnone size-thumbnail wp-image-50941\" src=\"https:\/\/www.freiburg-schwarzwald.de\/blog\/wp-content\/uploads\/2012\/04\/littenweiler3kleine-linde140928-180x135.jpg\" alt=\"littenweiler3kleine-linde140928\" width=\"180\" height=\"135\" srcset=\"https:\/\/www.freiburg-schwarzwald.de\/blog\/wp-content\/uploads\/2012\/04\/littenweiler3kleine-linde140928-180x135.jpg 180w, https:\/\/www.freiburg-schwarzwald.de\/blog\/wp-content\/uploads\/2012\/04\/littenweiler3kleine-linde140928.jpg 640w\" sizes=\"auto, (max-width: 180px) 100vw, 180px\" \/><\/a>\u00a0\u00a0\u00a0\u00a0\u00a0\u00a0\u00a0\u00a0\u00a0 <a href=\"https:\/\/www.freiburg-schwarzwald.de\/blog\/bildung\/kindergarten\/streik-kita150518\/\" rel=\"attachment wp-att-54581\"><img loading=\"lazy\" decoding=\"async\" class=\"alignnone size-thumbnail wp-image-54581\" src=\"https:\/\/www.freiburg-schwarzwald.de\/blog\/wp-content\/uploads\/2012\/04\/streik-kita150518-180x135.jpg\" alt=\"streik-kita150518\" width=\"180\" height=\"135\" srcset=\"https:\/\/www.freiburg-schwarzwald.de\/blog\/wp-content\/uploads\/2012\/04\/streik-kita150518-180x135.jpg 180w, https:\/\/www.freiburg-schwarzwald.de\/blog\/wp-content\/uploads\/2012\/04\/streik-kita150518.jpg 640w\" sizes=\"auto, (max-width: 180px) 100vw, 180px\" \/><\/a><br \/>\n(1) Kinder &#8211; Kinderfahrr\u00e4der\u00a0\u00a0\u00a0\u00a0\u00a0\u00a0\u00a0\u00a0\u00a0\u00a0\u00a0\u00a0\u00a0\u00a0\u00a0\u00a0\u00a0\u00a0\u00a0\u00a0(2) <a href=\"https:\/\/www.kleine-linde.de\">www.kleine-linde.de<\/a> am 28.9.2014\u00a0\u00a0\u00a0 (3) Kita-Streik am 18.5.205 in FR<\/h5>\n<p>&nbsp;<\/p>\n<p>&nbsp;<\/p>\n<p><strong>Freiburger Kinderhausinitiative &#8211; gemeinn\u00fctziger Verein<\/strong><\/p>\n<p>Freiburger Kinderhausinitiative e.V.<br \/>\nHabsburgerstrasse 9, 79104 Freiburg, Tel. 0761 &#8211; 7076822<br \/>\n<a href=\"https:\/\/www.freiburger-kinderhausinitiative.de\">www.freiburger-kinderhausinitiative.de<\/a><\/p>\n<p>&nbsp;<\/p>\n<p><strong>Auf die Bereichnung Kinderg\u00e4rtnerin sollte man stolz sein<\/strong><br \/>\n&#8222;Kinderg\u00e4rtnerin&#8220; ist keine abwertende Bezeichnung. Frau Siebenschock ist der Auffassung, &#8222;Kinderg\u00e4rtner&#8220; und &#8222;Kinderg\u00e4rtnerin&#8220; sei &#8222;eine veraltete und nicht wertsch\u00e4tzende Bezeichnung&#8220; und erkennt in &#8222;Erzieher&#8220; oder &#8222;Erzieherin&#8220; den angemesseneren Begriff. Statt dass man stolz auf den Begriff &#8222;Kindergarten&#8220; ist, der als eines der wenigen deutschen W\u00f6rter international bekannt ist, empfindet man ihn als \u00fcberholt und abwertend. Weshalb eigentlich? Weil man den historischen Ursprung gar nicht mehr kennt? &#8222;Kindergartentante&#8220; w\u00e4re nun wirklich unangemessen, aber &#8222;Kinderg\u00e4rtnerin&#8220;?<br \/>\nKinderg\u00e4rten haben seit Fr\u00f6bel, auf den der Begriff zur\u00fcckgeht, einen Erziehungs- und Bildungsauftrag. Die Kinder waren historisch \u00fcbrigens nicht die Pfl\u00e4nzchen in diesem Garten, sondern aktive G\u00e4rtner. Fr\u00f6bels &#8222;Gaben&#8220; haben einen ausdr\u00fccklichen Bildungscharakter. Tats\u00e4chlich blendet &#8222;Erzieher&#8220; den Bildungsauftrag sehr viel mehr aus, als dies der Begriff &#8222;Kinderg\u00e4rtnerin&#8220; vermeintlich tut.<br \/>\nIn der Schweiz nennen sich &#8222;Kinderg\u00e4rtnerinnen&#8220; und &#8222;Kinderg\u00e4rtner&#8220; mit Recht und Stolz so, und dort werden sie an Hochschulen ausgebildet und \u00e4hnlich wie Grundschullehrkr\u00e4fte bezahlt. Tragen Sie die Bezeichnung &#8222;Kinderg\u00e4rtnerin&#8220; mit dem gebotenen Selbstbewusstsein! Sie sind doch tats\u00e4chlich viel mehr als Erzieherin.<br \/>\n31.12.2018, Thomas Royar, Breisach, BZ<\/p>\n<p><strong>Kinderg\u00e4rtnerin ist eine veraltete und nicht wertsch\u00e4tzende Bezeichnung?<\/strong><br \/>\nIn der Rubrik &#8222;Menschen&#8220; meinte der CDU- Politiker Jens Spahn, dass er sich h\u00e4tte vorstellen k\u00f6nnen, &#8222;Kinderg\u00e4rtner&#8220; zu werden. Als angehende Erzieherin kann ich mich nicht mit diesem Begriff anfreunden, da er schlicht und einfach nicht mehr g\u00fcltig ist. Kinderg\u00e4rtner und Kinderg\u00e4rtnerin ist eine veraltete und nicht wertsch\u00e4tzende Bezeichnung. Die neue und deutlich st\u00e4rker wertsch\u00e4tzende Definition ist Erzieher und Erzieherin oder p\u00e4dagogische Fachkraft. Ein Erzieher und eine Erzieherin oder p\u00e4dagogische Fachkraft hat in den letzten Jahren mehr Aufgaben bekommen. Ein Erzieher, eine Erzieherin ist Begleiter und Unterst\u00fctzer von Bildungs- und Lernprozessen. Jeder Entwicklungsschritt muss aufgefasst und dokumentiert werden. Jeden Tag wird man vor neue Herausforderungen gestellt.<br \/>\n12.12.2018, Agnetha Siebenschock, Freiamt<\/p>\n","protected":false},"excerpt":{"rendered":"<p>Home &gt;Bildung &gt;Kindergarten Listenauswahl eines Beitrags (Artikel\/Datum, Seite\/Inhalt):\u00a0Klicken\u00a0oder scrollen Holzpenisse und Leckt\u00fccher: Sozialistischer Jugendverband \u201eFalken\u201c empfiehlt Sex-Spiele f\u00fcr Kinder ab sechs\u00a0(28.4.2026) Tatort Kita: Fr\u00fchsexualisierung\u00a0(16.11.2025) Tatort Kita: Der woke Angriff auf unsere Kinder\u00a0(6.11.2025) Vierj\u00e4hrige wegen falscher politischer Einstellung (AfD) aus Kita &hellip; <a href=\"https:\/\/www.freiburg-schwarzwald.de\/blog\/bildung\/kindergarten\/\">Weiterlesen <span class=\"meta-nav\">&rarr;<\/span><\/a><\/p>\n","protected":false},"author":2,"featured_media":0,"parent":93,"menu_order":0,"comment_status":"open","ping_status":"closed","template":"","meta":{"footnotes":""},"class_list":["post-985","page","type-page","status-publish","hentry"],"_links":{"self":[{"href":"https:\/\/www.freiburg-schwarzwald.de\/blog\/wp-json\/wp\/v2\/pages\/985","targetHints":{"allow":["GET"]}}],"collection":[{"href":"https:\/\/www.freiburg-schwarzwald.de\/blog\/wp-json\/wp\/v2\/pages"}],"about":[{"href":"https:\/\/www.freiburg-schwarzwald.de\/blog\/wp-json\/wp\/v2\/types\/page"}],"author":[{"embeddable":true,"href":"https:\/\/www.freiburg-schwarzwald.de\/blog\/wp-json\/wp\/v2\/users\/2"}],"replies":[{"embeddable":true,"href":"https:\/\/www.freiburg-schwarzwald.de\/blog\/wp-json\/wp\/v2\/comments?post=985"}],"version-history":[{"count":5,"href":"https:\/\/www.freiburg-schwarzwald.de\/blog\/wp-json\/wp\/v2\/pages\/985\/revisions"}],"predecessor-version":[{"id":148489,"href":"https:\/\/www.freiburg-schwarzwald.de\/blog\/wp-json\/wp\/v2\/pages\/985\/revisions\/148489"}],"up":[{"embeddable":true,"href":"https:\/\/www.freiburg-schwarzwald.de\/blog\/wp-json\/wp\/v2\/pages\/93"}],"wp:attachment":[{"href":"https:\/\/www.freiburg-schwarzwald.de\/blog\/wp-json\/wp\/v2\/media?parent=985"}],"curies":[{"name":"wp","href":"https:\/\/api.w.org\/{rel}","templated":true}]}}