{"id":98178,"date":"2022-02-02T21:07:30","date_gmt":"2022-02-02T20:07:30","guid":{"rendered":"https:\/\/www.freiburg-schwarzwald.de\/blog\/?page_id=98178"},"modified":"2022-02-04T09:49:14","modified_gmt":"2022-02-04T08:49:14","slug":"corona-establishment","status":"publish","type":"page","link":"https:\/\/www.freiburg-schwarzwald.de\/blog\/business\/gesund\/corona-virus\/corona-establishment\/","title":{"rendered":"Corona-Establishment"},"content":{"rendered":"<p><a href=\"https:\/\/freiburg-schwarzwald.de\/blog\">Home<\/a>\u00a0&gt;<a title=\"Zukunft\" href=\"https:\/\/www.freiburg-schwarzwald.de\/blog\/engagement\/zukunft\/\">Zukunft<\/a>\u00a0&gt;<a title=\"Demokratie\" href=\"https:\/\/www.freiburg-schwarzwald.de\/blog\/engagement\/zukunft\/demokratie\/\">Demokratie<\/a>\u00a0&gt;<a title=\"Deutschland\" href=\"https:\/\/www.freiburg-schwarzwald.de\/blog\/global\/deutschland\/\">Deutschland<\/a>\u00a0&gt;<a href=\"https:\/\/www.freiburg-schwarzwald.de\/blog\/business\/gesund\/corona-virus\/\">\u00a0Corona-Virus<\/a> &gt;Corona-Establishment<\/p>\n<div id=\"attachment_84882\" style=\"width: 647px\" class=\"wp-caption alignnone\"><a href=\"https:\/\/www.freiburg-schwarzwald.de\/blog\/wp-content\/uploads\/2020\/11\/ermaechtigungsgesetz-berlin20201118pan.jpg\"><img loading=\"lazy\" decoding=\"async\" aria-describedby=\"caption-attachment-84882\" class=\"size-full wp-image-84882\" src=\"https:\/\/www.freiburg-schwarzwald.de\/blog\/wp-content\/uploads\/2020\/11\/ermaechtigungsgesetz-berlin20201118pan.jpg\" alt=\"\" width=\"637\" height=\"332\" srcset=\"https:\/\/www.freiburg-schwarzwald.de\/blog\/wp-content\/uploads\/2020\/11\/ermaechtigungsgesetz-berlin20201118pan.jpg 637w, https:\/\/www.freiburg-schwarzwald.de\/blog\/wp-content\/uploads\/2020\/11\/ermaechtigungsgesetz-berlin20201118pan-180x94.jpg 180w\" sizes=\"auto, (max-width: 637px) 100vw, 637px\" \/><\/a><p id=\"caption-attachment-84882\" class=\"wp-caption-text\">Wasserwerfer gegen friedlich gegen das &#8222;Corona-Erm\u00e4chtigungsgesetz&#8220; demonstrierende B\u00fcrger am 18.11.2020 in Berlin<\/p><\/div>\n<ul>\n<li><a href=\"https:\/\/www.freiburg-schwarzwald.de\/blog\/fuenf-lehren-nach-corona-ende\/\">F\u00fcnf Lehren nach Corona-Ende<\/a>\u00a0(3.2.2022)<\/li>\n<li>Politisches Establishment in Coronazeiten: missachtet Freiheit und Recht (2.2.2022)<\/li>\n<\/ul>\n<ul>\n<li><a href=\"https:\/\/www.freiburg-schwarzwald.de\/blog\/religion\/christen\/abendland\/\">Abendland<\/a><\/li>\n<li><a title=\"Antirassismus\" href=\"https:\/\/www.freiburg-schwarzwald.de\/blog\/engagement\/rassismus\/antirassismus\/\">Antirassismus<\/a><\/li>\n<li><a href=\"https:\/\/www.freiburg-schwarzwald.de\/blog\/engagement\/rassismus\/antiweisser-rassismus\/\">Antiwei\u00dfer-Rassismus<\/a><\/li>\n<li><a title=\"CancelCulture\" href=\"https:\/\/www.freiburg-schwarzwald.de\/blog\/kultur\/kulturverlust\/cancelculture\/\">CancelCulture<\/a><\/li>\n<li><a href=\"https:\/\/www.freiburg-schwarzwald.de\/blog\/religion\/christen\/christentum\/\">Christentum<\/a><\/li>\n<li><a href=\"https:\/\/www.freiburg-schwarzwald.de\/blog\/business\/gesund\/corona-virus\/corona-abendland\/\">Corona-Abendland<\/a><\/li>\n<li><a href=\"https:\/\/www.freiburg-schwarzwald.de\/blog\/kultur\/kulturverlust\/dekadenz\/\">Dekadenz<\/a><\/li>\n<li><a title=\"Entwurzelung\" href=\"https:\/\/www.freiburg-schwarzwald.de\/blog\/global\/migration\/entwurzelung\/\">Entwurzelung<\/a><\/li>\n<li><a href=\"https:\/\/www.freiburg-schwarzwald.de\/blog\/engagement\/zukunft\/demokratie\/nation\/flaggen\/\">Flaggen<\/a><\/li>\n<li><a href=\"https:\/\/www.freiburg-schwarzwald.de\/blog\/global\/france\/frankreich-islam\/\">Frankreich-Islam<\/a><\/li>\n<li><a title=\"Deutschland-verrecke\" href=\"https:\/\/www.freiburg-schwarzwald.de\/blog\/global\/deutschland\/deutschland-verrecke\/\">Deutschland-verrecke<\/a><\/li>\n<li><a href=\"https:\/\/www.freiburg-schwarzwald.de\/blog\/global\/eu\/europa\/europa-kulturkreis\/\">Europa-Kulturkreis<\/a><\/li>\n<li><a href=\"https:\/\/www.freiburg-schwarzwald.de\/blog\/global\/eu\/europa-nationen\/\">Europa-Nationen<\/a><\/li>\n<li><a href=\"https:\/\/www.freiburg-schwarzwald.de\/blog\/global\/deutschland\/germany-first\/\">Germany first<\/a><\/li>\n<li><a href=\"https:\/\/www.freiburg-schwarzwald.de\/blog\/kultur\/dichter\/houellebecq\/\">Houellebecq<\/a><\/li>\n<li><a href=\"https:\/\/www.freiburg-schwarzwald.de\/blog\/engagement\/zukunft\/demokratie\/identitaetspolitik\/\">Identit\u00e4tspolitik<\/a><\/li>\n<li><a href=\"https:\/\/www.freiburg-schwarzwald.de\/blog\/religion\/juden\/\">Juden<\/a><\/li>\n<li><a href=\"https:\/\/www.freiburg-schwarzwald.de\/blog\/religion\/kirchen\/\">Kirchen<\/a><\/li>\n<li><a href=\"https:\/\/www.freiburg-schwarzwald.de\/blog\/kultur\/kulturkampf\/\">Kulturkampf<\/a><\/li>\n<li><a title=\"Kulturrevolution\" href=\"https:\/\/www.freiburg-schwarzwald.de\/blog\/kultur\/kulturrevolution\/\">Kulturrevolution<\/a><\/li>\n<li><a href=\"https:\/\/www.freiburg-schwarzwald.de\/blog\/kultur\/kulturverlust\/\">Kulturverlust<\/a><\/li>\n<li><a href=\"https:\/\/www.freiburg-schwarzwald.de\/blog\/engagement\/zukunft\/demokratie\/nation\/\">Nation<\/a><\/li>\n<li><a title=\"NWO\" href=\"https:\/\/www.freiburg-schwarzwald.de\/blog\/global\/globalisierung\/nwo\/\">NWO<\/a><\/li>\n<li><a title=\"One-World\" href=\"https:\/\/www.freiburg-schwarzwald.de\/blog\/global\/globalisierung\/one-world\/\">One-World<\/a><\/li>\n<li><a title=\"Selbsthass\" href=\"https:\/\/www.freiburg-schwarzwald.de\/blog\/engagement\/zukunft\/selbsthass\/\">Selbsthass<\/a><\/li>\n<li><a href=\"https:\/\/www.freiburg-schwarzwald.de\/blog\/kultur\/kulturverlust\/sprachregime\/\">Sprachregime<\/a><\/li>\n<li><a href=\"https:\/\/www.freiburg-schwarzwald.de\/blog\/engagement\/zukunft\/demokratie\/westen\/\">Westen<\/a><\/li>\n<li><a href=\"https:\/\/www.freiburg-schwarzwald.de\/blog\/kultur\/kulturverlust\/woke\/\">Woke<\/a><\/li>\n<\/ul>\n<p><strong>Covid hat Deutschland bis jetzt 350 Milliarden Euro gekostet<\/strong><br \/>\nWer bezahlt diese Summe? Die Banken beginnen das Land zu \u00fcbernehmen. Ist das jedem klar ?<br \/>\n==========================================<\/p>\n<p><strong>Politisches Establishment in Coronazeiten: missachtet Freiheit und Recht<br \/>\nViel Zeit zur inneren Gesundung des Abendlandes bleibt nicht<br \/>\n<\/strong><em>Die Covid-Krise ist vor\u00fcber. &#8230; Es wird also h\u00f6chste Zeit, erste Lehren aus den vergangenen zwei Jahren zu ziehen<\/em><strong>.<br \/>\n<\/strong><br \/>\nEine dritte Lehre aus der Krise betrifft die gef\u00e4hrliche Bereitschaft des politischen Establishments, die Freiheitsrechte des B\u00fcrgers massiv zu beschneiden und ohne gr\u00f6\u00dfere Diskussion, ja scheinbar ohne \u00fcberhaupt die Spur einer Wahrnehmung dessen, was auf dem Spiel steht, den Rechtsstaat abzubauen, und das nicht nur in jener Phase berechtigter Sorge, wie wir sie in den ersten Monaten der Pandemie kannten, sondern weit dar\u00fcber hinaus. Wer bereit ist, ohne demokratische Debatte oder selbst Anh\u00f6rung des Parlaments grundlegende Rechte wie Versammlungsfreiheit, Meinungsfreiheit, Bewegungsfreiheit, Pressefreiheit oder Datenschutz massiven Beschr\u00e4nkungen zu unterziehen und Skeptiker der jeweiligen Regierungspolitik als \u201eVerfassungsfeinde\u201c zu brandmarken und politischer Spionage wie vielf\u00e4ltigen Repressionen zu unterziehen, der hat wohl von den geistigen Grundlagen eines freiheitlichen und demokratischen Systems nicht viel verstanden. Die erschreckende Brutalit\u00e4t und Schnelligkeit, mit welcher ideologische Mechanismen erneut salonf\u00e4hig geworden sind, wie man sie seit dem Ende des Totalitarismus in Westeuropa nicht mehr gekannt hat, l\u00e4\u00dft \u00dcbles ahnen, wenn es um die Krisen der Zukunft geht, seien es reale wie etwa die anstehende Wirtschaftskrise oder die Auseinandersetzung mit dem aufstrebenden China, seien es imagin\u00e4re wie etwa die Klimakrise, der \u201eKampf gegen rechts\u201c oder die Umsetzung verschiedenster sozialer Quoten. Da\u00df der Politik also nicht mehr zu trauen ist, und zwar nicht nur, was die eine oder andere sekund\u00e4re tagespolitische Pr\u00e4ferenz betrifft, sondern fundamentale Fragen wie die Wahrung der Integrit\u00e4t von K\u00f6rper, Freiheit, Hab und Gut \u2013 von demokratischer Transparenz und strikter Unabh\u00e4ngigkeit von Lobbys und Bestechungen ganz abgesehen \u2013, d\u00fcrfte wohl f\u00fcr viele Menschen eine traumatisierende Erfahrung gewesen sein, welche sie wahrscheinlich dauerhaft von einer vertrauensvollen politischen Partizipation abhalten d\u00fcrfte.<br \/>\n&#8230; Alles vom 2.2.2022 von David Engels bitte lesen auf<br \/>\n<a href=\"https:\/\/www.tichyseinblick.de\/meinungen\/viel-zeit-zur-inneren-gesundung-des-abendlandes-bleibt-nicht\/\">https:\/\/www.tichyseinblick.de\/meinungen\/viel-zeit-zur-inneren-gesundung-des-abendlandes-bleibt-nicht\/<\/a><\/p>\n","protected":false},"excerpt":{"rendered":"<p>Home\u00a0&gt;Zukunft\u00a0&gt;Demokratie\u00a0&gt;Deutschland\u00a0&gt;\u00a0Corona-Virus &gt;Corona-Establishment F\u00fcnf Lehren nach Corona-Ende\u00a0(3.2.2022) Politisches Establishment in Coronazeiten: missachtet Freiheit und Recht (2.2.2022) Abendland Antirassismus Antiwei\u00dfer-Rassismus CancelCulture Christentum Corona-Abendland Dekadenz Entwurzelung Flaggen Frankreich-Islam Deutschland-verrecke Europa-Kulturkreis Europa-Nationen Germany first Houellebecq Identit\u00e4tspolitik Juden Kirchen Kulturkampf Kulturrevolution Kulturverlust Nation NWO One-World &hellip; <a href=\"https:\/\/www.freiburg-schwarzwald.de\/blog\/business\/gesund\/corona-virus\/corona-establishment\/\">Weiterlesen <span class=\"meta-nav\">&rarr;<\/span><\/a><\/p>\n","protected":false},"author":2,"featured_media":0,"parent":79419,"menu_order":0,"comment_status":"closed","ping_status":"closed","template":"","meta":{"footnotes":""},"class_list":["post-98178","page","type-page","status-publish","hentry"],"_links":{"self":[{"href":"https:\/\/www.freiburg-schwarzwald.de\/blog\/wp-json\/wp\/v2\/pages\/98178","targetHints":{"allow":["GET"]}}],"collection":[{"href":"https:\/\/www.freiburg-schwarzwald.de\/blog\/wp-json\/wp\/v2\/pages"}],"about":[{"href":"https:\/\/www.freiburg-schwarzwald.de\/blog\/wp-json\/wp\/v2\/types\/page"}],"author":[{"embeddable":true,"href":"https:\/\/www.freiburg-schwarzwald.de\/blog\/wp-json\/wp\/v2\/users\/2"}],"replies":[{"embeddable":true,"href":"https:\/\/www.freiburg-schwarzwald.de\/blog\/wp-json\/wp\/v2\/comments?post=98178"}],"version-history":[{"count":6,"href":"https:\/\/www.freiburg-schwarzwald.de\/blog\/wp-json\/wp\/v2\/pages\/98178\/revisions"}],"predecessor-version":[{"id":98294,"href":"https:\/\/www.freiburg-schwarzwald.de\/blog\/wp-json\/wp\/v2\/pages\/98178\/revisions\/98294"}],"up":[{"embeddable":true,"href":"https:\/\/www.freiburg-schwarzwald.de\/blog\/wp-json\/wp\/v2\/pages\/79419"}],"wp:attachment":[{"href":"https:\/\/www.freiburg-schwarzwald.de\/blog\/wp-json\/wp\/v2\/media?parent=98178"}],"curies":[{"name":"wp","href":"https:\/\/api.w.org\/{rel}","templated":true}]}}