{"id":97384,"date":"2022-01-12T17:42:46","date_gmt":"2022-01-12T16:42:46","guid":{"rendered":"https:\/\/www.freiburg-schwarzwald.de\/blog\/?page_id=97384"},"modified":"2022-01-12T17:46:00","modified_gmt":"2022-01-12T16:46:00","slug":"hausbegruenung","status":"publish","type":"page","link":"https:\/\/www.freiburg-schwarzwald.de\/blog\/business\/dienste\/immobilien\/hausbegruenung\/","title":{"rendered":"Hausbegr\u00fcnung"},"content":{"rendered":"<p>d<\/p>\n<div id=\"attachment_96474\" style=\"width: 649px\" class=\"wp-caption alignnone\"><a href=\"https:\/\/www.freiburg-schwarzwald.de\/blog\/wp-content\/uploads\/2021\/12\/nebel-dreisamtal-lindlehoeh20211124pan.jpg\"><img loading=\"lazy\" decoding=\"async\" aria-describedby=\"caption-attachment-96474\" class=\"size-full wp-image-96474\" src=\"https:\/\/www.freiburg-schwarzwald.de\/blog\/wp-content\/uploads\/2021\/12\/nebel-dreisamtal-lindlehoeh20211124pan.jpg\" alt=\"\" width=\"639\" height=\"282\" srcset=\"https:\/\/www.freiburg-schwarzwald.de\/blog\/wp-content\/uploads\/2021\/12\/nebel-dreisamtal-lindlehoeh20211124pan.jpg 639w, https:\/\/www.freiburg-schwarzwald.de\/blog\/wp-content\/uploads\/2021\/12\/nebel-dreisamtal-lindlehoeh20211124pan-180x79.jpg 180w\" sizes=\"auto, (max-width: 639px) 100vw, 639px\" \/><\/a><p id=\"caption-attachment-96474\" class=\"wp-caption-text\">Von der Lindleh\u00f6h bei St.Peter \u00fcbers neblige Dreisamtal zum Schauinsland am 27.11.2021<\/p><\/div>\n<ul>\n<li>Vertiko \u2013 Unternehmen f\u00fcr Vertikalbegr\u00fcnungskonzepte im Dreisamtal (12.1.2022)<\/li>\n<\/ul>\n<p>&nbsp;<\/p>\n<p><strong>Vertiko \u2013 Unternehmen f\u00fcr Vertikalbegr\u00fcnungskonzepte im Dreisamtal<\/strong><br \/>\nAusgezeichnet mit dem Deutschen Nachhaltigkeitspreis<br \/>\nBuchenbach (de.) Vor zw\u00f6lf Jahren hat der Garten- und Landschaftsbauer Stefan Brandhorst nach langen Jahren mit Versuchs- und Testaufbauten die Vertiko GmbH \u2013 Vertikalbegr\u00fcnungskonzepte gegr\u00fcndet.<a href=\"https:\/\/www.vertiko.de\/\"> https:\/\/www.vertiko.de\/<\/a><br \/>\nSeither treibt er die Idee der vertikalen Begr\u00fcnung sowohl mit wandgebundenen Systemen als auch mit Kletterpflanzen voran. W\u00e4hrend es im Dreisamtal noch kaum Referenzprojekte gibt, ist Vertiko bundesweit an vielen Orten sogar sehr prominent zu finden. So zum Beispiel im Terminal 2 des Frankfurter Flughafens; dort sind zwei 135-Quadratmeter gro\u00dfe W\u00e4nde vertikal bepflanzt und verbessern dort Luft und Raumklima. Am Eingang des City-Tunnels in Darmstadt wurden W\u00e4nde als Forschungsprojekt begr\u00fcnt. Dort wird mit verschiedenen Pflanzen und Vegetationsarten und Techniken experimentiert; f\u00fcr die Bew\u00e4sserung wird beispielsweise Grauwasser benutzt. Erforscht wird, wie Pflanzen an einer vielbefahrenen Verkehrsader auf die hohe Abgaskonzentration reagieren und ob sie die Luftqualit\u00e4t verbessern k\u00f6nnen. Ein weiteres Projekt ist die Begr\u00fcnung einer Wand des Europ\u00e4ischen Laboratoriums f\u00fcr Molekularbiologie in Heidelberg mit \u00fcber 3000 Pflanzen. Stefan Brandhorst brannte von Anfang an f\u00fcr die Idee, St\u00e4dte gr\u00fcner zu machen. Inzwischen ist sein Familienbetrieb auf 32 Mitarbeiter angewachsen. Architekten, Ingenieure, Biologen und G\u00e4rtner arbeiten im Team zusammen und sind bundesweit auf Baustellen unterwegs. Gr\u00fcne W\u00e4nde statt Beton Der Klimawandel ist Fakt. Die St\u00e4dte erhitzen sich im Sommer durch die W\u00e4rmer\u00fcckstrahlung asphalt- und betonversiegelter Fl\u00e4chen immer st\u00e4rker. Inzwischen entstehen regelrecht selbst erzeugte und stabile Hochdruckgebiete ohne Niederschlag. Der Grundwasserspiegel sinkt und mittelfristig versteppen und verw\u00fcsten ganze Regionen. Bepflanzte Geb\u00e4ude wirken diesem Kreislauf entgegen. Sie so einen wichtigen Beitrag f\u00fcr den K\u00fchlungs- und Verdunstungskreislauf. Die Pflanzen filtern und k\u00fchlen die Luft sp\u00fcrbar und bieten gleichzeitig Insekten und V\u00f6geln Lebensr\u00e4ume, die ihnen in den St\u00e4dten mehr und mehr genommen werden. Dar\u00fcber hinaus wirken die Pflanzenfassaden auch als L\u00e4rmschutz.<br \/>\nDas Vertiko Living-Wall-OutdoorSystem l\u00e4sst gr\u00fcne, lebendige Pflanzenw\u00e4nde entstehen. Die Sorge, dass die Pflanzen die Fassade besch\u00e4digen, ist unbegr\u00fcndet, denn es handelt sich um eine vorgeh\u00e4ngte und hinterl\u00fcftete Konstruktion. Die Bausubstanz wird so sogar gesch\u00fctzt. W\u00e4hrend die lebende Wand im Sommer f\u00fcr K\u00fchlung sorgt, dient sie im Winter als W\u00e4rmed\u00e4mmung und senkt die Energiekosten. Die W\u00e4nde k\u00f6nnen mit Stauden, Farnen, Gr\u00e4sern und Kleingeh\u00f6lzen vielf\u00e4ltig und individuell gestaltet werden. Vertiko leistete hierf\u00fcr jahrelange Pionierarbeit in der Auswahl geeigneter Pflanzen. F\u00fcr die ausget\u00fcftelte Fassadenkonstruktion mit integriertem Tr\u00f6pfchenBew\u00e4sserungssystem wurde Vertiko Ende des vergangenen Jahres mit dem Deutschen Nachhaltigkeitspreis ausgezeichnet. Der Deutsche Nachhaltigkeitspreis ist eine nationale Auszeichnung f\u00fcr Spitzenleistungen der Nachhaltigkeit in Wirtschaft, Kommunen und Forschung. Die Auszeichnung wird von der Stiftung Deutscher Nachhaltigkeitspreis in Zusammenarbeit mit der Bundesregierung, kommunalen Spitzenverb\u00e4nden, Wirtschaftsvereinigungen, zivilgesellschaftlichen Organisationen und Forschungseinrichtungen vergeben.<br \/>\nMit Yannic Brandhorst ist die zweite Generation in das Familienunternehmen eingestiegen. \u201eUns als Firma liegt daran, die Welt ein bisschen besser zu machen und einen aktiven Beitrag f\u00fcr die KlimaAnpassung zu leisten,\u201c so Brandhorst. Deshalb freuen wir uns sehr \u00fcber die Auszeichnung der anspruchsvollen Jury des renommierten Deutschen Nachhaltigkeitspreises. Wir nehmen sie als Ansporn, die moderne Architektur in den St\u00e4dten mit den vielf\u00e4ltigen M\u00f6glichkeiten der Geb\u00e4udebegr\u00fcnung weiter aufzuwerten!\u201c<br \/>\n12.1.2022, https:\/\/www.dreisamtaeler.de<br \/>\nhttps:\/\/www.freiburg-schwarzwald.de\/littenweiler\/gartenbau1.htm#Vertiko:%20Moos-Dach%20zur%20W%C3%A4rmed%C3%A4mmung%20und%20Dekoration<\/p>\n<p>https:\/\/www.freiburg-schwarzwald.de\/littenweiler\/dachgarten.htm<\/p>\n","protected":false},"excerpt":{"rendered":"<p>d Vertiko \u2013 Unternehmen f\u00fcr Vertikalbegr\u00fcnungskonzepte im Dreisamtal (12.1.2022) &nbsp; Vertiko \u2013 Unternehmen f\u00fcr Vertikalbegr\u00fcnungskonzepte im Dreisamtal Ausgezeichnet mit dem Deutschen Nachhaltigkeitspreis Buchenbach (de.) Vor zw\u00f6lf Jahren hat der Garten- und Landschaftsbauer Stefan Brandhorst nach langen Jahren mit Versuchs- und &hellip; <a href=\"https:\/\/www.freiburg-schwarzwald.de\/blog\/business\/dienste\/immobilien\/hausbegruenung\/\">Weiterlesen <span class=\"meta-nav\">&rarr;<\/span><\/a><\/p>\n","protected":false},"author":2,"featured_media":0,"parent":957,"menu_order":0,"comment_status":"closed","ping_status":"closed","template":"","meta":{"footnotes":""},"class_list":["post-97384","page","type-page","status-publish","hentry"],"_links":{"self":[{"href":"https:\/\/www.freiburg-schwarzwald.de\/blog\/wp-json\/wp\/v2\/pages\/97384","targetHints":{"allow":["GET"]}}],"collection":[{"href":"https:\/\/www.freiburg-schwarzwald.de\/blog\/wp-json\/wp\/v2\/pages"}],"about":[{"href":"https:\/\/www.freiburg-schwarzwald.de\/blog\/wp-json\/wp\/v2\/types\/page"}],"author":[{"embeddable":true,"href":"https:\/\/www.freiburg-schwarzwald.de\/blog\/wp-json\/wp\/v2\/users\/2"}],"replies":[{"embeddable":true,"href":"https:\/\/www.freiburg-schwarzwald.de\/blog\/wp-json\/wp\/v2\/comments?post=97384"}],"version-history":[{"count":3,"href":"https:\/\/www.freiburg-schwarzwald.de\/blog\/wp-json\/wp\/v2\/pages\/97384\/revisions"}],"predecessor-version":[{"id":97387,"href":"https:\/\/www.freiburg-schwarzwald.de\/blog\/wp-json\/wp\/v2\/pages\/97384\/revisions\/97387"}],"up":[{"embeddable":true,"href":"https:\/\/www.freiburg-schwarzwald.de\/blog\/wp-json\/wp\/v2\/pages\/957"}],"wp:attachment":[{"href":"https:\/\/www.freiburg-schwarzwald.de\/blog\/wp-json\/wp\/v2\/media?parent=97384"}],"curies":[{"name":"wp","href":"https:\/\/api.w.org\/{rel}","templated":true}]}}