{"id":97229,"date":"2022-01-08T09:41:24","date_gmt":"2022-01-08T08:41:24","guid":{"rendered":"https:\/\/www.freiburg-schwarzwald.de\/blog\/?page_id=97229"},"modified":"2023-02-13T19:07:06","modified_gmt":"2023-02-13T18:07:06","slug":"loeschen","status":"publish","type":"page","link":"https:\/\/www.freiburg-schwarzwald.de\/blog\/kultur\/medien\/zensur\/loeschen\/","title":{"rendered":"L\u00f6schen"},"content":{"rendered":"<p><a href=\"https:\/\/www.freiburg-schwarzwald.de\/blog\">Home<\/a>\u00a0&gt;<a title=\"Kultur\" href=\"https:\/\/www.freiburg-schwarzwald.de\/blog\/kultur\/\">Kultur<\/a>\u00a0&gt;<a title=\"Medien\" href=\"https:\/\/www.freiburg-schwarzwald.de\/blog\/kultur\/medien\/\">Medien<\/a>\u00a0&gt;<a title=\"Zeitung\" href=\"https:\/\/www.freiburg-schwarzwald.de\/blog\/kultur\/medien\/zeitung\/\">Zeitung<\/a> &gt;<a href=\"https:\/\/www.freiburg-schwarzwald.de\/blog\/kultur\/medien\/zensur\/\">Zensur<\/a> &gt;L\u00f6schen<\/p>\n<div id=\"attachment_97056\" style=\"width: 649px\" class=\"wp-caption alignnone\"><a href=\"https:\/\/www.freiburg-schwarzwald.de\/blog\/wp-content\/uploads\/2021\/12\/schwarzwald-alpen-pan211220-1.jpg\"><img loading=\"lazy\" decoding=\"async\" aria-describedby=\"caption-attachment-97056\" class=\"size-full wp-image-97056\" src=\"https:\/\/www.freiburg-schwarzwald.de\/blog\/wp-content\/uploads\/2021\/12\/schwarzwald-alpen-pan211220-1.jpg\" alt=\"\" width=\"639\" height=\"344\" srcset=\"https:\/\/www.freiburg-schwarzwald.de\/blog\/wp-content\/uploads\/2021\/12\/schwarzwald-alpen-pan211220-1.jpg 639w, https:\/\/www.freiburg-schwarzwald.de\/blog\/wp-content\/uploads\/2021\/12\/schwarzwald-alpen-pan211220-1-180x97.jpg 180w\" sizes=\"auto, (max-width: 639px) 100vw, 639px\" \/><\/a><p id=\"caption-attachment-97056\" class=\"wp-caption-text\">Blick vom Schwarzwald nach S\u00fcden \u00fcber Nebel bis zu den Alpen im Dezember 2021<\/p><\/div>\n<p>&nbsp;<\/p>\n<ul>\n<li><a href=\"https:\/\/www.freiburg-schwarzwald.de\/blog\/kultur\/medien\/zensur\/sprechverbot\/\">Dr. Gassmann: So dreist pfeift Youtube auf Urteile deutscher Gerichte<\/a>\u00a0(10.2.2023)<\/li>\n<li>Correctiv verlangt Sperrung von RT Deutsch (18.11.2022)<\/li>\n<li><a href=\"https:\/\/www.freiburg-schwarzwald.de\/blog\/twitter-zensurfrei-elon-musk\/\">Twitter zensurfrei \u2013 Elon Musk<\/a>\u00a0(29.4.2022)<\/li>\n<li><a href=\"https:\/\/www.freiburg-schwarzwald.de\/blog\/kultur\/medien\/deplatforming\/\">Ausgesto\u00dfene der Woche: \u201eScience\u201c lesen und zitieren<\/a>\u00a0(8.4.2022)<\/li>\n<li>Achgut: Zensur gem\u00e4\u00df Gemeinschaftsstandards bzw. Doktrin (7.1.2022)<\/li>\n<\/ul>\n<ul>\n<li><a title=\"Abendland\" href=\"https:\/\/www.freiburg-schwarzwald.de\/blog\/religion\/christen\/abendland\/\">Abendland<\/a><\/li>\n<li><a href=\"https:\/\/www.freiburg-schwarzwald.de\/blog\/kultur\/aufklaerung\/\">Aufkl\u00e4rung<\/a><\/li>\n<li><a href=\"https:\/\/www.freiburg-schwarzwald.de\/blog\/kultur\/kulturverlust\/cancelculture\/\">CancelCulture<\/a><\/li>\n<li><a title=\"Commons\" href=\"https:\/\/www.freiburg-schwarzwald.de\/blog\/kultur\/commons\/\">Commons<\/a><\/li>\n<li><a href=\"https:\/\/www.freiburg-schwarzwald.de\/blog\/kultur\/medien\/deplatforming\/\">Deplatforming<\/a><\/li>\n<li><a title=\"Deutsche-Kultur\" href=\"https:\/\/www.freiburg-schwarzwald.de\/blog\/global\/deutschland\/deutsche-kultur\/\">Deutsche-Kultur<\/a><\/li>\n<li><a title=\"Europa-Leitkultur\" href=\"https:\/\/www.freiburg-schwarzwald.de\/blog\/kultur\/europa-leitkultur\/\">Europa-Leitkultur<\/a><\/li>\n<li><a href=\"https:\/\/www.freiburg-schwarzwald.de\/blog\/kultur\/medien\/freie-medien\/\">Freie-Medien<\/a><\/li>\n<li><a title=\"Gesellschaft\" href=\"https:\/\/www.freiburg-schwarzwald.de\/blog\/global\/deutschland\/gesellschaft\/\">Gesellschaft<\/a><\/li>\n<li><a title=\"Heimat\" href=\"https:\/\/www.freiburg-schwarzwald.de\/blog\/regio\/heimat\/\">Heima<\/a>t<\/li>\n<li><a title=\"Identitaet\" href=\"https:\/\/www.freiburg-schwarzwald.de\/blog\/engagement\/zukunft\/demokratie\/identitaet\/\">identitaet<\/a><\/li>\n<li><a title=\"Kant\" href=\"https:\/\/www.freiburg-schwarzwald.de\/blog\/kultur\/aufklaerung\/kant\/\">Kant<\/a><\/li>\n<li><a title=\"Kulturverlust\" href=\"https:\/\/www.freiburg-schwarzwald.de\/blog\/kultur\/kulturverlust\/\">Kulturverlust<\/a><\/li>\n<li><a title=\"Kulturrevolution\" href=\"https:\/\/www.freiburg-schwarzwald.de\/blog\/kultur\/kulturrevolution\/\">Kulturrevolution<\/a><\/li>\n<li><a title=\"Kunstfreiheit\" href=\"https:\/\/www.freiburg-schwarzwald.de\/blog\/kultur\/kunst\/kunstfreiheit\/\">Kunstfreiheit<\/a><\/li>\n<li><a title=\"Mainstream\" href=\"https:\/\/www.freiburg-schwarzwald.de\/blog\/kultur\/medien\/mainstream\/\">Mainstream<\/a><\/li>\n<li><a title=\"Multikulti\" href=\"https:\/\/www.freiburg-schwarzwald.de\/blog\/kultur\/leitkultur\/multikulti\/\">Multikulti<\/a><\/li>\n<li><a title=\"Parallelkultur\" href=\"https:\/\/www.freiburg-schwarzwald.de\/blog\/global\/integration\/parallelkultur\/\">Parallelkulturen<\/a><\/li>\n<li><a title=\"Political-Correctness\" href=\"https:\/\/www.freiburg-schwarzwald.de\/blog\/kultur\/medien\/political-correctness\/\">Political Correctness<\/a><\/li>\n<li><a title=\"Selbsthass\" href=\"https:\/\/www.freiburg-schwarzwald.de\/blog\/engagement\/zukunft\/selbsthass\/\">Selbsthass<\/a><\/li>\n<li><a href=\"https:\/\/www.freiburg-schwarzwald.de\/blog\/kultur\/kulturverlust\/sprachregime\/\">Sprachregime<\/a><\/li>\n<li><a href=\"https:\/\/www.freiburg-schwarzwald.de\/blog\/kultur\/medien\/zensur\/sprechverbot\/\">Sprechverbot<\/a><\/li>\n<li><a title=\"Untergang\" href=\"https:\/\/www.freiburg-schwarzwald.de\/blog\/religion\/islam\/untergang\/\">Untergang Europas<\/a><\/li>\n<li><a title=\"Werte\" href=\"https:\/\/www.freiburg-schwarzwald.de\/blog\/global\/integration\/werte\/\">Werte<\/a><\/li>\n<li><a href=\"https:\/\/www.freiburg-schwarzwald.de\/blog\/kultur\/kulturverlust\/woke\/\">Woke<\/a><\/li>\n<li><a href=\"https:\/\/www.freiburg-schwarzwald.de\/blog\/kultur\/medien\/zensur\/\">Zensur<\/a><\/li>\n<\/ul>\n<p><strong>Correctiv verlangt Sperrung von RT Deutsch<\/strong><br \/>\nVerbreitern von Falschmeldungen den Mund ganz stopfen. Dies verlangen die Correctiv-Faktenchecker. Sie protestieren, weil der Sender RT dank Schlupfl\u00f6chern immer noch zug\u00e4nglich ist.<br \/>\nDie EU hat den russischen Staatssender RT, fr\u00fcher bekannt als Russia Today, seit M\u00e4rz 2022 im Internet gesperrt, ebenso die Webseite Sputnik. Anders als in den Nicht-EU-L\u00e4ndern Schweiz und Norwegen sind in Deutschland weder RT auf Deutsch <a href=\"https:\/\/de.rt.com\/\">https:\/\/de.rt.com\/<\/a> noch RT auf Englisch <a href=\"https:\/\/www.rt.com\/\">https:\/\/www.rt.com\/<\/a> noch Sputnik <a href=\"https:\/\/www.sputnik.de\/home\/sputnik-home100.html\">https:\/\/www.sputnik.de\/home\/sputnik-home100.html<\/a> zug\u00e4nglich.<br \/>\nDieser schwere Eingriff in die Informationsfreiheit wird damit gerechtfertigt, dass die B\u00fcrgerinnen und B\u00fcrger in den EU-L\u00e4ndern nicht in der Lage seien, Informationen von Propaganda zu unterscheiden.<br \/>\nIn der Schweiz ist Russia Today auf Twitter https:\/\/twitter.com\/RussiaTodayNews und Facebook <a href=\"https:\/\/www.facebook.com\/search\/top?q=rt%20deutschland\">https:\/\/www.facebook.com\/search\/top?q=rt%20deutschland<\/a> zu lesen und zu kommentieren. Die EU dagegen hat RT auch aus den Plattformen Facebook, Instagram, Tiktok, Twitter, YouTube <a href=\"https:\/\/correctiv.org\/faktencheck\/hintergrund\/2021\/12\/10\/weshalb-rt-de-auf-youtube-geloescht-wurde-und-warum-das-inkonsequent-ist\/\">https:\/\/correctiv.org\/faktencheck\/hintergrund\/2021\/12\/10\/weshalb-rt-de-auf-youtube-geloescht-wurde-und-warum-das-inkonsequent-ist\/<\/a> und Telegram in allen EU-L\u00e4ndern verbannt. Einzig der Fernsehempfang russischer Staatssender via Satellit ist auch in der Schweiz und in Norwegen nicht mehr m\u00f6glich.<br \/>\n&#8230; Alles vom 18.11.2022 von Urs P. Gasche bitte lesen auf<br \/>\n<a href=\"https:\/\/www.infosperber.ch\/freiheit-recht\/buergerrechte\/verbreitern-von-falschmeldungen-den-mund-ganz-stopfen\/\">https:\/\/www.infosperber.ch\/freiheit-recht\/buergerrechte\/verbreitern-von-falschmeldungen-den-mund-ganz-stopfen\/<\/a><\/p>\n<p>.<\/p>\n<p><strong>Achgut: Zensur gem\u00e4\u00df Gemeinschaftsstandards bzw. Doktrin<\/strong><br \/>\nLiebe Leserin, lieber Leser! Ich habe mir in letzter Zeit aus gegebenem Anlass \u00f6fter eine bl\u00f6de Frage gestellt. Was sind eigentlich \u201eGemeinschaftsstandards\u201c? Wer im Internet Inhalte publiziert, liest oder mit Social-Media-Kan\u00e4len weiterverbreitet, auf neudeutsch \u201epostet\u201c, begegnet ihnen zwangsl\u00e4ufig in Form von Hinweisen und Warnungen der Plattformbetreiber. Bei Verst\u00f6\u00dfen gegen diese Gemeinschaftsstandards gibt es eine Reihe gestaffelter Restriktionen. Das sind Blockaden oder L\u00f6schungen von Inhalten und Kan\u00e4len, Hinweis-Label auf \u201everd\u00e4chtige\u201c Inhalte, die von sogenannten Faktenpr\u00fcfern f\u00fcr nicht angemessen, faktenverzerrend oder \u201eunzureichend\u201c angesehen wurden, oder in denen von Pr\u00fcfalgorithmen Reizworte oder -bilder gefunden wurden, die als unsittlich angesehen werden und deshalb weder dem Leser noch den Werbetreibenden zugemutet werden sollen. Wir reden hier nicht von Kinderpornografie, Hakenkreuzen und w\u00fcsten Beleidigungen, sondern von allt\u00e4glichem, kritischem Journalismus, der systematisch behindert wird.<br \/>\n&#8230;.<br \/>\nDenn wer auf Basis seiner Standards Willk\u00fcr walten l\u00e4sst und Verleumdung betreibt, vergeht sich eigentlich selbst an der Gemeinschaft. YouTube, eine Tochter von Google, hat unseren Video- und Podcast-Kanal Achgut.Pogo mit \u00fcber 100.000 Abonnenten und hunderten von Beitr\u00e4gen kurz vor Weihnachten komplett gel\u00f6scht. Der Video-Plattform und den Gemeinschaftsstandards gefiel unsere Covid-19-Berichterstattung nicht. Sie war nicht konform mit der Doktrin \u2013 das ist das korrekte Wort f\u00fcr einen autorit\u00e4r ausgerichteten Wahrheitsanspruch, der Andersdenkende und -argumentierende ausgrenzt und vergessen machen will.<br \/>\nDas Wort \u201eGemeinschaftsstandards\u201c ist eigentlich eine lapidare Beschreibung f\u00fcr Folgendes: Eine Menschengruppe, zum Beispiel eine selbsternannte \u201eMehrheit\u201c, oder eine kleine unternehmerische Elite, eine Gruppe \u201eErwachter\u201c, Auserw\u00e4hlter, oder eine Wissenschaft, die sich selbst als das Non-Plus-Ultra exponiert, erkl\u00e4rt ihre Haltung f\u00fcr allgemein verbindlich, unumst\u00f6\u00dflich, unwiderlegbar. Trotz aller \u00dcberlegenheitsgesten: Die sch\u00f6nf\u00e4rberische Wortsch\u00f6pfung \u201eGemeinschaftsstandards\u201c ist so uns\u00e4glich schwach, gerade wegen ihrer peinlichen N\u00e4he zur Doktrin \u2013 und deshalb ist sie genau genommen auch so schwach im Angesicht der allgemeing\u00fcltigen Ethik. Gemeinschaftsstandards sollte man niemals zu probaten Handlungsmaximen erkl\u00e4ren, wie den Kategorischen Imperativ. Sie sind schlicht nicht auf alle Menschen gleicherma\u00dfen \u00fcbertragbar, das ist ihr offensichtlicher Malus. Sie haben den l\u00e4cherlichen Imperativ einer schrillen Bademeisterpfeife.<br \/>\nMir geht das schwache Wort l\u00e4ngst auf den Geist. \u201eGemeinschaftsstandards\u201c sind n\u00e4mlich fettiges Junk-Food im philosophischen Feinschmecker-Universum, Pizza f\u00fcr unbedarfte Opportunisten, D\u00f6ner f\u00fcr Zeitgeist-Gehetzte, Pommes f\u00fcr den schnellen Hunger auf Political Correctness und Gratis-Mut im Compliance-Tunnel. Aber leider liegt der Fra\u00df nicht allen Zeitgenossen schwer im Magen. Das niedrigschwellige Gesinnungs-Mantra kann Unheil anrichten, weil es sich im Windschatten der Gro\u00dfkonzerne und der Big Tech in die Gem\u00fcter schleicht und f\u00fcr die Faktenchecker-Mafia in bare M\u00fcnze verwandeln l\u00e4sst.<br \/>\nDennoch glaube ich, dass in einer funktionierenden Demokratie die rechtschaffene Ethik damit zwar verlangsamt, aber nicht gebeugt oder beendet werden kann. Solange der Rechtsstaat besteht, k\u00f6nnen Gemeinschaftsstandards auf Dauer keine Parallelexistenz f\u00fchren. Sie werden irgendwann abgew\u00e4hlt, oder schlicht juristisch exekutiert.<br \/>\nAlle genannten Beispiele haben ihre Zeit, ihre \u201eFollower\u201c, Fanatiker oder Vollstrecker. Das Wort \u201eGemeinschaftsstandards\u201c ist kein Garant f\u00fcr Wohlverhalten, Rechtschaffenheit und Wahrheit derjenigen, die diese Standards so lautstark vertreten. Dienen sie doch zu h\u00e4ufig der Ausgrenzung und Schikanierung, um Handlungen \u2013 n\u00e4mlich die eigenen \u2013 hochzujubeln und zu adeln.<\/p>\n<p>Die bedauernswerten Kollegen bei YouTube, Facebook, Correctiv und anderen \u201eFaktencheckern\u201c sind sich im Angesicht ihrer moralischen \u00dcberlegenheit und ihrem angeblichen Zugang zu sakrosankten \u201eFakten\u201c oft siegessicher gewesen. Aber sie werden zwangsl\u00e4ufig verlieren, weil Haltung nichts gegen Wahrhaftigkeit ausrichten kann. Das musste auch der Vize-Vorsitzende des Deutschen Journalistenverbandes Mika Beuster zur Kenntnis nehmen, als er in einem MDR-Aktuell-Interview am 30. Dezember an der YouTube-L\u00f6schung von Achgut rein gar nichts auszusetzen hatte und dies nicht als Zensur bezeichnen wollte.<br \/>\nGegen den Feldzug der Moralapostel, der so wenig aufgekl\u00e4rt und abw\u00e4gend, wie rechtschaffen oder unvoreingenommen ist, sollten wir uns klar positionieren. Es muss verhindert werden, dass sich die pubert\u00e4r-cholerischen Ausw\u00fcchse der Cancel Culture und die gesinnungstechnische Schleimspur der Konzerne mit ihren Handlangern weiter breit machen. Das w\u00e4re ein Dienst f\u00fcr die Demokratie.<br \/>\nBleiben Sie uns gewogen, Ihr Fabian Nicolay<br \/>\n&#8230; Alles vom 7.1.2022 bitte lesen im Achgut-Newsletter von <a href=\"https:\/\/www.achgut.com\">https:\/\/www.achgut.com<\/a><\/p>\n","protected":false},"excerpt":{"rendered":"<p>Home\u00a0&gt;Kultur\u00a0&gt;Medien\u00a0&gt;Zeitung &gt;Zensur &gt;L\u00f6schen &nbsp; Dr. Gassmann: So dreist pfeift Youtube auf Urteile deutscher Gerichte\u00a0(10.2.2023) Correctiv verlangt Sperrung von RT Deutsch (18.11.2022) Twitter zensurfrei \u2013 Elon Musk\u00a0(29.4.2022) Ausgesto\u00dfene der Woche: \u201eScience\u201c lesen und zitieren\u00a0(8.4.2022) Achgut: Zensur gem\u00e4\u00df Gemeinschaftsstandards bzw. Doktrin (7.1.2022) &hellip; <a href=\"https:\/\/www.freiburg-schwarzwald.de\/blog\/kultur\/medien\/zensur\/loeschen\/\">Weiterlesen <span class=\"meta-nav\">&rarr;<\/span><\/a><\/p>\n","protected":false},"author":2,"featured_media":0,"parent":60759,"menu_order":0,"comment_status":"closed","ping_status":"closed","template":"","meta":{"footnotes":""},"class_list":["post-97229","page","type-page","status-publish","hentry"],"_links":{"self":[{"href":"https:\/\/www.freiburg-schwarzwald.de\/blog\/wp-json\/wp\/v2\/pages\/97229","targetHints":{"allow":["GET"]}}],"collection":[{"href":"https:\/\/www.freiburg-schwarzwald.de\/blog\/wp-json\/wp\/v2\/pages"}],"about":[{"href":"https:\/\/www.freiburg-schwarzwald.de\/blog\/wp-json\/wp\/v2\/types\/page"}],"author":[{"embeddable":true,"href":"https:\/\/www.freiburg-schwarzwald.de\/blog\/wp-json\/wp\/v2\/users\/2"}],"replies":[{"embeddable":true,"href":"https:\/\/www.freiburg-schwarzwald.de\/blog\/wp-json\/wp\/v2\/comments?post=97229"}],"version-history":[{"count":5,"href":"https:\/\/www.freiburg-schwarzwald.de\/blog\/wp-json\/wp\/v2\/pages\/97229\/revisions"}],"predecessor-version":[{"id":109581,"href":"https:\/\/www.freiburg-schwarzwald.de\/blog\/wp-json\/wp\/v2\/pages\/97229\/revisions\/109581"}],"up":[{"embeddable":true,"href":"https:\/\/www.freiburg-schwarzwald.de\/blog\/wp-json\/wp\/v2\/pages\/60759"}],"wp:attachment":[{"href":"https:\/\/www.freiburg-schwarzwald.de\/blog\/wp-json\/wp\/v2\/media?parent=97229"}],"curies":[{"name":"wp","href":"https:\/\/api.w.org\/{rel}","templated":true}]}}