{"id":96871,"date":"2021-12-22T15:26:31","date_gmt":"2021-12-22T14:26:31","guid":{"rendered":"https:\/\/www.freiburg-schwarzwald.de\/blog\/?page_id=96871"},"modified":"2022-12-17T12:14:04","modified_gmt":"2022-12-17T11:14:04","slug":"omikron","status":"publish","type":"page","link":"https:\/\/www.freiburg-schwarzwald.de\/blog\/business\/gesund\/corona-virus\/omikron\/","title":{"rendered":"Omikron"},"content":{"rendered":"<p><a href=\"https:\/\/www.freiburg-schwarzwald.de\/blog\">Home<\/a>\u00a0&gt;<a title=\"Business\" href=\"https:\/\/www.freiburg-schwarzwald.de\/blog\/business\">Business<\/a>\u00a0&gt;<a title=\"Gesund\" href=\"https:\/\/www.freiburg-schwarzwald.de\/blog\/business\/gesund\/\">Gesund<\/a>\u00a0&gt;<a title=\"Medizin\" href=\"https:\/\/www.freiburg-schwarzwald.de\/blog\/business\/gesund\/medizin\/\">Medizin<\/a>\u00a0&gt;<a title=\"Corona-Virus\" href=\"https:\/\/www.freiburg-schwarzwald.de\/blog\/business\/gesund\/corona-virus\/\">Corona-Virus<\/a> &gt;<a href=\"https:\/\/www.freiburg-schwarzwald.de\/blog\/business\/gesund\/corona-virus\/corona-angst\/\">Corona-Angst<\/a> &gt;Omikron<\/p>\n<div id=\"attachment_96332\" style=\"width: 649px\" class=\"wp-caption alignnone\"><img loading=\"lazy\" decoding=\"async\" aria-describedby=\"caption-attachment-96332\" class=\"size-full wp-image-96332\" src=\"https:\/\/www.freiburg-schwarzwald.de\/blog\/wp-content\/uploads\/2021\/11\/schauinsland-muenstertal-stohren-nebel21nov11pan.jpg\" alt=\"\" width=\"639\" height=\"284\" srcset=\"https:\/\/www.freiburg-schwarzwald.de\/blog\/wp-content\/uploads\/2021\/11\/schauinsland-muenstertal-stohren-nebel21nov11pan.jpg 639w, https:\/\/www.freiburg-schwarzwald.de\/blog\/wp-content\/uploads\/2021\/11\/schauinsland-muenstertal-stohren-nebel21nov11pan-180x80.jpg 180w\" sizes=\"auto, (max-width: 639px) 100vw, 639px\" \/><p id=\"caption-attachment-96332\" class=\"wp-caption-text\">Blick vom Schauinsland \u00fcber Stohren und M\u00fcnstertal ins neblige Rheintal 11\/2021<\/p><\/div>\n<ul>\n<li><a href=\"https:\/\/www.freiburg-schwarzwald.de\/blog\/business\/gesund\/corona-virus\/impfung\/\">Wirtschaftsminister Robert Habeck: \u201eImpfen bis die Nadel gl\u00fcht\u201c<\/a>\u00a0(15.12.2022)<\/li>\n<li><a href=\"https:\/\/www.freiburg-schwarzwald.de\/blog\/bundestag-lehnt-impfpflicht-ab\/\">Bundestag lehnt Impfpflicht ab<\/a>\u00a0(8.4.2022)<\/li>\n<li>Bill Gates: \u201eLeider hat Omikron eine bessere Arbeit geleistet als die Impfung&#8220; (18.2.2022)<\/li>\n<li><a href=\"https:\/\/www.freiburg-schwarzwald.de\/blog\/masken-runter-kinder-befreien\/\">Masken runter \u2013 Kinder befreien<\/a>\u00a0(16.2.2022)<\/li>\n<li><a href=\"https:\/\/www.freiburg-schwarzwald.de\/blog\/business\/gesund\/corona-virus\/corona-wissenschaft\/\">Politisch passende Horrorzahlen zu Covid-19<\/a>\u00a0(28.1.2022)<\/li>\n<li>Abschied von der Angst -Omikron als Ausweg (27.1.2022)<\/li>\n<li>DGKH: Strategiewechsel vom Containment zur Protection (24.1.2022)<\/li>\n<li><a href=\"https:\/\/www.freiburg-schwarzwald.de\/blog\/global\/migration\/migrationspolitik\/\">Migrationspolitik: D\u00e4nemark versus Deutschland<\/a>\u00a0(24.1.2022)<\/li>\n<li><a href=\"https:\/\/www.freiburg-schwarzwald.de\/blog\/omikron-als-rettung\/\">Omikron als Rettung?<\/a> (28.12.2021)<\/li>\n<li>Bericht zur Coronalage: Last Exit Omikron (25.12.2021)<\/li>\n<li>Omikron-Entdeckerin: Versetzen Sie die Menschen nicht in Panik (21.12.2021)<\/li>\n<\/ul>\n<p>&nbsp;<\/p>\n<p><strong>Bill Gates: \u201eLeider hat Omikron eine bessere Arbeit geleistet als die Impfung&#8220;<\/strong><br \/>\n18. Februar, 17.37 Uhr: \u201eWir waren nicht besonders gut darin, Therapeutika zu entwickeln\u201c, sagt Bill Gates auf einer Panneldiskussion der M\u00fcnchner Sicherheitskonferenz (Siko) zum Thema \u201eWann wird die Pandemie vorbei sein?\u201c. Gates geht davon aus, dass es eine weitere Pandemie geben wird. \u201eBeim n\u00e4chsten Mal\u201c sollte man besser sein &#8211; beispielsweise werde derzeit schon an einer universellen Grippeimpfung gearbeitet, die Hoffnung mache. \u201eLeider hat Omikron eine bessere Arbeit geleistet als die Impfung\u201c, meint Gates, was die Immunit\u00e4t in der Bev\u00f6lkerung angehe.<br \/>\n&#8230; Alles vom 18.2.2022 bitte lesen auf<br \/>\n<a href=\"https:\/\/www.merkur.de\/politik\/muenchen-siko-baerbock-sicherheitskonferenz-harris-blinken-putin-scholz-news-aktuell-zr-91356098.amp.html\">https:\/\/www.merkur.de\/politik\/muenchen-siko-baerbock-sicherheitskonferenz-harris-blinken-putin-scholz-news-aktuell-zr-91356098.amp.html<\/a><\/p>\n<p>&nbsp;<\/p>\n<p>&nbsp;<\/p>\n<p>&nbsp;<\/p>\n<p><strong>Abschied von der Angst &#8211; Omikron als Ausweg<\/strong><br \/>\nInzwischen haben immer mehr Menschen wesentlich mehr Angst vor unserer Regierung als vor dem Virus. Angst vor willk\u00fcrlichen, rein politisch motivierten Grundrechtseinschr\u00e4nkungen. Angst, offen ihre Meinung zu sagen, selbst innerhalb von Freundschaften und der eigenen Familie. Angst vor dem Verlust ihres Arbeitsplatzes aufgrund ihrer Impfentscheidung. Angst vor einem sich immer mehr ausbreitenden Hass an den R\u00e4ndern und in der Mitte der Gesellschaft. Angst vor dem immer deutlicher zutage tretenden Mangel an Empathie und Menschlichkeit, sowohl des Staates seinen B\u00fcrgern gegen\u00fcber, als auch innerhalb der Gesellschaft.<\/p>\n<p>Das Virus interessiert das alles nicht. Es will nur \u00fcberleben. Omikron jedoch dr\u00e4ngt sich geradezu auf als m\u00f6glicher Ausweg aus all dem. Aufgrund der, mit dieser Virusvariante verbundenen, verh\u00e4ltnism\u00e4\u00dfig milden Verl\u00e4ufe haben wir die Wahl: Entweder wir folgen den Herren Lauterbach und Wieler in ihre angstbesetzten, dystopischen Phantasiewelten voller m\u00f6glicherweise vielleicht kommenden Herbst auftauchender, m\u00f6glicherweise vielleicht extrem gef\u00e4hrlicher Mutanten, inklusive andauernder, willk\u00fcrlicher Grundrechtseinschr\u00e4nkungen hinter jeder Ecke und Dauerimpfungen im Supermarkt und an der Tankstelle.<\/p>\n<p>Oder wir folgen dem Beispiel anderer L\u00e4nder, schaffen es gemeinsam, unsere Angst und die Grundrechtseinschr\u00e4nkungen loszulassen, und sch\u00fctzen w\u00e4hrenddessen mit sinnvollen und verfassungskonformen Ma\u00dfnahmen unsere vulnerablen Gruppen.<br \/>\nUm anschlie\u00dfend eine Chance zu haben, gemeinsam zu einer neuen Normalit\u00e4t zu gelangen, werden wir zwingend das in den vergangenen zwei Jahren Geschehene aufarbeiten m\u00fcssen. Ansonsten wird es in den kommenden Dekaden keine gesamtgesellschaftliche Normalit\u00e4t mehr geben in unserem Land.<br \/>\n&#8230; Alles vom 28.1.2022 von Mark Marek bitte lesen auf<br \/>\n<a href=\"https:\/\/www.nachdenkseiten.de\/?p=80217\">https:\/\/www.nachdenkseiten.de\/?p=80217<\/a><\/p>\n<p>&nbsp;<\/p>\n<p>&nbsp;<\/p>\n<p><strong>DGKH: Strategiewechsel vom Containment zur Protection<\/strong><br \/>\n<em>DGKH-Stellungnahme zum aktuell notwendigen Strategiewechsel<\/em><br \/>\n<em>Lesen Sie hier die komplette Stellungnahme der DGKH zum Strategiewechsel<br \/>\n<\/em><br \/>\nAktuelle Forderungen der DGKH<br \/>\n1) Die massenhafte Zunahme der Omikron-Infektionen verlangt \u2013 wie im Pandemieplan vorgesehen &#8211; den Strategiewechsel<br \/>\nvom Containment mit dem Ziel der Vermeidung jeder Infektion<br \/>\nhin<br \/>\nzur Protection, d.h. dem Schutz vor schweren Erkrankungen und Tod statt Schutz vor jeder Infektion.<\/p>\n<p>2) F\u00fcr den \u00d6ffentlichen Gesundheitsdienst muss gelten: Priorisierung auf den effektiven Schutz der Vulnerablen und auf gezieltes Ausbruchsmanagement statt ungezielter Kontaktnachverfolgung und umfangreicher Quarant\u00e4nisierung.<br \/>\n3) Die Funktionsf\u00e4higkeit der Kritischen Infrastruktur und des Gesundheitswesens muss sichergestellt werden durch Wegfall inflation\u00e4rer Quarant\u00e4neanordnungen und zu sp\u00e4tem Freitesten<br \/>\n4) Generell sollten strikte beh\u00f6rdliche Quarant\u00e4neanordnungen f\u00fcr Kontaktpersonen ersetzt werden durch eigenverantwortliche Symptomkontrolle und gezieltes Testen mit qualifizierten Antigen-Schnelltests bei Fortsetzung der T\u00e4tigkeit.<\/p>\n<p>5) Priorisierung und Ressourcenschonung auch bei der Teststrategie: PCR-Tests zielgerichtet im Bereich der medizinischen Versorgungsstrukturen und zur Diagnostik von Erkrankungen einsetzen.<br \/>\n6) Die Schulen und Kitas m\u00fcssen offen bleiben. Kinder und Sch\u00fcler geh\u00f6ren nicht zu den vulnerablen Personengruppen.<br \/>\n7) Anlassloses Massentesten bei Kindern und Jugendlichen muss beendet werden. Es f\u00fchrt nicht nur zu einem unn\u00f6tigen Bedarf an PCR-Best\u00e4tigungstesten, die in den medizinischen Versorgungsstrukturen dringlich ben\u00f6tigt werden, sondern auch zu wirkungslosen und inflation\u00e4ren Quarant\u00e4neanordnungen, die die Kritische Infrastruktur durch die h\u00e4usliche Pr\u00e4senz der Eltern zus\u00e4tzlich gef\u00e4hrden.<\/p>\n<p>8) Intensivierung der Impfkampagne im B\u00fcndel mit den etablierten Hygieneschutz- und zielgerichteten Kontaktreduktions-Ma\u00dfnahmen. Impfen sch\u00fctzt vor Erkrankung nicht vor Infektion.<br \/>\n9) Impfpflicht f\u00fcr besondere Gruppen nur nach konsentierten wissenschaftlichen Standards zur Schutzdauer, Schutzeffektivit\u00e4t und zur Wahl der Impfstoffe.<br \/>\n10) Kommunikation, die praxisnahe und konkrete Empfehlungen und nicht nur Warnung in den Vordergrund stellt, sondern die Kompetenz des Einzelnen und das Vertrauen der Gesellschaft in die Pr\u00e4ventionsstrategien st\u00e4rkt.<br \/>\n&#8230; Alles vom 24.1.2022 bitte lesen auf<br \/>\n<a href=\"https:\/\/www.krankenhaushygiene.de\/informationen\/881\">https:\/\/www.krankenhaushygiene.de\/informationen\/881<\/a><\/p>\n<p>.<\/p>\n<p><strong><br \/>\nBericht zur Coronalage: Last Exit Omikron<\/strong><br \/>\nZu Weihnachten eine gute Nachricht. Seit 21 Monaten wird auf Achgut dokumentiert, wie selbst renommierteste Wissenschaftler davor warnen, die neue Corona-Infektion zu dramatisieren. Ich suche immer noch nach der nachpr\u00fcfbaren Kennziffer, die das Vorhandensein einer au\u00dfergew\u00f6hnlichen medizinischen Notlage in Deutschland belegt. Keiner konnte mir, auch nach noch so intensivem Nachfragen, eine solche Zahl nennen. Stattdessen mussten wir erleben, wie sich die Irrsinnsspirale immer schneller dreht, die inzwischen zur gr\u00f6\u00dften Verwerfung der Bundesrepublik Deutschland gef\u00fchrt hat, ja sogar die verfassungsm\u00e4\u00dfige Ordnung selbst bedroht (s.a. GG Art.20 (4)).<\/p>\n<p>Nun erg\u00e4be sich durch die neue Omikron-Variante, die vielleicht letzte Chance f\u00fcr die Politik, mit einem Restanschein von Verstand die Corona-Epidemie als endemisch und damit f\u00fcr beendet zu erkl\u00e4ren. Die Aller-allermeisten k\u00f6nnen sich ungef\u00e4hrlich anstecken, auch die bisherigen 5 Prozent schwereren Verl\u00e4ufe. Keine Impfung kann auf ungef\u00e4hrlichere Weise die Immunisierung der Bev\u00f6lkerung erreichen. Um die wenigen verbleibenden, schweren F\u00e4lle, meist immungeschw\u00e4chte, alte Menschen, w\u00fcrden sich dann allein die Krankenh\u00e4user k\u00fcmmern, die \u2013 endlich vom Joch der Quarant\u00e4nema\u00dfnahmen befreit \u2013 wieder einigerma\u00dfen zum Normalbetrieb zur\u00fcckkehren k\u00f6nnten. Ja ich wei\u00df, es spricht vieles, eigentlich alles dagegen, aber Weihnachten ist ja das Fest der Hoffnung. Und wenn wir ins Ausland blicken, ist zumindest ein wenig Hoffnung berechtigt. Auch deshalb sei der deutschen Politik prophezeit, wenn sie diese Chance nicht nutzt und stattdessen auf Impfzwang setzt, wird die von ihr gesch\u00fcrte gesellschaftliche Zerrissenheit kaum noch kontrollierbar werden. Das deuten die jetzt schon bekannten Impfnebenwirkungen an. Von dem, was diesbez\u00fcglich auf uns zurollen k\u00f6nnte, m\u00f6chte ich Ihnen aber lieber nach Weihnachten berichten.<br \/>\n&#8230; Alles vom 25.12.2021 von Gunter Frank bitte lesen auf<br \/>\n<a href=\"https:\/\/www.achgut.com\/artikel\/bericht_zur_coronalage_last_exit_omikron\">https:\/\/www.achgut.com\/artikel\/bericht_zur_coronalage_last_exit_omikron<\/a><\/p>\n<p>Einige Kommentare:<br \/>\n<strong>Diese Regierung wird wie auch die Vorg\u00e4nger alles daran setzen,<\/strong><br \/>\nOmikron zu erhalten, denn die politischen Ziele sind noch nicht erreicht, sie braucht die hochgepushten Zahlen, um die gesetzeswidrige Impfpflicht durchzusetzen als Grundlage f\u00fcr den EU- Greenpass. Man kann nur empfehlen, die Roadmap for the Implementation of Action- European Commission &#8211; zu googlen , da ist alles nachzulesen.<br \/>\n2.12.2021, M.SCH<\/p>\n<p><strong>Das deckt sich mit \u00c4u\u00dferungen der Entdeckerin von Omicron,<\/strong><br \/>\nFrau Dr. Coetzee aus S\u00fcdafrika, die aufgrund der milden Verl\u00e4ufe der Variante eine Chance auf Durchseuchung und damit das Ende der Pandemie sieht.Zeitgleich ert\u00f6nte, in Deutschland geradezu panikartig der Ruf nach Impfzwang umso lauter.Man k\u00f6nnte meinen, sie wollen uns einfach nur impfen, egal wie es sich entwickelt.Hauptsache impfen.<br \/>\n25.12.2021, D.R.&#8216;<\/p>\n<p><strong>Omikron als Rettung?<\/strong><br \/>\nOmikron k\u00f6nnte also m\u00f6glicherweise anstatt einer ultimativen Bedrohung, eine ultimative Rettung bedeuten. Nur w\u00fcnscht denn die Politik diese m\u00f6gliche Rettung \u00fcberhaupt? Oder wird Omikron vielmehr zum Synonym f\u00fcr die Zuf\u00fcgung eines ultimativen Schadens f\u00fcr Gesellschaft und Mensch?<br \/>\n2.12.2021, W.A.<\/p>\n<p><strong>Omikron k\u00f6nnte eine Chance sein, aus der Panik auszusteigen.<\/strong><br \/>\nFalls keine neuen st\u00e4rkeren Varianten sich ausbreiten werden, wird diese Chance auch von vielen L\u00e4ndern genutzt werden, sich Schweden, Texas, Florida (und der Schweiz) anzuschlie\u00dfen. &#8211; Das w\u00e4re ein weiterer Grund daf\u00fcr, dass die Panik-Kaskade in sich zusammensinkt. Die Panischen Corona-Gegner werden sich neue Felder suchen &#8211; und sie finden. Die Bedrohungslagen gehen nie aus und apokalyptische Energien brauchen Stoff. &#8211; Fr\u00f6hliche Weihnachtsfeiertage allerseits!<br \/>\n25.12.2021, D.K.<\/p>\n<p><strong>Omikron d\u00fcrfte die gr\u00f6\u00dfte Bedrohung der Nachkriegsgeschichte f\u00fcr Big Pharma sein,<\/strong><br \/>\ndenn diese Variante breitet sich schnell aus und hinterl\u00e4sst Resistenz. Resistenz ist der gr\u00f6\u00dfte Feind der Pharmaindustrie. Sie bedroht ihr Gesch\u00e4ftsmodell, das \u201cImpfen\u201d der ganzen Menschheit. Die Resistenz f\u00fchrt die \u201cImpfung\u201d ad Absurdum, weil sie wirklich Langzeitschutz vor der Krankheit und vor allem vor den gef\u00e4hrlichen Nebenwirkungen der \u201cImpfung\u201d bietet, dem Long-Pfitzer oder Long-Moderna.<br \/>\nDas erkl\u00e4rt auch, warum die Pharmavertreter, besonders Scholz und Lauterbach, aber auch Youtube und Facebook, so nerv\u00f6s sind. Einerseits m\u00fcssen sie ihr giftiges Zeugs verkaufen, andererseits darf der Betrug nicht auffliegen.<br \/>\n25.12.2021, H.ST.<\/p>\n<p><strong>Corona ist kein medizinisches Problem sondern ein politisches.<\/strong><br \/>\nMan kann nicht erwarten, dass kompetenzlose und charakterschwache Politiker das begreifen. Sie sind gefangen in ihrer Hysteriespirale und glauben ohne Gesichtsverlust nicht mehr aus der Sache herauszukommen. Vielleicht wollen sie es auch nicht, denn es ist eine gute Gelegenheit, die Leute an den von ihnen herbeigesehnten neuen Autoritarismus zu gew\u00f6hnen. Schlie\u00dflich kommt mit den von ihnen ersehnten \u201cKlimalockdowns\u201d noch einiges mehr an ruin\u00f6ser Politik auf die Bev\u00f6lkerung zu &#8211; die genauso sinnlos und wirkungslos sein werden.<br \/>\n25,12,2921, Dr.J.L.<\/p>\n<p><strong>Es ist zu bef\u00fcrchten, dass f\u00fcr jede aufkommende Variante<\/strong><br \/>\nzus\u00e4tzlich eine 3fach Impfung n\u00f6tig sein soll, wie f\u00fcr Omicron jetzt avisiert. Dass w\u00fcrde heissen, alle paar Monate f\u00fcr die ganze Bev\u00f6lkerung erneut 3 Impfinjektionen. Sobald die Injektionen mit dem geb\u00fchrenden Abstand verabreicht sind und der Impfstoff sein Wirkplateau erreicht hat , kommt die n\u00e4chste Mutation. Kommt mal keine Mutation selbstverst\u00e4ndlich &#8211; wie aktuell empfohlen- Boostern im 3monatlichen Rhythmus.<br \/>\n\u00dcberleben der Menschheit nur noch mit Dauerimpfung und das noch mit experimentellen Substanzen. Das Ganze unter Androhung immer drastischer werdender existenzvernichtender Strafen, welche von politischer Seite kreiert werden. Man muss das ohne medizinischen Sachverstand zu haben nur dem gesunden Menschenverstand zuf\u00fchren, um das Ausmass des Wahnsinns in Anbetracht der tats\u00e4chlichen Bedrohungslage zu erkennen. Ich hoffe, dass sich genug Menschen noch diesen in ausreichendem Masse erhalten konnten.<br \/>\n25.12.2021, M.W.<br \/>\nEnde Kommentare<\/p>\n<p>.<\/p>\n<p><strong>Omikron-Entdeckerin: Versetzen Sie die Menschen nicht in Panik<\/strong><br \/>\n<strong>\u00c4rztin versteht Politik nicht: Variante bringt nat\u00fcrliche Immunit\u00e4t<\/strong><br \/>\nSchon seit Wochen wird die neuentdeckte Corona-Variante Omikron von Politik und Mainstream-Medien dazu missbraucht, noch mehr Angst und Panik zu verbreiten. Die \u00c4rztin, die diese Variante entdeckt hat, versteht die \u00dcberreaktion in Europa nicht und warnt, dass diese dazu f\u00fchren k\u00f6nnte, dass man die Vorteile, die Omikron mit sich bringe, verpassen k\u00f6nnte. Sie stellt klar, dass die Krankheit mild verl\u00e4uft und eine Durchseuchung der Bev\u00f6lkerung mit Omikron zu nat\u00fcrlicher Immunit\u00e4t in der Bev\u00f6lkerung f\u00fchren w\u00fcrde. Das w\u00e4re ein Vorteil, wenn wieder neue Varianten auftreten. Lockdowns w\u00fcrden diese positive Entwicklung allerdings verhindern.<br \/>\nDie s\u00fcdafrikanische \u00c4rztin Dr. Angelique Coetzee meldete den ersten Omikron-Fall und behandelte diesen auch. In einem Artikel in der britischen Tageszeitung \u201cDaily Mail\u201d<br \/>\n<a href=\"https:\/\/www.dailymail.co.uk\/news\/article-10306211\/DR-ANGELIQUE-COETZEE-alerted-wider-world-Omicron-believe-Britain-overreacting.html\">https:\/\/www.dailymail.co.uk\/news\/article-10306211\/DR-ANGELIQUE-COETZEE-alerted-wider-world-Omicron-believe-Britain-overreacting.html<\/a><br \/>\nzeigte sich die Medizinerin \u00fcberrascht \u00fcber die \u00fcbertriebe Reaktion auf die Variante in Europa. \u201cLassen Sie mich klarstellen: Nichts, was ich an dieser neuen Variante gesehen habe, rechtfertigt die extremen Ma\u00dfnahmen, die die britische Regierung als Reaktion darauf ergriffen hat\u201d, ist Coetzee schockiert.<br \/>\n<a href=\"https:\/\/videos.dailymail.co.uk\/video\/mol\/2021\/12\/14\/6738108735780139488\/640x360_MP4_6738108735780139488.mp4\">https:\/\/videos.dailymail.co.uk\/video\/mol\/2021\/12\/14\/6738108735780139488\/640x360_MP4_6738108735780139488.mp4<\/a><br \/>\n&#8230;.<br \/>\n\u201cNiemand hier in S\u00fcdafrika ist mit der Omikron-Variante ins Krankenhaus eingeliefert worden, und es wird auch angenommen, dass hier niemand ernsthaft daran erkrankt ist\u201d, macht Coetzee klar, dass Omikron wohl eher als harmlos anzusehen ist. &#8230;<br \/>\nDr. Coetzee erkl\u00e4rt, \u201edass selbst ungesch\u00fctzte K\u00f6rper diese Variante viel leichter abwehren als Delta.\u201c<br \/>\n&#8230;<br \/>\n<em><strong>&#8222;In the fight against Covid, as in life generally, it&#8217;s important to pick your battles, and in over-reacting to Omicron we are in danger of missing out on the benefits of a variant which could be a friend rather than a foe.&#8220;<\/strong><\/em><br \/>\n&#8230; Alles vom 21.12.2021 bitte lesen auf<br \/>\n<a href=\"https:\/\/www.wochenblick.at\/corona\/omikron-entdeckerin-versteht-politik-nicht-variante-bringt-natuerliche-immunitaet\/\">https:\/\/www.wochenblick.at\/corona\/omikron-entdeckerin-versteht-politik-nicht-variante-bringt-natuerliche-immunitaet\/<\/a><\/p>\n<p>&nbsp;<\/p>\n","protected":false},"excerpt":{"rendered":"<p>Home\u00a0&gt;Business\u00a0&gt;Gesund\u00a0&gt;Medizin\u00a0&gt;Corona-Virus &gt;Corona-Angst &gt;Omikron Wirtschaftsminister Robert Habeck: \u201eImpfen bis die Nadel gl\u00fcht\u201c\u00a0(15.12.2022) Bundestag lehnt Impfpflicht ab\u00a0(8.4.2022) Bill Gates: \u201eLeider hat Omikron eine bessere Arbeit geleistet als die Impfung&#8220; (18.2.2022) Masken runter \u2013 Kinder befreien\u00a0(16.2.2022) Politisch passende Horrorzahlen zu Covid-19\u00a0(28.1.2022) Abschied von &hellip; <a href=\"https:\/\/www.freiburg-schwarzwald.de\/blog\/business\/gesund\/corona-virus\/omikron\/\">Weiterlesen <span class=\"meta-nav\">&rarr;<\/span><\/a><\/p>\n","protected":false},"author":2,"featured_media":0,"parent":79419,"menu_order":0,"comment_status":"closed","ping_status":"closed","template":"","meta":{"footnotes":""},"class_list":["post-96871","page","type-page","status-publish","hentry"],"_links":{"self":[{"href":"https:\/\/www.freiburg-schwarzwald.de\/blog\/wp-json\/wp\/v2\/pages\/96871","targetHints":{"allow":["GET"]}}],"collection":[{"href":"https:\/\/www.freiburg-schwarzwald.de\/blog\/wp-json\/wp\/v2\/pages"}],"about":[{"href":"https:\/\/www.freiburg-schwarzwald.de\/blog\/wp-json\/wp\/v2\/types\/page"}],"author":[{"embeddable":true,"href":"https:\/\/www.freiburg-schwarzwald.de\/blog\/wp-json\/wp\/v2\/users\/2"}],"replies":[{"embeddable":true,"href":"https:\/\/www.freiburg-schwarzwald.de\/blog\/wp-json\/wp\/v2\/comments?post=96871"}],"version-history":[{"count":5,"href":"https:\/\/www.freiburg-schwarzwald.de\/blog\/wp-json\/wp\/v2\/pages\/96871\/revisions"}],"predecessor-version":[{"id":107398,"href":"https:\/\/www.freiburg-schwarzwald.de\/blog\/wp-json\/wp\/v2\/pages\/96871\/revisions\/107398"}],"up":[{"embeddable":true,"href":"https:\/\/www.freiburg-schwarzwald.de\/blog\/wp-json\/wp\/v2\/pages\/79419"}],"wp:attachment":[{"href":"https:\/\/www.freiburg-schwarzwald.de\/blog\/wp-json\/wp\/v2\/media?parent=96871"}],"curies":[{"name":"wp","href":"https:\/\/api.w.org\/{rel}","templated":true}]}}