{"id":96627,"date":"2021-12-07T20:02:53","date_gmt":"2021-12-07T19:02:53","guid":{"rendered":"https:\/\/www.freiburg-schwarzwald.de\/blog\/?page_id=96627"},"modified":"2025-07-31T14:39:19","modified_gmt":"2025-07-31T12:39:19","slug":"massenpsychose","status":"publish","type":"page","link":"https:\/\/www.freiburg-schwarzwald.de\/blog\/selbsthilfe\/psyche\/massenpsychose\/","title":{"rendered":"Massenpsychose"},"content":{"rendered":"<p>Home &gt;<a title=\"Selbsthilfe\" href=\"https:\/\/www.freiburg-schwarzwald.de\/blog\/selbsthilfe\/\">Selbsthilfe<\/a>\u00a0&gt;<a title=\"Psyche\" href=\"https:\/\/www.freiburg-schwarzwald.de\/blog\/selbsthilfe\/psyche\/\">Psyche<\/a> &gt;<a href=\"https:\/\/www.freiburg-schwarzwald.de\/blog\/selbsthilfe\/psyche\/wahn\/\">Wahn<\/a> &gt;Massenpsychose<\/p>\n<div id=\"attachment_96332\" style=\"width: 649px\" class=\"wp-caption alignnone\"><img loading=\"lazy\" decoding=\"async\" aria-describedby=\"caption-attachment-96332\" class=\"size-full wp-image-96332\" src=\"https:\/\/www.freiburg-schwarzwald.de\/blog\/wp-content\/uploads\/2021\/11\/schauinsland-muenstertal-stohren-nebel21nov11pan.jpg\" alt=\"\" width=\"639\" height=\"284\" srcset=\"https:\/\/www.freiburg-schwarzwald.de\/blog\/wp-content\/uploads\/2021\/11\/schauinsland-muenstertal-stohren-nebel21nov11pan.jpg 639w, https:\/\/www.freiburg-schwarzwald.de\/blog\/wp-content\/uploads\/2021\/11\/schauinsland-muenstertal-stohren-nebel21nov11pan-180x80.jpg 180w\" sizes=\"auto, (max-width: 639px) 100vw, 639px\" \/><p id=\"caption-attachment-96332\" class=\"wp-caption-text\">Blick vom Schauinsland \u00fcber Stohren und M\u00fcnstertal ins neblige Rheintal 11\/2021<\/p><\/div>\n<ul>\n<li><em>Listenauswahl eines Beitrags (Artikel\/Datum, Seite\/Inhalt):\u00a0<span style=\"text-decoration: underline;\">Klicken\u00a0<\/span>oder scrollen<\/em><\/li>\n<li><a href=\"https:\/\/www.freiburg-schwarzwald.de\/blog\/natur\/klima\/klima-angst\/\">D\u00fcrremonitor und die \u201eUmstellung seiner Methodik\u201c \u2013 Angstmachen<\/a>\u00a0(31.7.2025)<\/li>\n<li><a href=\"https:\/\/www.freiburg-schwarzwald.de\/blog\/hitze-angst-und-panik\/\">Hitze: Angst und Panik<\/a>\u00a0(7.7.2025)<\/li>\n<li>Alexis des Tocqueville: Mehrheitsmeinung suggerieren im &#8222;Kampf gegen Rechts&#8220; (9.2.2024)<\/li>\n<li><a href=\"https:\/\/www.freiburg-schwarzwald.de\/blog\/engagement\/buergerinitiativen\/demo\/massendemonstrationen\/\">Ein Land im Gleichschritt: Feindbild \u201egegen rechts\u201c<\/a>\u00a0(6.2.2024)<\/li>\n<li><a href=\"https:\/\/www.freiburg-schwarzwald.de\/blog\/selbsthilfe\/psyche\/psychose\/\">Der Psychose-Staat<\/a> (3.2.2024)<\/li>\n<li><a href=\"https:\/\/www.freiburg-schwarzwald.de\/blog\/engagement\/zukunft\/demokratie\/post-demokratie\/\">Deutsche Postdemokratie nach Verbot von AfD bzw. abweichender Meinung<\/a>\u00a0(21.1.2024)<\/li>\n<li><a href=\"https:\/\/www.freiburg-schwarzwald.de\/blog\/hamburger-erklaerung-2022\/\">Hamburger Erkl\u00e4rung 2022 zur \u201eGain-of-function\u201c-Forschung<\/a>\u00a0(22.2.2022)<\/li>\n<li>Psychiater Raphael Bonelli: \u201eCorona hat eine kollektive Zwangsneurose ausgel\u00f6st\u201c (8.3.2021)<\/li>\n<li>Massenpsychose, einfach erkl\u00e4rt (7.12.2021)<\/li>\n<li><a href=\"https:\/\/www.freiburg-schwarzwald.de\/blog\/religion\/zivilreligion\/\">Luisa Neubauers nachchristliche Predigt im Berliner Dom<\/a>\u00a0(6.3.2021)<\/li>\n<\/ul>\n<p>&nbsp;<\/p>\n<ul>\n<li><a href=\"https:\/\/www.freiburg-schwarzwald.de\/blog\/business\/gesund\/corona-virus\/corona-grundrechte\/\">Corona-Grundrechte<\/a><\/li>\n<li><a href=\"https:\/\/www.freiburg-schwarzwald.de\/blog\/business\/gesund\/corona-virus\/corona-warum\/\">Corona-Warum<\/a><\/li>\n<li><a title=\"DDR-Stasi\" href=\"https:\/\/www.freiburg-schwarzwald.de\/blog\/global\/deutschland\/ddr-stasi\/\">DDR-Stasi<\/a><\/li>\n<li><a title=\"Demokratie\" href=\"https:\/\/www.freiburg-schwarzwald.de\/blog\/engagement\/zukunft\/demokratie\/\">Demokratie<\/a><\/li>\n<li><a title=\"Deutsche-Geschichte\" href=\"https:\/\/www.freiburg-schwarzwald.de\/blog\/global\/deutschland\/deutsche-geschichte\/\">Deutsche Geschichte<\/a><\/li>\n<li><a title=\"Deutschland\" href=\"https:\/\/www.freiburg-schwarzwald.de\/blog\/global\/deutschland\/\">Deutschland<\/a><\/li>\n<li><a title=\"Deutschland2030\" href=\"https:\/\/www.freiburg-schwarzwald.de\/blog\/global\/deutschland\/deutschland2030\/\">Deutschland2030<\/a><\/li>\n<li><a href=\"https:\/\/www.freiburg-schwarzwald.de\/blog\/engagement\/zukunft\/demokratie\/freiheit\/freiheitsrechte\/\">Freiheitsrechte<\/a><\/li>\n<li><a title=\"Global-Migration\" href=\"https:\/\/www.freiburg-schwarzwald.de\/blog\/global\/globalisierung\/global-migration\/\">Globaler Migrationspakt<\/a><\/li>\n<li><a title=\"Globalisierung\" href=\"https:\/\/www.freiburg-schwarzwald.de\/blog\/global\/globalisierung\/\">Globalisierung<\/a><\/li>\n<li><a href=\"https:\/\/www.freiburg-schwarzwald.de\/blog\/engagement\/zukunft\/gruendlichkeit\/\">Gr\u00fcndlichkeit<\/a><\/li>\n<li><a title=\"Juden\" href=\"https:\/\/www.freiburg-schwarzwald.de\/blog\/religion\/juden\/\">Juden<\/a><\/li>\n<li><a href=\"https:\/\/www.freiburg-schwarzwald.de\/blog\/kultur\/medien\/political-correctness\/konformismus\/\">Konformit\u00e4t<\/a><\/li>\n<li><a href=\"https:\/\/www.freiburg-schwarzwald.de\/blog\/natur\/klima\/klima-tote\/\">Klima-Tote<\/a><\/li>\n<li><a href=\"https:\/\/www.freiburg-schwarzwald.de\/blog\/engagement\/buergerinitiativen\/demo\/massendemonstrationen\/\">Massendemonstrationen<\/a><\/li>\n<li><a href=\"https:\/\/www.freiburg-schwarzwald.de\/blog\/global\/deutschland\/nationalstaat\/\">Nationalstaat<\/a><\/li>\n<li><a href=\"https:\/\/www.freiburg-schwarzwald.de\/blog\/selbsthilfe\/psyche\/psychose\/\">Psychose<\/a><\/li>\n<li><a title=\"Rechtsstaat\" href=\"https:\/\/www.freiburg-schwarzwald.de\/blog\/selbsthilfe\/soziales\/justiz\/rechtsstaat\/\">Rechtsstaat<\/a><\/li>\n<li><a href=\"https:\/\/www.freiburg-schwarzwald.de\/blog\/global\/deutschland\/gesellschaft\/untertan\/\">Untertan<\/a><\/li>\n<li><a href=\"https:\/\/www.freiburg-schwarzwald.de\/blog\/selbsthilfe\/psyche\/wahn\/\">Wahn<\/a><\/li>\n<li><a href=\"https:\/\/www.freiburg-schwarzwald.de\/blog\/religion\/zivilreligion\/\">Zivilreligion<\/a><\/li>\n<\/ul>\n<p>\u201eDie reine, einfache Behauptung ohne Begr\u00fcndung und jeden Beweis ist ein sicheres Mittel, um der Massenseele eine Idee einzufl\u00f6\u00dfen. Je bestimmter eine Behauptung, je freier sie von Beweisen und Belegen ist, desto mehr Ehrfurcht erweckt sie.\u201c<br \/>\n(Gustave Le Bon, Psychologie der Massen, 1895).<br \/>\n.<br \/>\n<strong>Faust, 4. Aufzug im zweiten Teil<\/strong><br \/>\n\u201eUnd in vorbestimmten Bahnen,<br \/>\nZieht die Menge durch die Flur.<br \/>\nDen entrollten L\u00fcgenfahnen,<br \/>\nFolgen alle \u2013 Schafsnatur\u201c<br \/>\nJohann Wolfgang von Goethe<br \/>\n====================================================<\/p>\n<p>.<\/p>\n<p><strong>Alexis des Tocqueville: Mehrheitsmeinung suggerieren im &#8222;Kampf gegen Rechts&#8220;<\/strong><br \/>\nAlexis de Tocqueville, der wohl pr\u00e4ziseste Analytiker der modernen Massendemokratie, hat schon vor 200 Jahren die gr\u00f6\u00dfte Gefahr der Demokratie darin gesehen, da\u00df eine Mehrheit respektive ihre Regierung mit allen Mitteln, bis zur totalen sozialen Ausgrenzung von Kritikern, ihre Macht erhalten will. Die einzige M\u00f6glichkeit, das zu verhindern war f\u00fcr Tocqueville eine freie Presse. Die mit den Regierenden geistesverwandten \u00f6ffentlich-rechtlichen und Mainstream-Medien fallen als regierungskritische vierte Gewalt v\u00f6llig aus. Mehr noch: Durch massenpsychologisch optimierte Desinformation k\u00f6nnen sie neue Mehrheiten erzeugen (Atomausstieg)\u00a0 und den Menschen die ver\u00f6ffentlichte Meinung<br \/>\nals einzig moralisch vertretbare Mehrheitsmeinung suggerieren (Kampf gegen Rechts). Und das alles mit dem Anspruch, die Demokratie retten zu wollen. Paradoxer geht es kaum und unsere heutige Situation w\u00e4re so gesehen die denkbar schlechteste<br \/>\nAusgangslage f\u00fcr einen Politikwechsel \u2013 wenn nicht die Inkompetenz der Regierung und deren offensichtliche Mi\u00dfachtung ihres Amtseides, Schaden vom deutschen Volk abzuwenden, jeder halbwegs urteilsf\u00e4hige B\u00fcrger erkennen k\u00f6nnte. Obwohl nicht einmal der auf \u201eKampf gegen Rechts\u201c verpflichtete Verfassungsschutz diese Sicht teilt, wird von den zur Wahrheit und Neutralit\u00e4t verpflichteten Medien des \u00f6ffentlich-rechtlichen Rundfunks bis heute das M\u00e4rchen von einer \u201eGeheimkonferenz zur\u00a0 Deportation von Fl\u00fcchtlingen\u201c wiederholt, hinter der die v\u00f6llig durchsichtige undemokratische Absicht steht, die Opposition zu diffamieren.<br \/>\nDamit haben die Regierung und die ihr verbundenen Medien nicht nur eine reale oppositionelle Mehrheit geschaffen, sondern mit den neu entstehenden Parteien auch die Voraussetzung, diese in politische Mehrheiten umzusetzen. In diesem<br \/>\nSinne kann man sich nur w\u00fcnschen: Weiter so Ampel und \u00f6ffentlich-rechtlicher Rundfunk, so rettet ihr tats\u00e4chlich die Demokratie!<br \/>\nProf Dr.\u00a0 Woflgang Leisenberg, Bad Nauheim<br \/>\n&#8230; Alles lesen vom 9.2.2024 in der JF 7\/24, Seite 23<\/p>\n<p>&nbsp;<\/p>\n<p><strong>Psychiater Raphael Bonelli: \u201eCorona hat eine kollektive Zwangsneurose ausgel\u00f6st\u201c<\/strong><br \/>\n<em>Viele Menschen f\u00fchlen sich in die Ecke gedr\u00e4ngt und k\u00f6nnen ihre Angst nicht mehr reflektieren. Im Ergebnis werden sie aggressiv, denn vor Corona k\u00f6nnen sie nicht fliehen. Kinder sind umgeben von dieser \u201ekollektiven Psychose\u201c und sind die Opfer von angsterf\u00fcllten Zwangsritualen Erwachsener. \u2013 Ein Gespr\u00e4ch mit dem Psychiater Raphael Bonelli<\/em><br \/>\nDie Menschen haben Angst, schwer zu erkranken. Halten sie dieses Sicherheitsbed\u00fcrfnis nicht f\u00fcr begr\u00fcndet?<br \/>\nSicherheitsbed\u00fcrfnis ist etwas ganz Normales, aber aus der Praxis kann ich berichten, dass mit der Angst auch die Zwangsneurosen sehr stark zunehmen. Zudem haben in der Zwischenzeit viele Menschen nicht nur Angst vor dem Virus, sondern auch vor den Ma\u00dfnahmen, die sie ausgrenzen. Andere wiederum entwickeln gro\u00dfe \u00c4ngste vor den Impfstoffen &#8230;<br \/>\nDie Corona-Ma\u00dfnahmen werden zum Teil mit gro\u00dfer Aggressivit\u00e4t durchgesetzt. Denken Sie an Menschen, die von ihrem Arzt von der Maskenpflicht aus medizinischen Gr\u00fcnden befreit wurden. Diesen kranken Menschen werden pl\u00f6tzlich Vorhaltungen gemacht, das Attest sei gef\u00e4lscht oder ihr Arzt sei ein Verbrecher. Das geht soweit, dass Maskenbefreite nicht mehr in Kirchen d\u00fcrfen. Seit wann diskriminiert die Kirche Menschen mit Behinderungen? Die Diskussion um die Verh\u00e4ltnism\u00e4\u00dfigkeit der Ma\u00dfnahmen ist aus Angst, die vermeintlich falsche Position zu vertreten, zum Tabu geworden! Das bef\u00f6rdert die Spaltung, statt sie zu heilen. &#8230;<br \/>\nSelbst Kleinkindern wird jetzt ein Coronatest in den Kinderg\u00e4rten abverlangt, in den Schulen herrscht meist Maskenpflicht. Was macht das aus psychiatrischer Sicht mit den Kindern, wenn sie in ihrer Umgebung eine \u201ekollektive Psychose\u201c erleben? Kindern tut es nicht gut, wenn sie Opfer von angsterf\u00fcllten Zwangsritualen von Erwachsenen werden.<br \/>\n&#8230;<br \/>\nIst dann aber nicht eine Impfpflicht die L\u00f6sung? Oder verst\u00e4tigt sich damit nur das Angstnarrativ?<br \/>\nDie Impfpflicht ist die logische Folge von der zwanghaften Sehnsucht nach (Schein)-Sicherheit. Menschen zu einem Medikament mit ausgesprochen unsicherem und teilweise unbekanntem Nebenwirkungsprofil zu zwingen (da sind wir wieder beim Zwang), halte ich f\u00fcr eine ausgesprochen schlechte Idee. Noch dazu, weil jedes Zwangsritual sich immer \u2013 und mit steigender Frequenz \u2013 wiederholen muss.<br \/>\n&#8230; Alles vom 8.12.2021 bitte lesen auf<br \/>\n<a href=\"https:\/\/www.tichyseinblick.de\/interviews\/psychiater-raphael-bonelli-corona-kollektive-zwangsneurose\">https:\/\/www.tichyseinblick.de\/interviews\/psychiater-raphael-bonelli-corona-kollektive-zwangsneurose<\/a>\/<br \/>\n.<br \/>\nEinige Kommentare:<br \/>\n<strong>\u201e\u2026macht uns der Kampf gegen Corona als Gesellschaft st\u00e4rker?\u201c<\/strong><br \/>\nAls Gesellschaft begehen wir gerade kollektiven Selbstmord. Eine Krankheit, die f\u00fcr lediglich 0,2 % der Gesellschaft eine lebensgef\u00e4hrdende Bedrohung darstellt, also f\u00fcr 99,8% der Bev\u00f6lkerung ungef\u00e4hrlich ist, eine solche Erkrankung zum Ma\u00dfstab allen staatlichen Handelns zu machen ist schlichtweg verr\u00fcckt. Diejenigen, die f\u00fcr diesen kollektiven Selbstmord verantwortlich sind, sind daran zu erkennen, dass sie jeder faktenbasierten Debatte mit lautem Geschrei und der Diffamierung der sachlich Debattierenden entweichen. Sie wollen sich ihren \u201eWahn\u201c nicht rauben lassen, sie haben sich darin \u201eunverr\u00fcckbar\u201c eingerichtet. Alle Politiker und \u00d6RR-Talkmaster m\u00fc\u00dften mal f\u00fcr 4 Wochen in einen Zwangsurlaub geschickt werden und der Spuk des \u201ekollektiven Wahns\u201c w\u00e4re leicht zu beseitigen. Und wenn in der selben Zeit das unseelige Testen von Gesunden gestoppt w\u00fcrde, w\u00e4re auch die statistische Grundlage des Massenwahns beseitigt worden und wir k\u00f6nnten wieder vern\u00fcnftig miteinander umgehen. Wenn \u201eWirrologen\u201c die Gesellschaft f\u00fchren, vernichten sie diese mit wirren Verordnungen, die nichts, aber auch gar nichts mit der Realit\u00e4t zu tun haben. W\u00e4hrend der Westen kollektiven Selbstmord begeht, leben fast alle Staaten Asiens und Afrikas ihr normales Leben weiter, haben keine Impfungen und haben erheblicher weniger Corona-\u201eF\u00e4lle\u201c als der Westen. Was f\u00fcr eine Pandemie soll das denn sein? Alles nur noch l\u00e4cherlich bzw. leider wahnhaft f\u00fcr diejenigen, die den Verstand bewahrt haben.<br \/>\n8.12.2021, G.J.<\/p>\n<p><strong>Aufbauen kann man auf Ideologien gar nichts<\/strong><br \/>\nWie sonst soll man die bestehende \u201eWeltordnung\u201c, die Traditionen, die Werte, die Denk- und Sichtweisen, die Kulturen, ausl\u00f6schen, wenn nicht auf diese Art und Weise, die Zersetzung der Gesellschaft, die Isolierung von Pers\u00f6nlichkeiten, Versammlungsverbote etc., die Aufl\u00f6sung der klassischen Familie. Damit ist die Basis zerst\u00f6rt. Aufbauen kann man auf Ideologien gar nichts, denn sie stehen von haus aus auf t\u00f6nernen F\u00fc\u00dfen. Also alles neu, Luftnummern, Versprechungen, ohne solide Finanzierung. Die Leidtragenden sind immer dieselben, ohne dass sie das zu verstehen scheinen, oder es verstehen wollen<br \/>\n8.12.2021, ket<\/p>\n<p><strong>Kollektive Angstst\u00f6rung hatte Maaz bereits vor Monaten das genannt<\/strong><br \/>\nWolfgang Herles schrieb vor Wochen in diesem Blatt: Seit AH gab es nichts Verh\u00e4ngnisvolleres f\u00fcr D als Merkel. Das ist das Ergebnis ihres Tuns: ein Volk in dauerhaftem Zustand von Angst und Schrecken. Kollektive Angstst\u00f6rung hatte Maaz bereits vor Monaten das genannt, auch in diesem Blatt, mit der Folge von Zw\u00e4ngen.<br \/>\n8.12.2021, Slo<\/p>\n<p><strong>&#8230; ihnen (den Gr\u00fcnen) all der Ha\u00df und die Hetze entgegenschl\u00e4gt<\/strong><br \/>\nDas Ganze ist doch nur die Fortsetzung des schon vorher grassierenden Pseudomoralischen, kollektivistischen Wahns. Der politisch ja auch schon lange extrem gef\u00f6rdert wird. Ich erlebe hautnah mit, wie in einer Partei, in dem viele aus dem linken, gr\u00fcnen, Funds-raiser f\u00fcr Greepeace etc. Umfeld kommen, diese mit Entsetzen feststellen, das ihnen all der Ha\u00df und die Hetze entgegenschl\u00e4gt, die sie sonst selbst v\u00f6llig OK fanden.<br \/>\nAls es bei der einseitigen Berichterstattung, der v\u00f6lligen Verf\u00e4lschung der Sichtweisen, dem eindreschen auf Strohm\u00e4nner gegen den allb\u00f6sen Trump, den allgegenw\u00e4rtigen Rassismus oder Kritiker an der g\u00f6ttlichen Greta oder der heiligen EU ging, da hat es f\u00fcr sie prima prima gepa\u00dft und war voll im Weltbild.<br \/>\nDa fallen viele grade aus allen Wolken, weil sie die Scheinheiligkeit, die Bigotterie, das sich jeden Tag Widersprechende das erste mal hautnah mitbekommen, da brechen Weltbilder zusammen.<br \/>\n8.12.2021, mar<\/p>\n<p><strong>\u201ePolitiker sind auch nur Menschen.\u201c<\/strong><br \/>\nDas \u201enur\u201c sollte man gedanklich ganz gro\u00df schreiben. Woher also kommt das Vertrauen der regierten Menschen in andere, die regierenden Menschen, die sie nicht kennen und deren Beruf sie obendrein in einer Rangfolge der angesehensten Berufe am unteren Ende einordnen? Mit Blick auf die offensichtliche Negativauslesen auch v\u00f6llig zurecht. Warum vertrauen die regierten Menschen nicht viel mehr auf ihre eigene Wahrnehmung? Stichwort: Massenpsychose. Ein weiterf\u00fchrender Verweis zu diesem Stichwort auf den Mitbewerber sei erlaubt: <a href=\"https:\/\/www.achgut.com\/artikel\/massenpsychose_einfach_erklaert\">https:\/\/www.achgut.com\/artikel\/massenpsychose_einfach_erklaert<\/a><br \/>\n8.12.2021, Ste<\/p>\n<p><strong>\u201eUns Menschen ist etwas entglitten, wir haben die Kontrolle verloren<\/strong>.<br \/>\nDas Leben an sich ist ja immer schon lebensgef\u00e4hrlich\u201c.<br \/>\nGenau so ist es. Aber solange die meisten Menschen mit den Ma\u00dfnahmen einverstanden sind, wird sich diese Situation nicht \u00e4ndern. Die Menschen nehmen alles hin. Auch eine Spikung bis zu ihrem Ableben (ohne sich Gedanken dar\u00fcber zu machen, was diese Gen-Therapien bewirken).<br \/>\n\u00dcbrigens zur Ausgrenzung der Ungeimpften habe ich eine gro\u00dfartige Predigt eines katholischen Pastors: #Ausgrenzung #Tyrannei #Kirche \u201cSonst enden wir in einer Tyrannei\u201d geh\u00f6rt. Lohnt sich, sich diesen Ausschnitt aus der Predigt anzuh\u00f6ren.<br \/>\n8.12.2021, C.G.<br \/>\nEnde Kommentare<\/p>\n<p>&nbsp;<\/p>\n<p>&nbsp;<\/p>\n<p><strong>Massenpsychose, einfach erkl\u00e4rt<\/strong><br \/>\nDie Londoner Academy of Ideas <a href=\"https:\/\/academyofideas.com\/about\/\">https:\/\/academyofideas.com\/about\/<\/a> ist kein Think Tank, der einer Partei zuarbeitet, auch keine NGO, die am Tropf eines Ministeriums h\u00e4ngt, Es ist eine Werkstatt f\u00fcr freies Denken, die Videos zu philosophischen und politischen Fragen produziert und diese online verbreitet. Hier ein Verzeichnis der bis jetzt produzierten Arbeiten von August 2012 (\u201eIntroduction to Nihilism\u201c) bis Dezember 2021 (\u201eRecovery from Addiction\u201c).<br \/>\nIn einem 12 Minuten langen Video &#8222;Is a Mass Psychosis the Greatest Threat to Humanity?&#8220; vom Februar dieses Jahres<br \/>\n<a href=\"https:\/\/academyofideas.com\/2021\/02\/mass-psychosis-greatest-threat-to-humanity\/\">https:\/\/academyofideas.com\/2021\/02\/mass-psychosis-greatest-threat-to-humanity\/<\/a><br \/>\nging es um die Frage, ob \u2013 und, falls ja, wie sehr \u2013 eine Massenpsychose die Gesellschaft ver\u00e4ndern kann, eher zum Schlechten als zum Guten.<br \/>\nSeit kurzem gibt es eine deutsche Version, <a href=\"https:\/\/youtu.be\/HN3tszzU960\">https:\/\/youtu.be\/HN3tszzU960<\/a><br \/>\ndie man auch als einen Beitrag zu einem aktuellen Problem verstehen kann. Anschauen lohnt sich in jedem Fall.<br \/>\n&#8230; Alles vom 7.12.2021 von Henrk M. Broder bitte lesen auf<br \/>\n<a href=\"https:\/\/www.achgut.com\/artikel\/massenpsychose_einfach_erklaert\">https:\/\/www.achgut.com\/artikel\/massenpsychose_einfach_erklaert<\/a><\/p>\n<p>Einige Kommentare:<br \/>\n<strong>Beispiel-Zitate, die Spaltung und Hass erzeugen<\/strong><br \/>\nWie man eine Progromstimmung erzeugt: \u201eM\u00f6ge die gesamte Republik mit dem Finger auf sie zeigen.\u201c (Spiegel Journalist), \u201eKeine Corona-Notfallbehandlung f\u00fcr Impfverweigerer!\u201c (Mitglied Ethikrat), \u201eImpfverweigerer gesellschaftlich inakzeptabel.\u201c (Kassen\u00e4rztliches Schreiben), \u201e 3G-Sprechstunde von 08.00 \u2013 18.00 Uhr; non 3G-Sprechstunde von 07.00 \u2013 07.10 Uhr.\u201c (Kassen\u00e4rzliche Vereinigung Baden-W\u00fcrttemberg), \u201eWir k\u00f6nnen den Nichtgeimpften nicht immer die Chance geben, dass sie mit Testung genau so ein Leben haben wie die Geimpften\u201c (RKI),<br \/>\n\u201eIch gebe zu, dass sich mein Blutdruck erh\u00f6ht, wenn ich Menschen treffe, die die Impfung verweigern\u201c (Bischof von Dresden-Mei\u00dfen), \u201eDas heute uns alle beeintr\u00e4chtigende Infektionsgeschehen r\u00fchrt von den Ungeimpften her &#8211; dar\u00fcber gibt es gar keinen Zweifel.\u201c (designierter Bundeskanzler),<br \/>\n\u201eGegner der Corona-Impfung sind gef\u00e4hrliche Sozialsch\u00e4dlinge!\u201c (FDP Mitglied), \u201eTyrannei der Ungeimpften\u201c (Vorsitzender Welt\u00e4rztebund), \u201eUngeimpfte gef\u00e4hrden uns alle!\u201c (Bundespr\u00e4sident).<br \/>\nIch habe auf die Nennung der Namen verzichtet, weil das so schon genug Ekel erregt. H\u00e4ngt diese Worte an W\u00e4nde und fordert auf zum eigenst\u00e4ndigen Denken.<br \/>\n7.12.2021, H.H.<\/p>\n<p>Wenn es stimmt, dass der Familienvater in K\u00f6nigs-Wusterhausen seine Frau und die drei kleinen Kinder umgebracht hat, weil er bef\u00fcrchtete, wegen eines gef\u00e4lschten Impfpasses juristisch verfolgt zu werden, zeigt das, wie grauenhaft bis hin zum v\u00f6lligen Kontrollverlust die Corona-Psychose inzwischen Menschen im Griff hat.<br \/>\n7.12.2021,P.S.<\/p>\n<p><strong>Dass in Deutschland eine handfeste Massenpsychose vorliegt,<\/strong><br \/>\nist nicht mehr zu leugnen. Die Symtome sind viel zu klar. Wie ist es sonst erkl\u00e4rbar, dass der Zuzug tausender Analphabeten aus dem muslimischen Kulturkreis als Bereicherung gefeiert wird? Euphorische Spr\u00fcche wie etwa \u201cDie Vielfalt macht uns reich und stark\u201d zeigen doch, dass hier der Verstand v\u00f6llig abgeschaltet wurde und f\u00fcr logisches Denken kein Platz mehr ist. Um diese Psychose aufrechtzuerhalten, wird der Schuldkomplex ausgebaut und Widersachern mit gesellschaftlicher \u00c4chtung gedroht. Es wird Angst erzeugt, nicht mehr zu den Guten zu geh\u00f6ren. Die Mechanismen der Manipulation sind eigentlich leicht zu durchschauen, man muss nur wollen, selbst\u00e4ndig zu denken und man darf es nicht scheuen, diffamiert zu werden. Das muss einem egal sein.<br \/>\n7.12.2021, H.M.<\/p>\n<p><strong>Sind wir schon in der Mentizid-Phase?<\/strong><br \/>\nTolles Video, inhaltlich und optisch! Sind wir schon in der Mentizid-Phase? Es wird ja nun unverhohlen \u00f6ffentlich gelogen. Habe t\u00e4glich mehr Angst, dem Mentizid anheim zu fallen\u2026<br \/>\n8.12.2021,A.B.<\/p>\n<p><strong>Ich denke, wir k\u00f6nnen Geimpfte und Ungeimpfte besser sammeln,<\/strong><br \/>\nwenn wir uns das Strafrecht ansehen. Erpressung und N\u00f6tigung machen die G-Regeln, die Ma\u00dfnahmen und Propaganda durchsichtig; damit versteht man, was hier passiert. Die Covid-19-Protagonisten l\u00f6sen Stre\u00df (: physischen Druck) bei den B\u00fcrgern aus, indem sie Existenz\u00e4ngste sch\u00fcren. Die Angst bleibt unterbewu\u00dft und wird mit Corona, G-Regeln, Masken und Abneigung gegen Ungeimpfte nur kompensiert. Sie bekommt einen anderen Ausdruck. Man will sich nicht eingestehen, da\u00df physischer Druck im Spiel ist. Die Sorgen vorm sozialen Absturz werden umgelenkt und machen die Masse willf\u00e4hig.<br \/>\n7.12.2021, Lut<\/p>\n<p><strong>Aus diesem Video sind klar die Urspr\u00fcnge der gegenw\u00e4rtigen Idiotie benannt,<\/strong> es werden aktuelle Bez\u00fcge hergestellt und auch Schritte zur weiteren Ausbreitung aufgezeigt.Eine genial gemachte Doku und Handlungsmedium f\u00fcr noch bisher Unwissende und \u201cVerirrte\u201d und \u201cVerwirrte.\u201cDieses Video sollte in jedem vernunftbegabten Haushalt einen festen und sicheren Platz haben.Vielen Dank herr Broder f\u00fcr das Einstellen hier bei \u201cAchgut\u201d<br \/>\n7.12.2021, R.St.<br \/>\nEnde Kommentare<\/p>\n","protected":false},"excerpt":{"rendered":"<p>Home &gt;Selbsthilfe\u00a0&gt;Psyche &gt;Wahn &gt;Massenpsychose Listenauswahl eines Beitrags (Artikel\/Datum, Seite\/Inhalt):\u00a0Klicken\u00a0oder scrollen D\u00fcrremonitor und die \u201eUmstellung seiner Methodik\u201c \u2013 Angstmachen\u00a0(31.7.2025) Hitze: Angst und Panik\u00a0(7.7.2025) Alexis des Tocqueville: Mehrheitsmeinung suggerieren im &#8222;Kampf gegen Rechts&#8220; (9.2.2024) Ein Land im Gleichschritt: Feindbild \u201egegen rechts\u201c\u00a0(6.2.2024) Der &hellip; <a href=\"https:\/\/www.freiburg-schwarzwald.de\/blog\/selbsthilfe\/psyche\/massenpsychose\/\">Weiterlesen <span class=\"meta-nav\">&rarr;<\/span><\/a><\/p>\n","protected":false},"author":2,"featured_media":0,"parent":1146,"menu_order":0,"comment_status":"closed","ping_status":"closed","template":"","meta":{"footnotes":""},"class_list":["post-96627","page","type-page","status-publish","hentry"],"_links":{"self":[{"href":"https:\/\/www.freiburg-schwarzwald.de\/blog\/wp-json\/wp\/v2\/pages\/96627","targetHints":{"allow":["GET"]}}],"collection":[{"href":"https:\/\/www.freiburg-schwarzwald.de\/blog\/wp-json\/wp\/v2\/pages"}],"about":[{"href":"https:\/\/www.freiburg-schwarzwald.de\/blog\/wp-json\/wp\/v2\/types\/page"}],"author":[{"embeddable":true,"href":"https:\/\/www.freiburg-schwarzwald.de\/blog\/wp-json\/wp\/v2\/users\/2"}],"replies":[{"embeddable":true,"href":"https:\/\/www.freiburg-schwarzwald.de\/blog\/wp-json\/wp\/v2\/comments?post=96627"}],"version-history":[{"count":6,"href":"https:\/\/www.freiburg-schwarzwald.de\/blog\/wp-json\/wp\/v2\/pages\/96627\/revisions"}],"predecessor-version":[{"id":137204,"href":"https:\/\/www.freiburg-schwarzwald.de\/blog\/wp-json\/wp\/v2\/pages\/96627\/revisions\/137204"}],"up":[{"embeddable":true,"href":"https:\/\/www.freiburg-schwarzwald.de\/blog\/wp-json\/wp\/v2\/pages\/1146"}],"wp:attachment":[{"href":"https:\/\/www.freiburg-schwarzwald.de\/blog\/wp-json\/wp\/v2\/media?parent=96627"}],"curies":[{"name":"wp","href":"https:\/\/api.w.org\/{rel}","templated":true}]}}