{"id":95958,"date":"2021-11-09T18:52:24","date_gmt":"2021-11-09T17:52:24","guid":{"rendered":"https:\/\/www.freiburg-schwarzwald.de\/blog\/?page_id=95958"},"modified":"2023-08-20T16:11:30","modified_gmt":"2023-08-20T14:11:30","slug":"experiment","status":"publish","type":"page","link":"https:\/\/www.freiburg-schwarzwald.de\/blog\/engagement\/zukunft\/demokratie\/experiment\/","title":{"rendered":"Experiment"},"content":{"rendered":"<p>d<\/p>\n<div id=\"attachment_95671\" style=\"width: 647px\" class=\"wp-caption alignnone\"><a href=\"https:\/\/www.freiburg-schwarzwald.de\/blog\/wp-content\/uploads\/2021\/10\/herbst-stare-weinberg211027-pan.jpg\"><img loading=\"lazy\" decoding=\"async\" aria-describedby=\"caption-attachment-95671\" class=\"size-full wp-image-95671\" src=\"https:\/\/www.freiburg-schwarzwald.de\/blog\/wp-content\/uploads\/2021\/10\/herbst-stare-weinberg211027-pan.jpg\" alt=\"\" width=\"637\" height=\"347\" srcset=\"https:\/\/www.freiburg-schwarzwald.de\/blog\/wp-content\/uploads\/2021\/10\/herbst-stare-weinberg211027-pan.jpg 637w, https:\/\/www.freiburg-schwarzwald.de\/blog\/wp-content\/uploads\/2021\/10\/herbst-stare-weinberg211027-pan-180x98.jpg 180w\" sizes=\"auto, (max-width: 637px) 100vw, 637px\" \/><\/a><p id=\"caption-attachment-95671\" class=\"wp-caption-text\">Stare vor dem Abflug \u00fcber dem Weinberg bei Freiburg Ende Oktober 2021<\/p><\/div>\n<ul>\n<li><a href=\"https:\/\/www.freiburg-schwarzwald.de\/blog\/ohne-bestaende-noch-bestand\/\">Haben wir ohne Best\u00e4nde noch Bestand?<\/a>\u00a0(20.8.2023)<\/li>\n<li><a href=\"https:\/\/www.freiburg-schwarzwald.de\/blog\/global\/globalisierung\/global-government\/\">Undemokratische \u00dcbernahme: Von \u201eGlobal Governance\u201c zu \u201eGlobal Government\u201c<\/a>\u00a0(15.7.2023)<\/li>\n<li><a href=\"https:\/\/www.freiburg-schwarzwald.de\/blog\/gebauer-nach-dem-great-reset\/\">Gebauer: Nach dem Great Reset<\/a>\u00a0(31.1.2023)<\/li>\n<li>Mounk-Experiment gescheitert? (6.11.2021)<\/li>\n<li>Ein historisch einzigartiges Experiment (23.2.2021)<\/li>\n<li><a href=\"https:\/\/www.freiburg-schwarzwald.de\/blog\/vereine\/partei\/gruene\/palmer\/\">Yascha Mounk: Cancel-Culture \u2013 Kollektive Zensur<\/a> (12.8.2020) PALMER<\/li>\n<li><a href=\"https:\/\/www.freiburg-schwarzwald.de\/blog\/global\/deutschland\/gesellschaft\/\">Yascha Mounk: ein \u201eeinmaliges soziales Experiment\u201c<\/a> (28.11.2019) GeSeLLSCHAFT<\/li>\n<li><a href=\"https:\/\/www.freiburg-schwarzwald.de\/blog\/global\/globalisierung\/one-world\/\">One World: \u201eEinzigartiges soziales Experiment\u201c als Vision<\/a> (7.12.2018) ONE-WORLD<\/li>\n<li><a href=\"https:\/\/www.freiburg-schwarzwald.de\/blog\/global\/deutschland\/gesellschaft\/\">Sozialexperiment \u2013 Monoethnische in multiethnische Demokratie verwandeln<\/a> (26.2.2018) GESELLSCHAFT<\/li>\n<\/ul>\n<p>&nbsp;<\/p>\n<p><strong>&#8222;&#8230; dass wir hier ein historisch einzigartiges Experiment wagen,<\/strong><br \/>\n<strong>und zwar eine monoethnische, monokulturelle Demokratie<\/strong><br \/>\n<strong>in eine multiethnische zu verwandeln.&#8220;<br \/>\n<\/strong><a href=\"https:\/\/www.youtube.com\/watch?v=s4N-wl6nydQ\">https:\/\/www.youtube.com\/watch?v=s4N-wl6nydQ<\/a><br \/>\n(Yascha Mounk, 20.2.2018 in der ARD)<\/p>\n<p>========================================================<\/p>\n<p>&nbsp;<\/p>\n<p><strong>Mounk-Experiment gescheitert?<\/strong><br \/>\n<strong>Erkenntnisse eines ehemaligen Verfassungsrichters Udo di Fabio<\/strong><br \/>\nAuf WELT+ ist ein Interview mit dem ehemaligen Verfassungsrichter Udo Di Fabio erschienen, der sich kritisch \u00fcber den Zustand der Gesellschaft \u00e4u\u00dfert:<br \/>\n<a href=\"https:\/\/www.welt.de\/politik\/deutschland\/plus234885426\/Udo-di-Fabio-ueber-Corona-Andersdenkende-werden-als-Feind-betrachtet-mit-Hass-verfolgt.html\">https:\/\/www.welt.de\/politik\/deutschland\/plus234885426\/Udo-di-Fabio-ueber-Corona-Andersdenkende-werden-als-Feind-betrachtet-mit-Hass-verfolgt.html<\/a><br \/>\n&#8230;<br \/>\nSymptomatisch-empirisch hat er recht. Das ist so und das beobachte ich auch, dass die Gesellschaft im Krieg ist oder sich so auff\u00fchrt, und der Gegner als Feind betrachtet, bek\u00e4mpft, mit Hass verfolgt wird. Das sehe ich st\u00e4ndig und seit l\u00e4ngerem, dass sich der Ton in den Social Media, den gro\u00dfen Medien, den Zuschriften, den Meinungs\u00e4u\u00dferungen ver\u00e4ndert. Analytisch liegt er jedoch falsch und plappert nur das g\u00e4ngige Sozio- und Politgeschw\u00e4tz nach&#8230;..<br \/>\nDenn tats\u00e4chlich ist die Gesellschaft schon lange im Krieg, befand sich nur im Zustand des Siedeverzugs. Die Fl\u00fcssigkeit kocht eigentlich, man sieht es ihr nur nicht so an, weil die Temperatur zwar erreicht ist, aber der Siedevorgang noch keinen Anfangspunkt gefunden hat. Dann kam Corona als Nukleationskeim dazu, und es ging los. Corona war der Anlass, aber nicht die Ursache.<br \/>\nNicht nur nach meiner Beobachtung, sondern auch, wenn ich mit meiner Amygdala-These richtig liege, hat man die Gesellschaft schon lange in einen psychischen Kriegszustand versetzt, indem man sie einer pausenlosen, auf allen Kan\u00e4len eingetrommelten Brachialkonfrontation mit allem, was ihr fremd ist, ausgesetzt hat. Die Geisteswissenschaftler nehmen an, dass man damit per Diskurstherapie die Gesellschaft \u201edekonstruieren\u201c kann (und soll), aber ich glaube das exakte Gegenteil, n\u00e4mlich dass man damit die Gesellschaft neural in einen Krisenzustand versetzt, der nur sehr schwer und langwierig, oder nach dem, was ich in einigen Texten gelesen habe, gar nicht mehr reversibel ist.<br \/>\n<strong>Man k\u00f6nnte auch sagen, das \u201ehistorisch einmalige Experiment\u201c (Yascha Mounk, siehe unten) ist gescheitert, aber es ist ungekl\u00e4rt, wer das Labor wieder aufr\u00e4umt und den Schaden zahlt.<br \/>\n<\/strong><br \/>\nUnd wenn ich mit meiner These richtig liege, dann ist diese Gesellschaft nicht mehr zu reparieren und zu befrieden, weil wir aus dem Dauerverteidigungszustand neural nicht mehr rauskommen. Selbst wenn er reversibel w\u00e4re, w\u00fcrde das vermutlich voraussetzen, die Konfrontation zu beenden, und das d\u00fcrfte inzwischen unm\u00f6glich sein.<br \/>\n.. Alles vom 6.11.2021 bitte lsen auf<br \/>\n<a href=\"https:\/\/www.danisch.de\/blog\/2021\/11\/06\/di-fabio-und-das-sieden-der-gesellschaft\/\">https:\/\/www.danisch.de\/blog\/2021\/11\/06\/di-fabio-und-das-sieden-der-gesellschaft\/<\/a><\/p>\n<p>.<\/p>\n<p><strong>Ein historisch einzigartiges Experiment<\/strong><br \/>\nHadmut 23.2.2018 17:06<br \/>\nIch kann gerade nicht fassen, was ich da sehe.<br \/>\nIch habe die Tagesthemen am Dienstag nicht gesehen. Viele Leser wiesen mich aber darauf hin, dass es da ein Interview gegeben habe, in dem so ganz nebenbei eine Aussage von enormer Wucht gefallen w\u00e4re. In den Tagesthemen vom 20.2.2018 interviewte Caren Miosga den deutschen, aber an der Harvard University in Boston als Dozent arbeitenden Politikwissenschaftler Yascha Mounk.<br \/>\n<a href=\"https:\/\/www.youtube.com\/watch?v=s4N-wl6nydQ\">https:\/\/www.youtube.com\/watch?v=s4N-wl6nydQ<\/a><br \/>\nUnd der sagte auf die Frage, woher das Misstrauen gegen\u00fcber den Parteien bei uns kommt:<br \/>\n<em>&#8222;Zum Zweiten, dass wir hier ein historisch einzigartiges Experiment wagen,<\/em><br \/>\n<em>und zwar eine monoethnische, monokulturelle Demokratie<\/em><br \/>\n<em>in eine multiethnische zu verwandeln.<\/em><br \/>\n<em>Das kann klappen. Es wird, glaub ich, auch klappen.<\/em><br \/>\n<em>Aber dabei kommt es nat\u00fcrlich auch zu vielen Verwerfungen.&#8220;<\/em><\/p>\n<p>Es gibt einen anderen Blogger, der zu solchen Situationen anzumerken pflegt \u201eDa war wohl gerade der Zensor pinkeln\u2026\u201d.<br \/>\nDas dr\u00e4ngten sich mir sofort Fragen auf:<br \/>\n(1) Wer ist \u201ewir\u201d?<br \/>\nWer \u201ewagt\u201d dieses Experiment?<br \/>\n(2) Seit wann l\u00e4uft dieses \u201eExperiment\u201d?<br \/>\n(3) Warum werden wir als Versuchskarnickel nicht gefragt, ob wir das wollen?<\/p>\n<p>(4) Hei\u00dft es nicht die ganze Zeit, es ginge um Asyl? Und jetzt pl\u00f6tzlich um ein Experiment?<br \/>\nIst der Krieg in Syrien \u00fcberhaupt echt, oder ist der Teil dieses Experiments? Die Frage, ob der Syrienkrieg inszeniert ist, um das Land dort leerzur\u00e4umen, wurde schon gestellt.<br \/>\nIst das Experiment ein weiterer Zweck des Krieges?<br \/>\nHat man den Leuten deshalb falsche Versprechungen gemacht und ihnen Merkel-Poster in die Hand gedr\u00fcckt?<\/p>\n<p>(5) Was ist, wenn das Experiment schief geht, wenn es nicht klappt?<br \/>\nGibt es jemanden, der das Experiment dann abbricht oder gilt da no return?<br \/>\nUnd wer tr\u00e4gt dann den Schaden? Wer tr\u00e4gt \u00fcberhaupt die Verantwortung?<\/p>\n<p>(6) Wer ist denn alles in dieses Experiment eingeweiht und nimmt an der Durchf\u00fchrung teil? Also als Beobachter oder Experimentator, nicht als Versuchskaninchen.<br \/>\nSteckt Merkel da mit drin?<br \/>\nStecken Minister da mit drin?<br \/>\nSind der \u201eKampf gegen Rechts\u201d und das Netzdurchsetzungsgesetz Teil dieses Experimentes?<\/p>\n<p>(7) Wie tief stecken die Medien mit drin?<br \/>\n(8) Wie tief steckt das Bundesverfassungsgericht da mit drin?<br \/>\nWird das Experiment von amerikanischen Universit\u00e4ten aus gesteuert? War Susanne Baers geheimnisvolle und als Professur getarnte \u201eBeratungst\u00e4tigkeit\u201d f\u00fcr die Bundesverwaltung Teil dieses Experiments?<\/p>\n<p>(9) Ist der ge\u00e4nderte Artikel 3 GG Teil dieses Experiments? Ist die Ergebnisgleichstellung und die Ablehnung gleicher Anforderungen in inzwischen allen Bereichen Teil dieses Experiments?<br \/>\nSind Quoten, Sprachvorschriften, Political Correctness Teil des Experiments? Willkommen ge\u00fcbt am Beispiel Frau?<\/p>\n<p>(10) Auch im Zusammenhang mit Gender findet man gelegentlich Formulierungen, aus denen hervorgeht, dass es doch keine Gewissheit, sondern nur ein Angebot, ein Test, ein Experiment sei. Ist es dasselbe Experiment?<\/p>\n<p>(11) Und was genau f\u00e4llt denn alles unter \u201eVerwerfungen\u201d? Auch die Abschaffung des Rechts, von Grundrechten, Rechtsbr\u00fcche am Bundesverfassungsgericht?<\/p>\n<p>(12)Hatten wir nicht schon zu viele Menschenexperimente?<\/p>\n<p>W\u00e4hrend ich das so schreibe, ergreift mich der blanke Horror. Das schiere Entsetzen vor dem Gewicht dessen, was ich schreibe.<br \/>\n&#8230; Alles vom 23.2.2018 bitte lesen auf<br \/>\n<a href=\"https:\/\/www.danisch.de\/blog\/2018\/02\/23\/ein-historisch-einzigartiges-experiment\/\">https:\/\/www.danisch.de\/blog\/2018\/02\/23\/ein-historisch-einzigartiges-experiment\/<\/a><\/p>\n<p>&nbsp;<\/p>\n","protected":false},"excerpt":{"rendered":"<p>d Haben wir ohne Best\u00e4nde noch Bestand?\u00a0(20.8.2023) Undemokratische \u00dcbernahme: Von \u201eGlobal Governance\u201c zu \u201eGlobal Government\u201c\u00a0(15.7.2023) Gebauer: Nach dem Great Reset\u00a0(31.1.2023) Mounk-Experiment gescheitert? (6.11.2021) Ein historisch einzigartiges Experiment (23.2.2021) Yascha Mounk: Cancel-Culture \u2013 Kollektive Zensur (12.8.2020) PALMER Yascha Mounk: ein \u201eeinmaliges &hellip; <a href=\"https:\/\/www.freiburg-schwarzwald.de\/blog\/engagement\/zukunft\/demokratie\/experiment\/\">Weiterlesen <span class=\"meta-nav\">&rarr;<\/span><\/a><\/p>\n","protected":false},"author":2,"featured_media":0,"parent":21084,"menu_order":0,"comment_status":"closed","ping_status":"closed","template":"","meta":{"footnotes":""},"class_list":["post-95958","page","type-page","status-publish","hentry"],"_links":{"self":[{"href":"https:\/\/www.freiburg-schwarzwald.de\/blog\/wp-json\/wp\/v2\/pages\/95958","targetHints":{"allow":["GET"]}}],"collection":[{"href":"https:\/\/www.freiburg-schwarzwald.de\/blog\/wp-json\/wp\/v2\/pages"}],"about":[{"href":"https:\/\/www.freiburg-schwarzwald.de\/blog\/wp-json\/wp\/v2\/types\/page"}],"author":[{"embeddable":true,"href":"https:\/\/www.freiburg-schwarzwald.de\/blog\/wp-json\/wp\/v2\/users\/2"}],"replies":[{"embeddable":true,"href":"https:\/\/www.freiburg-schwarzwald.de\/blog\/wp-json\/wp\/v2\/comments?post=95958"}],"version-history":[{"count":5,"href":"https:\/\/www.freiburg-schwarzwald.de\/blog\/wp-json\/wp\/v2\/pages\/95958\/revisions"}],"predecessor-version":[{"id":114843,"href":"https:\/\/www.freiburg-schwarzwald.de\/blog\/wp-json\/wp\/v2\/pages\/95958\/revisions\/114843"}],"up":[{"embeddable":true,"href":"https:\/\/www.freiburg-schwarzwald.de\/blog\/wp-json\/wp\/v2\/pages\/21084"}],"wp:attachment":[{"href":"https:\/\/www.freiburg-schwarzwald.de\/blog\/wp-json\/wp\/v2\/media?parent=95958"}],"curies":[{"name":"wp","href":"https:\/\/api.w.org\/{rel}","templated":true}]}}