{"id":95001,"date":"2021-09-20T13:09:35","date_gmt":"2021-09-20T11:09:35","guid":{"rendered":"https:\/\/www.freiburg-schwarzwald.de\/blog\/?page_id=95001"},"modified":"2022-08-10T15:18:55","modified_gmt":"2022-08-10T13:18:55","slug":"naturgarten","status":"publish","type":"page","link":"https:\/\/www.freiburg-schwarzwald.de\/blog\/natur\/garten\/naturgarten\/","title":{"rendered":"Naturgarten"},"content":{"rendered":"<p>d<\/p>\n<div id=\"attachment_95048\" style=\"width: 649px\" class=\"wp-caption alignnone\"><a href=\"https:\/\/www.freiburg-schwarzwald.de\/blog\/wp-content\/uploads\/2021\/09\/breitehof-garten210920pan.jpg\"><img loading=\"lazy\" decoding=\"async\" aria-describedby=\"caption-attachment-95048\" class=\"size-full wp-image-95048\" src=\"https:\/\/www.freiburg-schwarzwald.de\/blog\/wp-content\/uploads\/2021\/09\/breitehof-garten210920pan.jpg\" alt=\"\" width=\"639\" height=\"311\" srcset=\"https:\/\/www.freiburg-schwarzwald.de\/blog\/wp-content\/uploads\/2021\/09\/breitehof-garten210920pan.jpg 639w, https:\/\/www.freiburg-schwarzwald.de\/blog\/wp-content\/uploads\/2021\/09\/breitehof-garten210920pan-180x88.jpg 180w\" sizes=\"auto, (max-width: 639px) 100vw, 639px\" \/><\/a><p id=\"caption-attachment-95048\" class=\"wp-caption-text\">Naturgarten mit Obst, Gem\u00fcse und Blumen am <a href=\"https:\/\/www.freiburg-schwarzwald.de\/blog\/bauernhof\/breitehof\/\">Breitehof<\/a> im Dreisamtal 20.9.2021<\/p><\/div>\n<ul>\n<li><a href=\"https:\/\/www.freiburg-schwarzwald.de\/blog\/natur-ist-weder-gut-noch-boese\/\">Natur ist weder gut noch b\u00f6se<\/a>\u00a0(10.8.2022)<\/li>\n<li>Naturgarten-Wettbewerb im Biosph\u00e4rengebiet Schwarzwald (14.6.2021)<\/li>\n<\/ul>\n<ul>\n<li><a title=\"Bickenreute\" href=\"https:\/\/www.freiburg-schwarzwald.de\/blog\/bauernhof\/bickenreute\/\">Bickenreute<\/a><\/li>\n<li><a title=\"Biodiversitaet\" href=\"https:\/\/www.freiburg-schwarzwald.de\/blog\/natur\/biodiversitaet\/\">Biodiversit\u00e4t<\/a><\/li>\n<li><a title=\"Boden\" href=\"https:\/\/www.freiburg-schwarzwald.de\/blog\/natur\/boden\/\">Boden<\/a><\/li>\n<li><a title=\"Dreisamgarten\" href=\"https:\/\/www.freiburg-schwarzwald.de\/blog\/natur\/garten\/dreisamgarten\/\">Dreisamgarten<\/a><\/li>\n<li><a title=\"Hirzberg\" href=\"https:\/\/www.freiburg-schwarzwald.de\/blog\/regio\/freiburg\/hirzberg\/\">Hirzberg<\/a><\/li>\n<li><a title=\"Imker\" href=\"https:\/\/www.freiburg-schwarzwald.de\/blog\/business\/handwerk\/imker\/\">Imker<\/a><\/li>\n<li><a title=\"Stahl\" href=\"https:\/\/www.freiburg-schwarzwald.de\/blog\/tourismus\/gastro\/gasthaus\/stahl\/\">Gasthaus zum Stahl<\/a><\/li>\n<li><a href=\"https:\/\/www.freiburg-schwarzwald.de\/blog\/regio\/kaiserstuhl\/naturgarten-kaiserstuhl\/\">Naturgarten-Kaiserstuhl<\/a><\/li>\n<li><a title=\"Naturschutz\" href=\"https:\/\/www.freiburg-schwarzwald.de\/blog\/natur\/naturschutz\/\">Naturschutz<\/a><\/li>\n<li><a href=\"https:\/\/www.freiburg-schwarzwald.de\/blog\/natur\/landwirt\/saatgut\/samengarten\/\">Samengarten<\/a><\/li>\n<\/ul>\n<p>&nbsp;<\/p>\n<p><strong>Naturgarten-Wettbewerb im Biosph\u00e4rengebiet Schwarzwald<\/strong><br \/>\n<strong>Wettbewerb \u201eWas lebt au in dinem Garte? \u2013 Wettbewerb f\u00fcr mehr Vielfalt\u201c<\/strong><br \/>\nWettbewerb f\u00fcr mehr Vielfalt: <a href=\"https:\/\/www.freiburg-schwarzwald.de\/blog\/regio\/biosphaerengebiet\/\">Biosph\u00e4rengebiet Schwarzwald<\/a> sucht den artenreichsten Naturgarten<br \/>\nDas Biosph\u00e4rengebiet Schwarzwald schreibt seinen ersten Naturgarten-Wettbewerb aus: Es geht um artenreiche und \u00f6kologisch wertvolle G\u00e4rten, die von einer Jury bewertet und pr\u00e4miert werden. Die Aktion startet am 15. Juni und dauert bis zum 15. August. Die erfolgreichen Gartenbesitzenden werden beim Biosph\u00e4renfest am 3. Oktober in Sch\u00f6nau ausgezeichnet. &#8230;<br \/>\nMitmachen k\u00f6nnen alle, die kleine und gro\u00dfe Hausg\u00e4rten, Schreberg\u00e4rten oder Bauerng\u00e4rten in den Biosph\u00e4renkommunen (in Freiburg im Schwarzwaldbereich der Stadt) pflegen. Wer teilnehmen will, f\u00fcllt bis zum 15. August den Fragebogen aus, der auf der Internetseite des Biosph\u00e4rengebiets (unter Service\/ Brosch\u00fcren und Flyer) herunter geladen werden kann: <a href=\"http:\/\/www.biosphaerengebiet-schwarzwald.de\">http:\/\/www.biosphaerengebiet-schwarzwald.de<\/a><br \/>\nProjektadresse: <a href=\"mailto:Naturgarten-Wettbewerb.Biosphaerengebiet@rpf.bwl.de\">Naturgarten-Wettbewerb.Biosphaerengebiet@rpf.bwl.de<\/a><\/p>\n<p>Worauf kommt es bei einem naturnahen Garten an? Vereinfacht gesagt sind damit solche G\u00e4rten gemeint, die m\u00f6glichst vielen unterschiedlichen einheimischen Pflanzen und Tieren die M\u00f6glichkeit bieten, naturnah zu wachsen und Lebensr\u00e4ume schaffen. Bei der Begutachtung werden durch eine Fachjury die Vielfalt der Pflanzen, Tiere und Lebensr\u00e4ume sowie \u00d6kologie und Nachhaltigkeit zun\u00e4chst an Hand des eingesandten Fragebogens bewertet und durch ein Punktesystem gewichtet.<br \/>\nDie Brosch\u00fcre zum Wettbewerb \u201eWas lebt au in dinem Garte? \u2013 Wettbewerb f\u00fcr mehr Vielfalt\u201c gibt\u2019s unter:<br \/>\n<a href=\"http:\/\/www.biosphaerengebiet-schwarzwald.de\/service\/broschueren-und-flyer\/\">http:\/\/www.biosphaerengebiet-schwarzwald.de\/service\/broschueren-und-flyer\/<\/a><\/p>\n<p>&#8230; Alles vom 14.6.2021 bitte lesen auf<br \/>\n<a href=\"https:\/\/rp.baden-wuerttemberg.de\/rpf\/service\/presse\/pressemitteilungen\/artikel\/wettbewerb-fuer-mehr-vielfalt-biosphaerengebiet-schwarzwald-sucht-den-artenreichsten-naturgarten\/\">https:\/\/rp.baden-wuerttemberg.de\/rpf\/service\/presse\/pressemitteilungen\/artikel\/wettbewerb-fuer-mehr-vielfalt-biosphaerengebiet-schwarzwald-sucht-den-artenreichsten-naturgarten\/<\/a><\/p>\n","protected":false},"excerpt":{"rendered":"<p>d Natur ist weder gut noch b\u00f6se\u00a0(10.8.2022) Naturgarten-Wettbewerb im Biosph\u00e4rengebiet Schwarzwald (14.6.2021) Bickenreute Biodiversit\u00e4t Boden Dreisamgarten Hirzberg Imker Gasthaus zum Stahl Naturgarten-Kaiserstuhl Naturschutz Samengarten &nbsp; Naturgarten-Wettbewerb im Biosph\u00e4rengebiet Schwarzwald Wettbewerb \u201eWas lebt au in dinem Garte? \u2013 Wettbewerb f\u00fcr mehr &hellip; <a href=\"https:\/\/www.freiburg-schwarzwald.de\/blog\/natur\/garten\/naturgarten\/\">Weiterlesen <span class=\"meta-nav\">&rarr;<\/span><\/a><\/p>\n","protected":false},"author":2,"featured_media":0,"parent":1660,"menu_order":0,"comment_status":"closed","ping_status":"closed","template":"","meta":{"footnotes":""},"class_list":["post-95001","page","type-page","status-publish","hentry"],"_links":{"self":[{"href":"https:\/\/www.freiburg-schwarzwald.de\/blog\/wp-json\/wp\/v2\/pages\/95001","targetHints":{"allow":["GET"]}}],"collection":[{"href":"https:\/\/www.freiburg-schwarzwald.de\/blog\/wp-json\/wp\/v2\/pages"}],"about":[{"href":"https:\/\/www.freiburg-schwarzwald.de\/blog\/wp-json\/wp\/v2\/types\/page"}],"author":[{"embeddable":true,"href":"https:\/\/www.freiburg-schwarzwald.de\/blog\/wp-json\/wp\/v2\/users\/2"}],"replies":[{"embeddable":true,"href":"https:\/\/www.freiburg-schwarzwald.de\/blog\/wp-json\/wp\/v2\/comments?post=95001"}],"version-history":[{"count":5,"href":"https:\/\/www.freiburg-schwarzwald.de\/blog\/wp-json\/wp\/v2\/pages\/95001\/revisions"}],"predecessor-version":[{"id":103278,"href":"https:\/\/www.freiburg-schwarzwald.de\/blog\/wp-json\/wp\/v2\/pages\/95001\/revisions\/103278"}],"up":[{"embeddable":true,"href":"https:\/\/www.freiburg-schwarzwald.de\/blog\/wp-json\/wp\/v2\/pages\/1660"}],"wp:attachment":[{"href":"https:\/\/www.freiburg-schwarzwald.de\/blog\/wp-json\/wp\/v2\/media?parent=95001"}],"curies":[{"name":"wp","href":"https:\/\/api.w.org\/{rel}","templated":true}]}}