{"id":94690,"date":"2021-09-12T20:44:14","date_gmt":"2021-09-12T18:44:14","guid":{"rendered":"https:\/\/www.freiburg-schwarzwald.de\/blog\/?page_id=94690"},"modified":"2025-11-02T13:18:44","modified_gmt":"2025-11-02T12:18:44","slug":"angstindustrie","status":"publish","type":"page","link":"https:\/\/www.freiburg-schwarzwald.de\/blog\/engagement\/zukunft\/angst\/angstindustrie\/","title":{"rendered":"Angstindustrie"},"content":{"rendered":"<p><a href=\"https:\/\/www.freiburg-schwarzwald.de\/blog\">Home<\/a>\u00a0&gt;<a title=\"Engagement\" href=\"https:\/\/www.freiburg-schwarzwald.de\/blog\/engagement\/\">Engagement<\/a>\u00a0&gt;<a title=\"Zukunft\" href=\"https:\/\/www.freiburg-schwarzwald.de\/blog\/engagement\/zukunft\/\">Zukunft<\/a>\u00a0&gt;<a title=\"Psyche\" href=\"https:\/\/www.freiburg-schwarzwald.de\/blog\/selbsthilfe\/psyche\/\">Psyche<\/a>\u00a0&gt;<a href=\"https:\/\/www.freiburg-schwarzwald.de\/blog\/engagement\/zukunft\/angst\/\">Angst<\/a> &gt;<a href=\"https:\/\/www.freiburg-schwarzwald.de\/blog\/engagement\/zukunft\/angst\/angstmachen\/\">Angstmachen<\/a> &gt;Angstindustrie<\/p>\n<div id=\"attachment_94519\" style=\"width: 649px\" class=\"wp-caption alignnone\"><a href=\"https:\/\/www.freiburg-schwarzwald.de\/blog\/wp-content\/uploads\/2021\/09\/storch-schwarz-und-weiss-rieselfeld-pan2108.jpg\"><img loading=\"lazy\" decoding=\"async\" aria-describedby=\"caption-attachment-94519\" class=\"size-full wp-image-94519\" src=\"https:\/\/www.freiburg-schwarzwald.de\/blog\/wp-content\/uploads\/2021\/09\/storch-schwarz-und-weiss-rieselfeld-pan2108.jpg\" alt=\"\" width=\"639\" height=\"360\" srcset=\"https:\/\/www.freiburg-schwarzwald.de\/blog\/wp-content\/uploads\/2021\/09\/storch-schwarz-und-weiss-rieselfeld-pan2108.jpg 639w, https:\/\/www.freiburg-schwarzwald.de\/blog\/wp-content\/uploads\/2021\/09\/storch-schwarz-und-weiss-rieselfeld-pan2108-180x101.jpg 180w\" sizes=\"auto, (max-width: 639px) 100vw, 639px\" \/><\/a><p id=\"caption-attachment-94519\" class=\"wp-caption-text\">Ein schwarzer Storch beim Abflug im Rieselfeld bei Freiburg im August 2021<\/p><\/div>\n<ul>\n<li><em>Listenauswahl eines Beitrags (Artikel\/Datum, Seite\/Inhalt): <span style=\"text-decoration: underline;\">Klicken<\/span> oder scrollen<\/em><\/li>\n<li>Fratzen der Gegenwart \u2013 \u00fcber Halloween, Konsum und den Verlust des Ma\u00dfes (2.11.2025)<\/li>\n<li><a href=\"https:\/\/www.freiburg-schwarzwald.de\/blog\/engagement\/zukunft\/angst\/angstgesellschaft\/\">Die Angstgesellschaft<\/a> (18.8.2023)<\/li>\n<li><a href=\"https:\/\/www.freiburg-schwarzwald.de\/blog\/hitzeangst-politik-und-medien\/\">Hitzeangst: Politik und Medien<\/a>\u00a0(23.7.2023)<\/li>\n<li><a href=\"https:\/\/www.freiburg-schwarzwald.de\/blog\/staat-macht-buergern-angst\/\">Staat macht B\u00fcrgern Angst<\/a>\u00a0(2.2.2023)<\/li>\n<li>Die Angstmechanik: Corona und Klima (18.1.2023)<\/li>\n<li><a href=\"https:\/\/www.freiburg-schwarzwald.de\/blog\/halloween-kinder-veraengstigen\/\">Halloween: Kinder ver\u00e4ngstigen<\/a>\u00a0(31.10.2022)<\/li>\n<li><a href=\"https:\/\/www.freiburg-schwarzwald.de\/blog\/engagement\/zukunft\/angst\/angstmachen\/\">Hans-Joachim Maaz: Angstgesellschaft<\/a>\u00a0(25.7.2022)<\/li>\n<li><a href=\"https:\/\/www.freiburg-schwarzwald.de\/blog\/drewermann-staat-macht-angst\/\">Drewermann: Der Staat macht Angst<\/a>\u00a0(25.2.2022)<\/li>\n<li><a href=\"https:\/\/www.freiburg-schwarzwald.de\/blog\/natur\/klima\/apokalypse\/\">Der Apokalypsen-Trick<\/a>\u00a0(19.1.2022)<\/li>\n<li>Angstmache &#8211; Instrument des Totalitarismus (5.12.2021)<\/li>\n<li><a href=\"https:\/\/www.freiburg-schwarzwald.de\/blog\/engagement\/zukunft\/angst\/angstmachen\/\">Wovor haben wir heute Angst?<\/a>\u00a0(29.11.2021)<\/li>\n<li><a href=\"https:\/\/www.freiburg-schwarzwald.de\/blog\/wahrheit-seibert-weizsaecker\/\">Wahrheit: Seibert &#8211; von\u00a0Weizs\u00e4cker<\/a> (6.11.2021)<\/li>\n<li>Norbert Bolz: Wir haben eine Angstindustrie (11.9.2021)<\/li>\n<li><\/li>\n<li><a href=\"https:\/\/www.freiburg-schwarzwald.de\/blog\/engagement\/zukunft\/angst\/angstgesellschaft\/\">Angstgesellschaft<\/a><\/li>\n<li><a href=\"https:\/\/www.freiburg-schwarzwald.de\/blog\/engagement\/zukunft\/angst\/angstmachen\/\">Angstmachen<\/a><\/li>\n<li><a href=\"https:\/\/www.freiburg-schwarzwald.de\/blog\/natur\/klima\/apokalypse\/\">Apokalypse<\/a><\/li>\n<li><a href=\"https:\/\/www.freiburg-schwarzwald.de\/blog\/business\/gesund\/corona-virus\/corona-angst\/\">Corona-Angst<\/a><\/li>\n<li><a href=\"https:\/\/www.freiburg-schwarzwald.de\/blog\/selbsthilfe\/frauen\/frauen-angst\/\">Frauen-Angst<\/a><\/li>\n<li><a href=\"https:\/\/www.freiburg-schwarzwald.de\/blog\/engagement\/zukunft\/krieg\/kriegsangst\/\">Kriegsangst<\/a><\/li>\n<\/ul>\n<p>&nbsp;<\/p>\n<p><strong>Fratzen der Gegenwart \u2013 \u00fcber Halloween, Konsum und den Verlust des Ma\u00dfes<\/strong><br \/>\nIch schreibe diese Zeilen knapp 24 Stunden nach jenem grotesken Schauspiel, das sich Jahr f\u00fcr Jahr in deutschen Vorg\u00e4rten, Einkaufsstra\u00dfen und Wohnzimmern wiederholt \u2013 Halloween. Ein Fest, das mit jener beunruhigenden Selbstverst\u00e4ndlichkeit in unser Land eingesickert ist.<br \/>\nWas, frage ich, haben wir mit einem alten keltischen Brauch zu tun, der die Grenze zwischen der Welt der Lebenden und der Toten verwischt? Der von irischen Auswanderern nach Amerika getragen und dort zu einer Marketingmaschine pervertiert wurde, bevor er \u2013 verpackt in Hollywood-Serien und Plastikgrusel aus Fernost \u2013 auf der \u00dcberholspur an unserem Erntedankfest vorbeiraste?<br \/>\nDas Erntedankfest, dieser stille, kontemplative Moment, in dem der Mensch seinem Sch\u00f6pfer dankt. Es war das Fest des Ma\u00dfhaltens, der Demut, des Bewusstseins. Heute hat es gegen die Fratzen des Kommerzes verloren.<br \/>\nDie Fratze \u2013 das ist das eigentliche Gesicht unserer Gegenwart. Eine verzerrte Maske aus \u00dcberreizung, \u00dcberfluss und \u00dcberdruss. Sie blickt uns an aus Reklamew\u00e4nden, aus Streamingportalen, aus dem Smartphone, das selbst beim Abendmahl nicht schweigt.<br \/>\nIch erinnere mich, wie meine Tochter als Teenager eine Halloween-Party ausrichten wollte \u2013 gem\u00e4\u00dfigt, harmlos, ein paar bemalte Gesichter, Spinnweben aus dem Party-Store. Ich lie\u00df sie gew\u00e4hren. Vaterliebe duldet manches. Aber schon damals hatte ich dieses Unbehagen, das heute Gewissheit ist: Etwas ist aus den Fugen geraten.<br \/>\nDie Unschuld des Spiels ist verloren. \u00dcbrig bleibt ein aggressiver Zirkus aus Blut, Kunstlatex und \u00dcberreiz. Der Tod wird zur Kulisse, das Gruseln zur Pose, und die Kinder \u2013 einst mit Laternen beim Sankt-Martins-Umzug unterwegs \u2013 schleppen heute Plastikk\u00fcrbisse voller Zuckergift durch die Stra\u00dfen. Die letzte Verbindung zu Sinn und Symbolik ist gekappt.<br \/>\nEs ist, als habe die Gesellschaft beschlossen, das eigene kulturelle Ged\u00e4chtnis auszul\u00f6schen \u2013 freiwillig, fr\u00f6hlich und bunt illuminiert.<br \/>\nMan emp\u00f6rt sich lautstark \u00fcber transatlantische Abh\u00e4ngigkeiten, \u00fcber kulturelle Kolonialisierung, und doch schaukelt dieselbe Klientel ihre blutverschmierten Kinder im Lastenrad von Haust\u00fcr zu Haust\u00fcr. Wer \u00fcber geistige Selbstbestimmung spricht, w\u00e4hrend er zugleich die Marketingzombies der amerikanischen Unterhaltungsindustrie f\u00fcttert, der gleicht einem Di\u00e4tberater im Schnellrestaurant.<br \/>\nDie Fratzen von Halloween sind nur die sichtbare Oberfl\u00e4che. Dahinter liegt ein tieferes Unbehagen \u2013 <em><strong>die Eventisierung unserer Existenz.<\/strong><\/em> Alles muss Spektakel sein, jede Jahreszeit ein Anlass zum Konsum, jede Stimmung ein Markt. Die Gesellschaft feiert sich zu Tode.<br \/>\n&#8230;<br \/>\nHalloween ist da die Liturgie einer gottlosen Konsumreligion. Eine Nacht der Fratzen, die l\u00e4ngst Tag geworden ist. Das Diabolische dieser Entwicklung liegt nicht in den K\u00fcrbissen oder in den Plastikvampiren. Es liegt in der inneren Gleichg\u00fcltigkeit, in der Lust an der Entgrenzung, in der Weigerung, Ma\u00df zu halten.<br \/>\n&#8230;<br \/>\n&#8230; Alles vom 2.11.2025 von Markus Langemann bitte lesen auf<br \/>\n<a href=\"https:\/\/clubderklarenworte.de\/fratzen-der-gegenwart\/\">https:\/\/clubderklarenworte.de\/fratzen-der-gegenwart\/<\/a><\/p>\n<p>&nbsp;<\/p>\n<p><strong>Die Angstmechanik: Corona und Klima<\/strong><br \/>\n<strong>Warum ich den Katastrophikern nicht auf den Leim gehe<\/strong><br \/>\nDa die Klimapanik aus genau der gleichen gesellschaftlichen Ecke kommt wie die Corona-Panik \u2013 mit genau den gleichen Methoden, genau den gleichen totalit\u00e4ren Phantasien \u2013, glaube ich den Propagandisten wie auch bei Corona kein Wort. Die CO2-Verteufelung wird sich als L\u00fcge herausstellen.<br \/>\nOder anders gesagt: Die Erz\u00e4hlung, das von der Menschheit emittierte Kohlendioxid sei die alleinige oder entscheidende Ursache f\u00fcr den Anstieg des Kohlendioxidgehalts der Luft und der wiederum sei alleine verantwortlich f\u00fcr den Anstieg der weltweiten Durchschnittstemperatur der unteren Atmosph\u00e4re in den letzten 100 Jahren, wird eines Tages vom Common Sense als falsch angesehen werden. Im R\u00fcckblick werden die Menschen den Kopf sch\u00fctteln \u00fcber den dekadenten, selbstzerst\u00f6rerischen Wahnsinn unserer Zeit.<br \/>\n&#8230;<br \/>\nIch glaube kaum, dass die kollektiv eingebildeten Notlagen von einem sinistren Zirkel elit\u00e4rer Malthusianer beim World Economic Forum absichtsvoll geplant, herbeigef\u00fchrt und gesteuert werden, wie viele munkeln. Ich glaube eher, dass sich die Paniksituationen in der chaotischen Massenkommunikation der Gesellschaften wie Wellen aufschaukeln und sich dabei selbst verst\u00e4rken oder irgendwann brechen. Luhmanns Systemtheorie kann das besser erkl\u00e4ren als das tayloristische Prinzip der Planung und Steuerung, das meines Erachtens in komplexen Systemen ohnehin keine Chance hat.<br \/>\nPlanung funktioniert ja schon in Unternehmen nicht, geschweige denn in Wirtschaftssystemen oder in Gesellschaften.<br \/>\nNein, es ist wohl eher so, dass Profiteure wie paternalistische Politiker, moralisierende Journalisten, autorit\u00e4re Sozialisten, Pharmaunternehmer, \u201eExperten\u201c, Test- und Maskenhersteller, \u00c4rzte, Windkraftunternehmer, Klimainstitute, Zertifikateh\u00e4ndler, Elektroautohersteller, Milliard\u00e4re, ihre Stiftungen, Gro\u00dfinvestoren und so weiter auf die Paniksituationen \u201eaufhocken\u201d wie bestimmte Sorten Vampire und dann daraus ihre Lebensenergie und viele Euros saugen.<br \/>\n&#8230;<br \/>\nBleiben wir <a href=\"https:\/\/www.freiburg-schwarzwald.de\/blog\/religion\/christen\/abendland\/\">Abendl\u00e4nder<\/a>!<br \/>\nMein Punkt ist: Selbst wenn die Pandemie oder die Klimakatastrophe real w\u00e4ren, d\u00fcrfte niemand mit Zwang und Gewalt herrschen. Selbst wenn echte Killerviren mit hoher Fallsterblichkeit die Menschheit heimsuchen w\u00fcrden, d\u00fcrfte niemand zu Impfungen oder zum Tragen von Masken gezwungen werden. Niemand d\u00fcrfte unter Hausarrest gestellt werden, Veranstaltungen oder Versammlungen d\u00fcrften nicht verboten werden, zwischenmenschliche Kontakte d\u00fcrften nicht beschr\u00e4nkt oder untersagt werden. Es w\u00e4re n\u00e4mlich selbst dann falsch, wenn die Katastrophe echt w\u00e4re.<br \/>\nSelbst wenn die Menschheit durch das Verbrennen fossiler Energietr\u00e4ger zu einer katastrophalen Erw\u00e4rmung der Atmosph\u00e4re nennenswert beitragen w\u00fcrde, d\u00fcrften bestimmte Technologien f\u00fcr Mobilit\u00e4t, Stromerzeugung oder industrielle Prozesse nicht von Politikern verboten oder eingeschr\u00e4nkt werden.<\/p>\n<p><em><strong>Wir sind Abendl\u00e4nder, das hei\u00dft, wir sind Individualisten \u2013 wir funktionieren nicht gut unter kollektivem Zwang.<\/strong><\/em> Totalit\u00e4re Gewalt und der Primat des Kollektivs \u00fcber das Individuum bringen die schlechtesten Seiten in uns zum Vorschein, wie gerade wir Deutschen sehr genau wissen sollten.<br \/>\nDie individuelle Freiheit ist f\u00fcr uns Abendl\u00e4nder die Grundvoraussetzung daf\u00fcr, durch konstruktive Selbstkritik, durch freiwillige Verhaltens\u00e4nderungen und durch neue Technologien L\u00f6sungen f\u00fcr Probleme zu finden. Darin sind wir besser als jede andere Hochkultur im Holoz\u00e4n.<br \/>\nWir h\u00f6ren auf, Abendl\u00e4nder zu sein, wenn wir die W\u00fcrde des Menschen opfern, um seine sterbliche H\u00fclle zu retten. Oder die einen retten, indem wir die anderen umbringen. Oder die Demut vor der Sch\u00f6pfung verlieren und in den Wahn verfallen, Viren oder astronomische Prozesse kontrollieren zu k\u00f6nnen.<br \/>\n&#8230; Alles vom 18.1.2023 von Oliver Gorus bitte lesen auf<br \/>\n<a href=\"https:\/\/freiheitsfunken.info\/2023\/01\/18\/20339-corona-und-klima-die-angstmechanik\">https:\/\/freiheitsfunken.info\/2023\/01\/18\/20339-corona-und-klima-die-angstmechanik<\/a><br \/>\n<em>.<\/em><br \/>\n<em>Oliver Gorus, schw\u00e4bischer Jahrgang 1970, lebt und arbeitet am Bodensee und ist seit 20 Jahren Multikleinunternehmer. Der gelernte Buchh\u00e4ndler sorgt mit drei seiner f\u00fcnf Unternehmen daf\u00fcr, dass seine Klienten \u2013 Autoren, Politiker, Schauspieler, Sportler, Professoren, Profiredner, Unternehmer, Berater oder einfach Winzer \u2013 in der \u00d6ffentlichkeit geh\u00f6rt, gesehen und gelesen werden: <a href=\"https:\/\/www.freiburg-schwarzwald.de\/blog\/engagement\/zukunft\/angst\/angstmachen\/\">https:\/\/www.gorus.de<\/a>. Seine w\u00f6chentliche Kolumne erscheint bei Freiheitsfunken mittwochs um 6 Uhr.<\/em><\/p>\n<p>&nbsp;<\/p>\n<p><strong>Angstmache &#8211; Instrument des Totalitarismus<\/strong><br \/>\nVor etwa 75 Jahren soll Hermann G\u00f6ring in N\u00fcrnberg auf die Frage: \u201eWie habt ihr das deutsche Volk dazu gebracht, das alles zu akzeptieren?\u201c folgendes geantwortet haben:<br \/>\n\u201eEs war sehr einfach, es hat nichts mit Nationalsozialismus zu tun, es hat etwas mit menschlicher Natur zu tun. Man kann es in einem nationalen-sozialistischen, in einem kommunistischen Regime und in einer Demokratie tun.<br \/>\nDas Einzige, was getan werden muss, um Menschen zu versklaven, ist ihnen Angst zu machen. Wenn du es schaffst, einen Weg zu finden, um Menschen Angst zu machen, kannst du sie zu allem bringen, was du willst.\u201c<br \/>\n5.12.2021<\/p>\n<p>&nbsp;<\/p>\n<p><strong>Norbert Bolz: Wir haben eine Angstindustrie<\/strong><br \/>\n\u201eEs ist das, was Medienwissenschaftler \u201ecompassion fatigue\u201c nennen: Man wird st\u00e4ndig zum Mitleid, zur Angst und zur Aufmerksamkeit aufgefordert. Aber da es permanent passiert, kann man dem gar nicht mehr mit der eigenen Aufmerksamkeit und Angstbereitschaft entsprechen \u2013 sodass man dann in realen Katastrophen quasi hilflos ist\u201c, erkl\u00e4rt der Kommunikationswissenschaftler Norbert Bolz im Gespr\u00e4ch in der Oktober-Ausgabe der Zeitschrift Tichys Einblick. &#8230;<br \/>\nDie Medienberichterstattung sei nur noch \u201egro\u00dfformatig unterwegs\u201c, es gehe \u201eimmer nur um die Drohung, dass alles akut vor dem Untergang steht\u201c. Das f\u00fchre dazu, dass man \u201ewir handfeste Probleme gar nicht mehr in den Griff kriegen\u201c.<br \/>\nDas habe l\u00e4ngst auch auf die Wissenschaft Auswirkungen. \u201eDas, was Wissenschaft ausmacht, die Kontroverse, findet gar nicht statt\u201c, bem\u00e4ngelt der Wissenschaftler. \u201eNichts, was die Wissenschaft diagnostisch leisten kann, erzwingt eine bestimmte Politik. Aber genau so wird es uns dargestellt. Viele Wissenschaftler treten als Akti\u00advisten auf. Leider auch die Journalisten. Viele wollen gar nicht mehr objektiv berichten, sondern die Welt verbessern.\u201c<br \/>\nInzwischen gebe es \u201eeine ganze <strong>Angstindustrie\u201c<\/strong>, so Prof. Bolz. \u201eEs gibt Leute in den Medien, die davon leben. Es gibt Politiker, die sehr gut davon leben, weil sie dann mit ihren Programmen als angebliche L\u00f6sung kommen k\u00f6nnen. Und es gibt nat\u00fcrlich eine konkrete <strong>Angstindustrie<\/strong>: All die, die auf erneuerbare Energien setzen, oder auf E-Mobilit\u00e4t. Die hohe Aufmerksamkeit f\u00fcr diese Industriefelder ist doch eine unmittelbare Folge der angeblich drohenden Apokalypse.\u201c Anders sei die hohe finanzielle Unterst\u00fctzung und der \u201eunglaubliche Aufwand\u201c f\u00fcr die Energie- und Verkehrswende nicht denkbar. Dabei spielten die Medien eine entscheidende Rolle, weil sie ihre eigentliche Rolle nicht mehr erf\u00fcllen. \u201eDie Medien haben sich von der sogenannten \u201evierten Gewalt\u201c in eine Propagandainstitution verwandelt, zumindest die \u00d6ffentlich-Rechtlichen. Sie machen im Grunde nichts anderes mehr, als Regierungspolitik voranzutreiben\u201c, kritisiert Bolz.<br \/>\n&#8230; Alls vom 11.9.2021 bitte lesen auf<br \/>\n<a href=\"https:\/\/www.tichyseinblick.de\/daili-es-sentials\/te-10-2021-interview-norbert-bolz\/\">https:\/\/www.tichyseinblick.de\/daili-es-sentials\/te-10-2021-interview-norbert-bolz\/<\/a><\/p>\n<p>Kommentare<br \/>\n<strong>German Angst, die t\u00e4glich durch die Medien befeuert wird.<\/strong><br \/>\nWenn vor der eigenen Haust\u00fcr nichts passiert ist, irgendwo auf dieser Erde l\u00e4sst sich bestimmt ein Drama finden. Man muss sich anschauen, in welchem Abstand t\u00e4glich Nachrichten pr\u00e4sentiert werden. Das Angstneurosen in diesem Land verbreitet sind, d\u00fcrfte kein Geheimnis sein. Das d\u00fcrfte mit ein Ergebnis der Angstindustrie sein. Aber nicht nur diese Angstst\u00f6rungen wirken, es \u00fcberlagert sich noch mit der \u201eGutmenschen Mentalit\u00e4t\u201c und oft Neid auf die Menschen welche im Wettbewerb erfolgreich sind, selbst etwas geschaffen haben. Wer NICHTS wird, rettet dann oft die Welt. Nach meiner Meinung eine ganz ungute Mischung, es sind zum Gl\u00fcck nicht alle Menschen so. Letztendlich spielt die Verteilung in der Gesellschaft eine Rolle. Ich kann nicht einsch\u00e4tzen, wie die Verteilung in unserer Gesellschaft mittlerweile ist. Ein hohes Potential an Nichtw\u00e4hlern, sehr viele gute und andere Meinungen in den \u00f6ffentlichen Kommentaren im ganzen Spektrum, stehen den politischen und medialen Aussagen des \u00d6R kontr\u00e4r gegen\u00fcber. Eins d\u00fcrfte jedoch sicher sein, die realen Probleme werden nicht durch das f\u00f6rdern von Angst und Depressionen gel\u00f6st werden k\u00f6nnen.<br \/>\n11.9.021, Jac<\/p>\n<p><strong>Angstindustrie der Medien ist m\u00f6glich, weil sie auf fruchtbaren Boden f\u00e4llt<\/strong><br \/>\nGerman Angst ist ein weltweiter Begriff. Wenn also die Leute abstumpfen, dann ist das eine positive Entwicklung.<br \/>\nNicht nur die Medien profitieren von der German Angst. In besonderem Ma\u00dfe profitieren die NGOs.<br \/>\nWir leben im Land der gekauften Wissenschaft, gekauften Medien, auch gekaufter Unternehmen und im Land der gr\u00f6\u00dften Scheinheiligkeit auf der ganzen Welt.<br \/>\n11.9.2021, Ell<\/p>\n<p><strong>Informationstechnologie beg\u00fcnstigt Hysterie<\/strong><br \/>\nIch denke, dass dieser ganze Kladderadatsch auf die Informationstechnologie zur\u00fcckzuf\u00fchren ist (Neil Postman hat in \u201eWir am\u00fcsieren uns zu Tode\u201c hier grundlegende Analysearbeit geleistet).<br \/>\nDie instantane, visuelle Darbietung von Informationen wirkt verheerend auf die Rationalit\u00e4t bei der Informationsverarbeitung und beg\u00fcnstigt Hysterie und Sich-f\u00fcr-alles-verantwortlich-F\u00fchlen, denn alles, egal wo es geschieht, ist kontextlos sofort und vor allem VISUELL pr\u00e4sent. Bilder beschreiben aber keine Logik des Geschehens, keine Kausalit\u00e4ten von Prozessen und keine Aussagen, die man pr\u00fcfen und widerlegen k\u00f6nnte, sondern sie fressen sich auf direktem Weg ins Unbewusste und steuern damit emotionale Reaktionen (z.B. eben Angst, Emp\u00f6rung, spontane (unreflektierte) Zustimmung u.a.), die jeglichen Versuch einer rationalen Bewertung bei der Mehrzahl der Rezipienten aushebeln.<br \/>\nDiese Art und Weise des gesellschaftlichen Umgangs mit Informationen ist auch ein Treiber bei der Herausbildung der Postmoderne gewesen, die letztlich nur noch auf episodenhafte Eindr\u00fccke statt auf das korrekte Erkennen der Realit\u00e4t abzielt und daraus ihre Narrative ableitet, die weder korrekt in Bezug auf die Realit\u00e4t noch in sich konsistent sind. Das ist t\u00f6dlich f\u00fcr jede Gesellschaft, und die Anzeichen des Niedergangs sind ja auch nicht mehr zu \u00fcbersehen.<br \/>\n11.9.201, K.N.<br \/>\nEnde Kommentare<\/p>\n","protected":false},"excerpt":{"rendered":"<p>Home\u00a0&gt;Engagement\u00a0&gt;Zukunft\u00a0&gt;Psyche\u00a0&gt;Angst &gt;Angstmachen &gt;Angstindustrie Listenauswahl eines Beitrags (Artikel\/Datum, Seite\/Inhalt): Klicken oder scrollen Fratzen der Gegenwart \u2013 \u00fcber Halloween, Konsum und den Verlust des Ma\u00dfes (2.11.2025) Die Angstgesellschaft (18.8.2023) Hitzeangst: Politik und Medien\u00a0(23.7.2023) Staat macht B\u00fcrgern Angst\u00a0(2.2.2023) Die Angstmechanik: Corona und Klima &hellip; <a href=\"https:\/\/www.freiburg-schwarzwald.de\/blog\/engagement\/zukunft\/angst\/angstindustrie\/\">Weiterlesen <span class=\"meta-nav\">&rarr;<\/span><\/a><\/p>\n","protected":false},"author":2,"featured_media":0,"parent":58023,"menu_order":0,"comment_status":"closed","ping_status":"closed","template":"","meta":{"footnotes":""},"class_list":["post-94690","page","type-page","status-publish","hentry"],"_links":{"self":[{"href":"https:\/\/www.freiburg-schwarzwald.de\/blog\/wp-json\/wp\/v2\/pages\/94690","targetHints":{"allow":["GET"]}}],"collection":[{"href":"https:\/\/www.freiburg-schwarzwald.de\/blog\/wp-json\/wp\/v2\/pages"}],"about":[{"href":"https:\/\/www.freiburg-schwarzwald.de\/blog\/wp-json\/wp\/v2\/types\/page"}],"author":[{"embeddable":true,"href":"https:\/\/www.freiburg-schwarzwald.de\/blog\/wp-json\/wp\/v2\/users\/2"}],"replies":[{"embeddable":true,"href":"https:\/\/www.freiburg-schwarzwald.de\/blog\/wp-json\/wp\/v2\/comments?post=94690"}],"version-history":[{"count":5,"href":"https:\/\/www.freiburg-schwarzwald.de\/blog\/wp-json\/wp\/v2\/pages\/94690\/revisions"}],"predecessor-version":[{"id":141031,"href":"https:\/\/www.freiburg-schwarzwald.de\/blog\/wp-json\/wp\/v2\/pages\/94690\/revisions\/141031"}],"up":[{"embeddable":true,"href":"https:\/\/www.freiburg-schwarzwald.de\/blog\/wp-json\/wp\/v2\/pages\/58023"}],"wp:attachment":[{"href":"https:\/\/www.freiburg-schwarzwald.de\/blog\/wp-json\/wp\/v2\/media?parent=94690"}],"curies":[{"name":"wp","href":"https:\/\/api.w.org\/{rel}","templated":true}]}}