{"id":91544,"date":"2021-06-17T13:45:52","date_gmt":"2021-06-17T11:45:52","guid":{"rendered":"https:\/\/www.freiburg-schwarzwald.de\/blog\/?page_id=91544"},"modified":"2026-01-22T09:31:06","modified_gmt":"2026-01-22T08:31:06","slug":"klima-instrumentalisieren","status":"publish","type":"page","link":"https:\/\/www.freiburg-schwarzwald.de\/blog\/natur\/klima\/klima-instrumentalisieren\/","title":{"rendered":"Klima-instrumentalisieren"},"content":{"rendered":"<p>d<\/p>\n<div id=\"attachment_91546\" style=\"width: 649px\" class=\"wp-caption alignnone\"><a href=\"https:\/\/www.freiburg-schwarzwald.de\/blog\/wp-content\/uploads\/2021\/06\/see-baden-fahrrad-pan20210613.jpg\"><img loading=\"lazy\" decoding=\"async\" aria-describedby=\"caption-attachment-91546\" class=\"size-full wp-image-91546\" src=\"https:\/\/www.freiburg-schwarzwald.de\/blog\/wp-content\/uploads\/2021\/06\/see-baden-fahrrad-pan20210613.jpg\" alt=\"\" width=\"639\" height=\"290\" srcset=\"https:\/\/www.freiburg-schwarzwald.de\/blog\/wp-content\/uploads\/2021\/06\/see-baden-fahrrad-pan20210613.jpg 639w, https:\/\/www.freiburg-schwarzwald.de\/blog\/wp-content\/uploads\/2021\/06\/see-baden-fahrrad-pan20210613-180x82.jpg 180w\" sizes=\"auto, (max-width: 639px) 100vw, 639px\" \/><\/a><p id=\"caption-attachment-91546\" class=\"wp-caption-text\">Zum Schwimmen radeln bei Freiburg am 13. Juni 2021<\/p><\/div>\n<ul>\n<li><em>Listenauswahl eines Beitrags (Artikel\/Datum, Seite\/Inhalt):\u00a0<span style=\"text-decoration: underline;\">Klicken<\/span>\u00a0oder scrollen<\/em><\/li>\n<li><a href=\"https:\/\/www.freiburg-schwarzwald.de\/blog\/natur\/klima\/klimaskeptiker\/\">Die UNO will jegliche Kritik an der Klimapolitik zensieren, nachdem ein Whistleblower sie als kompletten Betrug entlarvt hat<\/a>\u00a0(20.1.2026)<\/li>\n<li><a href=\"https:\/\/www.freiburg-schwarzwald.de\/blog\/natur\/klima\/hitze\/\">Eine der Klima-Horrormeldungen: Die Nordsee \u201c\u00fcberhitzt\u201d aktuell\u2026<\/a> (13.6.2025)<\/li>\n<li>Starkregen bei Valencia- Der Fall Heinrich S. (1.11.2024)<\/li>\n<li><a href=\"https:\/\/www.freiburg-schwarzwald.de\/blog\/business\/volkswirtschaft\/gruene-oekonomie\/\">Gr\u00fcnes Wirtschaftswunder \u2013 Klimafundamentalismus \u2013 Deindustrialisierung<\/a>\u00a0(31.5.2024)<\/li>\n<li>Mit Klima-Panik zum Great Reset: Stefan Magnet entlarvt Massenkontrolle und Milliardenprofit (28.9.2023)<\/li>\n<li><a href=\"https:\/\/www.freiburg-schwarzwald.de\/blog\/natur\/klima\/klimawandel-glaube\/\">Unglaublich: ARD und ZDF entlarven Klimaglauben als Ersatzreligion\u2026 \u2026aber leider nur im Jahr 2010<\/a>\u00a0(21..8.2023)<\/li>\n<li><a href=\"https:\/\/www.freiburg-schwarzwald.de\/blog\/vereine\/ngo\/aktivisten\/\">Klima-Aktivistin: Ex-OB-Kandidatin zerkratzt elf Autos<\/a> (15,4,2023)<\/li>\n<li><a href=\"https:\/\/www.freiburg-schwarzwald.de\/blog\/der-karfreitag-und-das-klima\/\">Der Karfreitag und das Klima<\/a>\u00a0(8.4.2023)<\/li>\n<li><a href=\"https:\/\/www.freiburg-schwarzwald.de\/blog\/engagement\/zukunft\/angst\/angstindustrie\/\">Die Angstmechanik: Corona und Klima<\/a>\u00a0(18.1.2023)<\/li>\n<li><a href=\"https:\/\/www.freiburg-schwarzwald.de\/blog\/global\/eu\/eu-planwirtschaft\/\">Haltungs-\u00d6konomie statt freie Marktwirtschaft<\/a>\u00a0(16.9.2022)<\/li>\n<li><a href=\"https:\/\/www.freiburg-schwarzwald.de\/blog\/vereine\/ngo\/aktivisten\/\">Klima-Aktivisten der \u201eLetzten Generation\u201c kleben sich an Kunstwerken fest<\/a> (2.9.22)<\/li>\n<li><a href=\"https:\/\/www.freiburg-schwarzwald.de\/blog\/kultur\/medien\/manipulation\/\">RBB-Geb\u00fchrensender sch\u00fcrt mit Bild-Manipulation Klima-Angst<\/a>\u00a0(19.8.2022)<\/li>\n<li><a href=\"https:\/\/www.freiburg-schwarzwald.de\/blog\/natur-ist-weder-gut-noch-boese\/\">Natur ist weder gut noch b\u00f6se<\/a>\u00a0(10.8.2022)<\/li>\n<li><a href=\"https:\/\/www.freiburg-schwarzwald.de\/blog\/zivilreligion-kirchenaustritte\/\">Zivilreligion \u2013 Kirchenaustritte<\/a>\u00a0(5.7.2022)<\/li>\n<li><a href=\"https:\/\/www.freiburg-schwarzwald.de\/blog\/energie\/erneuerbare\/\">Offener Brief an Minister Robert Habeck zur Energiemangelwirtschaft<\/a>\u00a0(19.5.2022)<\/li>\n<li><a href=\"https:\/\/www.freiburg-schwarzwald.de\/blog\/global\/deutschland\/weltrettung\/\">Deutschland f\u00fcr 0,000178 % des CO2 in der Luft verantwortlich<\/a>\u00a0(26.10.2021)<\/li>\n<li>UBA: 1,2 Grad-Erw\u00e4rmung schuld am \u00dcberschwemmung im Ahrtal (7.7.2021)<\/li>\n<li><a href=\"https:\/\/www.freiburg-schwarzwald.de\/blog\/hochwasser-durch-klimawandel\/\">Hochwasser durch Klimawandel?<\/a>\u00a0(16.7.2021)<\/li>\n<li>Neubauer: Es geht um Gesellschaftsver\u00e4nderung, nicht um Klimakrise (15.6.2021)<\/li>\n<li><a href=\"https:\/\/www.freiburg-schwarzwald.de\/blog\/religion\/zivilreligion\/\">Luisa Neubauers nachchristliche Predigt im Berliner Dom<\/a>\u00a0(6.3.2021)<\/li>\n<li><\/li>\n<li><a href=\"https:\/\/www.freiburg-schwarzwald.de\/blog\/energie\/erneuerbare\/\">Erneuerbare Energien<\/a><\/li>\n<li><a href=\"https:\/\/www.freiburg-schwarzwald.de\/blog\/global\/eu\/eu-planwirtschaft\/\">EU-Planwirtschaft<\/a><\/li>\n<li><a href=\"https:\/\/www.freiburg-schwarzwald.de\/blog\/natur\/klima\/klimawandel-glaube\/\">Klimawandel-Glaube<\/a><\/li>\n<li><a href=\"https:\/\/www.freiburg-schwarzwald.de\/blog\/religion\/zivilreligion\/\">Zivilreligion<\/a><\/li>\n<\/ul>\n<p>&nbsp;<\/p>\n<p><strong>Starkregen bei Valencia- Der Fall Heinrich S.<\/strong><br \/>\n&#8230;<br \/>\nHeinrich Str\u00f6\u00dfenreuther benutzt die gleichen Tanzfiguren wie z. B. die Lobbyistin Simone Peter. Passiert irgendwo auf der Welt eine Wetterkatastrophe wird laut geklagt. H\u00e4tten wir nur ein Tempolimit in Deutschland oder mehr Windr\u00e4der, dann w\u00e4re das alles nicht so passiert. Im Fall des Unwetters in der <a href=\"https:\/\/www.freiburg-schwarzwald.de\/blog\/global\/spanien\/\">spanischen Region Valencia<\/a> mit vermutlich mehr als 100 Toten klingt sein Posting auf X <a href=\"https:\/\/x.com\/wegeheld\/status\/1851677210479898983\">https:\/\/x.com\/wegeheld\/status\/1851677210479898983<\/a> dann auch extrem bizarr. Mit einem Bild von zusammengeschobenen Autos macht er die Opfer f\u00fcr ihr Schicksal selbst verantwortlich.<br \/>\n&#8230;<\/p>\n<p>Man kann sich dem Thema auch anders n\u00e4hern. Da w\u00e4re zun\u00e4chst die Frage, wie der Starkregen \u00fcberhaupt zustande kam und wie singul\u00e4r das Ereignis ist. Als n\u00e4chstes die Frage, wie sich die Gegend um Valencia entwickelt hat. Ein \u00e4hnliches Flutereignis ist aus dem Jahre 1957 \u00fcberliefert <a href=\"https:\/\/en.m.wikipedia.org\/wiki\/1957_Valencia_flood\">https:\/\/en.m.wikipedia.org\/wiki\/1957_Valencia_flood<\/a> . Nur hat Valencia seitdem fast 50% zugelegt bei der Bev\u00f6lkerung, es stehen daher auch mehr Bauten in der Region.<br \/>\nDas macht die Opfer nicht ungeschehen, erkl\u00e4rt aber die dramatischen Auswirkungen der Starkregenf\u00e4lle sehr gut. Wer heute Adaption sagt, der wird schnell in die Klimawandel-Leugner-Ecke gestellt. Dabei w\u00e4re es bei der St\u00e4dteplanung extrem wichtig auf Fehlentwicklungen zu achten und sich an Ereignisse wie 1957 zu erinnern. Das Gleiche Ph\u00e4nomen gab es im Ahrtal, wo man vergessen hatte, wie die Ahr fr\u00fcher floss und ehemalige Fluss-Kehren zur Bebauung freigab.<br \/>\nDas Gegenteil von zynischen Posts wie dem von Str\u00f6\u00dfenreuther ist die Analyse von J\u00f6rg Kachelmann im DLF <a href=\"https:\/\/www.deutschlandfunk.de\/interview-joerg-kachelmann-meteorologe-zu-unwetter-in-spanien-dlf-bb36d263-100.html\">https:\/\/www.deutschlandfunk.de\/interview-joerg-kachelmann-meteorologe-zu-unwetter-in-spanien-dlf-bb36d263-100.html<\/a> . Er macht das 2-3 Grad zu warme Mittelmeer, eine Kaltfront und die Topografie um Valencia herum verantwortlich, aber nicht prim\u00e4r die Autos. Kachelmann verweist auf zu wenige Information durch die Wetterdienste, die zwar warnen aber ihm nicht offensiv genug. Ihm fehlt auch eine Beh\u00f6rde, die nach Warnungen konkrete Ma\u00dfnahmen wie Evakuierung einleitet. Auch bei kurzfristigen Entwicklungen bleibt immer etwas Zeit, um Menschenleben zu retten.<br \/>\nKachelmann geht davon aus, dass sich das Klima bis Ende des Jahrhunderts um 2,4 Grad Celsius erw\u00e4rmen wird. Er moniert auch, dass Deutschland kein Tempolimit hat, allerdings nicht in der absurden Art und Weise wie Stro\u00dfenreuther, denn Kachelmann wei\u00df nat\u00fcrlich, dass das nur ein winziger Baustein ist.<br \/>\n&#8230; Alles vom 1.11.2024 bitte lesen auf<br \/>\n<a href=\"https:\/\/klimanachrichten.de\/2024\/11\/01\/der-fall-heinrich-s\/\">https:\/\/klimanachrichten.de\/2024\/11\/01\/der-fall-heinrich-s\/<\/a><\/p>\n<p>&nbsp;<\/p>\n<p><strong>Mit Klima-Panik zum Great Reset: Stefan Magnet entlarvt Massenkontrolle und Milliardenprofit<\/strong><br \/>\nDer Klimawandel wird politisch und medial genutzt. Mit Angst soll die Masse auf einen globalen Kontrollstaat vorbereitet werden. Stefan Magnet entschl\u00fcsselt in seiner neuesten Sendung den Zusammenhang von erfundenen Klimatoten, Milliardengewinnen und Massenmigration. Wer steckt dahinter? Wer profitiert? Und: Wer ist eigentlich schuld am \u201eKlimawandel\u201c? Dar\u00fcber spricht Magnet mit auch mit dem Leiter des Klima-Instituts EIKE, Dr. Holger Thu\u00df.<br \/>\nHinter der Klima-Agenda steckt nicht nur der Wunsch nach globaler Kontrolle. Auch die globale Wirtschaft soll fundamental umgestellt werden. Mit CO2-Steuern, neuen Windr\u00e4der und E-Autos, Solarparks und Biomasse-Anbau. Eine Milliardenindustrie, die den Planeten keineswegs rettet, sondern ihn weiter ausbeutet und zerst\u00f6rt. Eine totale Umstrukturierung. Ein Great Reset. W\u00e4hrend das Volk f\u00fcr diesen globalen Neustart zahlen soll, werden die Nutznie\u00dfer des Prozesses bewusst in Schutz genommen.<br \/>\nWer produziert das meiste CO2?<br \/>\nWussten Sie etwa, dass Superreiche \u00fcber 180 Mal so viel CO2 produzieren wie ein durchschnittlicher Deutscher? Und dass Privatjets und Jachten dennoch ausdr\u00fccklich von CO2-Steuern befreit sind? Oder dass das Pentagon der gr\u00f6\u00dfte institutionelle CO2-Produzent der Welt ist? Dass das US-Milit\u00e4r damit mehr CO2 als Portugal oder Schweden produziert?<br \/>\n&#8230; Alles vom 28.9.2023 bitte lesen auf<br \/>\n<a href=\"https:\/\/auf1.info\/mit-klima-panik-zum-great-reset-stefan-magnet-entlarvt-massenkontrolle-und-milliardenprofit\">https:\/\/auf1.info\/mit-klima-panik-zum-great-reset-stefan-magnet-entlarvt-massenkontrolle-und-milliardenprofit<\/a><\/p>\n<p>&nbsp;<\/p>\n<p><strong>UBA: 1,2 Grad-Erw\u00e4rmung schuld am \u00dcberschwemmung im Ahrtal<\/strong><br \/>\n<strong>Messners M\u00e4rchenstunde<\/strong><br \/>\nDirk Messner, Pr\u00e4sident des Umweltbundesamtes will mit \u201eerneuerbarer Energie\u201c Unwetterkatastrophen bek\u00e4mpfen.<br \/>\nDr. Dirk Messner ist seit Januar 2020 Pr\u00e4sident des Umweltbundesamtes (UBA). Die Leipziger Volkszeitung befragte ihn am 02. August in einem Interview \u201e\u00fcber die Lehren aus der Katastrophe\u201c durch die verheerenden <a href=\"https:\/\/www.freiburg-schwarzwald.de\/blog\/natur\/klima\/ueberflutung\/\">\u00dcberschwemmungen<\/a> in Nordrhein-Westfalen und in Rheinland-Pfalz. Hier der entsprechende Auszug aus dem bemerkenswerten Interview:<br \/>\nHerr Messner, gegen\u00fcber der vorindustriellen Zeit hat sich die Erde um 1,2 Grad Celsius erw\u00e4rmt. Das Ziel laut Pariser Abkommen ist die Begrenzung auf deutlich unter zwei Grad, m\u00f6glichst 1,5 Grad. Was machen die 0,5 Grad Celsius in Deutschland aus?<br \/>\n<em>&#8222;Das klingt nach nicht viel. Aber im Ahrtal und anderswo haben wir vor wenigen Tagen erleben m\u00fcssen, was die globale Erw\u00e4rmung von 1,2 Grad bedeuten kann. Durch Extremwetterereignisse hat sich hier eine unglaubliche Wucht entfaltet. Wir sollten uns alle wirklich anstrengen, gegen jedes Zehntelgrad Erw\u00e4rmung zu k\u00e4mpfen. [\u2026]\u201c<\/em><\/p>\n<p>Der hochbezahlte Beh\u00f6rdenleiter gibt tats\u00e4chlich die \u201eglobale Erw\u00e4rmung von 1,2 Grad\u201c als Ursache f\u00fcr die Unwetterkatastrophe an. Dass es in den vergangenen Jahrhunderten mehrfach verheerende \u00dcberschwemmungskatastropen durch Extremwetterereignisse (Wetter, nicht Klima, u.a. durch Vb-Wetterlagen) mit vielen Todesopfern gab, ist ihm offensichtlich entgangen oder passt nicht in sein ideologisch gefestigtes Energie-Weltbild. Bauliche Versiegelungen, die begradigten Fl\u00fcsse und B\u00e4che taten ein \u00dcbriges, um in der Region das Zerst\u00f6rungswerk durch die Wassermassen zu f\u00f6rdern.<\/p>\n<p>Ein passendes Rezept gegen weitere Unwetter hat Dr. Messner auch schon parat:<br \/>\n<em>\u201eAls ein Signal w\u00e4re wichtig, den Ausbau der Erneuerbaren drastisch zu forcieren. Wir brauchen bei der Windenergie an Land mindestens eine Verdreifachung und bei der Fotovoltaik mindestens eine Verdopplung des j\u00e4hrlichen Ausbaus.\u201c<\/em><br \/>\nDr. Messner instrumentalisiert die Unwetterkatastrophe f\u00fcr den weiteren Ausbau der \u201eErneuerbaren\u201c. Den betroffenen Anwohnern, die Verwandte, Bekannte und\/oder ihr gesamtes Hab und Gut verloren haben, m\u00fcssten diese \u201eweisen Worte\u201c des UBA-Pr\u00e4sidenten wie Zynismus vorkommen.<br \/>\n&#8230; Alles vom 7.8.2021 bitte lesen auf<br \/>\n<a href=\"https:\/\/www.achgut.com\/artikel\/messners_maerchenstunde\">https:\/\/www.achgut.com\/artikel\/messners_maerchenstunde<\/a><\/p>\n<p>&nbsp;<\/p>\n<p><strong>Neubauer: Es geht um Gesellschaftsver\u00e4nderung, nicht um Klimakrise<\/strong><br \/>\n&#8222;Bei der Klimakrise, und vielleicht wird das hier deutlicher als sonst irgendwo, bei der Klimakrise ging es noch nie um eine Krise um das Klima. Es ging schon immer um uns, um die Menschen, um die Gesellschaften, um die Welt in der wir leben und in der wir leben wollen.&#8220;<br \/>\nSo offen und ehrlich \u00e4u\u00dferte sich Luisa Neubauer in Halle\/Sachsen zur Klimakrise:<br \/>\n<a href=\"https:\/\/streamable.com\/alyte5\">https:\/\/streamable.com\/alyte5<\/a><br \/>\n.<\/p>\n<p><strong>Wie, es geht gar nicht um die Klimakrise?<\/strong><br \/>\nEin Leser verweist auf ein Videoschnipselchen von einem Auftritt Luisa Neubauers, in dem sie sagt, es sei bei der Klimakrise noch nie um eine Krise um das Klima gegangen. Es sei schon immer \u201eum uns\u201c, um die Menschen, um die Gesellschaft gegangen.<br \/>\n&#8230; Alles vom 15.6.2021 bitte lesen auf<br \/>\n<a href=\"https:\/\/www.danisch.de\/blog\/2021\/06\/15\/wie-es-geht-gar-nicht-um-die-klimakrise\/#more-43578\">https:\/\/www.danisch.de\/blog\/2021\/06\/15\/wie-es-geht-gar-nicht-um-die-klimakrise\/#more-43578<\/a><\/p>\n<p>&nbsp;<\/p>\n","protected":false},"excerpt":{"rendered":"<p>d Listenauswahl eines Beitrags (Artikel\/Datum, Seite\/Inhalt):\u00a0Klicken\u00a0oder scrollen Die UNO will jegliche Kritik an der Klimapolitik zensieren, nachdem ein Whistleblower sie als kompletten Betrug entlarvt hat\u00a0(20.1.2026) Eine der Klima-Horrormeldungen: Die Nordsee \u201c\u00fcberhitzt\u201d aktuell\u2026 (13.6.2025) Starkregen bei Valencia- Der Fall Heinrich S. &hellip; <a href=\"https:\/\/www.freiburg-schwarzwald.de\/blog\/natur\/klima\/klima-instrumentalisieren\/\">Weiterlesen <span class=\"meta-nav\">&rarr;<\/span><\/a><\/p>\n","protected":false},"author":2,"featured_media":0,"parent":503,"menu_order":0,"comment_status":"closed","ping_status":"closed","template":"","meta":{"footnotes":""},"class_list":["post-91544","page","type-page","status-publish","hentry"],"_links":{"self":[{"href":"https:\/\/www.freiburg-schwarzwald.de\/blog\/wp-json\/wp\/v2\/pages\/91544","targetHints":{"allow":["GET"]}}],"collection":[{"href":"https:\/\/www.freiburg-schwarzwald.de\/blog\/wp-json\/wp\/v2\/pages"}],"about":[{"href":"https:\/\/www.freiburg-schwarzwald.de\/blog\/wp-json\/wp\/v2\/types\/page"}],"author":[{"embeddable":true,"href":"https:\/\/www.freiburg-schwarzwald.de\/blog\/wp-json\/wp\/v2\/users\/2"}],"replies":[{"embeddable":true,"href":"https:\/\/www.freiburg-schwarzwald.de\/blog\/wp-json\/wp\/v2\/comments?post=91544"}],"version-history":[{"count":5,"href":"https:\/\/www.freiburg-schwarzwald.de\/blog\/wp-json\/wp\/v2\/pages\/91544\/revisions"}],"predecessor-version":[{"id":144589,"href":"https:\/\/www.freiburg-schwarzwald.de\/blog\/wp-json\/wp\/v2\/pages\/91544\/revisions\/144589"}],"up":[{"embeddable":true,"href":"https:\/\/www.freiburg-schwarzwald.de\/blog\/wp-json\/wp\/v2\/pages\/503"}],"wp:attachment":[{"href":"https:\/\/www.freiburg-schwarzwald.de\/blog\/wp-json\/wp\/v2\/media?parent=91544"}],"curies":[{"name":"wp","href":"https:\/\/api.w.org\/{rel}","templated":true}]}}