{"id":90460,"date":"2021-05-07T14:02:56","date_gmt":"2021-05-07T12:02:56","guid":{"rendered":"https:\/\/www.freiburg-schwarzwald.de\/blog\/?page_id=90460"},"modified":"2025-11-08T17:36:58","modified_gmt":"2025-11-08T16:36:58","slug":"bigtech","status":"publish","type":"page","link":"https:\/\/www.freiburg-schwarzwald.de\/blog\/global\/globalisierung\/bigtech\/","title":{"rendered":"BigTech"},"content":{"rendered":"<p><a href=\"https:\/\/www.freiburg-schwarzwald.de\/blog\">Home<\/a> &gt;<a title=\"Globalisierung\" href=\"https:\/\/www.freiburg-schwarzwald.de\/blog\/global\/globalisierung\/\">Globalisierung<\/a>\u00a0&gt;<a title=\"Global-Migration\" href=\"https:\/\/www.freiburg-schwarzwald.de\/blog\/global\/globalisierung\/global-migration\/\">Global-Migration<\/a>\u00a0&gt;<a href=\"https:\/\/www.freiburg-schwarzwald.de\/blog\/global\/globalisierung\/great-reset\/\">Great Reset<\/a> &gt;<a href=\"https:\/\/www.freiburg-schwarzwald.de\/blog\/global\/globalisierung\/neo-feudalismus\/\">Neo-Feudalismus<\/a> &gt;BigTech<\/p>\n<div id=\"attachment_90462\" style=\"width: 649px\" class=\"wp-caption alignnone\"><a href=\"https:\/\/www.freiburg-schwarzwald.de\/blog\/wp-content\/uploads\/2021\/05\/kinder-spielen-im-wohnzimmer-pan210425.jpg\"><img loading=\"lazy\" decoding=\"async\" aria-describedby=\"caption-attachment-90462\" class=\"size-full wp-image-90462\" src=\"https:\/\/www.freiburg-schwarzwald.de\/blog\/wp-content\/uploads\/2021\/05\/kinder-spielen-im-wohnzimmer-pan210425.jpg\" alt=\"\" width=\"639\" height=\"310\" srcset=\"https:\/\/www.freiburg-schwarzwald.de\/blog\/wp-content\/uploads\/2021\/05\/kinder-spielen-im-wohnzimmer-pan210425.jpg 639w, https:\/\/www.freiburg-schwarzwald.de\/blog\/wp-content\/uploads\/2021\/05\/kinder-spielen-im-wohnzimmer-pan210425-180x87.jpg 180w\" sizes=\"auto, (max-width: 639px) 100vw, 639px\" \/><\/a><p id=\"caption-attachment-90462\" class=\"wp-caption-text\">Kinder spielen im Wohnzimmer April 2021 &#8211; BigTech kreativ<\/p><\/div>\n<p>&nbsp;<\/p>\n<ul>\n<li><em>Listenauswahl eines Beitrags (Artikel\/Datum, Seite\/Inhalt):\u00a0<span style=\"text-decoration: underline;\">Klicken<\/span>\u00a0oder scrollen\u00a0<\/em><\/li>\n<li>Nvidia erreicht als erstes Unternehmen f\u00fcnf Billionen Dollar Marktwert (7.11.2025)<\/li>\n<li><a href=\"https:\/\/www.freiburg-schwarzwald.de\/blog\/engagement\/zukunft\/demokratie\/wendehals\/opportunismus\/\">Wer sind wirklich die \u00fcblen Opportunisten? Tech-Giganten?<\/a> (16.5.2025)<\/li>\n<li><a href=\"https:\/\/www.freiburg-schwarzwald.de\/blog\/global\/globalisierung\/bigdata\/\">Big Data contra Daten- und Pers\u00f6nlichkeitsschutz ?<\/a> (1.9.2024)<\/li>\n<li><a href=\"https:\/\/www.freiburg-schwarzwald.de\/blog\/global\/globalisierung\/blackrock\/\">BlackRocks Billionenmacht: Finanzgiganten auf dem Vormarsch<\/a>\u00a0(23.4.2025)<\/li>\n<li><a href=\"https:\/\/www.freiburg-schwarzwald.de\/blog\/global\/globalisierung\/global-government\/informationsregime\/\">Facebooks neue Waffe: Eine KI trainiert auf dich \u2013 kontrolliert von den USA<\/a>\u00a0(17.4.2025)<\/li>\n<li><a href=\"https:\/\/www.freiburg-schwarzwald.de\/blog\/ukraine-only-bigtech-is-winning\/\">Ukraine: Only BigTech is winning<\/a>\u00a0(6.9.2024)<\/li>\n<li>Philip Hopf \u00fcber BlackRock, Tiefer Staat und Entv\u00f6lkerungs-Agenda (29.8.2024)<\/li>\n<li><a href=\"https:\/\/www.freiburg-schwarzwald.de\/blog\/telegram-fb-meinungsfreiheit\/\">Telegram FB: Meinungsfreiheit?<\/a>\u00a0(27.8.2024)<\/li>\n<li><a href=\"https:\/\/www.freiburg-schwarzwald.de\/blog\/global\/globalisierung\/bigtech\/musk\/\">Elon Musk erkl\u00e4rt: \u201eMein Sohn Xavier ist tot \u2013 get\u00f6tet vom Woke-Virus\u201c<\/a> (24.7.2024)<\/li>\n<li><a href=\"https:\/\/www.freiburg-schwarzwald.de\/blog\/ki-macht-von-google-u-openai\/\">KI-Macht von Google und OpenAI<\/a> (19.5.2024)<\/li>\n<li><a href=\"https:\/\/www.freiburg-schwarzwald.de\/blog\/business\/gesund\/medizintechnik\/\">Neuralink: Elon Musk kommerzialisiert das Gehirn<\/a>\u00a0(27.8.2023)<\/li>\n<li><a href=\"https:\/\/www.freiburg-schwarzwald.de\/blog\/agora-klima-blackrock-finanz\/\">Agora\/Klima \u2013 Blackrock\/Finanz<\/a>\u00a0(27.5.2023)<\/li>\n<li>Blackrock: Die Macht der gr\u00fcnen Billionen (31.3.2023)<\/li>\n<li><a href=\"https:\/\/www.freiburg-schwarzwald.de\/blog\/kultur\/medien\/zensur\/\">Regierung, Big Pharma, Social Media als Zensurkartell<\/a>\u00a0(27.1.2023)<\/li>\n<li><a href=\"https:\/\/www.freiburg-schwarzwald.de\/blog\/chatgpt-schreibt-deinen-text\/\">ChatGPT schreibt \u201edeinen\u201c Text<\/a> (14.1.2023)<\/li>\n<li>Kapitalsammelstelle Black Rock: Negative Prognosen f\u00fcr 2023 (21.1.2022)<\/li>\n<li>Big Data produzieren (Schein-)Realtit\u00e4t (8.12.2022)<\/li>\n<li><a href=\"https:\/\/www.freiburg-schwarzwald.de\/blog\/global\/finanzsystem\/steueroase\/\">BlackRock als Dax-Aktion\u00e4r<\/a>\u00a0(16.10.2022)<\/li>\n<li><a href=\"https:\/\/www.freiburg-schwarzwald.de\/blog\/bill-gates-regiert-in-berlin-mit\/\">Bill Gates regiert in Berlin mit<\/a>\u00a0(21.9.2022)<\/li>\n<li><a href=\"https:\/\/www.freiburg-schwarzwald.de\/blog\/business\/gesund\/corona-virus\/corona-wissenschaft\/\">John Ioannidis: The Pandemic as of<\/a>\u00a0(28.7.2022)<\/li>\n<li><a href=\"https:\/\/www.freiburg-schwarzwald.de\/blog\/twitter-zensurfrei-elon-musk\/\">Twitter zensurfrei &#8211; Elon Musk<\/a> (29.4.2022)<\/li>\n<li><a href=\"https:\/\/www.freiburg-schwarzwald.de\/blog\/business\/gesund\/who\/\">Bill Gates \u2013 Corona \u2013 Medien \u2013 WHO Interessenkonflikt<\/a>\u00a0(26.1.2022)<\/li>\n<li><a href=\"https:\/\/www.freiburg-schwarzwald.de\/blog\/engagement\/zukunft\/demokratie\/kapitalismus\/\">Norbert H\u00e4ring: Endspiel des Kapitalismus<\/a> (20.1.2022)<\/li>\n<li><a href=\"https:\/\/www.freiburg-schwarzwald.de\/blog\/engagement\/zukunft\/demokratie\/links\/wagenknecht\/\">F\u00fcr einige Wenige war die Corona-Krise ein einziger Goldrausch<\/a>\u00a0(17.1.2022)<\/li>\n<li><a href=\"https:\/\/www.freiburg-schwarzwald.de\/blog\/digital-finanzieller-komplex\/\">Digital-finanzieller Komplex<\/a>\u00a0(7.1.2022)<\/li>\n<li><a href=\"https:\/\/www.freiburg-schwarzwald.de\/blog\/selbsthilfe\/psyche\/trauer\/tod\/\">Steve Jobs: \u201eStay hungry, stay foolish\u201c \u2013 Stanford-Rede auf deutsch<\/a>\u00a0(11.10.2021)<\/li>\n<li><a href=\"https:\/\/www.freiburg-schwarzwald.de\/blog\/d-im-abstieg-hilfe-von-links\/\">D im Abstieg \u2013 Hilfe von Links?<\/a>\u00a0(3.6.2021)<\/li>\n<li><a href=\"https:\/\/www.freiburg-schwarzwald.de\/blog\/millionaers-sozialismus\/\">Million\u00e4rs-Sozialismus<\/a>\u00a0(8.5.2021)<\/li>\n<li>Elon Musk\/Tesla als Beispiel zur Allianz &#8222;Big Tech mit Lifestyle-Linken&#8220; (6.5.2021)<\/li>\n<li><a href=\"https:\/\/www.freiburg-schwarzwald.de\/blog\/mai-die-zukunft-gestalten-wir\/\">Klaus-R\u00fcdiger\u00a0 Mai: Die Zukunft gestalten wir<\/a>\u00a0(6.5.2021)<\/li>\n<li>Smart City: Nachhaltiger Lebensstil \u2013 Strom auf Zuteilung (2.5.2021)<\/li>\n<li><a title=\"Gesellschaftsvertrag \u2013 Consent\" href=\"https:\/\/www.freiburg-schwarzwald.de\/blog\/gesellschaftsvertrag-consent\/\">Gesellschaftsvertrag \u2013 Consent<\/a>\u00a0(21.10.2019)<\/li>\n<li>Sozialismus in Venezuela \u2013 Die Linken versagen genauso wie fr\u00fcher die Rechten (26.2.2014)<\/li>\n<li><\/li>\n<li><a href=\"https:\/\/www.freiburg-schwarzwald.de\/blog\/global\/globalisierung\/bigdata\/\">BigData<\/a><\/li>\n<li><a href=\"https:\/\/www.freiburg-schwarzwald.de\/blog\/global\/globalisierung\/blackrock\/\">Blackrock<\/a><\/li>\n<li><a title=\"DDR2.0\" href=\"https:\/\/www.freiburg-schwarzwald.de\/blog\/global\/deutschland\/ddr2-0\/\">DDR2.0<\/a><\/li>\n<li><a href=\"https:\/\/www.freiburg-schwarzwald.de\/blog\/global\/globalisierung\/great-reset\/\">Great Reset<\/a><\/li>\n<li><a href=\"https:\/\/www.freiburg-schwarzwald.de\/blog\/global\/globalisierung\/global-government\/informationsregime\/\">Informationsregime <\/a><\/li>\n<li><a title=\"Marktwirtschaft\" href=\"https:\/\/www.freiburg-schwarzwald.de\/blog\/engagement\/zukunft\/marktwirtschaft\/\">Marktwirtschaft<\/a><\/li>\n<li><a href=\"https:\/\/www.freiburg-schwarzwald.de\/blog\/global\/globalisierung\/bigtech\/musk\/\">Musk &#8211; Elon Musk<\/a><\/li>\n<li><a href=\"https:\/\/www.freiburg-schwarzwald.de\/blog\/global\/globalisierung\/neo-feudalismus\/\">Neo-Feudalismus<\/a><\/li>\n<li><a title=\"Produktion\" href=\"https:\/\/www.freiburg-schwarzwald.de\/blog\/business\/industrie\/produktion\/\">Produktion<\/a><\/li>\n<li><a title=\"Sozialismus\" href=\"https:\/\/www.freiburg-schwarzwald.de\/blog\/engagement\/zukunft\/demokratie\/sozialismus\/\">Sozialismus<\/a><\/li>\n<li><a title=\"Sozialstaat\" href=\"https:\/\/www.freiburg-schwarzwald.de\/blog\/selbsthilfe\/soziales\/sozialstaat\/\">Sozialstaat<\/a><\/li>\n<li><a href=\"https:\/\/www.freiburg-schwarzwald.de\/blog\/business\/gesund\/who\/\">WHO<\/a><\/li>\n<\/ul>\n<p>&nbsp;<\/p>\n<p><strong>Nvidia erreicht als erstes Unternehmen f\u00fcnf Billionen Dollar Marktwert<\/strong><br \/>\n<strong>Imbi\u00dfbesuch und B\u00f6rsenwahn<\/strong><br \/>\nJetzt hat auch Apple die vier-Billionen-Dollar-Marke geknackt. Als erste Firma erreichte Nvidia im Juni 2024 diesen Marktwert und \u00fcberschritt nun die f\u00fcnf Billionen. <em><strong>Deutschlands Wirtschaftsleistung wird 2025 etwa so hoch wie Nvidias Marktwert sein.<\/strong><\/em> Zur Nummer zwei im Vier-Billionen-Klub war Microsoft wenige Tage vor Apple aufgestiegen. Apples Kurssprung scheint berechtigt, denn die aktuellen Quartalsergebnisse des Konzerns beeindrucken genauso wie die Zukunftsaussichten. Ein Rekordgewinn von 112 Milliarden Dollar im Jahr bis Ende September, in den drei Monaten bis Jahresende erwartet Apple zehn bis zw\u00f6lf Prozent Wachstum gegen\u00fcber dem Vorjahr aufgrund des iPhone 17.<\/p>\n<p>Eine Bruttomarge von 48 Prozent kennt man sonst nur von Dienstleistern \u2013 und das ist Apple zunehmend mit iCloud und Apple Pay. Die China-Risiken scheinen gebannt zu sein: einen Umsatzr\u00fcckgang von vier Prozent erwartet Apple dort. Bei der K\u00fcnstlichen Intelligenz (KI) beschreitet Apple einen eigenen Weg. Anstatt Hunderte Milliarden in Datenzentren zu stecken, wartet Apple-Chef Tim Cook erstmal ab. Nachz\u00fcgler zu sein kann sich rechnen, wenn sich viele der KI-Milliarden sp\u00e4ter als riskante Fehlinvestitionen entlarven. In der Gesamtbetrachtung ist Apples gro\u00dfz\u00fcgige Bewertung an der B\u00f6rse vom 37fachen der f\u00fcr das n\u00e4chste Jahr erwarteten Gewinne zwar hoch, aber keine Blase.<br \/>\nAber dennoch gibt Apples Marktwert zu denken, denn das Umfeld, in dem diese hohe Bewertung stattfindet, ist von parabolischen Kursentwicklungen oft auf lachhafter Basis gekennzeichnet. Das Risiko ist nicht Apple-spezifisch, sondern das eines umfangreicheren R\u00fcckgangs der hohen Bewertungen von Technologiewerten.<\/p>\n<p>Es h\u00e4ufen sich die Warnhinweise, die auf eine Blase in diesem Sektor hindeuten. Der vorl\u00e4ufige H\u00f6hepunkt der Absurdit\u00e4ten fand in S\u00fcdkorea am Rande des Apec-Gipfels statt. Dortige Privatanleger sind ber\u00fcchtigt f\u00fcr spekulative Anlagen wie Krypto und sollen in der Vergangenheit einen erheblichen Anteil an Kursspr\u00fcngen von Tesla und Nvidia gehabt haben. Trotz S\u00fcdkoreas niedrigerer Wirtschaftsleistung gegen\u00fcber Deutschland und der niedrigen Bewertung s\u00fcdkoreanischer Unternehmen liegen die mittleren Verm\u00f6gen der dortigen Haushalte ungef\u00e4hr auf gleichem Niveau, was nicht nur an der hohen Sparquote, sondern auch an der risikofreudigen Anlagementalit\u00e4t liegen d\u00fcrfte. Deutlich wurde das bei der Ank\u00fcndigung einer Kooperation von Nvidia mit Samsung und Hyundai. Damit setzt Nvidia seine Kooperationswelle fort. Samsungs Aktie stieg um eher geringe drei Prozent, die von Hyundai um sieben \u2013 deutlich weniger, als man bei solchen Kooperationsank\u00fcndigungen Nvidias mit US-Firmen sehen konnte.<\/p>\n<p>Nach Abschlu\u00df des Gesch\u00e4fts gingen die drei Firmenchefs Jen-Hsun Huang (Nvidia), Lee Jae-yong (Samsung) und Chung Eui-sun (Hyundai) in Seoul auf ein Somaek-Bier bei \u201eKkanbu Chicken\u201c. Fotos und Videos des H\u00e4hnchen-Dinners brachten den B\u00f6rsenwahn richtig in Fahrt. Dummerweise ist diese Imbi\u00dfkette nicht b\u00f6rsennotiert, wohl aber ihre Konkurrenten. Die s\u00fcdkoreanischen Fried-Chicken-Aktien stiegen daraufhin um 20 bis 30 Prozent, und die eines Herstellers von Robotern, die auch grillen k\u00f6nnen, um 25 Prozent. Solche Episoden weisen auf B\u00f6rsenblasen hin, die aber noch 18 bis 24 Monate weiterlaufen k\u00f6nnen. F\u00fcr Firmen wie Apple liegt das Risiko in einer allgemeinen Neubewertung auch seri\u00f6ser Werte, wenn die Luft aus den hochspekulativen KI-Aktien erst einmal drau\u00dfen ist.<br \/>\n.. Alles vom 7.11.2025 von Thomas \u00adKirchner bitte lesen in der JF 46\/25, Seite 10<\/p>\n<p>&nbsp;<\/p>\n<p><strong>Philip Hopf \u00fcber BlackRock, Tiefer Staat und Entv\u00f6lkerungs-Agenda<\/strong><br \/>\nIm Gespr\u00e4ch mit AUF1-Chefredakteur Stefan Magnet packt Philip Hopf die hei\u00dfen Eisen an: BlackRock, Tiefer Staat, Familienzerst\u00f6rung, Entv\u00f6lkerungs-Agenda!<br \/>\n19.8.2024. <a href=\"https:\/\/auf1.tv\/stefan-magnet-auf1\/philip-hopf-unzensiert-die-menschen-wuerden-auch-mit-nacktem-arsch-durch-die-strassen-laufen\">https:\/\/auf1.tv\/stefan-magnet-auf1\/philip-hopf-unzensiert-die-menschen-wuerden-auch-mit-nacktem-arsch-durch-die-strassen-laufen<\/a><\/p>\n<p>&nbsp;<\/p>\n<p><strong>Blackrock: Die Macht der gr\u00fcnen Billionen<\/strong><br \/>\n<strong>Wie der weltgr\u00f6\u00dfte Verm\u00f6gensverwalter seinen Einflu\u00df spielen l\u00e4\u00dft und \u00fcber woke Investment-Kriterien Unternehmen unter Druck setzt<\/strong><br \/>\nBj\u00f6rn Harms<br \/>\nDer politische Druck auf Blackrock-Chef Larry Fink nimmt seit Jahren zu. Immer wieder h\u00e4ufen sich die Vorw\u00fcrfe gegen ihn und den weltgr\u00f6\u00dften Verm\u00f6gensverwalter mit Sitz in New York City. Alles dreht sich um die Frage: Inwieweit zwingt Blackrock andere Unternehmen und Einzelaktion\u00e4re, sich einer woken Agenda aus Nachhaltigkeitstr\u00e4umen und Diversit\u00e4tsversprechen anzuschlie\u00dfen? Kern der Debatte ist dabei das Thema ESG.<br \/>\nFast jedes gr\u00f6\u00dfere Unternehmen gibt heutzutage auf seiner Homepage an, sich an den Versprechungen der heiligen drei Buchstaben zu orientieren. ESG steht f\u00fcr Environmental (Umwelt), Social (Soziales) und Governance (Unternehmensf\u00fchrung). Es ist im Grunde der Versuch, woke Kriterien me\u00dfbar zu machen. Wenn eine Firma also Nachhaltigkeit verspricht, den CO2-Aussto\u00df verringern will, nach Diversit\u00e4t im Unternehmen strebt oder dem Kampf gegen strukturellen Rassismus eine hohe Priorit\u00e4t einr\u00e4umt, stehen die Chancen gut, in den entsprechenden ESG-Rankings nach oben zu klettern<br \/>\n&#8230;<br \/>\nSupranationale Akteure arbeiten mit Finanzinstituten zusammen<br \/>\n2004 erw\u00e4hnte die globale Initiative \u201eWho Cares Wins\u201c (\u201eWer sich k\u00fcmmert, gewinnt\u201c), eine gemeinsame Arbeitsgruppe von mehreren Finanzinstituten, darunter etwa Goldman Sachs, Morgan Stanley und Deutsche Bank, unter der Schirmherrschaft der Vereinten Nationen erstmals die drei Buchstaben der Macht. Supranationale Organisationen und private Verm\u00f6gensverwalter machten \u00fcber die Jahre weiter Druck und forcierten die Einf\u00fchrung. Schon 2008 frohlockte die auf Diversit\u00e4t, Gendergerechtigkeit und Klimaschutz spezialisierte \u201eInternational Finance Corporation\u201c der Weltbank: Nach einer \u201eZeit des intensiven Experimentierens in bezug auf die Relevanz von ESG-Themen f\u00fcr Investitionen\u201c habe \u201edie Branche seit 2004 erhebliche Fortschritte gemacht\u201c. F\u00fchrende Analysten h\u00e4tten bereits \u201edie notwendigen Techniken entwickelt, um ESG-Themen in die Finanzanalyse zu integrieren\u201c.<br \/>\nWie h\u00e4ufig also stand am Beginn einer solch einschneidenden Richtungsentscheidung kein demokratischer Proze\u00df, sondern die strategische \u00dcberlegung sogenannter \u201epublic private partnerships\u201c, in denen die Gerechtigkeitsphantasien supranationaler Organisationen wie der UN mit den Interessen gro\u00dfer Konzerne verschmelzen. Auch die Ausarbeitung der schwammigen ESG-Kriterien oblag jenen internationalen Institutionen. Blackrock-Chef Larry Fink setzt bis heute fest auf diese Art der Ordnung: \u201eWir brauchen F\u00fchrungspers\u00f6nlichkeiten sowohl in der Regierung als auch in Unternehmen, die diese Notwendigkeit erkennen und zusammenarbeiten, um das Potential des privaten Sektors freizusetzen\u201c, best\u00e4tigte er vor zwei Wochen.<br \/>\nDie Zusammenarbeit mit den woken Regierungen des Westens funktioniert tats\u00e4chlich blendend. In den USA sind die Demokraten l\u00e4ngst zur Partei der Wall Street geworden. Der wichtigste wirtschaftspolitische Berater von Pr\u00e4sident Joe Biden ist nicht umsonst der 45j\u00e4hrige Brian Deese, der lange Jahre bei Blackrock als Chef f\u00fcr nachhaltiges Investieren t\u00e4tig war. \u00dcber die j\u00e4hrlichen \u00f6ffentlichen Briefe \u00fcbt Fink, der m\u00e4chtigste Mann der Wall Street, zudem einen nicht zu untersch\u00e4tzenden moralischen Druck auf die Konzerne aus. Ein jedes Unternehmen m\u00fcsse \u201enicht nur finanzielle Leistung erbringen, sondern auch zeigen, wie es einen positiven Beitrag zur Gesellschaft leistet\u201c, forderte er bereits vor f\u00fcnf Jahren. Ausschlie\u00dflich finanzielle Vorteile k\u00f6nnen im Zuge des ESG-Strebens tats\u00e4chlich nicht \u00fcberzeugen: Im Jahr 2022 schnitten immerhin acht der zehn gr\u00f6\u00dften aktiv verwalteten ESG-Fonds in den USA (darunter einer von Blackrock) schlechter ab als der amerikanische Aktienindex S&amp;P 500. Was Fink sicher nicht davon abhalten wird, weiter eisern an seinem ESG-Kontrollmechanismus festzuhalten.<br \/>\n&#8230; Alles vom 31.3.2023 bitte lesen in der JF 14\/23, Seite 7<\/p>\n<p>&nbsp;<\/p>\n<p><strong>Kapitalsammelstelle Black Rock: Negative Prognosen f\u00fcr 2023<\/strong><br \/>\nWenn die gro\u00dfen Investoren ihre Jahresprognosen ver\u00f6ffentlichen, ist Vorsicht geboten. Oft werden W\u00fcnsche als Wirklichkeit deklariert. Manche Sorge ist in Wahrheit eine Hoffnung. Die gro\u00dfen Spieler an den Weltb\u00f6rsen haben Kompetenz \u2013 aber Interessen haben sie auch.<br \/>\nAm liebsten stellen sie, das ist gewisserma\u00dfen ihr Gesch\u00e4ftsmodell, ihre Kompetenz in den Dienst ihrer Interessen. Das bedeutet: Es gibt aus ihren H\u00e4usern keine unschuldigen Prognosen.<br \/>\nWomit wir bei BlackRock w\u00e4ren, der gr\u00f6\u00dften Kapitalsammelstelle der Welt. Das Unternehmen, das Verm\u00f6genswerte von rund 10 Billionen Dollar h\u00e4lt und auch an allen DAX-Konzernen beteiligt ist, f\u00e4llt in diesen Tagen mit einem hochgradig negativen Ausblick auf die Weltkonjunktur und das B\u00f6rsenjahr 2023 auf.<br \/>\nIn der Jahresprognose, dem sogenannten \u201eInvestment Playbook 2023\u201c, hei\u00dft es: BlackRock rechne mit der \u201eschmerzhaftesten Rezession der Geschichte\u201c.<br \/>\n&#8230; Alels vom 21.12.2022 von Gabor Steingart im Pioneer-Newsletter bitte lesen auf<br \/>\n<a href=\"https:\/\/www.gaborsteingart.com\">https:\/\/www.gaborsteingart.com<\/a><\/p>\n<p>.<\/p>\n<p><strong>Big Data produzieren (Schein-)Realtit\u00e4t<\/strong><br \/>\n\u201eDie gro\u00dfen F\u00fcnf im Valley (Alphabet, Amazon, Apple, Meta und Microsoft), aber auch die digitalen Kader in China etwa, sie produzieren mit dieser Vulg\u00e4rstufe der G\u00f6ttinger Mathematik heute eine quantitativ hoch expansive Realit\u00e4t. Die zugleich, was die m\u00fcndige \u00d6ffentlichkeit angeht, ja eine v\u00f6llig verarmte Realit\u00e4t ist. (&#8230;) Die Mathematiker aus dem Silicon Valley sagen uns in jeder Sekunde, was wir denken, f\u00fchlen, lieben und hassen. Was funktioniert, und was nicht funktioniert. Sie sind die Sirenen der Zeit. Die Sirenen saugen \u2013 im Mythos \u2013 ihrem Gegen\u00fcber das Herz aus dem Leib. Die digitalen Gro\u00dfm\u00e4chte nun verstehen, was uns bewegt, noch ehe es uns selbst einf\u00e4llt. Sie saugen es ab und stellen es uns als Ding gegen\u00fcber. Es ist die Macht\u00fcbernahme der Dinglichkeit. Die Macht des Faktischen.\u201c<br \/>\nAlexander Kluge, Filmemacher, in der \u201eS\u00fcddeutschen Zeitung\u201c vom 8. Dezember 2022<\/p>\n<p>&nbsp;<\/p>\n<p><strong>Elon Musk\/Tesla als Beispiel zur Allianz &#8222;Big Tech mit Lifestyle-Linken&#8220;<\/strong><br \/>\nAn einem konkreten Beispiel l\u00e4sst sich diese unheilige Allianz aus politischer Gesetzgebung und neuem Unternehmertum exemplarisch verdeutlichen. Elon Musk gilt als einer der innovativsten und gro\u00dfartigsten Entrepreneurs der letzten Jahre. Die B\u00f6rse feiert ihn, und die Politik in Deutschland kann es kaum erwarten, bis sie ihm eine eigene Fabrik hingestellt hat. Das ist in der Tat pfiffig, und Musk bedient das Narrativ der \u201esauberen Zukunft\u201c mit Verve.<br \/>\nAber was eigentlich ist das Gesch\u00e4ftsmodell von Tesla? Die von Tesla produzierten Autos sind weder gro\u00dfartig innovativ noch sind sie auch nur ansatzweise ressourcenschonend. Und trotz steigender B\u00f6rsenkurse entt\u00e4uschte Tesla bisher regelm\u00e4\u00dfig mit seinen Verkaufszahlen.<\/p>\n<p>Das Gesch\u00e4ftsmodell von Tesla ist, was den Verkauf von Fahrzeugen angeht, auch recht entspannt. Nat\u00fcrlich unterst\u00fctzt auch hier der Staat mit umfangreichen Pr\u00e4mien und Steuernachl\u00e4ssen die Sch\u00f6nen und Reichen, die sich einen Tesla leisten k\u00f6nnen. Aber entscheidender ist: Solange Tesla die Autos nur produziert, muss es sie gar nicht verkaufen. Denn mit jedem produzierten Fahrzeug heimst Tesla ein <a href=\"https:\/\/www.freiburg-schwarzwald.de\/blog\/engagement\/verbraucher\/steuern\/co2-steuer\/\">CO2-Zertifikat<\/a> ein, das es an andere Unternehmen gewinnbringend weiterver\u00e4u\u00dfert.<br \/>\nIm Klartext: die Gesetzgebung hat das Gesch\u00e4ftsmodell von Tesla erst m\u00f6glich gemacht, und die deutschen Autobauer, die weiterhin Verbrenner f\u00fcr einen bestehenden Markt produzieren, m\u00fcssen ihren Konkurrenten Tesla k\u00fcnstlich m\u00e4sten, weil es die Politik genau so will.<br \/>\nNat\u00fcrlich ist Elon Musk ein gewiefter Entrepreneur. Er ist es aber durch der Politik Gnaden, die sein parasit\u00e4res Gesch\u00e4ftsmodell erst erm\u00f6glicht. Dass es gleichzeitig staatlich gelenkte <a href=\"https:\/\/www.freiburg-schwarzwald.de\/blog\/engagement\/zukunft\/planwirtschaft\/\">Planwirtschaft<\/a> zum Schaden der eigenen Industrie ist, sei dabei nur am Rande erw\u00e4hnt.<br \/>\n&#8230;<br \/>\nIm Moment l\u00e4sst sich an dem, was ist \u2013 Klimakatastrophenszenarios, Corona-Todes\u00e4ngste, Abschaffung der Grund- und Freiheitsrechte, Antirassismus als h\u00f6chste Weltanschauung, lustvolle Unterwerfung unter den Staat \u2013 wenig \u00e4ndern, weswegen das beklemmende Gef\u00fchl eines Lebens im Totalitarismus um sich greift. Oder wie sprach das <a href=\"https:\/\/www.freiburg-schwarzwald.de\/blog\/klima-first-grundrechte-last\/\">Bundesverfassungsgericht<\/a> letztens so sch\u00f6n: <em><strong>\u201eK\u00fcnftig k\u00f6nnen selbst gravierende Freiheitseinbu\u00dfen zum Schutz des Klimas verh\u00e4ltnism\u00e4\u00dfig und verfassungsrechtlich gerechtfertigt sein.\u201c<\/strong><\/em><br \/>\nNoch nie war die Abschaffung der letzten Reste der Freiheit so n\u00f6tig wie jetzt.<br \/>\n&#8230; Alles vom 6.5.2021 von Markus Vahlefeld bitte lesen auf<br \/>\n<a href=\"https:\/\/www.achgut.com\/artikel\/willkommen_im_ueberwachungskapitalismus_und_millionaerssozialismus\">https:\/\/www.achgut.com\/artikel\/willkommen_im_ueberwachungskapitalismus_und_millionaerssozialismus<\/a><\/p>\n<p>&nbsp;<\/p>\n<p>&nbsp;<\/p>\n","protected":false},"excerpt":{"rendered":"<p>Home &gt;Globalisierung\u00a0&gt;Global-Migration\u00a0&gt;Great Reset &gt;Neo-Feudalismus &gt;BigTech &nbsp; Listenauswahl eines Beitrags (Artikel\/Datum, Seite\/Inhalt):\u00a0Klicken\u00a0oder scrollen\u00a0 Nvidia erreicht als erstes Unternehmen f\u00fcnf Billionen Dollar Marktwert (7.11.2025) Wer sind wirklich die \u00fcblen Opportunisten? Tech-Giganten? (16.5.2025) Big Data contra Daten- und Pers\u00f6nlichkeitsschutz ? (1.9.2024) BlackRocks Billionenmacht: &hellip; <a href=\"https:\/\/www.freiburg-schwarzwald.de\/blog\/global\/globalisierung\/bigtech\/\">Weiterlesen <span class=\"meta-nav\">&rarr;<\/span><\/a><\/p>\n","protected":false},"author":2,"featured_media":0,"parent":1180,"menu_order":0,"comment_status":"closed","ping_status":"closed","template":"","meta":{"footnotes":""},"class_list":["post-90460","page","type-page","status-publish","hentry"],"_links":{"self":[{"href":"https:\/\/www.freiburg-schwarzwald.de\/blog\/wp-json\/wp\/v2\/pages\/90460","targetHints":{"allow":["GET"]}}],"collection":[{"href":"https:\/\/www.freiburg-schwarzwald.de\/blog\/wp-json\/wp\/v2\/pages"}],"about":[{"href":"https:\/\/www.freiburg-schwarzwald.de\/blog\/wp-json\/wp\/v2\/types\/page"}],"author":[{"embeddable":true,"href":"https:\/\/www.freiburg-schwarzwald.de\/blog\/wp-json\/wp\/v2\/users\/2"}],"replies":[{"embeddable":true,"href":"https:\/\/www.freiburg-schwarzwald.de\/blog\/wp-json\/wp\/v2\/comments?post=90460"}],"version-history":[{"count":5,"href":"https:\/\/www.freiburg-schwarzwald.de\/blog\/wp-json\/wp\/v2\/pages\/90460\/revisions"}],"predecessor-version":[{"id":141273,"href":"https:\/\/www.freiburg-schwarzwald.de\/blog\/wp-json\/wp\/v2\/pages\/90460\/revisions\/141273"}],"up":[{"embeddable":true,"href":"https:\/\/www.freiburg-schwarzwald.de\/blog\/wp-json\/wp\/v2\/pages\/1180"}],"wp:attachment":[{"href":"https:\/\/www.freiburg-schwarzwald.de\/blog\/wp-json\/wp\/v2\/media?parent=90460"}],"curies":[{"name":"wp","href":"https:\/\/api.w.org\/{rel}","templated":true}]}}