{"id":90413,"date":"2021-05-05T18:44:45","date_gmt":"2021-05-05T16:44:45","guid":{"rendered":"https:\/\/www.freiburg-schwarzwald.de\/blog\/?page_id=90413"},"modified":"2021-05-05T18:57:09","modified_gmt":"2021-05-05T16:57:09","slug":"steinwasenpark","status":"publish","type":"page","link":"https:\/\/www.freiburg-schwarzwald.de\/blog\/tourismus\/steinwasenpark\/","title":{"rendered":"Steinwasenpark"},"content":{"rendered":"<p>d<\/p>\n<p>&nbsp;<\/p>\n<ul>\n<li>Steinwasenpark Oberried hat ge\u00f6ffnet \u2013 allerdings mit Einschr\u00e4nkungen\u00a0 (19.4.2021)<\/li>\n<li>Steinwasenpark zwischen Kirchzarten und Todtnau<\/li>\n<\/ul>\n<p>Archivseite:<br \/>\n<a href=\"https:\/\/freiburg-schwarzwald.de\/freizeitparks.htm#Steinwasen-Park%20Oberried\">https:\/\/freiburg-schwarzwald.de\/freizeitparks.htm#Steinwasen-Park%20Oberried<\/a><\/p>\n<p>&nbsp;<\/p>\n<p><strong>Steinwasenpark zwischen Kirchzarten und Todtnau<\/strong><br \/>\nZwar darf sich kein Karussell drehen, kein Coaster ins Tal hinabsausen und kein mehrdimensionaler Kinofilm gezeigt werden, trotzdem hat der Steinwasenpark oberhalb von Oberried ge\u00f6ffnet \u2013 zumindest an einzelnen Tagen und in Teilen. Immerhin: der Tierpark ist zug\u00e4nglich. Weil viele Attraktionen wegen des Coronavirus gesperrt sind, ist der Eintritt g\u00fcnstiger.<br \/>\nEine Ticketreservierung online ist erforderlich, aktuelle Informationen zu den \u00d6ffnungstagen finden sich auf der Website des Parks unter <a href=\"https:\/\/www.steinwasen-park.de\">https:\/\/www.steinwasen-park.de<\/a><\/p>\n<p>============================================00<\/p>\n<p>&nbsp;<\/p>\n<p><strong>Steinwasenpark Oberried hat ge\u00f6ffnet \u2013 allerdings mit Einschr\u00e4nkungen\u00a0<\/strong><br \/>\nCorona-Beschr\u00e4nkungen und Wetterkapriolen bescheren dem Steinwasenpark einen holprigen Saisonstart. Gesch\u00e4ftsf\u00fchrerin Isabel Braun ist dennoch zuversichtlich, dass Besucher kommen.<br \/>\nBZ: Sie haben vor wenigen Tagen ge\u00f6ffnet \u2013 allerdings nur ein bisschen und nicht t\u00e4glich.<br \/>\nBraun: Ja, derzeit ist nur der Tierpark offen \u2013 und auch nur dann, wenn der Schnee so weit geschmolzen ist, dass die Wege begehbar sind. Das war in den vergangenen Tagen nicht immer der Fall. Die Fahrgesch\u00e4fte d\u00fcrfen aufgrund der Corona-Beschr\u00e4nkungen aktuell gar nicht genutzt werden und stehen still. Deshalb haben wir auch den Eintritt deutlich reduziert.<br \/>\nBZ: Eine vierk\u00f6pfige Familie bezahlt immer noch 32 Euro \u2013 wohingegen der Tierpark Mundenhof in Freiburg kostenlos ist. Sehen Sie diesen als Konkurrenz?<br \/>\nBraun: Nein, so sehen wir das nicht. Lage, Anlage und Konzept sind nicht miteinander vergleichbar.<br \/>\nBZ: Warum lohnt sich ein Besuch im Steinwasenpark trotz aller Einschr\u00e4nkungen?<br \/>\nBraun: Weil wir eine kleine Abwechslung bieten k\u00f6nnen. Gerade haben die Zwergziegen und Kaninchen Nachwuchs bekommen. Sehr beliebt bei den G\u00e4sten sind auch unsere Walliser Schwarznasenschafe, auch sie bekommen demn\u00e4chst Nachwuchs. Und es lohnt sich, unsere Frettchen, Waschb\u00e4ren und Luchse zu bewundern.<\/p>\n<p>BZ: Wird es f\u00fcr Fans des Parks eine Jahreskarte geben?<br \/>\nBraun: Nein. Eine solche hatten wir 2019 erstmals, schon im vergangenen Jahr haben wir diese aber aufgrund der Pandemie ausgesetzt. Wenn die Besucherzahl beschr\u00e4nkt ist, macht eine Jahreskarte sehr viel Aufwand.<br \/>\nBZ: Manche Besucher kamen im vergangenen Jahr trotz Corona mehrfach. War der Parkbesuch vergleichbar mit den Vorjahren, trotz der Auflagen?<br \/>\nBraun: Unser XD-Kino blieb geschlossen im vergangenen Jahr und es gab ein neues Wegesystem mit Desinfektionsstellen, zudem war die Besucherzahl begrenzt. Wer die Fahrgesch\u00e4fte nutzen wollte, musste eine Maske tragen. Ansonsten war normaler Parkbetrieb m\u00f6glich, ein Besuch also durchaus vergleichbar mit normalen Jahren.<br \/>\n&#8230;<br \/>\nBZ: Sie klingen sehr optimistisch.<br \/>\nBraun: Wieso auch nicht? Tr\u00fcbsal zu blasen, hilft ja nichts. Und wir haben gute Voraussetzungen f\u00fcr einen Besuch: Fast alles ist an der frischen Luft in der Natur und wir haben gen\u00fcgend Platz, um ausreichend Abstand halten zu k\u00f6nnen.<br \/>\nBZ: Nutzen Sie das Instrument der Kurzarbeit, um die die Ausf\u00e4lle zu kompensieren?<br \/>\nBraun: Ja, wir hatten und haben Mitarbeiter, die in Kurzarbeit sind. Allerdings betrifft das nur einen Teil unserer Angestellten. Viele m\u00fcssen hier sein, ob Besucher kommen d\u00fcrfen oder nicht. Beispielsweise die Tierpfleger, die ja immer gebraucht werden. Auch die Revision und T\u00dcV-Abnahme der Fahrgesch\u00e4fte l\u00e4uft ganz normal weiter.<br \/>\nIsabel Braun ist seit 2016 Gesch\u00e4ftsf\u00fchrerin des Steinwasenparks. Zudem ist sie auch Chefin des Parks Tatzmania in L\u00f6ffingen und der Sommerrodelbahn Hasenhorncoaster in Todtnau. Die 30-J\u00e4hrige ist die Enkelin des Firmengr\u00fcnders Adolf Braun.<br \/>\n&#8230; Alles vom 19.4.2021 von Kathrin Blum bitte lesen auf<br \/>\n<a href=\"https:\/\/www.badische-zeitung.de\/steinwasenpark-oberried-hat-geoeffnet-allerdings-mit-einschraenkungen-und-nicht-jeden-tag\">https:\/\/www.badische-zeitung.de\/steinwasenpark-oberried-hat-geoeffnet-allerdings-mit-einschraenkungen-und-nicht-jeden-tag<\/a><\/p>\n","protected":false},"excerpt":{"rendered":"<p>d &nbsp; Steinwasenpark Oberried hat ge\u00f6ffnet \u2013 allerdings mit Einschr\u00e4nkungen\u00a0 (19.4.2021) Steinwasenpark zwischen Kirchzarten und Todtnau Archivseite: https:\/\/freiburg-schwarzwald.de\/freizeitparks.htm#Steinwasen-Park%20Oberried &nbsp; Steinwasenpark zwischen Kirchzarten und Todtnau Zwar darf sich kein Karussell drehen, kein Coaster ins Tal hinabsausen und kein mehrdimensionaler Kinofilm gezeigt &hellip; <a href=\"https:\/\/www.freiburg-schwarzwald.de\/blog\/tourismus\/steinwasenpark\/\">Weiterlesen <span class=\"meta-nav\">&rarr;<\/span><\/a><\/p>\n","protected":false},"author":2,"featured_media":0,"parent":44,"menu_order":0,"comment_status":"closed","ping_status":"closed","template":"","meta":{"footnotes":""},"class_list":["post-90413","page","type-page","status-publish","hentry"],"_links":{"self":[{"href":"https:\/\/www.freiburg-schwarzwald.de\/blog\/wp-json\/wp\/v2\/pages\/90413","targetHints":{"allow":["GET"]}}],"collection":[{"href":"https:\/\/www.freiburg-schwarzwald.de\/blog\/wp-json\/wp\/v2\/pages"}],"about":[{"href":"https:\/\/www.freiburg-schwarzwald.de\/blog\/wp-json\/wp\/v2\/types\/page"}],"author":[{"embeddable":true,"href":"https:\/\/www.freiburg-schwarzwald.de\/blog\/wp-json\/wp\/v2\/users\/2"}],"replies":[{"embeddable":true,"href":"https:\/\/www.freiburg-schwarzwald.de\/blog\/wp-json\/wp\/v2\/comments?post=90413"}],"version-history":[{"count":4,"href":"https:\/\/www.freiburg-schwarzwald.de\/blog\/wp-json\/wp\/v2\/pages\/90413\/revisions"}],"predecessor-version":[{"id":90424,"href":"https:\/\/www.freiburg-schwarzwald.de\/blog\/wp-json\/wp\/v2\/pages\/90413\/revisions\/90424"}],"up":[{"embeddable":true,"href":"https:\/\/www.freiburg-schwarzwald.de\/blog\/wp-json\/wp\/v2\/pages\/44"}],"wp:attachment":[{"href":"https:\/\/www.freiburg-schwarzwald.de\/blog\/wp-json\/wp\/v2\/media?parent=90413"}],"curies":[{"name":"wp","href":"https:\/\/api.w.org\/{rel}","templated":true}]}}