{"id":89211,"date":"2021-03-29T20:52:12","date_gmt":"2021-03-29T18:52:12","guid":{"rendered":"https:\/\/www.freiburg-schwarzwald.de\/blog\/?page_id=89211"},"modified":"2026-03-15T16:02:34","modified_gmt":"2026-03-15T15:02:34","slug":"rechte-partei","status":"publish","type":"page","link":"https:\/\/www.freiburg-schwarzwald.de\/blog\/vereine\/partei\/rechte-partei\/","title":{"rendered":"Rechte-Partei"},"content":{"rendered":"<p><a href=\"https:\/\/freiburg-schwarzwald.de\/blog\">Home<\/a>\u00a0&gt;<a title=\"Engagement\" href=\"https:\/\/www.freiburg-schwarzwald.de\/blog\/engagement\/\">Engagement<\/a>\u00a0&gt;<a title=\"Zukunft\" href=\"https:\/\/www.freiburg-schwarzwald.de\/blog\/engagement\/zukunft\/\">Zukunft<\/a>\u00a0&gt;<a title=\"Demokratie\" href=\"https:\/\/www.freiburg-schwarzwald.de\/blog\/engagement\/zukunft\/demokratie\/\">Demokratie<\/a> &gt;<a href=\"https:\/\/www.freiburg-schwarzwald.de\/blog\/engagement\/zukunft\/demokratie\/rechts\/\">Rechts<\/a> &gt;Rechte-Partei<\/p>\n<div id=\"attachment_87228\" style=\"width: 648px\" class=\"wp-caption alignnone\"><a href=\"https:\/\/www.freiburg-schwarzwald.de\/blog\/wp-content\/uploads\/2021\/01\/schauinsland-wetterbuchen-schnee-pan210113.jpg\"><img loading=\"lazy\" decoding=\"async\" aria-describedby=\"caption-attachment-87228\" class=\"size-full wp-image-87228\" src=\"https:\/\/www.freiburg-schwarzwald.de\/blog\/wp-content\/uploads\/2021\/01\/schauinsland-wetterbuchen-schnee-pan210113.jpg\" alt=\"\" width=\"638\" height=\"337\" srcset=\"https:\/\/www.freiburg-schwarzwald.de\/blog\/wp-content\/uploads\/2021\/01\/schauinsland-wetterbuchen-schnee-pan210113.jpg 638w, https:\/\/www.freiburg-schwarzwald.de\/blog\/wp-content\/uploads\/2021\/01\/schauinsland-wetterbuchen-schnee-pan210113-180x95.jpg 180w\" sizes=\"auto, (max-width: 638px) 100vw, 638px\" \/><\/a><p id=\"caption-attachment-87228\" class=\"wp-caption-text\">Hochschwarzwald am Schauinsland 13.1.2021: Wetterbuchen im Schnee<\/p><\/div>\n<ul>\n<li><em>Listenauswahl eines Beitrags (Artikel\/Datum, Seite\/Inhalt):\u00a0<span style=\"text-decoration: underline;\">Klicken<\/span>\u00a0oder scrollen<\/em><\/li>\n<li><a href=\"https:\/\/www.freiburg-schwarzwald.de\/blog\/engagement\/zukunft\/demokratie\/rechts\/rechts-links\/\">Peter Hoeres: Rechts-Links \u2013 Verrutschtes politisches Koordinatensystem<\/a>\u00a0(13.3.2026)<\/li>\n<li><a href=\"https:\/\/www.freiburg-schwarzwald.de\/blog\/engagement\/zukunft\/demokratie\/rechts\/rechte\/\">Politische Trendwende zur Rechten<\/a>\u00a0(1.11.2025)<\/li>\n<li><a href=\"https:\/\/www.freiburg-schwarzwald.de\/blog\/kultur\/medien\/gesinnungsdiktatur\/\">Sie haben die Wahl: Gesinnungs-Diktatur oder Meinungsfreiheit<\/a>\u00a0(4.10.2025)<\/li>\n<li><a href=\"https:\/\/www.freiburg-schwarzwald.de\/blog\/cpap-29-30-5-2025-in-budapest\/\">CPAP 29.-30.5.2025 in Budapest<\/a>\u00a0(1.6.2025)<\/li>\n<li><a href=\"https:\/\/www.freiburg-schwarzwald.de\/blog\/engagement\/zukunft\/demokratie\/liberalismus\/libertarismus\/\">Warum Freiheitliche nicht rechts und die letzte Chance der Republik sind<\/a>\u00a0(15.10.2024)<\/li>\n<li><a href=\"https:\/\/www.freiburg-schwarzwald.de\/blog\/engagement\/zukunft\/demokratie\/rechts\/krah\/\">Maximilian Krah \u2013 \u201eIch bin Donald Trump\u201c \u2013 AfD-Europaabgeordneter \u00fcber den US-Wahlkampf &amp; Dating-Tipps<\/a> (30.7.2024)<\/li>\n<li><a href=\"https:\/\/www.freiburg-schwarzwald.de\/blog\/konservativ-muslime-deutschehe\/\">konservativ: Muslime \u2013 Deutsche<\/a>\u00a0(28.4.2024)<\/li>\n<li><a href=\"https:\/\/www.freiburg-schwarzwald.de\/blog\/werteunion-partei-gegruendet\/\">WerteUnion-Partei gegr\u00fcndet<\/a>\u00a0(17.2.2024)<\/li>\n<li><a href=\"https:\/\/www.freiburg-schwarzwald.de\/blog\/engagement\/zukunft\/demokratie\/freiheit\/abweichende-meinung\/\">Wie sollen konservative und AfD-nahe Menschen in Zukunft leben?<\/a>\u00a0(30.1.2024)<\/li>\n<li><a href=\"https:\/\/www.freiburg-schwarzwald.de\/blog\/engagement\/zukunft\/demokratie\/opposition\/opposition-verbot\/\">Konzertierter Angriff auf die Opposition: Die etablierten Parteien heizen den kalten B\u00fcrgerkrieg an<\/a>\u00a0(26.1.2024)<\/li>\n<li><a href=\"https:\/\/www.freiburg-schwarzwald.de\/blog\/kultur\/medien\/framing\/geheimtreffen\/\">\u201eWannseekonferenz 2.0\u201c: Was war wirklich los?<\/a>\u00a0(20.1.2024)<\/li>\n<li><a href=\"https:\/\/www.freiburg-schwarzwald.de\/blog\/vereine\/partei\/cdu\/werteunion\/\">Rede von Dr. Hans-Georg Maa\u00dfen: WerteUnion als neue Partei<\/a>\u00a0(20.1.2024)<\/li>\n<li><a href=\"https:\/\/www.freiburg-schwarzwald.de\/blog\/neue-partei-krall-und-maassen\/\">Neue Partei: Krall und Maa\u00dfen<\/a>\u00a0(28.11.2023)<\/li>\n<li><a href=\"https:\/\/www.freiburg-schwarzwald.de\/blog\/kultur\/medien\/medien-afd\/\">Bj\u00f6rn H\u00f6cke im AUF1-Interview: \u201eDas bin ich meinem Land schuldig\u201c<\/a>\u00a0(11.11.2023)<\/li>\n<li><a href=\"https:\/\/www.freiburg-schwarzwald.de\/blog\/global\/deutschland\/deutschland-israel\/\">Sicherheit von Israel ist f\u00fcr Deutschland Staatsr\u00e4son<\/a>\u00a0(17.10.2023)<\/li>\n<li><a href=\"https:\/\/www.freiburg-schwarzwald.de\/blog\/engagement\/zukunft\/demokratie\/rechts\/rechts-links\/\">Overton-Fenster: W\u00e4hlerverschiebung von links nach rechts<\/a>\u00a0(27.8.2023)<\/li>\n<li><a href=\"https:\/\/www.freiburg-schwarzwald.de\/blog\/engagement\/zukunft\/demokratie\/rechts\/rechtsruck\/\">AfD nur noch knapp hinter Union \u2013 Deutschlands gordischer Knoten zieht sich zu<\/a> (22.7.2023)<\/li>\n<li><a href=\"https:\/\/www.freiburg-schwarzwald.de\/blog\/engagement\/zukunft\/demokratie\/parlament\/zweiparteiensystem\/\">Die Identit\u00e4tskrise ist im deutschen Parteienstaat System<\/a>\u00a0(10.7.2023)<\/li>\n<li><a href=\"https:\/\/www.freiburg-schwarzwald.de\/blog\/sonneberg-wahl-als-chance\/\">Sonneberg: Wahl als Chance<\/a>\u00a0(27.6.2023)<\/li>\n<li><a href=\"https:\/\/www.freiburg-schwarzwald.de\/blog\/engagement\/zukunft\/demokratie\/rechts\/sonneberg-afd\/\">Ein Fanal f\u00fcr Deutschland: AfD-Landrat in Th\u00fcringen gew\u00e4hlt<\/a> (25.6.2023)<\/li>\n<li><a href=\"https:\/\/www.freiburg-schwarzwald.de\/blog\/engagement\/zukunft\/demokratie\/rechts\/rechtsruck\/\">Die Herkulesaufgabe der alternativen rechten Politik<\/a>\u00a0(24.6.2023)<\/li>\n<li><a href=\"https:\/\/www.freiburg-schwarzwald.de\/blog\/maassen-cdu-und-werteunion\/\">Maa\u00dfen: CDU und Werteunion<\/a>\u00a0(16.2.2023)<\/li>\n<li><a href=\"https:\/\/www.freiburg-schwarzwald.de\/blog\/vereine\/partei\/cdu\/cdu-opposition\/\">CDU als Oppositionspartei: Verh\u00e4ltnis zur AfD<\/a>\u00a0(10.1.2022)<\/li>\n<li><a href=\"https:\/\/www.freiburg-schwarzwald.de\/blog\/neue-parteien-pluralismus\/\">Neue Parteien \u2013 Pluralismus<\/a>\u00a0(30.5.2021)<\/li>\n<li><a href=\"https:\/\/www.freiburg-schwarzwald.de\/blog\/engagement\/zukunft\/demokratie\/sozialismus\/sozialismus-gruene\/\">Der gr\u00fcne Million\u00e4rssozialismus als \u00dcberwachungskapitalismus<\/a>\u00a0(6.5.2021)<\/li>\n<li><a href=\"https:\/\/www.freiburg-schwarzwald.de\/blog\/engagement\/zukunft\/demokratie\/rechts\/rechte-ecke\/\">Willkommen in der rechten Ecke \u2013 Ein offener Brief an Jan Josef Liefers<\/a>\u00a0(26.4.2021)<\/li>\n<li>Jede neue rechte Partei wird in Deutschland zerst\u00f6rt (25.3.2021)<\/li>\n<li><\/li>\n<li><a href=\"https:\/\/www.freiburg-schwarzwald.de\/blog\/kultur\/medien\/medien-afd\/\">AfD<\/a><\/li>\n<li><a title=\"CDU\" href=\"https:\/\/www.freiburg-schwarzwald.de\/blog\/vereine\/partei\/cdu\/\">CDU<\/a><\/li>\n<li><a href=\"https:\/\/www.freiburg-schwarzwald.de\/blog\/vereine\/partei\/cdu\/cdu-opposition\/\">CDU-Opposition<\/a><\/li>\n<li><a title=\"Demokratie\" href=\"https:\/\/www.freiburg-schwarzwald.de\/blog\/engagement\/zukunft\/demokratie\/\">Demokratie<\/a><\/li>\n<li><a title=\"Deutsche-Kultur\" href=\"https:\/\/www.freiburg-schwarzwald.de\/blog\/global\/deutschland\/deutsche-kultur\/\">Deutsche-Kultur<\/a><\/li>\n<li><a href=\"https:\/\/www.freiburg-schwarzwald.de\/blog\/neue-parteien-pluralismus\/\">dieBasis<\/a><\/li>\n<li><a title=\"FDP\" href=\"https:\/\/www.freiburg-schwarzwald.de\/blog\/vereine\/partei\/fdp\/\">FDP<\/a><\/li>\n<li><a href=\"https:\/\/www.freiburg-schwarzwald.de\/blog\/kultur\/medien\/framing\/geheimtreffen\/\">Geheimtreffen<\/a><\/li>\n<li><a title=\"Gesinnungsdiktatur\" href=\"https:\/\/www.freiburg-schwarzwald.de\/blog\/kultur\/medien\/gesinnungsdiktatur\/\">Gesinnungsdiktatur<\/a><\/li>\n<li><a title=\"Gruene\" href=\"https:\/\/www.freiburg-schwarzwald.de\/blog\/vereine\/partei\/gruene\/\">Gruene<\/a><\/li>\n<li><a href=\"https:\/\/www.freiburg-schwarzwald.de\/blog\/kultur\/medien\/kampf-gegen-rechts\/\">Kampf-gegen-rechts<\/a><\/li>\n<li><a title=\"Konservativ\" href=\"https:\/\/www.freiburg-schwarzwald.de\/blog\/engagement\/zukunft\/demokratie\/konservativ\/\">Konservativ<\/a><\/li>\n<li><a title=\"Konservativismus\" href=\"https:\/\/www.freiburg-schwarzwald.de\/blog\/engagement\/zukunft\/demokratie\/konservativismus\/\">Konservativismus<\/a><\/li>\n<li><a href=\"https:\/\/www.freiburg-schwarzwald.de\/blog\/kultur\/medien\/diskussionskultur\/kontaktschuld\/\">Kontaktschuld<\/a><\/li>\n<li><a href=\"https:\/\/www.freiburg-schwarzwald.de\/blog\/engagement\/zukunft\/demokratie\/rechts\/krah\/\">Krah<\/a><\/li>\n<li><a href=\"https:\/\/www.freiburg-schwarzwald.de\/blog\/engagement\/zukunft\/demokratie\/opposition\/\">Opposition<\/a><\/li>\n<li><a href=\"https:\/\/www.freiburg-schwarzwald.de\/blog\/engagement\/zukunft\/demokratie\/opposition\/opposition-verbot\/\">Opposition-Verbot<\/a><\/li>\n<li><a href=\"https:\/\/www.freiburg-schwarzwald.de\/blog\/selbsthilfe\/krise\/gewalt\/politische-gewalt\/\">Politische-Gewalt<\/a><\/li>\n<li><a title=\"Rassismus\" href=\"https:\/\/www.freiburg-schwarzwald.de\/blog\/engagement\/rassismus\/\">Rassismus<\/a><\/li>\n<li><a href=\"https:\/\/www.freiburg-schwarzwald.de\/blog\/engagement\/zukunft\/demokratie\/rechts\/rechte\/\">Rechte<\/a><\/li>\n<li><a href=\"https:\/\/www.freiburg-schwarzwald.de\/blog\/engagement\/zukunft\/demokratie\/rechts\/rechte-ecke\/\">Rechte-Ecke<\/a><\/li>\n<li><a href=\"https:\/\/www.freiburg-schwarzwald.de\/blog\/engagement\/zukunft\/demokratie\/rechts\/rechts-links\/\">Rechts-Links<\/a><\/li>\n<li><a href=\"https:\/\/www.freiburg-schwarzwald.de\/blog\/vereine\/partei\/rechtskonservative\/\">Rechtskonservative<\/a><\/li>\n<li><a href=\"https:\/\/www.freiburg-schwarzwald.de\/blog\/engagement\/zukunft\/demokratie\/rechts\/rechtsruck\/\">Rechtsruck<\/a><\/li>\n<li><a href=\"https:\/\/www.freiburg-schwarzwald.de\/blog\/engagement\/zukunft\/demokratie\/rechts\/sonneberg-afd\/\">Sonneberg-AfD<\/a><\/li>\n<li><a href=\"https:\/\/www.freiburg-schwarzwald.de\/blog\/engagement\/zukunft\/demokratie\/sozialismus\/sozialismus-gruene\/\">Sozialismus-Gruene<\/a><\/li>\n<li><a href=\"https:\/\/www.freiburg-schwarzwald.de\/blog\/global\/deutschland\/deutschland-israel\/staatsraison\/\">Staatsraison<\/a><\/li>\n<li><a title=\"Wahlen-Ex-DDR\" href=\"https:\/\/www.freiburg-schwarzwald.de\/blog\/engagement\/zukunft\/demokratie\/wahlen-ex-ddr\/\">Wahlen-Ex-DDR<\/a><\/li>\n<li><a href=\"https:\/\/www.freiburg-schwarzwald.de\/blog\/kultur\/medien\/framing\/geheimtreffen\/\">Wannseekonferenz2.0<\/a><\/li>\n<li><a title=\"WerteUnion\" href=\"https:\/\/www.freiburg-schwarzwald.de\/blog\/vereine\/partei\/cdu\/werteunion\/\">Werteunion<\/a><\/li>\n<li><a href=\"https:\/\/www.freiburg-schwarzwald.de\/blog\/engagement\/zukunft\/demokratie\/parlament\/zweiparteiensystem\/\">Zweiparteiensystem<\/a><\/li>\n<\/ul>\n<p>&nbsp;<\/p>\n<p><strong>Jede neue rechte Partei wird in Deutschland zerst\u00f6rt<\/strong><br \/>\n<strong>Ich habe eine traurige Nachricht. Sie sind raus.<\/strong><br \/>\nEine Gesellschaft, die die Aussage <strong><em>\u201erechts ist keine Meinung, sondern ein Verbrechen\u201c<\/em><\/strong> verinnerlicht hat, kann ihnen keine Freiheit bieten, unabh\u00e4ngig davon, ob Sie sich rechts, links, oben oder unten verorten.<br \/>\nRechts ist schlicht eine Frage der Perspektive. Wenn man sich einmal um seine eigene Achse dreht, ist alles im Raum mal rechts. Wohlgemerkt, die Freiheit stirbt immer zentimeterweise. Nur weil die Lunte der angesteckten Z\u00fcndschnur noch nicht bei Ihnen angekommen ist, hei\u00dft das nicht, dass es nicht auch bald bei Ihnen zischt und pfeift.<br \/>\n.<br \/>\nWenn Sie auf eine liberal-konservative Partei hoffen, kann ich Ihnen nur sagen, etwas Besseres als die AfD werden Sie nicht bekommen. Ich meine das nicht, weil die AfD so toll ist und uns alle retten wird. Ich meine das, weil im vorherrschenden Meinungsklima jede Position, die vor 15 Jahren noch unverf\u00e4nglich klassisch liberal war, heute mit einem kr\u00e4ftigen Upper-Cut von Medien und Politik in der ganz rechten Ecke landet. In dieser Ecke werden Sie sich immer in der Gesellschaft jener w\u00e4hnen, die mit Adiletten das Haus verlassen, oder die sich die Welt gerne von Verschw\u00f6rungstheorien erkl\u00e4ren lassen.<br \/>\n&#8230;<br \/>\n<em>Nur wer gef\u00e4hrlich wird, kriegt eine rein<\/em><br \/>\nIn der Politik geht es nicht um Inhalte. Es ist kein Wettkampf der Argumente. In der Politik geht es um Macht, um die Deutungshoheit, um Emotionen. Der politische Gegner muss, unter Jubel des Publikums, in die Ecke gedr\u00e4ngt werden. Das meine ich gar nicht negativ, auch nicht positiv, es ist einfach so. Wenn Sie den Leberhaken bei abweichender Meinung noch nicht versp\u00fcrt haben, dann, sorry, sind Sie einfach nicht wichtig genug. Nur wer gef\u00e4hrlich wird, kriegt eine rein. Aber glauben Sie bitte nicht, es br\u00e4uchte nur einen, der diese liberalen Positionen von damals, von denen Sie sich nicht verabschieden wollen, gesittet und vern\u00fcnftig vertritt und die W\u00e4hlerherzen fl\u00f6gen ihm zu. Schr\u00e4g von unten fotografiert, sieht jeder despotisch aus.<br \/>\nNun befinden Sie sich also in Ihrer Ecke des Boxrings mit einem blauen Auge und dr\u00f6hnendem Sch\u00e4del und h\u00e4ngen in den Seilen. Ihr vermeintlicher Trainer Friedrich Merz wird das Handtuch nicht werfen. Das Publikum teilt vielleicht sogar Ihre Meinung, ist aber dennoch froh, dass der Leberhaken gerade so gut gesessen hat, denn so einer wie Sie \u2013 wahlweise Coronaleugner, Klimaleugner, Nazi \u2013 wollen die Zuschauer auf jeden Fall nicht sein.<br \/>\nSie k\u00f6nnen aufgeben, sich entschuldigen, sich dem Zeitgeist beugen und hoffen, doch wieder dazuzugeh\u00f6ren. So wie der, mit dem Sie sich beim Hundespaziergang immer \u00fcber die Absurdit\u00e4ten staatlicher Verbotspolitik unterhalten und der dennoch die Gr\u00fcnen w\u00e4hlt, weil er doch einer von den Guten ist. Oder sie akzeptieren, einer \u201evon denen\u201c zu sein. Ein Schmuddelkind. Einer, der nicht dazugeh\u00f6rt. Man kann sich auch in die Seile dr\u00fccken, um wieder federnd auf die F\u00fc\u00dfe zu kommen. Denn in Deutschland kann man wirklich alles sagen, wenn man mit den Konsequenzen klarkommt. <em><strong>Freiheit ist auch das exponierte Alleinsein mit seiner eigenen Meinung.<\/strong><\/em> G\u00fcnstiger ist sie leider nicht zu haben.<br \/>\n&#8230; Alles vom 25.3.2021 von Lisa Marie Kaus bitte lesen auf<br \/>\n<a href=\"https:\/\/www.achgut.com\/artikel\/Ich_habe_eine_traurige_Nachricht_sie_sinbd_raus\">https:\/\/www.achgut.com\/artikel\/Ich_habe_eine_traurige_Nachricht_sie_sinbd_raus<\/a><br \/>\n.<br \/>\nEinige Kommentare:<br \/>\n<strong>MASSENwiderstand auf die Stra\u00dfe ist notwendig<\/strong><br \/>\n\u201cWenn Sie auf eine liberal-konservative Partei hoffen, kann ich Ihnen nur sagen, etwas Besseres als die AfD werden Sie nicht bekommen.\u201d Das ist eine Wahrheit, der sich viele Liberal &#8211; Konservative auch hier im Forum nicht stellen wollen und so bleibt es bei der Zersplitterung des liberal &#8211; konservativen Lagers.<br \/>\nWenn wir keinen friedlichen aber eindeutigen MASSENwiderstand auf die Stra\u00dfe bekommen sind all unsere gediegenen Argumente und Ernsthaftigkeit weitgehend wirkungslos. Die 20.000 von Kassel tun der Regierung nicht weh. Ein in seiner sachlichen N\u00fcchternheit illusionsloser und sehr guter Artikel<br \/>\n25.3.2021, G.K.<br \/>\n.<br \/>\n<strong>In der Tat sind Zweifel erlaubt, ob konservative oder liberale Positionen<\/strong>,<br \/>\nganz gleich, wie gem\u00e4\u00dfigt sie sein m\u00f6gen, heute noch vertreten werden k\u00f6nnen, ohne dass der, der sie \u00e4u\u00dfert, in eine Schmuddelecke gesteckt wird. Das liegt nat\u00fcrlich vor allem an der Moralisiererei, die rationale Argumente ausgrenzt und mit einem moralischen Unwerturteil versieht. Aber einen tiefgreifenden Wandel sehe ich nicht, einen Wandel also, der die Interessen selbst betrifft. Die gibt es weiter &#8211; sie kommen nur gar nicht mehr an die Oberfl\u00e4che.<br \/>\nAber die Liberalen wird es weiter geben und die Konservativen auch. Das hat etwas mit unserer Natur zu tun &#8211; und widersteht auf lange Sicht der Umerziehung. Der Liberale muss nur warten, bis das Scheitern der \u201cWeltverbesserer\u201d offenbar wird, bis die Interessen wieder nach oben gesp\u00fclt werden, bis der Staat &#8211; wieder einmal &#8211; bewiesen hat, dass er mit jedem Problem, das er angeblich l\u00f6sen will, hundert neue schafft. Gemeinsinn kann man nicht \u201canordnen\u201d. Aus dem Grund sehe ich langfristig durchaus nicht ganz so schwarz. Die Frage ist nur, ob man die Zeit noch erlebt. Das h\u00e4ngt auch davon ab, wie schnell die neue gr\u00fcne Regierung den Karren an die Wand pfeffert. Ich denke, talentiert genug dazu sind die Gr\u00fcnen und ihre ehemals schwarzen Juniorpartner.<br \/>\n25.3.2021, A.R.<br \/>\n.<br \/>\n<strong>Vielen Dank, liebe Frau Kaus. Ihr Text ist wunderbar sarkastisch<\/strong><br \/>\ngeschrieben, und man k\u00f6nnte lachen, wenn er nicht so nah an der Realit\u00e4t w\u00e4re. Ich f\u00fchle mich gar nicht \u201craus\u201d, sondern mittendrin, auch wenn ich eine v\u00f6llig andere Meinung vertrete als der \u201cMainstream\u201d. Ich f\u00fchle mich sogar wohl dabei, weil ich selber denke und recherchiere. Ich lasse mich nur vom gesunden Menschenverstand leiten und nicht von irgendeiner Ideologie oder \u201cHaltung\u201d &#8211; und schon gar nicht von irgendwelchen v\u00f6llig Irren, die sich gerade an der Macht befinden. Die Achse und andere Alternativmedien geben mir Mut und Zuversicht in diesen dunklen Monaten. &#8211; Danke auch f\u00fcr Ihr Nicht-\u201cGendern\u201d; es ist so wohltuend, das zu lesen.<br \/>\n25.3.2021, K.K.<\/p>\n<p><strong>Solange keiner auf die Stra\u00dfe geht, um zu demonstrieren,<\/strong><br \/>\nirgendetwas anz\u00fcndet und niemandem die Fresse poliert, wird sich nichts \u00e4ndern. Anders kann die Idee die Massen nicht ergreifen und zur materiellen Gewalt werden. Das wusste schon Marx. Revolution wird auf der Stra\u00dfe gemacht, nicht im Wohnzimmer vor der Glotze oder dem Tablet. Vom daher ist der Artikel eine durchaus richtige Bewertung der aktuellen Situation.<br \/>\n25.3.2021, J.L.<\/p>\n<p><strong>Ueberall kommt der\u201d Zeitgeist\u201d heraus<\/strong><br \/>\nDas ist zutreffend zusammengefasst. Nicht umsonst befassen sich bestimmte Autoren mit der Frage, wie \u201cman\u201d idealerweise mit diesem fossilen Zustand oder dieser Erkenntnis umgehen sollte.<br \/>\nViele Freunde oder nur Gleichgesinnte gibt es nicht, was allerdings, wie auch hier schon zutreffend beschrieben, kein ganz neues Ph\u00e4nomen ist. Denken macht grunds\u00e4tzlich eher einsam, (nur) Affekte machen gesellig oder massetauglich. Wenn nun noch das Denken und Wissen, das bekanntlich schon Luther als\u201d eher problematisch\u201d betrachtete, auch noch erwartungsgemaess in die falsche Richtung fuehrt, wird man schnell unbeliebt, egal wie erfolgreich man beim Versuch des Verbergens ist.<br \/>\nMan muss schlie\u00dflich auch noch lernen, die grassierende Dummheit und zunehmend neurotischere Zustaende auszuhalten, ein auf Dauer sehr schwieriges Unterfangen, zumal man diesen (ideologischen) Dummheiten immer weniger entfliehen kann. Sie sind natuerlich beabsichtigt allgegenw\u00e4rtig und werden in allen Formaten platziert. Bei Sportuebertragungen hilft es, den Kommentar abzuschalten, aber bei Dokus? In der VHS wird man genauso \u201cerwischt\u201d wie als Gasthoerer an den heutigen pseudouniversitaeren Leeranstalten, wo es kaum noch ein rein wissenschaftliches Fach gibt. Ueberall kommt der\u201d Zeitgeist\u201d heraus, Geist nicht im eigentlichen Sinne gemeint, der ist verschwunden. Was bleibt?<br \/>\n25.3.2021, R.N.<\/p>\n<p><strong>Die gr\u00f6\u00dfte L\u00fcge ist am glaubw\u00fcrdigsten SELBST<\/strong><br \/>\nWeil ich dachte, die Menschen w\u00fcrden prinzipientreu und rational handeln, lag ich mit allen meinen Erwartungen falsch. Im Gymnasium erkl\u00e4rte uns der Lateinlehrer, dass die \u201cfaustdicke L\u00fcge\u201d am glaubw\u00fcrdigsten sei, weil sich niemand vorstellen k\u00f6nne, dass so gelogen wird.<br \/>\nDie Leute glauben, dass CO2 den Klimawandel verursacht, weil sie weder wissen noch sich vorstellen k\u00f6nnen, dass die CO2 Konzentration in der Luft 0,4 Promille betr\u00e4gt. Man kann Klimapanik erzeugen, weil die Leute nicht wissen, dass im Klimaoptimum des Holoz\u00e4ns vor 7000 Jahren, als es viel w\u00e4rmer war als jetzt, deshalb die Sahara und andere heutige W\u00fcsten gr\u00fcn und besiedelt waren und allm\u00e4hlich die Hochkulturen entstanden.<br \/>\nDie Leute wissen nicht und glauben nicht, dass im Grundgesetz Verfassungsreferenden und Volksabstimmungen vorgesehen sind und nur Verteidigungskriege erlaubt sind, und glauben, dass Friedenseins\u00e4tze einem guten Zweck dienen.<br \/>\nSie wissen nicht, dass in keinem anderen europ\u00e4ischen Land mit vergleichbarer Wirtschaftsleistung der Niedriglohnsektor ein solches Ausma\u00df hat wie in der BRD (Bertelsmann Stiftung), und dass das mittlere Verm\u00f6gen in der BRD 51.400 Euro betr\u00e4gt (Median), in Griechenland aber 101.900 Euro.<br \/>\nSie wissen auch nicht, dass das Durchschnittsalter der \u201cCoronatoten\u201d 83 Jahre betr\u00e4gt und fast alle schwere Erkrankungen wie Krebs hatten (Obduktionen aller Hamburger Coronatoten), und halten deshalb Corona f\u00fcr ein gef\u00e4hrliches Killervirus.<br \/>\nSchon gar nicht wissen sie, dass die Anzahl der sehr alten Leute in den letzten Jahrzehnten extrem zugenommen hat.<br \/>\nDie Leute k\u00f6nnen sich einfach nicht vorstellen, dass die BRD, so wie sie von Regierung und Massenmedien pr\u00e4sentiert wird, ein FAKE ist! Vor dieser unfassbaren und schockierenden Vorstellung haben sie mehr Angst, als vor Corona, Klimawandel, Armut und Arbeitslosigkeit zusammen. \u00dcbrigens hat auch mein dauergewaschenes Gehirn Jahre ben\u00f6tigt, das zu begreifen!<br \/>\n25.3.2021, W.B.<\/p>\n<p><strong>\u201cAber WARUM sind gerade die staatsgl\u00e4ubigen, sozialistischen Gedanken<\/strong><br \/>\nso dominant? Ist das wirklich gottgegeben?\u201d<br \/>\nIst es nicht. Es ist durch politisch-mediale Dauerpropaganda erzeugt. Das zu tun war sehr einfach, da die Linken ihren \u201cMarsch durch die Institutionen\u201d leider erfolgreich geschafft haben. Sie konnten die Schaltstellen in Politik und Medien besetzen und damit \u201cden Menschen\u201d ihre \u201cRealit\u00e4t\u201d ins Hirn dr\u00fccken. Mit der real existierenden Relit\u00e4t haben sie nichts im Sinn. Denn die hat stets erwiesen, dass Sozialismus niemals und nirgends funktioniert, weil er aufgrund seines falschen Menschenbildes nicht funktionieren KANN! Der hart arbeitende und steuerzahlende Normalb\u00fcrger hat offenbar weder Zeit noch Energie \u00fcbrig, um sich gegen den immensen Druck der Dauerpropaganda eine eigene Meinung durch umfassende, aktiv erworbene Information zu bilden. So wird er zur leichten Beute der Kulturbolschewisten, wof\u00fcr diesen treudoofen \u201cGutmenschen\u201d sp\u00e4testens seine Enkel hassen werden, weil sie &#8211; mal wieder &#8211; in einem Land leben, in dem nichts funktioniert au\u00dfer der Unterdr\u00fcckung.<br \/>\n25.3.2021, A.A.<\/p>\n<p><strong>Millionen Konservative sind einfach \u201craus\u201d<\/strong><br \/>\nNa, aber das ist doch super: Wenn hunderte Millionen Konservativer einfach \u201craus\u201d sind, dann h\u00e4lt uns nichts mehr davon ab, eigene Staaten zu bilden. Immerhin wollen die Linken alle diese Millionen von Menschen gar nicht &#8211; weder als Nachbarn noch in Parlamenten. Also erf\u00fcllen wir ihnen doch ihren sehnlichsten Wunsch: Lassen wir sie mit dem IS alleine.<br \/>\n25.3.2021, M.K.<br \/>\nEnde Kommentare<\/p>\n","protected":false},"excerpt":{"rendered":"<p>Home\u00a0&gt;Engagement\u00a0&gt;Zukunft\u00a0&gt;Demokratie &gt;Rechts &gt;Rechte-Partei Listenauswahl eines Beitrags (Artikel\/Datum, Seite\/Inhalt):\u00a0Klicken\u00a0oder scrollen Peter Hoeres: Rechts-Links \u2013 Verrutschtes politisches Koordinatensystem\u00a0(13.3.2026) Politische Trendwende zur Rechten\u00a0(1.11.2025) Sie haben die Wahl: Gesinnungs-Diktatur oder Meinungsfreiheit\u00a0(4.10.2025) CPAP 29.-30.5.2025 in Budapest\u00a0(1.6.2025) Warum Freiheitliche nicht rechts und die letzte Chance der &hellip; <a href=\"https:\/\/www.freiburg-schwarzwald.de\/blog\/vereine\/partei\/rechte-partei\/\">Weiterlesen <span class=\"meta-nav\">&rarr;<\/span><\/a><\/p>\n","protected":false},"author":2,"featured_media":0,"parent":2803,"menu_order":0,"comment_status":"closed","ping_status":"closed","template":"","meta":{"footnotes":""},"class_list":["post-89211","page","type-page","status-publish","hentry"],"_links":{"self":[{"href":"https:\/\/www.freiburg-schwarzwald.de\/blog\/wp-json\/wp\/v2\/pages\/89211","targetHints":{"allow":["GET"]}}],"collection":[{"href":"https:\/\/www.freiburg-schwarzwald.de\/blog\/wp-json\/wp\/v2\/pages"}],"about":[{"href":"https:\/\/www.freiburg-schwarzwald.de\/blog\/wp-json\/wp\/v2\/types\/page"}],"author":[{"embeddable":true,"href":"https:\/\/www.freiburg-schwarzwald.de\/blog\/wp-json\/wp\/v2\/users\/2"}],"replies":[{"embeddable":true,"href":"https:\/\/www.freiburg-schwarzwald.de\/blog\/wp-json\/wp\/v2\/comments?post=89211"}],"version-history":[{"count":6,"href":"https:\/\/www.freiburg-schwarzwald.de\/blog\/wp-json\/wp\/v2\/pages\/89211\/revisions"}],"predecessor-version":[{"id":146785,"href":"https:\/\/www.freiburg-schwarzwald.de\/blog\/wp-json\/wp\/v2\/pages\/89211\/revisions\/146785"}],"up":[{"embeddable":true,"href":"https:\/\/www.freiburg-schwarzwald.de\/blog\/wp-json\/wp\/v2\/pages\/2803"}],"wp:attachment":[{"href":"https:\/\/www.freiburg-schwarzwald.de\/blog\/wp-json\/wp\/v2\/media?parent=89211"}],"curies":[{"name":"wp","href":"https:\/\/api.w.org\/{rel}","templated":true}]}}