{"id":86905,"date":"2021-01-14T11:48:36","date_gmt":"2021-01-14T10:48:36","guid":{"rendered":"https:\/\/www.freiburg-schwarzwald.de\/blog\/?page_id=86905"},"modified":"2021-06-23T14:24:03","modified_gmt":"2021-06-23T12:24:03","slug":"spiele","status":"publish","type":"page","link":"https:\/\/www.freiburg-schwarzwald.de\/blog\/kultur\/spiele\/","title":{"rendered":"Spiele"},"content":{"rendered":"<p>dd<\/p>\n<div id=\"attachment_61884\" style=\"width: 648px\" class=\"wp-caption alignnone\"><a href=\"https:\/\/www.freiburg-schwarzwald.de\/blog\/wp-content\/uploads\/2016\/07\/pokemon1freiburg-pan160726.jpg\"><img loading=\"lazy\" decoding=\"async\" aria-describedby=\"caption-attachment-61884\" class=\"size-full wp-image-61884\" src=\"https:\/\/www.freiburg-schwarzwald.de\/blog\/wp-content\/uploads\/2016\/07\/pokemon1freiburg-pan160726.jpg\" alt=\"\" width=\"638\" height=\"312\" srcset=\"https:\/\/www.freiburg-schwarzwald.de\/blog\/wp-content\/uploads\/2016\/07\/pokemon1freiburg-pan160726.jpg 638w, https:\/\/www.freiburg-schwarzwald.de\/blog\/wp-content\/uploads\/2016\/07\/pokemon1freiburg-pan160726-180x88.jpg 180w\" sizes=\"auto, (max-width: 638px) 100vw, 638px\" \/><\/a><p id=\"caption-attachment-61884\" class=\"wp-caption-text\">Pokemon-Spieler mit ihren Smartphones in Freiburg am 26.7.2016<\/p><\/div>\n<ul>\n<li><a href=\"https:\/\/www.freiburg-schwarzwald.de\/blog\/schach-ist-rassistisch\/\">Schach ist rassistisch<\/a>\u00a0(23.6.2021)<\/li>\n<li><a href=\"https:\/\/www.freiburg-schwarzwald.de\/blog\/cego-altes-kartenspiel-online\/\">Cego \u2013 altes Kartenspiel nun online<\/a>\u00a0(14.1.2021)<\/li>\n<li>Cego-online.de &#8211; Interview mit Prof Jirka Dell&#8217;Oro-Friedl (11.12.2020)<\/li>\n<\/ul>\n<p>&nbsp;<\/p>\n<p><strong>Cego-online.de &#8211; Interview mit Prof Jirka Dell&#8217;Oro-Friedl<\/strong><br \/>\nEs wird dunkel, die Tage sind k\u00fcrzer: Die <a href=\"https:\/\/www.freiburg-schwarzwald.de\/blog\/regio\/heimat\/brauchtum\/\">Cego-Saison<\/a> ist in vollem Gange. Geschlossene Gastst\u00e4tten und Kontaktbeschr\u00e4nkungen machen es schwierig, das Kartenspiel zu spielen, das von N\u00e4he und Geselligkeit gepr\u00e4gt ist. Daher tummeln sich viele Spieler in der virtuellen Stube von Cego-Online. Professor Jirka Dell\u2019Oro-Friedl von der Hochschule Furtwangen, der die Plattform 2013 mit Studierenden entwickelt hat, berichtet im Interview mit Susanne Gilg \u00fcber dessen Beliebtheit und neue Entwicklungen.<br \/>\n.<br \/>\nBZ: Ist die virtuelle Stube gerade besonders voll?<br \/>\nDell\u2019Oro-Friedl: Wir konnten definitiv mit dem Ausbruch der Pandemie einen Anstieg der aktiven Spielerzahlen feststellen, wie er auch in der gesamten Gaming-Branche stattfand. An den Abenden der Wochenenden sieht man h\u00e4ufig \u00fcber 100 Leute miteinander Cego spielen. Wir hatten damals den Anspruch, die gesellige Runde digital gut abzubilden, mit dem Flair der Schwarzwaldstube. Das scheint gelungen zu sein und funktioniert auch nach sieben Jahren noch gl\u00e4nzend.<br \/>\nBZ: Wie viele neue Spieler hat Ihnen die Corona-Krise beschert, wie viele Nutzer gibt es insgesamt?<br \/>\nDell\u2019Oro-Friedl: Cego-Online ist kein kommerzielles Projekt, sondern ein Projekt der Forschung und Lehre der Fakult\u00e4t digitale Medien an der Hochschule Furtwangen. Als ich es 2012 begann, konnte ich zwar hoffen, aber nicht wirklich absehen, dass wir so weit kommen werden. Die Studenten hatten damals Unglaubliches geleistet und es wirklich geschafft, Cego als Multiplayer-Spiel mit Computergegnern, die von realen Schauspielern dargestellt werden, mitsamt Lernprogramm, Forum und vielen Zusatzinformationen ins Internet zu bringen. F\u00fcr die automatische Erhebung von Statistiken hatten wir aber keine Kapazit\u00e4ten mehr, daher kann ich die Frage nach wirklich aktiven Spielern gar nicht beantworten. Wir haben aber \u00fcber 5500 Registrierungen auf der Seite verzeichnet. Sehr viele Leute spielen einfach als Gast und verzichten auf die Registrierung.<br \/>\n.<br \/>\nBZ: Ist die Seite manchmal \u00fcberlastet, wenn viel los ist in der Stube?<br \/>\nDell\u2019Oro-Friedl: Nein. Cego-Online ist sehr ressourcenschonend und der Server noch lange nicht ausgelastet, auch wenn 20 oder mehr Tische gleichzeitig bespielt werden. Die Stabilit\u00e4t der Plattform wurde j\u00fcngst von Vielspielern gelobt.<br \/>\nBZ: \u00dcbersteigen die Registrierungen Ihre Erwartungen, ist die Seite \u00fcberhaupt f\u00fcr so viele Spieler ausgelegt?<br \/>\n.<br \/>\nDell\u2019Oro-Friedl: Die Seite ist f\u00fcr beliebig viele Spieler ausgelegt, aber nat\u00fcrlich hat dieser Ansturm unsere Erwartungen weit \u00fcbertroffen. Das Tolle: Auch nach sieben Jahren kommen fast t\u00e4glich neue Spieler dazu. Die Idee von Cego-Online war, dieses wunderbare lokale Kartenspiel wieder popul\u00e4r zu machen. Es drohte in Vergessenheit zu geraten, insbesondere weil der Nachwuchs fehlte. Also haben wir das Spiel ins Internet gebracht. Dass dieses Konzept aufgeht, freut mich sehr.<br \/>\nBZ: Cego-Online basiert auf dem Adobe Flash Player, der Ende des Jahres eingestellt wird. Wie geht\u2019s danach weiter, welche L\u00f6sung gibt es?<br \/>\nDell\u2019Oro-Friedl: Im Oktober habe ich in den Masterstudieng\u00e4ngen unserer Fakult\u00e4t eine neue Projektgruppe zusammengestellt. Das Team beginnt gerade mit der Arbeit an einer komplett neuen Version von Cego-Online. Wenn alles gut geht, ver\u00f6ffentlichen wir sie im n\u00e4chsten Herbst. Bis dahin werden wir versuchen, die alte Version am Laufen zu halten und haben daf\u00fcr bereits verschiedene L\u00f6sungen parat, die wir gerade testen.<br \/>\nBZ: Der <a href=\"https:\/\/www.freiburg-schwarzwald.de\/blog\/martin-wangler-forstanhaenger\/\">Breitnauer Kabarettist<\/a> <a href=\"https:\/\/www.freiburg-schwarzwald.de\/blog\/11-mundart-festival-breitnau\/\">Martin Wangler<\/a> hat uns verraten, dass Sie eine Version f\u00fcrs Smartphone in Planung haben. Wie weit sind Sie damit, kann Cego jetzt auch unterwegs gespielt werden?<br \/>\nDell\u2019Oro-Friedl: Die Smartphone-App ist Teil des neuen Projekts. Wir wollen bei der Konzeption die Spieler mit einbeziehen und verschicken in K\u00fcrze einen umfangreichen Fragebogen an unsere registrierten Mitglieder, um deren W\u00fcnsche und Vorschl\u00e4ge entgegen zu nehmen.<br \/>\n&#8230;<br \/>\nBZ: Sie sind in Mainz geboren \u2013 wie sieht\u2019s mit Ihren Cego-Kenntnissen aus?<br \/>\nDell\u2019Oro-Friedl: Unsere T\u00f6chter sind in der gleichen Schulklasse gelandet, so habe ich Martin Wangler kennengelernt. Er hat mir Cego vorgestellt, und schon als ich die wundervoll und mystisch gestalteten Spielkarten sah, war ich Feuer und Flamme. Schnell war das Vorhaben Cego-Online geboren, zuvor musste ich mit meinen Studenten das Spiel nat\u00fcrlich lernen.<br \/>\nBZ: Hat es funktioniert?<br \/>\nDell\u2019Oro-Friedl: Heute kann ich es zwar mit den Methoden der Spieltheorie analysieren und Einiges berechnen, die Spielpraxis aber ist unersetzlich. Das musste ich feststellen, als ich bei den Schwarzwaldmeisterschaften unfreiwillig Ersatzspieler wurde und mit wehenden Fahnen unterging. Aber: Letzte Woche habe ich die Herausforderung angenommen, in meinem Fachbereich eine k\u00fcnstliche Intelligenz zu entwickeln, die die Schwarzwaldmeisterschaften bestreiten und vielleicht sogar gewinnen kann. Ein tolles Thema f\u00fcr eine Master-Abschlussarbeit!<br \/>\n&#8230; Alles vom 11.12.2020 bitte lesen auf<br \/>\n<a href=\"https:\/\/www.badische-zeitung.de\/fast-taeglich-neue-spieler--198800154.html\">https:\/\/www.badische-zeitung.de\/fast-taeglich-neue-spieler&#8211;198800154.html<\/a><br \/>\n<a href=\"http:\/\/www.cego-online.de\">http:\/\/www.cego-online.de<\/a><br \/>\n.<br \/>\nJirka Dell\u2019Oro-Friedl ist zweimaliger Gewinner des deutschen Computerspielpreises und seit 2010 Professor an der Hochschule Furtwangen, Fakult\u00e4t Digitale Medien. Schwerpunkt: Anwendungskonzeption unter besonderer Ber\u00fccksichtigung von Gamedesign.<br \/>\nZusammen mit seinen Studenten, dem Breitnauer Kabarettisten <a href=\"https:\/\/www.freiburg-schwarzwald.de\/blog\/hinterzarten-kultur-grand-prix-an-martin-wangler\/\">Martin Wangler<\/a> und den &#8222;Bure zum Alange&#8220; hat er <a href=\"http:\/\/www.cego-online.de\">http:\/\/www.cego-online.de<\/a> entwickelt.<\/p>\n","protected":false},"excerpt":{"rendered":"<p>dd Schach ist rassistisch\u00a0(23.6.2021) Cego \u2013 altes Kartenspiel nun online\u00a0(14.1.2021) Cego-online.de &#8211; Interview mit Prof Jirka Dell&#8217;Oro-Friedl (11.12.2020) &nbsp; Cego-online.de &#8211; Interview mit Prof Jirka Dell&#8217;Oro-Friedl Es wird dunkel, die Tage sind k\u00fcrzer: Die Cego-Saison ist in vollem Gange. Geschlossene &hellip; <a href=\"https:\/\/www.freiburg-schwarzwald.de\/blog\/kultur\/spiele\/\">Weiterlesen <span class=\"meta-nav\">&rarr;<\/span><\/a><\/p>\n","protected":false},"author":2,"featured_media":0,"parent":30,"menu_order":0,"comment_status":"closed","ping_status":"closed","template":"","meta":{"footnotes":""},"class_list":["post-86905","page","type-page","status-publish","hentry"],"_links":{"self":[{"href":"https:\/\/www.freiburg-schwarzwald.de\/blog\/wp-json\/wp\/v2\/pages\/86905","targetHints":{"allow":["GET"]}}],"collection":[{"href":"https:\/\/www.freiburg-schwarzwald.de\/blog\/wp-json\/wp\/v2\/pages"}],"about":[{"href":"https:\/\/www.freiburg-schwarzwald.de\/blog\/wp-json\/wp\/v2\/types\/page"}],"author":[{"embeddable":true,"href":"https:\/\/www.freiburg-schwarzwald.de\/blog\/wp-json\/wp\/v2\/users\/2"}],"replies":[{"embeddable":true,"href":"https:\/\/www.freiburg-schwarzwald.de\/blog\/wp-json\/wp\/v2\/comments?post=86905"}],"version-history":[{"count":4,"href":"https:\/\/www.freiburg-schwarzwald.de\/blog\/wp-json\/wp\/v2\/pages\/86905\/revisions"}],"predecessor-version":[{"id":91772,"href":"https:\/\/www.freiburg-schwarzwald.de\/blog\/wp-json\/wp\/v2\/pages\/86905\/revisions\/91772"}],"up":[{"embeddable":true,"href":"https:\/\/www.freiburg-schwarzwald.de\/blog\/wp-json\/wp\/v2\/pages\/30"}],"wp:attachment":[{"href":"https:\/\/www.freiburg-schwarzwald.de\/blog\/wp-json\/wp\/v2\/media?parent=86905"}],"curies":[{"name":"wp","href":"https:\/\/api.w.org\/{rel}","templated":true}]}}