{"id":86120,"date":"2020-12-23T18:42:33","date_gmt":"2020-12-23T17:42:33","guid":{"rendered":"https:\/\/www.freiburg-schwarzwald.de\/blog\/?page_id=86120"},"modified":"2020-12-23T18:43:42","modified_gmt":"2020-12-23T17:43:42","slug":"germanen","status":"publish","type":"page","link":"https:\/\/www.freiburg-schwarzwald.de\/blog\/germanen\/","title":{"rendered":"Germanen"},"content":{"rendered":"<p>dd<\/p>\n<div id=\"attachment_85941\" style=\"width: 648px\" class=\"wp-caption alignnone\"><a href=\"https:\/\/www.freiburg-schwarzwald.de\/blog\/wp-content\/uploads\/2020\/12\/schauinsland-wetterbuchen202012-pan.jpg\"><img loading=\"lazy\" decoding=\"async\" aria-describedby=\"caption-attachment-85941\" class=\"size-full wp-image-85941\" src=\"https:\/\/www.freiburg-schwarzwald.de\/blog\/wp-content\/uploads\/2020\/12\/schauinsland-wetterbuchen202012-pan.jpg\" alt=\"\" width=\"638\" height=\"298\" srcset=\"https:\/\/www.freiburg-schwarzwald.de\/blog\/wp-content\/uploads\/2020\/12\/schauinsland-wetterbuchen202012-pan.jpg 638w, https:\/\/www.freiburg-schwarzwald.de\/blog\/wp-content\/uploads\/2020\/12\/schauinsland-wetterbuchen202012-pan-180x84.jpg 180w\" sizes=\"auto, (max-width: 638px) 100vw, 638px\" \/><\/a><p id=\"caption-attachment-85941\" class=\"wp-caption-text\">Wetterbuchen vom Rosshang in Hofsgrund am Schauinsland am 10.12.2020: Schnee &#8211; Buchen &#8211; Nebel &#8211; Sonne<\/p><\/div>\n<p>&nbsp;<\/p>\n<ul>\n<li>Zeitungsmythos: Die Germanen gab es nicht\u00a0 (?)\u00a0 (11.12.2020)<\/li>\n<li>Der Germanenmythos ist historisch nicht begr\u00fcndbar (6.12.2020)<\/li>\n<\/ul>\n<p>&nbsp;<\/p>\n<p><strong>Zeitungsmythos: Die Germanen gab es nicht (?)<\/strong><br \/>\n<em>&#8211; \u201eEin Mythos zerbr\u00f6selt\u201c, gibt diese Regionalzeitung zum Besten<\/em><br \/>\n<em>&#8211; Was w\u00fcrde Hamed Abdel-Samad zu solcher Geschichtsverf\u00e4lschung sagen?<\/em><\/p>\n<p>Ich legte gerade das Buch von <a href=\"https:\/\/www.freiburg-schwarzwald.de\/blog\/religion\/islam\/abdel-samad\/\">Hamed Abdel-Samad<\/a> \u201e<a href=\"https:\/\/www.freiburg-schwarzwald.de\/blog\/aus-liebe-zu-deutschland\/\">Aus Liebe zu Deutschland<\/a>\u201c aus der Hand, als mir die Wochenendausgabe der <a href=\"https:\/\/www.freiburg-schwarzwald.de\/blog\/regionale-tageszeitungen-bz\/\">Badischen Zeitung<\/a> vom 5. Dezember auf den Tisch flatterte mit einer Doppelseite und dem Aufmacher<br \/>\n<em>\u201eEin Mythos zerbr\u00f6selt \u2013<br \/>\nDer Germanenkult, dem Neonazis und andere Rechtsextremisten anh\u00e4ngen,<br \/>\nist ein ideologisches Konstrukt und historisch nicht begr\u00fcndbar\u201c<\/em>.<br \/>\nEingeleitet wird das Machwerk mit \u201eAls w\u00e4re die Hitlerdiktatur nie gewesen, treibt der Mythos Germanen auch noch heute sein Unwesen\u201c. Hoppla, denke ich, warum hat man uns das nicht fr\u00fcher erz\u00e4hlt, dass die Germanen den Hitler \u2026\u201c, weshalb ich die Doppelseite nicht gleich als eine Verschw\u00f6rungstheorie dem Kamin \u00fcbergab, sondern neugierig weiterlas.<\/p>\n<p>Die Doppelseite besprach auch den germanischen Hermann, alias Armin der Cherusker. Die Wissenschaft habe \u201eZweifel, ob es ein Volk, das sich Germanen nannte, \u00fcberhaupt gegeben hat\u201c. Kommt der Name Germany nun auf den Index? Solch ein Unsinn l\u00e4sst sich nur \u00fcberbieten mit dem unglaublichen ideologischen Postulat, \u201eEs gibt kein (deutsches) Volk\u201c (Robert Habeck).<\/p>\n<p>Was reitet eine Provinzzeitung wie die Badische, solch einen Unsinn zu verbreiten? Rechtfertigt die Vereinnahmung von Pers\u00f6nlichkeiten der Geschichte, g\u00e4ngige historische Fakten zu leugnen? F\u00e4llt nun auch Luther in Ungnade, weil er diesen Arminius \u201eHermann\u201c nannte? Oder wird Heinrich von Kleist f\u00fcr sein Drama Die Hermannschlacht ge\u00e4chtet? Denn dieser Kleist \u201eunterstellte\u201c, dass es Germanen gegeben habe \u2013 unterstellt der Verfasser dem damaligen Dramaturgen.<\/p>\n<p>\u201eHamed Abdel-Samad w\u00fcrde sich die Haare raufen \u00fcber solche Verrenkungen durch Medien. Erstaunt konnte ich feststellen, dass dieser Vorzeigemigrant nach 20 Jahren Befassung mit der deutschen und internationalen Geschichte mehr drauf hat, als die meisten Medienschaffenden (oder M\u00e4rchenschaffenden?) im ganzen Leben an Wissen gesammelt haben. Weiter im Text \u2026<\/p>\n<p>Unstreitig, sind heroische Erfolge gegen eine so fast perfekte Streitmacht wie es die R\u00f6mer waren, mit Vorsicht zu genie\u00dfen. Der legend\u00e4re Widerstand der linksrheinischen Gallier war nicht wie in Asterix und Obelix beschrieben erfolgreich. Die Widerstandsnester wurden von den R\u00f6mern belagert und ausgehungert, bis die verzweifelten Verteidiger nachts ihre Kinder vor die Tore legten in der Hoffnung, die Belagerer w\u00fcrden die Kinder annehmen und vor dem Hungertod verschonen. Vergebens. Denn die R\u00f6mer waren nicht nur ein hochstehendes Kulturvolk mit seiner lateinischen Sprache, es beherrschte vieles meisterhaft: Die R\u00f6mer waren z.B. die besten Br\u00fcckenbauer des Kontinents. Sie beherrschten aber auch die \u201eKriegskunst\u201c perfekt, zumindest im freien Felde.<\/p>\n<p>Aber sie waren auch r\u00fccksichtslose Besatzer, die ihren Tribut einforderten und z.B. ein Jahr nach der verlorenen Varusschlacht im Jahre 9 n.Chr. am anderen Ende des r\u00f6mischen Reiches acht Kilometer von Nazareth entfernt in Sepphoris viele Menschen kreuzigten, die sich nicht den R\u00f6mern unterwerfen wollten und einen Aufstand gewagt hatten. Warum also soll es unglaubw\u00fcrdig sein, sich nicht nur in Galil\u00e4a und Gallien, sondern auch in Germanien der Besatzung widersetzt zu haben? Allerdings nicht auf Dauer, denn zehn Jahre nach seiner erfolgreichen Varusschlacht wurden Arminius Krieger von den \u00fcberlegenen Truppen des r\u00f6mischen Germanicus geschlagen.<\/p>\n<p>Noch einige Kostproben der von unserer Provinzzeitung verbreiteten Geschichte. Die Germanen seien nur eine Sammelbezeichnung f\u00fcr die rechtsrheinischen Barbaren gewesen. Dieses Gebiet wurde von den r\u00f6mischen Geschichtsschreibern aber Germania genannt. In diesem Germanien soll es keine Germanen gegeben haben? Vielleicht ist diese Sichtweise die Fortsetzung jener unseligen Meinung, in Deutschland gebe es auch keine Deutschen (mehr)?<\/p>\n<p>Der r\u00f6mische Historiker Tacitus beschrieb das Land in seinem Buch \u201eGermanica\u201c als \u201eim Ganzen schaurig durch seine Urw\u00e4lder, oder h\u00e4sslich durch seine Moore\u201c. Dazu meint die Provinzzeitung, \u201evon einem germanischen Urwald konnte keine Rede sein\u2026 Die D\u00f6rfer lagen zumeist in Sichtweite und wurden alle 30 Jahre woanders neu errichtet, weil die Holzpfeiler der Bauten verrottet waren.\u201c Also keine W\u00e4lder, aber Holzst\u00e4mme f\u00fcr den Hausbau? Vielleicht importiert vom Amazonas?<\/p>\n<p>Arminius, wie er von den R\u00f6mern genannt wurde, \u201ehatte zeitweilig in deren Armee gedient\u201c, wird seine Bedeutung heruntergespielt, quasi einer des Fu\u00dfvolks. Nein, er war ein Sohn des Cheruskerf\u00fcrsten Segimir. Er wurde im Germanenfeldzug unter Tiberius als Geisel nach Rom verschleppt. Dort wurde er ein Tribun (Stabsoffizier), bekam des r\u00f6mische B\u00fcrgerrecht und wurde eine Art Ritter. Im Jahr 6 oder 7 n.Chr. kehrte er als Kommandeur von Auxiliareinheiten (unter dem Oberbefehlshaber der Rheinlegionen Varus) in seine Heimat zur\u00fcck. Arminius hat also nicht gedient, sondern befehligt! So viel zum \u201eQualit\u00e4tsjournalismus\u201c.<\/p>\n<p>Auch gibt die Zeitung einen Historiker wieder der meinte, die germanischen Stammesf\u00fcrsten waren Warlords, vergleichbar mit denen im heutigen Afrika oder Afghanistan. Auch dieser Arminius sei einer der Warlords gewesen, was eine V\u00f6lkerwanderung zur Folge gehabt hatte: \u201eDiese Migrationen l\u00f6sten eine europaweite Dynamik aus \u2026 Platz f\u00fcr neue Bewohner war da\u201c \u2013 damals jedenfalls. Also daher weht der Zeitungs-Wind: Die unbestritten eingetretene Dynamik der damaligen V\u00f6lkerwanderung als Blaupause zu bem\u00fchen f\u00fcr die heutige Migrationswelle, die zahlenm\u00e4\u00dfig gr\u00f6\u00dfer und schneller vonstattengeht als die damalige V\u00f6lkerwanderung!<\/p>\n<p>Noch etwas: Das r\u00f6mische Imperium war so gro\u00df, dass es nicht nur mit R\u00f6mern beherrschbar war. Deshalb wurden fast \u00fcberall Vasallen eingesetzt, die ihre Einheimischen besser kannten und \u00fcber sie herrschen konnten, als externe Imperatoren. So sollte es auch mit diesem Arminius geschehen. Aber nicht immer geht diese Rechnung auf. Heute holt man z.B. Menschen mit t\u00fcrkischem Migrationshintergrund ins Milit\u00e4r und die Polizei, weil sie sich mit ihren Landsleuten besser verst\u00e4ndigen k\u00f6nnen. Stimmt, aber sie \u201everstehen sich\u201c auch besser untereinander. Was der Grund sein d\u00fcrfte, dass die Kriminalit\u00e4t dieser Bev\u00f6lkerungsgruppe leider nicht auf das \u00fcbliche Ma\u00df sinkt.<\/p>\n<p>Es gibt eine Redewendung, der Zweck heiligt die Mittel (der schreibenden Zunft).<br \/>\nIch f\u00fcge hinzu, diese Mittel sind das Papier nicht wert, auf denen sie verbreitet werden!<br \/>\nUnd man darf gespannt sein, wie lange das Hermannsdenkmal noch unbeschadet stehen wird.<\/p>\n<p>Wer sich die Geschichte um den germanischen Cherusker Arminius noch einmal kurz in Erinnerung rufen will, kann das mit dem Link <a href=\"https:\/\/www.planet-wissen.de\/kultur\/voelker\/germanen\/pwiearminiusdercherusker100.html\">https:\/\/www.planet-wissen.de\/kultur\/voelker\/germanen\/pwiearminiusdercherusker100.html<\/a> tun, Wikipedia w\u00e4re jedoch ausf\u00fchrlicher.<\/p>\n<p>11.12.2020, Albrecht K\u00fcnstle, Herbolzheim, Kuenstle.A at gmx.de<br \/>\n.<br \/>\n<a href=\"https:\/\/www.welt.de\/satire\/article209448459\/Satire-Gegen-Rassismus-Hermannsdenkmal-wird-zur-Sicherheit-gesprengt.html\">https:\/\/www.welt.de\/satire\/article209448459\/Satire-Gegen-Rassismus-Hermannsdenkmal-wird-zur-Sicherheit-gesprengt.html<\/a><\/p>\n<p>.<br \/>\n<strong>Der Germanenmythos ist historisch nicht begr\u00fcndbar<\/strong><br \/>\nViel Schindluder wird getrieben mit den Germanen, deren Geschichte nur sp\u00e4rlich \u00fcberliefert ist. Der Germanenkult, dem Rechtsextremisten anh\u00e4ngen, ist ein ideologisches Konstrukt.<br \/>\n&#8230; Alles vom 6.12.2020 von Wulf R\u00fcskamp bitte lesen auf<br \/>\n<a href=\"https:\/\/www.badische-zeitung.de\/ein-mythos-zerbroeselt--198581952.html\">https:\/\/www.badische-zeitung.de\/ein-mythos-zerbroeselt&#8211;198581952.html<\/a><br \/>\n.<br \/>\nEin Kommentar:<br \/>\nDaher sollte man die Bezeichnung Germany auch gleich abschaffen<br \/>\nund der Autor kann Vorschl\u00e4ge f\u00fcr eine Neubenennung einreichen.<br \/>\n6.12.2020, J.A.<\/p>\n","protected":false},"excerpt":{"rendered":"<p>dd &nbsp; Zeitungsmythos: Die Germanen gab es nicht\u00a0 (?)\u00a0 (11.12.2020) Der Germanenmythos ist historisch nicht begr\u00fcndbar (6.12.2020) &nbsp; Zeitungsmythos: Die Germanen gab es nicht (?) &#8211; \u201eEin Mythos zerbr\u00f6selt\u201c, gibt diese Regionalzeitung zum Besten &#8211; Was w\u00fcrde Hamed Abdel-Samad zu &hellip; <a href=\"https:\/\/www.freiburg-schwarzwald.de\/blog\/germanen\/\">Weiterlesen <span class=\"meta-nav\">&rarr;<\/span><\/a><\/p>\n","protected":false},"author":2,"featured_media":0,"parent":0,"menu_order":0,"comment_status":"closed","ping_status":"closed","template":"","meta":{"footnotes":""},"class_list":["post-86120","page","type-page","status-publish","hentry"],"_links":{"self":[{"href":"https:\/\/www.freiburg-schwarzwald.de\/blog\/wp-json\/wp\/v2\/pages\/86120","targetHints":{"allow":["GET"]}}],"collection":[{"href":"https:\/\/www.freiburg-schwarzwald.de\/blog\/wp-json\/wp\/v2\/pages"}],"about":[{"href":"https:\/\/www.freiburg-schwarzwald.de\/blog\/wp-json\/wp\/v2\/types\/page"}],"author":[{"embeddable":true,"href":"https:\/\/www.freiburg-schwarzwald.de\/blog\/wp-json\/wp\/v2\/users\/2"}],"replies":[{"embeddable":true,"href":"https:\/\/www.freiburg-schwarzwald.de\/blog\/wp-json\/wp\/v2\/comments?post=86120"}],"version-history":[{"count":2,"href":"https:\/\/www.freiburg-schwarzwald.de\/blog\/wp-json\/wp\/v2\/pages\/86120\/revisions"}],"predecessor-version":[{"id":86122,"href":"https:\/\/www.freiburg-schwarzwald.de\/blog\/wp-json\/wp\/v2\/pages\/86120\/revisions\/86122"}],"wp:attachment":[{"href":"https:\/\/www.freiburg-schwarzwald.de\/blog\/wp-json\/wp\/v2\/media?parent=86120"}],"curies":[{"name":"wp","href":"https:\/\/api.w.org\/{rel}","templated":true}]}}