{"id":8595,"date":"2012-08-06T12:18:01","date_gmt":"2012-08-06T10:18:01","guid":{"rendered":"https:\/\/www.freiburg-schwarzwald.de\/blog\/?page_id=8595"},"modified":"2025-08-06T09:57:09","modified_gmt":"2025-08-06T07:57:09","slug":"hecker","status":"publish","type":"page","link":"https:\/\/www.freiburg-schwarzwald.de\/blog\/regio\/heimat\/hecker\/","title":{"rendered":"Hecker"},"content":{"rendered":"<p>Home &gt;<a title=\"Regio\" href=\"https:\/\/www.freiburg-schwarzwald.de\/blog\/regio\/\">Regio<\/a> &gt;<a title=\"Heimat\" href=\"https:\/\/www.freiburg-schwarzwald.de\/blog\/regio\/heimat\/\">Heimat<\/a> &gt;Hecker<\/p>\n<div id=\"attachment_8611\" style=\"width: 612px\" class=\"wp-caption alignnone\"><a href=\"https:\/\/www.freiburg-schwarzwald.de\/blog\/regio\/heimat\/hecker\/rohrberg-pfaffenberg-pan100221\/\" rel=\"attachment wp-att-8611\"><img loading=\"lazy\" decoding=\"async\" aria-describedby=\"caption-attachment-8611\" class=\"size-full wp-image-8611\" title=\"rohrberg-pfaffenberg-pan100221\" src=\"https:\/\/www.freiburg-schwarzwald.de\/blog\/wp-content\/uploads\/2012\/08\/rohrberg-pfaffenberg-pan100221.jpg\" alt=\"\" width=\"602\" height=\"189\" srcset=\"https:\/\/www.freiburg-schwarzwald.de\/blog\/wp-content\/uploads\/2012\/08\/rohrberg-pfaffenberg-pan100221.jpg 602w, https:\/\/www.freiburg-schwarzwald.de\/blog\/wp-content\/uploads\/2012\/08\/rohrberg-pfaffenberg-pan100221-180x56.jpg 180w\" sizes=\"auto, (max-width: 602px) 100vw, 602px\" \/><\/a><p id=\"caption-attachment-8611\" class=\"wp-caption-text\">Blick von Rohrberg nach Westen \u00fcbers Wiesental zu Pfaffenberg, Ittenschwander Horn und Belchen (von links) am 21.2.2010<\/p><\/div>\n<p><strong>\u00a0Friedrich Hecker &#8211; Badischer 1848er Revolution\u00e4r <\/strong><\/p>\n<ul>\n<li><em>Listenauswahl eines Beitrags (Artikel\/Datum, Seite\/Inhalt):\u00a0<span style=\"text-decoration: underline;\">Klicken<\/span>\u00a0oder scrollen<\/em><\/li>\n<li><a href=\"https:\/\/www.freiburg-schwarzwald.de\/blog\/regio\/heimat\/dortu\/dortu2026\/\">Dortu 2026: Wunsch und Vision<\/a>\u00a0(6.8.2025<\/li>\n<li><a href=\"https:\/\/www.freiburg-schwarzwald.de\/blog\/meinungsfreiheit-heute-dortu\/\">Meinungsfreiheit heute \u2013 Dortu<\/a>\u00a0(1.8.2025)<\/li>\n<li>Auf dem historischen Weg &#8211; 175 Jahre Badische Revolution (20.4.2023)<\/li>\n<li><a href=\"https:\/\/www.freiburg-schwarzwald.de\/blog\/badische-revolution-dortu\/\">175 Jahre Badische Revolution 1848 \u2013 2023<\/a>\u00a0(28.2.2023)<\/li>\n<li><a href=\"https:\/\/www.freiburg-schwarzwald.de\/blog\/staufen-stadtgeschichten-nr-10\/\">https:\/\/www.freiburg-schwarzwald.de\/blog\/staufen-stadtgeschichten-nr-10\/<\/a>\u00a0(23.9.2013)<\/li>\n<li><a href=\"https:\/\/www.freiburg-schwarzwald.de\/blog\/dortu-revolutionsgedenkfeier\/\">https:\/\/www.freiburg-schwarzwald.de\/blog\/dortu-revolutionsgedenkfeier\/<\/a>\u00a0(26.7.2013)<\/li>\n<li><a href=\"https:\/\/www.freiburg-schwarzwald.de\/blog\/schwaben-baden-bei-vfb-sc\/\">https:\/\/www.freiburg-schwarzwald.de\/blog\/schwaben-baden-bei-vfb-sc\/<\/a>\u00a0(3.5.2013)<\/li>\n<li><a href=\"https:\/\/www.freiburg-schwarzwald.de\/blog\/wanderung-badische-revolution\/\">https:\/\/www.freiburg-schwarzwald.de\/blog\/wanderung-badische-revolution\/<\/a>\u00a0(5.4.2013)<\/li>\n<li><a href=\"https:\/\/www.freiburg-schwarzwald.de\/blog\/jos-fritz-kein-revolutionaer\/\">https:\/\/www.freiburg-schwarzwald.de\/blog\/jos-fritz-kein-revolutionaer\/<\/a>\u00a0(20.3.2013)<\/li>\n<li><a href=\"https:\/\/www.freiburg-schwarzwald.de\/blog\/hecker-freischar-in-schopfheim-am-tag-der-deutschen-einheit\/\">https:\/\/www.freiburg-schwarzwald.de\/blog\/hecker-freischar-in-schopfheim-am-tag-der-deutschen-einheit\/<\/a>\u00a0(24.9.2012)<\/li>\n<li><a href=\"https:\/\/www.freiburg-schwarzwald.de\/blog\/de-hecker-chunnt-mitmacher-gesucht-fuer-historienschauspiel\/\">https:\/\/www.freiburg-schwarzwald.de\/blog\/de-hecker-chunnt-mitmacher-gesucht-fuer-historienschauspiel\/<\/a><\/li>\n<li><a href=\"https:\/\/www.freiburg-schwarzwald.de\/blog\/freiheitskaempfer-dortu-neff-und-kromer-wuerdige-gedenkfeier\/\">https:\/\/www.freiburg-schwarzwald.de\/blog\/freiheitskaempfer-dortu-neff-und-kromer-wuerdige-gedenkfeier\/<\/a><\/li>\n<li>Einzug der 1848er-Revolution\u00e4re wird am 3.10.2012 in Schopfheim nachgestellt (4.8.2012)<\/li>\n<li><\/li>\n<li><a title=\"Dortu\" href=\"https:\/\/www.freiburg-schwarzwald.de\/blog\/regio\/heimat\/dortu\/\">Dortu<\/a><\/li>\n<li><a href=\"https:\/\/www.freiburg-schwarzwald.de\/blog\/regio\/heimat\/dortu\/dortu2026\/\">Dortu2026<\/a><\/li>\n<li>\n<p align=\"left\">Ostern 1848 &#8211; Die Badische Revolution scheitert vor Freiburg<\/p>\n<\/li>\n<li>Initiative zur Erinnerung an die Badische Revolution 1848\/49<\/li>\n<\/ul>\n<p>.<br \/>\n<strong>Auf dem historischen Weg &#8211; 175 Jahre Badische Revolution<\/strong><br \/>\n<strong>Die Begehung in Freiburg am 12.5.2023 um 14 Uhr<\/strong><\/p>\n<p>1. Station Gedenksteine am <a href=\"https:\/\/www.freiburg-schwarzwald.de\/blog\/regio\/freiburg\/guenterstal\/\">Jagerbrunnen (Gunterstal)<\/a><br \/>\nBegr\u00fc\u00dfung Muhterem Aras MdL,<br \/>\nPrasidentin des Landtags von Baden-Wurttemberg<br \/>\nBegr\u00fc\u00dfung Sven von Ungern-Sternberg,<br \/>\nVorsitzender des Landesvereins Badische Heimat e. V.<br \/>\n2. Station Dortu-Mausoleum (Alter Wiehre Friedhof)<br \/>\nKranzniederlegung<br \/>\nSchlussworte und Danksagung Muhterem Aras MdL,<br \/>\nPrasidentin des Landtags von Baden-W\u00fcrttemberg<br \/>\nGemeinsames Lied Die Gedanken sind frei<\/p>\n<p>Treffpunkt: Ab 13:30 Uhr an den Gedenksteinen am J\u00e4gerbrunnen (GPS 47.970939, 7.851970)<\/p>\n<p>Historische Erl\u00e4uterungen Heinz Siebold,<br \/>\nJournalist und Publizist<br \/>\nMusikalische Begleitung Olaf Creutzburg<br \/>\nReine Gehzeit ca. 30 Minuten, einfaches Gelande.<br \/>\nDie Veranstaltung endet am Alten Wiehre Friedhof!<br \/>\n20.4.2023<br \/>\n.<\/p>\n<p><strong>Initiative zur Erinnerung an die Badische Revolution 1848\/49<br \/>\n<\/strong>Die Initiative zur Erinnerung an die Badische Revolution 1848\/49 pflegt seit zehn Jahren auf mannigfache Weise die Erinnerungsarbeit an diese b\u00fcrgerlich-demokratische Freiheitsbewegung. Sie sammelt Spenden und gewinnt Unterst\u00fctzer zum Erhalt der Grabmale, f\u00fchrt Schulklassen und Gruppen interessierter Erwachsener zum Grabmal von Maximilian Dortu und arrangiert Spazierg\u00e4nge auf den Spuren der badischen Revolution. Bekannt sind auch die Veranstaltungen im Regierungspr\u00e4sidum zum Struve-Prozess1849 oder im S\u00fcdwestrundfunk \u00fcber den Seidenfabrikanten und Abgeordneten Carl Mez. Das Engagement gegen das Vergessen und die rege Informationsarbeit \u00fcberweitere Pers\u00f6nlichkeiten und Ereignisse der Demokratiebewegung in Freiburg ist ein wichtiger Beitrag zur F\u00f6rderung des geschichtlichen Bewusstseins in der B\u00fcrgerschaft.<\/p>\n<p><em>Initiative zur Erinnerung an die Badische Revolution 1848\/49<\/em><br \/>\n<em>Heike Faber, Hermann Hein, Hans-Eckhard Homlicher, Walter Kr\u00f6gner, Andreas Meckel, Heinz Siebold <\/em><br \/>\n<em>c\/o Heinz Siebold,<\/em> <a href=\"mailto:hSiebold@aol.com\">hSiebold@aol.com<\/a><\/p>\n<p>Liebe Freundinnen und Freunde der Freiheitsbewegung,<br \/>\ngro\u00dfe Ehre f\u00fcr die \u201eInitiative zur Erinnerung an die Badische Revolution von 1848\/49\u201c: Am diesj\u00e4hrigen \u201eTag des Ehrenamtes\u201c ist unsere Gruppe\u00a0f\u00fcr ihr 10-j\u00e4hriges ehrenamtliches Engagement zur Erinnerung an die Wurzeln von Demokratie, Freiheit und Rechtsstaat mit einer <a title=\"Freiburg ehrt EhrenamtlerInnen\" href=\"https:\/\/www.freiburg-schwarzwald.de\/blog\/freiburg-ehrt-ehrenamtlerinnen\/\">Urkunde aus der Hand von Oberb\u00fcrgermeister Dieter Salomon ausgezeichnet<\/a> worden. Im Namen meiner Mitstreiterinnen und Mitstreiter m\u00f6chte ich mich bei euch und Ihnen allenherzlich bedanken, die ihr und Sie uns am Grabmal von Maximilian Dortu oder auf den Spazierg\u00e4ngen auf den Spuren der Badischen Revolution durch Ihr Interesse undIhre Anwesenheit, durch Anregungen oder aktives Mitwirken (besonderer Dank an Anita Morasch und Olaf Creutzburg!!) unterst\u00fctzt haben. Herzlichen Dank auch an die Mitglieder der B\u00fcrgervereine. Die Auszeichnung sehen wir als Anerkennung f\u00fcrden Versuch, Geschichte lebendig zu vermitteln und Menschen zu ermuntern, sich f\u00fcr die demokratischen Freiheiten in vielf\u00e4ltiger Weise zu engagieren.<\/p>\n<p>Nicht vergessen: Auch am 31.Juli 2014 wird es wieder einen Gedenktag f\u00fcr Maximilian Dortu, Friedrich Neff und Gebhard Kromer in der Wiehre geben. Es wird der 165. Jahrestag der Exekution sein.<br \/>\n11.12.2013, Mit erfreuten und freundlichen Gr\u00fc\u00dfen Heinz Siebold<\/p>\n<p>&nbsp;<\/p>\n<p><strong>Einzug der 1848er-Revolution\u00e4re wird am 3.10.2012 in Schopfheim nachgestellt<\/strong><\/p>\n<p>Ein &#8222;revolution\u00e4res&#8220; Vorhaben ist f\u00fcr 3. Oktober geplant: In Erinnerung an die Vork\u00e4mpfer von Freiheit und Demokratie soll der Tag der deutschen Einheit in diesem Jahr au\u00dfergew\u00f6hnlich gefeiert werden \u2013 mit einem Fest bei der Lenk-Plastik und dem Nachstellen des Einzugs der 1848er-Revolution\u00e4re in Schopfheim, angef\u00fchrt von Friedrich Hecker. Die ganze Stadt soll mitmachen! &#8222;De Hecker chunnt!&#8220; \u2013 dieser Ruf schallt am 18. April 1848 durchs Schopfheims Stra\u00dfen. Angef\u00fchrt von Friedrich Hecker marschieren rund 900 Freisch\u00e4rler von Fahrnau kommend durch die Stadt. Am 13. April waren sie in Konstanz losgezogen. Ziel der Aufst\u00e4ndischen ist die Residenzstadt Karlsruhe. Dort wollen sie die Monarchie st\u00fcrzen und aus Baden eine Republik machen. &#8230;.<br \/>\nAlles vom 4.8.2012 bitte lesen auf<br \/>\n<a href=\"https:\/\/www.badische-zeitung.de\/schopfheim\/einzug-der-1848er-revolutionaere-wird-am-3-oktober-nachgestellt\">https:\/\/www.badische-zeitung.de\/schopfheim\/einzug-der-1848er-revolutionaere-wird-am-3-oktober-nachgestellt<\/a><\/p>\n<p>&nbsp;<\/p>\n<p><strong>De Hecker chunnt &#8211; Mitmacher gesucht fuer Historienschauspiel in Schopfheim<\/strong><\/p>\n<p>Was genau ist geplant? Gefeiert wird am 3.10.2012 in Schopfheim ab 12 Uhr rund um die Lenk-Plastik. Es wird gewirtet, eine historisch gekleidete Schar wird den Einzug der Freisch\u00e4rler nachstellen, Schauspieler die Szenen wie das Treffen Heckers und Gottschalks und die Balkonrede Heckers. Moderator und Regisseur ist Heinz Siebold, der das Geschehen f\u00fcrs Publikum einordnet.<br \/>\nWie kann ich mich einbringen? Jeder kann einen Beitrag leisten, etwa schon, indem man in (m\u00f6glichst) historischer Kost\u00fcmierung erscheint \u2013 die Organisatoren sind dabei gerne behilflich. Gesucht werden aber Statisten. Etwa als Freisch\u00e4rler oder B\u00fcrger, die die Freisch\u00e4rler verk\u00f6stigen.<br \/>\nUnd wo melde ich mich? Wer als Freisch\u00e4rler im Heckerzug mitmachen m\u00f6chte, kontaktiert Wolfgang B\u00fchler (<a title=\"\" href=\"mailto:wb@jost-buehler.de\" target=\"_blank\" rel=\"noopener\">wb@jost-buehler.de<\/a>). Wer mitsingen will, meldet sich bei Klaus Feuchtmann (<a title=\"\" href=\"mailto:klaus.feuchtmann@glatt.co\" target=\"_blank\" rel=\"noopener\">klaus.feuchtmann@glatt.co<\/a>m) oder Jeannot Wei\u00dfenberger (<a title=\"\" href=\"mailto:jeannot@jeannot.de\" target=\"_blank\" rel=\"noopener\">jeannot@jeannot.de<\/a>). Wer einfach Ideen einbringen will, kontaktiert Jeannot Wei\u00dfenberger oder Andreas Gsell (<a title=\"\" href=\"mailto:farbenland-gmbh@t-online.de\" target=\"_blank\" rel=\"noopener\">farbenland-gmbh@t-online.de<\/a>).<br \/>\n5.8.2012<\/p>\n<p>&nbsp;<\/p>\n<p><strong>Auf der Scheideck zwischen Steinen und Kandern platzte Heckers Traum<\/strong><br \/>\nAuf der Scheideck zwischen Steinen und Kandern scheiterte der Aufstand f\u00fcr Demokratie und Freiheit im Fr\u00fchjahr 1848. &#8230;. Alles von Heinz Siebold vom 10.8.2012 bitte lesen auf<br \/>\n<a href=\"https:\/\/www.badische-zeitung.de\/suedwest-1\/orte-die-geschichte-schrieben-auf-der-scheideck-platzte-heckers-traum--63049515.html\">https:\/\/www.badische-zeitung.de\/suedwest-1\/orte-die-geschichte-schrieben-auf-der-scheideck-platzte-heckers-traum&#8211;63049515.html<\/a><\/p>\n<p><strong>Heckerzug\u00a0 &#8211; Der Weg der Revolution\u00e4re von Kandern zur Scheideck<br \/>\n<\/strong>In Kandern vom Marktplatz die Hauptstra\u00dfe Richtung Steinen \u00fcber die &#8222;Hundstallbr\u00fccke&#8220;, dem Schauplatz des Wortwechsels zwischen General Friedrich von Gagern und Friedrich Hecker. Weiter geht es rechts in den Sauweg (Markierung: blauer Punkt) bis &#8222;Roter Rain&#8220;, dem Kiesweg folgend bis zur Abzweigung &#8222;Werksiedlung St. Christoph&#8220; und am Ende der befestigten Stra\u00dfe in die &#8222;Alte Scheideckstra\u00dfe&#8220;. Diese endet nach vier Kilometern auf dem &#8222;Waldparkplatz Scheideck&#8220;. Tipp: Weiter nach Endenburg-Kirchhofen zum sehenswerten Bauernhofmuseum &#8222;Schneider-Hof&#8220;.<br \/>\nMehr zum Heckerzug: <a title=\"\" href=\"https:\/\/www.landeskunde-baden-wuerttemberg.de\/5242.html\" target=\"_blank\" rel=\"noopener\"><span style=\"color: #0000ff;\">https:\/\/www.landeskunde-baden-wuerttemberg.de<\/span><\/a><\/p>\n<p>&nbsp;<\/p>\n<p>&nbsp;<\/p>\n<p align=\"left\"><strong>Ostern 1848 &#8211; Die Badische Revolution scheitert vor Freiburg<\/strong><\/p>\n<p>Freiburg ist von 6000 Soldaten des Gro\u00dfherzogs von Baden und seinen f\u00fcrstlichen Verb\u00fcndeten aus Hessen und W\u00fcrttemberg belagert.\u00a0In der Stadt haben sich 1500 Freisch\u00e4rler verbarrikadiert, die auf die Unterst\u00fctzung\u00a0ihres Anf\u00fchrers Friedrich Hecker hoffen, der am 13. April 1848 von Konstanz aus\u00a0mit einem bewaffneten Aufstand den Sturz des Feudalismus und die Errichtung\u00a0einer demokratischen Republik begonnen hat. An Gr\u00fcndonnerstag vor Ostern wird\u00a0der \u201eHeckerzug&#8220; auf der Scheideck bei Kandern von badisch-gro\u00dfherzoglichen Truppen mit Waffengewalt aufgel\u00f6st. Am Ostersonntag, den 23. April 1848 kommt die von Franz Sigel kommandierte Kolonne des Heckerzuges \u00fcber Horben nach G\u00fcnterstal, wo sie von\u00a0Regierungstruppen unter Beschuss genommen wird. In dem Gefecht am Sternwaldeck sterben 20 Freisch\u00e4rler und drei Soldaten. Die Freisch\u00e4rler ziehen\u00a0sich nach G\u00fcnterstal, sp\u00e4ter nach Horben zur\u00fcck.\u00a0Am\u00a0Ostermontag 24. April 1848 versucht Franz Sigel mit den noch verbliebenen400 Freisch\u00e4rlern, die Stadt Freiburg zu erreichen. Die Freisch\u00e4rler werden am\u00a0Schwabentor von den Belagerern unter Beschuss genommen, nur wenige kommen\u00a0in die Stadt, die meisten Aufst\u00e4ndischen fliehen. Die gro\u00dfherzoglichen Truppen\u00a0nehmen Freiburg unter Kanonenbeschuss und st\u00fcrmen die Stadt, viele Freisch\u00e4rler\u00a0aus Freiburg und dem Umland finden den Tod oder werden gefangen genommen.\u00a0Der \u201eHeckerzug&#8220; ist endg\u00fcltig gescheitert, die erste Runde der \u201eBadischen Revolution&#8220; ist verloren.<\/p>\n<p align=\"left\"><strong>Friedrich Hecker (28.9.1811 &#8211; 24.3.1881)<br \/>\n<\/strong>Der Mannheimer Rechtsanwalt, Sohn eines Rentamtmanns in Eichterdingen (Kraichgau), wird als Abgeordneter der 2. Kammer des badischen Parlamentes zum Idol der radikalen Demokraten. Seine Reden im Parlament und auf Volksversammlungen werden in alle Winkel des Landes getragen. Zusammen mit Gustav Struve und anderen radikalen Demokraten gr\u00fcndet er die \u201eVolksvereine&#8220;,\u00a0die f\u00fcr die Abschaffung der feudalen Erbmonarchien, f\u00fcr Pressefreiheit, Rechtsstaat und soziale Gerechtigkeit k\u00e4mpfen. Nach der Februarrevolution 1848 in Frankreich glaubten die radikalen Demokraten an eine m\u00f6gliche Revolution in den deutschen F\u00fcrstent\u00fcmern, doch die Bem\u00fchungen ein gesamtdeutsches Parlament, freie Wahlen und eine parlamentarische Demokratie durchzusetzen, kamen nicht voran. Hecker und die badischen \u201eVolksvereine&#8220; wollten mit einem bewaffneten Zug von Konstanz nach Karlsruhedie gro\u00dfherzogliche Regierung st\u00fcrzen. Am Gr\u00fcndonnerstag vor Ostern 1848\u00a0wurde die von Hecker gef\u00fchrte Hauptkolonne auf der Scheideck bei Kandern von\u00a0regierungstreuem Milit\u00e4r in einem kurzen Gefecht besiegt, der Revolutionsf\u00fchrer\u00a0musste in die Schweiz fliehen.\u00a0Hecker wanderte aus Entt\u00e4uschung \u00fcber die misslungene Revolution am 20.\u00a0September 1848 nach Amerika aus. In New York wurde er bei seiner Ankunft von\u00a020.000 jubelnden Menschen empfangen. Im amerikanischen Sezessionskrieg k\u00e4mpfte Hecker 1861 als Oberst auf Seiten der Nordstaaten. Der fr\u00fchere\u00a0Revolutionsf\u00fchrer z\u00fcchtete auf seiner Farm unter anderem Reben, die sp\u00e4ter in\u00a0Baden als &#8222;Amerikaner&#8220; angepflanzt wurden.<\/p>\n<p align=\"left\"><strong>Gustav Struve (11.10.1805 &#8211; 21.8.1870)<\/strong><br \/>\nDer in M\u00fcnchen als Sohn eines Diplomaten in russischen Diensten geborene Advokat und Journalist war mit Friedrich Hecker Initiator und Organisator der ersten Volkserhebung 1848. Der Theoretiker der Revolution preschte mit der Vorhut des Sigel-Zuges an Ostern 1848 voreilig von Horben nach Freiburg vor. Struve floh nach dem gescheiterten April-Aufstand von 1848 in die Schweiz und arbeitet f\u00fcr einen neuen Aufstand. Am 21. September 1848 rief er in L\u00f6rrach die deutsche Republik aus und sammelte &#8211; diesmal mit mehr administrativem Druck als revolution\u00e4rer \u00dcberzeugungsarbeit &#8211; eine Truppe aus B\u00fcrgerwehren und Freisch\u00e4rlern. Auch die zweite &#8222;Schilderhebung&#8220; scheiterte bereits nach vier Tagen. Struves eilig zusammengetrommelte Truppe &#8211; etwa 2000 Mann &#8211; kam auf ihrem Marsch \u00fcber das Markgr\u00e4flerland nur bis Staufen. Am 24. September 1848 zerschlug ein Korps unter Leitung von Kriegsminister Hoffmann, assistiert von General von Gayling die schlecht motivierte Armee der Aufst\u00e4ndischen. Struve wurde (wie auch seine Frau Amalie) verhaftet und im ersten badischen\u00a0 Schwurgerichtsprozess zu Festungshaft verurteilt. Im neuerlichen Aufstand von 1849 wurde er aus dem Gef\u00e4ngnis in Bruchsal befreit, nach erneuter Niederlage ging er ins Exil nach Amerika, kam im Zuge einer Amnestie 1863 nach Deutschland zur\u00fcck, spielte aber politisch keine herausragende Rolle mehr.<\/p>\n<p align=\"left\"><strong>Franz Sigel (18.11.1824 &#8211; 21.8.1902)<\/strong><br \/>\nDer in Sinsheim geborene Sohn eines katholischen Oberamtmannes war bis 1847 Artillerieleutnant der gro\u00dfherzoglichen Armee und quittierte aus politischen Gr\u00fcnden den Dienst. Sigel stellte als milit\u00e4rischer Berater das\u00a0 Mannheimer\u00a0 Hansenkorps auf und kommandierte 1848 die Konstanzer B\u00fcrgerwehr. Trotz erheblicher Zweifel an dem Gelingen des Unternehmens stellt er sich im April 1848 dem bewaffneten Aufstand Heckers als Unterf\u00fchrer zur Verf\u00fcgung. Er schaffte es, eine Truppe von 4000 Mann vom Bodensee nach Todtnau zu f\u00fchren und wollte nach Heckers Niederlage auf der Scheideck mit seinen M\u00e4nnern Freiburg erreichen. 1849 wurde er Oberbefehlshaber der badischen Revolutionsarmee, floh danach in die USA und wurde in der Nordstaatenarmee Generalmajor.<\/p>\n<p align=\"left\"><strong>Georg von Langsdorff (15.7.1822 &#8211; 26.12.1921)<\/strong><br \/>\nDer Medizinstudent und Turner stammte aus einer ber\u00fchmten Familie, sein Vater war der Weltumsegler, Arzt und Naturwissenschaftler Georg Heinrich von Langsdorff. Georg von Langsdorff gr\u00fcndete die Freiburger Turnerschaft von 1844 und wurde vor Ostern 1848 von den Freiburger Revolution\u00e4ren zu ihrem Anf\u00fchrer gew\u00e4hlt. Weil er vom M\u00fcnsterturm aus mit einem Fernrohr nach dem \u201eHeckerzug&#8220; Ausschau hielt, bekam er den Spitznamen \u201eM\u00fcnstergeneral&#8220;. Nach der\u00a0gescheiterten Revolution wanderte Langsdorff nach Amerika aus und lie\u00df sich\u00a0 als Zahnmediziner ausbilden. 1860 kam er nach einer Amnestie nach Baden zur\u00fcck, zun\u00e4chst nach Mannheim, dann nach Freiburg und lie\u00df sich als erster ausgebildeter Zahnarzt nieder. Der Pionier der Zahnheilkunde &#8211; er begann als einer der ersten mitWurzelbehandlungen und Plomben\u00a0&#8211; wurde Anh\u00e4nger spiritistischer Theorien underforschte alternative Heilmethoden wie den Magnetismus. In seinen letzten\u00a0Lebensjahren lebte er im Evangelischen Stift, das der Mann seiner Cousine, der\u00a0sozial eingestellte Fabrikant Carl Mez gegr\u00fcndet hatte.<\/p>\n<p align=\"left\"><strong>Karl von Rotteck junior (26.12.1806 &#8211; 1898)<\/strong><br \/>\nDer Sohn des weltber\u00fchmten Staatsrechtlers Karl von Rotteck und seiner Frau Katharina Mors war neben Langsdorff der politische Kopf der Freiburger radikalen Demokraten. Der Jurist war Schriftf\u00fchrer des Freiburger Turnvereins und Sekret\u00e4r der \u201eB\u00fcrgerlichen Lesegesellschaft&#8220; (sp\u00e4ter \u201eHarmonie&#8220;). Karl von Rotteck\u00a0warRedner auf der Volksversammlung am 26. M\u00e4rz 1848 auf dem Freiburger\u00a0M\u00fcnsterplatz vor 25 000 Teilnehmern. Weil er Ostern 1848\u00a0 \u00fcr den Abbruch des\u00a0Freischarzuges war, wurde er als Anf\u00fchrer abgew\u00e4hlt.\u00a0Nach der gescheiterten Revolution 1849 wurde Karl von Rotteck mit seiner Familie\u00a0aus Freiburg in das amerikanische Exil vertrieben, sein Verm\u00f6gen wurde\u00a0beschlagnahmt. Er arbeitete f\u00fcr deutschsprachige Zeitungen und unterst\u00fctzte die\u00a0republikanische Partei von Abraham Lincoln. Ohne Freiburg wiedergesehen zu\u00a0haben, starb Karl von Rotteck mit Anfang 1898 auf seiner Farm in Woodstock bei\u00a0St. Louis.<\/p>\n<p align=\"left\"><strong>Was wollten die \u201e48er Revolution\u00e4re&#8220; in Freiburg?<\/strong><br \/>\nNach der franz\u00f6sischen Februarrevolution 1848 glaubten die radikalen Demokraten im Gro\u00dfherzogtum Baden um Friedrich Hecker und Gustav Struve, der Zeitpunkt sei kommen, um die Monarchien in den deutschen L\u00e4ndern zu st\u00fcrzen. Mit einer \u201eSchilderhebung&#8220; sollten die badischen \u201eVolksvereine&#8220; eine Massenerhebung ausl\u00f6sen und den Gro\u00dfherzog zum Abdanken zwingen. Freiburg sollte auf dem Weg von Konstanz zur Residenz nach Karlsruhe die wichtigste Zwischenstation sein. Deshalb versammelten sich zu Ostern 1848 die Freiheitsk\u00e4mpfer aus dem Breisgau und vom Kaiserstuhl in Freiburg, um ihren Anf\u00fchrer Friedrich Hecker zu empfangen. Der schlecht vorbereitete und unzul\u00e4nglich gef\u00fchrte \u201eHeckerzug&#8220; verfehlte seine Wirkung. Die Mehrheit des B\u00fcrgertums z\u00f6gerte, die Liberalen schwankten zwischen der Forderung nach einer Republik und einer \u201ekonstitutionellen Monarchie&#8220;. Die erste deutsche Nationalversammlung in Frankfurt (\u201ePaulskirche&#8220;) konnte ihren Verfassungsentwurf nicht in die Tat umsetzen. Die Monarchien erwiesen sich als st\u00e4rker und unter Preu\u00dfens F\u00fchrung wurde 1849 der demokratische Revolutionsversuch niedergeschlagen. Das deutsche Reich wurde 1871 im Spiegelsaal von Versailles nach dem Krieg gegen Frankreich unter Preu\u00dfens F\u00fchrung gegr\u00fcndet. Die Freiheits- und Menschenrechte der \u201e48er&#8220; wurden erst nach dem Ersten Weltkriegdurch die Verfassung von Weimar kurzzeitig politische Realit\u00e4t und fanden 1949 nach einem neuerlichen Weltkrieg Eingang in das Grundgesetz der Bundesrepublik Deutschland.<\/p>\n<p>Die \u201eInitiative zur Erinnerung an die Badische Revolution&#8220; will die Verdienste der Demokratiebewegung des 19. Jahrhunderts im \u00f6ffentlichen Ged\u00e4chtnis lebendig halten. \u201eFreiheit und Menschenrechte sind nicht vom Himmel gefallen, mussten blutig erk\u00e4mpft werden und die Deutschen haben sie leider in einer Revolution selber nie erk\u00e4mpft, obwohl es immer wieder mutige M\u00e4nner und Frauen gab, die daf\u00fcr ihr Leben gelassen haben.&#8220; &#8211; Oberb\u00fcrgermeister Dr. Dieter Salomon am 31.7.2004 auf derGedenkfeier f\u00fcr den 1849 in Freiburg erschossenen Freiheitsk\u00e4mpfer Maximilian Dortu.<\/p>\n<p>Initiative zur Erinnerung an die Badische Revolution von 1848\/49<br \/>\nHeinz Siebold, Stechertweg 7, 79104 Freiburg, <a href=\"mailto:hsiebold@aol.com\">hsiebold@aol.com<\/a><\/p>\n","protected":false},"excerpt":{"rendered":"<p>Home &gt;Regio &gt;Heimat &gt;Hecker \u00a0Friedrich Hecker &#8211; Badischer 1848er Revolution\u00e4r Listenauswahl eines Beitrags (Artikel\/Datum, Seite\/Inhalt):\u00a0Klicken\u00a0oder scrollen Dortu 2026: Wunsch und Vision\u00a0(6.8.2025 Meinungsfreiheit heute \u2013 Dortu\u00a0(1.8.2025) Auf dem historischen Weg &#8211; 175 Jahre Badische Revolution (20.4.2023) 175 Jahre Badische Revolution 1848 &hellip; <a href=\"https:\/\/www.freiburg-schwarzwald.de\/blog\/regio\/heimat\/hecker\/\">Weiterlesen <span class=\"meta-nav\">&rarr;<\/span><\/a><\/p>\n","protected":false},"author":4,"featured_media":0,"parent":1681,"menu_order":0,"comment_status":"closed","ping_status":"closed","template":"","meta":{"footnotes":""},"class_list":["post-8595","page","type-page","status-publish","hentry"],"_links":{"self":[{"href":"https:\/\/www.freiburg-schwarzwald.de\/blog\/wp-json\/wp\/v2\/pages\/8595","targetHints":{"allow":["GET"]}}],"collection":[{"href":"https:\/\/www.freiburg-schwarzwald.de\/blog\/wp-json\/wp\/v2\/pages"}],"about":[{"href":"https:\/\/www.freiburg-schwarzwald.de\/blog\/wp-json\/wp\/v2\/types\/page"}],"author":[{"embeddable":true,"href":"https:\/\/www.freiburg-schwarzwald.de\/blog\/wp-json\/wp\/v2\/users\/4"}],"replies":[{"embeddable":true,"href":"https:\/\/www.freiburg-schwarzwald.de\/blog\/wp-json\/wp\/v2\/comments?post=8595"}],"version-history":[{"count":6,"href":"https:\/\/www.freiburg-schwarzwald.de\/blog\/wp-json\/wp\/v2\/pages\/8595\/revisions"}],"predecessor-version":[{"id":137477,"href":"https:\/\/www.freiburg-schwarzwald.de\/blog\/wp-json\/wp\/v2\/pages\/8595\/revisions\/137477"}],"up":[{"embeddable":true,"href":"https:\/\/www.freiburg-schwarzwald.de\/blog\/wp-json\/wp\/v2\/pages\/1681"}],"wp:attachment":[{"href":"https:\/\/www.freiburg-schwarzwald.de\/blog\/wp-json\/wp\/v2\/media?parent=8595"}],"curies":[{"name":"wp","href":"https:\/\/api.w.org\/{rel}","templated":true}]}}