{"id":84578,"date":"2020-11-10T08:05:07","date_gmt":"2020-11-10T07:05:07","guid":{"rendered":"https:\/\/www.freiburg-schwarzwald.de\/blog\/?page_id=84578"},"modified":"2021-04-07T14:49:57","modified_gmt":"2021-04-07T12:49:57","slug":"leipzig-querdenken7-11-2020","status":"publish","type":"page","link":"https:\/\/www.freiburg-schwarzwald.de\/blog\/engagement\/zukunft\/demokratie\/leipzig-querdenken7-11-2020\/","title":{"rendered":"Leipzig-Querdenken7-11-2020"},"content":{"rendered":"<p>d<\/p>\n<div id=\"attachment_69747\" style=\"width: 650px\" class=\"wp-caption alignnone\"><a href=\"https:\/\/www.freiburg-schwarzwald.de\/blog\/wp-content\/uploads\/2018\/12\/Maulwurf-dreisam-pan181220.jpg\"><img loading=\"lazy\" decoding=\"async\" aria-describedby=\"caption-attachment-69747\" class=\"size-full wp-image-69747\" src=\"https:\/\/www.freiburg-schwarzwald.de\/blog\/wp-content\/uploads\/2018\/12\/Maulwurf-dreisam-pan181220.jpg\" alt=\"\" width=\"640\" height=\"332\" srcset=\"https:\/\/www.freiburg-schwarzwald.de\/blog\/wp-content\/uploads\/2018\/12\/Maulwurf-dreisam-pan181220.jpg 640w, https:\/\/www.freiburg-schwarzwald.de\/blog\/wp-content\/uploads\/2018\/12\/Maulwurf-dreisam-pan181220-180x93.jpg 180w\" sizes=\"auto, (max-width: 640px) 100vw, 640px\" \/><\/a><p id=\"caption-attachment-69747\" class=\"wp-caption-text\">Die Wirklichkeit ist ein ewiger und ehrlicher Maulwurf &#8211; Gerd Held: &#8222;Etwas geht zu Ende in Deutschland&#8220;<\/p><\/div>\n<ul>\n<li><a href=\"https:\/\/www.freiburg-schwarzwald.de\/blog\/journos-helfen-journos-appell\/\">Journalisten helfen Journalisten \u2013 Appell<\/a>\u00a0(7.4.2021)<\/li>\n<li><a href=\"https:\/\/www.freiburg-schwarzwald.de\/blog\/medien-contra-corona-demos\/\">Medien contra Corona-Demos<\/a>\u00a0(21.3.2021)<\/li>\n<li>So dreist l\u00fcgen ARD &amp; ZDF \u00fcber Leipzig (10.11.2020)<\/li>\n<li>Demo in Leipzig gegen Corona-Ma\u00dfnahmen \u2013 Medien und Wirklichkeit (8.11.2020)<\/li>\n<li><a href=\"https:\/\/www.freiburg-schwarzwald.de\/blog\/leipzig-7-11-20-friedliche-demo\/\">Leipzig7-11-20 friedliche Demo<\/a> (7.11.2020)<\/li>\n<li>Anwaltsdienst: Keine Festnahmen, da friedlich (7.11.2020)<\/li>\n<\/ul>\n<ul>\n<li><a title=\"Corona-Grundrechte\" href=\"https:\/\/www.freiburg-schwarzwald.de\/blog\/business\/gesund\/corona-virus\/corona-grundrechte\/\">Corona-Grundrechte<\/a><\/li>\n<li><a title=\"Political-Correctness\" href=\"https:\/\/www.freiburg-schwarzwald.de\/blog\/kultur\/medien\/political-correctness\/\">PC \u2013 Political Correctness \u2013 Politische Korrektheit<\/a><\/li>\n<li><a title=\"Debatte\" href=\"https:\/\/www.freiburg-schwarzwald.de\/blog\/engagement\/zukunft\/demokratie\/debatte\/\">Debatte<\/a><\/li>\n<li><a title=\"Demokratie\" href=\"https:\/\/www.freiburg-schwarzwald.de\/blog\/engagement\/zukunft\/demokratie\/\">Demokratie<\/a><\/li>\n<li><a title=\"Denunziation\" href=\"https:\/\/www.freiburg-schwarzwald.de\/blog\/engagement\/zukunft\/demokratie\/69724-2\/\">Denunziation<\/a><\/li>\n<li><a title=\"Dresden\" href=\"https:\/\/www.freiburg-schwarzwald.de\/blog\/global\/deutschland\/dresden\/\">Dresden<\/a><\/li>\n<li><a title=\"Einsch\u00fcchterung\" href=\"https:\/\/www.freiburg-schwarzwald.de\/blog\/kultur\/medien\/einschuechterung\/\">Einsch\u00fcchterung<\/a><\/li>\n<li><a title=\"Freie-Medien\" href=\"https:\/\/www.freiburg-schwarzwald.de\/blog\/kultur\/medien\/freie-medien\/\">Freie-Medien<\/a><\/li>\n<li><a title=\"Freiheit\" href=\"https:\/\/www.freiburg-schwarzwald.de\/blog\/engagement\/zukunft\/demokratie\/freiheit\/\">Freiheit<\/a><\/li>\n<li><a title=\"Gesinnungsdiktatur\" href=\"https:\/\/www.freiburg-schwarzwald.de\/blog\/kultur\/medien\/gesinnungsdiktatur\/\">Gesinnungsdiktatur<\/a><\/li>\n<li><a title=\"Konformismus\" href=\"https:\/\/www.freiburg-schwarzwald.de\/blog\/kultur\/medien\/political-correctness\/konformismus\/\">Konformismus<\/a><\/li>\n<li><a title=\"Luegenpresse\" href=\"https:\/\/www.freiburg-schwarzwald.de\/blog\/kultur\/medien\/luegenpresse\/\">L\u00fcgenpresse<\/a><\/li>\n<li><a title=\"Diskussionskultur\" href=\"https:\/\/www.freiburg-schwarzwald.de\/blog\/kultur\/medien\/diskussionskultur\/\">Diskussionskultur<\/a><\/li>\n<li><a title=\"Medienvielfalt\" href=\"https:\/\/www.freiburg-schwarzwald.de\/blog\/kultur\/medien\/medienvielfalt\/\">Medienvielfalt<\/a><\/li>\n<li><a title=\"Moral2015\" href=\"https:\/\/www.freiburg-schwarzwald.de\/blog\/global\/deutschland\/moral2015\/\">Moral2015<\/a><\/li>\n<li><a title=\"Repression\" href=\"https:\/\/www.freiburg-schwarzwald.de\/blog\/engagement\/zukunft\/demokratie\/repression\/\">Repression<\/a><\/li>\n<li><a title=\"Zensur\" href=\"https:\/\/www.freiburg-schwarzwald.de\/blog\/kultur\/medien\/zensur\/\">Zensur<\/a><\/li>\n<\/ul>\n<p>&nbsp;<\/p>\n<p><strong>So dreist l\u00fcgen ARD &amp; ZDF \u00fcber Leipzig<\/strong><br \/>\nG\u00e4be es f\u00fcr Agitation und Propaganda eine nach oben offene Richterskala wie f\u00fcr Erdbeben, dann w\u00e4ren ARD und ZDF heute sicher auf f\u00fcnf oder sechs Punkte gekommen. Ich bin normalerweise sehr vorsichtig mit solchen Urteilen. Aber als jemand, der in Leipzig die Demos vor Ort erlebt und dokumentiert hat, tut man sich schwer, k\u00fchl zu bleiben und freundliche Worte zu w\u00e4hlen, wenn man im Fernsehen eine Pervertierung dessen sieht, was dort geschah. Umso mehr, wenn man das auch noch zwangsweise bezahlen muss.<br \/>\n&#8230;<br \/>\nJetzt kommentierte Becker vor Millionen Zuschauern in den Tagesthemen die Leipziger Demo auf eine Weise<br \/>\n<a href=\"https:\/\/twitter.com\/tagesthemen\/status\/1325900936800313351\">https:\/\/twitter.com\/tagesthemen\/status\/1325900936800313351<\/a><br \/>\n, die man nur mit Fremdsch\u00e4men quittieren kann. \u201eDass das Oberverwaltungsgericht Bautzen Tausenden Corona-Kritikern in der Leipziger Innenstadt erlaubt hat, ihren Zorn auszuleben, ist nicht nur unverst\u00e4ndlich, es ist skandal\u00f6s.\u201c Was f\u00fcr eine dreiste L\u00fcge! Wo bitte haben Tausende Zorn ausgelebt? <em><strong>Ich habe sechs Stunden von der Kundgebung gestreamt, Zorn gab es nur in einer Szene durch Provokateure und von Gegendemonstranten.<\/strong> <strong>Ansonsten war die Atmosph\u00e4re friedlich und freundlich (anzusehen hier):<\/strong><\/em><br \/>\nLivestream von der Querdenken-Demo am 7.11.2020 von Boris Reitschuster:<br \/>\nLive aus Leipzig. Ohne Framing. Ohne ideologische Brille.<br \/>\n<a href=\"https:\/\/www.youtube.com\/watch?v=vw6UIiU54-0&amp;feature=youtu.be\">https:\/\/www.youtube.com\/watch?v=vw6UIiU54-0&amp;feature=youtu.be<\/a><br \/>\n&#8230;<br \/>\nIn der gleichen Liga wie die Tagesthemen spielte auch das ZDF-Morgenmagazin (und andere Sendungen vielleicht auch, aber mehr konnte ich mir nicht antun). Der Bericht im Mittagsmagazin wirkte wie aus dem Propaganda-Lehrbuch (anzusehen hier ab Minute 11.00).<br \/>\n<a href=\"https:\/\/www.zdf.de\/nachrichten\/zdf-mittagsmagazin\/zdf-mittagsmagazin-vom-9-november-2020-100.html\">https:\/\/www.zdf.de\/nachrichten\/zdf-mittagsmagazin\/zdf-mittagsmagazin-vom-9-november-2020-100.html<\/a><br \/>\nDie Anmoderation: \u201eNach dem Chaos und den Ausschreitungen am Samstag bei Protesten von Corona-Leugnern und Rechtsextremen fordert Sachsens Linke den R\u00fccktritt von CDU-Landesinnenminister W\u00f6ller. Tausende hatten ohne Maske demonstriert und das, w\u00e4hrend deutschlandweit die Infektionszahlen steigen.\u201c Wie dreist! Kritiker der Corona-Ma\u00dfnahmen als Leugner des Virus zu bezeichnen, ist schlicht L\u00fcge. Ja Hetze.<br \/>\n&#8230;<br \/>\nInteressant ist, dass die massiven Gewalttaten der linken Szene in Leipzig am gleichen Tag entweder kaum Aufmerksamkeit in den Medien bekamen \u2013 oder teilweise tats\u00e4chlich so pr\u00e4sentiert wurden, als seien sie der Corona-Demo zuzuordnen, wie hier bei Focus-Online:<br \/>\n&#8230; Alles vom 10.11.2020 bitte lesen auf<br \/>\n<a href=\"https:\/\/www.reitschuster.de\/post\/so-dreist-luegen-die-oeffentliche-rechtlichen-ueber-leipzig\/\">https:\/\/www.reitschuster.de\/post\/so-dreist-luegen-die-oeffentliche-rechtlichen-ueber-leipzig\/<\/a><br \/>\n.<br \/>\nKommentare:<br \/>\n<strong>Die Frage (Demo unbedingt jetzt abhalten statt verschieben?) ist berechtigt,<\/strong><br \/>\nl\u00e4sst sich aber einfach beantworten: Ja. W\u00fcrde es bei den Demonstrationen um etwas Aufschiebbares gehen wie z.B. mehr Bio-Landwirtschaft, Black Lives Matter oder CO2-Neutralit\u00e4t, k\u00f6nnte man diskutieren, ob man das nicht besser um ein paar Monate verschiebt, wobei es sich da mittlerweile auch bereits um 8 Monate handelt, l\u00e4nger als jede bekannte Pandemie und bisher ohne Ende in Sicht. Bei den Demos gegen die Corona-Ma\u00dfnahmen geht es aber um ein ganz akutes Problem was sofort angesprochen werden muss, u.a. eine v\u00f6llig au\u00dfer Kontrolle geratene Politik, die aufgrund blo\u00dfer Angst und veralteter Daten ma\u00dflose Regelungen erl\u00e4sst und sich dabei \u00fcber diverse rechtsstaatliche und wissenschaftliche Grundprinzipien hinwegsetzt. Abgesehen davon gibt es ausf\u00fchrliche Risikosnalysen, die zeigen, dass von Demonstrationen unter freiem Himmel praktisch keine Infektionsgefahr ausgeht. In Deutschland gab es jetzt mehrere Gro\u00dfdemos, u.a. Black Lives Matter im Juni als auch mehrere gro\u00dfe Corona-Demos, u.a. in Stuttgart und Berlin. Bei keiner einzigen davon konnte ein Ausbruch, &#8222;Superspreading&#8220;, eine Erh\u00f6hung der Infektionszahlen oder \u00e4hnliches festgestellt werden, wodurch man sagen kann, dass Demonstrationen, selbst mit zu wenig Abstand und\/oder ohne Masken f\u00fcr Infektionen absolut irrelevant sind und es keinen rationalen Grund gibt, diese einzuschr\u00e4nken.<br \/>\n10.11.2020, Leo, REO (REitschuster Online)<br \/>\n.<br \/>\n<strong>Das ist bewusstes L\u00fcgen<\/strong><br \/>\nIch finde, so langsam sollte es f\u00fcr solche Berichterstattungen Strafanzeigen wegen Verleumdung und Verbreitung unwahrer Tatsachen hageln. Ich bin schon fast an dem Punkt, das zu tun, weil ich in Leipzig selbst sehr lange dabei war und mich durch diese Berichterstattungen nicht mehr nur gekr\u00e4nkt f\u00fchle. Das ist bewusstes L\u00fcgen und Verbreiten von Fake-News!<br \/>\n10.11.2020, Tob, ReO<br \/>\nEnde der Kommentare<br \/>\n.<br \/>\n.<br \/>\n<strong>Demo in Leipzig gegen Corona-Ma\u00dfnahmen \u2013 Medien und Wirklichkeit<\/strong><br \/>\n<strong>So gut wie nichts wahr<\/strong><br \/>\nWieder klaffen die Berichterstattung in den klassischen Medien, die darauf abgestellten politischen Reaktionen und die erlebte Wirklichkeit weit auseinander. Wieviele Leipzigs gibt es denn in Deutschland &#8211; eines oder zwei?<br \/>\n.<br \/>\nZwischen Querdenkerdemo in Leipzig und Randale in Connewitz liegen etliche Stunden und Kilometer. Aber Focus-Online berichtet unter der vollkommen irref\u00fchrenden Headline: \u201eErst eskaliert Querdenker-Demo, dann brennt Connewitz.\u201c <em><strong>Wie lange soll das eigentlich noch so weiter gehen, dieses Auseinanderklaffen von erlebter und beschriebener Realit\u00e4t?<\/strong><\/em> Wer jemanden aus Leipzig kennt, mit ihm telefoniert, der hat gute Chancen, mit jemandem zu sprechen, der am vergangenen Samstag auf irgendeine Weise Teilnehmer der Querdenker-Demonstration gegen die Corona-Ma\u00dfnahmen der Bundesregierung war oder Teilnehmer einer der vielen anderen ebenfalls genehmigten Demonstrationen. Folgt man den Medien dann wiederholte sich der \u201eSturm auf den Reichstag\u201c, den es so wie von Medien hochgeschrieben und von der Politik zelebriert auch nicht gegeben hat. Man kann, und das ist bei jeder Demonstration so, \u00fcber Sinn und Zweck streiten, denn das ist Sinn und Zweck jeder Demonstration: Die Darstellung abweichender Meinung. <em><strong>Aber was nicht geht: Die Zahlen klein reden, die Teilnehmer kriminalisieren und diskreditieren. Medien verlieren damit ihre Glaubw\u00fcrdigkeit und Politik ihre Legitimierung.<\/strong><\/em><br \/>\n.<br \/>\nWenn Anna-Lena Baerbock hier den Einsatz von Wasserwerfern fordert, dann ist das ein Skandal; Kinder und gesundheitlich schw\u00e4chere Personen k\u00f6nnen dabei get\u00f6tet werden. Offensichtlich sind die Gr\u00fcnen die neuen Scharfmacher gegen die B\u00fcrger \u2013 und viele davon haben fr\u00fcher die Gr\u00fcnen gew\u00e4hlt.<br \/>\nLeipzig hat etwas mehr als eine halbe Million Einwohner. An besagtem Tag waren auch viele Leute von au\u00dferhalb zu Gast in Leipzig. Und es liegt im Bereich des Wahrscheinlichen, dass an diesem Tag eine sechsstellige Zahl von B\u00fcrgern gro\u00dfteils ihren Unmut auf die Stra\u00dfe getragen hat.<br \/>\n&#8230;<br \/>\nUnd auch wenn man es immer wiederholen m\u00fcsste: Diejenigen, die nicht nur in den Redaktionsstuben hockend nachberichten, was andere vorgeben, die also vor Ort waren, berichten es einhellig: In Leipzig waren erstaunlich viele Paare und viele Frauen unterwegs, die Kerzen in den H\u00e4nden hielten, als ginge es im benachbarten Dresden darum, der Bombenopfer zu gedenken, wo der Dresdner schon traditionell einmal im Jahr mit einer Gedenkkerze der Frauenkirche unterwegs ist.<br \/>\nSo kitschig das manch rotgr\u00fcner Machtpolitiker heute finden mag, aber die Leipziger und ihre G\u00e4ste, die extra an diesem Tag von nah und fern angereist sind, erinnern mit ihrer Anwesenheit auf dem kilometerlangen Ring in Leipzig auch an ihre Herkunft, die Herkunft ihrer unbedingt freiheitlichen Lebenseinstellung, friedlich erk\u00e4mpft im Herbst 1989. Aber selbst das war nicht die wesentliche Motivation. Hier spazierte der deutsche Mittelstand durch Leipzig.<br \/>\n&#8230; Alles vom 9.11.2020 von Alexander Wallasch bitte lesen auf<br \/>\n<a href=\"https:\/\/www.tichyseinblick.de\/kolumnen\/alexander-wallasch-heute\/demo-in-leipzig-gegen-corona-massnahmen-eine-nachbetrachtung\/\">https:\/\/www.tichyseinblick.de\/kolumnen\/alexander-wallasch-heute\/demo-in-leipzig-gegen-corona-massnahmen-eine-nachbetrachtung\/<\/a><\/p>\n<p>.<\/p>\n<p><strong>Anwaltsdienst: Keine Festnahmen, da friedlich<\/strong><br \/>\nRechtsanwalt und Strafverteidiger Frank Hannig aus Dresden hatte auf der Demonstration in Leipzig vom 07.11.2020 \u201cAnwaltsdienst\u201d d.h. er war mit einem Bereitschaftsteam zust\u00e4ndig f\u00fcr die anwaltliche Vertretung der Demonstrationsteilnehmer, falls es zu Auseinandersetzungen von der einen oder anderen Seite der Demonstration gekommen w\u00e4re. Hier sein Bericht \u00fcber die Demonstration in Leipzig vom 07.11.2020 und sein Resumee \u00fcber die Berichterstattung und Manipulation in den deutschen Leitmedien.<br \/>\n<a href=\"https:\/\/youtu.be\/_nqtGeOYLoo\">https:\/\/youtu.be\/_nqtGeOYLoo<\/a><br \/>\n<a href=\"https:\/\/hannig-rechtsanwaelte.de\/\">https:\/\/hannig-rechtsanwaelte.de\/<\/a><br \/>\n<a href=\"https:\/\/nichtohneuns-freiburg.de\/wp-content\/uploads\/2020\/11\/Frieden-und-Freiheit.mp4#t=1\">https:\/\/nichtohneuns-freiburg.de\/wp-content\/uploads\/2020\/11\/Frieden-und-Freiheit.mp4#t=1<\/a><\/p>\n<p>&nbsp;<\/p>\n","protected":false},"excerpt":{"rendered":"<p>d Journalisten helfen Journalisten \u2013 Appell\u00a0(7.4.2021) Medien contra Corona-Demos\u00a0(21.3.2021) So dreist l\u00fcgen ARD &amp; ZDF \u00fcber Leipzig (10.11.2020) Demo in Leipzig gegen Corona-Ma\u00dfnahmen \u2013 Medien und Wirklichkeit (8.11.2020) Leipzig7-11-20 friedliche Demo (7.11.2020) Anwaltsdienst: Keine Festnahmen, da friedlich (7.11.2020) Corona-Grundrechte PC &hellip; <a href=\"https:\/\/www.freiburg-schwarzwald.de\/blog\/engagement\/zukunft\/demokratie\/leipzig-querdenken7-11-2020\/\">Weiterlesen <span class=\"meta-nav\">&rarr;<\/span><\/a><\/p>\n","protected":false},"author":2,"featured_media":0,"parent":21084,"menu_order":0,"comment_status":"closed","ping_status":"closed","template":"","meta":{"footnotes":""},"class_list":["post-84578","page","type-page","status-publish","hentry"],"_links":{"self":[{"href":"https:\/\/www.freiburg-schwarzwald.de\/blog\/wp-json\/wp\/v2\/pages\/84578","targetHints":{"allow":["GET"]}}],"collection":[{"href":"https:\/\/www.freiburg-schwarzwald.de\/blog\/wp-json\/wp\/v2\/pages"}],"about":[{"href":"https:\/\/www.freiburg-schwarzwald.de\/blog\/wp-json\/wp\/v2\/types\/page"}],"author":[{"embeddable":true,"href":"https:\/\/www.freiburg-schwarzwald.de\/blog\/wp-json\/wp\/v2\/users\/2"}],"replies":[{"embeddable":true,"href":"https:\/\/www.freiburg-schwarzwald.de\/blog\/wp-json\/wp\/v2\/comments?post=84578"}],"version-history":[{"count":5,"href":"https:\/\/www.freiburg-schwarzwald.de\/blog\/wp-json\/wp\/v2\/pages\/84578\/revisions"}],"predecessor-version":[{"id":89474,"href":"https:\/\/www.freiburg-schwarzwald.de\/blog\/wp-json\/wp\/v2\/pages\/84578\/revisions\/89474"}],"up":[{"embeddable":true,"href":"https:\/\/www.freiburg-schwarzwald.de\/blog\/wp-json\/wp\/v2\/pages\/21084"}],"wp:attachment":[{"href":"https:\/\/www.freiburg-schwarzwald.de\/blog\/wp-json\/wp\/v2\/media?parent=84578"}],"curies":[{"name":"wp","href":"https:\/\/api.w.org\/{rel}","templated":true}]}}