{"id":84365,"date":"2020-11-03T20:51:11","date_gmt":"2020-11-03T19:51:11","guid":{"rendered":"https:\/\/www.freiburg-schwarzwald.de\/blog\/?page_id=84365"},"modified":"2026-03-17T16:01:23","modified_gmt":"2026-03-17T15:01:23","slug":"68er","status":"publish","type":"page","link":"https:\/\/www.freiburg-schwarzwald.de\/blog\/engagement\/zukunft\/demokratie\/68er\/","title":{"rendered":"68er"},"content":{"rendered":"<p><a href=\"https:\/\/freiburg-schwarzwald.de\/blog\">Home<\/a>\u00a0&gt;<a title=\"Engagement\" href=\"https:\/\/www.freiburg-schwarzwald.de\/blog\/engagement\/\">Engagement<\/a>\u00a0&gt;<a title=\"Zukunft\" href=\"https:\/\/www.freiburg-schwarzwald.de\/blog\/engagement\/zukunft\/\">Zukunft<\/a>\u00a0&gt;<a title=\"Demokratie\" href=\"https:\/\/www.freiburg-schwarzwald.de\/blog\/engagement\/zukunft\/demokratie\/\">Demokratie<\/a>\u00a0&gt;<a title=\"Deutschland\" href=\"https:\/\/www.freiburg-schwarzwald.de\/blog\/global\/deutschland\/\">Deutschland<\/a> &gt;<a href=\"https:\/\/www.freiburg-schwarzwald.de\/blog\/selbsthilfe\/krise\/gewalt\/linke-gewalt\/\">Linke-Gewalt<\/a> &gt;68er<\/p>\n<div id=\"attachment_57259\" style=\"width: 647px\" class=\"wp-caption alignnone\"><a href=\"https:\/\/www.freiburg-schwarzwald.de\/blog\/wp-content\/uploads\/2013\/09\/stpeter1lindlehoeh-pan151102.jpg\"><img loading=\"lazy\" decoding=\"async\" aria-describedby=\"caption-attachment-57259\" class=\"size-full wp-image-57259\" src=\"https:\/\/www.freiburg-schwarzwald.de\/blog\/wp-content\/uploads\/2013\/09\/stpeter1lindlehoeh-pan151102.jpg\" alt=\"\" width=\"637\" height=\"258\" srcset=\"https:\/\/www.freiburg-schwarzwald.de\/blog\/wp-content\/uploads\/2013\/09\/stpeter1lindlehoeh-pan151102.jpg 637w, https:\/\/www.freiburg-schwarzwald.de\/blog\/wp-content\/uploads\/2013\/09\/stpeter1lindlehoeh-pan151102-180x72.jpg 180w\" sizes=\"auto, (max-width: 637px) 100vw, 637px\" \/><\/a><p id=\"caption-attachment-57259\" class=\"wp-caption-text\">Blick von St.Peter-Lindlehoeh \u00fcber den Langeckhof nach S\u00fcden ins neblige Dreisamtal am 2.11.2015<\/p><\/div>\n<ul>\n<li><em>Listenauswahl eines Beitrags (Artikel\/Datum, Seite\/Inhalt): <span style=\"text-decoration: underline;\">Klicken<\/span> oder scrollen<\/em><\/li>\n<li>Habermas 96-j\u00e4hrig gestorben (17.3.2026)<\/li>\n<li><a href=\"https:\/\/www.freiburg-schwarzwald.de\/blog\/engagement\/zukunft\/demokratie\/marxismus\/\">R.I.P J\u00fcrgen Habermas 14.3.2026<\/a>\u00a0(15.3.2026)<\/li>\n<li>&#8222;ab nun&#8220; &#8211; das Statement von Hannes Wader 1972 im Lied &#8222;Langeweile&#8220; (26.1.2026)<\/li>\n<li><a href=\"https:\/\/www.freiburg-schwarzwald.de\/blog\/engagement\/zukunft\/demokratie\/demokratie-diktatur\/\">Venezuela: Wie man eine Demokratie abschafft \u2013 der Masterplan<\/a>\u00a0(12.1.2026)<\/li>\n<li><a href=\"https:\/\/www.freiburg-schwarzwald.de\/blog\/klammheimliche-freude\/\">Klammheimliche Freude<\/a>\u00a0(18.10.2023)<\/li>\n<li><a href=\"https:\/\/www.freiburg-schwarzwald.de\/blog\/zivilreligion-kirchenaustritte\/\">Zivilreligion &#8211; Kirchenaustritte<\/a> (5.7.2022)<\/li>\n<li><a href=\"https:\/\/www.freiburg-schwarzwald.de\/blog\/engagement\/zukunft\/demografie\/minderheit\/\">Nur Minderheiten demonstrieren 1968, 1989, 2022<\/a>\u00a0(12.1.2022)<\/li>\n<li><a href=\"https:\/\/www.freiburg-schwarzwald.de\/blog\/engagement\/zukunft\/demokratie\/marxismus\/\">Habermas 92 Jahre: Bedeutendster Philosoph der Nachkriegszeit?<\/a> (17.10.2021)<\/li>\n<li><a href=\"https:\/\/www.freiburg-schwarzwald.de\/blog\/strassen-umbenennen\/\">Strassen umbenennen<\/a> (4.12.2020)<\/li>\n<li>Peter Hahne: Die 68er-Ideologie hat Gesellschaft unterwandert (6.11.2020)<\/li>\n<li>68er-Bewegung: Die sechs Enkel-Ideologien (3.11.2020)<\/li>\n<li><a href=\"https:\/\/www.freiburg-schwarzwald.de\/blog\/68er-feiern-50-jahre-1968-2018\/\">68er feiern 50 Jahre 1968-2018 (29.1.2018)<\/a><\/li>\n<li><\/li>\n<li><a href=\"https:\/\/www.freiburg-schwarzwald.de\/blog\/engagement\/zukunft\/demokratie\/marxismus\/\">Marxismus<\/a><\/li>\n<li><a href=\"https:\/\/www.freiburg-schwarzwald.de\/blog\/religion\/zivilreligion\/\">Zivilreligion<\/a><\/li>\n<\/ul>\n<p>&nbsp;<\/p>\n<h2><strong>1968 schrien sie &#8222;Ho &#8211; Ho &#8211; Hot Shi Min&#8220;<\/strong><br \/>\n<strong>2020 fl\u00fcstern sie &#8222;Ho &#8211; Ho &#8211; Hochrisikogruppe&#8220;<\/strong><\/h2>\n<hr \/>\n<p>&nbsp;<\/p>\n<p><strong>&#8222;ab nun&#8220; &#8211; das Statement von Hannes Wader 1972 im Lied &#8222;Langeweile&#8220;<br \/>\n<\/strong>Die Redewendung <em><strong>&#8222;ab nun&#8220;<\/strong><\/em> hat der S\u00e4nger Hannes Wader im Jahr 1972 &#8211; also in der Noch-Bl\u00fctezeit der <a href=\"https:\/\/www.freiburg-schwarzwald.de\/blog\/engagement\/zukunft\/demokratie\/68er\/\">68-Jahre<\/a> &#8211; publik gemacht<br \/>\n<strong><a href=\"https:\/\/www.youtube.com\/watch?v=cMchi8Pf6J8\">https:\/\/www.youtube.com\/watch?v=cMchi8Pf6J8<\/a><\/strong><br \/>\nmit dem Refrain &#8222;Langeweile, ist ausgebrochen in der Stadt und hat keine Eile&#8220; und dem <em><strong>&#8222;ab nun&#8220;<\/strong><\/em>-Statement ziemlich am Liedende:<br \/>\n&#8222;Ich denke, ich werde irgendwann noch vern\u00fcnftige Dinge tun.<br \/>\nZum Beispiel, meinen Samen auf die Spermienbank tragen ab nun&#8220;<br \/>\nMehr dazu auch <a href=\"https:\/\/www.freiburg-schwarzwald.de\/blog\/ki-strom-erledigt-energiewende\/\">hier<\/a>.<br \/>\n26.1.2026<\/p>\n<p>&nbsp;<\/p>\n<p><strong>Peter Hahne: Die 68er-Ideologie hat Gesellschaft unterwandert<\/strong><br \/>\nIn Ihrem neuen Bestseller-B\u00e4ndchen \u201eSeid ihr noch ganz bei Trost! Schlu\u00df mit Sprachpolizei und B\u00fcrokraten-Terror\u201c f\u00fchren Sie all das allerdings nicht nur auf Abgehobenheit, sondern auch auf eine Unterwanderung der Gesellschaft durch Ideologie zur\u00fcck.<br \/>\nHahne: Ja, wobei ich klarstelle, da\u00df ich kein Verschw\u00f6rungstheoretiker bin \u2013 es gibt keine Gruppe strippenziehender Dunkelm\u00e4nner. Diese Ideologisierung vollzieht sich vielmehr, was viel schlimmer ist, durch soziale Prozesse und durch Pr\u00e4gung \u2013 Biographie ist alles! Etwa durch die unbewu\u00dfte \u201eSchere im Kopf\u201c, die den Leuten anerzogen wird. Vor allem durch die Vorstellung, sie seien Teil eines Weltgewissens und m\u00fc\u00dften sich so verhalten, da\u00df sie ihrer \u201eVerantwortung\u201c gerecht werden. Was dazu f\u00fchrt, da\u00df echte Kritik an den Verh\u00e4ltnissen als illegitim betrachtet wird, denn sie kollidiert ja mit dieser \u201eVerantwortung\u201c. Folglich werden immer mehr Mi\u00dfst\u00e4nde verschwiegen \u2013 denn sie zu benennen schadet ja dem h\u00f6heren Ziel und widerspricht damit der \u201eVerantwortung\u201c. So wird manipuliert, durch Ideen, nicht durch Geheimb\u00fcnde. Und das nennt man dann auch noch \u201eHaltung\u201c \u2013 irre! Ist dieser Journalismus an Wahrheit interessiert oder an dem Wohlgefallen der Herrschenden?<br \/>\nWoher kommt das?<br \/>\nHahne: Das ist das Erbe der Achtundsechziger, die ich w\u00e4hrend meines Studiums in Heidelberg hautnah miterlebt habe. Etwa als ich w\u00e4hrend der \u201eStoppt-Strau\u00df\u201c-Zeit der einzige Student im H\u00f6rsaal mit einer Pro-Franz-Josef-Strau\u00df-Plakette war. Bis der Professor, ein bedeutender deutscher Kirchengeschichtler, mich bat, nicht mehr zu kommen, ich verursachte doch nur Unruhe. Da war mir klar, was f\u00fcr erb\u00e4rmliche r\u00fcckgratlose Wichte sich mit akademischen Titeln schm\u00fccken \u2013 und das k\u00f6nnen Sie auch auf <a href=\"https:\/\/www.freiburg-schwarzwald.de\/blog\/religion\/christen\/christentum\/\">Bisch\u00f6fe<\/a> beziehen.<br \/>\n&#8230; Alles vom 6.11.2020 bitte lesen in der JF 46\/20, Seite 3<\/p>\n<p>.<\/p>\n<p>&nbsp;<\/p>\n<p><strong>68er-Bewegung: Die sechs Enkel-Ideologien<\/strong><br \/>\n<em>Ausz\u00fcge der Rede von P\u00e4dagoge Josef Kraus bei der <a href=\"https:\/\/www.freiburg-schwarzwald.de\/blog\/vereine\/partei\/cdu\/werteunion\/\">Werte-Union<\/a><br \/>\n<\/em><br \/>\nBesonders erfolgreich ist nach wie vor der Marsch der 68er bzw. ihrer Epigonen nicht nur durch die Institutionen, sondern auch durch die Definitionen \u2013 nicht nur in den linken Parteien Deutschlands, sondern auch in gro\u00dfen Teilen der CDU\/CSU; ferner in den Medien, in den Kirchen und ganz besonders im Bildungsbereich.<br \/>\nDie Gesinnungsdiktatur der \u201epolitical correctness\u201c und der Gender-Ideologie k\u00f6nnen mit Recht als Enkel-Ideologien der 68er gesehen werden, ebenso wie der national allergische Affekt und die Sympathie der \u201eLinken\u201c f\u00fcr einen Multikulturalismus und f\u00fcr den Islam.<\/p>\n<p>Diese zweifelhaften Erfolge verdanken sich zu erheblichen Teilen dem Versagen der B\u00fcrgerlichen, die nicht f\u00e4hig und nicht bereit zur ideologiekritischen Auseinandersetzung sind. Folge? Der linke Populismus pr\u00e4gt nicht nur die SED-Erben sowie SPD, Gr\u00fcne und FDP, sondern \u2013leider \u2013auch die Union.<\/p>\n<p>Alle versprechen sie nichts weniger als Gleichheit, Gerechtigkeit, Humanit\u00e4t, Rettung der Welt. Aber all diese Begriffe sind Wieselw\u00f6rter, leere Verpackungen. Begriff von Friedrich August von Hayek: Das Wiesel hat ein Ei ausgelutscht und eine leere H\u00fclle hinterlassen. Vor allem aber sind diese wohlklingenden Begriffe Trojanische Pferde \u2013Trojanische Pferde des Totalitarismus.<br \/>\nZu den 68er Narrativen haben sich sechs Enkel-Ideologien hinzugesellt<br \/>\n.<br \/>\n<em>Enkel-Ideologie I<\/em> &#8211; Political Correctness:<br \/>\nIm Sinne von Umerziehung am wirksamsten sind die Sprach-und Gesinnungsdiktate der <a href=\"https:\/\/www.freiburg-schwarzwald.de\/blog\/kultur\/medien\/political-correctness\/\">\u201epolitical correctness\u201c<\/a> (PC). Das ist das Erbe von 68, auch wenn \u201ePC\u201c als Begriff erst Ende der 1980er Jahre gepr\u00e4gt wurde. Sprach-und Denkdiktate sind daraus geworden. Die Schweigespirale tut ein \u00fcbriges: Man neigt dazu, nichts zu sagen, wenn man annimmt, dass man sich damit au\u00dferhalb des Merkel\u2019schen \u201eMainstreams\u201c stellt. Die Folge ist, dass sich \u201ever\u00f6ffentlichte\u201c Meinung qua \u201eSchweigespirale\u201c durchsetzt. Die Deutschen sind \u2013 wie in der DDR \u2013 zu einem \u201eVolk von Fl\u00fcsterern\u201c geworden.<\/p>\n<p>Selbst in der P\u00e4dagogik f\u00e4llt \u201epolitical correctness\u201c auf fruchtbaren Boden: als \u201eeducational correctness -EC\u201c -Euphemismen, Phrasen, Plattit\u00fcden wohin man schaut. EC-Huis sind \u201ein\u201c: Chancengleichheit, Emanzipation, Gesamtschule, Gleichheit, Gerechtigkeit usw. Zugleich wird mit Euphemismen gearbeitet, die die Wirklichkeit kaschieren sollen: Aus Schulschw\u00e4nzern wurden Schuldistanzierte (oder Klimaretter), aus faulen Sch\u00fclern demotivierte, aus verhaltensgest\u00f6rten verhaltensoriginelle.<br \/>\nRealit\u00e4ten werden damit f\u00fcr nicht existent erkl\u00e4rt. Sodann gibt es die EC-Pfui-W\u00f6rter, die im Verdacht des Faschistoiden stehen: Auslese, Autorit\u00e4t, Begabung, Disziplin, Ehrgeiz, Elite, Flei\u00df, Gehorsam, Intelligenz, Leistung, Ordnung, Pflicht, Rechtschreibung \u2026.<\/p>\n<p><em>Enkel-Ideologie II &#8211; <\/em><a href=\"https:\/\/www.freiburg-schwarzwald.de\/blog\/selbsthilfe\/frauen\/gender\/\">\u201eGenderismus\u201c<\/a>:<br \/>\nDas ist der neue, der \u201erosa\u201c Kulturmarxismus. Es ist ein ideologischer Zweifachgipfel: -als Gipfel des Egalisierungswahns (es gibt 60 Geschlechter und alle sind gleich) und -als Gipfel des Emanzipationswahns (n\u00e4mlich als Emanzipation von der Biologie)-pseudowissenschaftlich verbr\u00e4mt mit rund 220 Professuren daf\u00fcr! Produziert wird Unfug: Unsere wunderbare Sprache wird verhunzt: Elter 1 \u2013Elter 2, Gender-Sternchen, Fu\u00dfgehendenbr\u00fccke, Backendenhandwerk, Herr Professorin, ganze Gesetzentw\u00fcrfe aus dem Haus Lambrecht, \u2026. Unsere Kinder werden indoktriniert, so als sei Geschlecht eine Entscheidung, die man auch jeden Tag \u00e4ndern kann.<\/p>\n<p><em>Enkel-Ideologie III &#8211; Der totalit\u00e4re linke Humanitarismus<\/em><br \/>\n2015 hat sich Deutschland mit einer rechtlich h\u00f6chst fragw\u00fcrdigen Entscheidung einer Bundeskanzlerin erneut auf einen \u201edeutschen Sonderweg\u201c begeben. Es gab keine Grenzen mehr. Markus Vahlefeld nennt dies eine \u201emoralische Generalmobilmachung\u201c.<\/p>\n<p>Der britische Politologe Anthony Glees traf den Nagel auf den Kopf, als er Deutschland damals als \u201eHippie-Staat\u201c bezeichnete, der sich nur von Gef\u00fchlen lenken lasse. Aber man sah Deutschland offiziell reich beschenkt, und merkte nicht, dass die Aufnahme von Hunderttausenden angeblicher Fachkr\u00e4fte eine Art \u201eKolonialismus 2.0\u201c ist. Denn wenn diese Menschen Fachkr\u00e4fte w\u00e4ren, w\u00fcrden sie in ihren Herkunftsl\u00e4ndern gebraucht.<\/p>\n<p>Zugleich gibt es fast t\u00e4glich hochkriminelle Folgen, angeblich marginale \u201eEinzelf\u00e4lle\u201c oder \u201eKollateralsch\u00e4den\u201c: K\u00f6lner Domplatte, Breitscheidplatz, die Morde Asylsuchender in Freiburg, Kandel, Chemnitz und \u2026 und \u2026\u2026 Aber diese Opfer passen nicht ins Konzept des linken Humanitarismus.<\/p>\n<p><em>Enkel-Ideologie\/Affekt IV &#8211; Die typisch deutsche Nationalallergie<\/em><br \/>\nEs gibt Linke, die Deutschland am liebsten so h\u00e4tten, wie es sich Churchill w\u00fcnschte: fett und impotent. Die Deutschen oszillieren \u00fcberhaupt gern zwischen (hypermoralischem) Gr\u00f6\u00dfenwahn und Selbsthass. Auch eine Art Hybris, n\u00e4mlich die Hybris im Negativen.<\/p>\n<p>Folge: Die Linken leiden an Nation und Volk. In Kreuzberg und Frankfurt fanden sich zum 3. Oktober 1990 Spr\u00fcche wie \u201eDeutschland verrecke!\u201c oder \u201eNie wieder Deutschland!\u201c \u201eDeutschland verschwindet jeden Tag immer mehr, und das finde ich einfach gro\u00dfartig\u201c (J\u00fcrgen Trittin am 2. Januar 2005). Zu diesem Zeitpunkt ist er Bundesumweltminister (1998 \u20132005).<br \/>\nEine Vizepr\u00e4sidentin des Deutschen Bundestages marschiert hinter Transparenten, auf denen steht: \u201eDeutschland \u2013 du mieses St\u00fcck Schei\u00dfe!\u201c \u2013 Robert Habeck: \u201eVaterlandsliebe fand ich stets zum Kotzen. Ich wusste mit Deutschland noch nie etwas anzufangen und wei\u00df es bis heute nicht.\u201c (Buch \u201ePatriotismus \u2013Ein linkes Pl\u00e4doyer\u201c, 2010)<br \/>\nWieder andere st\u00e4nkern gegen die Nationalhymne. Auch die Deutschlandfahne ist immer wieder Objekt des deutschen Selbsthasses. Oder des Versteckens w\u00fcrdig! Siehe die CDU-Wahlparty vom 22.9.2013!)<\/p>\n<p><em>Enkel-Ideologie V &#8211; Entgrenzung<\/em><br \/>\nDie Deutschen sollen keine Lust mehr auf Grenzen haben, sie sollen Grenzen gef\u00e4lligst als etwas Reaktion\u00e4res abtun. Entgrenzung \u2013Was ist das? Es ist ein \u201elinkes\u201c Prinzip, ein angeblich progressives Narrativ. Es hat mit Egalitarismus, Machbarkeitswahn und Humanitarismus zu tun. Es ist sozusagen ein \u201elinker\u201c, transzendenter, Grenzen \u00fcberschreitender Glaube. Schier eine Ersatzreligion.<\/p>\n<p>Der Wiener Philosoph Konrad Paul Liessmann (\u201eLob der Grenze\u201c,Wien 2012) weist darauf hin, \u201edass die Grenze \u00fcberhaupt die Voraussetzung ist, etwas wahrzunehmen und zu erkennen.\u201c Selbst Gott habe Grenzen geschaffen \u2013zwischen Himmel und Erde, Land und Wasser, Nichts und Sein. Weiter Liessman: \u201eJede Bestimmung setzt voraus, dass man etwas Anderes ausschlie\u00dft, ausgrenzt, negiert\u201c.<\/p>\n<p>Solche Grenzziehungen braucht man f\u00fcr individuelle und kollektive Identit\u00e4t. Das beginnt mit der eigenen Identit\u00e4t. Ohne Grenzziehung zwischen sich selbst und anderen bzw. etwas anderem gibt es keine Identit\u00e4t. Identit\u00e4t hei\u00dft, sich \u201edefinieren\u201c und von anderen unterscheiden k\u00f6nnen. Das hat nichts mit ausgrenzen zu tun.<\/p>\n<p><em>Enkel-Ideologie VI &#8211; Islamophilie oder: Die Linke und der Islam<\/em><br \/>\nSo richtig erw\u00e4rmen k\u00f6nnen sich die Linken f\u00fcr den Islam ja eigentlich nicht. Denn die Linken haben eine radikale Aversion gegen alles, was mit Religion zu tun hat. Dass sich die Linken f\u00fcr den Islam erw\u00e4rmen k\u00f6nnen, hat wohl einen anderen Grund: Der Islam bzw. massenhafte Zuwanderung von Muslimen n\u00e4hert die Multikulti-Vision der Linken.<br \/>\n.<\/p>\n<p>Warum und wo aber war der Marsch durch die Institutionen und Definitionen so erfolgreich?<br \/>\n1. Erfolgreich durch den Marsch durch die Parteien:<br \/>\nWeil die 68er eigentlich in allen Parteien Fu\u00df gefasst haben. Vor allem nat\u00fcrlich bei den \u201eGr\u00fcnen\u201c \u2013die sich ach so b\u00fcrgerlich-liberal geben, gutmenschlich und gut lebend in ihren gentrifizierten Latte-Macchiato-Blasen. Sie haben \u201e68\u201c voll internalisiert. Und sie haben viel erreicht: die de-facto Abschaffung der Wehrpflicht, den Ausstieg aus der Atomkraft, die Multikulti-Gesellschaft, das Gender Mainstreaming, die \u201eEhe f\u00fcr alle\u201c \u2026 Die Abschaffung der Bundeswehr haben sie fast geschafft, wenn man sich deren Zustand anschaut.<\/p>\n<p>2. Erfolgreich durch den Marsch durch die Kirchen:<br \/>\nDie Kirchen sind nach links ger\u00fcckt. Folge aber ist, dass der Anteil der Christen unter den Bundesb\u00fcrgern von 2001 bei 64,4 Prozent auf 52,0 Prozent 2019 fiel. Viele Menschen, die der Kirche den R\u00fccken kehrten, wandten sich nicht von ihrem Glauben ab, sondern von der Linksverschiebung der Kirchen und der Verleugnung von Glaubenssymbolen.<\/p>\n<p>Nur ein Beispiel: \u201eFlagge zu zeigen\u201c verga\u00dfen Kardinal Marx und Bischof Bedford-Strohm jedoch im Oktober 2016 auf dem Jerusalemer Tempelberg. Ein Blogger hat dazu geschrieben: Und sie legten das Kreuz ab und verrieten ihren Glauben, bevor der Hahn kr\u00e4hte. Ansonsten vernehmen wir nur ein dr\u00f6hnendes Schweigen der Amtskirchen \u2013 zum Lebensschutz, zu Ehe, Familie, zur Christenverfolgung.<br \/>\nDabei ist das Christentum seit mehreren Jahren zur weltweit am meisten unterdr\u00fcckten Glaubensgemeinschaft geworden. Von 700 Millionen zumindest drangsalierten Christen weltweit muss man ausgehen. 2018 wurden mindestens 4.305 Christen wegen ihres Glaubens ermordet. Unter den zehn christenfeindlichsten L\u00e4ndern der Welt sind acht \u00fcberwiegend muslimisch gepr\u00e4gte. Aber das hat nichts mit dem Islam zu tun!<\/p>\n<p>Was h\u00f6rt man zu all dem von Angela Merkel, Frank-Walter Steinmeier, Heiko Maas und Co.? Nichts, allenfalls Leisetreterei! Und was sagen die Oberchristen der Republik dazu? Nix, nix, nix! Der evangelischen Kirche sind die Gendersprache oder ein Tempolimit von 130 auf Autobahnen wichtigere Themen. Und Deutschlands vormals oberster Katholik, Reinhard Kardinal Marx, hat kein anderes Problem als festzustellen, dass der Begriff \u201echristliches Abendland\u201c ausgrenze! Und dann erst das Thema \u201eAbtreibung\u201c\/Kindst\u00f6tung!<\/p>\n<p>3. Erfolgreich durch den Marsch durch die moderne P\u00e4dagogik<br \/>\nPer saldo hat linke P\u00e4dagogik gro\u00dfen Kollateralschaden angerichtet. Der Grund ist der Kreuzzug gegen das Leistungsprinzip. Folge? Deutschland als Bildungsnation \u2013 das d\u00fcrfte vorbei sein. Denn die Sch\u00fcler k\u00f6nnen immer weniger.<br \/>\nZugleich l\u00fcgen Politik und die sogenannten Bildungswissenschaften sich, den Eltern und den jungen Leuten in die Tasche. Denn: Die Noten werden immer besser, 1,0-Zeugnisse werden immer h\u00e4ufiger. Die Abiturienten-und Studierquote steigt und steigt. Folge: Heutzutage beginnen mehr junge Leute ein Studium als eine berufliche Ausbildung. Ein gigantischer Fachkr\u00e4ftemangel ist die Folge.<\/p>\n<p>4. Erfolg vor allem durch den Marsch durch die Medien!<br \/>\nDer Kommunikationswissenschaftler Kepplinger stellte 2017 fest, dass das mediale Lager weit links verortet ist und dass mehr als 65 Prozent der Journalisten \u201eGr\u00fcne\u201c oder SPDler sind. Das hat Auswirkungen auf die Berichterstattung. Beispiel: Die Hamburg Media School hat eine Studie zur Berichterstattung der Presse \u00fcber die Fl\u00fcchtlingskrise angefertigt und 34.000 Pressebeitr\u00e4ge von 2009 bis 2015 ausgewertet. Ergebnis: 82 Prozent der Berichte waren positiv konnotiert, 12 Prozent rein berichtend und nur 6 Prozent problematisierend. Vier F\u00fcnftel der Berichte waren zu Durchhalte-und Ergebenheitsparolen f\u00fcr Merkel verkommen. Apportierpresse eben!<\/p>\n<p>L\u00e4ngst vergessen scheint die Empfehlung des gro\u00dfen Journalisten Hanns Joachim Friedrich (1917 \u20131995): \u201eDistanz halten, sich nicht gemein machen mit einer Sache, auch nicht mit einer guten!\u201c Auf dem linken Auge aber ist man blind \u2013 etwa wenn die \u201eAutonomen\u201c Randale machen wie beim Hamburger G20-Gipfel 2017, wenn es Randale in Leipzig gibt, wenn ein besetztes Haus (Liebig Stra\u00dfe, Rigaer Stra\u00dfe) ger\u00e4umt werden soll, dann wird der Polizei der Vorwurf gemacht, sie habe es vers\u00e4umt zu deeskalieren.<\/p>\n<p>Norbert Bolz sieht die \u201eMedienlinken\u201c 2010 in einer Parallelgesellschaft. Viele Medienleute sind \u2013 Bolz verwendet einen Begriff von Martin Walser \u201eMeinungssoldaten\u201c. \u201eGesinnungssoldaten\u201c k\u00f6nnte man auch sagen.<\/p>\n<p>Wir haben in weiten Teilen eine Gouvernanten-\/Nanny-Presse. Federf\u00fchrend sind hier die \u00d6ffentlich-Rechtlichen ARD und ZDF sowie die Medien der Bertelsmann-Gruppe, der Madsack-und Funke-Medien-Gruppen, ferner die S\u00fcddeutsche, die ZEIT, der Spiegel \u2026.Von \u201eWahrheits\u201c-Kartellen k\u00f6nnte man sprechen. Wahrheit definiert sich nicht mehr empirisch, sondern normativ. Die Kategorien wahr\/unwahr werden nach \u201ePC\u201c-Regeln ersetzt durch gut\/b\u00f6se.<\/p>\n<p>Das erinnert an Orwells \u201ebig-brother\u201c-Regime. Die dort vorkommenden Figuren m\u00fcssen stets ein \u201eZwiedenken\u201c praktizieren: Sie sehen die Realit\u00e4t und m\u00fcssen das Gegenteil glauben. Sie werden manipuliert durch ein stets aktualisiertes W\u00f6rterbuch der \u201eNeusprache\u201c. An diesem Verzeichnis bastelt der Sprachwissenschaftler Syme. Er sagt zur Hauptfigur des Romans, zu Winston Smith: \u201eWir geben der Neusprache ihren letzten Schliff \u2026 Wir merzen jeden Tag Worte aus \u2026 Siehst du denn nicht, dass die Neusprache kein anderes Ziel hat, als die Reichweite der Gedanken zu verk\u00fcrzen? \u2026 Es ist lediglich eine Frage der Wirklichkeitskontrolle. \u2026 Die Revolution ist vollzogen, wenn die Sprache geschaffen ist \u2026 Es wird \u00fcberhaupt kein Denken mehr geben \u2026 Strenggl\u00e4ubigkeit bedeutet: \u2026. nicht mehr zu denken brauchen.\u201c Oder siehe den Leitspruch: \u201eUnwissenheit ist St\u00e4rke.\u201c<br \/>\nSt\u00e4rke der Regierenden! Wer nicht politisch korrekt denkt und spricht, wer im Orwellschen Sinn ein \u201eGedankenverbrecher\u201c ist, wird zur Zielscheibe der \u201eGedankenpolizei\u201c, er wird der \u201eHerrschaft des Verdachts\u201c (Hegel), vor allem des Faschismusverdachts unterstellt, oder er wird im Sinne des \u201ebig brother\u201c \u201evaporisiert\u201c, verdampft, das hei\u00dft, er findet in der Meinungsbildung nicht mehr statt.<\/p>\n<p>Deswegen hat der Winston Smith in George Orwells \u201e1984\u201c die Aufgabe, Geschichte st\u00e4ndig umzuschreiben, in einem Ministerium f\u00fcr Wahrheit, das sch\u00f6n zweideutig mit \u201eMINIWAHR\u201c abgek\u00fcrzt wird. Das ist Kulturmarxismus im Sinne von Antonio Gramsci! Das ist DDR 2.0, denn in der DDR gab es Sanktionen, wenn man keinen festen Klassenstandpunkt, also kein bedingungsloses Vertrauen in die Richtigkeit der SED-Politik hatte. Heute ist man \u201edran\u201c, wenn man keinen \u201ePC\u201c-Standpunkt hat.<br \/>\nWas ist dagegen zu setzen??? Ein moderner, liberaler, skeptizistischer Konservatismus! Statt Gesinnungsethik brauchen wir vor allem eine ideologiekritische Auseinandersetzung!<br \/>\n.<br \/>\n3.11.2020, Josef Kraus, Ausz\u00fcge aus einem Vorrat, gehalten bei der WerteUnion.<br \/>\n<a href=\"https:\/\/werteunion.net\/\">https:\/\/werteunion.net\/<\/a><\/p>\n","protected":false},"excerpt":{"rendered":"<p>Home\u00a0&gt;Engagement\u00a0&gt;Zukunft\u00a0&gt;Demokratie\u00a0&gt;Deutschland &gt;Linke-Gewalt &gt;68er Listenauswahl eines Beitrags (Artikel\/Datum, Seite\/Inhalt): Klicken oder scrollen Habermas 96-j\u00e4hrig gestorben (17.3.2026) R.I.P J\u00fcrgen Habermas 14.3.2026\u00a0(15.3.2026) &#8222;ab nun&#8220; &#8211; das Statement von Hannes Wader 1972 im Lied &#8222;Langeweile&#8220; (26.1.2026) Venezuela: Wie man eine Demokratie abschafft \u2013 der &hellip; <a href=\"https:\/\/www.freiburg-schwarzwald.de\/blog\/engagement\/zukunft\/demokratie\/68er\/\">Weiterlesen <span class=\"meta-nav\">&rarr;<\/span><\/a><\/p>\n","protected":false},"author":2,"featured_media":0,"parent":21084,"menu_order":0,"comment_status":"closed","ping_status":"closed","template":"","meta":{"footnotes":""},"class_list":["post-84365","page","type-page","status-publish","hentry"],"_links":{"self":[{"href":"https:\/\/www.freiburg-schwarzwald.de\/blog\/wp-json\/wp\/v2\/pages\/84365","targetHints":{"allow":["GET"]}}],"collection":[{"href":"https:\/\/www.freiburg-schwarzwald.de\/blog\/wp-json\/wp\/v2\/pages"}],"about":[{"href":"https:\/\/www.freiburg-schwarzwald.de\/blog\/wp-json\/wp\/v2\/types\/page"}],"author":[{"embeddable":true,"href":"https:\/\/www.freiburg-schwarzwald.de\/blog\/wp-json\/wp\/v2\/users\/2"}],"replies":[{"embeddable":true,"href":"https:\/\/www.freiburg-schwarzwald.de\/blog\/wp-json\/wp\/v2\/comments?post=84365"}],"version-history":[{"count":5,"href":"https:\/\/www.freiburg-schwarzwald.de\/blog\/wp-json\/wp\/v2\/pages\/84365\/revisions"}],"predecessor-version":[{"id":146833,"href":"https:\/\/www.freiburg-schwarzwald.de\/blog\/wp-json\/wp\/v2\/pages\/84365\/revisions\/146833"}],"up":[{"embeddable":true,"href":"https:\/\/www.freiburg-schwarzwald.de\/blog\/wp-json\/wp\/v2\/pages\/21084"}],"wp:attachment":[{"href":"https:\/\/www.freiburg-schwarzwald.de\/blog\/wp-json\/wp\/v2\/media?parent=84365"}],"curies":[{"name":"wp","href":"https:\/\/api.w.org\/{rel}","templated":true}]}}