{"id":84342,"date":"2020-11-03T13:12:54","date_gmt":"2020-11-03T12:12:54","guid":{"rendered":"https:\/\/www.freiburg-schwarzwald.de\/blog\/?page_id=84342"},"modified":"2020-11-13T20:34:46","modified_gmt":"2020-11-13T19:34:46","slug":"wien-islamisten2-11-2020","status":"publish","type":"page","link":"https:\/\/www.freiburg-schwarzwald.de\/blog\/global\/oesterreich\/wien-islamisten2-11-2020\/","title":{"rendered":"Wien-Islamisten2-11-2020"},"content":{"rendered":"<p><a href=\"https:\/\/freiburg-schwarzwald.de\/blog\">Home<\/a>\u00a0&gt;<a title=\"Religion\" href=\"https:\/\/www.freiburg-schwarzwald.de\/blog\/religion\/\">Religion<\/a>\u00a0&gt;<a title=\"Islam\" href=\"https:\/\/www.freiburg-schwarzwald.de\/blog\/religion\/islam\/\">Islam<\/a>\u00a0&gt;<a title=\"Terror\" href=\"https:\/\/www.freiburg-schwarzwald.de\/blog\/religion\/islam\/terror\/\">Terror<\/a>\u00a0&gt;<a href=\"https:\/\/www.freiburg-schwarzwald.de\/blog\/religion\/christen\/christenverfolgung\/\">Christenverfolgung<\/a> &gt;Wien-Islamisten2-11-2020<\/p>\n<div id=\"attachment_15779\" style=\"width: 649px\" class=\"wp-caption alignnone\"><a href=\"https:\/\/www.freiburg-schwarzwald.de\/blog\/wp-content\/uploads\/2012\/11\/schauinslandturm1abendsonne-pan121115.jpg\"><img loading=\"lazy\" decoding=\"async\" aria-describedby=\"caption-attachment-15779\" class=\"size-full wp-image-15779\" src=\"https:\/\/www.freiburg-schwarzwald.de\/blog\/wp-content\/uploads\/2012\/11\/schauinslandturm1abendsonne-pan121115.jpg\" alt=\"\" width=\"639\" height=\"223\" srcset=\"https:\/\/www.freiburg-schwarzwald.de\/blog\/wp-content\/uploads\/2012\/11\/schauinslandturm1abendsonne-pan121115.jpg 639w, https:\/\/www.freiburg-schwarzwald.de\/blog\/wp-content\/uploads\/2012\/11\/schauinslandturm1abendsonne-pan121115-180x62.jpg 180w\" sizes=\"auto, (max-width: 639px) 100vw, 639px\" \/><\/a><p id=\"caption-attachment-15779\" class=\"wp-caption-text\">Blick vom Schauinslandturm \u00fcbers neblige M\u00fcnstertal und Rheintal am 15.11.2012<\/p><\/div>\n<ul>\n<li><a href=\"https:\/\/www.freiburg-schwarzwald.de\/blog\/bild-zu-paris-und-bild-zu-wien\/\">Bild zu Paris (bekannt) und Bild zu Wien (unbekannt)<\/a> (13.11.2020)<\/li>\n<li><a href=\"https:\/\/www.freiburg-schwarzwald.de\/blog\/selbstmord-kulturell-politisch\/\">Selbstmord: kulturell wie politisch<\/a>\u00a0(11.11.2020)<\/li>\n<li><a href=\"https:\/\/www.freiburg-schwarzwald.de\/blog\/religion\/islam\/islamisierung\/\">Chefredakteur-Digital der WELT: \u201ablind auf dem Auge des Islamismus\u2019<\/a> (5.11.2020)<\/li>\n<li>Nach Wien: Tritt Angela Merkel den Gang nach Canossa an?\u00a0 (4.11.2020)<\/li>\n<li><a href=\"https:\/\/www.freiburg-schwarzwald.de\/blog\/wien-gemeinsamer-feind\/\">Wien: Islamistischer Terror am 2.11.2020 &#8211; Gemeinsamer Feind<\/a> (4.11.2020)<\/li>\n<li>Der Krieg ist unter uns &#8211; Politiker als Heuchler (4.11.2020)<\/li>\n<li>Islamismus und Identit\u00e4tslinke: Ursachensuche nach dem Wiener Terroranschlag (3.11.2020)<\/li>\n<li>Terrortoleranz &#8211; die Realit\u00e4t linksgr\u00fcnen Toleranz-Wahns (3-11-2020)<\/li>\n<li>Merkel: &#8222;Der islamistische Terror ist unser gemeinsamer Feind\u201c (3.11.2020)<\/li>\n<\/ul>\n<ul>\n<li><a title=\"Bruessel22-3-2016\" href=\"https:\/\/www.freiburg-schwarzwald.de\/blog\/engagement\/zukunft\/demokratie\/bruessel22-3-2016\/\">Bruessel22-3-2016<\/a><\/li>\n<li><a title=\"Christenverfolgung\" href=\"https:\/\/www.freiburg-schwarzwald.de\/blog\/religion\/christen\/christenverfolgung\/\">Christenverfolgung<\/a><\/li>\n<li><a href=\"https:\/\/www.freiburg-schwarzwald.de\/blog\/engagement\/zukunft\/demokratie\/dresden-messermord04-10-2020\/\">Dresden-Messerstecher04-10-2020<\/a><\/li>\n<li><a href=\"https:\/\/www.freiburg-schwarzwald.de\/blog\/global\/france\/enthauptung\/\">Enthauptung<\/a><\/li>\n<li><a title=\"France\" href=\"https:\/\/www.freiburg-schwarzwald.de\/blog\/global\/france\/\">France<\/a><\/li>\n<li><a title=\"Islam\" href=\"https:\/\/www.freiburg-schwarzwald.de\/blog\/religion\/islam\/\">Islam<\/a><\/li>\n<li><a title=\"Notre-Dame15-04-2019\" href=\"https:\/\/www.freiburg-schwarzwald.de\/blog\/global\/france\/notre-dame15-04-2019\/\">Notre-Dame15-04-2019<\/a><\/li>\n<li><a title=\"Religionskrieg\" href=\"https:\/\/www.freiburg-schwarzwald.de\/blog\/religion\/religionskrieg\/\">Religionskrieg<\/a><\/li>\n<li><a title=\"Rouen26July2016\" href=\"https:\/\/www.freiburg-schwarzwald.de\/blog\/engagement\/zukunft\/demokratie\/rouen26july2016\/\">Rouen26July2016<\/a><\/li>\n<li><a title=\"Terror\" href=\"https:\/\/www.freiburg-schwarzwald.de\/blog\/religion\/islam\/terror\/\">Terror<\/a><\/li>\n<\/ul>\n<p>Bei einem Terrorangriff in der Wiener Innenstadt hat am Montagabend (2. 11.2020) ein 20-j\u00e4hriger vorbestrafter Islamist nahe der Hauptsynagoge zahlreiche Sch\u00fcsse abgefeuert, auf Passanten eingestochen und so vier Menschen get\u00f6tet und \u00fcber 20 verletzt, bevor er\u00a0 von der Polizei erschossen wurde. Die Terrormiliz Islamischer Staat (IS) reklamierte die Tat f\u00fcr sich.<\/p>\n<p>&#8212;&#8212;&#8212;&#8212;&#8212;&#8212;&#8212;&#8212;&#8212;&#8212;&#8212;&#8212;&#8212;&#8212;&#8212;&#8212;&#8212;&#8212;&#8212;&#8212;&#8212;&#8212;&#8212;&#8212;&#8212;&#8212;&#8212;&#8212;&#8212;&#8212;&#8212;&#8212;&#8212;&#8212;<\/p>\n<hr \/>\n<p><strong>Nach Wien: Tritt Angela Merkel den Gang nach Canossa an?<\/strong><br \/>\nNach dem Terror-Anschlag in Wien am Montag Abend musste sie das Wort nun doch aussprechen, das ihr sonst in Zusammenhang mit Terrorismus, Antisemitismus und Menschenhass nicht \u00fcber die bitter verzogenen Lippen kommt, die unber\u00fchrbaren f\u00fcnf Lettern: <em><strong>Islam<\/strong><\/em>.<br \/>\nPolitisch korrekt hat sie es in die besch\u00f6nigende H\u00fclle \u201eislamistisch\u201c gewandet, doch jedes Kind wei\u00df, dass \u201eislamistisch\u201c nichts anderes ist als gesetzestreu islamisch, konsequent islamisch, also islamisch im eigentlichen Sinn. Die krampfhafte Unterscheidung durch drei ins Wort gestreute Buchstaben wird hartn\u00e4ckig aufrecht erhalten, um unter allen Umst\u00e4nden der Doktrin treu zu bleiben, der Islam sei eine \u201eFriedensreligion\u201c. (Eine \u201eKriegsreligion\u201c nannte ihn dagegen der vom Balkan stammende j\u00fcdische Schriftsteller Elias Canetti, Nobelpreistr\u00e4ger 1981, in seinem ber\u00fchmten Essay Masse und Macht.) Merkels Sprecher verbreitete das sensationelle Statement auf Twitter:<br \/>\n\u201e<em>Der islamistische Terror ist unser gemeinsamer Feind.<br \/>\nDer Kampf gegen diese M\u00f6rder und ihre Anstifter ist unser gemeinsamer Kampf.\u201c<\/em><br \/>\nWow!<br \/>\nSie ist \u00fcber sich hinaus gewachsen. Die hat das Wort auszusprechen gewagt, das sie in ihrem Statement vor einer halben Woche anl\u00e4sslich des von Muslimen ver\u00fcbten Blutbads in der Kirche Notre Dame in Nizza noch sorgsam vermied. Sie disqualifiziert damit ihren zur\u00fcckgebliebenen Au\u00dfenminister Maa\u00df, der sich \u2013 gleichfalls auf Twitter \u2013 mit der gewohnt nichtssagenden Formel begn\u00fcgte: \u201eWir d\u00fcrfen nicht dem Hass weichen, der unsere Gesellschaften spalten soll.\u201c<br \/>\nUnd sie verwendet starke W\u00f6rter wie \u201eFeind\u201c und \u201eKampf\u201c, die sonst in der weichgesp\u00fclten deutschen Politik-Sprache tabu sind.<br \/>\n.<br \/>\nWerden wir Zeugen eines Paradigmenwechsels? Tritt Angela Merkel den Gang nach Canossa an? Gesteht sie ein, wie un\u00fcberlegt, dumm, anma\u00dfend, an allen demokratischen Regeln vorbei ihre gener\u00f6se, durch keine Infrastruktur gedeckte Einlass-Politik ist, wie sie damit Deutschland spaltet, die \u00f6ffentliche Sicherheit au\u00dfer Kraft setzt, das demokratische Klima ruiniert, die Juden vertreibt, die Schulen in gef\u00e4hrliche Orte verwandelt? Gibt sie wenigstens nachtr\u00e4glich zu, dass sie verstanden hat, was ihre Erkl\u00e4rung, der Islam geh\u00f6re zu Deutschland, in der Realit\u00e4t, in der allt\u00e4glichen, rauhen Realit\u00e4t der St\u00e4dte Europas wirklich bedeutet?<br \/>\nAngesichts ihrer unersch\u00fctterlichen Selbstsicherheit ist damit nicht zu rechnen.<br \/>\n&#8230; Alles vom 4.11.2020 von Chaim Noll bitte lesen auf<br \/>\n<a href=\"https:\/\/www.achgut.com\/artikel\/tritt_angela_merkel_den_gang_nach_canossa_an\">https:\/\/www.achgut.com\/artikel\/tritt_angela_merkel_den_gang_nach_canossa_an<\/a><br \/>\n.<br \/>\nEinige Kommentare:<br \/>\n<strong>Kein Canossa-Gang: Merkel mu\u00df nichts<\/strong><br \/>\nJa, sehr geehrter Herr Noll, Frau Merkel m\u00fcsste zumindest Fehler eingestehen und ihren Kurs zumindest leicht \u00e4ndern, wenn sie dem Souver\u00e4n gegen\u00fcber verantwortungsvoll und respektvoll handeln w\u00fcrde. Meiner Ansicht nach f\u00fchlt Merkel sich aber nicht oder l\u00e4ngst nicht mehr dem schn\u00f6den deutschen Souver\u00e4n verpflichtet, sondern andern, weitaus \u201ch\u00f6heren und wichtigeren\u201d Dingen. Wenn sie durch den Bundestag stolziert, wirkt sie fast gelangweilt. Der deutsche Souver\u00e4n gilt ihr lediglich als Geldquelle.<br \/>\nK\u00f6nig Heinrich IV. mu\u00dfte nach Canossa gehen, um seine Macht nicht ganz zu verlieren. Er mu\u00dfte sich daf\u00fcr allerdings dem\u00fctigen lassen und enorme k\u00f6rperliche und pers\u00f6nliche Strapazen erdulden. Der Papst mu\u00dfte ihm dann wiederum, aus christlicher Ethik heraus, vergeben, um sich nicht als g\u00fctiger Hirte unglaubw\u00fcrdig zu machen.<br \/>\nAngela Merkel mu\u00df gar nichts. Sie mu\u00df niemanden um Vergebung bitten, keine Fehler eingestehen und ihre Macht wird, \u201cdurch Corona\u201d, trotzdem t\u00e4glich gr\u00f6\u00dfer. Selbst der islamische Terror, oft durch Verbrecher ver\u00fcbt, die durch sie erst als \u201cRefugees\u201d nach Europa gelangten, st\u00e4rkt Merkel eher, als dass er sie politisch schw\u00e4cht, weil die Menschen dadurch noch zus\u00e4tzlich eingesch\u00fcchtert werden. Wer steht noch \u00fcber Merkel? Der Souver\u00e4n? Das Volk? Die hocken mehrheitlich \u00e4ngstlich und sogar dankbar unter ihrem Rock und hoffen, dass sie so besser \u201cgegen Corona\u201d und gegen den Terror gesch\u00fctzt sind. Die Deutschen merken mehrheitlich nicht, sie wollen bislang nicht merken, dass sie unter Merkels Rock langsam ersticken.<br \/>\n4.11.2020, TH.SCH, AO (= Achgut Online)<br \/>\n.<br \/>\n<strong>Ich f\u00fcrchte sogar das Schlimmste f\u00fcr Deutschland.<\/strong><br \/>\nAndere europ\u00e4ische Staaten werden den islamischen Terror nunmehr so satt haben, dass sie schlie\u00dflich handeln werden und zB. vorbestrafte, nur geduldete Islamisten ausweisen oder in Verwahrung nehmen werden oder Moscheen, in denen Hass auf Christen gepredigt wird, schlie\u00dfen. In Deutschland wird all das nat\u00fcrlich nicht passieren. Im Gegenteil, aktuellestes Beispiel Dreseden, und das viele Jahre nach dem gleich gelagerten Fall Anis Amry in Berlin. Da hat niemand irgend etwas dazu gelernt, wie auch mit dieser Regierung ?! In Frankreich bekam der gek\u00f6pfte Lehrer ein Staatbegr\u00e4bnis, in \u00d6sterreich gab es nach dem Terror in Wien Staatstrauertage. In Deutschland kennt niemand die Namen der mittlerweile vielen Opfer. Staatsbegr\u00e4bnis oder Staatstrauertag in Deutschland ? Undenkbar, hier gibt es bestenfalls einen Zweizeiler in der Zeitung nach dem Motto \u201d schon wieder eine\/r\u201d. Die Islamisten in Europa werden jetzt nach Deutschland kommen, auf unser aller Kosten vollversorgt und ungest\u00f6rt sein. Nach 15 Jahren Merkel ist Deutschland zu einem Absurdistan degeneriert, zu einer Heimstatt f\u00fcr Muslime und auch f\u00fcr Islamisten. Obwohl, viel Unterschied scheint da nicht zu sein, denn von den Muslimen kommt zu dieser Problematik ziemlich genau nix, bestenfalls oberfl\u00e4chliches Kondolenzgelaber.<br \/>\n4.11.2020, M.ST<br \/>\n.<br \/>\n<strong>Islamismus = Islam<\/strong><br \/>\nVielen herzlichen Dank, f\u00fcr diesen Artikel. ENDLICH hat jemand mal den Mut und die Erkenntnis, dass dem genau so ist. Islamismus, islamistisch oder was auch immer islam\u2026. ist gleichbedeutend mit Islam. Punkt aus Ende. Der Islam ist definiert durch den Koran, die Erz\u00e4hlungen \u00fcber das Leben von Mohammed, ihrem sog. Propheten, und den Lehrschriften. Und alles was darinnen \u00fcber die Ungl\u00e4ubigen geschrieben steht ist nicht sch\u00f6n. Gar nicht sch\u00f6n. Und der Islam ist in sich der \u00dcberzeugung, eines gar nicht sch\u00f6nen Tages, die ganze Welt unterworfen zu haben. Und darauf hat der \u00fcberzeugte Moslem hinzuarbeiten. Egal mit welchen Mitteln. Entsprechend dem Vorbild des Propheten. Islam = Unterwerfung<br \/>\n4.11.2020, W.D.<br \/>\n.<br \/>\n<strong>Islamist\/Islamismus\/islamistisch &#8230;<\/strong><br \/>\nMan kann gar nicht oft genug darauf hinweisen, dass die Begriffe Islamist\/Islamismus\/islamistisch aus den Propagandafabriken stammen, die uns den klaren Gedanken vernebeln wollen. Durch Framing soll uns glauben gemacht werden, der Islamismus geh\u00f6re nicht zum Islam. Neue deutsche und andere Medien werden einen neuen Dreh finden, die Rechts- und Verfassungsbr\u00fcche im Namen der Menschenrechte der \u00dcberlebenden zu legitimieren.<br \/>\nMerkels \u201cKampf\u201d ist Staatspropaganda, der \u201cFeind\u201d ist jeder, der ihre hidden agenda durchschaut und es wagt, ihr zu widersprechen. In einem demokratischen Rechtsstaat sollten Personen, die mit ihrer r\u00fccksichtslosen Ideologie die innere Sicherheit aush\u00f6hlen, zur Rechenschaft gezogen werden. Dazu geh\u00f6ren all Kulturdekonstrukteure, die herumlaufen und behaupten, der Islam geh\u00f6re zu Deutschland.<br \/>\n4.11.2020, A.r.<br \/>\n.<br \/>\n<strong>\u201cWerden wir Zeugen eines Paradigmenwechsels?\u201d<\/strong><br \/>\nEs gibt wichtigeres zu tun als die Islamisierung zu verhindern. Die neue CO2 Steuer steht vor der T\u00fcr, eine massive Erh\u00f6hung der Grundsteuer muss durchgezogen werden (euphemistisch als Grundsteuerreform bezeichnet), und die Auswirkungen der Euro-Inflation m\u00fcssen \u201csozialvertr\u00e4glich\u201d umverteilt werden, z.B. durch Mietpreisstopp und \u00e4hnliche Enteignungen der b\u00f6sen Kapitalisten (das Geld f\u00fcr die aufgebl\u00e4hten Staatshaushalte wird nicht etwa erarbeitet, sondern durch die EZB elektronisch gedruckt). Au\u00dferdem m\u00fcssen ganz viele neue Windr\u00e4der gebaut werden um die weltweit einmalige Energiewende zu vollenden, die E-Mobilit\u00e4t muss durchgedr\u00fcckt werden, und das Klima mitsamt der ganzen Welt muss ja auch noch gerettet werden. Schlie\u00dflich m\u00fcssen auch noch die EU-Tribute erh\u00f6ht werden (Gro\u00dfbritannien ist weg, und der \u201cGreen Deal\u201d kommt). Am allerwichtigsten ist jedoch die gro\u00dfe Transformation ins gr\u00fcn-sozialistische Paradies. Daf\u00fcr ist es unbedingt notwendig den \u00d6D noch etwas zu vergr\u00f6\u00dfern, und die Industrie etwas zu verkleinern. Damit die gro\u00dfe Transformation auch richtig gut klappt, muss der Kampf gegen \u201cRechts\u201d auf allen Ebenen intensiviert werden, das ist auch nicht umsonst, daf\u00fcr braucht man viele neue Beamte und Steuergelder f\u00fcr die hilfreichen NGOs. Hab ich noch was vergessen? Ach ja, das aller wichtigste, die Beamtengeh\u00e4lter und Pensionen werden jetzt ein klein wenig erh\u00f6ht &#8211; die Belohnung f\u00fcr die erfolgreiche Politik der letzten Jahre.<br \/>\n4.11.2020, TH.B.<br \/>\nEnde Kommentare<\/p>\n<p>.<\/p>\n<p><strong>Der Krieg ist unter uns &#8211; Politiker als Heuchler<\/strong><br \/>\nAlle Politiker, die jetzt Entsetzen \u00fcber den Terroranschlag in Wien \u00e4u\u00dfern, sind Heuchler. Seit Jahren werden islamistische Anschl\u00e4ge in Europa ver\u00fcbt. Wenn sie etwas kleiner sind, werden sie gern verschwiegen, oder verharmlost, wie der k\u00fcrzlich rechtzeitig aufgedeckte Nagelbombenanschlag auf einen Regionalzug in K\u00f6ln-Deutz am 3. Oktober diesen Jahres. Der ist schon wieder vergessen, obwohl die Sache erst einen Monat her ist. Danach kam am 4. Oktober der Anschlag in Dresden, eines syrischen Islamisten, der aber leider nicht abgeschoben werden konnte, da es f\u00fcr ihn in Syrien zu gef\u00e4hrlich ist. Das Motiv Schwulenfeindlichkeit, das auf Islamismus deutet, wurde verschwiegen, bis es nicht mehr ging.<br \/>\n&#8230;.<br \/>\n<em>\u201eIch bin in diesen schrecklichen Stunden, in denen Wien Ziel terroristischer Gewalt geworden ist, in Gedanken bei den Menschen dort und den Sicherheitskr\u00e4ften, die der Gefahr entgegentreten\u2026 Wir Deutschen stehen in Anteilnahme und Solidarit\u00e4t an der Seite unserer \u00f6sterreichischen Freunde\u2026 Der islamistische Terror ist unser gemeinsamer Feind. Der Kampf gegen diese M\u00f6rder und ihre Anstifter ist unser gemeinsamer Kampf.\u201c<br \/>\n(Zitat Angela Merkel)<\/em><br \/>\nDas sagt die Frau, die 2015 mit ihrem einsamen Entschluss die unkontrollierte Masseneinwanderung nach Europa ausl\u00f6ste und die sich bis heute weigert, den entsprechenden Ministerbeschluss r\u00fcckg\u00e4ngig zu machen.<br \/>\nDas sagt die Frau, die zwar mit aller Konsequenz Corona-Zwangsma\u00dfnahmen gegen die eigene Bev\u00f6lkerung verh\u00e4ngt, aber nicht willens ist, islamistische Gef\u00e4hrder anzuschieben. Das sagt die Frau, deren Regierung daran arbeitet, Familienzusammenf\u00fchrungen im gro\u00dfen Stil zu erm\u00f6glichen, statt die jungen M\u00e4nner, deren Asylantrag abgelehnt wurde, zu ihren Familien zur\u00fcckzuschicken.<br \/>\nDas sagt die Frau, die schnell bei der Hand ist, mit Warnungen vor der rechten Gefahr und die von der Antifa gestohlene Videoschnipsel in aller Welt bekannt macht als Beweis f\u00fcr angebliche rechtsradikale Hetzjagden, von der man aber nichts h\u00f6rt, wenn Islamisten auf dem Herrmannplatz in Berlin die Enthauptung Samuel Patys mit Allahu Akbar-Rufen feiern und vor der Franz\u00f6sischen Botschaft in Berlin Dankgebete f\u00fcr die T\u00e4ter in Frankreich abhalten. Wie soll Merkels Kampf gegen den Islamismus aussehen, wenn solche Kundgebungen ungehindert stattfinden k\u00f6nnen?<br \/>\n&#8230; Alles vom 4.11.2020 von Vera Lengsfeld bitte lesen auf<br \/>\n<a href=\"https:\/\/vera-lengsfeld.de\/2020\/11\/03\/der-krieg-ist-unter-uns\/\">https:\/\/vera-lengsfeld.de\/2020\/11\/03\/der-krieg-ist-unter-uns\/<\/a><br \/>\n.<\/p>\n<p><strong>Islamismus und Identit\u00e4tslinke: Ursachensuche nach dem Wiener Terroranschlag<\/strong><br \/>\nDie eigentliche Frage, die man stellen muss, lautet: Was macht religi\u00f6se Radikalisierung im Rahmen des Islam f\u00fcr junge M\u00e4nner attraktiv? Warum gehen Sie nicht ins Sportstudio und versuchen eine Identit\u00e4t, als starker und toller Typ aufzubauen?<br \/>\nDie Antwort auf diese Frage muss zwei Arten von radikalisierten Islamisten erkl\u00e4ren: Diejenigen, die mehr oder minder als Auftrags-M\u00f6rder nach Europa kommen, wie Abdullah al Haj Hasan (Dresden) oder Brahim Aouissaoui (Nizza) und diejenigen, die in westlichen Gesellschaften aufwachsen, dort in die Schule gehen, sozialisiert werden: Kutjim Fejzulai (Wien) und Abdoulah Anzorov (Paris). Offenkundig ist das Motiv, die eigene fanatisch \u00fcberh\u00f6hte Religion gegen westliche Kultur zu stellen, aggressiv die \u00dcberlegenheit der eigenen \u201cKultur\u201d darzustellen, von zentraler Bedeutung.<br \/>\nAllein die Wahl der Mittel spricht schon daf\u00fcr. Anzorov, der einen Frevel an dem, was ihm wohl heilig ist, mit Mord r\u00e4cht (Paris). Al Haj Hasan, der Homosexuelle angreift, einen ermordet, einen verletzt (Dresden). Aouissaoui, der seine Opfer in einer Kirche sucht (Nizza), und nun Fejzuali, der wohl gemeinsam mit Mitt\u00e4tern, die noch auf der Flucht sind, einen \u00dcberfall im Kern von Wien durchf\u00fchrt, auf Menschen, die in einer Kneipe sitzen oder die ihm auf dem Weg dahin begegnen (Wien).<br \/>\n&#8230;<br \/>\nDas erschreckende Ergebnis dieser Analyse ist ein diabolisches Zusammenspiel zwischen a) denen, die nichts unversucht lassen, um die westliche Kultur, das Erbe aus Liberalismus, Kapitalismus, das mit wei\u00dfen M\u00e4nnern, westlichen Werten, mit heterosexueller Arbeitsteilung und einer Dominanz von M\u00e4nnern im \u00f6ffentlichen Leben verbunden ist, zu zerst\u00f6ren;<br \/>\nb) denen, f\u00fcr die das Angebot, sich als Mitglied einer schwachen Gesellschaft, in der jede Form der Ehre und W\u00fcrde als rechtsextrem gilt und das, was die Mehrheit praktiziert, als patriarachlische Herrschaftsstruktur bek\u00e4mpft wird;<br \/>\nc) und denen, die junge M\u00e4nner, die wie Treibholz im Meer der gesellschaftlichen Dekadenz schwimmen, abfischen und ihrer Sehnsucht nach Halt und Bedeutung, eine neue Richtung geben: Den Hasspredigern und Rekruteuren f\u00fcr den radikalen Islam;<br \/>\n.<br \/>\nWenn unsere Analyse richtig ist, dann sind nicht nur diejenigen, die junge M\u00e4nner radikalisieren, das Problem, sondern auch diejenigen, die von Hochschulen und staatlich finanzierten Organisationen aus, nichts unversucht lassen, um die westliche Kultur, das Erbe westlicher Gesellschaften zu zerst\u00f6ren, um sie mit einem Patchwork diverser Abweichungen zu ersetzen, f\u00fcr die Radikalisierung junger M\u00e4nner verantwortlich. Letztere dadurch, dass sie Schulausbildung und \u00f6ffentlichen Diskurs mit ihren linksidentit\u00e4ren Vorstellungen inkubieren, erstere dadurch, dass sie junge M\u00e4nner, die in der identit\u00e4ren Gesellschaft nicht heimisch werden, abfischen und ihnen einen neuen Lebenssinn, eine Identit\u00e4t bereitstellen.<br \/>\n&#8230; Alles vom 3.11.2020 bitte lesen auf<br \/>\n<a href=\"https:\/\/sciencefiles.org\/2020\/11\/03\/islamismus-und-identitatslinke-ursachensuche-nach-dem-wiener-terroranschlag\/\">https:\/\/sciencefiles.org\/2020\/11\/03\/islamismus-und-identitatslinke-ursachensuche-nach-dem-wiener-terroranschlag\/<\/a><\/p>\n<hr \/>\n<p><strong>Terrortoleranz &#8211; die Realit\u00e4t linksgr\u00fcnen Toleranz-Wahns<\/strong><br \/>\nAm Ende gewinnt immer die Realit\u00e4t, und die letzte Realit\u00e4t linksgr\u00fcnen Toleranz-Wahns sind Terror, Tod und Traurigkeit. All ihr Linken, L\u00fcgner und Leugner, tragt ihr denn nicht Mitschuld an jedem einzelnen Toten?<br \/>\n&#8230;<br \/>\nToleranz und Tote. In der Theorie (so man linksgr\u00fcne Weltbilder \u00fcberhaupt \u00bbTheorie\u00ab nennen kann) bedeutet \u00bbToleranz\u00ab ein wohliges Bauchgef\u00fchl beim Fair-Trade-Latte-Macchiato im sozial und kulturell homogenen Clubcaf\u00e9 der Bessermenschen \u2013 in Praxis und Realit\u00e4t bedeutet \u00bbToleranz\u00ab heute, dass einer fragt: \u00bbHast du von dem Terror-Anschlag geh\u00f6rt?\u00ab, und der andere antwortet: \u00bbVon welchem?\u00ab<br \/>\n\u00bbToleranz\u00ab bedeutet in der Praxis, dass man auf Twitter einen Stadtnamen trenden sieht, und schon die Tweets der Politiker und anderen L\u00fcgner an deren Stelle schreiben kann: \u00bbMeine Gedanken sind bei den Angeh\u00f6rigen der Opfer von (NAME DER STADT). Extremismus und Gewalt d\u00fcrfen nie \u00fcber unsere Werte siegen. Blaah, blipp, blupp\u2026\u00ab<br \/>\nAnfang November 2020, kurz vorm Lockdown, starben in Wien (Stand 3.11.2020, Vormittag) vier Menschen infolge von \u00bbToleranz\u00ab, f\u00fcnfzehn weitere Menschen wurden verletzt, sieben davon schwer. Einer der M\u00f6rder bekennt sich zum \u00bbIslamischen Staat\u00ab, einer ist am fr\u00fchen Dienstag Morgen noch auf der Flucht.<br \/>\n&#8230; Alles vom 3.11.2020 von Dushan Wegner bitte lesen auf<br \/>\n<a href=\"https:\/\/www.dushanwegner.com\/terrortoleranz\/\">https:\/\/www.dushanwegner.com\/terrortoleranz\/<\/a>.<\/p>\n<p>&nbsp;<\/p>\n<p><strong>Merkel: &#8222;Der islamistische Terror ist unser gemeinsamer Feind\u201c<\/strong><br \/>\nDer franz\u00f6sische Pr\u00e4sident Macron gab sich wieder k\u00e4mpferisch: \u201eNach Frankreich ist es ein befreundetes Land, das angegriffen wird. Dies ist unser Europa. Unsere Feinde m\u00fcssen wissen, mit wem sie es zu tun haben. Wir werden nicht nachgeben.\u201c Das war vielleicht erwartbar. Aber was die deutsche Bundeskanzlerin Angela Merkel, die nun wahrlich nicht f\u00fcr pr\u00e4gnanten Klartext bekannt ist, heute erkl\u00e4rt, l\u00e4sst aufmerken:<br \/>\n<em><strong>\u201eDer islamistische Terror ist unser gemeinsamer Feind. <\/strong><\/em><br \/>\n<em><strong>Der Kampf gegen diese M\u00f6rder und ihre Anstifter ist unser gemeinsamer Kampf.\u201c<br \/>\n<\/strong><\/em>\u00a0.<br \/>\nEin solcher Satz und das schon so fr\u00fch, das hat es von der Bundeskanzlerin nach einem islamistischen Anschlag noch nicht gegeben. Wer sich noch an den Angriff auf den Weihnachtsmarkt auf dem <a href=\"https:\/\/www.freiburg-schwarzwald.de\/blog\/engagement\/zukunft\/demokratie\/berlin19dez2016\/\">Berliner Breitscheidplatz<\/a> vor knapp vier Jahren erinnert, wei\u00df, dass am Morgen danach kein politischer Verantwortungstr\u00e4ger von einem islamistischen Anschlag sprach. Es dauerte, bis \u2013 gewohnt versch\u00e4mt \u2013 der ideologische Hintergrund der Morde Erw\u00e4hnung fand.<br \/>\nWas ist heute anders? Folgt Merkel einfach der Macron-Linie? Glaubt auch das Kanzlerin-Team inzwischen nicht mehr daran, dass sich die Bev\u00f6lkerung mit Appeasement-Worten beruhigen l\u00e4sst?<br \/>\nHierin ein Zeichen f\u00fcr einen tats\u00e4chlichen Kurswechsel zu sehen, w\u00e4re wohl eine deutlich \u00fcbertriebene politische Astrologie.<br \/>\n&#8230; Alles vom 3.11.2020 bitte lesen auf<br \/>\n<a href=\"https:\/\/www.achgut.com\/artikel\/unser_gemeinsamer_feind\">https:\/\/www.achgut.com\/artikel\/unser_gemeinsamer_feind<\/a><\/p>\n","protected":false},"excerpt":{"rendered":"<p>Home\u00a0&gt;Religion\u00a0&gt;Islam\u00a0&gt;Terror\u00a0&gt;Christenverfolgung &gt;Wien-Islamisten2-11-2020 Bild zu Paris (bekannt) und Bild zu Wien (unbekannt) (13.11.2020) Selbstmord: kulturell wie politisch\u00a0(11.11.2020) Chefredakteur-Digital der WELT: \u201ablind auf dem Auge des Islamismus\u2019 (5.11.2020) Nach Wien: Tritt Angela Merkel den Gang nach Canossa an?\u00a0 (4.11.2020) Wien: Islamistischer Terror &hellip; <a href=\"https:\/\/www.freiburg-schwarzwald.de\/blog\/global\/oesterreich\/wien-islamisten2-11-2020\/\">Weiterlesen <span class=\"meta-nav\">&rarr;<\/span><\/a><\/p>\n","protected":false},"author":2,"featured_media":0,"parent":60290,"menu_order":0,"comment_status":"closed","ping_status":"closed","template":"","meta":{"footnotes":""},"class_list":["post-84342","page","type-page","status-publish","hentry"],"_links":{"self":[{"href":"https:\/\/www.freiburg-schwarzwald.de\/blog\/wp-json\/wp\/v2\/pages\/84342","targetHints":{"allow":["GET"]}}],"collection":[{"href":"https:\/\/www.freiburg-schwarzwald.de\/blog\/wp-json\/wp\/v2\/pages"}],"about":[{"href":"https:\/\/www.freiburg-schwarzwald.de\/blog\/wp-json\/wp\/v2\/types\/page"}],"author":[{"embeddable":true,"href":"https:\/\/www.freiburg-schwarzwald.de\/blog\/wp-json\/wp\/v2\/users\/2"}],"replies":[{"embeddable":true,"href":"https:\/\/www.freiburg-schwarzwald.de\/blog\/wp-json\/wp\/v2\/comments?post=84342"}],"version-history":[{"count":5,"href":"https:\/\/www.freiburg-schwarzwald.de\/blog\/wp-json\/wp\/v2\/pages\/84342\/revisions"}],"predecessor-version":[{"id":84719,"href":"https:\/\/www.freiburg-schwarzwald.de\/blog\/wp-json\/wp\/v2\/pages\/84342\/revisions\/84719"}],"up":[{"embeddable":true,"href":"https:\/\/www.freiburg-schwarzwald.de\/blog\/wp-json\/wp\/v2\/pages\/60290"}],"wp:attachment":[{"href":"https:\/\/www.freiburg-schwarzwald.de\/blog\/wp-json\/wp\/v2\/media?parent=84342"}],"curies":[{"name":"wp","href":"https:\/\/api.w.org\/{rel}","templated":true}]}}