{"id":81701,"date":"2020-06-28T12:38:29","date_gmt":"2020-06-28T10:38:29","guid":{"rendered":"https:\/\/www.freiburg-schwarzwald.de\/blog\/?page_id=81701"},"modified":"2026-03-29T17:30:35","modified_gmt":"2026-03-29T15:30:35","slug":"bayern","status":"publish","type":"page","link":"https:\/\/www.freiburg-schwarzwald.de\/blog\/global\/bayern\/","title":{"rendered":"Bayern"},"content":{"rendered":"<p>&nbsp;<\/p>\n<div id=\"attachment_81717\" style=\"width: 650px\" class=\"wp-caption alignnone\"><a href=\"https:\/\/www.freiburg-schwarzwald.de\/blog\/global\/bayern\/niedersonthofenersee-rad-pan20200623\/\" rel=\"attachment wp-att-81717\"><img loading=\"lazy\" decoding=\"async\" aria-describedby=\"caption-attachment-81717\" class=\"size-full wp-image-81717\" src=\"https:\/\/www.freiburg-schwarzwald.de\/blog\/wp-content\/uploads\/2020\/06\/niedersonthofenersee-rad-pan20200623.jpg\" alt=\"Niederhofener See zwischen Immenstadt und Kempten am 23.6.2020 (Illerradweg)\" width=\"640\" height=\"316\" srcset=\"https:\/\/www.freiburg-schwarzwald.de\/blog\/wp-content\/uploads\/2020\/06\/niedersonthofenersee-rad-pan20200623.jpg 640w, https:\/\/www.freiburg-schwarzwald.de\/blog\/wp-content\/uploads\/2020\/06\/niedersonthofenersee-rad-pan20200623-180x88.jpg 180w\" sizes=\"auto, (max-width: 640px) 100vw, 640px\" \/><\/a><p id=\"caption-attachment-81717\" class=\"wp-caption-text\">Niederhofener See zwischen Immenstadt und Kempten am 23.6.2020 (Illerradweg)<\/p><\/div>\n<p>&nbsp;<\/p>\n<ul>\n<li><em>Listenauswahl eines Beitrags (Artikel\/Datum, Seite\/Inhalt): <span style=\"text-decoration: underline;\">Klicken<\/span> oder scrollen<\/em><\/li>\n<li><a href=\"https:\/\/www.freiburg-schwarzwald.de\/blog\/energie\/energiewende\/energie-kurskorrektur\/\">Outdoor Chiemgau: Windr\u00e4der jetzt unrentabel f\u00fcr Betreiber \u2013 Neue Regelungen<\/a>\u00a0(20.3.2026)<\/li>\n<li><a href=\"https:\/\/www.freiburg-schwarzwald.de\/blog\/engagement\/zukunft\/demokratie\/extremismus\/linksextremismus\/\">Linksextremismus: 690 Anschl\u00e4ge in f\u00fcnf Jahren allein in Bayern<\/a> (5.12.2025)<\/li>\n<li><a href=\"https:\/\/www.freiburg-schwarzwald.de\/blog\/wangen-syrer-ersticht-kleinkind\/\">Wangen: Syrer sticht Kleinkind<\/a>\u00a0(8.4.2024)<\/li>\n<li><a href=\"https:\/\/www.freiburg-schwarzwald.de\/blog\/energie\/strom\/strommangel\/\">Strommangel: Spanisches Unternehmen kann kein Rechenzentrum in Bayern bauen<\/a>\u00a0(29.12.2023)<\/li>\n<li>Gr\u00fcn regiert &#8211; trotz Wahl-Niederlage in Bayern und Hessen (10.10.2023)<\/li>\n<li>Oktoberfest 2023: 7,2 Millionen Besucher und 6 Ermittlungen wegen Vergewaltigung (3.10.2023)<\/li>\n<li><a href=\"https:\/\/www.freiburg-schwarzwald.de\/blog\/wolffsohn-juden-im-wahlkampf\/\">Wolffsohn: Juden im Wahlkampf<\/a>\u00a0(29.8.2023)<\/li>\n<li>Sozialismus funktioniert nirgends &#8211; au\u00dfer auf dem Oktoberfest (22.9.2022)<\/li>\n<li>Bayern deutlich mehr Intensivpatienten als Schweden (22.11.2021)<\/li>\n<li>Bayerischen Landtag abberufen &#8211; Volksentscheid (12.8.2021)<\/li>\n<li><a href=\"https:\/\/www.freiburg-schwarzwald.de\/blog\/selbsthilfe\/psyche\/wahn\/\">Corona-Sitzverbot in Bibliothek: Polizei f\u00fchrt Rentner ab<\/a>\u00a0(11.8.2021)<\/li>\n<li>\u00dcber 44.000 Corona-Testpersonen ohne Info \u00fcber das Testergebnis (15.8.2020)<\/li>\n<li>Kriminalstatistik 2019 Bayern: 35 % der Straft\u00e4ter sind Ausl\u00e4nder (ohne D mit Migrationshintergrund) (13.8.2020)<\/li>\n<li>Balderschwang &#8211; Hochtal zwischen Sonthofen und Oberstaufen (24.6.2020)<\/li>\n<li>Illerradweg zwischen Oberstdorf und Kempten im Allg\u00e4u (23.6.2020)<\/li>\n<li><a href=\"https:\/\/www.freiburg-schwarzwald.de\/bayern.htm\">https:\/\/www.freiburg-schwarzwald.de\/bayern.htm<\/a>\u00a0(Archivseite Bayern)<\/li>\n<\/ul>\n<p>&nbsp;<\/p>\n<p><strong>Gr\u00fcn regiert &#8211; trotz Wahl-Niederlage in Bayern und Hessen<\/strong><br \/>\nIn Bayern wie Hessen votierte die Mehrheit gegen den rot-gr\u00fcnen Gesellschaftsumbau (1). Afd auf Platz 2 bzw. 3 und Gr\u00fcne auf jeweils Platz 4.<br \/>\nW\u00e4hlerwanderungen werden bis auf die Tausenderstelle gemeldet, aber nicht, da\u00df die junge W\u00e4hlerschaft mehrheitlich rechts und AfD w\u00e4hlt.<br \/>\nDas ern\u00fcchternde Fazit: In Berlin werden die Gr\u00fcnen trotz der herben Verluste in Bayern und Hessen ihre Transformationspolitik fortsetzen: FDP und SPD sind zu schwach (2) und CDU\/CSU unwillig, dagegen zu opponieren. So k\u00f6nnen die Gr\u00fcnen, die&#8220;weder vom deutschen Volk, noch von der deutschen Wirtschaft, noch von der deutschen Kultur viel \u00fcbrig lassen wollen \u2013 von der deutschen Natur strengenommen auch nicht&#8220; (1), \u00fcber die Ampel auch ohne gesellschaftliche Mehrheit ihr Zerst\u00f6rungswerk fortsetzen.<br \/>\n10.10.2023<br \/>\n.<br \/>\nEnde von Beitrag &#8222;Gr\u00fcn regiert &#8211; trotz Wahl-Niederlage in Bayern und Hessen<br \/>\n=======================================================<br \/>\nBeginn von Anlagen (1) &#8211; (2)<\/p>\n<p>(1) Klonovsky: Mehrheit der W\u00e4hlervotierte gegen den rot-gr\u00fcnen Gesellschaftsumbau<br \/>\nDer gro\u00dfe \u00f6ffentliche Intelligenztest in Bayern und Hessen zeitigte halbwegs zufriedenstellende Resultate. Die Mehrheit der W\u00e4hler votierte gegen den rot-gr\u00fcnen Gesellschaftsumbau. W\u00e4hrend der wachsende blaue Balken die Fieberkurve des Landes beschreibt, signalisiert der schwindende gr\u00fcne den Wohlstandsverlust.<br \/>\nGr\u00fcn zu w\u00e4hlen, muss man sich leisten k\u00f6nnen. Aber Deutschland ist kein reiches Land mehr und war es im Grunde nie, Pro-Kopf-Verm\u00f6gen und Immobilienbesitzeranteil sind im europ\u00e4ischen Vergleich l\u00e4cherlich niedrig; Deutschland war leistungsf\u00e4hig. Das hei\u00dft, die Politiker konnten hinreichend viele Steuern eintreiben, um ihre sozialdemokratische Innen- und pazifistische Au\u00dfenpolitik zu bezahlen. Bis dieses arme Land sich die gr\u00fcne Krankheit einfing. Dagegen, dass sie chronisch und schlie\u00dflich letal wird, rebelliert anscheinend das kollektive Immunsystem nun doch.<br \/>\n&#8230; Alles vom 9.10.2023 von Michael Klonovsky auf der &#8222;Acta diurna&#8220; bitte lesen auf<br \/>\n<a href=\"https:\/\/www.klonovsky.de\/2023\/10\/9-oktober-2023\/\">https:\/\/www.klonovsky.de\/2023\/10\/9-oktober-2023\/<\/a><br \/>\n.<\/p>\n<p><strong>(2) Gr\u00fcne nur auf Platz vier \u2013 jetzt werden sie eskalieren<\/strong><br \/>\nDie Gr\u00fcnen haben in ihrer Eskalation drei Pfunde in der Hand. Das eine ist der willensschw\u00e4chste Kanzler, den die Bundesrepublik je hatte. Das andere ist ein FDP-Chef, der lieber schlecht regiert, als sich eine Party auf Sylt nicht mehr leisten zu k\u00f6nnen. Und das Entscheidende ist eine Oppositionspartei CDU\/CSU, die entgegen aller Beteuerungen sofort bereit w\u00e4re, eine Koalition mit Gr\u00fcnen und FDP anzuf\u00fchren, wenn die nur \u00fcberlaufen w\u00fcrden. Das verleiht den Gr\u00fcnen eine m\u00e4chtige Position. Obendrein verf\u00fcgen die Gr\u00fcnen mit ARD und ZDF \u00fcber einen 8,5 Milliarden Euro schweren Propaganda-Apparat, den zumindest Christian Lindner als ideologischen Zuchtmeister f\u00fcrchtet.<br \/>\n&#8230; Alles vom 9.10.2023 bitte lesen auf<br \/>\n<a href=\"https:\/\/www.tichyseinblick.de\/meinungen\/wahlen-hessen-bayern-gruene-platz-vier\">https:\/\/www.tichyseinblick.de\/meinungen\/wahlen-hessen-bayern-gruene-platz-vier<\/a>\/<\/p>\n<p>&nbsp;<\/p>\n<p>&nbsp;<\/p>\n<p><strong>Oktoberfest 2023: 7,2 Millionen Besucher und 6 Ermittlungen wegen Vergewaltigung<\/strong><br \/>\nHeute geht, zu meinem Kummer, das Oktoberfest zu Ende. Die Bilanz: 7,2 Millionen Besucher, 6,5 Millionen geleerte Ma\u00df Bier (ich bin unschuldig an diesem Missverh\u00e4ltnis), 115.600 \u201esichergestellte\u201d, also heimlich oder versehentlich mitgenommene Bierkr\u00fcge (wer z\u00e4hlt so was eigentlich?), 1093 angezeigte Straftaten, davon 268 K\u00f6rperverletzungsdelikte, in 29 F\u00e4llen mit einem Ma\u00dfkrug als Tatwaffe. Es gab 73 Meldungen \u00fcber \u201esexuelle Bel\u00e4stigungen oder Beleidigungen\u201d. In sechs F\u00e4llen wird wegen Vergewaltigung ermittelt.<br \/>\n7,2 Millionen zum Teil stark alkoholisierte Besucher und sechs F\u00e4lle, in denen wegen Vergewaltigung ermittelt wird. Das Wiesn-Publikum scheint einfach nicht divers genug zu sein. Und wie haben unsere Medienschaffenden das Oktoberfest auch diesmal als deutsche Alternative zum Tahir-Platz beworben! Allein das Hochbegabtenportal t\u2011online alarmierte im Tagestakt und verhinderte so weit Schlimmeres.<br \/>\n&#8230;. Alles vom 3.10.2023 bitte lesen auf<br \/>\n<a href=\"https:\/\/www.klonovsky.de\/2023\/10\/3-oktober-2023\/\">https:\/\/www.klonovsky.de\/2023\/10\/3-oktober-2023\/<\/a><\/p>\n<p>&nbsp;<\/p>\n<p><strong>Sozialismus funktioniert nirgends &#8211; au\u00dfer auf dem Oktoberfest<\/strong><br \/>\nDas Oktoberfest ist eine Saturnalie der Heteronormativit\u00e4t, der Lebenslust und der Integration von Allen und Jedem; es wird massenhaft Fleisch verzehrt, Bier getrunken, hemmungslos geflirtet, ja es werden sogar sexistische Lieder gegr\u00f6lt, und niemand macht sich ein schlechtes Gewissen daraus;<br \/>\ndie Besucher, egal welcher Nationalit\u00e4t und Hautfarbe, h\u00fcllen sich in die traditionelle bayrische Tracht, und der kollektive Rausch stellt in den Festzelten tempor\u00e4r jene klassen- und v\u00f6lker\u00fcbergreifende Gleichheit her, von welcher unsere bis in die Bandscheibensch\u00e4den d\u00fcnkeldurchtr\u00e4nkten Bessermenschen immer nur plappern; nicht zuletzt ist die Wiesn eine Bargeldzone.<br \/>\nDie Brustverberger:*_Innen jederlei Geschlechts bei der Zeit und all ihre Kollegen auf den redaktionellen Fortschrittsstrichen haben also hinreichende Gr\u00fcnde, die M\u00fcnchner Gro\u00dfkirmes neidisch zu verabscheuen. G\u00f6nnen wir ihnen das geifernde Vergn\u00fcgen, sie haben ja, au\u00dfer den Wonnen der Rechthaberei, kaum andere. Prosit!<br \/>\n&#8230; Alles vom 22.9.2022 von <a href=\"https:\/\/www.freiburg-schwarzwald.de\/blog\/kultur\/dichter\/klonovsky\/\">Michael Klonovsky<\/a> bitte lesen auf<br \/>\n<a href=\"https:\/\/www.klonovsky.de\/2022\/09\/22-september-2022\/\">https:\/\/www.klonovsky.de\/2022\/09\/22-september-2022\/<\/a><\/p>\n<p>&nbsp;<\/p>\n<p><strong>Bayern deutlich mehr Intensivpatienten als Schweden<\/strong><br \/>\n\u201eGegenw\u00e4rtig ist das interessanteste Beispiel <a href=\"https:\/\/www.freiburg-schwarzwald.de\/blog\/global\/schweden\/\">Schweden<\/a>. Schweden hat praktisch keine Belastung auf den Intensivstationen. Uns fehlen einfach die M\u00f6glichkeiten, das zu begr\u00fcnden. Also wenn man jetzt mal auf die Zahlen schaut, hat Bayern deutlich mehr Intensivpatienten als Schweden. Und ich habe selten so ratlos davorgestanden und kann eigentlich auch nur spekulieren, warum das so ist.\u201c<br \/>\n22.11.2021, Gerd Antes, Medizinstatistiker, im Deutschlandfunk<\/p>\n<p>&nbsp;<\/p>\n<p><strong>Bayerischen Landtag abberufen &#8211; Volksentscheid<\/strong><\/p>\n<p><a href=\"https:\/\/buendnis-landtag-abberufen.de\/\">https:\/\/buendnis-landtag-abberufen.de\/<\/a><br \/>\n<a href=\"https:\/\/wirvolksentscheider.de\/\">https:\/\/wirvolksentscheider.de\/<\/a><br \/>\n12.8.2021<\/p>\n<p>&nbsp;<\/p>\n<p><strong>\u00dcber 44.000 Corona-Testpersonen ohne Info \u00fcber das Testergebnis<\/strong><br \/>\nIn Bayern haben sich 44.000 zumeist freiwillig testen lassen und bei 900 davon lieferte der Test ein positives Ergebnis. Doch waren bis zu zwei Wochen nach dem Test noch immer nicht informiert. Dass die 43.100 mit negativen Ergebnis keine Reaktion zeigten, verwundet nicht.<br \/>\nAber h\u00e4tten die 900 positiv Getesteten nicht gr\u00f6\u00dftenteils wenige Tage nach diesem Test als nunmehr Identifizierte erkranken und sp\u00e4testens nach den ersten Symptomen auf ihre Testergebnisse pochen m\u00fcssen? Oder andere anstecken m\u00fcssen?<br \/>\nOffensichtlich ist niemand der 900 positiv Getesteten tats\u00e4chlich erkrankt oder gar verstorben. Gem\u00e4\u00df der von der Bundesregierung behaupteten Sterberate von \u00fcber 4 Prozent h\u00e4tten doch mehr als 36 in Bayern getestete Personen verstorben sein m\u00fcssen. Gl\u00fccklicherweise ist dies wohl alles ausgeblieben.<br \/>\nLiefert die Testpanne in Bayern nicht das Ergebnis, dass es sich bei <a title=\"Corona-Virus\" href=\"https:\/\/www.freiburg-schwarzwald.de\/blog\/business\/gesund\/corona-virus\/\">Corona<\/a> wohl nicht um das vielgef\u00fcrchtete Killer-Virus handelt?<br \/>\n15.8.2020<\/p>\n<p>&nbsp;<\/p>\n<p><strong>Kriminalstatistik 2019 Bayern: 35 % der Straft\u00e4ter sind Ausl\u00e4nder (ohne D mit Migrationshintergrund)<\/strong><br \/>\nFestzustellen ist allerdings \u2013 und wir nehmen hier einmal die dankenswerterweise vergleichsweise besonders ausf\u00fchrliche Kriminalstatistik 2019 aus Bayern: Ein \u00fcberproportional hoher Anteil der Straftaten auch in Bayern wird von Ausl\u00e4ndern begangen.<br \/>\nDas hei\u00dft, \u00fcber 35 Prozent der Straft\u00e4ter dort sind Ausl\u00e4nder (Deutsche mit Migrationshintergrund also nicht mitgez\u00e4hlt). Und als Bezugsgr\u00f6\u00dfe: 2019 lag dieser Anteil bei rund 12,5 Prozent.<br \/>\nNehmen wir die Statistik der Straftaten gegen das Leben, stehen in Bayern 214 nichtdeutschen Tatverd\u00e4chtigen 383 Deutsche gegen\u00fcber (einschlie\u00dflich solcher mit Migrationshintergrund). Von den 214 Nichtdeutschen (35,8 Prozent) sind 78 Zuwanderer.<\/p>\n<p>Bei Straftaten gegen die <a title=\"Frauenproteste\" href=\"https:\/\/www.freiburg-schwarzwald.de\/blog\/selbsthilfe\/frauen\/frauenproteste\/\">sexuelle Selbstbestimmung<\/a> sind 30,6 Prozent nichtdeutsche T\u00e4ter. Bei K\u00f6rperverletzungen sind 36,7 Prozent nichtdeutsche T\u00e4ter.<br \/>\nBei Gewaltkriminalit\u00e4t 44,4 Prozent nichtdeutsche T\u00e4ter und beispielsweise bei Raub\/r\u00e4uberische Erpressung sind 46,2 Prozent der T\u00e4ter nichtdeutscher Herkunft.<br \/>\nBei rund 12,5 Prozent an der Bev\u00f6lkerung; mithin sind sie drei bis vier mal h\u00e4ufiger T\u00e4ter in diesen besonders problematischen F\u00e4llen.<br \/>\n&#8230; Alles von Alexander Wallasch vom13.8.2020 bitte lesen auf <a href=\"https:\/\/www.tichyseinblick.de\/kolumnen\/alexander-wallasch-heute\/umfrage-verschleiert-sexuelle-gewalt-von-migranten-gegen-maedchen-und-frauen\/\">https:\/\/www.tichyseinblick.de\/kolumnen\/alexander-wallasch-heute\/umfrage-verschleiert-sexuelle-gewalt-von-migranten-gegen-maedchen-und-frauen\/<\/a><\/p>\n<p>&nbsp;<\/p>\n<p>&nbsp;<\/p>\n<p><strong>Balderschwang &#8211; Hochtal zwischen Sonthofen und Oberstaufen<\/strong><\/p>\n<p><a href=\"https:\/\/www.freiburg-schwarzwald.de\/blog\/global\/bayern\/balderschwang1schwabenhof0200624\/\" rel=\"attachment wp-att-81711\"><img loading=\"lazy\" decoding=\"async\" class=\"alignnone size-thumbnail wp-image-81711\" src=\"https:\/\/www.freiburg-schwarzwald.de\/blog\/wp-content\/uploads\/2020\/06\/balderschwang1schwabenhof0200624-180x135.jpg\" alt=\"balderschwang1schwabenhof0200624\" width=\"180\" height=\"135\" srcset=\"https:\/\/www.freiburg-schwarzwald.de\/blog\/wp-content\/uploads\/2020\/06\/balderschwang1schwabenhof0200624-180x135.jpg 180w, https:\/\/www.freiburg-schwarzwald.de\/blog\/wp-content\/uploads\/2020\/06\/balderschwang1schwabenhof0200624-640x480.jpg 640w, https:\/\/www.freiburg-schwarzwald.de\/blog\/wp-content\/uploads\/2020\/06\/balderschwang1schwabenhof0200624.jpg 1009w\" sizes=\"auto, (max-width: 180px) 100vw, 180px\" \/><\/a>\u00a0 \u00a0 \u00a0 \u00a0 \u00a0\u00a0<a href=\"https:\/\/www.freiburg-schwarzwald.de\/blog\/global\/bayern\/balderschwang2schwabenhof0200624\/\" rel=\"attachment wp-att-81712\"><img loading=\"lazy\" decoding=\"async\" class=\"alignnone size-thumbnail wp-image-81712\" src=\"https:\/\/www.freiburg-schwarzwald.de\/blog\/wp-content\/uploads\/2020\/06\/balderschwang2schwabenhof0200624-180x135.jpg\" alt=\"balderschwang2schwabenhof0200624\" width=\"180\" height=\"135\" srcset=\"https:\/\/www.freiburg-schwarzwald.de\/blog\/wp-content\/uploads\/2020\/06\/balderschwang2schwabenhof0200624-180x135.jpg 180w, https:\/\/www.freiburg-schwarzwald.de\/blog\/wp-content\/uploads\/2020\/06\/balderschwang2schwabenhof0200624-640x480.jpg 640w, https:\/\/www.freiburg-schwarzwald.de\/blog\/wp-content\/uploads\/2020\/06\/balderschwang2schwabenhof0200624.jpg 945w\" sizes=\"auto, (max-width: 180px) 100vw, 180px\" \/><\/a><\/p>\n<p>Der Stellplatz beim Hotel\/Restaurant Schwabenhof liegt ca 2 km vor dem Kernort Balderschwang (Radweg am Bach entlang): Terrassiert, ruhig und einfach.\u00a0<a href=\"https:\/\/www.schwabenhof.com\/wohnmobile\/\">https:\/\/www.schwabenhof.com\/wohnmobile\/<\/a><\/p>\n<p>&nbsp;<\/p>\n<p><strong>Illerradweg zwischen Oberstdorf und Kempten im Allg\u00e4u<\/strong><\/p>\n<p><a href=\"https:\/\/www.freiburg-schwarzwald.de\/blog\/global\/bayern\/iller-radweg-sonthofen20200622\/\" rel=\"attachment wp-att-81703\"><img loading=\"lazy\" decoding=\"async\" class=\"alignnone size-thumbnail wp-image-81703\" src=\"https:\/\/www.freiburg-schwarzwald.de\/blog\/wp-content\/uploads\/2020\/06\/iller-radweg-sonthofen20200622-180x135.jpg\" alt=\"iller-radweg-sonthofen20200622\" width=\"180\" height=\"135\" srcset=\"https:\/\/www.freiburg-schwarzwald.de\/blog\/wp-content\/uploads\/2020\/06\/iller-radweg-sonthofen20200622-180x135.jpg 180w, https:\/\/www.freiburg-schwarzwald.de\/blog\/wp-content\/uploads\/2020\/06\/iller-radweg-sonthofen20200622-640x480.jpg 640w, https:\/\/www.freiburg-schwarzwald.de\/blog\/wp-content\/uploads\/2020\/06\/iller-radweg-sonthofen20200622.jpg 1009w\" sizes=\"auto, (max-width: 180px) 100vw, 180px\" \/><\/a>\u00a0 \u00a0 \u00a0 \u00a0 \u00a0\u00a0<a href=\"https:\/\/www.freiburg-schwarzwald.de\/blog\/global\/bayern\/niedersonthofenersee-rad20200623\/\" rel=\"attachment wp-att-81705\"><img loading=\"lazy\" decoding=\"async\" class=\"alignnone size-thumbnail wp-image-81705\" src=\"https:\/\/www.freiburg-schwarzwald.de\/blog\/wp-content\/uploads\/2020\/06\/niedersonthofenersee-rad20200623-180x135.jpg\" alt=\"niedersonthofenersee-rad20200623\" width=\"180\" height=\"135\" srcset=\"https:\/\/www.freiburg-schwarzwald.de\/blog\/wp-content\/uploads\/2020\/06\/niedersonthofenersee-rad20200623-180x135.jpg 180w, https:\/\/www.freiburg-schwarzwald.de\/blog\/wp-content\/uploads\/2020\/06\/niedersonthofenersee-rad20200623-640x480.jpg 640w, https:\/\/www.freiburg-schwarzwald.de\/blog\/wp-content\/uploads\/2020\/06\/niedersonthofenersee-rad20200623.jpg 944w\" sizes=\"auto, (max-width: 180px) 100vw, 180px\" \/><\/a>\u00a0 \u00a0 \u00a0 \u00a0 \u00a0\u00a0<a href=\"https:\/\/www.freiburg-schwarzwald.de\/blog\/global\/bayern\/niedersonthofenersee20200623\/\" rel=\"attachment wp-att-81706\"><img loading=\"lazy\" decoding=\"async\" class=\"alignnone size-thumbnail wp-image-81706\" src=\"https:\/\/www.freiburg-schwarzwald.de\/blog\/wp-content\/uploads\/2020\/06\/niedersonthofenersee20200623-180x135.jpg\" alt=\"niedersonthofenersee20200623\" width=\"180\" height=\"135\" srcset=\"https:\/\/www.freiburg-schwarzwald.de\/blog\/wp-content\/uploads\/2020\/06\/niedersonthofenersee20200623-180x135.jpg 180w, https:\/\/www.freiburg-schwarzwald.de\/blog\/wp-content\/uploads\/2020\/06\/niedersonthofenersee20200623-640x480.jpg 640w, https:\/\/www.freiburg-schwarzwald.de\/blog\/wp-content\/uploads\/2020\/06\/niedersonthofenersee20200623.jpg 945w\" sizes=\"auto, (max-width: 180px) 100vw, 180px\" \/><br \/>\n<\/a>(1) Iller bei Sontofen 22.6.2020\u00a0 \u00a0 \u00a0 \u00a0 \u00a0 \u00a0 \u00a0 (2) Niedersontifener See\u00a023.6.2020\u00a0 \u00a0 \u00a0 \u00a0 \u00a0(3) Schwimmen i- 20 Grad warm<\/p>\n<p>Der illerradweg f\u00fchrt von Oberstdorf im S\u00fcden bis nach Ulm im Norden. <a href=\"https:\/\/www.illerradweg.de\">https:\/\/www.illerradweg.de<\/a>\u00a0 Die Strecke von Oberstdorf \u00fcber\u00a0Sonthofen und Immenstadt nach Kempten ist diewhl sch\u00f6nste, zumal der Radweg hier immer direkt am Flu\u00dfufer entlang f\u00fchrt.\u00a0 Mobilstellplatz direkt am Illerradweg in Blaichach s\u00fcdlich von Immenstadt:\u00a0<a href=\"https:\/\/www.alpen-rundblick.de\/\">https:\/\/www.alpen-rundblick.de\/<\/a><\/p>\n<p>(1) Illerradweg in Fischen zwischen Snthofen und Oberstdorf am 22.6.2020<br \/>\n(2,3) Abstecher vom Illerradweg zwischen Immenstadt und Kempten: 2 km westlich zum Niedersonthofener See. Ein sch\u00f6ner, ungeteerter Radweg f\u00fchrt direkt am Ufer um den See herum. Schwimmen bei www.camping-zeh-am-see.de sowie an der Nordseite. Zweiter Camping an der Insel.<\/p>\n<p>&nbsp;<\/p>\n","protected":false},"excerpt":{"rendered":"<p>&nbsp; &nbsp; Listenauswahl eines Beitrags (Artikel\/Datum, Seite\/Inhalt): Klicken oder scrollen Outdoor Chiemgau: Windr\u00e4der jetzt unrentabel f\u00fcr Betreiber \u2013 Neue Regelungen\u00a0(20.3.2026) Linksextremismus: 690 Anschl\u00e4ge in f\u00fcnf Jahren allein in Bayern (5.12.2025) Wangen: Syrer sticht Kleinkind\u00a0(8.4.2024) Strommangel: Spanisches Unternehmen kann kein Rechenzentrum &hellip; <a href=\"https:\/\/www.freiburg-schwarzwald.de\/blog\/global\/bayern\/\">Weiterlesen <span class=\"meta-nav\">&rarr;<\/span><\/a><\/p>\n","protected":false},"author":2,"featured_media":0,"parent":27,"menu_order":0,"comment_status":"open","ping_status":"closed","template":"","meta":{"footnotes":""},"class_list":["post-81701","page","type-page","status-publish","hentry"],"_links":{"self":[{"href":"https:\/\/www.freiburg-schwarzwald.de\/blog\/wp-json\/wp\/v2\/pages\/81701","targetHints":{"allow":["GET"]}}],"collection":[{"href":"https:\/\/www.freiburg-schwarzwald.de\/blog\/wp-json\/wp\/v2\/pages"}],"about":[{"href":"https:\/\/www.freiburg-schwarzwald.de\/blog\/wp-json\/wp\/v2\/types\/page"}],"author":[{"embeddable":true,"href":"https:\/\/www.freiburg-schwarzwald.de\/blog\/wp-json\/wp\/v2\/users\/2"}],"replies":[{"embeddable":true,"href":"https:\/\/www.freiburg-schwarzwald.de\/blog\/wp-json\/wp\/v2\/comments?post=81701"}],"version-history":[{"count":6,"href":"https:\/\/www.freiburg-schwarzwald.de\/blog\/wp-json\/wp\/v2\/pages\/81701\/revisions"}],"predecessor-version":[{"id":147212,"href":"https:\/\/www.freiburg-schwarzwald.de\/blog\/wp-json\/wp\/v2\/pages\/81701\/revisions\/147212"}],"up":[{"embeddable":true,"href":"https:\/\/www.freiburg-schwarzwald.de\/blog\/wp-json\/wp\/v2\/pages\/27"}],"wp:attachment":[{"href":"https:\/\/www.freiburg-schwarzwald.de\/blog\/wp-json\/wp\/v2\/media?parent=81701"}],"curies":[{"name":"wp","href":"https:\/\/api.w.org\/{rel}","templated":true}]}}