{"id":8008,"date":"2012-07-30T20:38:13","date_gmt":"2012-07-30T18:38:13","guid":{"rendered":"https:\/\/www.freiburg-schwarzwald.de\/blog\/?page_id=8008"},"modified":"2019-12-20T10:53:18","modified_gmt":"2019-12-20T09:53:18","slug":"kita-immergruen","status":"publish","type":"page","link":"https:\/\/www.freiburg-schwarzwald.de\/blog\/bildung\/kindergarten\/kita-immergruen\/","title":{"rendered":"Kita-Immergruen"},"content":{"rendered":"<p>Home &gt;Regio &gt;<a title=\"Freiburg\" href=\"https:\/\/www.freiburg-schwarzwald.de\/blog\/regio\/freiburg\/\">Freiburg<\/a> &gt;<a title=\"Vauban\" href=\"https:\/\/www.freiburg-schwarzwald.de\/blog\/regio\/freiburg\/vauban\/\">Vauban<\/a> &gt;<a title=\"Kindergarten\" href=\"https:\/\/www.freiburg-schwarzwald.de\/blog\/bildung\/kindergarten\/\">Kindergarten<\/a> &gt;Kita-Immergruen<\/p>\n<div id=\"attachment_8029\" style=\"width: 648px\" class=\"wp-caption alignnone\"><a href=\"https:\/\/www.freiburg-schwarzwald.de\/blog\/bildung\/kindergarten\/kita-immergruen\/theater-vauban2pan120718\/\" rel=\"attachment wp-att-8029\"><img loading=\"lazy\" decoding=\"async\" aria-describedby=\"caption-attachment-8029\" class=\"size-full wp-image-8029\" title=\"theater-vauban2pan120718\" src=\"https:\/\/www.freiburg-schwarzwald.de\/blog\/wp-content\/uploads\/2012\/07\/theater-vauban2pan120718.jpg\" alt=\"\" width=\"638\" height=\"349\" srcset=\"https:\/\/www.freiburg-schwarzwald.de\/blog\/wp-content\/uploads\/2012\/07\/theater-vauban2pan120718.jpg 638w, https:\/\/www.freiburg-schwarzwald.de\/blog\/wp-content\/uploads\/2012\/07\/theater-vauban2pan120718-180x98.jpg 180w\" sizes=\"auto, (max-width: 638px) 100vw, 638px\" \/><\/a><p id=\"caption-attachment-8029\" class=\"wp-caption-text\">Kita Immergr\u00fcn am 21.7.2012 &#8211; Theaterauff\u00fchrung &#8222;Flotte Lotte&#8220;<\/p><\/div>\n<ul>\n<li><a title=\"Babyboom\" href=\"https:\/\/www.freiburg-schwarzwald.de\/blog\/selbsthilfe\/kinder\/babyboom\/\">Babyboom bei Migrantinnen<\/a>\u00a0(18.12.2019)<\/li>\n<li>Immergr\u00fcn &#8211; Kita im Vauban<\/li>\n<li>Theaterauff\u00fchrung &#8222;Flotte Lotte&#8220; am 21.7.2012<\/li>\n<\/ul>\n<p>&nbsp;<\/p>\n<p><strong>Immergr\u00fcn &#8211; Kita im Vauban<\/strong><br \/>\nEvangelische Kindertagesst\u00e4tte Vauban<br \/>\nAdinda-Femmig-Str. 3, 79100 Freiburg-Vauban<br \/>\nTr\u00e4ger: Diakonieverein beim Diakonischen Werk Freiburg-Stadt e.V.<br \/>\nTageseinrichtung mit 6 Kindergarten- und einer Hort-Gruppe<br \/>\nLeitung: Ulrike Fetscher, \u00a0Wolfgang Hog, Tel 0761 \/ 767 75 68<br \/>\n<a href=\"mailto:kita-immergruen@diakonie-freiburg.de\">kita-immergruen@diakonie-freiburg.de<\/a><br \/>\nB\u00fcrozeiten sind von Montag &#8211; Freitag 9.00 Uhr &#8211; 12.30 Uhr und 13.00 Uhr bis 15.45 Uhr.<\/p>\n<p>&nbsp;<\/p>\n<p><strong>Theater &#8222;Flotte Lotte&#8220; am 21.7.2012 &#8211; eine Auff\u00fchrung der Kinder<\/strong><\/p>\n<div id='gallery-1' class='gallery galleryid-8008 gallery-columns-3 gallery-size-thumbnail'><dl class='gallery-item'>\n\t\t\t<dt class='gallery-icon landscape'>\n\t\t\t\t<a href='https:\/\/www.freiburg-schwarzwald.de\/blog\/bildung\/kindergarten\/kita-immergruen\/kita-immergruen2-120718\/'><img loading=\"lazy\" decoding=\"async\" width=\"180\" height=\"135\" src=\"https:\/\/www.freiburg-schwarzwald.de\/blog\/wp-content\/uploads\/2012\/07\/kita-immergruen2-120718-180x135.jpg\" class=\"attachment-thumbnail size-thumbnail\" alt=\"\" aria-describedby=\"gallery-1-8017\" srcset=\"https:\/\/www.freiburg-schwarzwald.de\/blog\/wp-content\/uploads\/2012\/07\/kita-immergruen2-120718-180x135.jpg 180w, https:\/\/www.freiburg-schwarzwald.de\/blog\/wp-content\/uploads\/2012\/07\/kita-immergruen2-120718.jpg 640w\" sizes=\"auto, (max-width: 180px) 100vw, 180px\" \/><\/a>\n\t\t\t<\/dt>\n\t\t\t\t<dd class='wp-caption-text gallery-caption' id='gallery-1-8017'>\n\t\t\t\tKita Immergr\u00fcn am 21.7.2012\n\t\t\t\t<\/dd><\/dl><dl class='gallery-item'>\n\t\t\t<dt class='gallery-icon landscape'>\n\t\t\t\t<a href='https:\/\/www.freiburg-schwarzwald.de\/blog\/bildung\/kindergarten\/kita-immergruen\/kita-immergruen3-120718\/'><img loading=\"lazy\" decoding=\"async\" width=\"180\" height=\"135\" src=\"https:\/\/www.freiburg-schwarzwald.de\/blog\/wp-content\/uploads\/2012\/07\/kita-immergruen3-120718-180x135.jpg\" class=\"attachment-thumbnail size-thumbnail\" alt=\"\" aria-describedby=\"gallery-1-8018\" srcset=\"https:\/\/www.freiburg-schwarzwald.de\/blog\/wp-content\/uploads\/2012\/07\/kita-immergruen3-120718-180x135.jpg 180w, https:\/\/www.freiburg-schwarzwald.de\/blog\/wp-content\/uploads\/2012\/07\/kita-immergruen3-120718.jpg 640w\" sizes=\"auto, (max-width: 180px) 100vw, 180px\" \/><\/a>\n\t\t\t<\/dt>\n\t\t\t\t<dd class='wp-caption-text gallery-caption' id='gallery-1-8018'>\n\t\t\t\tKita Immergr\u00fcn am 21.7.2012\n\t\t\t\t<\/dd><\/dl><dl class='gallery-item'>\n\t\t\t<dt class='gallery-icon portrait'>\n\t\t\t\t<a href='https:\/\/www.freiburg-schwarzwald.de\/blog\/bildung\/kindergarten\/kita-immergruen\/kita-immergruen4-120718\/'><img loading=\"lazy\" decoding=\"async\" width=\"135\" height=\"180\" src=\"https:\/\/www.freiburg-schwarzwald.de\/blog\/wp-content\/uploads\/2012\/07\/kita-immergruen4-120718-135x180.jpg\" class=\"attachment-thumbnail size-thumbnail\" alt=\"\" aria-describedby=\"gallery-1-8019\" srcset=\"https:\/\/www.freiburg-schwarzwald.de\/blog\/wp-content\/uploads\/2012\/07\/kita-immergruen4-120718-135x180.jpg 135w, https:\/\/www.freiburg-schwarzwald.de\/blog\/wp-content\/uploads\/2012\/07\/kita-immergruen4-120718.jpg 480w\" sizes=\"auto, (max-width: 135px) 100vw, 135px\" \/><\/a>\n\t\t\t<\/dt>\n\t\t\t\t<dd class='wp-caption-text gallery-caption' id='gallery-1-8019'>\n\t\t\t\tKita Immergr\u00fcn am 21.7.2012\n\t\t\t\t<\/dd><\/dl><br style=\"clear: both\" \/><dl class='gallery-item'>\n\t\t\t<dt class='gallery-icon landscape'>\n\t\t\t\t<a href='https:\/\/www.freiburg-schwarzwald.de\/blog\/bildung\/kindergarten\/kita-immergruen\/kita-immergruen6-120718\/'><img loading=\"lazy\" decoding=\"async\" width=\"180\" height=\"135\" src=\"https:\/\/www.freiburg-schwarzwald.de\/blog\/wp-content\/uploads\/2012\/07\/kita-immergruen6-120718-180x135.jpg\" class=\"attachment-thumbnail size-thumbnail\" alt=\"\" aria-describedby=\"gallery-1-8021\" srcset=\"https:\/\/www.freiburg-schwarzwald.de\/blog\/wp-content\/uploads\/2012\/07\/kita-immergruen6-120718-180x135.jpg 180w, https:\/\/www.freiburg-schwarzwald.de\/blog\/wp-content\/uploads\/2012\/07\/kita-immergruen6-120718.jpg 640w\" sizes=\"auto, (max-width: 180px) 100vw, 180px\" \/><\/a>\n\t\t\t<\/dt>\n\t\t\t\t<dd class='wp-caption-text gallery-caption' id='gallery-1-8021'>\n\t\t\t\tKita Immergr\u00fcn am 21.7.2012\n\t\t\t\t<\/dd><\/dl><dl class='gallery-item'>\n\t\t\t<dt class='gallery-icon landscape'>\n\t\t\t\t<a href='https:\/\/www.freiburg-schwarzwald.de\/blog\/bildung\/kindergarten\/kita-immergruen\/theater-vauban1-120718\/'><img loading=\"lazy\" decoding=\"async\" width=\"180\" height=\"139\" src=\"https:\/\/www.freiburg-schwarzwald.de\/blog\/wp-content\/uploads\/2012\/07\/theater-vauban1-120718-180x139.jpg\" class=\"attachment-thumbnail size-thumbnail\" alt=\"\" aria-describedby=\"gallery-1-8022\" srcset=\"https:\/\/www.freiburg-schwarzwald.de\/blog\/wp-content\/uploads\/2012\/07\/theater-vauban1-120718-180x139.jpg 180w, https:\/\/www.freiburg-schwarzwald.de\/blog\/wp-content\/uploads\/2012\/07\/theater-vauban1-120718.jpg 640w\" sizes=\"auto, (max-width: 180px) 100vw, 180px\" \/><\/a>\n\t\t\t<\/dt>\n\t\t\t\t<dd class='wp-caption-text gallery-caption' id='gallery-1-8022'>\n\t\t\t\tKita Immergr\u00fcn am 21.7.2012 &#8211; Theater\n\t\t\t\t<\/dd><\/dl><dl class='gallery-item'>\n\t\t\t<dt class='gallery-icon landscape'>\n\t\t\t\t<a href='https:\/\/www.freiburg-schwarzwald.de\/blog\/bildung\/kindergarten\/kita-immergruen\/theater-vauban3-120718\/'><img loading=\"lazy\" decoding=\"async\" width=\"180\" height=\"135\" src=\"https:\/\/www.freiburg-schwarzwald.de\/blog\/wp-content\/uploads\/2012\/07\/theater-vauban3-120718-180x135.jpg\" class=\"attachment-thumbnail size-thumbnail\" alt=\"\" aria-describedby=\"gallery-1-8023\" srcset=\"https:\/\/www.freiburg-schwarzwald.de\/blog\/wp-content\/uploads\/2012\/07\/theater-vauban3-120718-180x135.jpg 180w, https:\/\/www.freiburg-schwarzwald.de\/blog\/wp-content\/uploads\/2012\/07\/theater-vauban3-120718.jpg 640w\" sizes=\"auto, (max-width: 180px) 100vw, 180px\" \/><\/a>\n\t\t\t<\/dt>\n\t\t\t\t<dd class='wp-caption-text gallery-caption' id='gallery-1-8023'>\n\t\t\t\tKita Immergr\u00fcn am 21.7.2012 &#8211; Theater\n\t\t\t\t<\/dd><\/dl><br style=\"clear: both\" \/><dl class='gallery-item'>\n\t\t\t<dt class='gallery-icon portrait'>\n\t\t\t\t<a href='https:\/\/www.freiburg-schwarzwald.de\/blog\/bildung\/kindergarten\/kita-immergruen\/theater-vauban4b-120718\/'><img loading=\"lazy\" decoding=\"async\" width=\"135\" height=\"180\" src=\"https:\/\/www.freiburg-schwarzwald.de\/blog\/wp-content\/uploads\/2012\/07\/theater-vauban4b-120718-135x180.jpg\" class=\"attachment-thumbnail size-thumbnail\" alt=\"\" aria-describedby=\"gallery-1-8026\" srcset=\"https:\/\/www.freiburg-schwarzwald.de\/blog\/wp-content\/uploads\/2012\/07\/theater-vauban4b-120718-135x180.jpg 135w, https:\/\/www.freiburg-schwarzwald.de\/blog\/wp-content\/uploads\/2012\/07\/theater-vauban4b-120718.jpg 480w\" sizes=\"auto, (max-width: 135px) 100vw, 135px\" \/><\/a>\n\t\t\t<\/dt>\n\t\t\t\t<dd class='wp-caption-text gallery-caption' id='gallery-1-8026'>\n\t\t\t\tKita Immergr\u00fcn am 21.7.2012 &#8211; Theaterzuschauer\n\t\t\t\t<\/dd><\/dl><dl class='gallery-item'>\n\t\t\t<dt class='gallery-icon landscape'>\n\t\t\t\t<a href='https:\/\/www.freiburg-schwarzwald.de\/blog\/bildung\/kindergarten\/kita-immergruen\/theater-vauban2pan120718\/'><img loading=\"lazy\" decoding=\"async\" width=\"180\" height=\"98\" src=\"https:\/\/www.freiburg-schwarzwald.de\/blog\/wp-content\/uploads\/2012\/07\/theater-vauban2pan120718-180x98.jpg\" class=\"attachment-thumbnail size-thumbnail\" alt=\"\" aria-describedby=\"gallery-1-8029\" srcset=\"https:\/\/www.freiburg-schwarzwald.de\/blog\/wp-content\/uploads\/2012\/07\/theater-vauban2pan120718-180x98.jpg 180w, https:\/\/www.freiburg-schwarzwald.de\/blog\/wp-content\/uploads\/2012\/07\/theater-vauban2pan120718.jpg 638w\" sizes=\"auto, (max-width: 180px) 100vw, 180px\" \/><\/a>\n\t\t\t<\/dt>\n\t\t\t\t<dd class='wp-caption-text gallery-caption' id='gallery-1-8029'>\n\t\t\t\tKita Immergr\u00fcn am 21.7.2012 &#8211; Theaterauff\u00fchrung &#8222;Flotte Lotte&#8220;\n\t\t\t\t<\/dd><\/dl>\n\t\t\t<br style='clear: both' \/>\n\t\t<\/div>\n\n","protected":false},"excerpt":{"rendered":"<p>Home &gt;Regio &gt;Freiburg &gt;Vauban &gt;Kindergarten &gt;Kita-Immergruen Babyboom bei Migrantinnen\u00a0(18.12.2019) Immergr\u00fcn &#8211; Kita im Vauban Theaterauff\u00fchrung &#8222;Flotte Lotte&#8220; am 21.7.2012 &nbsp; Immergr\u00fcn &#8211; Kita im Vauban Evangelische Kindertagesst\u00e4tte Vauban Adinda-Femmig-Str. 3, 79100 Freiburg-Vauban Tr\u00e4ger: Diakonieverein beim Diakonischen Werk Freiburg-Stadt e.V. Tageseinrichtung &hellip; <a href=\"https:\/\/www.freiburg-schwarzwald.de\/blog\/bildung\/kindergarten\/kita-immergruen\/\">Weiterlesen <span class=\"meta-nav\">&rarr;<\/span><\/a><\/p>\n","protected":false},"author":4,"featured_media":0,"parent":985,"menu_order":0,"comment_status":"closed","ping_status":"closed","template":"","meta":{"footnotes":""},"class_list":["post-8008","page","type-page","status-publish","hentry"],"_links":{"self":[{"href":"https:\/\/www.freiburg-schwarzwald.de\/blog\/wp-json\/wp\/v2\/pages\/8008","targetHints":{"allow":["GET"]}}],"collection":[{"href":"https:\/\/www.freiburg-schwarzwald.de\/blog\/wp-json\/wp\/v2\/pages"}],"about":[{"href":"https:\/\/www.freiburg-schwarzwald.de\/blog\/wp-json\/wp\/v2\/types\/page"}],"author":[{"embeddable":true,"href":"https:\/\/www.freiburg-schwarzwald.de\/blog\/wp-json\/wp\/v2\/users\/4"}],"replies":[{"embeddable":true,"href":"https:\/\/www.freiburg-schwarzwald.de\/blog\/wp-json\/wp\/v2\/comments?post=8008"}],"version-history":[{"count":0,"href":"https:\/\/www.freiburg-schwarzwald.de\/blog\/wp-json\/wp\/v2\/pages\/8008\/revisions"}],"up":[{"embeddable":true,"href":"https:\/\/www.freiburg-schwarzwald.de\/blog\/wp-json\/wp\/v2\/pages\/985"}],"wp:attachment":[{"href":"https:\/\/www.freiburg-schwarzwald.de\/blog\/wp-json\/wp\/v2\/media?parent=8008"}],"curies":[{"name":"wp","href":"https:\/\/api.w.org\/{rel}","templated":true}]}}