{"id":782,"date":"2012-04-08T21:04:17","date_gmt":"2012-04-08T21:04:17","guid":{"rendered":"https:\/\/www.freiburg-schwarzwald.de\/blog\/?page_id=782"},"modified":"2024-05-03T13:18:52","modified_gmt":"2024-05-03T11:18:52","slug":"diakonie","status":"publish","type":"page","link":"https:\/\/www.freiburg-schwarzwald.de\/blog\/religion\/kirchen\/diakonie\/","title":{"rendered":"Diakonie"},"content":{"rendered":"<p>Home &gt;<a title=\"Religion\" href=\"https:\/\/www.freiburg-schwarzwald.de\/blog\/religion\/\">Religion<\/a> &gt;<a title=\"Kirchen\" href=\"https:\/\/www.freiburg-schwarzwald.de\/blog\/religion\/kirchen\/\">Kirchen<\/a> &gt;Diakonie<\/p>\n<div id=\"attachment_702\" style=\"width: 611px\" class=\"wp-caption alignnone\"><a href=\"https:\/\/www.freiburg-schwarzwald.de\/blog\/kultur\/kunst\/schweighoefe-pan071219\/\" rel=\"attachment wp-att-702\"><img loading=\"lazy\" decoding=\"async\" aria-describedby=\"caption-attachment-702\" class=\"size-full wp-image-702\" title=\"schweighoefe-pan071219\" src=\"https:\/\/www.freiburg-schwarzwald.de\/blog\/wp-content\/uploads\/2012\/04\/schweighoefe-pan071219.jpg\" alt=\"\" width=\"601\" height=\"191\" srcset=\"https:\/\/www.freiburg-schwarzwald.de\/blog\/wp-content\/uploads\/2012\/04\/schweighoefe-pan071219.jpg 601w, https:\/\/www.freiburg-schwarzwald.de\/blog\/wp-content\/uploads\/2012\/04\/schweighoefe-pan071219-180x57.jpg 180w\" sizes=\"auto, (max-width: 601px) 100vw, 601px\" \/><\/a><p id=\"caption-attachment-702\" class=\"wp-caption-text\">Zwischen Hinterzarten und St.Maergen: Tele-Blick vom Brosihof nach S\u00fcdwesten \u00fcber Schweigh\u00f6fe, Spirzen und Dreisamtal (links) zum Rheintal im dichten Nebel und den Vogesen am 19.12.2007<\/p><\/div>\n<ul>\n<li><a href=\"https:\/\/www.freiburg-schwarzwald.de\/blog\/waehlernoetigung-der-diakonie\/\">W\u00e4hlern\u00f6tigung durch die Diakonie?<\/a> (3.5.2024)<\/li>\n<li><a href=\"https:\/\/www.freiburg-schwarzwald.de\/blog\/caritas-und-diakonie-helfen\/\">https:\/\/www.freiburg-schwarzwald.de\/blog\/caritas-und-diakonie-helfen\/<\/a>\u00a0(23.11.2013)<\/li>\n<li><a href=\"https:\/\/www.freiburg-schwarzwald.de\/blog\/downtown-street-teams-in-fr\/\">https:\/\/www.freiburg-schwarzwald.de\/blog\/downtown-street-teams-in-fr\/<\/a>\u00a0(13.4.2013)<\/li>\n<li><a href=\"#Diakonie Baden\">Diakonie Baden<\/a><\/li>\n<li><a href=\"#Diakonie Freiburg\">Diakonie Freiburg<\/a><\/li>\n<li><a href=\"#Diakonie Breisgau-Hochschwarzwald\">Diakonie Breisgau-Hochschwarzwald<\/a><\/li>\n<li><a title=\"FreiJa\" href=\"https:\/\/www.freiburg-schwarzwald.de\/blog\/business\/dienste\/prostitution\/freija\/\">FreiJa &#8211; Menschenhandel in der Zwangsprostitution<\/a><\/li>\n<li><a title=\"PINK\" href=\"https:\/\/www.freiburg-schwarzwald.de\/blog\/business\/dienste\/prostitution\/pink\/\">PINK &#8211; Ausstieg aus der Prostitution<\/a><\/li>\n<li><a href=\"https:\/\/www.freiburg-schwarzwald.de\/psyche.htm#Sozialpsychiatrische Dienste von Caritas und Diakonie (SPDI)\">Sozialpsychiatrische Dienste von Caritas und Diakonie (SPDI)<\/a> &gt;Psyche<\/li>\n<li><a href=\"#Stadtmission Freiburg\">Stadtmission Freiburg<\/a><\/li>\n<li><a href=\"https:\/\/www.freiburg-schwarzwald.de\/buchhandel.htm#ALPHA-Buchhandlung in der Ev. Stadtmission Freiburg\">ALPHA-Buchhandlung in der Ev. Stadtmission Freiburg<\/a> &gt;Buchhandel<\/li>\n<li><a href=\"https:\/\/www.freiburg-schwarzwald.de\/blog\/stadt-land-job-integration\/\">https:\/\/www.freiburg-schwarzwald.de\/blog\/stadt-land-job-integration\/<\/a>\u00a0(13.3.2013)<\/li>\n<li><a title=\"Prostitution\" href=\"https:\/\/www.freiburg-schwarzwald.de\/blog\/business\/dienste\/prostitution\/\">FreiJa \u2013 Aktiv gegen Menschenhandel: Situation in Freiburg <\/a>&gt;Prostitution (20.12.2012)<\/li>\n<li><a href=\"https:\/\/www.freiburg-schwarzwald.de\/littenweiler\/ehrenamt5.htm#Freiburger Alltagshelden gesucht\">Freiburger Alltagshelden gesucht<\/a> &gt;Ehrenamt5 (10.2.2012)<\/li>\n<li><a href=\"https:\/\/www.freiburg-schwarzwald.de\/diakonie.htm#50 Jahre Diakonie Baden - mit 27.000 Mitarbeitern einer der gr\u00f6\u00dften Arbeitgeber\">50 Jahre Diakonie Baden &#8211;\u00a0 mit 27000 Mitarbeitern einer der gr\u00f6\u00dften Arbeitgeber<\/a> &gt;Diakonie (18.11)<\/li>\n<li><a href=\"https:\/\/www.freiburg-schwarzwald.de\/littenweiler\/himmelreich2.htm#Ehren\u00e4mtler J\u00fcrgen Dangl und Werner Hauser verabschiedeten sich\">Ehren\u00e4mtler J\u00fcrgen Dangl und Werner Hauser verabschiedeten sich<\/a> &gt;Himmelreich2 (4.10.2011)<\/li>\n<li><a href=\"https:\/\/www.freiburg-schwarzwald.de\/littenweiler\/soziales5.htm#Bahnhofsmission im Freiburger Hauptbahnhof in neuem Gewand\">Bahnhofsmission im Freiburger Hauptbahnhof in neuem Gewand<\/a> &gt;Soziales5 (27.1.2011)<\/li>\n<li><a href=\"https:\/\/www.freiburg-schwarzwald.de\/arbeit2.htm#Arbeitnehmer: Lohndr\u00fcckerei bei Caritas und Diakonie\">Arbeitnehmer: Lohndr\u00fcckerei bei Caritas und Diakonie<\/a> &gt;Arbeit2<\/li>\n<li><a href=\"https:\/\/www.freiburg-schwarzwald.de\/prostitution.htm#P.I.N.K. - Ausstieg aus dem Milieu durch Freiburger Modellprojekt\">P.I.N.K. &#8211; Ausstieg aus dem Milieu durch Freiburger Modellprojekt<\/a> &gt;Prostitution (4.11.2010)<\/li>\n<li><a href=\"https:\/\/www.freiburg-schwarzwald.de\/diakonie.htm#Ewald Dengler 25 Jahre in der Ev. Stadtmission Freiburg\">Ewald Dengler 25 Jahre in der Ev. Stadtmission Freiburg<\/a> &gt;Diakonie (7.6.2010)<\/li>\n<li><a href=\"https:\/\/www.freiburg-schwarzwald.de\/littenweiler\/himmelreich2.htm#Kronenkreuz der Diakonie f\u00fcr Adi Oberst\">Kronenkreuz der Diakonie f\u00fcr Adi Oberst<\/a> &gt;Himmelreich2 (30.3.2010)<\/li>\n<li><a href=\"https:\/\/www.freiburg-schwarzwald.de\/muetterzentrum.htm#Wellcome Freiburg - Hilfe nach der Geburt\">Wellcome Freiburg &#8211; Hilfe nach der Geburt<\/a> &gt;Muetterzentrum<\/li>\n<li><a href=\"https:\/\/www.freiburg-schwarzwald.de\/littenweiler\/dreisamtal2.htm#5000 Euro Auto-Spende der Volksbank f\u00fcr Mobilen Sozialen Hilfsdienst\">5000 Euro Auto-Spende der Volksbank f\u00fcr Mobilen Sozialen Hilfsdienst<\/a> &gt;Dreisamtal2 (6.11.09)<\/li>\n<li><a href=\"https:\/\/www.freiburg-schwarzwald.de\/Organspende.htm#Theologe N\u00fcchtern erwartet kein Spenderorgan, deshalb kein Spenderausweis\">Theologe N\u00fcchtern erwartet kein Spenderorgan, deshalb kein Spenderausweis<\/a> &gt;Organ (17.10.)<\/li>\n<li><a href=\"https:\/\/www.freiburg-schwarzwald.de\/psyche2.htm#Gemeindepsychiatrische Dienste von Diakonie und Caritas\">Gemeindepsychiatrische Dienste von Diakonie und Caritas<\/a> &gt;Psyche2 (13.10.2009)<\/li>\n<li><a href=\"https:\/\/www.freiburg-schwarzwald.de\/obdachlos1.htm#Spielnachmittage im Ferdinand-Wei\u00df-Haus (FWH) Freiburg\">Spielnachmittage im Ferdinand-Wei\u00df-Haus (FWH) Freiburg<\/a> &gt;Obdachlos1 (31.8.2009)<\/li>\n<li><a href=\"https:\/\/www.freiburg-schwarzwald.de\/littenweiler\/dreisamtal2.htm#Der Mobile Soziale Hilfsdienst (MSHD) wird 15 Jahre alt\">Der Mobile Soziale Hilfsdienst (MSHD) wird 15 Jahre alt<\/a> &gt;Dreisamtal2 (20.4.2009)<\/li>\n<li><a href=\"https:\/\/www.freiburg-schwarzwald.de\/littenweiler\/senioren3.htm#B\u00fcrgerschaftliches Engagement auch im hohen Alter - Wichernhaus\">B\u00fcrgerschaftliches Engagement auch im hohen Alter &#8211; Wichernhaus<\/a> &gt;Senioren3 (8.12.2008)<\/li>\n<li><a href=\"https:\/\/www.freiburg-schwarzwald.de\/littenweiler\/secondhand.htm#Second-Hand-Kaufhaus hand2hand: neue Kundschaft aus allen Schichten\">Second-Hand-Kaufhaus hand2hand: neue Kundschaft aus allen Schichten<\/a> &gt;Secondhand (17.10.)<\/li>\n<li><a href=\"https:\/\/www.freiburg-schwarzwald.de\/littenweiler\/secondhand.htm#Diakonie-Aktion f\u00fcr Second-Hand-Center Spinnwebe in Weingarten\">Diakonie-Aktion f\u00fcr Second-Hand-Center Spinnwebe in Weingarten<\/a> &gt;SecondHand (16.10.08)<\/li>\n<li><a href=\"https:\/\/www.freiburg-schwarzwald.de\/stpeter7.htm#Sucht und Suche: Gottesdienst mit Josefshaus in Ursulakapelle\">Sucht und Suche: Gottesdienst mit Josefshaus in Ursulakapelle<\/a> &gt;StPeter7 (10.10.2008)<\/li>\n<li><a href=\"https:\/\/www.freiburg-schwarzwald.de\/obdachlos1.htm#Ferdinand-Wei\u00df-Haus wird im neuen Gewerbehof wieder unterkommen\">Ferdinand-Wei\u00df-Haus wird im neuen Gewerbehof wieder unterkommen<\/a> &gt;Obdachlos1 (23.9.2008)<\/li>\n<li><a href=\"https:\/\/www.freiburg-schwarzwald.de\/umkirch1.htm#Atelier f\u00fcr Textilprodukte des Sozialvereins Inova in Umkirch\">Atelier f\u00fcr Textilprodukte des Sozialvereins Inova in Umkirch<\/a> &gt;Umkirch1 (5.9.2008)<\/li>\n<li><a href=\"https:\/\/www.freiburg-schwarzwald.de\/krozingen1.htm#Seniorenheime der ev. Stadtmission erneut zertifiziert\">Seniorenheime der ev. Stadtmission erneut zertifiziert<\/a> &gt;Krozingen1 (11.7.2008)<\/li>\n<li><a href=\"https:\/\/www.freiburg-schwarzwald.de\/littenweiler\/ehrenamt5.htm#Marktplatz f\u00fcr gute Gesch\u00e4fte - Firmen und Gemeinn\u00fctzige\">Marktplatz f\u00fcr gute Gesch\u00e4fte &#8211; Firmen und Gemeinn\u00fctzige<\/a> &gt;Ehrenamt5 (2.6.2008)<\/li>\n<li><a href=\"https:\/\/www.freiburg-schwarzwald.de\/freizeit1.htm#Freizeiten f\u00fcr Menschen mit und ohne Behinderung \u00fcber Diakonie\">Freizeiten f\u00fcr Menschen mit und ohne Behinderung \u00fcber Diakonie<\/a> &gt;Freizeit1 (25.4.2008)<\/li>\n<li><a href=\"https:\/\/www.freiburg-schwarzwald.de\/diakonie.htm#200 Jahre Johann Hinrich Wichern: Sozialarbeit, Armut, Pflege\">200 Jahre Johann Hinrich Wichern: Sozialarbeit, Armut, Pflege<\/a> &gt;Diakonie (21.4.2008)<\/li>\n<li><a href=\"https:\/\/www.freiburg-schwarzwald.de\/sucht3.htm#Manfred Kluth vom Blauen Kreuz: Neue Selbsthilfegruppe in Kirchzarten\">Manfred Kluth vom Blauen Kreuz: Neue Selbsthilfegruppe in Kirchzarten<\/a> &gt;Sucht3 (22.1.2008)<\/li>\n<li><a href=\"https:\/\/www.freiburg-schwarzwald.de\/littenweiler\/hausdemant.htm#Aus Begegnungsst\u00e4tte und Burger-Treff wird Generationennetzwerk\">Aus Begegnungsst\u00e4tte und Burger-Treff wird Generationennetzwerk<\/a> &gt;HausDemant (7.12.2007)<\/li>\n<li><a href=\"https:\/\/www.freiburg-schwarzwald.de\/frauen2.htm#Projekt FreiJa gegen Menschenhandel und Zwangsprostitution\">Projekt FreiJa gegen Menschenhandel und Zwangsprostitution<\/a> &gt;Frauen2 (20.11.2007)<\/li>\n<li><a href=\"https:\/\/www.freiburg-schwarzwald.de\/markgraeflerland4.htm#Benedikt Burget und Gerhard Stichling: Wachsende Zahl notleidender Menschen\">Benedikt Burget, Gerhard Stichling: Mehr notleidende Menschen<\/a> &gt;Markgraeflerland4 (1.12.07)<\/li>\n<li><a href=\"https:\/\/www.freiburg-schwarzwald.de\/muellheim1.htm#Evangelisches Sozialwerk: Drei Pflegeheime unter einem Dach\">Evangelisches Sozialwerk: Drei Pflegeheime unter einem Dach<\/a> &gt;Muellheim1 (30.10.2007)<\/li>\n<li><a href=\"https:\/\/www.freiburg-schwarzwald.de\/gewalt.htm#Jugendkriminalit\u00e4t: Vier Projekte zur Pr\u00e4vention\">Jugendkriminalit\u00e4t: Vier Projekte zur Pr\u00e4vention<\/a> &gt;Gewalt (2.8.2007)<\/li>\n<li><a href=\"https:\/\/www.freiburg-schwarzwald.de\/arbeit1.htm#Goethe 2 hilft Arbeitslosen in die Selbst\u00e4ndigkeit\">Goethe 2 hilft Arbeitslosen in die Selbst\u00e4ndigkeit<\/a> &gt;Arbeit1 (2.3.2007)<\/li>\n<li><a href=\"https:\/\/www.freiburg-schwarzwald.de\/littenweiler\/behinderung2.htm#Menschen mit geistiger Behinderung in Arbeitsmarkt integrieren\">Menschen mit geistiger Behinderung in Arbeitsmarkt integrieren<\/a> &gt;Behinderung2 (28.2.07)<\/li>\n<li><a href=\"https:\/\/www.freiburg-schwarzwald.de\/littenweiler\/himmelreich1.htm#Integrative Berufsakademie mit 250 G\u00e4sten im Kurhaus Kirchzarten er\u00f6ffnet\">Integrative Berufsakademie mit 250 G\u00e4sten in Kirchzarten er\u00f6ffnet<\/a> &gt;Himmelreich1 (19.2.2007)<\/li>\n<li><a href=\"https:\/\/www.freiburg-schwarzwald.de\/tanteemma1.htm#Tante Emma mit russischer Note\u00a0in Neustadt\">Tante Emma mit russischer Note\u00a0in Neustadt<\/a> &gt;TanteEmma1 (23.1.2007)<\/li>\n<li><a href=\"https:\/\/www.freiburg-schwarzwald.de\/diakonie.htm#Diakonisse Inge Kimmerle: S?Einl\u00e4dele Kiew-Hilfe\">Diakonisse Inge Kimmerle: S\u2019Einl\u00e4dele Kiew-Hilfe<\/a> (14.1.2007)<\/li>\n<li><a href=\"https:\/\/www.freiburg-schwarzwald.de\/obdachlos1.htm#Schlimme Zust\u00e4nde im \u00dcbergangshaus\u00a0Haslacher Strasse\">Schlimme Zust\u00e4nde im \u00dcbergangshaus\u00a0Haslacher Strasse<\/a> &gt;Obdachlos1 (27.11.2006)<\/li>\n<li><a href=\"https:\/\/www.freiburg-schwarzwald.de\/littenweiler\/pflege1.htm#Pflege-Tag Kirchzarten: Sozialstation, Caritasverband und Diakonisches Werk informieren\">Pflege-Tag Kirchzarten: Sozialstation, Caritasverband, Diakonisches Werk<\/a> &gt;Pflege1 (21.10.06)<\/li>\n<li><a href=\"https:\/\/www.freiburg-schwarzwald.de\/internet1.htm#Land ohne Barrieren (LOB): Internet-Lotsen helfen \u00c4lteren und Behinderten\">Land ohne Barrieren (LOB): Internet-Lotsen helfen \u00c4lteren und Behinderten<\/a> &gt;Internet1 (19.10.06)<\/li>\n<li><a href=\"https:\/\/www.freiburg-schwarzwald.de\/sozialstation1.htm#Katholische und die Evangelische Sozialstation: 25 Jahre zusammen\">Katholische und die Evangelische Sozialstation: 25 Jahre zusammen<\/a> &gt;Sozialstation1 (13.10.06)<\/li>\n<li><a href=\"https:\/\/www.freiburg-schwarzwald.de\/littenweiler\/job1.htm#Langzeitarbeitslose bauen historische Eisenbahnwaggons wieder auf\">Langzeitarbeitslose bauen historische Eisenbahnwaggons wieder auf<\/a>\u00a0&gt;Job1 (7.10.2006)<\/li>\n<li><a href=\"https:\/\/www.freiburg-schwarzwald.de\/integration1.htm#Diskussion bei Caritas und Diakonie \u00fcber Bleiberechtsregelung f\u00fcr Migranten\">Diskussion bei Caritas und Diakonie \u00fcber Bleiberechtsregelung f\u00fcr Migranten<\/a> (30.9.2006)<\/li>\n<li><a href=\"https:\/\/www.freiburg-schwarzwald.de\/behinderung2.htm#Job-Coaching - Modellprojekt zur Eingliederung\">Job-Coaching &#8211; Modellprojekt zur Eingliederung<\/a> &gt;Behinderung2 (21.9.2006)<\/li>\n<li><a href=\"https:\/\/www.freiburg-schwarzwald.de\/schwanger.htm#Schwangerenberatung beim Diakonischen Werk M\u00fcllheim\">Schwangerenberatung beim Diakonischen Werk M\u00fcllheim<\/a> &gt;Schwanger (21.8.2006)<\/li>\n<li><a href=\"https:\/\/www.freiburg-schwarzwald.de\/schwanger.htm#Diakonie bietet in Breisach Beratung f\u00fcr schwangere Frauen an - auch anonym\">Diakonie bietet in Breisach Beratung f\u00fcr schwangere Frauen an &#8211; auch anonym<\/a> &gt;Schwanger (19.8.2006)<\/li>\n<li><a href=\"https:\/\/www.freiburg-schwarzwald.de\/behinderung2.htm#Sozialverb\u00e4nde beklagen Verschlechterungen f\u00fcr Behinderte\">Sozialverb\u00e4nde beklagen Verschlechterungen f\u00fcr Behinderte<\/a> &gt;Behinderung2 (17.8.2006)<\/li>\n<li><a href=\"https:\/\/www.freiburg-schwarzwald.de\/diakonie.htm#20 Jahre Arbeitslosentreff Goethe 2 - Gr\u00fcnderzentrum in die Zukunft geplant\">20 Jahre Arbeitslosentreff &#8222;Goethe 2&#8220; &#8211; Gr\u00fcnderzentrum in die Zukunft geplant<\/a> (28.7.2006)<\/li>\n<li><a href=\"https:\/\/www.freiburg-schwarzwald.de\/familie2.htm#Viele F\u00f6rdert\u00f6pfe verwirren werdende Eltern\">Viele F\u00f6rdert\u00f6pfe verwirren werdende Eltern<\/a> &gt;Familie2 (26.5.2006)<\/li>\n<li><a href=\"https:\/\/www.freiburg-schwarzwald.de\/littenweiler\/soziales4.htm#Hilfe f\u00fcr Wohnungslose, Sucht- und sozialpsychiatrisch Kranke\">Hilfe f\u00fcr Wohnungslose, Sucht- und sozialpsychiatrisch Kranke<\/a> &gt;Soziales4 (31.3.2006)<\/li>\n<li><a href=\"https:\/\/www.freiburg-schwarzwald.de\/diakonie.htm#Neuer Vorstand des Diakonischen Werkes baden gew\u00e4hlt\">Neuer Vorstand des Diakonischen Werkes Baden gew\u00e4hlt<\/a> (27.12.2005)<\/li>\n<li><a href=\"https:\/\/www.freiburg-schwarzwald.de\/jung2.htm#Jugendmigrationsdienst der Diakonie Titisee-Neustadt\">Jugendmigrationsdienst der Diakonie Titisee-Neustadt<\/a> &gt;Jung2 (20.12.2005)<\/li>\n<li><a href=\"https:\/\/www.freiburg-schwarzwald.de\/diakonie.htm#Diakonische Werk bietet 25 Pl\u00e4tze f\u00fcr Betreutes Wohnen an\">Diakonische Werk bietet 25 Pl\u00e4tze f\u00fcr Betreutes Wohnen an<\/a> (19.12.2005)<\/li>\n<li><a href=\"https:\/\/www.freiburg-schwarzwald.de\/krise1.htm#Trauernden-Gespr\u00e4chskreis Titisee-Neustadt von Caritas und Diakonie\">Trauernden-Gespr\u00e4chskreis Titisee-Neustadt von Caritas und Diakonie<\/a> &gt;Krise1 (29.6.2005)<\/li>\n<li><a href=\"https:\/\/www.freiburg-schwarzwald.de\/littenweiler\/soziales2.htm#Jobnet-Netzwerk aus Kichzarten vermittelt Zwei-Euro-Jobs\">Jobnet-Netzwerk aus Kirchzarten vermittelt Zwei-Euro-Jobs<\/a> &gt;Soziales2 (26.10.2004)<\/li>\n<li><a href=\"https:\/\/www.freiburg-schwarzwald.de\/barrierefrei.htm#Barrierefreier Tourismus - Tourist-Info Titisee und Diakonie Freiburg\">Barrierefreier Tourismus &#8211; Tourist-Info Titisee und Diakonie Freiburg<\/a> &gt;Barrierefrei (6.10.2004)<\/li>\n<li><a href=\"https:\/\/www.freiburg-schwarzwald.de\/littenweiler\/zumheulen1.htm#Sinnlose Schmierereien an der Grillh\u00fctte Zarten\">Sinnlose Schmierereien an der Grillh\u00fctte Zarten<\/a> &gt;ZumHeulen1 (18.5.2004)<\/li>\n<li><a href=\"https:\/\/www.freiburg-schwarzwald.de\/behinderung1.htm#Aktion unbehindert miteinander 2003\">Aktion &#8222;Unbehindert miteinander&#8220;<\/a> &gt;Behinderung1<\/li>\n<li><a href=\"https:\/\/www.freiburg-schwarzwald.de\/littenweiler\/frauen1.htm#Haus f\u00fcr wohnungslose Frauen in Freiburg\">Haus f\u00fcr wohnungslose Frauen in Freiburg &#8211; Diakonie und OFF?<\/a> &gt;Frauen1 (29.4.2004)<\/li>\n<li><a href=\"https:\/\/www.freiburg-schwarzwald.de\/littenweiler\/frauen.htm#FreiRaum Freiburg - wohnungslose Frauen\">Freiraum Freiburg<\/a> &gt;Frauen<\/li>\n<li><a href=\"https:\/\/www.freiburg-schwarzwald.de\/littenweiler\/hausdemant.htm\">Haus Demant &#8211; Begegnungsst\u00e4tte<\/a> &gt;HausDemant (10.10.2005)<\/li>\n<li><a href=\"https:\/\/www.freiburg-schwarzwald.de\/genossenschaften.htm#Haus und Garten eG in Kirchzarten\">Haus und Garten eG in Kirchzarten<\/a> &gt;Genossenschaften<\/li>\n<li><a href=\"https:\/\/www.freiburg-schwarzwald.de\/littenweiler\/himmelreich.htm\">Himmelreich: Hofgut und Berufsakademie<\/a> &gt;Freiburg-Dreisamtal.de\/Himmelreich<\/li>\n<li><a href=\"https:\/\/www.freiburg-schwarzwald.de\/littenweiler\/senioren.htm#Pflegeheim Landwasser\">Landwasser Pflegeheim<\/a> &gt;Senioren<\/li>\n<li><a href=\"https:\/\/www.freiburg-schwarzwald.de\/littenweiler\/ehrenamt.htm#RABE - Regionale Anlaufstelle f\u00fcr B\u00fcrgerschaftliches Engagement im Landkreis Breisgau-Hochschwarzwald\">RABE &#8211; Regionale Anlaufstelle f\u00fcr B\u00fcrgerschaftliches Engagement im Landkreis Breisgau-Hochschwarzwald<\/a> &gt;freiburg-dreisamtal.de\/Ehrenamt.htm<\/li>\n<\/ul>\n<p>&nbsp;<\/p>\n<p><strong><a name=\"Diakonie Baden\"><\/a>Diakonie Baden<\/strong><\/p>\n<p>&nbsp;<\/p>\n<p><a href=\"https:\/\/www.diakonie.de\/\">www.diakonie.de<\/a> , <a href=\"https:\/\/www.diakonie-baden.de\/\">www.diakonie-baden.de<\/a><br \/>\nAndreas Harder <a href=\"mailto:harder.dwnetwork@t-online.de\">harder.dwnetwork@t-online.de<\/a><\/p>\n<p>Diakonischen Werk Kirchzarten, Tel 07661\/938414<br \/>\nDiakonisches Werk: Hauptstra\u00dfe 28 in Neustadt, 07651\/93990<\/p>\n<p>Spendenprojekte der Diakonie<br \/>\nKontoNr 4600, Evang. Kreditgenossenschaft Karlsruhe, BLZ 660 608 00<\/p>\n<p>&nbsp;<\/p>\n<p><strong><a name=\"Diakonie Freiburg\"><\/a>Diakonie Freiburg<\/strong><\/p>\n<p>In Freiburg begann die Arbeit des heutigen Diakonischen Werks im Jahre 1945 unter dem Namen \u201eEvangelischer Gemeindedienst\u201c in der Dreisamstra\u00dfe. Seit 1985 ist die Bezeichnung \u201eDiakonisches Werk Freiburg\u201c durch das Diakoniegesetz der Badischen Landeskirche eingef\u00fchrt. Der 1954 gegr\u00fcndete Verein \u201eInnere Mission \u2013 Evangelischer Gemeindedienst\u201c (heute Diakonieverein) erg\u00e4nzte als freier diakonischer Tr\u00e4ger das diakonische Engagement der Kirche.<br \/>\nIn Zusammenarbeit mit dem \u00f6kumenischen Partner (Caritasverband Freiburg &#8211; Stadt e.V.) tragen wir gemeinsam<br \/>\nden Sozialpsychiatrischen Dienst Freiburg,<br \/>\nden Integrationsfachdienst f\u00fcr den Arbeitsamtsbezirk Freiburg,<br \/>\ndie Hospizgruppe Freiburg e. V. und die<br \/>\nHausnotruf \u2013 Dienst gGmbH.<br \/>\n\u00dcberdies ist die Zentrale Fachberatungsstelle f\u00fcr wohnungslose Menschen in Freiburg ein gemeinsamer Dienst des Diakonievereins beim Diakonischen Werk Freiburg e.V. und der Stadt Freiburg.&#8220;<\/p>\n<p><span style=\"font-family: Arial; font-size: x-small;\">Diakonisches Werk Freiburg, <\/span><span style=\"font-family: Arial; font-size: x-small;\">Leitung: Jochen Pfisterer<\/span><span style=\"font-family: Arial; font-size: x-small;\"><br \/>\n<\/span><span style=\"font-family: Arial; font-size: x-small;\">Dreisamstr. 3-5, 79098 Freiburg, Tel. 0761\/368 91-0<br \/>\n<\/span><span style=\"font-family: Arial; font-size: x-small;\">E-Mail <a href=\"mailto:diakonie@diakonie-freiburg.de\">diakonie@diakonie-freiburg.de<\/a><br \/>\n<a href=\"https:\/\/www.diakonie-freiburg.de\/\">www.diakonie-freiburg.de<\/a> <\/span><\/p>\n<p><a href=\"https:\/\/www.freiburg-schwarzwald.de\/arbeit1.htm#Goethe 2 hilft Arbeitslosen in die Selbst\u00e4ndigkeit\">Goethe 2 hilft Arbeitslosen in die Selbst\u00e4ndigkeit<\/a> &gt;Arbeit1 (2.3.2007)<\/p>\n<p>&nbsp;<\/p>\n<p><strong><a name=\"Diakonie Breisgau-Hochschwarzwald\"><\/a>Diakonie Breisgau-Hochschwarzwald<\/strong><\/p>\n<p>Diakonisches Werk des Evangelischen Kirchenbezirks Breisgau-Hochschwarzwald<br \/>\nAlbrecht Schwerer &#8211; Gesch\u00e4ftsf\u00fchrung &#8211; Dipl. P\u00e4dagoge \/ Dipl. Sozialarbeiter<br \/>\nAm Fischerrain 1, 79199 Kirchzarten, Tel 07661 \/ 9384-12<br \/>\nMobil: 0170 29 52 250<br \/>\n<a href=\"mailto:albrecht.schwerer@diakonie.ekiba.de\">albrecht.schwerer@diakonie.ekiba.de<\/a><br \/>\n<a href=\"https:\/\/www.diakonie-breisgau-hochschwarzwald.de\/\">www.diakonie-breisgau-hochschwarzwald.de<\/a><\/p>\n<p><strong><a name=\"Stadtmission Freiburg\"><\/a>Stadtmission Freiburg<\/strong><\/p>\n<p>Die evangelische Stadtmission besteht in Freiburg seit 125 Jahren. &#8222;In Freiburg geh\u00f6rten bald die \u201eHerberge zur Heimat\u201c, die Krankenhausseelsorge, ein Gebrauchtm\u00f6bellager, Gottesdienste in Stadtteilen ohne evangelische Kirche, Stellenvermittlung, berufsgruppenspezifische Freizeitangebote, Jugend- und Suchtkrankenarbeit zu den Aufgaben der Stadtmission. Mit ihren Angeboten hat die Stadtmission zweifelsohne Pionierleistungen zum Aufbau sozialer Hilfen in Freiburg eingebracht. Heute werden verschiedene Einrichtungen und Angebote f\u00fcr alte und pflegebed\u00fcrftige Menschen, eine Suchtberatungsstelle, eine Werkstatt f\u00fcr Langzeitarbeitslose, die <a href=\"https:\/\/www.freiburg-schwarzwald.de\/littenweiler\/soziales.htm#Bahnhofsmission Freiburg\">Bahnhofsmission<\/a> und die ALPHA Buchhandlung, und ab April das Hotel und Tagungshaus ALLA FONTE in Bad Krozingen betrieben. L\u00e4ngst hat sich das Werk \u00fcber die Stadtgrenzen Freiburgs hinaus entwickelt. In den Einrichtungen in Freiburg, Breisach, Bad Krozingen und St. Peter sind mittlerweile rund 500 Mitarbeiter besch\u00e4ftigt.&#8220;<\/p>\n<p>Evangelische Stadtmission Freiburg e.V.<br \/>\nc\/o Hermann Gro\u00dfmann, Referent f\u00fcr \u00d6ffentlichkeitsarbeit<br \/>\nAdelhauser Stra\u00dfe. 27, 79098 Freiburg, 79098 Freiburg, Tel 0761\/319 17-0<br \/>\nTel 319 17-97, Mail: <a href=\"mailto:info@stadtmission-freiburg.de\">info@stadtmission-freiburg.de<\/a><br \/>\n<a href=\"https:\/\/www.stadtmission-freiburg.de\/\">www.stadtmission-freiburg.de<\/a><br \/>\nSpendenkonto: Evang. Stadtmission, Konto 100 506 109, BLZ 520 604 10<\/p>\n<p><a href=\"https:\/\/www.freiburg-schwarzwald.de\/littenweiler\/soziales5.htm#Bahnhofsmission im Freiburger Hauptbahnhof in neuem Gewand\">Bahnhofsmission im Freiburger Hauptbahnhof in neuem Gewand<\/a> &gt;Soziales5 (27.1.2011)<br \/>\n<a href=\"https:\/\/www.freiburg-schwarzwald.de\/krozingen1.htm#Krippenausstellung im Dietrich-Bonhoeffer-Haus\">Krippenausstellung im Dietrich-Bonhoeffer-Haus<\/a> &gt;Krozingen1 (13.11.2008)<br \/>\n<a href=\"https:\/\/www.freiburg-schwarzwald.de\/ehrenamt4.htm#Gute Gesch\u00e4fte bringt Wirtschaft und soziales Engagement unter einen Hut\">Gute Gesch\u00e4fte bringt Wirtschaft und soziales Engagement unter einen Hut<\/a> &gt;Ehrenamt4 (16.9.08)<br \/>\n<a href=\"https:\/\/www.freiburg-schwarzwald.de\/stpeter.htm#Josefshaus - Wohnheim der ev. Stadtmission\">Josefshaus &#8211; Wohnheim der ev. Stadtmission<\/a> &gt;StPeter<\/p>\n","protected":false},"excerpt":{"rendered":"<p>Home &gt;Religion &gt;Kirchen &gt;Diakonie W\u00e4hlern\u00f6tigung durch die Diakonie? (3.5.2024) https:\/\/www.freiburg-schwarzwald.de\/blog\/caritas-und-diakonie-helfen\/\u00a0(23.11.2013) https:\/\/www.freiburg-schwarzwald.de\/blog\/downtown-street-teams-in-fr\/\u00a0(13.4.2013) Diakonie Baden Diakonie Freiburg Diakonie Breisgau-Hochschwarzwald FreiJa &#8211; Menschenhandel in der Zwangsprostitution PINK &#8211; Ausstieg aus der Prostitution Sozialpsychiatrische Dienste von Caritas und Diakonie (SPDI) &gt;Psyche Stadtmission Freiburg ALPHA-Buchhandlung &hellip; <a href=\"https:\/\/www.freiburg-schwarzwald.de\/blog\/religion\/kirchen\/diakonie\/\">Weiterlesen <span class=\"meta-nav\">&rarr;<\/span><\/a><\/p>\n","protected":false},"author":2,"featured_media":0,"parent":459,"menu_order":0,"comment_status":"open","ping_status":"closed","template":"","meta":{"footnotes":""},"class_list":["post-782","page","type-page","status-publish","hentry"],"_links":{"self":[{"href":"https:\/\/www.freiburg-schwarzwald.de\/blog\/wp-json\/wp\/v2\/pages\/782","targetHints":{"allow":["GET"]}}],"collection":[{"href":"https:\/\/www.freiburg-schwarzwald.de\/blog\/wp-json\/wp\/v2\/pages"}],"about":[{"href":"https:\/\/www.freiburg-schwarzwald.de\/blog\/wp-json\/wp\/v2\/types\/page"}],"author":[{"embeddable":true,"href":"https:\/\/www.freiburg-schwarzwald.de\/blog\/wp-json\/wp\/v2\/users\/2"}],"replies":[{"embeddable":true,"href":"https:\/\/www.freiburg-schwarzwald.de\/blog\/wp-json\/wp\/v2\/comments?post=782"}],"version-history":[{"count":1,"href":"https:\/\/www.freiburg-schwarzwald.de\/blog\/wp-json\/wp\/v2\/pages\/782\/revisions"}],"predecessor-version":[{"id":123223,"href":"https:\/\/www.freiburg-schwarzwald.de\/blog\/wp-json\/wp\/v2\/pages\/782\/revisions\/123223"}],"up":[{"embeddable":true,"href":"https:\/\/www.freiburg-schwarzwald.de\/blog\/wp-json\/wp\/v2\/pages\/459"}],"wp:attachment":[{"href":"https:\/\/www.freiburg-schwarzwald.de\/blog\/wp-json\/wp\/v2\/media?parent=782"}],"curies":[{"name":"wp","href":"https:\/\/api.w.org\/{rel}","templated":true}]}}