{"id":74396,"date":"2019-08-10T22:27:58","date_gmt":"2019-08-10T20:27:58","guid":{"rendered":"https:\/\/www.freiburg-schwarzwald.de\/blog\/?page_id=74396"},"modified":"2025-06-15T15:51:17","modified_gmt":"2025-06-15T13:51:17","slug":"fremdheit","status":"publish","type":"page","link":"https:\/\/www.freiburg-schwarzwald.de\/blog\/regio\/heimat\/fremdheit\/","title":{"rendered":"Fremdheit"},"content":{"rendered":"<p>Home &gt;<a title=\"Regio\" href=\"https:\/\/www.freiburg-schwarzwald.de\/blog\/regio\/\">Regio<\/a>\u00a0&gt;<a title=\"Heimat\" href=\"https:\/\/www.freiburg-schwarzwald.de\/blog\/regio\/heimat\/\">Heimat\u00a0<\/a>&gt;<a href=\"https:\/\/www.freiburg-schwarzwald.de\/blog\/global\/migration\/entwurzelung\/\">Entwurzelung<\/a> &gt;Fremdheit<\/p>\n<div id=\"attachment_74362\" style=\"width: 623px\" class=\"wp-caption alignnone\"><a href=\"https:\/\/www.freiburg-schwarzwald.de\/blog\/bildung\/schulen\/vorschulen\/entwurzelung-simone-weil-pan\/\" rel=\"attachment wp-att-74362\"><img loading=\"lazy\" decoding=\"async\" aria-describedby=\"caption-attachment-74362\" class=\"size-full wp-image-74362\" src=\"https:\/\/www.freiburg-schwarzwald.de\/blog\/wp-content\/uploads\/2019\/08\/entwurzelung-simone-weil-pan.jpg\" alt=\"&quot;Entwurzelung&quot; - von Simone Weil\" width=\"613\" height=\"331\" srcset=\"https:\/\/www.freiburg-schwarzwald.de\/blog\/wp-content\/uploads\/2019\/08\/entwurzelung-simone-weil-pan.jpg 613w, https:\/\/www.freiburg-schwarzwald.de\/blog\/wp-content\/uploads\/2019\/08\/entwurzelung-simone-weil-pan-180x97.jpg 180w\" sizes=\"auto, (max-width: 613px) 100vw, 613px\" \/><\/a><p id=\"caption-attachment-74362\" class=\"wp-caption-text\">&#8222;Entwurzelung&#8220; &#8211; von Simone Weil<\/p><\/div>\n<h4><\/h4>\n<ul>\n<li><em>Listenauswahl eines Beitrags (Artikel\/Datum, Seite\/Inhalt):\u00a0<span style=\"text-decoration: underline;\">Klicken<\/span>\u00a0oder scrollen<\/em><\/li>\n<li>\u201eFremd im eigenen Land\u201c: Eine Gefahr f\u00fcr alle (15.6.2025)<\/li>\n<li><a href=\"https:\/\/www.freiburg-schwarzwald.de\/blog\/global\/ethnien\/\">Abgrenzung: Staatsvolk (Pass)- ethnischer Volksbegriff (Abstammung)<\/a>\u00a0(4.5.2025)<\/li>\n<li>Muslime in Br\u00fcssel: Hauptstadt von Europa oder Eurabia? (17.9.2022)<\/li>\n<li>Fremd im eigenen Land &#8211; und auf dem Weg bergauf in der Schlange stehen (25.12.2020)<\/li>\n<li><a href=\"https:\/\/www.freiburg-schwarzwald.de\/blog\/fremd-im-eigenen-land\/\">Fremd im eigenen Land<\/a> (8.1.2019)<\/li>\n<li><\/li>\n<li><a title=\"Entwurzelung\" href=\"https:\/\/www.freiburg-schwarzwald.de\/blog\/global\/migration\/entwurzelung\/\">Entwurzelung<\/a><\/li>\n<li><a title=\"Familiennachzug\" href=\"https:\/\/www.freiburg-schwarzwald.de\/blog\/global\/migration\/familiennachzug\/\">Familiennachzug \u2013 Fl\u00fcchtlinge<\/a><\/li>\n<li><a title=\"Fluechtlinge\" href=\"https:\/\/www.freiburg-schwarzwald.de\/blog\/global\/integration\/fluechtlinge\/\">Fl\u00fcchtlinge<\/a><\/li>\n<li><a title=\"Fluechtlinge-Wohnung\" href=\"https:\/\/www.freiburg-schwarzwald.de\/blog\/global\/integration\/fluechtlinge-wohnung\/\">Fluechtlinge-Wohnung<\/a><\/li>\n<li><a title=\"Ghetto\" href=\"https:\/\/www.freiburg-schwarzwald.de\/blog\/global\/integration\/ghetto\/\">Ghetto<\/a><\/li>\n<li><a title=\"Groessenwahn\" href=\"https:\/\/www.freiburg-schwarzwald.de\/blog\/engagement\/zukunft\/groessenwahn\/\">Gr\u00f6\u00dfenwahn<\/a><\/li>\n<li><a title=\"Integration\" href=\"https:\/\/www.freiburg-schwarzwald.de\/blog\/global\/integration\/\">Integration \u2013 Infos<\/a><\/li>\n<li><a title=\"Integration-Islam\" href=\"https:\/\/www.freiburg-schwarzwald.de\/blog\/global\/integration\/integration-islam\/\">Integration-Islam<\/a><\/li>\n<li><a title=\"Integrieren\" href=\"https:\/\/www.freiburg-schwarzwald.de\/blog\/global\/integration\/integrieren\/\">Integrieren<\/a><\/li>\n<li><a title=\"Islam\" href=\"https:\/\/www.freiburg-schwarzwald.de\/blog\/religion\/islam\/\">Islam<\/a><\/li>\n<li><a title=\"Kontrollierte-Grenzen\" href=\"https:\/\/www.freiburg-schwarzwald.de\/blog\/global\/migration\/kontrollierte-grenzen\/\">Kontrollierte-Grenzen<\/a><\/li>\n<li><a title=\"Migranten-Fluechtlinge\" href=\"https:\/\/www.freiburg-schwarzwald.de\/blog\/global\/migration\/migranten-fluechtlinge\/\">Migranten-Fluechtlinge<\/a><\/li>\n<li><a title=\"Migration-Wohnen\" href=\"https:\/\/www.freiburg-schwarzwald.de\/blog\/global\/migration\/migration-wohnen\/\">Migration-Wohnen<\/a><\/li>\n<li><a title=\"Migrationsindustrie\" href=\"https:\/\/www.freiburg-schwarzwald.de\/blog\/global\/integration\/migrationsindustrie\/\">Migrationsindustrie<\/a><\/li>\n<\/ul>\n<h2><strong>\u00a0Wer fremd ist, ist entwurzelt<\/strong><\/h2>\n<p>&nbsp;<\/p>\n<p><strong>\u201eFremd im eigenen Land\u201c: Eine Gefahr f\u00fcr alle<\/strong><br \/>\n<strong>Die Lage der Nation<\/strong><br \/>\nSchulklassen m\u00f6chten getrennt nach Geschlechtern feiern. V\u00e4ter verbieten ihren T\u00f6chtern die Teilnahme am Schwimmunterricht. Aber Vorsicht! Wer diese Entwicklungen kritisch sieht, l\u00e4uft Gefahr, vom Verfassungsschutz beobachtet zu werden.<br \/>\n.<br \/>\nSagen Sie nicht, dass Sie sich \u201efremd im eigenen Land\u201d f\u00fchlen! Eine solche Aussage kann Sie zur Zielscheibe des Verfassungsschutzes machen, da dieser darin eine rechtsextreme Parole sieht. Genau dieses Thema greift Roland Tichy in dieser \u201eLage der Nation\u201c auf. Er analysiert, wie Migration, kulturelle Verschiebungen und Sprachverbote unsere Gesellschaft, den \u00f6ffentlichen Raum und den sozialen Zusammenhalt ver\u00e4ndern.<br \/>\n<a href=\"https:\/\/www.youtube.com\/watch?v=rokcVAeMS7k\">https:\/\/www.youtube.com\/watch?v=rokcVAeMS7k<\/a><\/p>\n<p>Tichy schildert die Folgen unkontrollierter Migration, von denen B\u00fcrger und Migranten gleicherma\u00dfen bedroht sind. Denn viele, die einst vor Unterdr\u00fcckung und religi\u00f6sem Extremismus nach Deutschland geflohen sind, sehen sich nun erneut davon bedroht.<br \/>\n&#8230; Alles vom 15.6.2025 bitte lesen auf<br \/>\n<a href=\"https:\/\/www.tichyseinblick.de\/video\/kommentar\/lage-der-nation-fremd-im-eignen-land\/\">https:\/\/www.tichyseinblick.de\/video\/kommentar\/lage-der-nation-fremd-im-eignen-land\/<\/a><\/p>\n<p>Kommentar:<br \/>\n&#8222;Man nimmt uns die Sprache weg, damit wir die Probleme nicht benennen k\u00f6nnen.&#8220; Besser kann man es nicht auf den Punkt bringen. anemone<\/p>\n<p>&nbsp;<\/p>\n<p><strong>Muslime in Br\u00fcssel: Hauptstadt von Europa oder Eurabia?<\/strong><br \/>\n<strong>Aufstieg von Islam und Islamismus in der EU<\/strong><br \/>\nBr\u00fcssel ger\u00e4t zunehmend unter dem EInflu\u00df der konserativen Islam. Das B\u00fcndnis der Linken mit dem politischen Islam zeigt sich im Alltag der Hauptstadt der EU. Hier einige Beispiel:<\/p>\n<p>\u201eIn zwanzig Jahren\u201c, so prophezeite die franz\u00f6sische Zeitung \u201eLe Figaro\u201c am 21.3.2008 \u00fcber Br\u00fcssel, \u201ewird die europ\u00e4ische Hauptstadt muslimisch sein\u201c. &#8230; .<br \/>\n\u201eFast ein Drittel der Bev\u00f6lkerung Br\u00fcssels ist bereits muslimisch\u201c, beobachtet Olivier Servais, Soziologe an der Universit\u00e4t L\u00f6wen. \u201eAufgrund ihrer hohen Geburtenrate d\u00fcrften die Anh\u00e4nger des Islam \u201ain f\u00fcnfzehn bis zwanzig Jahren\u2018 die Mehrheit bilden\u201c. Seit 2001 ist Mohamed der beliebteste Name bei Babys in Br\u00fcssel.<br \/>\n21.3.2008<br \/>\n<a href=\"https:\/\/www.lefigaro.fr\/international\/2008\/03\/21\/01003-20080321ARTFIG00068-l-islam-premiere-religiona-bruxelles-dans-vingt-ans.php\">https:\/\/www.lefigaro.fr\/international\/2008\/03\/21\/01003-20080321ARTFIG00068-l-islam-premiere-religiona-bruxelles-dans-vingt-ans.php<\/a><\/p>\n<p>\u201eMolenbeek w\u00fcrde gerne vergessen werden, denn es ist das beste Beispiel f\u00fcr das Scheitern der multikulturellen Gesellschaft, die in Belgien ein unantastbares Dogma bleibt\u201c, schrieb Alain Destexhe, Ehrensenator in Belgien und ehemaliger Generalsekret\u00e4r von \u00c4rzte ohne Grenzen. Er bezog sich dabei auf von Conner Rousseau, dem Vorsitzenden der fl\u00e4mischen sozialistischen Partei Vooruit, der k\u00fcrzlich der Zeitschrift \u201eHumo\u201c sagte: \u201eWenn ich in Molenbeek herumfahre, f\u00fchle ich mich nicht, als ob ich in Belgien w\u00e4re\u201c.<br \/>\n26.4.2022<br \/>\n<a href=\"https:\/\/www.brusselstimes.com\/219614\/conner-rousseau-socialist-leader-criticised-for-remarks-about-not-feeling-in-belgium-in-molenbeek-brussels\">https:\/\/www.brusselstimes.com\/219614\/conner-rousseau-socialist-leader-criticised-for-remarks-about-not-feeling-in-belgium-in-molenbeek-brussels<\/a><\/p>\n<p>\u201eIch traue mich nicht mehr, in Molenbeek Hand in Hand mit einem Mann zu gehen\u201c, gestand Gilles Verstraeten, ein schwuler Parlamentarier.<br \/>\n28.4.2022,<br \/>\n<a href=\"https:\/\/www.rtbf.be\/article\/gilles-verstraeten-je-nose-plus-me-balader-main-dans-la-main-avec-un-homme-a-molenbeek-10982774\">https:\/\/www.rtbf.be\/article\/gilles-verstraeten-je-nose-plus-me-balader-main-dans-la-main-avec-un-homme-a-molenbeek-10982774<\/a><\/p>\n<p>\u201eIn der Region Br\u00fcssel allgemein\u201c, so Destexhe, \u201esind nur ein Viertel der Belgier belgischer Herkunft, 39 Prozent der Belgier sind ausl\u00e4ndischer Herkunft und 35 Prozent sind Ausl\u00e4nder.\u201c Er erkl\u00e4rt: \u201eMolenbeek ist in der Tat nur die Spitze des Eisbergs der fortschreitenden Islamisierung in allen gro\u00dfen belgischen St\u00e4dten. Der Islam ist im \u00f6ffentlichen Raum von Molenbeek zunehmend sichtbar, und im Monat Ramadan sind fast alle Gesch\u00e4fte und Restaurants der Stadt tags\u00fcber geschlossen. In vielen Stadtvierteln k\u00f6nnen sich Frauen nicht mehr nach Belieben kleiden oder nachts ausgehen, und Homosexuelle haben keine B\u00fcrgerrechte. Es gibt jedoch kaum Stimmen, die sich \u00fcber diese Entwicklung Sorgen machen, als ob das franz\u00f6sischsprachige Belgien, das von den multikulturellen Medien unisono bet\u00e4ubt wurde, resigniert h\u00e4tte\u201c.<br \/>\n4.5.20222<br \/>\n<a href=\"https:\/\/www.lefigaro.fr\/vox\/societe\/molenbeek-quand-un-depute-socialiste-n-y-reconnait-plus-la-belgique-20220503\">https:\/\/www.lefigaro.fr\/vox\/societe\/molenbeek-quand-un-depute-socialiste-n-y-reconnait-plus-la-belgique-20220503<\/a><\/p>\n<p>Der Oberrabbiner von Br\u00fcssel, Albert Guigui, wurde von einer Gruppe von Arabern angegriffen. Sie beschimpften ihn, spuckten ihn an und traten auf ihn ein. Seitdem tr\u00e4gt Guigui seine Kopfbedeckung nicht mehr in der \u00d6ffentlichkeit.<br \/>\nIm Viertel Gare du Nord leben keine Juden mehr. \u201eEs gibt kaum noch Juden in diesem Viertel\u201c, sagt Michel Laub, Gr\u00fcnder des Museums der Deportation in Malines. \u201eDabei war dieser Teil von Schaerbeek in der N\u00e4he des Gare du Nord einst ein wichtiges j\u00fcdisches Viertel.\u201c<br \/>\n4.2.2016<br \/>\n<a href=\"https:\/\/daardaar.be\/rubriques\/les-juifs-delaissent-la-commune-bruxelloise-de-schaerbeek\/\">https:\/\/daardaar.be\/rubriques\/les-juifs-delaissent-la-commune-bruxelloise-de-schaerbeek\/<\/a><\/p>\n<p>Auch f\u00fcr Frauen ist Br\u00fcssel gef\u00e4hrlich geworden. \u201eDie belgischen politischen und medialen Eliten haben vor der Ausbreitung des islamischen Fundamentalismus kapituliert\u201c, erkl\u00e4rte Fadila Maaroufi, eine belgisch-marokkanische Sozialarbeiterin und Gr\u00fcnderin der Beobachtungsstelle f\u00fcr Fundamentalismus in Br\u00fcssel, gegen\u00fcber der franz\u00f6sischen Zeitschrift \u201eMarianne\u201c.<br \/>\n\u201eIch bin in einer marokkanischen Familie in einem Viertel bei Molenbeek aufgewachsen. In den 1980er-Jahren war es noch recht weltoffen. Dann sahen wir nach und nach, wie die einheimischen Belgier das Viertel verlie\u00dfen. Ich habe den Aufstieg des Islam miterlebt, meine Schwestern waren verschleiert, meine Eltern haben sich anders gekleidet. Ich selbst bin unter Druck geraten, auch von meiner Familie. Es war unvorstellbar geworden, dass ich mich nicht verschleiert h\u00e4tte \u2026 Als ich versuchte, Beh\u00f6rden und Verb\u00e4nde zu alarmieren, stie\u00df ich auf eine Mauer. Es hat Anschl\u00e4ge in Paris und Anschl\u00e4ge in Br\u00fcssel gegeben, aber ich hatte das Gef\u00fchl, dass wir das Ausma\u00df des Problems immer noch nicht begriffen haben\u201c.<br \/>\n12.7.2021,<br \/>\n<a href=\"https:\/\/daardaar.be\/rubriques\/les-juifs-delaissent-la-commune-bruxelloise-de-schaerbeek\/\">https:\/\/www.marianne.net\/societe\/laicite-et-religions\/entretien-aujourdhui-il-est-devenu-dangereux-de-parler-dislamisme-en-belgique<\/a><\/p>\n<p>&nbsp;<\/p>\n<p>,<\/p>\n<p><strong>Fremd im eigenen Land &#8211; und auf dem Weg bergauf in der Schlange stehen<\/strong><br \/>\n74 Mio US-B\u00fcrger haben im November 2020 Trump gew\u00e4hlt, 11 Mio mehr als 2016. Was soll man von diesen 74 Mio Amerikanern halten, wenn man sich am <a href=\"https:\/\/www.freiburg-schwarzwald.de\/blog\/global\/usa\/trump\/\">Trump<\/a>-Bashing der deutschen Medien orientiert? Liest man das Buch &#8222;Fremd in ihrem Land&#8220; der US-Soziologin Arlie Hochschild, dann kommt man ins Gr\u00fcbeln;<\/p>\n<p><a href=\"https:\/\/www.freiburg-schwarzwald.de\/blog\/wp-content\/uploads\/2020\/12\/trump-waehler2017hochschild.jpg\"><img loading=\"lazy\" decoding=\"async\" class=\"alignnone size-full wp-image-86404\" src=\"https:\/\/www.freiburg-schwarzwald.de\/blog\/wp-content\/uploads\/2020\/12\/trump-waehler2017hochschild.jpg\" alt=\"\" width=\"394\" height=\"422\" srcset=\"https:\/\/www.freiburg-schwarzwald.de\/blog\/wp-content\/uploads\/2020\/12\/trump-waehler2017hochschild.jpg 394w, https:\/\/www.freiburg-schwarzwald.de\/blog\/wp-content\/uploads\/2020\/12\/trump-waehler2017hochschild-168x180.jpg 168w\" sizes=\"auto, (max-width: 394px) 100vw, 394px\" \/><\/a><br \/>\n.<br \/>\nIn Deutschland erwirtschaften nur 1<a href=\"https:\/\/www.freiburg-schwarzwald.de\/blog\/global\/finanzsystem\/schulden\/\">5 Mio sozialversicherungspflichtige Erwerbst\u00e4tige<\/a> das Bruttosozialprodukt. Gibt es unter diesen 15 Mio <a href=\"https:\/\/www.freiburg-schwarzwald.de\/blog\/global\/deutschland\/gesellschaft\/anywheres\/\">Somewheres<\/a> auch einige oder gar viele, die &#8211; wie Arlie Hochschild in den USA &#8211; Schlange stehen auf dem bergauf f\u00fchrenden Weg, w\u00e4hrend andere sich reindr\u00e4ngeln?<br \/>\nOder gibt es solche Wege nur in den USA, da bei uns alle Wege komfortabel vorgebahnt (aber langweilig bequem) in der Ebene verlaufen?<br \/>\n25.12.2020<br \/>\n.<\/p>\n<p><strong>\u00bbTrump nahm den Arbeitern die Scham&#8220;<\/strong><br \/>\nDie Berkeley-Forscherin Arlie Hochschild hat untersucht, warum Donald Trump auf viele US-B\u00fcrger eine so gro\u00dfe Anziehungskraft hat.<br \/>\n&#8230; Alles vom 25.12.2020 bitte lesen auf<br \/>\n<a href=\"https:\/\/www.spiegel.de\/politik\/ausland\/donald-trump-soziologin-arlie-hochschild-erklaert-warum-so-viele-menschen-ihn-waehlen-a-c922172f-d01c-4339-a8a6-2748f855f40a\">https:\/\/www.spiegel.de\/politik\/ausland\/donald-trump-soziologin-arlie-hochschild-erklaert-warum-so-viele-menschen-ihn-waehlen-a-c922172f-d01c-4339-a8a6-2748f855f40a<\/a><br \/>\n.<br \/>\n<em>Arlie Hochschild: Fremd in ihrem Land<\/em><br \/>\n<em>Eine Reise ins Herz der amerikanischen Rechten<\/em><br \/>\n<em>Campus, 29.295 Euro<\/em><\/p>\n<p><strong>Wie sich die Welt anf\u00fchlt \u2013 und warum Leute Trump w\u00e4hlen<\/strong><br \/>\nIst das nicht exakt das, was ich hier seit Jahren allgemein und ganz konkret auch f\u00fcr meinen Fall hier beschreibe und belege?<br \/>\nIst es nicht genau das, was vor allem SPD, Gr\u00fcne, Linke, und \u00fcber Organisationen wie \u201ePro Quote\u201d, \u201eNeue Deutsche Medienmacher\u201d, Genderbeauftragte, Quoten sogar Parteien, Politik, Regierung, Medien erkl\u00e4ren, wollen, fordern, durchsetzen?<br \/>\nIst das nicht der zentrale Tatbestand der Ungerechtigkeit, des Vordr\u00e4ngelns, Stehlens und Raubens, Schmarotzens und Parasitierens, das dann als \u201eGerechtigkeit\u201d zu bezeichnen vor allem die SPD die Unversch\u00e4mt als Steigerung des \u201eRassismus\u201d-Vorwurfs besitzt?<br \/>\nUnd kommen hier nicht au\u00dfer dem Anstehen und Warten in der Schlange auch noch absurd hohe Steuern und Abgaben drauf?<br \/>\nDas ist einer der extrem seltenen bis fast unm\u00f6glichen F\u00e4lle, in denen ich sagen w\u00fcrde, da hat ein Soziologe mal etwas genau richtig erfasst und beschrieben, nur scheint sie \u2013 ich kenne den Rest des Textes nicht \u2013 das als die spinnerte Idee von Trump-W\u00e4hlern hinstellen.<br \/>\nAber das, was da beschrieben wird, ist exakt das Problem. Wir arbeiten hier wie die Berserker, zahlen Steuern wie bl\u00f6de, halten uns als Einzige an die Regeln, und der Staat verteilt das Ergebnis fast nur noch an Frauen und Migranten, die einen daf\u00fcr noch als Sexist, Rassist und so weiter beschimpfen.<br \/>\nDeshalb w\u00e4hlen die Leute Trump. Also die, die in der Schlange stehen. Die, die sich vordr\u00e4ngeln, die w\u00e4hlen nat\u00fcrlich die Demokraten. Und die scheinen inzwischen in der Mehrheit zu sein. Das ist der Effekt, den ich schon oft beschrieben habe, an dem die Demokratie irreparabel degeneriert: Wenn die, die auf Kosten anderer leben und sich vordr\u00e4ngeln, eine absolute Mehrheit erreichen.<br \/>\nDann funktioniert Demokratie nicht mehr, weil sie einfach in das Recht des St\u00e4rkeren, der echten (oder gef\u00fchlten) \u201eMehrheit\u201d (=Bolschewiki), besetzt von Dieben und R\u00e4ubern, umschl\u00e4gt. Wir haben jetzt schon den Zustand, dass die Gesellschaft nur noch von einem kleinen Teil der \u00fcberhaupt noch berufst\u00e4tigen tats\u00e4chlich erwirtschaftet wird und der Staat zur Bullshitjob-Versammlung wird.<br \/>\nDas wird gerade vor allem deshalb brandgef\u00e4hrlich, weil jeder, der wirklich arbeitet, der wirklich produktiv ist, von der Corona-Pandemie mehr oder weniger stark beeintr\u00e4chtigt wird, mitunter bis an den Ruin.<br \/>\n<em><strong>Je weniger aber jemand tats\u00e4chlich arbeitet, bis hin zu gar nichts, desto h\u00f6her ist die Wahrscheinlichkeit, damit im \u00f6ffentlichen Dienst zu sein und trotz Corona v\u00f6llig durchbezahlt und nat\u00fcrlich auch die Pension uneingeschr\u00e4nkt zu bekommen.<\/strong><\/em><br \/>\n&#8230; Alles vom 25.12.2020 bitte lesen auf<br \/>\n<a href=\"https:\/\/www.danisch.de\/blog\/2020\/12\/25\/wie-sich-die-welt-anfuehlt-und-warum-leute-trump-waehlen\/\">https:\/\/www.danisch.de\/blog\/2020\/12\/25\/wie-sich-die-welt-anfuehlt-und-warum-leute-trump-waehlen\/<\/a><\/p>\n","protected":false},"excerpt":{"rendered":"<p>Home &gt;Regio\u00a0&gt;Heimat\u00a0&gt;Entwurzelung &gt;Fremdheit Listenauswahl eines Beitrags (Artikel\/Datum, Seite\/Inhalt):\u00a0Klicken\u00a0oder scrollen \u201eFremd im eigenen Land\u201c: Eine Gefahr f\u00fcr alle (15.6.2025) Abgrenzung: Staatsvolk (Pass)- ethnischer Volksbegriff (Abstammung)\u00a0(4.5.2025) Muslime in Br\u00fcssel: Hauptstadt von Europa oder Eurabia? (17.9.2022) Fremd im eigenen Land &#8211; und auf &hellip; <a href=\"https:\/\/www.freiburg-schwarzwald.de\/blog\/regio\/heimat\/fremdheit\/\">Weiterlesen <span class=\"meta-nav\">&rarr;<\/span><\/a><\/p>\n","protected":false},"author":2,"featured_media":0,"parent":1681,"menu_order":0,"comment_status":"open","ping_status":"closed","template":"","meta":{"footnotes":""},"class_list":["post-74396","page","type-page","status-publish","hentry"],"_links":{"self":[{"href":"https:\/\/www.freiburg-schwarzwald.de\/blog\/wp-json\/wp\/v2\/pages\/74396","targetHints":{"allow":["GET"]}}],"collection":[{"href":"https:\/\/www.freiburg-schwarzwald.de\/blog\/wp-json\/wp\/v2\/pages"}],"about":[{"href":"https:\/\/www.freiburg-schwarzwald.de\/blog\/wp-json\/wp\/v2\/types\/page"}],"author":[{"embeddable":true,"href":"https:\/\/www.freiburg-schwarzwald.de\/blog\/wp-json\/wp\/v2\/users\/2"}],"replies":[{"embeddable":true,"href":"https:\/\/www.freiburg-schwarzwald.de\/blog\/wp-json\/wp\/v2\/comments?post=74396"}],"version-history":[{"count":5,"href":"https:\/\/www.freiburg-schwarzwald.de\/blog\/wp-json\/wp\/v2\/pages\/74396\/revisions"}],"predecessor-version":[{"id":135244,"href":"https:\/\/www.freiburg-schwarzwald.de\/blog\/wp-json\/wp\/v2\/pages\/74396\/revisions\/135244"}],"up":[{"embeddable":true,"href":"https:\/\/www.freiburg-schwarzwald.de\/blog\/wp-json\/wp\/v2\/pages\/1681"}],"wp:attachment":[{"href":"https:\/\/www.freiburg-schwarzwald.de\/blog\/wp-json\/wp\/v2\/media?parent=74396"}],"curies":[{"name":"wp","href":"https:\/\/api.w.org\/{rel}","templated":true}]}}