{"id":74359,"date":"2019-08-10T20:59:54","date_gmt":"2019-08-10T18:59:54","guid":{"rendered":"https:\/\/www.freiburg-schwarzwald.de\/blog\/?page_id=74359"},"modified":"2025-06-18T22:25:23","modified_gmt":"2025-06-18T20:25:23","slug":"vorschulen","status":"publish","type":"page","link":"https:\/\/www.freiburg-schwarzwald.de\/blog\/bildung\/schulen\/vorschulen\/","title":{"rendered":"Vorschulen"},"content":{"rendered":"<p>Home &gt;<a title=\"Bildung\" href=\"https:\/\/www.freiburg-schwarzwald.de\/blog\/bildung\/\">Bildung<\/a>\u00a0&gt;<a title=\"Schulen\" href=\"https:\/\/www.freiburg-schwarzwald.de\/blog\/bildung\/schulen\/\">Schulen<\/a>\u00a0&gt;<a title=\"Grundschule\" href=\"https:\/\/www.freiburg-schwarzwald.de\/blog\/bildung\/schulen\/grundschule\/\">Grundschule<\/a> &gt;Vorschulen<\/p>\n<div id=\"attachment_74362\" style=\"width: 623px\" class=\"wp-caption alignnone\"><a href=\"https:\/\/www.freiburg-schwarzwald.de\/blog\/bildung\/schulen\/vorschule\/entwurzelung-simone-weil-pan\/\" rel=\"attachment wp-att-74362\"><img loading=\"lazy\" decoding=\"async\" aria-describedby=\"caption-attachment-74362\" class=\"size-full wp-image-74362\" src=\"https:\/\/www.freiburg-schwarzwald.de\/blog\/wp-content\/uploads\/2019\/08\/entwurzelung-simone-weil-pan.jpg\" alt=\"&quot;Entwurzelung&quot; - von Simone Weil\" width=\"613\" height=\"331\" srcset=\"https:\/\/www.freiburg-schwarzwald.de\/blog\/wp-content\/uploads\/2019\/08\/entwurzelung-simone-weil-pan.jpg 613w, https:\/\/www.freiburg-schwarzwald.de\/blog\/wp-content\/uploads\/2019\/08\/entwurzelung-simone-weil-pan-180x97.jpg 180w\" sizes=\"auto, (max-width: 613px) 100vw, 613px\" \/><\/a><p id=\"caption-attachment-74362\" class=\"wp-caption-text\">&#8222;Entwurzelung&#8220; &#8211; von Simone Weil<\/p><\/div>\n<ul>\n<li><em>Listenauswahl eines Beitrags (Artikel\/Datum, Seite\/Inhalt): <span style=\"text-decoration: underline;\">Klicken<\/span> oder scrollen<\/em><\/li>\n<li class=\"entry-title\"><a title=\"Deutsch erlernen: Vorschule\" href=\"https:\/\/www.freiburg-schwarzwald.de\/blog\/deutsch-erlernen-vorschule\/\">Deutsch erlernen: Vorschule<\/a> (10.8.2019)<\/li>\n<li class=\"entry-title\">Carsten Linnemann: Reaktionen zur Forderung nach Vorschulpflicht (8.8.2019)<\/li>\n<li class=\"entry-title\">Vorschule zum Deutschlernen &#8211;\u00a0\u00a0Vorbild Kanada (6.8.2019)<\/li>\n<\/ul>\n<ul>\n<li><a title=\"Politische-Bildung\" href=\"https:\/\/www.freiburg-schwarzwald.de\/blog\/bildung\/politische-bildung\/\">Mein Lehrerstudium: Haltung, Haltung \u00fcber alles an der Hochschule<\/a>\u00a0(16.7.2019)<\/li>\n<li><a title=\"Klimawandel-natuerlich\" href=\"https:\/\/www.freiburg-schwarzwald.de\/blog\/natur\/klima\/klimawandel-natuerlich\/\">Wahrheit basiert auf Tatsachen \u2013 das gilt auch f\u00fcr \u201eFridays for Future\u201c<\/a>\u00a0(16.7.2019)<\/li>\n<li><a title=\"Lernen\" href=\"https:\/\/www.freiburg-schwarzwald.de\/blog\/bildung\/schulen\/lernen\/\">Hannah Arendt:\u00a0alle P\u00e4dagogik ist ihrem Wesen nach konservativ<\/a>\u00a0(12.7.2019)<\/li>\n<li><a title=\"Schulfrieden\" href=\"https:\/\/www.freiburg-schwarzwald.de\/blog\/bildung\/schulen\/schulfrieden\/\">Andreas Unterberger: Kastrierte Lehrer in Kuschelschulen<\/a>\u00a0(13.5.2019)<\/li>\n<li><a title=\"Lehrer\" href=\"https:\/\/www.freiburg-schwarzwald.de\/blog\/bildung\/lehrer\/\">Schule gegen Sexismus \u2013 Schule gegen Islamismus<\/a> (18.5.2018)<\/li>\n<li><a title=\"Lehrer\" href=\"https:\/\/www.freiburg-schwarzwald.de\/blog\/bildung\/lehrer\/\">Das Schweigen der Lemminge: An deutschen Schulen ist \u201edie H\u00f6lle los\u201c<\/a> (10.5.2018)<\/li>\n<\/ul>\n<ul>\n<li><a title=\"Inklusion\" href=\"https:\/\/www.freiburg-schwarzwald.de\/blog\/bildung\/inklusion\/\">Inklusion \u2013 Teilhabe<\/a>\u00a0&gt;Inklusion<\/li>\n<li><a title=\"Islamunterricht\" href=\"https:\/\/www.freiburg-schwarzwald.de\/blog\/religion\/islam\/islamunterricht\/\">Islamunterricht<\/a><\/li>\n<li><a title=\"Jungen\" href=\"https:\/\/www.freiburg-schwarzwald.de\/blog\/selbsthilfe\/jugend\/jungen\/\">Jungen<\/a><\/li>\n<li><a title=\"Lehrer\" href=\"https:\/\/www.freiburg-schwarzwald.de\/blog\/bildung\/lehrer\/\">Lehrer<\/a><\/li>\n<li><a title=\"Lernen\" href=\"https:\/\/www.freiburg-schwarzwald.de\/blog\/bildung\/schulen\/lernen\/\">Lernen \u2013 dazu sind Schulen da<\/a><\/li>\n<li><a title=\"Migration\" href=\"https:\/\/www.freiburg-schwarzwald.de\/blog\/global\/migration\/\">Migration<\/a><\/li>\n<li><a title=\"Schulen-deutsch\" href=\"https:\/\/www.freiburg-schwarzwald.de\/blog\/bildung\/schulen\/schulen-deutsch\/\">Schulen-deutsch<\/a><\/li>\n<li><a title=\"Schulen-digital\" href=\"https:\/\/www.freiburg-schwarzwald.de\/blog\/bildung\/schulen\/schulen-digital\/\">Schulen-digital<\/a><\/li>\n<li><a title=\"Schulen-Migration\" href=\"https:\/\/www.freiburg-schwarzwald.de\/blog\/bildung\/schulen\/schulen-migration\/\">Schulen-Migration<\/a><\/li>\n<li><a title=\"Schulfrieden\" href=\"https:\/\/www.freiburg-schwarzwald.de\/blog\/bildung\/schulen\/schulfrieden\/\">Schulfrieden<\/a><\/li>\n<\/ul>\n<p>&nbsp;<\/p>\n<p>Zur Vorschulpflicht von Linnemann:<br \/>\nDie Political Correctness hat wieder mal eine sachliche Debatte verhindert.<br \/>\n=============================================================<\/p>\n<p>&nbsp;<\/p>\n<p><strong>Carsten Linnemann: Reaktionen zur Forderung nach Vorschulpflicht<\/strong><br \/>\nMeine Forderung nach einer Vorschulpflicht f\u00fcr Kinder, die kaum Deutsch k\u00f6nnen, l\u00f6ste eine Welle emotionaler Reaktionen aus, wie ich sie bisher selten erlebt habe. Diese reichten von Rassismusvorw\u00fcrfen bis hin zu dankbarer Zustimmung. Viele Lehrer, Erzieher, Eltern, aber auch B\u00fcrger mit Zuwanderungsgeschichte haben mir ihre Erfahrungen geschildert. Viele R\u00fcckmeldungen haben mich nochmals aufger\u00fcttelt. Zum einen, weil die Zust\u00e4nde an manchen Schulen noch dramatischer sind als bef\u00fcrchtet. Zum anderen, weil unsere Gesellschaft offenbar schon so sehr gespalten und auch polarisiert ist, dass wichtige Themen kaum noch sachlich und differenziert diskutiert werden k\u00f6nnen. &#8230;<br \/>\nWie sollen diese Kinder in der Grundschule ordentlich lernen, wenn sie nicht einmal die Unterrichtssprache verstehen? Und von wem sollen diese Kinder die Unterrichtssprache lernen, wenn gleichzeitig der Anteil von Kindern mit wenigen bis gar keinen Deutschkenntnissen immer gr\u00f6\u00dfer wird? Ein bis zwei nicht-deutschsprechende Sch\u00fcler mag ein Klassenverbund noch auffangen k\u00f6nnen. Aber in zu vielen Klassen haben wir dieses machbare Verh\u00e4ltnis bereits \u00fcberschritten. Lehrer k\u00f6nnen dann nicht mehr ausgleichen, was im Vorschulalter vers\u00e4umt wurde. Sie werden genau wie die Kinder schlicht \u00fcberfordert.<br \/>\n&#8230;..<br \/>\nArmutszeugnis f\u00fcr Debattenkultur: Ich w\u00fcrde mir w\u00fcnschen, dass wir jetzt eine ernsthafte und sachliche Debatte dar\u00fcber f\u00fchren, wie die beschriebenen Probleme zu l\u00f6sen sind. Die vergangenen Tage haben leider dazu nicht beigetragen. Anstatt sachlich zu argumentieren, wurde oftmals polemisiert. Anstatt um die besten L\u00f6sungen zu ringen, wurde moralisiert. Zudem habe ich den Eindruck, dass viele nur noch dort im Netz unterwegs sind, wo die eigene Meinung best\u00e4tigt wird. Es werden oft nur noch aus dem Zusammenhang gerissene Zitate gelesen und kommentiert, ohne den vollst\u00e4ndigen Kontext zu kennen. Kurzum: Um unsere Debattenkultur ist es nicht gut bestellt. Wenn wir hier nicht schnell umsteuern, droht unsere Gesellschaft weiter gespalten und polarisiert zu werden.<br \/>\n&#8230; Alles vom 8.8.2019 con Carsten Linnemann bitte lesen auf<br \/>\n<a href=\"https:\/\/www.cicero.de\/innenpolitik\/carsten-linnemann-debattenkultur-schulverbot-vorschulfplicht-deutschkenntnisse\">https:\/\/www.cicero.de\/innenpolitik\/carsten-linnemann-debattenkultur-schulverbot-vorschulfplicht-deutschkenntnisse<\/a><br \/>\n.<br \/>\n&#8222;Demokratie braucht Streit&#8220; vom 21.2.2019 auf <a href=\"https:\/\/www.cicero.de\/innenpolitik\/debattenkultur-demokratie-streit-streitkultur-widerspruch-filterblasen\/plus\">https:\/\/www.cicero.de\/innenpolitik\/debattenkultur-demokratie-streit-streitkultur-widerspruch-filterblasen\/plus<\/a><br \/>\n.<br \/>\n.<br \/>\nEinige Kommentare:<br \/>\n<strong>Debatten?<\/strong><br \/>\nMit Diskussionen \u00fcber Pro und Kontra einer Vorschulpflicht f\u00fcr Migrantenkinder erreicht man nichts, da schon allein die Anzahl jetziger und zuk\u00fcnftiger Kinder aus Migrantenfamilien eine \u00dcberforderung unseres gesamten Staatswesens bedeutet. In den unteren Schulstufen &#8211; besonders in sogenannten &#8222;Brennpunktschulen&#8220; sind Lehrer\/innen \u00fcberwiegend nur mit Disziplinierungsversuchen besch\u00e4ftigt. Hinzu kommt die uns\u00e4gliche Belastung durch Inklusion. \u00c4hnlich geht es der Polizei, den Beh\u00f6rden, eben allen, die mit der V\u00f6lkerwanderung direkt oder indirekt konfrontiert sind. Vereinzelte &#8222;Erfolge&#8220; (Beispiel Kinder einer Arztfamilie) irgendetwas an Lehrinhalt &#8211; plus &#8211; deutsch\/europ\u00e4ischer Kultur an jene vermitteln zu k\u00f6nnen, sind Tropfen auf hei\u00dfem Stein. Es hat keinen Sinn, den Businsassen eines f\u00fchrerlos den Berg hinunterrasenden Busses die sch\u00f6nen Aussichten auf das Bergmassiv zu zeigen, anstatt die Bremse zu bet\u00e4tigen !<br \/>\n8.8.2019, H.W., CO<br \/>\n.<br \/>\n<strong>Herr Linnemann sie haben recht, wird aber nichts n\u00fctzen<\/strong><br \/>\nWenn es Debatten gibt, werden sie der Buhmann sein. Alles was logisch und vern\u00fcftig ist und sich um Migration dreht, wird mit rechts und Nazi tituliert. Sie haben es erlebt. Selbst Politiker ihrer Partei fallen ihnen in den R\u00fccken. Wie wird das erst bei Wirtschaft und Mittelstand, wenn die Enteignungsbef\u00fcrworter die Oberhand bekommen. Haben sie wirklich jetzt erst mitbekommen wo wir in Deutschland heute stehen?<br \/>\n8.8.2019, D.SCH, CO<br \/>\n.<br \/>\n<strong>Wie sollen Kinder lernen, wenn Sie nicht einmal die Unterrichtssprache verstehen?<\/strong><br \/>\nEine zu 100% berechtigte und vern\u00fcnftige Frage f\u00fchrt bei uns zu Rassismusvorw\u00fcrfen. Was geht blo\u00df in den K\u00f6pfen von Menschen vor, die in einer solchen Frage nichts als Rassismus sehen? Dabei haben diese Menschen sicherlich die besten Absichten, wollen eigentlich helfen und schaden aber nur den Migrantenkindern. Denn Migrantenkinder ohne Deutschkenntnisse werden in der Schule Schwierigkeiten haben. Es ist sehr wichtig, dass Migrantenkinder die Schule durchlaufen k\u00f6nnen auf demselben Niveau wie die deutschsprachigen Schulkameraden. Denn ohne Deutschkenntnisse erreichen sie wom\u00f6glich keinen Abschluss und sind somit automatisch benachteiligt. Nur niedere und schlecht bezahlte Arbeit stehen ihnen dann offen. Wollen unsere Gutmenschen das wirklich?<br \/>\n8.8.2019, H.A.<br \/>\n.<br \/>\n<strong>Gesunder Menschenverstand &#8211; Herr Linnemann wie kann man Ihnen nicht zustimmen?<\/strong><br \/>\nAber warum kommt die Erkenntnis in der Union so sp\u00e4t? D.h. wenn Sie keine Einzelmeinung darstellen. Warum wurde jahrelang das links-gr\u00fcne Lied des Milti-Kluti gesungen, obwohl jeder der 1und 1 zusammenz\u00e4hlen kann, sieht wie das gewaltig in die Hose geht und das ist hinsichtlich der Folgen f\u00fcr unser Land noch schmeichelnd ausgedr\u00fcck. Sie erleben jetzt einmal am eigenen Leibe wie sich mittlerweile eine linke Meinungsdiktatur, vor allem auch im zwangsfinanzierten \u00d6R, etabliert hat, die mit pawlowschen Reflexen auf alles mit \u00f6ffentlicher Emp\u00f6rung reagiert, was ihr Weltbild st\u00f6rt. Frau Merkel macht das alles mit und biegt sich wie ein Rohr im Wind. Wann kommt endlich mal wieder gesunder Menschenverstand in der Union zum Vorschein?Dann kann ich auch wieder die Union w\u00e4hlen.<br \/>\n8.8.2019, J.O., CO<br \/>\n.<br \/>\n<strong>Debattenkultur in und au\u00dferhalb des Parlaments<\/strong><br \/>\nIhre Forderungen, Herr Linnemann sind richtig. Aber weichen Sie nicht aus, indem Sie die Debattenkultur au\u00dferhalb des Parlamentes ansprechen. Die Diskussionen dort sind zwar in gewisser Hinsicht wichtig, aber nicht relevant. Es war Ihre ehem. Vorsitzende und Kanzlerin, welche durch eine naive, weltweit einmalige \u201eWillkommenskultur\u201c in Teilen die Saat ges\u00e4t hat, welche wir nun ernten. Nat\u00fcrlich sind nicht alle Grundschulkinder seit 2015 gekommen, aber viele, davon kann man wohl ausgehen. Und die Probleme aufgrund der Massenmigration h\u00f6ren nicht auf, sie wachsen t\u00e4glich, Ihre Forderungen werden mangels Personal wohl gar nicht machbar sein. Vieles andere auch nicht. Wir schaffen das alles nicht. Sorgen Sie lieber f\u00fcr eine ordentliche Debattenkultur im deutschen Parlament! Die einzige Partei, die die von Ihnen in Teilen nun angesprochenen Missst\u00e4nde immer zum Thema machte, wird uns\u00e4glich gemobbt. Sorgen Sie daf\u00fcr, dass endlich die richtige Politik gemacht wird!<br \/>\n9.8.2019, J.W.<br \/>\n.<br \/>\n<strong>Rassismus-Hysteriker in den eigenen CDU-Reihen<\/strong><br \/>\nWenn der oft bem\u00fchte Satz nicht schon so abgetakelt w\u00e4re, m\u00fcsste man auch Herrn Linnemann sagen: &#8222;Willkommen im Club!&#8220; Man merkt trotz seiner abgewogenen Formulierungen, wie genervt und ver\u00e4rgert er ist das er selbst in den eigenen Reihen den Taktierern mit Kurs Richtung gr\u00fcn und den sonst immer gleichen &#8222;Rassismus-Hysterikern&#8220; nun selbst zum Opfer gereichte. Vielleicht so meine Hoffnung, erinnert er sich in Zukunft daran, sollte er sich selbst dergleichen gegen\u00fcber dem rechten Gegner und seiner W\u00e4hlern beflei\u00dfigen.<br \/>\nAber wahrscheinlich d\u00e4mmert es ihm und dem vern\u00fcnftigen Rest der Unionspolitiker so langsam, was diese Methodik der Verunglimpfung mit t\u00e4tiger Beihilfe der Medien schon angerichtet hat. Was er im letzten Satz seiner Ausf\u00fchrungen sozusagen auch best\u00e4tigt. Um unsere Debattenkultur ist es nicht nur nicht gut bestellt, sie wurde systematisch entsorgt. Welch ein Schaden f\u00fcr die Demokratie und unsere Gesellschaft!<br \/>\n9-8.2019, H.H.<br \/>\n.<br \/>\n<strong>Moralische Immunit\u00e4t<\/strong><br \/>\nDas Problem ist und bleibt Frau Merkel samt ihrer \u201eH\u00f6flinge\u201c in der CDU, im Parlament und in den Leitmedien. Sie hat die \u201emoralische Immunit\u00e4t\u201c im Zuge der Migrationskrise 2015 in die Politik eingef\u00fchrt und somit die Basis jeder Demokratie, Sachdiskussionen im Ringen um die richtige L\u00f6sung zu f\u00fchren, verworfen. Tauber: \u201eWer hier nicht f\u00fcr Angela Merkel ist, ist ein Arschloch und kann gehen.\u201c Jedes Thema wird moralisiert. Auch das Demonstrationsrecht ist der Moralit\u00e4t unterworfen und wird durch positive oder negative Sanktionen zensiert. Wer sich aus der Opposition heraus trotzdem auf die Stra\u00dfe wagt, wird gefilmt und ins Netz gestellt. Das Demonstrationsrecht, das Grundrecht der Opposition par excellence, es existiert de facto nicht mehr. Politische Sachdiskussionen sind verd\u00e4chtig, unmoralisch, rassistisch, &#8230;. und derjenige der sie f\u00fchren will, wird pers\u00f6nlich demontiert. Mit Demokratie hat das nichts mehr zu tun.<br \/>\n9.8.2019, M.F., CO<\/p>\n<p>&nbsp;<\/p>\n<p>.<br \/>\n<strong>Vorschule zum Deutschlernen &#8211;\u00a0 Vorbild Kanada<\/strong><br \/>\n&#8222;(Carsten) Linnemann will eine intensive F\u00f6rderung in einer verpflichtenden Vorschule, so dass die Kinder besser ger\u00fcstet am Regelschulunterricht teilnehmen k\u00f6nnen. Wer das f\u00fcr ausl\u00e4nderfeindlich h\u00e4lt, sollte sich anschauen, wie das Einwanderungsland Kanada seine hervorragenden Integrationsergebnisse erzielt. Dort kommen Kinder, die des Englischen beziehungsweise Franz\u00f6sischen noch nicht m\u00e4chtig sind, zun\u00e4chst in spezielle Einrichtungen, in denen der Spracherwerb h\u00f6chste Priorit\u00e4t hat. Sp\u00e4testens nach einem Jahr geht es an eine Regelschule. Dass auch dort der Ausl\u00e4nderanteil oft hoch ist, spielt dann keine Rolle.&#8220;<br \/>\n6.8.2019, DIE WELT<\/p>\n","protected":false},"excerpt":{"rendered":"<p>Home &gt;Bildung\u00a0&gt;Schulen\u00a0&gt;Grundschule &gt;Vorschulen Listenauswahl eines Beitrags (Artikel\/Datum, Seite\/Inhalt): Klicken oder scrollen Deutsch erlernen: Vorschule (10.8.2019) Carsten Linnemann: Reaktionen zur Forderung nach Vorschulpflicht (8.8.2019) Vorschule zum Deutschlernen &#8211;\u00a0\u00a0Vorbild Kanada (6.8.2019) Mein Lehrerstudium: Haltung, Haltung \u00fcber alles an der Hochschule\u00a0(16.7.2019) Wahrheit basiert &hellip; <a href=\"https:\/\/www.freiburg-schwarzwald.de\/blog\/bildung\/schulen\/vorschulen\/\">Weiterlesen <span class=\"meta-nav\">&rarr;<\/span><\/a><\/p>\n","protected":false},"author":2,"featured_media":0,"parent":209,"menu_order":0,"comment_status":"open","ping_status":"closed","template":"","meta":{"footnotes":""},"class_list":["post-74359","page","type-page","status-publish","hentry"],"_links":{"self":[{"href":"https:\/\/www.freiburg-schwarzwald.de\/blog\/wp-json\/wp\/v2\/pages\/74359","targetHints":{"allow":["GET"]}}],"collection":[{"href":"https:\/\/www.freiburg-schwarzwald.de\/blog\/wp-json\/wp\/v2\/pages"}],"about":[{"href":"https:\/\/www.freiburg-schwarzwald.de\/blog\/wp-json\/wp\/v2\/types\/page"}],"author":[{"embeddable":true,"href":"https:\/\/www.freiburg-schwarzwald.de\/blog\/wp-json\/wp\/v2\/users\/2"}],"replies":[{"embeddable":true,"href":"https:\/\/www.freiburg-schwarzwald.de\/blog\/wp-json\/wp\/v2\/comments?post=74359"}],"version-history":[{"count":3,"href":"https:\/\/www.freiburg-schwarzwald.de\/blog\/wp-json\/wp\/v2\/pages\/74359\/revisions"}],"predecessor-version":[{"id":135366,"href":"https:\/\/www.freiburg-schwarzwald.de\/blog\/wp-json\/wp\/v2\/pages\/74359\/revisions\/135366"}],"up":[{"embeddable":true,"href":"https:\/\/www.freiburg-schwarzwald.de\/blog\/wp-json\/wp\/v2\/pages\/209"}],"wp:attachment":[{"href":"https:\/\/www.freiburg-schwarzwald.de\/blog\/wp-json\/wp\/v2\/media?parent=74359"}],"curies":[{"name":"wp","href":"https:\/\/api.w.org\/{rel}","templated":true}]}}