{"id":73102,"date":"2019-06-16T15:23:40","date_gmt":"2019-06-16T13:23:40","guid":{"rendered":"https:\/\/www.freiburg-schwarzwald.de\/blog\/?page_id=73102"},"modified":"2020-11-19T17:00:55","modified_gmt":"2020-11-19T16:00:55","slug":"appeasement","status":"publish","type":"page","link":"https:\/\/www.freiburg-schwarzwald.de\/blog\/kultur\/medien\/appeasement\/","title":{"rendered":"Appeasement"},"content":{"rendered":"<p><a href=\"https:\/\/www.freiburg-schwarzwald.de\/blog\">Home<\/a>\u00a0&gt;<a title=\"Kultur\" href=\"https:\/\/www.freiburg-schwarzwald.de\/blog\/kultur\/\">Kultur<\/a>\u00a0&gt;<a title=\"Medien\" href=\"https:\/\/www.freiburg-schwarzwald.de\/blog\/kultur\/medien\/\">Medien<\/a>\u00a0&gt;<a title=\"Political-Correctness\" href=\"https:\/\/www.freiburg-schwarzwald.de\/blog\/kultur\/medien\/political-correctness\/\">Political-Correctness<\/a>\u00a0&gt;<a title=\"Haltungsjournalismus\" href=\"https:\/\/www.freiburg-schwarzwald.de\/blog\/kultur\/medien\/journalismus\/haltungsjournalismus\/\">Haltungsjournalismus<\/a>\u00a0&gt;Appeasement<\/p>\n<div id=\"attachment_71880\" style=\"width: 650px\" class=\"wp-caption alignnone\"><a href=\"https:\/\/www.freiburg-schwarzwald.de\/blog\/global\/france\/notre-dame15-04-2019\/notre-dame-paris20190415pan\/\" rel=\"attachment wp-att-71880\"><img loading=\"lazy\" decoding=\"async\" aria-describedby=\"caption-attachment-71880\" class=\"size-full wp-image-71880\" src=\"https:\/\/www.freiburg-schwarzwald.de\/blog\/wp-content\/uploads\/2019\/04\/notre-dame-paris20190415pan.jpg\" alt=\"Notre Dame in Paris am 15.4.2019 - die Kathedrale brennt\" width=\"640\" height=\"313\" srcset=\"https:\/\/www.freiburg-schwarzwald.de\/blog\/wp-content\/uploads\/2019\/04\/notre-dame-paris20190415pan.jpg 640w, https:\/\/www.freiburg-schwarzwald.de\/blog\/wp-content\/uploads\/2019\/04\/notre-dame-paris20190415pan-180x88.jpg 180w\" sizes=\"auto, (max-width: 640px) 100vw, 640px\" \/><\/a><p id=\"caption-attachment-71880\" class=\"wp-caption-text\">Notre Dame in Paris am 15.4.2019 &#8211; die Kathedrale brennt<\/p><\/div>\n<p>&nbsp;<\/p>\n<ul>\n<li>Birg\u00fcl Akpinar: Religion kein Mittel der Integration (17.11.2020)<\/li>\n<li><a href=\"https:\/\/www.freiburg-schwarzwald.de\/blog\/gegen-gewalt-von-extremisten\/\">Gegen Gewalt von Extremisten \u2013 nach Dresden, Paris und Nizza<\/a>\u00a0(30.10.2020)<\/li>\n<li><a title=\"Konservative braucht das Land\" href=\"https:\/\/www.freiburg-schwarzwald.de\/blog\/konservative-braucht-das-land\/\">Konservative braucht das Land<\/a>\u00a0(13.12.2019)<\/li>\n<li>Schr\u00f6ter (Uni Frankfurt): Kein Appeasement mit dem Islamismus (14.6.2019)<\/li>\n<li><a title=\"Hochschulen-Freiheit\" href=\"https:\/\/www.freiburg-schwarzwald.de\/blog\/bildung\/hochschulen-freiheit\/\">Kopftuch-Tagung Uni Frankfurt \u2013 Linke Unfreiheit gegen Prof Susanne Schr\u00f6ter<\/a>\u00a0(28.5.2019)<\/li>\n<li><a title=\"Konformismus\" href=\"https:\/\/www.freiburg-schwarzwald.de\/blog\/kultur\/medien\/political-correctness\/konformismus\/\">Norbert Bolz: Universit\u00e4ten \u2013 Treibh\u00e4user der Konformit\u00e4t<\/a>\u00a0(3.1.2019)<\/li>\n<li><a href=\"https:\/\/www.freiburg-schwarzwald.de\/blog\/islam-appeasement-von-dreyer\/\">https:\/\/www.freiburg-schwarzwald.de\/blog\/islam-appeasement-von-dreyer\/<\/a>\u00a0(19.5.2018)<\/li>\n<\/ul>\n<ul>\n<li><a title=\"Abdel-Samad\" href=\"https:\/\/www.freiburg-schwarzwald.de\/blog\/religion\/islam\/abdel-samad\/\">Hamed Abdel-Samad<\/a><\/li>\n<li><a title=\"Agnostiker\" href=\"https:\/\/www.freiburg-schwarzwald.de\/blog\/religion\/agnostiker\/\">Agnostiker<\/a><\/li>\n<li><a title=\"Ates\" href=\"https:\/\/www.freiburg-schwarzwald.de\/blog\/religion\/islam\/ates\/\">Seyran Ates<\/a><\/li>\n<li><a href=\"https:\/\/de-de.facebook.com\/pages\/Entweder-Broder-Die-Deutschlandsafari\/136751119707299\">https:\/\/de-de.facebook.com\/pages\/Entweder-Broder-Die-Deutschlandsafari\/136751119707299<\/a><\/li>\n<li><a href=\"https:\/\/www.freiburg-schwarzwald.de\/blog\/global\/france\/enthauptung\/\">Enthauptung<\/a><\/li>\n<li><a title=\"Erziehung\" href=\"https:\/\/www.freiburg-schwarzwald.de\/blog\/religion\/islam\/erziehung\/\">Erziehung<\/a><\/li>\n<li><a title=\"Hochschulen-Freiheit\" href=\"https:\/\/www.freiburg-schwarzwald.de\/blog\/bildung\/hochschulen-freiheit\/\">Hochschulen-Freiheit<\/a><\/li>\n<li><a title=\"Islam-Reformen\" href=\"https:\/\/www.freiburg-schwarzwald.de\/blog\/religion\/islam\/islam-reformen\/\">Iran-Reformen<br \/>\n<\/a><\/li>\n<li><a title=\"Karim\" href=\"https:\/\/www.freiburg-schwarzwald.de\/blog\/religion\/islam\/karim\/\">Imad Karim<\/a><\/li>\n<li><a title=\"Islam-Deutschland\" href=\"https:\/\/www.freiburg-schwarzwald.de\/blog\/religion\/islam\/islam-deutschland\/\">Islam-Deutschland<\/a><\/li>\n<li><a title=\"Kelek\" href=\"https:\/\/www.freiburg-schwarzwald.de\/blog\/religion\/islam\/kelek\/\">Necla Kelek<\/a><\/li>\n<li><a title=\"Konformismus\" href=\"https:\/\/www.freiburg-schwarzwald.de\/blog\/kultur\/medien\/political-correctness\/konformismus\/\">Konformismus<\/a><\/li>\n<li><a title=\"Koran\" href=\"https:\/\/www.freiburg-schwarzwald.de\/blog\/religion\/islam\/koran\/\">Koran<\/a><\/li>\n<li><a title=\"Kritik\" href=\"https:\/\/www.freiburg-schwarzwald.de\/blog\/kultur\/medien\/kritik\/\">Kritik &#8211; abweichende Meinung<\/a><\/li>\n<li><a title=\"Migrationshintergrund\" href=\"https:\/\/www.freiburg-schwarzwald.de\/blog\/global\/migration\/migrationshintergrund\/\">Migrationshintergrund<\/a><\/li>\n<li><a title=\"Sachbuch\" href=\"https:\/\/www.freiburg-schwarzwald.de\/blog\/kultur\/dichter\/literatur\/sachbuch\/\">Sachbuch<\/a><\/li>\n<li><a title=\"S\u00e4kularer-Islam\" href=\"https:\/\/www.freiburg-schwarzwald.de\/blog\/religion\/islam\/saekularer-islam\/\">S\u00e4kularer\u00a0 Islam \u2013 Initiative<\/a><\/li>\n<li><a title=\"Tibi\" href=\"https:\/\/www.freiburg-schwarzwald.de\/blog\/global\/deutschland\/tibi\/\">Bassam Tibi<\/a><\/li>\n<li><a title=\"Kirche-Staat\" href=\"https:\/\/www.freiburg-schwarzwald.de\/blog\/religion\/kirche-staat\/\">Trennung Kirche und Staat<\/a><\/li>\n<li><a title=\"Verschwoerungstheorien\" href=\"https:\/\/www.freiburg-schwarzwald.de\/blog\/kultur\/medien\/verschwoerungstheorien\/\">Verschwoerungstheorien<\/a><\/li>\n<\/ul>\n<p>&nbsp;<\/p>\n<p><strong>Birg\u00fcl Akpinar: Religion kein Mittel der Integration<\/strong><br \/>\n<em>Islamexpertin und Politikerin Birg\u00fcl Akpinar: \u00abWir m\u00fcssen uns davon verabschieden, dass Religion ein Mittel der Integration sein kann\u00bb<\/em><br \/>\nDie Politikerin der baden-w\u00fcrttembergischen CDU fordert ein Verbot der Grauen W\u00f6lfe. Ausserdem m\u00fcsse der Staat die islamischen Verb\u00e4nde entmachten und an den Schulen das Grundgesetz durchsetzen.<br \/>\n.<br \/>\nFrau Akpinar, die Deutsche Islamkonferenz wurde 2006 ins Leben gerufen, um die Bedingungen f\u00fcr einen \u00abdeutschen Islam\u00bb zu schaffen. Innenminister Horst Seehofer betonte nun, diesem Ziel sei man in all den Jahren nicht wesentlich n\u00e4hergekommen. Hat er recht?<br \/>\nBei der Idee, man k\u00f6nne einen deutschen Islam schaffen, handelt es sich um Wunschdenken. Der Staat erhofft sich dadurch eine Z\u00e4hmung des Islam. Ein Islam, der noch keine inneren Reformprozesse durchlaufen hat, l\u00e4sst sich aber weder eindeutschen noch verfassungskonform machen.<br \/>\n.<br \/>\nGenau diese Absicht hegt der Innenminister. Er w\u00fcnscht sich einen Islam im Rahmen der deutschen Verfassungsordnung und der hiesigen kulturellen Gepflogenheiten.<br \/>\nDer Islam entstand auf der Arabischen Halbinsel. Dort wird entschieden, wo die Reise hingeht. Im Nahen und Mittleren Osten, nicht in Europa, entscheidet sich die Zukunft des Islam.<br \/>\nDennoch sollte es m\u00f6glich sein, den Islam in Deutschland verfassungstreu auszu\u00fcben.<br \/>\nDer Islam kennt keine Trennung von Staat und Religion. Das schiebt allen Versuchen, ihn zu s\u00e4kularisieren, einen Riegel vor. Europa wurde durch den Westf\u00e4lischen Frieden am Ende des Dreissigj\u00e4hrigen Krieges zu jenem s\u00e4kularen Kontinent, der er heute ist. Der Islam hat eine solche Entwicklung nicht durchlaufen. Der Koran, die Sunna und die Scharia k\u00f6nnen nicht durch einen administrativen Vorgang relativiert werden.<br \/>\n&#8230;<br \/>\nWenn es schon schwerf\u00e4llt, mit dem Islam ins Gespr\u00e4ch zu kommen: Wie soll der Staat mit dem Islamismus umgehen?<br \/>\nDer Begriff wurde von der Wissenschaft und den Sicherheitsbeh\u00f6rden gepr\u00e4gt, aber in der Praxis erweist er sich als untauglich. Ebenso wie die Rede vom politischen Islam. Der Islam ist im Kern per se politisch. Er regelt alle Lebensbereiche. Wovon reden wir also \u00fcberhaupt?<br \/>\n. &#8230;<br \/>\nWir sprachen vom Eindruck der Diaspora, der Fremde, den die Verb\u00e4nde aufrechterhalten wollen. Wer steht noch einer Integration der Muslime entgegen?<br \/>\nDie Medien spielen eine bedeutende Rolle bei der Abkapselung. Man kann in Deutschland leben, ohne sich je in deutscher Sprache \u00fcber deutsche Themen zu informieren. In Duisburg gibt es einen t\u00fcrkischen Sender namens Kanal Avrupa, der sich massiv gegen vermeintliche Assimilation wendet, gegen Rassismus, Diskriminierung und Ausgrenzung durch Deutsche \u2013 in sch\u00f6nster Einseitigkeit. Wer so etwas jeden Abend anschaut, ist f\u00fcr Deutschland verloren.<br \/>\nWas bleibt dann noch \u00fcbrig f\u00fcr den Dialog mit Muslimen?<br \/>\nIch f\u00fcrchte, wir m\u00fcssen uns davon verabschieden, dass Religion ein Mittel der Integration sein kann. Selbstverst\u00e4ndlich kann der Islam Bestandteil der pers\u00f6nlichen Lebensf\u00fchrung sein. Vorsicht ist aber immer dann geboten, wenn er f\u00fcr politische Zwecke und Ziele instrumentalisiert werden soll.<br \/>\n&#8230; Alles vom 17.11.2020 von Alexander Kissler bitte lesen auf<br \/>\n<a href=\"https:\/\/www.nzz.ch\/international\/der-islam-ist-kein-mittel-der-integration-sagt-birguel-akpinar-ld.1587160\">https:\/\/www.nzz.ch\/international\/der-islam-ist-kein-mittel-der-integration-sagt-birguel-akpinar-ld.1587160<\/a><br \/>\n.<br \/>\nKommentare:<br \/>\n<strong>Kampf gegen Islamismus statt Kampf gegen Rechts<\/strong><br \/>\nWas Frau Birg\u00fcl Akpinar sag ist seit Jahren bekannt, aber leider will es niemand h\u00f6ren. Der &#8222;Kampf gegen Rechts&#8220; der in der BRD mit vielen Millionen gef\u00f6rdert wird, ist nur ein Kampf gegen die AfD, aber kein Kampf gegen die deutlich schlimmeren rechtsradikalen T\u00fcrken. Diese werden eher durch F\u00f6rdergelder unterst\u00fctzt! Und das wieder besseren Wissens! Denn der Verfassungsschutzbericht macht seit Jahrzehnten deutlich das die rechtsradikalen t\u00fcrken ein gro\u00dfes Problem darstellen.<br \/>\n17.11.2020, S.N.<br \/>\n.<br \/>\n<strong>Religion st\u00fctzt Integration? Nein<\/strong><br \/>\nEinmal mehr wird der Irrglaube der aktuellen Regierung, Religion zur Integration zu nutzen aufgezeigt. Das Abfischen von Wahlstimmen vor allem in der grossen t\u00fcrkischen Community hat ja Tradition. Integriert oder nicht ist da sekund\u00e4r. Der Imam predigt auf deutsch, prima, Islamwissenschaft an der Uni, phantastisch. Die Botschaft bleibt aber die Gleiche und l\u00e4sst den Raum f\u00fcr \u00fcble Radikalisierung. Ein Interview mit klarer Ansage, jenseits aller sprachlicher Verbr\u00e4mungen, Sch\u00f6nf\u00e4rbereien, sehr gut.<br \/>\n17.11.2020, Th.S.<br \/>\n.<br \/>\n<strong>Muslime als &#8222;people of colour&#8220; gep\u00e4ppelt<\/strong><br \/>\nEine mutige Frau. Die Frage, die sich mir stellt ist: wovor muss sie sich nach diesen klaren Statements mehr f\u00fcrchten? Vor radikalen Fundamentalisten&#8230; oder einer Betroffenheits-Industrie, die jeden Moslem l\u00e4ngst in der Gruppe der &#8222;people of colour&#8220; verortet hat und daher jede Art von konstruktiver Kritik derart sanktioniert, wie man es fr\u00fcher nur bei Holocaust-Leugnern zurecht erwartet hat.<br \/>\n17.11.2020, P.D.<br \/>\n.<br \/>\n<strong>In D ausgebildete Imame werden abgelehnt<\/strong><br \/>\nSolange die Imame aus dem Ausland kommen und sie religi\u00f6se Botschaften mit nationalistischen T\u00f6nen verbinden kann eine Integration der praktizierenden Muslime m.E. nicht gelingen. Die in Deutschland ausgebildeten Imame genie\u00dfen anscheinend bei den Gl\u00e4ubigen keine Autorit\u00e4t. Insoweit ist die Integration gescheitert, mit unabsehbaren Folgen f\u00fcr das gemeinsame Zusammenleben. Kulturelle Diversifikation ist kein Wert an sich. Wenn sie funktioniert kann sie sehr belebend sein, wenn nicht schafft sie Probleme wo vorher keine waren.<br \/>\n17.11.2020, R.K.<\/p>\n<p>&nbsp;<\/p>\n<p>.<\/p>\n<p>&nbsp;<\/p>\n<p><strong>Schr\u00f6ter (Uni Frankfurt): Kein Appeasement mit dem Islamismus<\/strong><br \/>\nAbdel-Samad ist nicht allein. Wer sich kritisch zum Islam positioniert, sieht sich in Deutschland Bedrohungen ausgesetzt. Ein Frankfurter Beispiel aus j\u00fcngster Zeit: Zehn Menschen geh\u00f6ren zur \u201eInitiative S\u00e4kularer Islam\u201c, einer Gruppe aus Wissenschaftlern und Publizisten, die \u00fcber den Islam diskutieren will und ein totalit\u00e4res Verst\u00e4ndnis von Religion ablehnt. Vier davon m\u00fcssen inzwischen von Personensch\u00fctzern bewacht werden. \u201eWeil sie auf der Abschussliste von irgendwelchen Radikalen stehen\u201c, sagt Susanne Schr\u00f6ter. Die Professorin der Goethe-Universit\u00e4t und DWie kann Islam-Kritik Rassismus sein?irektorin des \u201eFrankfurter Forschungszentrum Globaler Islam\u201c will die kritische Auseinandersetzung mit der Religion vorantreiben. Auch darum hat sie zur Konferenz \u201eS\u00e4kularer Islam und Islamismuskritik\u201c eingeladen, auf der auch <a title=\"Abdel-Samad\" href=\"https:\/\/www.freiburg-schwarzwald.de\/blog\/religion\/islam\/abdel-samad\/\">Abdel-Samad<\/a> und <a title=\"Khorchide \u2013 Islam Scharia Gott\" href=\"https:\/\/www.freiburg-schwarzwald.de\/blog\/khorchide-islam-scharia-gott\/\">Mouhanad Khorchide<\/a>, Professor f\u00fcr Islamische Theologie in M\u00fcnster, sprechen. &#8230;.<br \/>\nSusanne Schr\u00f6ter sagt. \u201eEs entwickelt sich ein identit\u00e4rer Islamismus in Deutschland, der Muslime als besondere Gruppe sieht, die Sonderrechte haben sollte und das religi\u00f6s begr\u00fcndet.\u201c Wie die rechtsradikale <a title=\"Identitaet\" href=\"https:\/\/www.freiburg-schwarzwald.de\/blog\/engagement\/zukunft\/demokratie\/identitaet\/\">identit\u00e4re<\/a> Szene habe sie eine gro\u00dfe Anziehungskraft auf Jugendliche. \u201eDas ist auch deshalb problematisch, weil sich die Verb\u00e4nde nicht gen\u00fcgend abgrenzen\u201c, sagt die Direktorin des Forschungszentrums.<br \/>\n&#8230;<br \/>\n\u201eDiese Politik ist fatal\u201c, erg\u00e4nzt Schr\u00f6ter: <strong><em>Es gebe eine Appeasement-Haltung gegen\u00fcber Regimen wie dem in Iran, Katar und Saudi-Arabien.<\/em><\/strong> Geld aus Anti-Extremismust\u00f6pfen flie\u00dfe an fragw\u00fcrdige Organisationen. Und junge Syrer und Afghanen, die nach Deutschland kommen, sollen als Integrationsma\u00dfnahme in eine Moscheengemeinde gehen, erz\u00e4hlt Schr\u00f6ter. \u201eDabei sind die froh, aus dem Einflussbereich des Islam herausgekommen zu sein.\u201c<br \/>\n&#8230; Alles vom 14.6.2019 bitt lesen auf<br \/>\n<a href=\"https:\/\/www.faz.net\/aktuell\/rhein-main\/konferenz-zur-islamkritik-an-der-frankfurter-goethe-uni-16236671.html\">https:\/\/www.faz.net\/aktuell\/rhein-main\/konferenz-zur-islamkritik-an-der-frankfurter-goethe-uni-16236671.html<\/a><br \/>\n.<br \/>\n<strong>Linke: Migranten sind Opfer einer rassistisch-islamophoben Gesellschaft<\/strong><br \/>\n&#8222;Kritische Muslime f\u00fchlen sich bedroht von Muslimen, die postulieren, dass wir hier in einer rassistisch-islamophoben Gesellschaft leben&#8220;. Das ist ein Kampfbegriff, der den Islam insgesamt, gleich welcher Schattierung, vor jeder Kritik immunisieren soll. Seine Durchschlagskraft und Wirksamkeit erh\u00e4lt dieser Begriff (und das dahinter stehende Narrativ) allerdings erst dadurch, dass er nicht blo\u00df von einigen Vertretern islamischer Verb\u00e4nde, sondern praktisch von der vereinigten politischen Linken in Deutschland vertreten wird. Migranten werden pauschal als Opfer, die Mehrheitsgesellschaft pauschal als strukturell rassistisch betrachtet. In dieser Perspektive sind Gefahren und Probleme, die von eingewanderten Subkulturen gleich welcher Art ausgehen oder ausgehen k\u00f6nnten, immer als nachrangig zu betrachten, und in der Tendenz wenn m\u00f6glich zu negieren. Die Dominanz dieser schiefen Perspektive hat bereits f\u00fcr viel gesellschaftlichen Unfrieden und politische Verwerfungen gesorgt.<br \/>\n16.6.2019, C.v.R., FO<br \/>\n&#8211;<br \/>\n<strong>Allensbach: Meinungsfreiheit in D leidet<\/strong><br \/>\nWenn man Mut haben muss, seine kritische Meinung zum Islam zu \u00e4ussern, dann zeigt das, dass es um die Meinungsfreiheit in unserem Land schlecht bestellt ist. Die aktuelle Allensbach-Umfrage (FAZ,23.5.,S.12) belegt es mit schockierenden Ergebnissen. Und so ist es mit einer Vielzahl von Themen. Die Kritik am Islam, zu der man kommt, wenn man den Koran einmal wirklich gelesen hat, ist solch ein Beispiel.<br \/>\nOb Energiewende, Migrationspolitik, Klimawandel, &#8222;Genderwissenschaft&#8220; oder gar Akzeptanz der regierungskritischen Partei AfD, wer sich zu diesen und anderen Themen kritisch \u00e4ussert (das reicht aus!), der muss sehr mutig , m\u00f6glichst im unk\u00fcndbaren Beamtenstatus, sein. Meinungen haben durfte man auch zu finstersten Ulbricht\/Mielke-Zeiten, sofern man sie nicht \u00e4usserte. Und heute (Allensbachergebnis) sind nur noch 18% der Deutschen der Meinung, man d\u00fcrfe sich im \u00f6ffentl. Raum frei \u00e4ussern. Das Risiko, Rassist oder Nazi genannt zu werden, ist hoch. Der so Urteilende tut es als bewusste L\u00fcgner, oder, weil er ernsthaft glaubt, er st\u00fcnde doch in der polit. Mitte. Meinungs\u00e4usserungsfreiheit?<br \/>\n15.6.2019, D.S.<br \/>\n&#8211;<br \/>\n<strong>Sch\u00f6n , dass an deutschen Unis endlich mal wieder diskutiert wird<\/strong><br \/>\nZumindest in Frankfurt. Die anderen trauen sich leider nicht. Meinen Respekt an Frau Prof. Schr\u00f6ter und die Goethe-Uni. Selbstverst\u00e4ndlich auch an Hamed Abdel-Samad und alle Mitstreiter. Schade, dass solche Diskussionen nur unter Polizeischutz m\u00f6glich sind.<br \/>\n15.6.2019, M.W.<br \/>\n.<br \/>\n<strong>Religion Privatsache, hat in Politik nichts verloren<\/strong><br \/>\nNa ja, eigentlich zeigt auch die hier gef\u00fchrte Diskussion, dass nahezu alle Religionen eine Sonderbehandlung beanspruchen. Aber man kann es drehen und wenden wie man will, mit Religionsfreiheit hat das nichts zu tun, Auch in Deutschland werden die christlichen Religionen nicht angemessen behandelt: Ihre Rolle im \u00d6ffentlichen Leben und auch bei vielen Medien ist eindeutig zu dominant. Unter Religionsfreiheit verstehe ich, dass jeder an das glauben kann und darf woran er m\u00f6chte, aber bitte im privaten Bereich. In der Politik, in Schulen also \u00fcberall dort wo Einfluss ausge\u00fcbt werden soll haben Religionen nichts verloren. Und wer die Dinge unvoreingenommen betrachtet kann erkennen, dass alle Religionen und die sie tragenden Gemeinschaften Schuld auf sich geladen haben. Und Relativierungsversuchen sollte man entschieden entgegen treten. Und auch wenn viele Mitmenschen es nicht wahrhaben wollen, Religionen sind vielfach Ursache von Unfrieden, wegen ihres Absolutheitsanspruchs. Und der ist nun wirklich nicht \u00fcberpr\u00fcfbar. sondern nur ein Glaubensbekenntnis.<br \/>\n15.6.2019, R-D.M., FO<\/p>\n<p><strong>GG vs Scharia-Islam sind &#8217;nicht integrierbare&#8216; Gegens\u00e4tze<\/strong><br \/>\nDie Quadratur des Integrationskreises? Teile des islamischen Rechtssystems (Scharia) stehen im Widerspruch zu den Menschenrechten. Aber nicht nur Teile des islamischen Straf- und Prozessrechts versto\u00dfen gegen v\u00f6lkerrechtlich bindende Menschenrechtsvertr\u00e4ge, sondern u.a. auch Teile des Familien- und Eherechtes. Die islamische Theologie betrachtet die Scharia als vollkommene Ordnung, die Frieden und Gerechtigkeit schafft. Sie gilt als Ordnung Gottes und darf daher prinzipiell nicht durch menschliche Gesetze ersetzt werden. Die Scharia ist die Gesamtheit des islamischen Gesetzes, wie es im Koran, in der islamischen \u00dcberlieferung und in den Auslegungen ma\u00dfgeblicher Theologen und Juristen vor allem der fr\u00fchislamischen Zeit niedergelegt wurde. Die Kairoer Erkl\u00e4rung der Menschenrechte im Islam, eine 1990 beschlossene Erkl\u00e4rung der Mitgliedsstaaten der Organisation der Islamischen Konferenz, definiert die Schar\u012b\u02bfa als alleinige Grundlage von Menschenrechten. GG vs Scharia-Islam sind &#8217;nicht integrierbare&#8216; Gegens\u00e4tze.<br \/>\n5.6.2019, P.B.<br \/>\n.<br \/>\n<strong>Glaubenfriheit statt Religionsfreiheit<\/strong><br \/>\nGlaube = ein Mensch | Religion = eine Gruppe. Glaube hilft einem Individuum, Trost und Kraft zu geben, im Idealfall anderen Menschen zu helfen. Eine gute Sache, auch wenn ich nicht an h\u00f6here Wesen glaube. Religion betrifft immer eine Gruppe, und per Definition betreibt jede Gruppe Politik. D.h. ausser dem Zweck der Gruppe (die sch\u00f6nsten Kaninchen z\u00fcchten, alle Ungl\u00e4ubigen t\u00f6ten) gibt es noch st\u00e4rkere Motive wie die Gruppe zu festigen, zusammenzuhalten, selbst Einfluss und F\u00fchrerschaft zu gewinnen, den Zweck der Gruppe aufrechtzuerhalten. Religion ist Politik. Der (vereinheitlichte) Glaube ist nur Mittel zum Zweck. Man sollte **Glaubensfreiheit** in den Vordergrund stellen, nicht Religionsfreiheit. Gruppen, die die gr\u00f6\u00dfere Gemeinschaft st\u00f6ren oder gar zerst\u00f6ren wollen, sollte man verbieten d\u00fcrfen.<br \/>\n15.6.2019, R.D.<br \/>\n.<br \/>\nOder ist es &#8222;nur&#8220; nicht erlaubt, den Islam zu kritisieren, weil PC u. Diskrimierungsverbot h\u00f6her zu bewerten sind als Aufkl\u00e4rung u. Intellekt? Dass selbst Muslime ihre Religion inzwischen auch bei uns nur unter Lebensgefahr bzw. Todesdrohung kritisieren k\u00f6nnen u. auch ihnen von liberaler Seite Rassismus vorgeworfen wird, spricht B\u00e4nde \u00fcber unsere Politiker + deren gesellschaftliche Wertsetzung. So \u00e4rgerlich es ist: in PC-Zeiten m\u00fcssen alte, lange gewonnene K\u00e4mpfe um Freiheit + Aufkl\u00e4rung neu gef\u00fchrt werden. Aber sie werden gef\u00fchrt u. gewonnen werden, nicht zuletzt dank unabh\u00e4ngiger, zugewanderter Intellektueller wie Abdel-Samad, die unsere Werte ernster nehmen als manche &#8222;schon l\u00e4nger hier Lebenden&#8220;.<br \/>\n15.6.019, G.F.<br \/>\n.<br \/>\n<strong>Wie ist Nicht-Kritik des Islams \u00fcberhaupt m\u00f6glich?<\/strong><br \/>\nWie kann es \u00fcberhaupt in einem aufgekl\u00e4rten, den Menschenrechten verpflichteten, freiheitlichen und demokatischen Land in Anbetracht der Vita des Religionsbegr\u00fcnders Mohammed, des Inhalts der angeblich g\u00f6ttlichen Offenbarung im Koran, der Scharia-Gesetze, dem Menschenbild, der Ausbreitungsgeschichte, der gegenw\u00e4rtigen staatlichen islamischen Auspr\u00e4gungsformen, des islamisch begr\u00fcndeten internationalen Terrorismus, der Verh\u00e4ltnisse in den Parallelgesellschaften der westlichen Gesellschaften und des Umstandes des notwendigen Polizeischutzes f\u00fcr Islamkritiker m\u00f6glich sein, den Islam und seine Anh\u00e4ngerschaft nicht zu kritisieren und wie kann man diese zwingend notwendige Kritik &#8222;Rassismus&#8220; nennen, au\u00dfer man ist ideologisch verblendet?<br \/>\n15.6.2019, R.K.<br \/>\n.<br \/>\n<strong>Wie kann Islam-Kritik Rassismus sein?<\/strong><br \/>\nDer muslimische Glaube ist doch an keine Rasse gebunden! Insofern ist Islam-Kritik legitim. Sie ist es insbesondere, da zu den wesentlichen Elementen des Islam der Vorrang des Mannes vor der Frau sowie das Rechtssystem der Scharia geh\u00f6ren. Dies ist in der &#8222;Kairoer Erkl\u00e4rung der Menschenrechte im Islam&#8220; von 1990 festgelegt, von der Mehrheit der islamischen Staaten gebilligt und somit bindend. Hierauf darf sich eine Kritik aus westlich-aufgekl\u00e4rter Sicht berufen.<br \/>\n15.6.2019, D.S.<br \/>\n.<br \/>\n<strong>Keine Islamkritik: Angst?<\/strong><br \/>\nDie katholische wie evangelische Kirche zu kritisieren geh\u00f6rt fast zum guten Ton. Wenn im Gegensatz dazu der Islam nicht kritisiert wird, dann geschieht dies aus Angst. Ganz einfach aus Angst. &#8222;Ich wei\u00df, wo du wohnst&#8220;. Oder &#8222;Deine Tochter geht doch in die YZ-Schule?&#8220; oder &#8222;Koran ist Gottes Wort, das du beleidigst&#8220;. In Deutschland geht die Angst um. Das sp\u00fcrt nicht nur Abdel-Samad.<br \/>\n15.6.2016, K.B.<\/p>\n","protected":false},"excerpt":{"rendered":"<p>Home\u00a0&gt;Kultur\u00a0&gt;Medien\u00a0&gt;Political-Correctness\u00a0&gt;Haltungsjournalismus\u00a0&gt;Appeasement &nbsp; Birg\u00fcl Akpinar: Religion kein Mittel der Integration (17.11.2020) Gegen Gewalt von Extremisten \u2013 nach Dresden, Paris und Nizza\u00a0(30.10.2020) Konservative braucht das Land\u00a0(13.12.2019) Schr\u00f6ter (Uni Frankfurt): Kein Appeasement mit dem Islamismus (14.6.2019) Kopftuch-Tagung Uni Frankfurt \u2013 Linke Unfreiheit gegen &hellip; <a href=\"https:\/\/www.freiburg-schwarzwald.de\/blog\/kultur\/medien\/appeasement\/\">Weiterlesen <span class=\"meta-nav\">&rarr;<\/span><\/a><\/p>\n","protected":false},"author":2,"featured_media":0,"parent":678,"menu_order":0,"comment_status":"open","ping_status":"closed","template":"","meta":{"footnotes":""},"class_list":["post-73102","page","type-page","status-publish","hentry"],"_links":{"self":[{"href":"https:\/\/www.freiburg-schwarzwald.de\/blog\/wp-json\/wp\/v2\/pages\/73102","targetHints":{"allow":["GET"]}}],"collection":[{"href":"https:\/\/www.freiburg-schwarzwald.de\/blog\/wp-json\/wp\/v2\/pages"}],"about":[{"href":"https:\/\/www.freiburg-schwarzwald.de\/blog\/wp-json\/wp\/v2\/types\/page"}],"author":[{"embeddable":true,"href":"https:\/\/www.freiburg-schwarzwald.de\/blog\/wp-json\/wp\/v2\/users\/2"}],"replies":[{"embeddable":true,"href":"https:\/\/www.freiburg-schwarzwald.de\/blog\/wp-json\/wp\/v2\/comments?post=73102"}],"version-history":[{"count":3,"href":"https:\/\/www.freiburg-schwarzwald.de\/blog\/wp-json\/wp\/v2\/pages\/73102\/revisions"}],"predecessor-version":[{"id":84937,"href":"https:\/\/www.freiburg-schwarzwald.de\/blog\/wp-json\/wp\/v2\/pages\/73102\/revisions\/84937"}],"up":[{"embeddable":true,"href":"https:\/\/www.freiburg-schwarzwald.de\/blog\/wp-json\/wp\/v2\/pages\/678"}],"wp:attachment":[{"href":"https:\/\/www.freiburg-schwarzwald.de\/blog\/wp-json\/wp\/v2\/media?parent=73102"}],"curies":[{"name":"wp","href":"https:\/\/api.w.org\/{rel}","templated":true}]}}