{"id":73,"date":"2012-03-29T08:28:19","date_gmt":"2012-03-29T08:28:19","guid":{"rendered":"https:\/\/www.freiburg-schwarzwald.de\/blog\/?page_id=73"},"modified":"2014-06-19T09:23:14","modified_gmt":"2014-06-19T07:23:14","slug":"frauenhorizonte","status":"publish","type":"page","link":"https:\/\/www.freiburg-schwarzwald.de\/blog\/selbsthilfe\/frauen\/frauenhorizonte\/","title":{"rendered":"Frauenhorizonte"},"content":{"rendered":"<p>Home &gt;<a title=\"Selbsthilfe\" href=\"https:\/\/www.freiburg-schwarzwald.de\/blog\/selbsthilfe\/\">Selbsthilfe<\/a> &gt;<a title=\"Frauen\" href=\"https:\/\/www.freiburg-schwarzwald.de\/blog\/selbsthilfe\/frauen\/\">Frauen<\/a> &gt;Frauenhorizonte<\/p>\n<div id=\"attachment_656\" style=\"width: 611px\" class=\"wp-caption alignnone\"><a href=\"https:\/\/www.freiburg-schwarzwald.de\/blog\/wp-content\/uploads\/2012\/03\/blumenfrauen2pan-0908.jpg\"><img loading=\"lazy\" decoding=\"async\" aria-describedby=\"caption-attachment-656\" class=\"size-full wp-image-656\" title=\"blumenfrauen2pan-0908\" alt=\"\" src=\"https:\/\/www.freiburg-schwarzwald.de\/blog\/wp-content\/uploads\/2012\/03\/blumenfrauen2pan-0908.jpg\" width=\"601\" height=\"258\" srcset=\"https:\/\/www.freiburg-schwarzwald.de\/blog\/wp-content\/uploads\/2012\/03\/blumenfrauen2pan-0908.jpg 601w, https:\/\/www.freiburg-schwarzwald.de\/blog\/wp-content\/uploads\/2012\/03\/blumenfrauen2pan-0908-180x77.jpg 180w\" sizes=\"auto, (max-width: 601px) 100vw, 601px\" \/><\/a><p id=\"caption-attachment-656\" class=\"wp-caption-text\">Blumenfrau im gelben Bl\u00fctenmeer in Freiburg am 18.8.2009<\/p><\/div>\n<p>&nbsp;<\/p>\n<h4><strong>Frauenhorizonte gegen sexuelle Gewalt Freiburg<\/strong><\/h4>\n<p>Frauenhorizonte wurde 1991 als Anlaufstelle f\u00fcr vergewaltigte Frauen gegr\u00fcndet. Die Anlauf- und Beratungss<span style=\"color: #000000;\">te<\/span>lle gegen sexuelle Gewalt ber\u00e4t, betreut therapeutisch und begleitet Opferzeuginnen in Strafverfahren. Der Haushalt umfasst etwa 200 000 Euro, von der Stadt kommen 80 Prozent. Die f\u00fcnf Hauptamtlichen unterst\u00fctzen sechs ehrenamtliche und Honorar-Kr\u00e4fte. W\u00f6chentlich suchen zwei bis drei Frauen und M\u00e4dchen zum ersten Mal Kontakt zu Frauenhorizonte<br \/>\nBZ, 2.12.2006<\/p>\n<p><a href=\"https:\/\/www.freiburg-schwarzwald.de\/blog\/selbsthilfe\/frauen\/frauenhorizonte\/wendepunkt\/\"><img loading=\"lazy\" decoding=\"async\" class=\"alignnone size-thumbnail wp-image-77\" alt=\"wendepunkt\" src=\"https:\/\/www.freiburg-schwarzwald.de\/blog\/wp-content\/uploads\/2012\/03\/wendepunkt-180x75.jpg\" width=\"180\" height=\"75\" srcset=\"https:\/\/www.freiburg-schwarzwald.de\/blog\/wp-content\/uploads\/2012\/03\/wendepunkt-180x75.jpg 180w, https:\/\/www.freiburg-schwarzwald.de\/blog\/wp-content\/uploads\/2012\/03\/wendepunkt.jpg 400w\" sizes=\"auto, (max-width: 180px) 100vw, 180px\" \/><\/a>\u00a0\u00a0\u00a0\u00a0\u00a0\u00a0\u00a0\u00a0\u00a0 <a href=\"https:\/\/www.freiburg-schwarzwald.de\/blog\/selbsthilfe\/frauen\/frauenhorizonte\/frauentag2-frauenhorizonte110308\/\" rel=\"attachment wp-att-78\"><img loading=\"lazy\" decoding=\"async\" class=\"alignnone size-thumbnail wp-image-78\" alt=\"frauentag2-frauenhorizonte110308\" src=\"https:\/\/www.freiburg-schwarzwald.de\/blog\/wp-content\/uploads\/2012\/03\/frauentag2-frauenhorizonte110308-135x180.jpg\" width=\"135\" height=\"180\" srcset=\"https:\/\/www.freiburg-schwarzwald.de\/blog\/wp-content\/uploads\/2012\/03\/frauentag2-frauenhorizonte110308-135x180.jpg 135w, https:\/\/www.freiburg-schwarzwald.de\/blog\/wp-content\/uploads\/2012\/03\/frauentag2-frauenhorizonte110308.jpg 480w\" sizes=\"auto, (max-width: 135px) 100vw, 135px\" \/><\/a><br \/>\n(1) Vorstand Frauenhorizonte\u00a0\u00a0\u00a0\u00a0\u00a0\u00a0\u00a0\u00a0\u00a0\u00a0\u00a0\u00a0\u00a0\u00a0\u00a0\u00a0\u00a0(2) Infostand Freauenhorizonte<br \/>\n.<br \/>\n(1) Viel gemeinsam und doch verschieden: Simone Thomas und Laura Wall von Frauenhorizonte, Susanne Strigel von Wildwasser, Volker H\u00f6hlein und Carmen Bremer von Wendepunkt (von links)<br \/>\n(2) Frauentag am 8.3.2011 in Freiburg: Frauenhorizonte &#8211; gegen sexuelle Gewal<\/p>\n<p>Frauenhorizonte gegen sexuelle Gewalt Freiburg,<br \/>\n&#8222;Frauen-M\u00e4dchen-Projekte-Haus&#8220;, Basler Strasse 8, 79100 Freiburg<br \/>\nTel 0761\/2858585<br \/>\n<a href=\"mailto:info@frauenhorizonte.de\">info@frauenhorizonte.de<\/a>,\u00a0\u00a0<a href=\"https:\/\/www.frauenhorizonte.de\">www.frauenhorizonte.de<\/a> \u00a0,<br \/>\nUmfangreiche Linkliste: <a href=\"https:\/\/www.frauenhorizonte.de\/Links.html\">www.frauenhorizonte.de\/Links.html<\/a><\/p>\n<p>In Notf\u00e4llen nach akuter sexueller Gewalt<br \/>\n(Vergewaltigung, N\u00f6tigung, sexuelle Bel\u00e4stigung)<br \/>\n24 Std. erreichbar : 0761\/ 2 85 85 85<\/p>\n<p><span style=\"color: #008000;\"><strong>Spendenkonto 204 444 2,\u00a0 BLZ 680 501 01, Sparkasse Freiburg<br \/>\nIBAN:\u00a0DE04680501010002044442<br \/>\n<\/strong><\/span><\/p>\n<p>News:<br \/>\nInternationaler Frauentag 8.3.2011 am Rathausplatz Freiburg &gt;Gender (9.3.2011)<br \/>\nLiquid Ecstasy ins Getr\u00e4nk sch\u00fctten &#8211; Vergewaltigung &gt;Drogen2 (22.10.2009)<br \/>\nKooperationsprojekt von OFF mit FreiRaum und Frauenhorizonte &gt;Off (25.5.2009)<br \/>\nBasler 8: Frauen-M\u00e4dchen-Projekte-Haus in Freiburg &gt;Frauen<br \/>\nFrauenhorizonte &#8211; Interview zu Gewalt und Vergewaltigung\u00a0 &gt;Frauen2 (6.10.2005)<br \/>\nWendepunkt, Wildwasser und Frauenhorizonte &#8211; gegen sexuellem Missbrauch &gt;Frauen2 (22.3.2005)<br \/>\n&#8220;<\/p>\n<p>&nbsp;<\/p>\n","protected":false},"excerpt":{"rendered":"<p>Home &gt;Selbsthilfe &gt;Frauen &gt;Frauenhorizonte &nbsp; Frauenhorizonte gegen sexuelle Gewalt Freiburg Frauenhorizonte wurde 1991 als Anlaufstelle f\u00fcr vergewaltigte Frauen gegr\u00fcndet. Die Anlauf- und Beratungsstelle gegen sexuelle Gewalt ber\u00e4t, betreut therapeutisch und begleitet Opferzeuginnen in Strafverfahren. Der Haushalt umfasst etwa 200 000 &hellip; <a href=\"https:\/\/www.freiburg-schwarzwald.de\/blog\/selbsthilfe\/frauen\/frauenhorizonte\/\">Weiterlesen <span class=\"meta-nav\">&rarr;<\/span><\/a><\/p>\n","protected":false},"author":2,"featured_media":0,"parent":59,"menu_order":0,"comment_status":"open","ping_status":"closed","template":"","meta":{"footnotes":""},"class_list":["post-73","page","type-page","status-publish","hentry"],"_links":{"self":[{"href":"https:\/\/www.freiburg-schwarzwald.de\/blog\/wp-json\/wp\/v2\/pages\/73","targetHints":{"allow":["GET"]}}],"collection":[{"href":"https:\/\/www.freiburg-schwarzwald.de\/blog\/wp-json\/wp\/v2\/pages"}],"about":[{"href":"https:\/\/www.freiburg-schwarzwald.de\/blog\/wp-json\/wp\/v2\/types\/page"}],"author":[{"embeddable":true,"href":"https:\/\/www.freiburg-schwarzwald.de\/blog\/wp-json\/wp\/v2\/users\/2"}],"replies":[{"embeddable":true,"href":"https:\/\/www.freiburg-schwarzwald.de\/blog\/wp-json\/wp\/v2\/comments?post=73"}],"version-history":[{"count":0,"href":"https:\/\/www.freiburg-schwarzwald.de\/blog\/wp-json\/wp\/v2\/pages\/73\/revisions"}],"up":[{"embeddable":true,"href":"https:\/\/www.freiburg-schwarzwald.de\/blog\/wp-json\/wp\/v2\/pages\/59"}],"wp:attachment":[{"href":"https:\/\/www.freiburg-schwarzwald.de\/blog\/wp-json\/wp\/v2\/media?parent=73"}],"curies":[{"name":"wp","href":"https:\/\/api.w.org\/{rel}","templated":true}]}}