{"id":72564,"date":"2019-05-21T15:48:50","date_gmt":"2019-05-21T13:48:50","guid":{"rendered":"https:\/\/www.freiburg-schwarzwald.de\/blog\/?page_id=72564"},"modified":"2019-05-21T16:10:45","modified_gmt":"2019-05-21T14:10:45","slug":"rheinfelden","status":"publish","type":"page","link":"https:\/\/www.freiburg-schwarzwald.de\/blog\/regio\/orte\/rheinfelden\/","title":{"rendered":"Rheinfelden"},"content":{"rendered":"<p><a href=\"https:\/\/www.freiburg-schwarzwald.de\/blog\">Home<\/a>\u00a0&gt;<a title=\"Energie\" href=\"https:\/\/www.freiburg-schwarzwald.de\/blog\/energie\/\">Energie<\/a>\u00a0&gt;<a title=\"Wasser\" href=\"https:\/\/www.freiburg-schwarzwald.de\/blog\/natur\/wasser\/\">Wasser<\/a>\u00a0&gt;<a title=\"Wasserkraft\" href=\"https:\/\/www.freiburg-schwarzwald.de\/blog\/energie\/wasserkraft\/\">Wasserkraft<\/a> &gt;<a title=\"Hochrhein\" href=\"https:\/\/www.freiburg-schwarzwald.de\/blog\/regio\/hochrhein\/\">Hochrhein<\/a> &gt;Rheinfelden<\/p>\n<div id=\"attachment_72565\" style=\"width: 649px\" class=\"wp-caption alignnone\"><a href=\"https:\/\/www.freiburg-schwarzwald.de\/blog\/regio\/orte\/rheinfelden\/rheinfelden-wasserkraft2018pan\/\" rel=\"attachment wp-att-72565\"><img loading=\"lazy\" decoding=\"async\" aria-describedby=\"caption-attachment-72565\" class=\"size-full wp-image-72565\" src=\"https:\/\/www.freiburg-schwarzwald.de\/blog\/wp-content\/uploads\/2019\/05\/rheinfelden-wasserkraft2018pan.jpg\" alt=\"Wasserkraftwerk Rheinfelden im April 2019\" width=\"639\" height=\"307\" srcset=\"https:\/\/www.freiburg-schwarzwald.de\/blog\/wp-content\/uploads\/2019\/05\/rheinfelden-wasserkraft2018pan.jpg 639w, https:\/\/www.freiburg-schwarzwald.de\/blog\/wp-content\/uploads\/2019\/05\/rheinfelden-wasserkraft2018pan-180x86.jpg 180w\" sizes=\"auto, (max-width: 639px) 100vw, 639px\" \/><\/a><p id=\"caption-attachment-72565\" class=\"wp-caption-text\">Wasserkraftwerk Rheinfelden im April 2019<\/p><\/div>\n<p>&nbsp;<\/p>\n<ul>\n<li>Der Hochrhein ist Stromrhein &#8211; Wasserkraftwerk Rheinfelden<\/li>\n<li><\/li>\n<li><span style=\"font-family: Arial; font-size: small;\"><a href=\"https:\/\/www.freiburg-schwarzwald.de\/rheinfelden1.htm\">Aktuelle Infos zu Rheinfelden<\/a>\u00a0&gt;Rheinfelden1<\/span><\/li>\n<li><span style=\"font-family: Arial; font-size: small;\"><a href=\"https:\/\/www.freiburg-schwarzwald.de\/rheinfelden.htm#Orientierung:%20Rheinfelden%20am%20Hochrhein%20zwischen%20L%C3%B6rrach%20und%20Bad%20S%C3%A4ckingen\">Orientierung: Rheinfelden am Hochrhein zwischen L\u00f6rrach und Bad S\u00e4ckingen<\/a><\/span><\/li>\n<li><span style=\"font-family: Arial; font-size: small;\"><a href=\"https:\/\/www.freiburg-schwarzwald.de\/rheinfelden.htm#Bilder\">Bilder Rheinfelden CH<\/a><\/span><\/li>\n<li><span style=\"font-family: Arial; font-size: small;\"><a href=\"https:\/\/www.freiburg-schwarzwald.de\/rheinfelden.htm#Bilder%20Rheinfelden%20-%20D\">Bilder Rheinfelden &#8211; D<\/a><\/span><\/li>\n<li><span style=\"font-family: Arial; font-size: small;\"><a href=\"https:\/\/www.freiburg-schwarzwald.de\/stiftungen.htm#B%C3%BCrgerstiftung%20Rheinfelden\">B\u00fcrgerstiftung Rheinfelden<\/a>\u00a0&gt;Stiftungen<\/span><\/li>\n<li><span style=\"font-family: Arial; font-size: small;\"><a href=\"https:\/\/www.freiburg-schwarzwald.de\/rheinfelden.htm#Radweg%20von%20Rheinfelden%20zum%20Kraftwerk%20Riburg-Schw%C3%B6rstadt\">Radweg D von Rheinfelden zum Kraftwerk Riburg-Schw\u00f6rstadt<\/a><\/span><\/li>\n<li><span style=\"font-family: Arial; font-size: small;\"><a href=\"https:\/\/www.freiburg-schwarzwald.de\/rheinfelden.htm#Radweg%20CH%20von%20Rheinfelden%20zum%20Kraftwerk%20Riburg-Schw%C3%B6rstadt\">Radweg CH von Rheinfelden zum Kraftwerk Riburg-Schw\u00f6rstadt<\/a><\/span><\/li>\n<li><span style=\"font-family: Arial;\"><span style=\"font-size: small;\"><a href=\"https:\/\/www.freiburg-schwarzwald.de\/rheinfelden.htm#Rolli-Netzwerk\">Rolli-Netzwerk<\/a><\/span><\/span><\/li>\n<li><span style=\"font-family: Arial; font-size: small;\"><a href=\"https:\/\/www.freiburg-schwarzwald.de\/keramik-beuggen.htm\">Schloss Beuggen: Hotel &#8211; Tagungsst\u00e4tte &#8211; K\u00fcnstlermarkt<\/a>\u00a0&gt;Keramik-Beuggen<\/span><\/li>\n<li><span style=\"font-family: Arial; font-size: small;\"><a href=\"https:\/\/www.freiburg-schwarzwald.de\/rheinfelden.htm#St.Josefshaus%20in%20Rheinfelden-Herten\">St.Josefshaus in Herten &#8211; Werkst\u00e4tten f\u00fcr Behinderte<\/a><\/span><\/li>\n<li><span style=\"font-family: Arial; font-size: small;\"><a href=\"https:\/\/www.freiburg-schwarzwald.de\/wasserkraft-rheinfelden.htm\">Wasserkraftwerk Neubau<\/a>\u00a0&gt;Wasserkraft-Rheinfelden<\/span><\/li>\n<li><span style=\"font-family: Arial; font-size: small;\"><a href=\"https:\/\/www.freiburg-schwarzwald.de\/wasserkraft-rheinfelden.htm#IG%20pro%20Steg%20-%20Erhalt%20des%20alten%20Maschinenhauses\">IG pro Steg &#8211; Erhalt des alten Maschinenhauses<\/a>\u00a0&gt;Wasserkraft-Rheinfelden<\/span><\/li>\n<li><span style=\"font-family: Arial; font-size: small;\"><a href=\"https:\/\/www.freiburg-schwarzwald.de\/rheinfelden.htm#Links\">Links<\/a><\/span><\/li>\n<li><\/li>\n<li><a href=\"https:\/\/www.freiburg-schwarzwald.de\/albbruck-dogern.htm\">Albbruck und Dogern<\/a>\u00a0&gt;Albbruck-Dogern<\/li>\n<li><a href=\"https:\/\/www.freiburg-schwarzwald.de\/basel.htm\">Basel<\/a>\u00a0&gt;Basel<\/li>\n<li><a href=\"https:\/\/www.freiburg-schwarzwald.de\/keramik-beuggen.htm\">Beuggen \u2013 Schloss Beuggen: Hotel \u2013 Tgungsst\u00e4tte \u2013 K\u00fcnstlermarkt<\/a>\u00a0&gt;Keramik-Beuggen<\/li>\n<li><a href=\"https:\/\/www.freiburg-schwarzwald.de\/laufenburg.htm\">Laufenburg am Hochrhein<\/a>\u00a0&gt;Laufenburg<\/li>\n<li><strong><a href=\"https:\/\/www.freiburg-schwarzwald.de\/rheinfelden.htm\">Rheinfelden<\/a>\u00a0&gt;Rheinfelden (Archivseite)<\/strong><\/li>\n<li><a href=\"https:\/\/www.freiburg-schwarzwald.de\/saeckingen.htm\">Bad S\u00e4ckingen<\/a>\u00a0&gt;Saeckingen<\/li>\n<li><a href=\"https:\/\/www.freiburg-schwarzwald.de\/hochrhein#Schw%C3%B6rstadt:%20Rheinschwimmbad\">Schw\u00f6rstadt: Rheinschwimmba<\/a><a href=\"https:\/\/www.freiburg-schwarzwald.de\/hochrhein#Schw%C3%B6rstadt:%20Rheinschwimmbad\">d<\/a><\/li>\n<li><a href=\"https:\/\/www.freiburg-schwarzwald.de\/bodensee.htm#Stein%20am%20Rhein\">Stein am Rhein<\/a>\u00a0&gt;Bodensee<\/li>\n<li><a href=\"https:\/\/www.freiburg-schwarzwald.de\/naturpark.htm#S%C3%BCdschwarzwald-Radweg%20-%20um%20den%20Naturpark%20S%C3%BCdschwarzwald%20herum\">S\u00fcdschwarzwald-Radweg \u2013 um den Naturpark S\u00fcdschwarzwald herum<\/a>\u00a0&gt;Naturpark<\/li>\n<li><a title=\"Wasserkraft\" href=\"https:\/\/www.freiburg-schwarzwald.de\/blog\/energie\/wasserkraft\/\">Wasserkraft<\/a><\/li>\n<li><a href=\"https:\/\/www.freiburg-schwarzwald.de\/wasserkraft-rheinfelden.htm\">Wasserkraftwerk Neubau bei Schw\u00f6rstadt<\/a>\u00a0&gt;Wasserkraft-Rheinfelden<\/li>\n<li><a href=\"https:\/\/www.freiburg-schwarzwald.de\/hochrhein#Links\">Links<\/a><\/li>\n<\/ul>\n<p>&nbsp;<\/p>\n<p><strong>Der Hochrhein ist Stromrhein<\/strong><\/p>\n<p>Hansj\u00f6rg Matt kannte noch das alte Kraftwerk, das nach dem Neubau abgerissen wurde \u2013 was f\u00fcr viele Rheinfeldener ein herber Verlust an Ortsgeschichte war. Der 55-j\u00e4hrige Ingenieur hat dort noch die alten Maschinen und so manchen Generatorenbrand erlebt.\u00a0Das alte Kraftwerk war eine Pionierleistung und das erste von elf Werken am Hochrhein \u2013 1895 wurde es errichtet. Rheinfelden schrieb Energie-Geschichte: Hier begann nicht nur die Epoche der modernen Wasserkraftnutzung in unserer Region. Das alte Werk in Rheinfelden galt als erstes europ\u00e4isches Gro\u00dfkraftwerk f\u00fcr die Stromgewinnung. Au\u00dferdem wurden von Rheinfelden aus erstmals mehrere Kraftwerke elektrisch miteinander verbunden \u2013 was als der Anfang des Stromverbundnetzes in Europa gilt.<br \/>\nF\u00fcr die Schifffahrt barg der Hochrhein zwischen Bodensee und Basel schon immer zu gro\u00dfe Hindernisse \u2013 der Rheinfall bei Schaffhausen und die vielen Stromschnellen setzten ihr enge Grenzen. Doch der Fluss bot und bietet beste Voraussetzungen f\u00fcr die Energieerzeugung. Kraftwerke ben\u00f6tigen ein Nutzgef\u00e4lle. Und fast 150 Meter betr\u00e4gt das Gef\u00e4lle vom Bodensee bis Basel.<br \/>\nMit dem Kraftwerk in Rheinfelden kam die Industrie: Die beiden Rheinfelden \u2013 in Baden und in der Schweiz \u2013 erlebten einen Boom. Die Fabriken brauchten Arbeiter, die St\u00e4dte entwickelten sich. Wer heute am Kraftwerk Rheinfelden steht, der sieht am deutschen Ufer Werke von Aluminium Rheinfelden und Evonik Industries. Es ist der Rhein, der diese Entwicklung erm\u00f6glichte.<\/p>\n<div class=\"article__text box-modul__content \">\n<p>Als die Energiedienst-Gruppe, eine deutsch-schweizerische Aktiengesellschaft, im Jahr 1989 eine neue Konzession f\u00fcr weitere 80 Jahre Kraftwerksbetrieb erhielt, war damit eine Auflage verbunden: Ein neues Kraftwerk zu bauen, das mehr Strom erzeugen sollte.<br \/>\nIm alten Kraftwerk arbeiteten 20 Turbinen, manche l\u00e4nger als 100 Jahre. &#8222;Im neuen Kraftwerk erzeugen vier Rohrturbinen dreimal so viel Strom wie die alten Maschinen, unter Volllast sogar viermal so viel&#8220;, erkl\u00e4rt Matt. Bis zu 600 Millionen Kilowattstunden soll das Kraftwerk im Jahr produzieren \u2013 damit k\u00f6nnen 170 000 Haushalte versorgt werden.<br \/>\n.<br \/>\nMatt geht weiter, st\u00f6\u00dft eine T\u00fcr auf zum Maschinensaal: Tageslicht f\u00e4llt durch die Deckenfenster hinein. Der heftige L\u00e4rm in diesem Raum l\u00e4sst ahnen, welche Kr\u00e4fte wirken. Matt schaut hinunter in einen Schacht: auf das Geh\u00e4use des Laufrads, durch das das Wasser flie\u00dft. &#8222;Der L\u00e4rm entsteht durch die Kraft des Wassers, das beschleunigt wird und durch das Laufrad wieder gebremst wird.&#8220; 1500 Kubikmeter Wasser pro Sekunde k\u00f6nnen hier durch die vier Rohrturbinen hindurchrauschen. Da vibriert sogar der Boden des Maschinensaals.<\/p>\n<p>Es ist ein Dilemma: Einerseits verlangt der Gesetzgeber, dass die Wasserkraft genutzt wird \u2013 im Interesse des Klimaschutzes und der Erh\u00f6hung des Anteils erneuerbarer Energie. Andererseits werden mit den Kraftwerken und ihren Stauanlagen Barrieren im Fluss errichtet. Dadurch wird das Gew\u00e4sser teilweise mehr als zehn Kilometer zur\u00fcckgestaut. Das ist ein starker Eingriff in das Flie\u00dfgew\u00e4sser, er f\u00fchrt zu starken Auswirkungen auf den Charakter des Rheins. &#8222;Am Hochrhein gibt es nur eine kurze Strecke, wo der Fluss noch frei flie\u00dft \u2013 die ist bei Waldshut. Alles andere sind Staubereiche&#8220;, sagt Hartmut Scherer, Referatsleiter Wasserstra\u00dfen vom Regierungspr\u00e4sidium Freiburg. Er sieht beim Bau solcher Anlagen vor allem zwei problematische Auswirkungen: &#8222;Die Fischwanderung wird stark beeintr\u00e4chtigt. Au\u00dferdem transportiert ein Fluss viel Ger\u00f6ll und Kies mit sich, Fische brauchen dieses sogenannte Geschiebe als Laichablage und damit zur Fortpflanzung.&#8220; Kraftwerke stoppen dieses Geschiebe.<\/p>\n<p>Deswegen gibt es gesetzliche Auflagen bei solchen Kraftwerksbauten \u2013 etwa eine Kieszugabe mit Laster am Ufer. Energiedienst hat viel Geld in 65 Projekte investiert, um den gro\u00dfen Eingriff in die Natur etwas auszugleichen. So musste mindestens die H\u00e4lfte der Stromschnellen im Rhein erhalten werden. Auf der deutschen Seite bewundern Passanten ein Fischaufstiegs- und Laichgew\u00e4sser mit Kiesinseln und Rinnen: 900 Meter ist es lang, 60 Meter breit. Hier k\u00f6nnen die Fische die Staustufe passieren, Vorbild daf\u00fcr waren Flussstrukturen, wie sie an den Isteiner Schwellen existieren. Die Fischereivereine z\u00e4hlten bei der letzten Fischz\u00e4hlung vor drei Jahren 49 000 Fische, die \u00fcber dieses Umgehungsgew\u00e4sser wanderten, insgesamt 34 verschiedene Arten. Die Fische lassen das Kraftwerk einfach rechts liegen.<br \/>\n&#8230; Alles vom 20.5.2019 von Michael Neubauer bitte lesen auf<br \/>\n<a href=\"https:\/\/www.badische-zeitung.de\/suedwest-1\/der-hochrhein-ist-stromrhein--173367160.html\">https:\/\/www.badische-zeitung.de\/suedwest-1\/der-hochrhein-ist-stromrhein&#8211;173367160.html<\/a><\/p>\n<p>&nbsp;<\/p>\n<p>Die Wasserkraftwerke Laufenburg, Rheinfelden, Wyhlen und Hausen sind f\u00fcr Besucher zu festen Terminen ge\u00f6ffnet (Anmeldung aber vorher n\u00f6tig). In Rheinfelden k\u00f6nnen bereits Kinder ab acht Jahren an einer F\u00fchrung teilnehmen.<br \/>\n<a class=\"ngLink\" title=\"\" href=\"https:\/\/www.energiedienst.de\/\" target=\"_blank\">https:\/\/www.energiedienst.de<\/a>.<\/p>\n<\/div>\n<div class=\"article__text box-modul__content \"><\/div>\n","protected":false},"excerpt":{"rendered":"<p>Home\u00a0&gt;Energie\u00a0&gt;Wasser\u00a0&gt;Wasserkraft &gt;Hochrhein &gt;Rheinfelden &nbsp; Der Hochrhein ist Stromrhein &#8211; Wasserkraftwerk Rheinfelden Aktuelle Infos zu Rheinfelden\u00a0&gt;Rheinfelden1 Orientierung: Rheinfelden am Hochrhein zwischen L\u00f6rrach und Bad S\u00e4ckingen Bilder Rheinfelden CH Bilder Rheinfelden &#8211; D B\u00fcrgerstiftung Rheinfelden\u00a0&gt;Stiftungen Radweg D von Rheinfelden zum Kraftwerk Riburg-Schw\u00f6rstadt &hellip; <a href=\"https:\/\/www.freiburg-schwarzwald.de\/blog\/regio\/orte\/rheinfelden\/\">Weiterlesen <span class=\"meta-nav\">&rarr;<\/span><\/a><\/p>\n","protected":false},"author":2,"featured_media":0,"parent":363,"menu_order":0,"comment_status":"open","ping_status":"closed","template":"","meta":{"footnotes":""},"class_list":["post-72564","page","type-page","status-publish","hentry"],"_links":{"self":[{"href":"https:\/\/www.freiburg-schwarzwald.de\/blog\/wp-json\/wp\/v2\/pages\/72564","targetHints":{"allow":["GET"]}}],"collection":[{"href":"https:\/\/www.freiburg-schwarzwald.de\/blog\/wp-json\/wp\/v2\/pages"}],"about":[{"href":"https:\/\/www.freiburg-schwarzwald.de\/blog\/wp-json\/wp\/v2\/types\/page"}],"author":[{"embeddable":true,"href":"https:\/\/www.freiburg-schwarzwald.de\/blog\/wp-json\/wp\/v2\/users\/2"}],"replies":[{"embeddable":true,"href":"https:\/\/www.freiburg-schwarzwald.de\/blog\/wp-json\/wp\/v2\/comments?post=72564"}],"version-history":[{"count":0,"href":"https:\/\/www.freiburg-schwarzwald.de\/blog\/wp-json\/wp\/v2\/pages\/72564\/revisions"}],"up":[{"embeddable":true,"href":"https:\/\/www.freiburg-schwarzwald.de\/blog\/wp-json\/wp\/v2\/pages\/363"}],"wp:attachment":[{"href":"https:\/\/www.freiburg-schwarzwald.de\/blog\/wp-json\/wp\/v2\/media?parent=72564"}],"curies":[{"name":"wp","href":"https:\/\/api.w.org\/{rel}","templated":true}]}}