{"id":72187,"date":"2019-05-06T20:00:24","date_gmt":"2019-05-06T18:00:24","guid":{"rendered":"https:\/\/www.freiburg-schwarzwald.de\/blog\/?page_id=72187"},"modified":"2025-07-24T13:26:24","modified_gmt":"2025-07-24T11:26:24","slug":"biodiversitaet","status":"publish","type":"page","link":"https:\/\/www.freiburg-schwarzwald.de\/blog\/natur\/biodiversitaet\/","title":{"rendered":"Biodiversitaet"},"content":{"rendered":"<p>Home &gt;<a title=\"Natur\" href=\"https:\/\/www.freiburg-schwarzwald.de\/blog\/natur\/\">Natur<\/a>\u00a0&gt;<a title=\"Flora\" href=\"https:\/\/www.freiburg-schwarzwald.de\/blog\/natur\/flora\/\">Flora<\/a>\u00a0&gt;<a title=\"Garten\" href=\"https:\/\/www.freiburg-schwarzwald.de\/blog\/natur\/garten\/\">Garten<\/a>\u00a0&gt;<a title=\"Landwirt\" href=\"https:\/\/www.freiburg-schwarzwald.de\/blog\/natur\/landwirt\/\">Landwirt<\/a> &gt;Biodiversitaet<\/p>\n<div id=\"attachment_71391\" style=\"width: 648px\" class=\"wp-caption alignnone\"><a href=\"https:\/\/www.freiburg-schwarzwald.de\/blog\/kultur\/medien\/diskriminierung\/kuechenschellen-kaiserstuhl2019-03pan\/\" rel=\"attachment wp-att-71391\"><img loading=\"lazy\" decoding=\"async\" aria-describedby=\"caption-attachment-71391\" class=\"size-full wp-image-71391\" src=\"https:\/\/www.freiburg-schwarzwald.de\/blog\/wp-content\/uploads\/2019\/03\/kuechenschellen-kaiserstuhl2019-03pan.jpg\" alt=\"K\u00fcchenschellen im warmen Kaiserstuhl bei Freiburg am 20.3.2019\" width=\"638\" height=\"353\" srcset=\"https:\/\/www.freiburg-schwarzwald.de\/blog\/wp-content\/uploads\/2019\/03\/kuechenschellen-kaiserstuhl2019-03pan.jpg 638w, https:\/\/www.freiburg-schwarzwald.de\/blog\/wp-content\/uploads\/2019\/03\/kuechenschellen-kaiserstuhl2019-03pan-180x99.jpg 180w\" sizes=\"auto, (max-width: 638px) 100vw, 638px\" \/><\/a><p id=\"caption-attachment-71391\" class=\"wp-caption-text\">K\u00fcchenschellen im warmen Kaiserstuhl bei Freiburg am 20.3.2019<\/p><\/div>\n<ul>\n<li><a href=\"https:\/\/www.freiburg-schwarzwald.de\/blog\/natur\/artensterben\/\">Lerchen-Sterben und Vogelsterben in Deutschland<\/a>\u00a0(23.7.2025)<\/li>\n<li><a href=\"https:\/\/www.freiburg-schwarzwald.de\/blog\/regio\/berge\/batzenberg\/\">Bl\u00fchfonds Batzenberg: Den Batzenberg zum Bl\u00fchen bringen f\u00fcr die Artenvielfalt<\/a>\u00a0(31.10.2023)<\/li>\n<li><a href=\"https:\/\/www.freiburg-schwarzwald.de\/blog\/natur\/landwirt\/acker\/\">So wollen Landwirte mehr Artenvielfalt auf den Acker bringen<\/a> (27.10.2023)<\/li>\n<li><a href=\"https:\/\/www.freiburg-schwarzwald.de\/blog\/natur\/ernaehrung\/getreide\/mais\/\">Maispflanzen-W\u00fcste Oberrheingraben<\/a>\u00a0(3.8.2022)<\/li>\n<li><a href=\"https:\/\/www.freiburg-schwarzwald.de\/blog\/natur\/natur-defizit\/\">Unser Natur-Defizit-Syndrom \u2013 Schulkenntnisse schwinden<\/a>\u00a0(10.12.2021)<\/li>\n<li><a href=\"https:\/\/www.freiburg-schwarzwald.de\/blog\/natur\/naturschutz\/naturzerstoerung\/\">Ampel: Naturzerst\u00f6rung im Namen des Klimaschutzes<\/a>\u00a0(11.12.2021)<\/li>\n<li><a href=\"https:\/\/www.freiburg-schwarzwald.de\/blog\/natur\/landwirt\/acker\/\">Arche-Noah-\u00c4cker und Emmer-\u00c4cker<\/a>\u00a0(7.7.2021)<\/li>\n<li><a href=\"https:\/\/www.freiburg-schwarzwald.de\/blog\/kirschen-reif-esskastanie-blueht\/\">Kirschen reif \u2013 Esskastanie bl\u00fcht<\/a>\u00a0(24.6.2021)<\/li>\n<li><a title=\"Umwelt\" href=\"https:\/\/www.freiburg-schwarzwald.de\/blog\/natur\/umwelt\/\">Dirk Maxeiner: Am Rande des Irrwitzes \u2013 Umwelt-Ideologie<\/a>\u00a0(18.10.2019)<\/li>\n<li><a title=\"Weinbau\" href=\"https:\/\/www.freiburg-schwarzwald.de\/blog\/natur\/landwirt\/weinbau\/\">Volksbegehren \u201cPro Biene\u201d kontra Weinbau am Kaiserstuhl<\/a>\u00a0(14.9.2019)<\/li>\n<li>Erster Bericht des Weltbiodiversit\u00e4tsrats IPBES (6.5.2019)<\/li>\n<li>Biodiversit\u00e4t<\/li>\n<li><a href=\"https:\/\/www.freiburg-schwarzwald.de\/biodiversitaet.htm\">https:\/\/www.freiburg-schwarzwald.de\/biodiversitaet.htm<\/a>\u00a0(Archivseite)<\/li>\n<\/ul>\n<ul>\n<li><a href=\"https:\/\/www.freiburg-schwarzwald.de\/blog\/natur\/landwirt\/acker\/\">Acker<\/a><\/li>\n<li><a href=\"https:\/\/www.freiburg-schwarzwald.de\/blog\/natur\/artensterben\/\">Artensterben<\/a><\/li>\n<li><a title=\"Ausgleichsflaeche\" href=\"https:\/\/www.freiburg-schwarzwald.de\/blog\/natur\/boden\/ausgleichsflaeche\/\">Ausgleichsfl\u00e4chen<\/a><\/li>\n<li><a title=\"Boden\" href=\"https:\/\/www.freiburg-schwarzwald.de\/blog\/natur\/boden\/\">Boden<\/a><\/li>\n<li><a title=\"Ernaehrung\" href=\"https:\/\/www.freiburg-schwarzwald.de\/blog\/natur\/ernaehrung\/\">Ern\u00e4hrung<\/a><\/li>\n<li><a title=\"Flora\" href=\"https:\/\/www.freiburg-schwarzwald.de\/blog\/natur\/flora\/\">Flora<\/a><\/li>\n<li><a title=\"Forst\" href=\"https:\/\/www.freiburg-schwarzwald.de\/blog\/natur\/wald\/forst\/\">Forst<\/a>\u00b4<\/li>\n<li><a title=\"Garten\" href=\"https:\/\/www.freiburg-schwarzwald.de\/blog\/natur\/garten\/\">Garten<\/a><\/li>\n<li><a title=\"Gentechnik\" href=\"https:\/\/www.freiburg-schwarzwald.de\/blog\/natur\/gentechnik\/\">Gentechnik<\/a><\/li>\n<li><a title=\"Heilkraeuter\" href=\"https:\/\/www.freiburg-schwarzwald.de\/blog\/business\/gesund\/heilkraeuter\/\">Heilkr\u00e4uter<\/a><\/li>\n<li><a title=\"Klima\" href=\"https:\/\/www.freiburg-schwarzwald.de\/blog\/natur\/klima\/\">Klima<\/a><\/li>\n<li><a title=\"Landschaft\" href=\"https:\/\/www.freiburg-schwarzwald.de\/blog\/natur\/landschaft\/\">Landschaft<\/a><\/li>\n<li><a title=\"Landwirt\" href=\"https:\/\/www.freiburg-schwarzwald.de\/blog\/natur\/landwirt\/\">Landwirtschaft<\/a><\/li>\n<li><a title=\"Naturschutz\" href=\"https:\/\/www.freiburg-schwarzwald.de\/blog\/natur\/naturschutz\/\">Naturschutz<\/a><\/li>\n<li><a href=\"https:\/\/www.freiburg-schwarzwald.de\/blog\/natur\/natur-defizit\/\">Natur-Defizit<\/a><\/li>\n<li><a href=\"https:\/\/www.freiburg-schwarzwald.de\/blog\/natur\/naturschutz\/naturzerstoerung\/\">Naturzerst\u00f6rung<\/a><\/li>\n<li><a title=\"Oeko\" href=\"https:\/\/www.freiburg-schwarzwald.de\/blog\/natur\/landwirt\/oeko\/\">Oekologie<\/a><\/li>\n<li><a title=\"Tiere\" href=\"https:\/\/www.freiburg-schwarzwald.de\/blog\/natur\/tiere\/\">Tiere<\/a><\/li>\n<li><a title=\"Umwelt\" href=\"https:\/\/www.freiburg-schwarzwald.de\/blog\/natur\/umwelt\/\">Umwelt<\/a><\/li>\n<li><a title=\"Wald\" href=\"https:\/\/www.freiburg-schwarzwald.de\/blog\/natur\/wald\/\">Wald<\/a><\/li>\n<li><a title=\"Wiese\" href=\"https:\/\/www.freiburg-schwarzwald.de\/blog\/natur\/landwirt\/wiese\/\">Wiese<\/a><\/li>\n<\/ul>\n<p><strong>Biodiversit\u00e4t bzw. Artenvielfalt macht gl\u00fccklich!<br \/>\n===================================================<\/strong><\/p>\n<p>&nbsp;<\/p>\n<p><strong>Erster Bericht des Weltbiodiversit\u00e4tsrats IPBES<\/strong><br \/>\nDer erste globale Bericht des Weltbiodiversit\u00e4tsrats zeichnet ein finsteres Bild vom Zustand der biologischen Vielfalt auf der Erde: Es geht abw\u00e4rts, und das immer schneller. Die Mitgliedsl\u00e4nder der &#8222;Intergovernmental Science-Policy Platform on Biodiversity and Ecosystem Services (IPBES)&#8220; haben ihn am 4.5.2019 bei ihrer Vollversammlung in Paris verabschiedet. <a href=\"https:\/\/www.ipbes.net\/news\/Media-Release-Global-Assessment\">https:\/\/www.ipbes.net\/news\/Media-Release-Global-Assessment<\/a><br \/>\n\u00dcber 400 Fachleute trugen ihr Wissen dazu bei, \u00c4nderungen der Biodiversit\u00e4t \u00fcber die letzten 50 Jahre zu untersuchen. Ziel ist es, den aktuellen Stand des politikrelevanten Wissens \u00fcber die biologische Vielfalt auf der Erde und deren Leistungen f\u00fcr den Menschen, materielle wie immaterielle, bereitzustellen. Der Bericht zeichnet ein d\u00fcsteres Bild. \u00abDie Vielfalt innerhalb der Arten, zwischen den Arten und jene der \u00d6kosysteme nimmt rasch ab, ebenso wie viele fundamentale Leistungen, die wir von der Natur beziehen<br \/>\n&#8230;<br \/>\nDoch der Bericht dokumentiert nicht nur die Verluste, er zeigt auch ihre Treiber auf \u2013 und sie gehen alle auf den Menschen zur\u00fcck.<br \/>\nDie st\u00e4rksten Auswirkungen auf die Biodiversit\u00e4t haben demnach \u00c4nderungen in der Nutzung von Land und Ozeanen. Ersteres prim\u00e4r in Form von Land-, Forstwirtschaft und Urbanisierung. Dadurch verschwanden allein zwischen den Jahren 1980 und 2000 beispielsweise 100 Millionen Hektaren an tropischem Regenwald, einem der artenreichsten Lebensr\u00e4ume der Erde. Das entspricht etwa der doppelten Landesfl\u00e4che Spaniens.<br \/>\nGut 42 Millionen davon fielen in Lateinamerika der Rinderhaltung zum Opfer, ein mit 7,5 Millionen Hektaren kleinerer Anteil musste in S\u00fcdostasien Plantagen weichen, vor allem f\u00fcr Palm\u00f6l. \u00dcber ein Drittel der Landfl\u00e4che der Erde dient heute der Produktion von Feldfr\u00fcchten und Tieren, wie es im Bericht heisst.<br \/>\n&#8230;. Alles vom 6.5.2019 bitte lesen auf<br \/>\n<a href=\"https:\/\/www.nzz.ch\/wissenschaft\/der-mensch-macht-der-natur-den-garaus-ld.1479623\">https:\/\/www.nzz.ch\/wissenschaft\/der-mensch-macht-der-natur-den-garaus-ld.1479623<\/a><br \/>\n<strong>Biodiversit\u00e4t<\/strong><br \/>\n<em>Biologische Vielfalt als<\/em><br \/>\na) Vielfalt der Arten,<br \/>\nb) Vielfalt der Lebensr\u00e4ume und<br \/>\nc) genetische Vielfalt<\/p>\n<p><em>\u00d6kosstemdienstleistungen<\/em><br \/>\n&#8222;Geschenke der Natur&#8220;: Fruchtbare B\u00f6den, Insekten best\u00e4uben Nutzpflanzen, \u00d6kosysteme stellen Trinkwasser bereit, speichern Kohlenstoff, &#8230;<br \/>\n.<br \/>\n<em>Artenreichtum<\/em><br \/>\nArtenreiche \u00d6kosysteme sind stabiler und widerstandsf\u00e4higer<br \/>\nMassensterben<br \/>\nbei dem 3\/4 der Arten binnen (geologisch) kurzer Zeit aussterben.<br \/>\nNun das 6. Massensterben<br \/>\n.<br \/>\n<em>F\u00fcnf Bedrohungen der Biodiversit\u00e4t<\/em><br \/>\nNutzung von Land und Meer.<br \/>\n\u00dcbernutzung von Arten (\u00dcberfischung des roten Thuns).<br \/>\nKlimawandel.<br \/>\nUmweltverschmutzung.<br \/>\nInvasive Arten<\/p>\n","protected":false},"excerpt":{"rendered":"<p>Home &gt;Natur\u00a0&gt;Flora\u00a0&gt;Garten\u00a0&gt;Landwirt &gt;Biodiversitaet Lerchen-Sterben und Vogelsterben in Deutschland\u00a0(23.7.2025) Bl\u00fchfonds Batzenberg: Den Batzenberg zum Bl\u00fchen bringen f\u00fcr die Artenvielfalt\u00a0(31.10.2023) So wollen Landwirte mehr Artenvielfalt auf den Acker bringen (27.10.2023) Maispflanzen-W\u00fcste Oberrheingraben\u00a0(3.8.2022) Unser Natur-Defizit-Syndrom \u2013 Schulkenntnisse schwinden\u00a0(10.12.2021) Ampel: Naturzerst\u00f6rung im Namen des &hellip; <a href=\"https:\/\/www.freiburg-schwarzwald.de\/blog\/natur\/biodiversitaet\/\">Weiterlesen <span class=\"meta-nav\">&rarr;<\/span><\/a><\/p>\n","protected":false},"author":2,"featured_media":0,"parent":23,"menu_order":0,"comment_status":"open","ping_status":"closed","template":"","meta":{"footnotes":""},"class_list":["post-72187","page","type-page","status-publish","hentry"],"_links":{"self":[{"href":"https:\/\/www.freiburg-schwarzwald.de\/blog\/wp-json\/wp\/v2\/pages\/72187","targetHints":{"allow":["GET"]}}],"collection":[{"href":"https:\/\/www.freiburg-schwarzwald.de\/blog\/wp-json\/wp\/v2\/pages"}],"about":[{"href":"https:\/\/www.freiburg-schwarzwald.de\/blog\/wp-json\/wp\/v2\/types\/page"}],"author":[{"embeddable":true,"href":"https:\/\/www.freiburg-schwarzwald.de\/blog\/wp-json\/wp\/v2\/users\/2"}],"replies":[{"embeddable":true,"href":"https:\/\/www.freiburg-schwarzwald.de\/blog\/wp-json\/wp\/v2\/comments?post=72187"}],"version-history":[{"count":5,"href":"https:\/\/www.freiburg-schwarzwald.de\/blog\/wp-json\/wp\/v2\/pages\/72187\/revisions"}],"predecessor-version":[{"id":136792,"href":"https:\/\/www.freiburg-schwarzwald.de\/blog\/wp-json\/wp\/v2\/pages\/72187\/revisions\/136792"}],"up":[{"embeddable":true,"href":"https:\/\/www.freiburg-schwarzwald.de\/blog\/wp-json\/wp\/v2\/pages\/23"}],"wp:attachment":[{"href":"https:\/\/www.freiburg-schwarzwald.de\/blog\/wp-json\/wp\/v2\/media?parent=72187"}],"curies":[{"name":"wp","href":"https:\/\/api.w.org\/{rel}","templated":true}]}}