{"id":71660,"date":"2019-04-07T16:22:07","date_gmt":"2019-04-07T14:22:07","guid":{"rendered":"https:\/\/www.freiburg-schwarzwald.de\/blog\/?page_id=71660"},"modified":"2026-02-01T15:57:46","modified_gmt":"2026-02-01T14:57:46","slug":"entwurzelung","status":"publish","type":"page","link":"https:\/\/www.freiburg-schwarzwald.de\/blog\/global\/migration\/entwurzelung\/","title":{"rendered":"Entwurzelung"},"content":{"rendered":"<p>Home &gt;<a title=\"Soziales\" href=\"https:\/\/www.freiburg-schwarzwald.de\/blog\/selbsthilfe\/soziales\/\">Soziales<\/a>\u00a0&gt;<a title=\"Dienste\" href=\"https:\/\/www.freiburg-schwarzwald.de\/blog\/business\/dienste\/\">Dienste<\/a>\u00a0&gt;<a title=\"Immobilien\" href=\"https:\/\/www.freiburg-schwarzwald.de\/blog\/business\/dienste\/immobilien\/\">Immobilien<\/a>\u00a0&gt;<a title=\"Wohnen\" href=\"https:\/\/www.freiburg-schwarzwald.de\/blog\/business\/dienste\/immobilien\/wohnen\/\">Wohnen<\/a>\u00a0&gt;<a title=\"Migration\" href=\"https:\/\/www.freiburg-schwarzwald.de\/blog\/global\/migration\/\">Migration<\/a>\u00a0&gt;Entwurzelung<\/p>\n<div id=\"attachment_74362\" style=\"width: 623px\" class=\"wp-caption alignnone\"><a href=\"https:\/\/www.freiburg-schwarzwald.de\/blog\/wp-content\/uploads\/2019\/08\/entwurzelung-simone-weil-pan.jpg\"><img loading=\"lazy\" decoding=\"async\" aria-describedby=\"caption-attachment-74362\" class=\"size-full wp-image-74362\" src=\"https:\/\/www.freiburg-schwarzwald.de\/blog\/wp-content\/uploads\/2019\/08\/entwurzelung-simone-weil-pan.jpg\" alt=\"\" width=\"613\" height=\"331\" srcset=\"https:\/\/www.freiburg-schwarzwald.de\/blog\/wp-content\/uploads\/2019\/08\/entwurzelung-simone-weil-pan.jpg 613w, https:\/\/www.freiburg-schwarzwald.de\/blog\/wp-content\/uploads\/2019\/08\/entwurzelung-simone-weil-pan-180x97.jpg 180w\" sizes=\"auto, (max-width: 613px) 100vw, 613px\" \/><\/a><p id=\"caption-attachment-74362\" class=\"wp-caption-text\">&#8222;Entwurzelung&#8220; &#8211; von Simone Weil<\/p><\/div>\n<ul>\n<li><em>Listenauswahl eines Beitrags (Artikel\/Datum, Seite\/Inhalt):\u00a0<span style=\"text-decoration: underline;\">Klicken<\/span>\u00a0oder scrollen<\/em><\/li>\n<li><a href=\"https:\/\/www.freiburg-schwarzwald.de\/blog\/bahnsteig-migrant-resettlement\/\">Bahnsteig Migrant Resettlement<\/a> (30.1.2026)<\/li>\n<li><a href=\"https:\/\/www.freiburg-schwarzwald.de\/blog\/global\/eu\/migrationspakt\/\">Entwurzelung der Migranten sowie Destabilisierung der Aufnahmel\u00e4nder<\/a>\u00a0(24.1.2026)<\/li>\n<li><a href=\"https:\/\/www.freiburg-schwarzwald.de\/blog\/silvesternacht-2026-friedlich\/\">Silvesternacht 2026 \u201efriedlich\u201c?<\/a>\u00a0(2.1.2026)<\/li>\n<li><a href=\"https:\/\/www.freiburg-schwarzwald.de\/blog\/qualifizieren-statt-zuwanderung\/\">Qualifizieren statt Zuwanderung<\/a>\u00a0(1.12.2025)<\/li>\n<li>Mobilit\u00e4t und Unrast braucht Verwurzelung und Zuhausesein (22.10.2025)<\/li>\n<li><a href=\"https:\/\/www.freiburg-schwarzwald.de\/blog\/pro-asyl-konzern-pro-migration\/\">Pro-Asyl Konzern Pro-Migration<\/a>\u00a0(10.6.2025)<\/li>\n<li><a href=\"https:\/\/www.freiburg-schwarzwald.de\/blog\/regio\/heimat\/fremdheit\/\">\u201eFremd im eigenen Land\u201c: Eine Gefahr f\u00fcr alle<\/a> (15.6.2025)<\/li>\n<li><a href=\"https:\/\/www.freiburg-schwarzwald.de\/blog\/kriminalitaet-413-migranten\/\">Kriminalit\u00e4t 41,3 % Migranten<\/a> (9.4.2024)<\/li>\n<li><a href=\"https:\/\/www.freiburg-schwarzwald.de\/blog\/migration-nationale-identitaet\/\">Migration \u2013 nationale Identit\u00e4t<\/a>\u00a0(5.1.2024)<\/li>\n<li><a href=\"https:\/\/www.freiburg-schwarzwald.de\/blog\/religion\/christen\/abendland\/\">\u201eKampf der Kulturen\u201c: Islam, Masseneinwanderung &amp; Nahost-Konflikt<\/a>\u00a0(10.12.2023)<\/li>\n<li><a href=\"https:\/\/www.freiburg-schwarzwald.de\/blog\/auswanderung-einwanderung\/\">Auswanderung \u2013 Einwanderung<\/a>\u00a0(1.7.2023)<\/li>\n<li><a href=\"https:\/\/www.freiburg-schwarzwald.de\/blog\/global\/eritrea\/\">Eritrea \u2013 kaputtes Land\u00a0 zwischen Abessinien und Italien<\/a>\u00a0(8.12.2022)<\/li>\n<li><a href=\"https:\/\/www.freiburg-schwarzwald.de\/blog\/religion\/nihilismus\/\">Dostojewski \u201eB\u00f6se Geister\u201c: Nihilismus und Destruktion<\/a>\u00a0(8.7.2022)<\/li>\n<li><a href=\"https:\/\/www.freiburg-schwarzwald.de\/blog\/kultur\/kulturverlust\/cancelculture-literatur\/\">Verweis auf Prophet Mohammed in Dantes \u201eG\u00f6ttlicher Kom\u00f6die\u201c gecancelt<\/a>\u00a0(6.4.2021)<\/li>\n<li><a href=\"https:\/\/www.freiburg-schwarzwald.de\/blog\/regio\/heimat\/fremdheit\/\">Fremd im eigenen Land \u2013 und auf dem Weg bergauf in der Schlange stehen<\/a> (25.12.2020)<\/li>\n<li><a title=\"Selbstaufgabe einer Zivilisation?\" href=\"https:\/\/www.freiburg-schwarzwald.de\/blog\/selbstaufgabe-einer-zivilisation\/\">Selbstaufgabe einer Zivilisation?<\/a>\u00a0(17.10.2020)<\/li>\n<li><a title=\"Kulturrevolution\" href=\"https:\/\/www.freiburg-schwarzwald.de\/blog\/kultur\/kulturrevolution\/\">David Engels: Was tun?<\/a>\u00a0 (8.10.2020)<\/li>\n<li><a title=\"Kulturverlust\" href=\"https:\/\/www.freiburg-schwarzwald.de\/blog\/kultur\/kulturverlust\/\">Simon Kie\u00dfling: Selbstaufgabe einer Zivilisation?\u00a0\u2013\u00a0Entwurzelt im Nirgendwo<\/a>\u00a0(8.10.2020)<\/li>\n<li><a title=\"Augsburg: Feuerwehrmann tot\" href=\"https:\/\/www.freiburg-schwarzwald.de\/blog\/augsburg-feuerwehrmann-tot\/\">Augsburg: Feuerwehrmann tot<\/a>\u00a0(10.12.2019)<\/li>\n<li><a title=\"Gelbwesten F \u2013 Gr\u00fcnkreuze D\" href=\"https:\/\/www.freiburg-schwarzwald.de\/blog\/gelbwesten-f-gruenkreuze-d\/\">Gelbwesten F \u2013 Gr\u00fcnkreuze D<\/a>\u00a0(28.11.2019)<\/li>\n<li><a title=\"Darknet\" href=\"https:\/\/www.freiburg-schwarzwald.de\/blog\/kultur\/internet\/darknet\/\">Im Online-Sumpf auf der Spur des Halle-T\u00e4ters<\/a>\u00a0(16.10.2019)<\/li>\n<li><a title=\"Palmer \u2013 Identitaets-Shitstorm\" href=\"https:\/\/www.freiburg-schwarzwald.de\/blog\/palmer-identitaets-shitstorm\/\">Boris Palmer erzeugt Identitaets-Shitstorm<\/a>\u00a0(24.4.2019)<\/li>\n<li>Die Entwurzelung der Alten zugunsten der Migranten &#8211; Wohnungstausch (5.4.2019)<\/li>\n<li>Die Entwurzelung &#8211;\u00a0Vom wichtigsten Bed\u00fcrfnis und der gr\u00f6\u00dften Krankheit der Menschen (1943)<\/li>\n<\/ul>\n<ul>\n<li><a title=\"Augsburg061219tod-nach-sturz\" href=\"https:\/\/www.freiburg-schwarzwald.de\/blog\/global\/migration\/augsburg061219tod-nach-sturz\/\">Augsburg061219tod-nach-sturz<\/a><\/li>\n<li><a title=\"Darknet\" href=\"https:\/\/www.freiburg-schwarzwald.de\/blog\/kultur\/internet\/darknet\/\">Darknet<\/a><\/li>\n<li><a href=\"https:\/\/www.freiburg-schwarzwald.de\/blog\/global\/eritrea\/\">Eritrea<\/a><\/li>\n<li><a href=\"https:\/\/www.freiburg-schwarzwald.de\/blog\/global\/ethnien\/\">Ethnien<\/a><\/li>\n<li><a title=\"Familiennachzug\" href=\"https:\/\/www.freiburg-schwarzwald.de\/blog\/global\/migration\/familiennachzug\/\">Familiennachzug \u2013 Fl\u00fcchtlinge<\/a><\/li>\n<li><a title=\"Fluechtlinge\" href=\"https:\/\/www.freiburg-schwarzwald.de\/blog\/global\/integration\/fluechtlinge\/\">Fl\u00fcchtlinge<\/a><\/li>\n<li><a title=\"Fluechtlinge-Wohnung\" href=\"https:\/\/www.freiburg-schwarzwald.de\/blog\/global\/integration\/fluechtlinge-wohnung\/\">Fluechtlinge-Wohnung<\/a><\/li>\n<li><a title=\"Fremdheit\" href=\"https:\/\/www.freiburg-schwarzwald.de\/blog\/regio\/heimat\/fremdheit\/\">Fremdheit<\/a><\/li>\n<li><a title=\"Ghetto\" href=\"https:\/\/www.freiburg-schwarzwald.de\/blog\/global\/integration\/ghetto\/\">Ghetto<\/a><\/li>\n<li><a title=\"Groessenwahn\" href=\"https:\/\/www.freiburg-schwarzwald.de\/blog\/engagement\/zukunft\/groessenwahn\/\">Gr\u00f6\u00dfenwahn<\/a><\/li>\n<li><a href=\"https:\/\/www.freiburg-schwarzwald.de\/blog\/global\/migration\/herkunft\/\">Herkunft<\/a><\/li>\n<li><a title=\"Integration\" href=\"https:\/\/www.freiburg-schwarzwald.de\/blog\/global\/integration\/\">Integration \u2013 Infos<\/a><\/li>\n<li><a title=\"Integration-Islam\" href=\"https:\/\/www.freiburg-schwarzwald.de\/blog\/global\/integration\/integration-islam\/\">Integration-Islam<\/a><\/li>\n<li><a title=\"Integrieren\" href=\"https:\/\/www.freiburg-schwarzwald.de\/blog\/global\/integration\/integrieren\/\">Integrieren<\/a><\/li>\n<li><a title=\"Islam\" href=\"https:\/\/www.freiburg-schwarzwald.de\/blog\/religion\/islam\/\">Islam<\/a><\/li>\n<li><a title=\"Kontrollierte-Grenzen\" href=\"https:\/\/www.freiburg-schwarzwald.de\/blog\/global\/migration\/kontrollierte-grenzen\/\">Kontrollierte-Grenzen<\/a><\/li>\n<li><a href=\"https:\/\/www.freiburg-schwarzwald.de\/blog\/global\/migration\/masseneinwanderung\/\">Masseneinwanderung<\/a><\/li>\n<li><a title=\"Migranten-Fluechtlinge\" href=\"https:\/\/www.freiburg-schwarzwald.de\/blog\/global\/migration\/migranten-fluechtlinge\/\">Migranten-Fluechtlinge<\/a><\/li>\n<li><a title=\"Migration-Wohnen\" href=\"https:\/\/www.freiburg-schwarzwald.de\/blog\/global\/migration\/migration-wohnen\/\">Migration-Wohnen<\/a><\/li>\n<li><a title=\"Migrationsindustrie\" href=\"https:\/\/www.freiburg-schwarzwald.de\/blog\/global\/integration\/migrationsindustrie\/\">Migrationsindustrie<\/a><\/li>\n<li><a href=\"https:\/\/www.freiburg-schwarzwald.de\/blog\/religion\/nihilismus\/\">Nihilismus<\/a><\/li>\n<li><a title=\"Senioren\" href=\"https:\/\/www.freiburg-schwarzwald.de\/blog\/selbsthilfe\/senioren\/\">Senioren<\/a><\/li>\n<li><a title=\"Wohnen\" href=\"https:\/\/www.freiburg-schwarzwald.de\/blog\/business\/dienste\/immobilien\/wohnen\/\">Wohnen<\/a><\/li>\n<\/ul>\n<p>&nbsp;<\/p>\n<p><strong>&#8230; Entwurzelung gilt f\u00fcr Alle<\/strong><br \/>\nIch bin der Meinung, da\u00df keines meiner Kinder, hier in Deutschland aufgewachsen und sozialisiert, jemals gl\u00fccklich sein wird, wenn man es nach Syrien verbringen w\u00fcrde. Sie w\u00fcrden dort als Entwurzelte leiden.<br \/>\nIch habe hier in Deutschland mit so vielen syrischen V\u00e4tern gesprochen &#8211; alle teilen meine Meinung. Ich verstehe jeden syrischen Vater, der mich fragt: &#8222;Warum unterst\u00fctzt ihr nicht meine Kinder, wenn sie in Syrien leben? Warum holt ihr sie und mich nach Deutschland?&#8220;<br \/>\nJa, warum?<br \/>\nUm unser Helfersyndrom bequem hier ausleben zu k\u00f6nnen?<br \/>\n28.12.2020<br \/>\n..<\/p>\n<div id=\"attachment_74362\" style=\"width: 623px\" class=\"wp-caption alignnone\"><a href=\"https:\/\/www.freiburg-schwarzwald.de\/blog\/bildung\/schulen\/vorschulen\/entwurzelung-simone-weil-pan\/\" rel=\"attachment wp-att-74362\"><img loading=\"lazy\" decoding=\"async\" aria-describedby=\"caption-attachment-74362\" class=\"size-full wp-image-74362\" src=\"https:\/\/www.freiburg-schwarzwald.de\/blog\/wp-content\/uploads\/2019\/08\/entwurzelung-simone-weil-pan.jpg\" alt=\"&quot;Entwurzelung&quot; - von Simone Weil\" width=\"613\" height=\"331\" srcset=\"https:\/\/www.freiburg-schwarzwald.de\/blog\/wp-content\/uploads\/2019\/08\/entwurzelung-simone-weil-pan.jpg 613w, https:\/\/www.freiburg-schwarzwald.de\/blog\/wp-content\/uploads\/2019\/08\/entwurzelung-simone-weil-pan-180x97.jpg 180w\" sizes=\"auto, (max-width: 613px) 100vw, 613px\" \/><\/a><p id=\"caption-attachment-74362\" class=\"wp-caption-text\">&#8222;Entwurzelung&#8220; &#8211; von Simone Weil<\/p><\/div>\n<p>&nbsp;<\/p>\n<p><strong>Entwurzelung in zweifacher Hinsicht<\/strong><br \/>\nDie Migrationspolitik seit der Grenz\u00f6ffnung <a title=\"Budapest-Dublin2015\" href=\"https:\/\/www.freiburg-schwarzwald.de\/blog\/global\/eu\/budapest-dublin2015\/\">Budapest 9\/2015<\/a> sorgt f\u00fcr zweierlei Entwurzelung:<br \/>\n&#8211; Die &#8222;Schon l\u00e4nger hier Lebenden&#8220; alias Deutschen m\u00fcssen Wohnungen r\u00e4umen und \u00f6ffentlichen Raum preisgeben<br \/>\n&#8211; Die von Deutschland angelockten Migranten<\/p>\n<p>Die Integration ist gescheitert:<br \/>\nUm der Entwurzelung zu entfliehen, dr\u00e4ngt es die Migranten in die Gro\u00dfst\u00e4dte bzw.\u00a0Ballungsgebiete dr\u00e4ngt.<\/p>\n<p>Auch der vermeintlich \u00fcberall gleiche One-World-Mensch f\u00fchlt Entwurzelung, wenn..?&#8230;.<br \/>\n=============================================================<\/p>\n<p>.<\/p>\n<p>.<\/p>\n<p><strong>Mobilit\u00e4t und Unrast braucht Verwurzelung und Zuhausesein<\/strong><br \/>\n\u201eIch arbeite zu Hause und bin gleichzeitig seelisch woanders. Diese Mobilit\u00e4t wurde sehr gesch\u00e4tzt (&#8230;)<br \/>\nDer Sonnenk\u00f6nig hatte nicht die H\u00e4lfte des Luxus, den wir heute haben. Zum Luxus geh\u00f6ren sanit\u00e4re Anlagen und eine extrem schnelle Reisef\u00e4higkeit; das und anderes hatte er alles nicht.<br \/>\nDer Nachteil: Es ist klar, da\u00df dieser \u00e4u\u00dferen Bewegtheit, die angetrieben wird beruflich und vom gesellschaftlichen Klima, auf der anderen Seite ein Defizit entspricht: Aktivit\u00e4t wird mit Unrast bezahlt.<br \/>\nImmer st\u00e4rker wird die Frage: Wo verwurzle ich mich? Woher nehme ich die Kraft zu solcher Beweglichkeit? Eigentlich ist das Entscheidende: Wovon werde ich getragen? Wenn ich von der eigenen Kraft rede, bin ich ja schon wieder in der Aktivit\u00e4t.<\/p>\n<p>Aber gibt es nicht einen Boden, auf dem ich mit Selbstverst\u00e4ndlichkeit stehe? Wo ich eben nichts tun mu\u00df, sondern in eine gro\u00dfe Ruhe komme, auch in eine gro\u00dfe Inspiration? Dieses Zuhausesein bei sich ist \u00fcber die Mobilit\u00e4t ins Hintertreffen geraten. \u201c<br \/>\nHanna-Barbara Gerl-Falkovitz, Philosophin, auf dem Portal \u201eCorrigenda\u201c vom 22. November 2025<br \/>\n<a href=\"https:\/\/www.corrigenda.online\">https:\/\/www.corrigenda.online<\/a><\/p>\n<p>&nbsp;<\/p>\n<p><strong>Die Entwurzelung der Alten zugunsten der Migranten &#8211; Wohnungstausch<\/strong><br \/>\nIn den Niederlanden sind Kommunen gesetzlich dazu verpflichtet, alten Menschen so lange wie m\u00f6glich ein Leben zu Hause statt in einer Verwahrstelle f\u00fcr nutzlose Esser (Altersheim) zu erm\u00f6glichen. Ehrenamtliche k\u00fcmmern sich um die <a title=\"Senioren\" href=\"https:\/\/www.freiburg-schwarzwald.de\/blog\/selbsthilfe\/senioren\/\">Senioren<\/a>, eine Gemeindeschwester gibt gute Tipps, man leistet ihnen Gesellschaft und stellt sicher, dass sie nicht vereinsamen. Es ber\u00fchrte mich tief, als ich so viele gl\u00fcckliche, alte Menschen eingebettet in eine Gemeinschaft sah. Und in Deutschland?<br \/>\nBei uns \u201ebeanspruchen\u201c alte Menschen immer h\u00e4ufiger zu gro\u00dfe Wohnungen, die von anderen (n\u00fctzlicheren?) Menschen ben\u00f6tigt werden. Dies scheint auch die K\u00fcndigung der 149 qm gro\u00dfen Wohnung des 74-j\u00e4hrigen Rentners Klaus Roth zu rechtfertigen, der darin seit 1974 f\u00fcr monatlich 500,00 \u20ac gelebt hatte. Der Fall sei nach Focus jedoch viel \u201ekomplexer\u201c, denn der B\u00fcrgermeister h\u00e4tte die per Gesetz vorgegebene Anzahl Fl\u00fcchtlinge dezentral unterbringen m\u00fcssen. Mangels anderer Wohnungen musste Klaus Roth \u2018raus \u2013 immerhin mit 9 Monaten K\u00fcndigungsfrist.<br \/>\n<a href=\"https:\/\/www.focus.de\/immobilien\/wohnen\/um-fluechtende-unterzubringen-gemeinde-kuendigte-renter-die-wohnung-jetzt-erklaert-der-buergermeister-die-gruende_id_10342284.html\">https:\/\/www.focus.de\/immobilien\/wohnen\/um-fluechtende-unterzubringen-gemeinde-kuendigte-renter-die-wohnung-jetzt-erklaert-der-buergermeister-die-gruende_id_10342284.html<\/a><br \/>\n&#8230;.<br \/>\nDie Entwurzelung des 74-j\u00e4hrigen alten, wei\u00dfen Mannes Klaus Roth f\u00fcgt sich somit nahtlos in die mittlerweile 74 Jahre w\u00e4hrende seelische, moralische und kulturelle Vernichtung der Deutschen ein, die in deutscher Gr\u00fcndlichkeit von jenen Deutschen am unnachgiebigsten betrieben wird, die das Deutsche am st\u00e4rksten hassen.<br \/>\nHaben die fremden Herrscher und unsere Kollaborateure nun ihr Ziel erreicht? Sind wir nun endlich im \u201eFraming\u201c in einem Denkrahmen gefangen und dazu verurteilt, infantilen Trieben wie Essen, Arbeit, Sex und Tittitainment zu folgen?<br \/>\n.<br \/>\nAlte, deutsche Eichen werden f\u00fcr afrikanische und orientalische Setzlinge entwurzelt, denn sie unterliegen \u2013 wie alle Deutschen \u2013 dem Rassismus-Generalverdacht und geh\u00f6ren ohnehin nach Ansicht des kroatischen Gastarbeiterkinds Jagoda Marini\u0107 \u2013 ihres Zeichens Leiterin des Interkulturellen Zentrums Heidelberg \u2013 zur r\u00fcckst\u00e4ndigen \u201eParallelgesellschaft\u201c der \u201ealten Herren\u201c. Nachzulesen im Frau Marini\u0107s B\u00fcchlein \u201eMade in Germany. Was ist deutsch in Deutschland?\u201c in leichter Sprache.<br \/>\n&#8230;<br \/>\n\u201eDie Welt\u201c rechtfertig die Ausquartierung langj\u00e4hriger deutscher Mieter zu Gunsten der Neusiedler damit, dass der Kampf um Wohnraum eben \u201everzwickt\u201c sei. \u201eKomplex\u201c und \u201everzwickt\u201c wie die Sachlage ist, hatte B\u00fcrgermeister Gerhard Gertitschke als gesetzestreuer Schreibtischt\u00e4ter schlicht keine andere Wahl, als seinen Landsmann Klaus Roth zu Gunsten fremder Menschen in eine kleinere Wohnung zu verpflanzen. Ist halt so. Oder?<br \/>\n&#8230; Alles vom 5.4.2019 von Maria Schneider zu &#8222;Wann h\u00f6rt der deutsche Selbsthass auf?&#8220; bitte lesen auf<br \/>\n<a href=\"https:\/\/www.epochtimes.de\/meinung\/gastkommentar\/maria-schneider-wandlung-ist-moeglich-zeit-zu-fliegen-wandlung-geschieht-a2846284.html\">https:\/\/www.epochtimes.de\/meinung\/gastkommentar\/maria-schneider-wandlung-ist-moeglich-zeit-zu-fliegen-wandlung-geschieht-a2846284.html<\/a><br \/>\n.<br \/>\n<em>Die Autorin Maria Schneider ist viel unterwegs und verarbeitet ihre Erlebnisse in gesellschaftskritischen Essays mit besonderem Schwerpunkt auf die negativen Auswirkungen des Feminismus, gr\u00fcner Politik und der Massenmigration. Besonders liegen ihr die Opfer der importierten Gewalt am Herzen. Sie schreibt ihre Geschichten auf, um ihnen eine Stimme zu geben. Kontakt f\u00fcr Opfergeschichten und Anregungen: <a href=\"mailto:Maria_Schneider@mailbox.org\">Maria_Schneider@mailbox.org<\/a><\/em><\/p>\n<p>&nbsp;<\/p>\n<p><strong>Die Entwurzelung &#8211; Vom wichtigsten Bed\u00fcrfnis und der gr\u00f6\u00dften Krankheit der Menschen<\/strong><br \/>\nvon Simone Weil<br \/>\nDie Verwurzelung ist wohl das wichtigste und am meisten verkannte Bed\u00fcrfnis der menschlichen Seele. Es z\u00e4hlt zu denen, die sich nur sehr schwer definieren lassen. Der Mensch hat eine Wurzel durch seinen wirklichen, aktiven und nat\u00fcrlichen Anteil am Dasein eines Gemeinwesens, in dem gewisse Sch\u00e4tze der Vergangenheit und gewisse Vorahnungen der Zukunft am Leben erhalten werden.<br \/>\n&#8230;.<br \/>\nWer entwurzelt ist, entwurzelt andere: Die Entwurzelung ist mit Abstand die gef\u00e4hrlichste Krankheit der menschlichen Gesellschaften, denn sie vervielfacht sich selbst. Den tats\u00e4chlich Entwurzelten stehen eigentlich nur zwei Verhaltensweisen zur Verf\u00fcgung: Entweder sie verfallen einer Tr\u00e4gheit der Seele, die fast dem Tod gleichkommt, wie der Gro\u00dfteil der Sklaven im R\u00f6mischen Reich, oder sie st\u00fcrzen sich in eine T\u00e4tigkeit, die oft mit gewaltt\u00e4tigsten Methoden die Entwurzelung anderer betreibt, die noch nicht oder erst teilweise entwurzelt sind.<br \/>\nAuszug aus: Simone Weil: \u00bbDie Verwurzelung. Vorspiel zu einer Erkl\u00e4rung der Pflichten dem Menschen gegen\u00fcber.\u00ab (erstmals 1949)<br \/>\n<a href=\"https:\/\/www.diaphanes.net\/autor\/detail\/133\">https:\/\/www.diaphanes.net\/autor\/detail\/133<\/a><\/p>\n<p>&nbsp;<\/p>\n","protected":false},"excerpt":{"rendered":"<p>Home &gt;Soziales\u00a0&gt;Dienste\u00a0&gt;Immobilien\u00a0&gt;Wohnen\u00a0&gt;Migration\u00a0&gt;Entwurzelung Listenauswahl eines Beitrags (Artikel\/Datum, Seite\/Inhalt):\u00a0Klicken\u00a0oder scrollen Bahnsteig Migrant Resettlement (30.1.2026) Entwurzelung der Migranten sowie Destabilisierung der Aufnahmel\u00e4nder\u00a0(24.1.2026) Silvesternacht 2026 \u201efriedlich\u201c?\u00a0(2.1.2026) Qualifizieren statt Zuwanderung\u00a0(1.12.2025) Mobilit\u00e4t und Unrast braucht Verwurzelung und Zuhausesein (22.10.2025) Pro-Asyl Konzern Pro-Migration\u00a0(10.6.2025) \u201eFremd im eigenen Land\u201c: &hellip; <a href=\"https:\/\/www.freiburg-schwarzwald.de\/blog\/global\/migration\/entwurzelung\/\">Weiterlesen <span class=\"meta-nav\">&rarr;<\/span><\/a><\/p>\n","protected":false},"author":2,"featured_media":0,"parent":9150,"menu_order":0,"comment_status":"open","ping_status":"closed","template":"","meta":{"footnotes":""},"class_list":["post-71660","page","type-page","status-publish","hentry"],"_links":{"self":[{"href":"https:\/\/www.freiburg-schwarzwald.de\/blog\/wp-json\/wp\/v2\/pages\/71660","targetHints":{"allow":["GET"]}}],"collection":[{"href":"https:\/\/www.freiburg-schwarzwald.de\/blog\/wp-json\/wp\/v2\/pages"}],"about":[{"href":"https:\/\/www.freiburg-schwarzwald.de\/blog\/wp-json\/wp\/v2\/types\/page"}],"author":[{"embeddable":true,"href":"https:\/\/www.freiburg-schwarzwald.de\/blog\/wp-json\/wp\/v2\/users\/2"}],"replies":[{"embeddable":true,"href":"https:\/\/www.freiburg-schwarzwald.de\/blog\/wp-json\/wp\/v2\/comments?post=71660"}],"version-history":[{"count":6,"href":"https:\/\/www.freiburg-schwarzwald.de\/blog\/wp-json\/wp\/v2\/pages\/71660\/revisions"}],"predecessor-version":[{"id":145090,"href":"https:\/\/www.freiburg-schwarzwald.de\/blog\/wp-json\/wp\/v2\/pages\/71660\/revisions\/145090"}],"up":[{"embeddable":true,"href":"https:\/\/www.freiburg-schwarzwald.de\/blog\/wp-json\/wp\/v2\/pages\/9150"}],"wp:attachment":[{"href":"https:\/\/www.freiburg-schwarzwald.de\/blog\/wp-json\/wp\/v2\/media?parent=71660"}],"curies":[{"name":"wp","href":"https:\/\/api.w.org\/{rel}","templated":true}]}}