{"id":71506,"date":"2019-03-29T07:35:09","date_gmt":"2019-03-29T06:35:09","guid":{"rendered":"https:\/\/www.freiburg-schwarzwald.de\/blog\/?page_id=71506"},"modified":"2025-10-27T11:20:37","modified_gmt":"2025-10-27T10:20:37","slug":"familienplanung","status":"publish","type":"page","link":"https:\/\/www.freiburg-schwarzwald.de\/blog\/global\/afrika\/familienplanung\/","title":{"rendered":"Familienplanung"},"content":{"rendered":"<p><a href=\"https:\/\/www.freiburg-schwarzwald.de\/blog\">Home<\/a>\u00a0&gt;<a title=\"Global\" href=\"https:\/\/www.freiburg-schwarzwald.de\/blog\/global\/\">Global<\/a>\u00a0\u00a0&gt;<a title=\"Afrika\" href=\"https:\/\/www.freiburg-schwarzwald.de\/blog\/global\/afrika\/\">Afrika<\/a>\u00a0&gt;<a title=\"Familie\" href=\"https:\/\/www.freiburg-schwarzwald.de\/blog\/selbsthilfe\/familie\/\">Familie<\/a> &gt;Familienplanung<\/p>\n<div id=\"attachment_71403\" style=\"width: 649px\" class=\"wp-caption alignnone\"><a href=\"https:\/\/www.freiburg-schwarzwald.de\/blog\/selbsthilfe\/kinder\/kids\/mandelbaum-kaiserstuhl2019-03-20pan\/\" rel=\"attachment wp-att-71403\"><img loading=\"lazy\" decoding=\"async\" aria-describedby=\"caption-attachment-71403\" class=\"size-full wp-image-71403\" src=\"https:\/\/www.freiburg-schwarzwald.de\/blog\/wp-content\/uploads\/2019\/03\/mandelbaum-kaiserstuhl2019-03-20pan.jpg\" alt=\"Mandelbaum-Bl\u00fcte im Kaiserstuhl bei Freiburg am 20. M\u00e4rz 2019\" width=\"639\" height=\"316\" srcset=\"https:\/\/www.freiburg-schwarzwald.de\/blog\/wp-content\/uploads\/2019\/03\/mandelbaum-kaiserstuhl2019-03-20pan.jpg 639w, https:\/\/www.freiburg-schwarzwald.de\/blog\/wp-content\/uploads\/2019\/03\/mandelbaum-kaiserstuhl2019-03-20pan-180x89.jpg 180w\" sizes=\"auto, (max-width: 639px) 100vw, 639px\" \/><\/a><p id=\"caption-attachment-71403\" class=\"wp-caption-text\">Mandelbaum-Bl\u00fcte im Kaiserstuhl bei Freiburg am 20. M\u00e4rz 2019<\/p><\/div>\n<ul>\n<li><a href=\"https:\/\/www.freiburg-schwarzwald.de\/blog\/engagement\/zukunft\/demografie\/geburtenraten\/\">Geburtenraten in China, Kasachstan, \u2026<\/a>\u00a0(24.10.2025)<\/li>\n<li><a href=\"https:\/\/www.freiburg-schwarzwald.de\/blog\/journalist-juergen-liminski-ist-tot\/\">Journalist J\u00fcrgen Liminski ist tot<\/a>\u00a0(18.6.2021)<\/li>\n<li><a title=\"Afrika: Tabu zwingt zu Polemik\" href=\"https:\/\/www.freiburg-schwarzwald.de\/blog\/afrika-tabu-zwingt-zu-polemik\/\">Afrika: Tabu zwingt zu Polemik<\/a>\u00a0(8.8.2019)<\/li>\n<li>Volker Seitz: Familienplanung statt Entwicklungshilfe f\u00fcr Afrika (3.4.2019)<\/li>\n<li>Familienplanung wichtigstes Thema in Afrika &#8211; nur AACC macht mit (28.3.2019)<\/li>\n<li><a title=\"Hunger\" href=\"https:\/\/www.freiburg-schwarzwald.de\/blog\/global\/hunger\/\">Hoimar von Ditfurth: Die m\u00f6rderische Konsequenz des Mitleids<\/a>\u00a0(13.8.1984)<\/li>\n<\/ul>\n<p>&nbsp;<\/p>\n<ul>\n<li><a title=\"Afrika-Exodus\" href=\"https:\/\/www.freiburg-schwarzwald.de\/blog\/global\/afrika\/afrika-exodus\/\">Afrika-Exodus<\/a><\/li>\n<li><a title=\"Afrika-Geburten\" href=\"https:\/\/www.freiburg-schwarzwald.de\/blog\/global\/afrika\/afrika-geburten\/\">Afrika-Geburten<\/a><\/li>\n<li><a title=\"Afrika-Migration\" href=\"https:\/\/www.freiburg-schwarzwald.de\/blog\/global\/afrika\/afrika-migration\/\">Afrika-Migration<\/a><\/li>\n<li><a title=\"Algerien\" href=\"https:\/\/www.freiburg-schwarzwald.de\/blog\/global\/algerien\/\">Algerien<\/a><\/li>\n<li><a title=\"Bevoelkerungswachstum\" href=\"https:\/\/www.freiburg-schwarzwald.de\/blog\/engagement\/zukunft\/demografie\/bevoelkerungswachstum\/\">Bevoelkerungswachstum<\/a><\/li>\n<li><a title=\"Entwicklungshilfe\" href=\"https:\/\/www.freiburg-schwarzwald.de\/blog\/global\/entwicklungshilfe\/\">Entwicklungshilfe<\/a><\/li>\n<li><a title=\"Gambia\" href=\"https:\/\/www.freiburg-schwarzwald.de\/blog\/global\/afrika\/gambia\/\">Gambia<\/a><\/li>\n<li><a href=\"https:\/\/www.freiburg-schwarzwald.de\/blog\/engagement\/zukunft\/demografie\/geburtenraten\/\">Geburtenraten<\/a><\/li>\n<li><a title=\"Landgrabbing\" href=\"https:\/\/www.freiburg-schwarzwald.de\/blog\/global\/landgrabbing\/\">Landgrabb\u00edng<\/a><\/li>\n<li><a title=\"Maghreb\" href=\"https:\/\/www.freiburg-schwarzwald.de\/blog\/global\/maghreb\/\">Maghreb<\/a><\/li>\n<li><a title=\"Voelkerwanderung\" href=\"https:\/\/www.freiburg-schwarzwald.de\/blog\/global\/voelkerwanderung\/\">Voelkerwanderung<\/a><\/li>\n<\/ul>\n<p>&nbsp;<\/p>\n<p><strong>Entwicklungshilfe ist<\/strong><br \/>\ndie Umverteilung des Geldes der Armen aus den reichen L\u00e4ndern<br \/>\nan die Reichen aus dem armen L\u00e4ndern.<\/p>\n<p>&#8212;&#8212;&#8212;&#8212;&#8212;&#8212;-<\/p>\n<p><strong>Volker Seitz: Familienplanung statt Entwicklungshilfe f\u00fcr Afrika<\/strong><br \/>\nIn diesem und im kommenden Jahr kann Entwicklungsminister Gerd M\u00fcller mit 10,2 Milliarden Euro planen. Ab 2021 sind laut Finanzministerium, das die \u00f6ffentlichen Ausgaben mit Sparma\u00dfnahmen in den Griff bekommen will, nur noch 9,3 Milliarden Euro eingeplant.<br \/>\nDiese K\u00fcrzung nimmt M\u00fcller zum Anlass \u00f6ffentlich zu klagen, dass dann die Arbeitsf\u00e4higkeit seines Ministeriums nicht mehr gew\u00e4hrleistet sei. Zahlreiche Zeitungen von der Augsburger Allgemeinen bis zu ZEIT berichten mit einem Aufschrei der Entr\u00fcstung von den geplanten K\u00fcrzungen. Dabei wei\u00df man auch im Bundesministerium f\u00fcr wirtschaftliche Zusammenarbeit und Entwicklung (BMZ), dass eine massive Aufstockung der staatlichen Entwicklungshilfe nach aller Erfahrung keine wesentliche Verbesserung der Lebensverh\u00e4ltnisse in den afrikanischen L\u00e4ndern bewirken wird. Vielmehr ist zu erwarten, dass gro\u00dfe Teile der zus\u00e4tzlichen Mittel in falsche Kan\u00e4le flie\u00dfen und der Exodus anh\u00e4lt.<br \/>\nDas unbestreitbare zentrale Thema Familienplanung wird in BMZ Papieren mit Allgemeinpl\u00e4tzen abgehandelt: \u201cDie demografische Entwicklung stellt in vielen L\u00e4ndern eine gro\u00dfe Herausforderung f\u00fcr das Bem\u00fchen, das Entwicklungs- und Wohlstandsgewinne zu erhalten. Um diese Herausforderungen zu bew\u00e4ltigen, bedarf es verst\u00e4rkter Anstrengungen in Schl\u00fcsselbereichen wie sexueller und reproduktiver Gesundheit und Rechte, Bildung und sozialer Sicherung.\u201d<br \/>\n&#8230; Alles von Volker Setz vom 3.4.2019 bitte lesen auf<br \/>\n<a href=\"https:\/\/denken-erwuenscht.com\/gastspiel-volker-seitz-entwicklungshilfe-wird-die-armut-in-afrika-nicht-beseitigen\/\">https:\/\/denken-erwuenscht.com\/gastspiel-volker-seitz-entwicklungshilfe-wird-die-armut-in-afrika-nicht-beseitigen\/<\/a><br \/>\n<strong>Familienplanung wichtigstes Thema in Afrika &#8211; nur AACC macht mit<\/strong><br \/>\nDas unbestreitbare zentrale Thema Familienplanung wird sehr kurz mit Allgemeinpl\u00e4tzen abgehandelt: \u201eDie demografische Entwicklung stellt in vielen L\u00e4ndern eine gro\u00dfe Herausforderung f\u00fcr das Bem\u00fchen dar, die Entwicklungs- und Wohlstandsgewinne zu erhalten. Um diese Herausforderungen zu bew\u00e4ltigen, bedarf es verst\u00e4rkter Anstrengungen in Schl\u00fcsselbereichen wie sexueller und reproduktiver Gesundheit und Rechte, Bildung und sozialer Sicherung.\u201c So gern ich lese, dass verst\u00e4rkte Anstrengungen endlich vorgesehen sind, so gern w\u00fcsste ich, wie denn die \u201everst\u00e4rkten Anstrengungen\u201c aussehen sollen.<br \/>\n.<br \/>\n<strong>R\u00fccksicht auf kirchliche Entwicklungs-Organisationen?<\/strong><br \/>\nWill man mit solchen banalen S\u00e4tzen versuchen, die kirchlichen Entwicklungs-Organisationen nicht gegen sich aufzubringen? Immerhin will die Association of Protestant Churches in Africa (AACC) das Bev\u00f6lkerungswachstum drosseln. Die protestantischen Mitgliedskirchen des Verbands in Afrika sollen die Gl\u00e4ubigen \u00fcberzeugen, weniger Kinder zu bekommen. Aus Sicht des Verbands ein Akt der Menschlichkeit \u2013 denn weniger Kinder bedeutet gr\u00f6\u00dfere Chancen f\u00fcr die, die da sind. <strong><em>\u201eKein Geldbetrag kann die Armut beseitigen, wenn wir nicht endlich die Bev\u00f6lkerungsexplosion bremsen\u201c,<\/em><\/strong> sagte Bright Muwador von AACC am 19.3.2019 in der ARD \u201eReport M\u00fcnchen\u201c.<br \/>\nInwieweit sich die katholische Kirche in Afrika an der neuen Kampagne beteiligt, ist offen. G\u00e4ngige katholische Lehrmeinung ist weiterhin: Verh\u00fctung ist S\u00fcnde, schon deshalb kommt Familienplanung, wie der \u00f6kumenische Verband sie anstrebt, nicht in Frage.<br \/>\nDas Thema scheint heikel zu sein, auf Anfrage des Bayerischen Rundfunks wollte die Deutsche Bischofskonferenz keine Stellungnahme abgeben. Das Thema ist auch f\u00fcr Afrikaner sehr delikat, und wenn man es anspricht, darf man es nicht vom Demografisch-\u00d6konomischen her tun, sondern mit dem Blick auf M\u00fctter und schon vorhandene Kinder, deren Lebensverh\u00e4ltnisse sich verschlechtern, wenn noch mehr Kinder hinzukommen. Au\u00dferdem ist zu ber\u00fccksichtigen, z.B. was die Zielgruppe im Sahel betrifft, dass dort (in Niger) nicht nur jede Frau sechs Kinder zur Welt bringt, sondern selbst nur eine von koranisch-legal vier Ehefrauen eines Mannes ist. So dass jeder Ehemann verantwortlich f\u00fcr 24 Kinder ist.<br \/>\n&#8230;<br \/>\n<strong>Entwicklungehilfe: Regional und ortsbezogen<\/strong><br \/>\nDie Entwicklungspolitik leidet nicht nur an Missachtung des Subsidiarit\u00e4tsprinzips, sondern auch an der klaren Zuordnung von Zust\u00e4ndigkeit und Verantwortung.<br \/>\nAlle Probleme und Konflikte haben lokale und regionale Ursachen (z.B. jahrhundertealte Binnenmigration, Gegens\u00e4tze zwischen Ackerbauern und Viehz\u00fcchtern), und die L\u00f6sung liegt in den einzelnen L\u00e4ndern selbst. Deshalb sind \u201eAfrika-Strategien\u201c fehl am Platz. Es braucht konkrete L\u00f6sungsans\u00e4tze f\u00fcr jede Region (z.B. Sahel) und klare Priorit\u00e4ten.<br \/>\n&#8230; Alles vom 28.3.2019 von Volker Seitz bitte lesen auf<br \/>\n<a href=\"https:\/\/www.achgut.com\/artikel\/nicht_sehen_wollen_was_zu_sehen_ist\">https:\/\/www.achgut.com\/artikel\/nicht_sehen_wollen_was_zu_sehen_ist<\/a><br \/>\n.<br \/>\n<strong>Afrika ist gro\u00df und reich<\/strong><br \/>\nAfrika hat 30 Einwohner pro qkm. Deutschland hat 230 Einwohner pro qkm. Afrika hat ein F\u00fcnftel der Erdoberfl\u00e4che (USA, Europa, China, Japan, zusammen). Es wird behauptet, Afrika hat nix und leide an \u00dcberbev\u00f6lkerung. Ja, Deutschland hat auch nix. Jedenfalls nichts an nennenswerten Bodensch\u00e4tzen. Selbst wenn sich die Bev\u00f6lkerung in Afrika verdoppelt, erreicht sie noch lange nicht unsere Siedlungsdichte.<br \/>\nAfrika hat viele junge M\u00e4nner, die ihre Familien versorgen, Landwirtschaft oder Stra\u00dfenbau studieren k\u00f6nnten. K\u00f6nnen Sie nicht? Ok, dann sollten sie mal etwas anderes au\u00dfer Koranschulen besuchen und ihre korrupten Machthaber + Anhang endlich zum Teufel jagen.<br \/>\n28.3.2019, A.M.<br \/>\n<strong>\u00a0.<\/strong><br \/>\n<strong>Afrikapolitik: Geld f\u00fcr die Reichen<\/strong><br \/>\nDie Leitlinien f\u00fcr die Afrikapolitik zeigen wieder, ich wei\u00df nicht zum wievielten Mal, wie abgehoben von der Realit\u00e4t diese Regierung und die Altparteien sind. Es ist nicht nur ein rasa Elefant, sondern der Raum ist voller rosa Elefanten. Oder sind es eher rotgr\u00fcn gestreifte Elefanten?<br \/>\nWenn den Altparteien im Bundestag bei Reden der AfD die Fakten um die Ohren gehauen werden und man die hysterischen Zwischenrufe besonders von der linken Seite sieht bzw. h\u00f6rt und dazu die Phrasen und Parolen sowie die Diffamierung der Faktenaufz\u00e4hler in den Reden der Altparteien, ist mir klar, dass mit dieser Regierung und diesem Bundestag die generell notwendige Kurs\u00e4nderung &#8211; egal auf welchem Gebiet &#8211; nicht m\u00f6glich ist. \u201cO gl\u00fccklich, wer noch hoffen kann, aus diesem Meer des Irrsinns aufzutauchen!\u201d (Zitat leicht ge\u00e4ndert).<br \/>\n28.3.2019, R.L.<\/p>\n<p>.<br \/>\nLord Peter Bauer: Entwicklungshilfe ist die Umverteilung des Geldes der Armen aus den reichen L\u00e4ndern an die Reichen aus dem armen L\u00e4ndern.<br \/>\n28.3.2019, G.K.<br \/>\n.<br \/>\n<strong>Menschenmassen<\/strong><br \/>\nDas Hauptproblem in Afrikarabien sind die st\u00e4ndig zunehmenden Menschenmassen, die diese L\u00e4nder weder besch\u00e4ftigen, noch ausreichend ern\u00e4hren k\u00f6nnen. Deshalb wandern die jungen, gesunden M\u00e4nner aus, bevorzugt Richtung Norden, um dort ihr Gl\u00fcck zu versuchen. &#8211;<br \/>\nKann man dieses Bev\u00f6lkerungswachstum kontrollieren? &#8211; Nein! &#8211; In den arabischen L\u00e4ndern scheitert das am Islam, der in den Auswanderern Religionskrieger sieht, um den Rest der Welt zu unterwerfen. &#8211; In Schwarzafrika scheitert es an dem erschreckend niedrigen Intelligenzquotienten dieser Menschen, der so um die 80 liegt. Damit gilt man in Europa schon als geistig behindert. &#8211; Was k\u00f6nnen WIR tun? &#8211; Peter Scholl-Latour: \u201cWer halb Kalkutta aufnimmt, hilft nicht etwa Kalkutta, sondern wird selbst zu Kalkutta.\u201d &#8211; Wenn wir unseren Lebensstandard und unsere Kultur auf Dauer erhalten wollen, ist konsequente Abschottung der einzige Weg!<br \/>\n28.3.2019, F.B., AO<\/p>\n","protected":false},"excerpt":{"rendered":"<p>Home\u00a0&gt;Global\u00a0\u00a0&gt;Afrika\u00a0&gt;Familie &gt;Familienplanung Geburtenraten in China, Kasachstan, \u2026\u00a0(24.10.2025) Journalist J\u00fcrgen Liminski ist tot\u00a0(18.6.2021) Afrika: Tabu zwingt zu Polemik\u00a0(8.8.2019) Volker Seitz: Familienplanung statt Entwicklungshilfe f\u00fcr Afrika (3.4.2019) Familienplanung wichtigstes Thema in Afrika &#8211; nur AACC macht mit (28.3.2019) Hoimar von Ditfurth: Die &hellip; <a href=\"https:\/\/www.freiburg-schwarzwald.de\/blog\/global\/afrika\/familienplanung\/\">Weiterlesen <span class=\"meta-nav\">&rarr;<\/span><\/a><\/p>\n","protected":false},"author":2,"featured_media":0,"parent":29664,"menu_order":0,"comment_status":"open","ping_status":"closed","template":"","meta":{"footnotes":""},"class_list":["post-71506","page","type-page","status-publish","hentry"],"_links":{"self":[{"href":"https:\/\/www.freiburg-schwarzwald.de\/blog\/wp-json\/wp\/v2\/pages\/71506","targetHints":{"allow":["GET"]}}],"collection":[{"href":"https:\/\/www.freiburg-schwarzwald.de\/blog\/wp-json\/wp\/v2\/pages"}],"about":[{"href":"https:\/\/www.freiburg-schwarzwald.de\/blog\/wp-json\/wp\/v2\/types\/page"}],"author":[{"embeddable":true,"href":"https:\/\/www.freiburg-schwarzwald.de\/blog\/wp-json\/wp\/v2\/users\/2"}],"replies":[{"embeddable":true,"href":"https:\/\/www.freiburg-schwarzwald.de\/blog\/wp-json\/wp\/v2\/comments?post=71506"}],"version-history":[{"count":2,"href":"https:\/\/www.freiburg-schwarzwald.de\/blog\/wp-json\/wp\/v2\/pages\/71506\/revisions"}],"predecessor-version":[{"id":140716,"href":"https:\/\/www.freiburg-schwarzwald.de\/blog\/wp-json\/wp\/v2\/pages\/71506\/revisions\/140716"}],"up":[{"embeddable":true,"href":"https:\/\/www.freiburg-schwarzwald.de\/blog\/wp-json\/wp\/v2\/pages\/29664"}],"wp:attachment":[{"href":"https:\/\/www.freiburg-schwarzwald.de\/blog\/wp-json\/wp\/v2\/media?parent=71506"}],"curies":[{"name":"wp","href":"https:\/\/api.w.org\/{rel}","templated":true}]}}