{"id":71466,"date":"2019-03-26T18:48:39","date_gmt":"2019-03-26T17:48:39","guid":{"rendered":"https:\/\/www.freiburg-schwarzwald.de\/blog\/?page_id=71466"},"modified":"2026-01-17T13:51:29","modified_gmt":"2026-01-17T12:51:29","slug":"neue-rechte","status":"publish","type":"page","link":"https:\/\/www.freiburg-schwarzwald.de\/blog\/engagement\/zukunft\/demokratie\/rechts\/neue-rechte\/","title":{"rendered":"Neue-Rechte"},"content":{"rendered":"<p><a href=\"https:\/\/freiburg-schwarzwald.de\/blog\">Home<\/a>\u00a0&gt;<a title=\"Engagement\" href=\"https:\/\/www.freiburg-schwarzwald.de\/blog\/engagement\/\">Engagement<\/a>\u00a0&gt;<a title=\"Zukunft\" href=\"https:\/\/www.freiburg-schwarzwald.de\/blog\/engagement\/zukunft\/\">Zukunft<\/a>\u00a0&gt;<a title=\"Demokratie\" href=\"https:\/\/www.freiburg-schwarzwald.de\/blog\/engagement\/zukunft\/demokratie\/\">Demokratie<\/a>\u00a0&gt;<a title=\"Links\" href=\"https:\/\/www.freiburg-schwarzwald.de\/blog\/engagement\/zukunft\/demokratie\/links\/\">Links<\/a> &gt;<a title=\"Rechts\" href=\"https:\/\/www.freiburg-schwarzwald.de\/blog\/engagement\/zukunft\/demokratie\/rechts\/\">Rechts<\/a> &gt;Neue-Rechte<\/p>\n<div id=\"attachment_71391\" style=\"width: 648px\" class=\"wp-caption alignnone\"><a href=\"https:\/\/www.freiburg-schwarzwald.de\/blog\/kultur\/medien\/diskriminierung\/kuechenschellen-kaiserstuhl2019-03pan\/\" rel=\"attachment wp-att-71391\"><img loading=\"lazy\" decoding=\"async\" aria-describedby=\"caption-attachment-71391\" class=\"size-full wp-image-71391\" src=\"https:\/\/www.freiburg-schwarzwald.de\/blog\/wp-content\/uploads\/2019\/03\/kuechenschellen-kaiserstuhl2019-03pan.jpg\" alt=\"K\u00fcchenschellen im warmen Kaiserstuhl bei Freiburg am 20.3.2019\" width=\"638\" height=\"353\" srcset=\"https:\/\/www.freiburg-schwarzwald.de\/blog\/wp-content\/uploads\/2019\/03\/kuechenschellen-kaiserstuhl2019-03pan.jpg 638w, https:\/\/www.freiburg-schwarzwald.de\/blog\/wp-content\/uploads\/2019\/03\/kuechenschellen-kaiserstuhl2019-03pan-180x99.jpg 180w\" sizes=\"auto, (max-width: 638px) 100vw, 638px\" \/><\/a><p id=\"caption-attachment-71391\" class=\"wp-caption-text\">K\u00fcchenschellen im warmen Kaiserstuhl bei Freiburg am 20.3.2019<\/p><\/div>\n<ul>\n<li><em>Listenauswahl eines Beitrags (Artikel\/Datum, Seite\/Inhalt): <span style=\"text-decoration: underline;\">Klicken<\/span> oder scrollen<\/em><\/li>\n<li>\u00dcberall brennt die H\u00fctte: Neue globale Jugendrevolte, diesmal von rechts (11.1.2026)<\/li>\n<li><a href=\"https:\/\/www.freiburg-schwarzwald.de\/blog\/ukraine-9-punkte-zum-frieden\/\">Ukraine: 9 Punkte zum Frieden<\/a>\u00a0(13.11.2022)<\/li>\n<li><a href=\"https:\/\/www.freiburg-schwarzwald.de\/blog\/uwe-tellkamp-doku-in-3sat\/\">Uwe Tellkamp \u2013 Doku in 3Sat<\/a>\u00a0(21.5.2021)<\/li>\n<li><a title=\"Rechts\" href=\"https:\/\/www.freiburg-schwarzwald.de\/blog\/engagement\/zukunft\/demokratie\/rechts\/\">Karlheinz Wei\u00dfmann: Wer ist rechts? Versuch einer Typologie<\/a> (29.5.2020)<\/li>\n<li><a title=\"Konservative braucht das Land\" href=\"https:\/\/www.freiburg-schwarzwald.de\/blog\/konservative-braucht-das-land\/\">Konservative braucht das Land<\/a>\u00a0(13.12.2019)<\/li>\n<li><a title=\"Konservativismus\" href=\"https:\/\/www.freiburg-schwarzwald.de\/blog\/engagement\/zukunft\/demokratie\/konservativismus\/\">Roger Scruton: Warum Konservativismus die Zukunft ist<\/a>\u00a0(4.12.2019)<\/li>\n<li><a title=\"Rechte bequem \u2013 Linke aktiv?\" href=\"https:\/\/www.freiburg-schwarzwald.de\/blog\/rechte-bequem-linke-aktiv\/\">Rechte bequem \u2013 Linke aktiv?<\/a>\u00a0(20.8.2019)<\/li>\n<li><a title=\"Moral2015\" href=\"https:\/\/www.freiburg-schwarzwald.de\/blog\/global\/deutschland\/moral2015\/\">Vahlefeld: Der ganze Stolz der Deutschen<\/a>\u00a0(3.7.2019)<\/li>\n<li><a title=\"Extremismus\" href=\"https:\/\/www.freiburg-schwarzwald.de\/blog\/engagement\/zukunft\/demokratie\/extremismus\/\">Gegen extremistische Gewalt: Es geht nicht um rechts oder links \u2013 es geht um wir oder die<\/a>\u00a0(18.6.2019)<\/li>\n<li><a title=\"Populismus\" href=\"https:\/\/www.freiburg-schwarzwald.de\/blog\/engagement\/zukunft\/demokratie\/populismus\/\">Den Linkspopulisten in Europa fehlt eine Vision, nicht den Rechtspopulisten<\/a>\u00a0(14.6.2019)<\/li>\n<li>Tellkamp in Dresden: AfD mit oder gegen CDU (28.5.2019)<\/li>\n<li>S\u00fcddeutsche: \u201eChristlich-j\u00fcdisch\u201c\u00a0als Indiz f\u00fcr rechte Gesinnung (26.3.2019)<\/li>\n<li><a title=\"Kunst\" href=\"https:\/\/www.freiburg-schwarzwald.de\/blog\/kultur\/kunst\/\">Manifest zur \u201eErkl\u00e4rung der Vielen\u201c<\/a>\u00a0(26.3.2019)<\/li>\n<\/ul>\n<ul>\n<li><a title=\"AfD\" href=\"https:\/\/www.freiburg-schwarzwald.de\/blog\/vereine\/partei\/afd\/\">AfD<\/a><\/li>\n<li><a title=\"Apo2018\" href=\"https:\/\/www.freiburg-schwarzwald.de\/blog\/engagement\/buergerinitiativen\/apo2018\/\">Apo2018<\/a><\/li>\n<li><a title=\"DDR2.0\" href=\"https:\/\/www.freiburg-schwarzwald.de\/blog\/global\/deutschland\/ddr2-0\/\">DDR2.0<\/a><\/li>\n<li><a title=\"Christchurch\" href=\"https:\/\/www.freiburg-schwarzwald.de\/blog\/religion\/islam\/terror\/christchurch\/\">Christchurch<\/a><\/li>\n<li><a title=\"Cottbus\" href=\"https:\/\/www.freiburg-schwarzwald.de\/blog\/engagement\/zukunft\/demokratie\/cottbus\/\">Cottbus<\/a><\/li>\n<li><a title=\"Demonstrationsrecht\" href=\"https:\/\/www.freiburg-schwarzwald.de\/blog\/engagement\/buergerinitiativen\/demonstrationsrecht\/\">Demonstrationsrecht<\/a><\/li>\n<li><a title=\"Denunziation\" href=\"https:\/\/www.freiburg-schwarzwald.de\/blog\/engagement\/zukunft\/demokratie\/69724-2\/\">Denunziation<\/a><\/li>\n<li><a title=\"Diskussionskultur\" href=\"https:\/\/www.freiburg-schwarzwald.de\/blog\/kultur\/medien\/diskussionskultur\/\">Diskussionskultur<\/a><\/li>\n<li><a title=\"Europa-Leitkultur\" href=\"https:\/\/www.freiburg-schwarzwald.de\/blog\/kultur\/europa-leitkultur\/\">Europa-Leitkultur<\/a><\/li>\n<li><a title=\"Extremismus\" href=\"https:\/\/www.freiburg-schwarzwald.de\/blog\/engagement\/zukunft\/demokratie\/extremismus\/\">Extremismus<\/a><\/li>\n<li><a title=\"Gesinnungsdiktatur\" href=\"https:\/\/www.freiburg-schwarzwald.de\/blog\/kultur\/medien\/gesinnungsdiktatur\/\">Gesinnungsdiktatur<\/a><\/li>\n<li><a title=\"Immigration\" href=\"https:\/\/www.freiburg-schwarzwald.de\/blog\/global\/integration\/immigration\/\">Immigration<\/a><\/li>\n<li><a title=\"Instrumentalisierung\" href=\"https:\/\/www.freiburg-schwarzwald.de\/blog\/kultur\/medien\/instrumentalisierung\/\">Instrumentalisierung<\/a><\/li>\n<li><a title=\"Integration\" href=\"https:\/\/www.freiburg-schwarzwald.de\/blog\/global\/integration\/\">Integration<\/a><\/li>\n<li><a title=\"Kampf-gegen-Rechts\" href=\"https:\/\/www.freiburg-schwarzwald.de\/blog\/kultur\/medien\/kampf-gegen-rechts\/\">Kampf-gegen-Rechts<\/a><\/li>\n<li><a title=\"Konservativismus\" href=\"https:\/\/www.freiburg-schwarzwald.de\/blog\/engagement\/zukunft\/demokratie\/konservativismus\/\">Konservativismus<\/a><\/li>\n<li><a title=\"Luegenpresse\" href=\"https:\/\/www.freiburg-schwarzwald.de\/blog\/kultur\/medien\/luegenpresse\/\">L\u00fcgenpresse<\/a><\/li>\n<li><a title=\"Meinungsfreiheit\" href=\"https:\/\/www.freiburg-schwarzwald.de\/blog\/kultur\/medien\/meinungsfreiheit\/\">Meinungsfreiheit<\/a><\/li>\n<li><a title=\"Moral2015\" href=\"https:\/\/www.freiburg-schwarzwald.de\/blog\/global\/deutschland\/moral2015\/\">Moral2015<\/a><\/li>\n<li><a title=\"Multikulti\" href=\"https:\/\/www.freiburg-schwarzwald.de\/blog\/kultur\/leitkultur\/multikulti\/\">Multikulti<\/a><\/li>\n<li><a title=\"Nationalstolz\" href=\"https:\/\/www.freiburg-schwarzwald.de\/blog\/engagement\/zukunft\/demokratie\/nationalstolz\/\">Nationalstolz<\/a><\/li>\n<li><a title=\"Parallelkultur\" href=\"https:\/\/www.freiburg-schwarzwald.de\/blog\/global\/integration\/parallelkultur\/\">Parallelkulturen<\/a><\/li>\n<li><a title=\"Rechts\" href=\"https:\/\/www.freiburg-schwarzwald.de\/blog\/engagement\/zukunft\/demokratie\/rechts\/\">Rechts<\/a><\/li>\n<li><a title=\"Talkshow\" href=\"https:\/\/www.freiburg-schwarzwald.de\/blog\/kultur\/medien\/talkshow\/\">Talkshow<\/a><\/li>\n<li><a title=\"Werte\" href=\"https:\/\/www.freiburg-schwarzwald.de\/blog\/global\/integration\/werte\/\">Werte<\/a><\/li>\n<li><a title=\"Willkommenskultur\" href=\"https:\/\/www.freiburg-schwarzwald.de\/blog\/global\/integration\/willkommenskultur\/\">Willkommenskultur<\/a><\/li>\n<li><a title=\"Zeitgeist\" href=\"https:\/\/www.freiburg-schwarzwald.de\/blog\/engagement\/zeitgeist\/\">Zeitgeist<\/a><\/li>\n<\/ul>\n<p>&nbsp;<\/p>\n<h2><strong>&#8222;Neue Rechte&#8220; &#8211; eine\u00a0 Erfindung der Linken<br \/>\n<\/strong>=============================================================<\/h2>\n<p><strong>\u00dcberall brennt die H\u00fctte: Neue globale Jugendrevolte, diesmal von rechts<\/strong><br \/>\nIn der 45. Ausgabe von \u201eMatussek &amp; Reinhardt\u201c sprechen die beiden \u00fcber die aufr\u00fchrerischen Entwicklungen im Iran, wo die Jugend praktisch eine Revolution entfacht hat. Sie beleuchten, wie \u00e4hnliche Bewegungen in vielen anderen L\u00e4ndern zu beobachten sind und welche Hoffnungen damit verbunden sind, dass sich junge Menschen weltweit gegen bestehende Missst\u00e4nde erheben und f\u00fcr ihre Freiheit einstehen.<br \/>\n<a href=\"https:\/\/www.youtube.com\/watch?v=YTfeFbGl5r4\">https:\/\/www.youtube.com\/watch?v=YTfeFbGl5r4<\/a><br \/>\n.. Alles vom 11.1.2026 bitte lesen auf<br \/>\n<a href=\"https:\/\/philosophia-perennis.com\/2026\/01\/11\/ueberall-brennt-die-huette-neue-globale-jugendrevolte-diesmal-von-rechts\/\">https:\/\/philosophia-perennis.com\/2026\/01\/11\/ueberall-brennt-die-huette-neue-globale-jugendrevolte-diesmal-von-rechts\/<\/a><\/p>\n<p>&nbsp;<\/p>\n<p><strong>Tellkamp in Dresden: AfD mit oder gegen CDU<\/strong><br \/>\nDer Schriftsteller Uwe Tellkamp und der CDU-Politiker Arnold Vaatz trafen sich in Dresden zum \u00f6ffentlichen Gespr\u00e4ch \u00fcber 70 Jahre DDR, Meinungsverengung und AfD.&#8216; .<br \/>\n.<br \/>\nEr (Tellkamp) diagnostizierte eine Kampfrhetorik der meisten Medien gegen die AfD. Statt zu fragen\u201a \u2018wo hat die AfD recht?\u2019, und dann ihre Argumente f\u00fcr plausibel zu halten oder ihnen zu widersprechen, sei der Ton in den etablierten Medien von vorn herein hysterisch. Warum, wollte Tellkamp von Vaatz wissen, grenze sich dessen CDU von der AfD so kategorisch ab? Die CDU sei nun einmal seine Partei, er habe die Hoffnung, dass sich die Diskussionslage dort auch wieder \u00e4ndere, antwortete Vaatz.<br \/>\n&#8230;<br \/>\nAm 1. September w\u00e4hlen die Sachsen ein neues Parlament, m\u00f6glicherweise f\u00fchrt das Ergebnis zur Ersch\u00fctterung der politischen Landschaft. Trotz der politischen Spannung leistet sich gerade Dresden eine Gelassenheit in der Debatte, die im Westen \u2013 dort, wo sich das Juste Milieu gern f\u00fcr Vielfalt lobt \u2013 kaum oder viel schw\u00e4cher existiert. Vor Kurzem diskutierte die Buchh\u00e4ndlerin Susanne Dagen im Lingerschloss in Dresden mit eben jenem Kulturaktivisten, der ihr vorgeworfen hatte, sie w\u00fcrde \u201eam rechten Rand z\u00fcndeln\u201c. Der Abend verlief kontrovers, aber zivilisiert. In diese Stadtatmosph\u00e4re passen auch Vaatz und Tellkamp. Hier an der Elbe geh\u00f6ren sie nicht zu den Au\u00dfenseitern.<br \/>\n\u201eEinen Aufbruch wie 1989\u201c, sagte Uwe Tellkamp zum Schluss, \u201ek\u00f6nnen wir gern noch einmal erleben. Es liegt tats\u00e4chlich ein bisschen von dem Geist wie vor 30 Jahren \u00fcber der dem Elbtal: B\u00fcrger kritisieren, polemisieren, denken vor Publikum nach. Und immer weniger Leute halten das f\u00fcr einen Skandal.<br \/>\n&#8230; Alles vom 28.5.2019 bitte lesen auf<br \/>\n<a href=\"https:\/\/www.publicomag.com\/2019\/05\/die-linken-haben-nichts-gelernt\/\">https:\/\/www.publicomag.com\/2019\/05\/die-linken-haben-nichts-gelernt\/<\/a><\/p>\n<p>&nbsp;<\/p>\n<p>&nbsp;<\/p>\n<p><strong>S\u00fcddeutsche: \u201eChristlich-j\u00fcdisch\u201c\u00a0als Indiz f\u00fcr rechte Gesinnung<\/strong><br \/>\nDie Zeit-Journalisten Christian Fuchs und Paul Middelhoff haben bekanntlich ein Buch mit dem sch\u00f6nen Titel <em><strong>\u201eDas Netzwerk der Neuen Rechten\u201c<\/strong><\/em> geschrieben. An dieser Stelle ist ja bereits auf den denunziatorischen Charakter dieses Werks eingegangen worden:<br \/>\n<a href=\"https:\/\/www.achgut.com\/artikel\/der_denunziant_ist_ein_meister_aus_deutschland\">https:\/\/www.achgut.com\/artikel\/der_denunziant_ist_ein_meister_aus_deutschland<\/a>.<br \/>\n&#8230;<br \/>\nkaum jemand hat einmal so komprimiert und umfassend wie SZ-Autor Walther beschrieben, was alles rechts ist und deshalb zu recht in dieses \u201eNetzwerk\u201c-Buch hineingeh\u00f6rt:<br \/>\n<em>\u201eIn dieser christlich-j\u00fcdisch, abendl\u00e4ndisch-ethnozentrisch, m\u00e4nnlich-autorit\u00e4r und wohlstands-chauvinistisch verk\u00fcrzten Weltsicht erscheint der Rechtsstaat als Luxus und die pluralistische Demokratie als Diktatur.&#8220;<\/em><br \/>\n&#8230;<br \/>\n\u201eChristlich-j\u00fcdisch\u201c ist inzwischen offenbar zu einem Indiz f\u00fcr rechte Gesinnung avanciert, das ist schon etwas Neues. Noch vor Kurzem h\u00e4tte das wohl in Deutschland kaum ein Redakteur so stehen lassen.<br \/>\n&#8230;. Alles vom 26.3.2019 von Peter Grimm bitte lesen auf<br \/>\n<a href=\"https:\/\/www.achgut.com\/artikel\/suedddeutsche_christlich_juedisch_ist_verdaechtig\">https:\/\/www.achgut.com\/artikel\/suedddeutsche_christlich_juedisch_ist_verdaechtig<\/a><br \/>\n.<br \/>\n.<br \/>\n<strong>\u201cNeue Rechte\u201d ist der falsche Begriff<\/strong>,<br \/>\nunser Problem ist die \u201cNeue Linke\u201d. Ich bin ein Altlinker, dem die Linken in den letzten Jahren davongelaufen sind. Linke, die jetzt das Gesch\u00e4ft des Neoliberalismus betreiben, versteckt hinter einem M\u00e4ntelchen der Hochmoral. Diese Transformation kann man wunderbar an der SZ studieren, und w\u00e4re ich ein Kulturwissenschaftler, ich h\u00e4tte meine Freude dran.<br \/>\nLeider bin ich aber ein Naturwissenschaftler und als solcher nicht ge\u00fcbt darin, doppelte Ma\u00dfst\u00e4be anzulegen. Auch kongnitve Dissonanzen l\u00e4sst mir mein durch die Wissenschaft verdorbenes \u00dcber-Ich nicht durchgehen. In einer eigenartigen politischen Realit\u00e4t, zu der ich keinen Zugang finde, scheint das aber den Neurechten zu kennzeichnen. Da will ich selbstverst\u00e4ndlich keinesfalls dazugeh\u00f6ren. Also stelle ich mich in die Naziecke, sch\u00e4me mich ein wenig und hoffe auf Erleuchtung. Vielleicht erscheint mir die Prophetin Greta oder gar Allah h\u00f6chstpers\u00f6nlich.<br \/>\n26.3.2019, H.B. AO<br \/>\n.<br \/>\n<strong>&#8230; ein wei\u00dfer alter Mann<\/strong><br \/>\nWenn man so wie ich \u00fcber 50 ist, heterosexuel, ein wei\u00dfer alter Mann und Deutscher ohne Migrationshintergrund, auch Biodeutscher genannt, ein Christ, auch noch r\u00f6misch-katholisch und konservativ, also ein Rechter und damit praktisch schon ein Rechtsextremer und Nazi und bestimmt AfD W\u00e4hler ist, kann man machen was man will, der Verdacht steht irgendwie immer im Raum bei jemanden wie mir:<br \/>\nsexistisch und ein Grapscher, fremdenfeindlich, rassistisch, antisemitisch, islamophob, neuerdings auch wieder antiziganistisch, gegen Fl\u00fcchtlinge und Migration, homophob, frauenfeindlich, Klimaleugner, gewaltbereit, ein Hater im Netz, undemokratisch, gegen die EU und Trump Fan zu sein.<br \/>\n26.3.2019, H-H.V.<br \/>\n.<br \/>\n<strong>christilich = rechts\u00a0 &#8211;\u00a0 Islam = links?<\/strong><br \/>\nWenn \u201echristlich-j\u00fcdisch\u201c verd\u00e4chtig und neurechts ist, wer ist dann links? Der Islam? Wenn \u201em\u00e4nnlich\u201c neurechts ist, ist dann weiblich links? Sind Muslime linker und Frauen auch? Sind beide auch weniger \u201eautorit\u00e4r\u201c? Ist anti-autorit\u00e4r links? Sind Frauen anti-autorit\u00e4r? Sind Muslime anti-autorit\u00e4r? Sind nicht-wei\u00dfe Ethnien anti-autorit\u00e4r? Sind sie links? Sind sie demokratisch? Sind Linke demokratisch? Was genau will uns die S\u00fcddeutsche vermitteln? In welchen Denk-Schemata ist man dort verfangen?<br \/>\n26.3.2019, W.A.<br \/>\n.<br \/>\n<strong>B\u00f6sartige Verleumdung<\/strong><br \/>\n\u201cDenunziation\u201d ist tats\u00e4chlich das falsche Wort. Das Wort beschreibt eigentlich eine (Straf-)Anzeige aus niedrigen Beweggr\u00fcnden. Hierbei wird nicht unterscheiden, ob der angezeigte Inhalt richtig oder falsch ist, sondern dass die Anzeige unethisch ist, weil aus niedrigen pers\u00f6nlichen Beweggr\u00fcnden. Richtig beschrieben w\u00fcrde man das Verhalten dieser Medienschaffenden eher \u201cb\u00f6sartige Verleumdung\u201d, \u201c\u00fcble Nachrede\u201d, \u201cMobbing\u201d, \u201cHassrede\u201d, \u201cunfairer Wettbewerb\u201d und einen \u201cb\u00f6sartigen Versuch zur Unterdr\u00fcckung der Wahrheit\u201d nennen.<br \/>\nWer selbst so offensichtlich die Wahrheit verdreht, seit vielen Jahren und zum Nachteil der Menschen im Land, f\u00fcrchtet jeden, der sich dem entgegenstellt und ihm den Spiegel der Realit\u00e4t vorh\u00e4lt. Diese Menschen stehen am Abgrund, in der Politik, weil sie ihre W\u00e4hler verlieren, in den Medien, weil sie die Leser und damit die Existenz verlieren. Ansonsten finde ich die Attribute&#8220;m\u00e4nnlich-autorit\u00e4r\u201d und \u201cchauvinistisch\u201d durchaus nicht verkehrt, das l\u00e4sst sich aus einigen Achse-Artikeln problemlos belegen. Aber wer so offensichtlich die Vernunft und das Denken in Kategorien der Aufkl\u00e4rung als \u201crechts\u201d definiert, macht sich selbst zum Verbrecher gegen\u00fcber allem, was unser Land lebenswert machte, die Bewahrung der Grundwerte von Freiheit, Gleichheit, Unversehrtheit und freier Meinungs\u00e4u\u00dferung! Und er macht sich zum Mitschuldigen an allen schlimmen Taten in Folge der eigenen Ideologie. Wer mit Begeisterung (u.a.) M\u00f6rder und andere Gewaltt\u00e4ter willkommen hei\u00dft, hat selbst Blut an den H\u00e4nden. Wer &#8211; neben anderen &#8211; Vergewaltiger begr\u00fc\u00dft und ihr Tun verharmlost, macht sich zum Mitt\u00e4ter an der Zerst\u00f6rung der betroffenen Frauen und an der Einschr\u00e4nkung der Sicherheit und Freiheit aller Frauen im \u00f6ffentlichen Raum. Die Willkommenskultur ist im Ergebnis ein Desaster, anstatt endlich dazu zu stehen, bewirft man von ihrer Seite aus verzweifelt die Kritiker mit Dreck, anstatt sich endlich zu korrigieren und zu entschuldigen!<br \/>\n26.3.2019, S.SCH., AO<br \/>\n.<br \/>\n<strong>Was ist rechtskonservativ oder rechtsextrem?<\/strong><br \/>\nIch habe in verschiedenen Foren schon mehrfach die Frage gestellt, was ist denn eigentlich im politischem Sinne rechts, rechtskonservativ oder rechtsextrem? Wo f\u00e4ngt es an, wo h\u00f6rt es auf? Im genannten Buch wird nun offenbar auch der Versuch unternommen, meine Frage zu beantworten. Ob ich vielleicht zu den Neuen Rechten hinzu geh\u00f6re, interessiert mich und sei jetzt gepr\u00fcft. Christlich-j\u00fcdisch bin ich nicht, ich bin Agnostiker. Der abendl\u00e4ndischen, europ\u00e4ischen Lebensweise und Kultur, ich bin mir der vielen Facetten selbiger bewusst, f\u00fchle ich mich verbunden. Ein \u201eEthnozentrismus\u201e w\u00e4re f\u00fcr mich nicht erstrebenswert. Die aktuelle Einwanderungspraxis ist es aber auch nicht. M\u00e4nnlichen Geschlechts bin ich, das ist un\u00fcbersehbar, und das bin ich immer. Das hei\u00dft, ich will auch kein anderes Geschlecht annehmen.<br \/>\nVon antiautorit\u00e4rer Erziehung halte ich \u00fcbrigens nichts. Kinder sollen zu selbstst\u00e4ndigen Denken und Handeln erzogen werden. Ich habe mir einen bescheidenen Wohlstand erarbeitet. Dadurch liege ich anderen Menschen und dem Staat nicht auf der Tasche, eher er mir. Chauvinismus: das ist von weit hergeholt und man erkennt die Absicht der Autoren zu diskreditieren. Was die verk\u00fcrzte Weltsicht betrifft: Wer legt eigentlich fest, was dabei kurz oder lang ist? Ich finde, das Multikulti, bei Nichtbedenken der damit einhergehenden Probleme, kurz gedacht ist. Den Rechtsstaat halte ich f\u00fcr ein hohes Gut, vor allem, wenn er auch von den Regierenden praktiziert wird. Mit der pluralistische Demokratie haben aber, meiner Beobachtung nach, eher Sozialisten und die Anh\u00e4nger der neuen gr\u00fcnen Religion ein Problem. Konservatives Denken wird von diesen, als r\u00fcckschrittlich, populistisch und gef\u00e4hrlich bezeichnet, aus dem politischen Diskurs ausgegrenzt, und mit, auch unlauteren Mitteln, bek\u00e4mpft. Bin ich nun ein Rechter? Ich bin ein Konservativer und das ist gut so!<br \/>\n26.3.2019, J.K., AO<br \/>\n.<br \/>\n<strong>Der Haltungsjournalismus ignoriert Fakten<\/strong>;<br \/>\nseine Stammleser ebenfalls. Fr\u00fcher musste man nachdenken, um zu den Intellektuellen zu geh\u00f6ren; heute gen\u00fcgen Gef\u00fchle.<br \/>\n26.3.2019, W.K.<br \/>\n.<br \/>\n<strong>Ich bin mein Leben lang Linker gewesen<\/strong><br \/>\nDie S\u00fcddeutsche eben. Was soll man dazu noch sagen? Kritische, reflektive Artikel sind f\u00fcr die SZ ein Fremdwort, stattdessen wird reflexartig Alles niedergeschrie(be)n, was dem eigenen Weltbild nicht entspricht.<br \/>\nDie \u201cNeue Linke\u201d zeichnet sich genau dadurch aus: statt zu argumentieren, wird niedergebr\u00fcllt. Einer sachlichen, offenen Auseinandersetzung wird damit ausgewichen und stattdessen bem\u00fcht man sich vehement alle Andersdenkenden wahlweise als Nazi, Rechts oder rassistisch zu diffamieren.<br \/>\nIch bin mein Leben lang Linker gewesen, aber mit diesen \u201cNeuen Linken\u201d verbindet mich Nichts mehr, sie haben sich in ihrer Ideologie verloren und sie zur Religion erhoben. \u00dcber die parallel durchgef\u00fchrte gesellschaftliche Gleichschaltung will ich gar nicht reden. Demokratie geht anders, sie ist ein Wettbewerb der Ideen und diesen haben diese Neuen Linken bereits jetzt verloren. Also versuchen sie diesen Ideenwettbewerb abzuschaffen, mit allen Mitteln!<br \/>\n26.3.2019, R.J., AO<br \/>\n.<br \/>\n<strong>SZ ohne m\u00fcndige B\u00fcrger?<\/strong><br \/>\nDie Aussage, dass das Thema Asyl \u201ehochgeschrieben und -gesendet wurde\u201c ist verr\u00e4terisch. Kommt darin doch zum Ausdruck, wie sich die SZ \u00f6ffentliche Meinung vorstellt: es gibt keine m\u00fcndigen B\u00fcrger, die sich die Welt anschauen und eine Meinung bilden, sondern nur gelenkte \u201eBildung\u201c derselben mittels Medienpropaganda. Wo die eigentlichen Feinde der Demokratie sitzen, wird also mehr als deutlich.<br \/>\n26.3.2019, R.G.,<br \/>\n.<br \/>\n<strong>Selbstverleugung, unser Hauptproblem<\/strong><br \/>\ndas verd\u00e4chtigste Wort \u00fcberhaupt. Ich mache mir mal die M\u00fche einer eigenen Standpunkt-Analyse: f\u00fcr mich gilt, ich bin insofern rechts als ich \u201cnicht links\u201d bin &#8211; fertig! Ich bin f\u00fcr Forschung und Entwicklung &#8211; im Schulsystem und den Lehrinhalten &#8211; in der Kernkraftnutzung &#8211; im KFZ- und Maschinenbau; ich bin f\u00fcr Hilfe zur Selbsthilfe, bin f\u00fcr Frauenrechte und einen anerkennenden Umgang mit Ethnien und Religionen. Und ich bin gegen die Politikerschwemme, die dazu f\u00fchrt, dass diese Politiker sich Nester bauen aus denen sie nicht mehr zu entfernen sind. Sind die Nester einmal bezogen gilt ihr Interesse dann nicht der Abschaffung der Probleme sondern dezenter Befeuerung derselben. Ich bin f\u00fcr Vertragstreue und unser Grundgesetz. Ich bin gegen den G\u00f6tzenglauben vom \u201cewigen Wachstum\u201d, bin gegen diletantische Hofnarren in Politik, Funk und Fernsehen und den schreibenden Medien &#8211; und gegen die Glaubenspriester der verschiedenen Ideologien. Ich bin total gegen den ungestraften Bruch des Amtseides unserer Minister, Kanzler und Beamten, von Richtern und \u00c4rzten.<br \/>\nHervorstechend bei allem ist aber mein Bestreben, mich selbst zu behaupten und f\u00fcr \u201cmeine Leute\u201d da zu sein wenn sie mich brauchen. Gern spanne ich den Bogen auch weiter indem ich aus \u201cmeine Leute\u201d den Familienbegriff etwas weiter spanne. In abgestufter Form bin ich leistungsbereit oder verzichtsbereit f\u00fcr Menschen, die \u00e4hnlich f\u00fchlen wie ich selbst, die \u00e4hnliche Einsch\u00e4tzungen teilen, \u00e4hnliche Dinge pr\u00e4ferieren, eine \u00e4hnliche Vorstellung von Vertrauen und Hinwendung haben und, nicht zuletzt, die aus einem \u00e4hnlichen Geschichts- und Erlebnisraum stammen (Werte !). Bei aller Hinwendung \/ Zuwendung ist das Ma\u00df meine eigene Leistungsf\u00e4higkeit! Ich will und werde mich weder selbst deutlich sch\u00e4digen noch mir auf der Nase herum tanzen lassen! Und damit sind wir dann bei der \u201cMutter\u201d der Probleme dieses Landes, der umfassenden Selbstverleugnung \/ Selbstsch\u00e4digung der B\u00fcrgerinteressen in diesem Land.<br \/>\n26.3.2019, L.H.<br \/>\n.<br \/>\n<strong>&#8222;Rechts&#8220; ist inzwischen ein Kompliment<\/strong><br \/>\nDas Koordinatensystem hat sich in den letzten Jahren derma\u00dfen verschoben, dass jeder selbstst\u00e4ndige Gedanke ein rechter Gedanke ist. Bin ich kein Bl\u00f6dplapperer, bin ich rechts, mittlerweile ist diese Charakterisierung ein Kompliment. Ich denke, also bin ich rechts! Kritik an der gro\u00dfartigen christlich-j\u00fcdisch-abendl\u00e4ndischen Geschichte, die stark von der Kirche gepr\u00e4gt wurde, ist auch in ansonsten recht vern\u00fcnftigen Kreisen \u00fcblich. Aber wer reflexhaft auf Hexenverbrennungen, Kreuzz\u00fcge, Kolonisation im Namen der Christianisierung zu sprechen kommt, kann oder will nur einen kleinen Ausschnitt wahrnehmen, um das gro\u00dfartige Ganze in ein schlechtes Licht zu r\u00fccken.<br \/>\n26.3.2019, A.G.<\/p>\n","protected":false},"excerpt":{"rendered":"<p>Home\u00a0&gt;Engagement\u00a0&gt;Zukunft\u00a0&gt;Demokratie\u00a0&gt;Links &gt;Rechts &gt;Neue-Rechte Listenauswahl eines Beitrags (Artikel\/Datum, Seite\/Inhalt): Klicken oder scrollen \u00dcberall brennt die H\u00fctte: Neue globale Jugendrevolte, diesmal von rechts (11.1.2026) Ukraine: 9 Punkte zum Frieden\u00a0(13.11.2022) Uwe Tellkamp \u2013 Doku in 3Sat\u00a0(21.5.2021) Karlheinz Wei\u00dfmann: Wer ist rechts? Versuch einer &hellip; <a href=\"https:\/\/www.freiburg-schwarzwald.de\/blog\/engagement\/zukunft\/demokratie\/rechts\/neue-rechte\/\">Weiterlesen <span class=\"meta-nav\">&rarr;<\/span><\/a><\/p>\n","protected":false},"author":2,"featured_media":0,"parent":58132,"menu_order":0,"comment_status":"open","ping_status":"closed","template":"","meta":{"footnotes":""},"class_list":["post-71466","page","type-page","status-publish","hentry"],"_links":{"self":[{"href":"https:\/\/www.freiburg-schwarzwald.de\/blog\/wp-json\/wp\/v2\/pages\/71466","targetHints":{"allow":["GET"]}}],"collection":[{"href":"https:\/\/www.freiburg-schwarzwald.de\/blog\/wp-json\/wp\/v2\/pages"}],"about":[{"href":"https:\/\/www.freiburg-schwarzwald.de\/blog\/wp-json\/wp\/v2\/types\/page"}],"author":[{"embeddable":true,"href":"https:\/\/www.freiburg-schwarzwald.de\/blog\/wp-json\/wp\/v2\/users\/2"}],"replies":[{"embeddable":true,"href":"https:\/\/www.freiburg-schwarzwald.de\/blog\/wp-json\/wp\/v2\/comments?post=71466"}],"version-history":[{"count":4,"href":"https:\/\/www.freiburg-schwarzwald.de\/blog\/wp-json\/wp\/v2\/pages\/71466\/revisions"}],"predecessor-version":[{"id":144383,"href":"https:\/\/www.freiburg-schwarzwald.de\/blog\/wp-json\/wp\/v2\/pages\/71466\/revisions\/144383"}],"up":[{"embeddable":true,"href":"https:\/\/www.freiburg-schwarzwald.de\/blog\/wp-json\/wp\/v2\/pages\/58132"}],"wp:attachment":[{"href":"https:\/\/www.freiburg-schwarzwald.de\/blog\/wp-json\/wp\/v2\/media?parent=71466"}],"curies":[{"name":"wp","href":"https:\/\/api.w.org\/{rel}","templated":true}]}}