{"id":70452,"date":"2019-01-28T14:59:46","date_gmt":"2019-01-28T13:59:46","guid":{"rendered":"https:\/\/www.freiburg-schwarzwald.de\/blog\/?page_id=70452"},"modified":"2021-04-15T15:31:36","modified_gmt":"2021-04-15T13:31:36","slug":"dexit","status":"publish","type":"page","link":"https:\/\/www.freiburg-schwarzwald.de\/blog\/global\/eu\/dexit\/","title":{"rendered":"Dexit"},"content":{"rendered":"<p><a href=\"https:\/\/www.freiburg-schwarzwald.de\/blog\">Home<\/a>\u00a0&gt;<a title=\"Global\" href=\"https:\/\/www.freiburg-schwarzwald.de\/blog\/global\/\">Globa<\/a>l &gt;<a title=\"Regio\" href=\"https:\/\/www.freiburg-schwarzwald.de\/blog\/regio\/\">Regio<\/a>\u00a0&gt;<a title=\"EU\" href=\"https:\/\/www.freiburg-schwarzwald.de\/blog\/global\/eu\/\">EU<\/a>\u00a0&gt;<a title=\"Grossbritannien\" href=\"https:\/\/www.freiburg-schwarzwald.de\/blog\/global\/grossbritannien\/\">Grossbritannien<\/a>\u00a0&gt;Dexit<\/p>\n<div id=\"attachment_60717\" style=\"width: 649px\" class=\"wp-caption alignnone\"><a href=\"https:\/\/www.freiburg-schwarzwald.de\/blog\/global\/eu\/eu-reform\/kirschbluete-schnee-pan160427\/\" rel=\"attachment wp-att-60717\"><img loading=\"lazy\" decoding=\"async\" aria-describedby=\"caption-attachment-60717\" class=\"size-full wp-image-60717\" src=\"https:\/\/www.freiburg-schwarzwald.de\/blog\/wp-content\/uploads\/2016\/05\/kirschbluete-schnee-pan160427.jpg\" alt=\"Kirschbl\u00fcte in Freiburg und Schnee auf den Schwarzwaldbergen am 27.April 2016\" width=\"639\" height=\"304\" srcset=\"https:\/\/www.freiburg-schwarzwald.de\/blog\/wp-content\/uploads\/2016\/05\/kirschbluete-schnee-pan160427.jpg 639w, https:\/\/www.freiburg-schwarzwald.de\/blog\/wp-content\/uploads\/2016\/05\/kirschbluete-schnee-pan160427-180x85.jpg 180w\" sizes=\"auto, (max-width: 639px) 100vw, 639px\" \/><\/a><p id=\"caption-attachment-60717\" class=\"wp-caption-text\">Kirschbl\u00fcte in Freiburg und Schnee auf den Schwarzwaldbergen am 27.April 2016<\/p><\/div>\n<ul>\n<li>Roger K\u00f6ppel: Dexit-Bef\u00fcrwortung der AfD f\u00f6rdert demokratische Debatte (13.4.2021)<\/li>\n<li>AfD-Parteitag 10.4.2021 in Dresden: Dexit gilt bereits als radikal (11.4.2021)<\/li>\n<li>Dexit &#8211; Ein Ende mit Schrecken w\u00e4re das kleinere \u00dcbel\u00a0 (24.1.2019)<\/li>\n<\/ul>\n<ul>\n<li><a href=\"https:\/\/www.freiburg-schwarzwald.de\/blog\/vereine\/partei\/afd\/\">AfD<\/a><\/li>\n<li><a title=\"Brexit\" href=\"https:\/\/www.freiburg-schwarzwald.de\/blog\/global\/eu\/brexit\/\">Brexit<\/a><\/li>\n<li><a title=\"Bruessel22-3-2016\" href=\"https:\/\/www.freiburg-schwarzwald.de\/blog\/engagement\/zukunft\/demokratie\/bruessel22-3-2016\/\">Bruessel22-3-2016<\/a><\/li>\n<li><a title=\"Budapest-Dublin2015\" href=\"https:\/\/www.freiburg-schwarzwald.de\/blog\/global\/eu\/budapest-dublin2015\/\">Budapest-Dublin2015<\/a><\/li>\n<li><a title=\"Deutschland-kaputt\" href=\"https:\/\/www.freiburg-schwarzwald.de\/blog\/global\/deutschland\/deutschland-kaputt\/\">Deutschland-kaputt<\/a><\/li>\n<li><a title=\"EBI\" href=\"https:\/\/www.freiburg-schwarzwald.de\/blog\/global\/eu\/ebi\/\">EBI \u2013 Europ\u00e4ische B\u00fcrgerinitiative<\/a>\u00a0&gt;EBI<\/li>\n<li><a title=\"EU-Migration\" href=\"https:\/\/www.freiburg-schwarzwald.de\/blog\/global\/eu\/eu-migration\/\">EU-Migration<\/a><\/li>\n<li><a title=\"EU-Recht\" href=\"https:\/\/www.freiburg-schwarzwald.de\/blog\/global\/eu\/eu-recht\/\">EU-Recht<\/a><\/li>\n<li><a title=\"EU-Transferunion\" href=\"https:\/\/www.freiburg-schwarzwald.de\/blog\/global\/eu\/eu-transferunion\/\">EU-Transferunion<\/a><\/li>\n<li><a title=\"Euro\" href=\"https:\/\/www.freiburg-schwarzwald.de\/blog\/global\/eu\/euro\/\">Euro<\/a><\/li>\n<li><a title=\"Europa\" href=\"https:\/\/www.freiburg-schwarzwald.de\/blog\/global\/eu\/europa\/\">Europa<\/a><\/li>\n<li><a title=\"Europa-der-Vaterl\u00e4nder\" href=\"https:\/\/www.freiburg-schwarzwald.de\/blog\/global\/eu\/europa-der-vaterlaender\/\">Europa der Vaterl\u00e4nder<\/a><\/li>\n<li><a title=\"EZB\" href=\"https:\/\/www.freiburg-schwarzwald.de\/blog\/global\/eu\/ezb\/\">EZB<\/a><\/li>\n<li><a title=\"Finanzsystem\" href=\"https:\/\/www.freiburg-schwarzwald.de\/blog\/global\/finanzsystem\/\">Finanzsystem<\/a><\/li>\n<li><a title=\"Gelbwesten\" href=\"https:\/\/www.freiburg-schwarzwald.de\/blog\/global\/eu\/gelbwesten\/\">Gelbwesten<\/a><\/li>\n<li><a title=\"Islam-Deutschland\" href=\"https:\/\/www.freiburg-schwarzwald.de\/blog\/religion\/islam\/islam-deutschland\/\">Islam-Deutschland<\/a><\/li>\n<li><a title=\"Merkel-muss-weg\" href=\"https:\/\/www.freiburg-schwarzwald.de\/blog\/engagement\/zukunft\/demokratie\/merkel-muss-weg\/\">Merkel muss weg<\/a><\/li>\n<li><a title=\"Migration\" href=\"https:\/\/www.freiburg-schwarzwald.de\/blog\/global\/migration\/\">Migration<\/a><\/li>\n<li><a title=\"Nation\" href=\"https:\/\/www.freiburg-schwarzwald.de\/blog\/engagement\/zukunft\/demokratie\/nation\/\">Nation<\/a><\/li>\n<li><a title=\"Paris13nov2015\" href=\"https:\/\/www.freiburg-schwarzwald.de\/blog\/engagement\/zukunft\/demokratie\/paris13nov2015\/\">Paris13nov2015<\/a><\/li>\n<li><a title=\"Patriotismus\" href=\"https:\/\/www.freiburg-schwarzwald.de\/blog\/engagement\/zukunft\/demokratie\/patriotismus\/\">Patriotismus<\/a><\/li>\n<li><a title=\"Target\" href=\"https:\/\/www.freiburg-schwarzwald.de\/blog\/global\/eu\/target\/\">Target \u2013 EU-Zahlungsverkehrssystem<\/a><\/li>\n<li><a title=\"EU-Transferunion\" href=\"https:\/\/www.freiburg-schwarzwald.de\/blog\/global\/eu\/eu-transferunion\/\">Transferunion<\/a><\/li>\n<li><a title=\"Untergang\" href=\"https:\/\/www.freiburg-schwarzwald.de\/blog\/religion\/islam\/untergang\/\">Untergang Europas<\/a><\/li>\n<li><a title=\"Visegrad\" href=\"https:\/\/www.freiburg-schwarzwald.de\/blog\/global\/eu\/visegrad\/\">Visegrad<\/a><\/li>\n<\/ul>\n<p>&nbsp;<\/p>\n<p><strong>Roger K\u00f6ppel: Dexit-Bef\u00fcrwortung der AfD f\u00f6rdert die demokratischen Debatte<\/strong><br \/>\nWeltwoche Daily vom 13.4.2021 zum AfD-Parteitag in Dresden (Text-Ausz\u00fcge zwischen 29:26 bis 34:15 min):<br \/>\n<a href=\"https:\/\/youtu.be\/BsG3_6DCWuw\">https:\/\/youtu.be\/BsG3_6DCWuw<\/a><br \/>\n\u201eEine gute Meldung: Ich sp\u00fcre, dass in Deutschland wieder etwas Spannung in die Politik kommt. Ich merke das an den allergischen Reaktionen der Medien auf den j\u00fcngsten AfD-Parteitag. Die AfD hatten sie ja jetzt bereits abgeschrieben. Das ist die gr\u00f6\u00dfte Oppositionspartei in Deutschland. Sie hat Mitglieder verloren; Selbstzerfleischung, F\u00fchrungsprobleme. Dann hat ihr nat\u00fcrlich der Staat alle m\u00f6glichen Hindernisse in den Weg gelegt \u2013 Verfassungsschutz!! Aber die AfD hat auch kaum eine M\u00f6glichkeit fahren lassen, sich selber ins Knie zu schie\u00dfen. Jetzt scheint da doch wieder etwas k\u00e4mpferischer Geist zu erwachen: Diese AfD hat auf ihrem Parteitag am Wochenende zwei bemerkenswerte Forderungen aufgestellt:<br \/>\n1. Radikale Opposition gegen die Corona-Lockdown-Politik, also \u201e\u00d6ffnen\u201c \u2026 und damit eine klare andere Sicht. Jetzt kann man daf\u00fcr oder dagegen sein, aber darum geht\u2019s (immer!) in der Politik: Das Parteien-Kartell der anderen, von Links bis CDU, die sind ja alle in dieser Lockdown-Politik zuhause. Da gibt\u2019s gar keine Unterschiede. Also ist es wichtig, dass sie (die Deutschen) eine Partei haben, die hier eine andere Sicht einnimmt. Das ist Demokratie, Alternativen, Auswahl. Sie k\u00f6nnen sich ja dann immer noch f\u00fcr das Kartell entscheiden \u2026<\/p>\n<p>2. Hammer-Provokation! Die AfD sagt: Ausstieg aus der Europ\u00e4ischen Union \u2013 Dexit! Das ist eine radikale Forderung. Ich glaube nicht, dass sie eine Chance hat in Deutschland, denn die Europ\u00e4ische Union ist f\u00fcr einen Gro\u00dfteil \u2026 der Deutschen, eine Art Vaterlandsersatz. Nach dem zweiten Weltkrieg konnten sie, verfemt wie sie waren, nicht mehr als Deutsche zur\u00fcck auf die internationale B\u00fchne. Aber mit dieser EU haben sie einen Vaterlandsersatz gefunden und ihn auch finanziert \u2026 Kurzum: Mit der Forderung, aus der EU auszusteigen, wird die AfD nicht durchschlagen (sich nicht durchsetzen); ohne Deutschland g\u00e4be es die EU ja auch nicht\u2026<br \/>\n.<br \/>\nEine Provokation\u2026 Aber: Die Provokation ist eben interessant, weil sie vielleicht in Deutschland eine Diskussion ausl\u00f6st. M\u00f6glicherweise wird die Idee ja auch einfach totgeschwiegen, von den Medien sowieso, weil mit dieser Schmuddel-AfD, mit dieser angeblichen Schmuddel-Partei, m\u00f6chte man sich nicht gemein machen. Dahinter steht nat\u00fcrlich eine unglaubliche Verachtung f\u00fcr die doch sehr vielen W\u00e4hler, die diese Partei hat. Eigentlich eine unm\u00f6gliche Haltung, die hier die Zeitungen einnehmen. Sehr undemokratisch.<br \/>\nAuch wenn einem gewisse \u00c4u\u00dferungen dieser Partei durchaus \u2026 nicht gefallen m\u00f6gen. Aber mit dieser Provokation k\u00f6nnte die Partei eine wirklich produktive Diskussion ausl\u00f6sen, n\u00e4mlich: Was ist die EU heute aus deutscher Sicht? Was sollte sie sein? Und: Welche Rolle sollte Deutschland gegen\u00fcber dieser EU spielen? Und dass jetzt eine Partei da ist, die diesen Tabu-Bruch lanciert hat, das finde ich bemerkenswert und das ist f\u00fcr die Demokratie eine gute Nachricht \u2026<br \/>\nUnd selbst wenn Sie sich die Nase zuhalten m\u00fcssen, wenn Sie die AfD sehen oder nur schon diese drei Buchstaben h\u00f6ren, dann m\u00fcssen Sie als Demokrat stolz sein darauf, dass in Deutschland jetzt auch das Undenkbare gedacht werden kann: N\u00e4mlich ein Dexit. Das hei\u00dft nicht, dass er stattfindet, aber das ist ein Ausdruck der Normalisierung Deutschlands, dass solche \u2019skandal\u00f6sen Gedanken\u2018 ausgesprochen und debattiert werden k\u00f6nnen.\u201c<br \/>\n&#8222;Weltwoche daily&#8220; vom 13.4.2021 auf <a href=\"https:\/\/youtu.be\/BsG3_6DCWuw\">https:\/\/youtu.be\/BsG3_6DCWuw<\/a><br \/>\n,<br \/>\n<em>Roger K\u00f6ppel (56), Chefredakteur der WELTWOCHE, Schweizer Nationalrat (SVP) in seiner t\u00e4glichen \u201ePredigt f\u00fcr den Gesunden Menschenverstand\u201c, den allmorgendlich ab 6.30 Uhr auch immer mehr Deutsche sehen und h\u00f6ren. <\/em><br \/>\n<em><a href=\"https:\/\/www.weltwoche.ch\/daily\">https:\/\/www.weltwoche.ch\/daily<\/a><\/em><br \/>\n.<\/p>\n<p>J\u00f6rg Meuthens Begr\u00fc\u00dfungsrede zum AfD-Bundesparteitag:<br \/>\n<a href=\"https:\/\/www.youtube.com\/watch?v=dJHYchWQje0\">https:\/\/www.youtube.com\/watch?v=dJHYchWQje0<\/a>.<br \/>\n13. April 2021 , Har<br \/>\nAfD zu Notbremse Terror:<br \/>\n<a href=\"https:\/\/m.youtube.com\/watch?v=foGX37CBOxw&amp;noapp=1\">https:\/\/m.youtube.com\/watch?v=foGX37CBOxw&amp;noapp=1<\/a><\/p>\n<p>&nbsp;<\/p>\n<p>&nbsp;<\/p>\n<p><strong>AfD-Parteitag 10.4.2021 in Dresden: Dexit gilt bereits als radikal<\/strong><br \/>\n<strong>Macht, Freiheit und Dexit<\/strong><br \/>\nDas Hinausgehen aus der EU-Knechtschaft w\u00e4re moralische Pflicht, um Schaden von Deutschland abzuwenden \u2013 damit der Amtseid nicht zum Amts-Meineid wird. Dass der Dexit als <a href=\"https:\/\/www.freiburg-schwarzwald.de\/blog\/engagement\/zukunft\/demokratie\/extremismus\/\">\u00bbradikal\u00ab<\/a> gilt, das zeigt doch, wer die WIRKLICH Radikalen sind.<br \/>\n&#8230;<br \/>\nAm Wochenende 10.\/11. April 2021 hielt die <a href=\"https:\/\/www.freiburg-schwarzwald.de\/blog\/vereine\/partei\/afd\/\">AfD<\/a> in Dresden ihren 12. Parteitag ab \u2013 einen Pr\u00e4senzparteitag wohlgemerkt, also einen mit tats\u00e4chlichen Entscheidungen, nicht einen dieser dann doch l\u00e4cherlich wirkenden \u00bbVideoparteitage\u00ab.<br \/>\nDass jemand dem Merkel-Medien-Komplex grunds\u00e4tzlich widerspricht und es auch noch ernst meint, das weckt nat\u00fcrlich den hei\u00dfen Zorn des Systems und seiner vermutlichen (?) Sympathisanten.<br \/>\nHerr Poschardt etwa twittert in aufgeregtem Duktus: \u00bbDie so genannte AFD hat sich dem rechtsradikalen @BjoernHoecke ergeben\u00ab (@ulfposh, 11.4.2021, <a href=\"https:\/\/twitter.com\/ulfposh\/status\/1381322828792889348\">https:\/\/twitter.com\/ulfposh\/status\/1381322828792889348<\/a>). Es scheint mir inzwischen m\u00fc\u00dfig, die von Journalisten oder inzwischen sogar dem CDU-Mann beim Verfassungsschutz vergebenen Adjektive wie \u00bbrechtsradikal\u00ab noch zu diskutieren \u2013 es sind inzwischen politische Kampfbegriffe (und es br\u00e4uchte neue Vokabeln f\u00fcr jene, die es tats\u00e4chlich sind \u2013 nach heutigem Propagandasprech w\u00e4re ja selbst die Merkel von 2002 bekanntlich rechtsradikal zu nennen). Der im selben Tweet verlinkte Text ist aber durchaus aufschlussreich!<br \/>\n.<br \/>\n\u00bbSo oft wie nie zuvor bei einem AfD-Bundesparteitag trat Bj\u00f6rn H\u00f6cke ans Mikrofon\u00ab, schreibt Politikredakteur Matthias Kamann (welt.de, 11.4.2021, <a href=\"https:\/\/www.welt.de\/politik\/deutschland\/plus230149423\/AfD-Parteitag-Der-Siegeszug-des-Bjoern-Hoecke.html\">https:\/\/www.welt.de\/politik\/deutschland\/plus230149423\/AfD-Parteitag-Der-Siegeszug-des-Bjoern-Hoecke.html<\/a> ), und wir meinen seine Ver\u00e4rgerung greifen zu k\u00f6nnen!<br \/>\nDer Parteitag wurde \u00bbzum Triumphzug des Bj\u00f6rn H\u00f6cke\u00ab, so erf\u00e4hrt der Leser, \u00bbweil H\u00f6cke Inhalte vor Personalfragen stellte. Damit trafen er und seine hoch konzentrierten, sehr gut organisierten Anh\u00e4nger den schw\u00e4chsten Punkt des weniger radikalen Lagers um Parteichef J\u00f6rg Meuthen\u00ab. (Ich wei\u00df nicht, wie es Ihnen geht, doch diese Propagandastaat-Stehsatz-Formulierungen wie \u00bbradikales Lager\u00ab lassen mich inzwischen g\u00e4hnen \u2013 nat\u00fcrlich ohne dass ich dadurch eine inhaltliche Bewertung abgebe.)<br \/>\n.<br \/>\nDas darf man sich ja auf der Zunge zergehen lassen! Ein Politiker, der Inhalte vor Personalfragen stellt \u2013 und noch dazu Inhalte im Sinn und Geist des Amtseides \u2013 der ist dadurch schon verd\u00e4chtig (und wenn er sich noch als unbestechlich herausstellen sollte, wird man ihn bald ganz aus den Parlamenten werfen), dem medialen Establishment kocht das Blut \u2013 man fragt sich, wer es ist, der \u00bbradikal\u00ab ist.<br \/>\nEiner der Inhalte, welche das System und seine S\u00f6ldner so richtig sch\u00f6n \u00e4rgern, ist die neu ins Programm aufgenommene Forderung der AfD nach dem Austritt Deutschlands aus der sogenannten \u00bbEU\u00ab.<br \/>\nIm neuen Wahlprogramm der AfD soll stehen: &#8222;Wir halten einen Austritt Deutschlands aus der Europ\u00e4ischen Union und die Gr\u00fcndung einer neuen europ\u00e4ischen Wirtschafts- und Interessengemeinschaft f\u00fcr notwendig.&#8220; (geplantes AfD-Wahlprogramm, nach welt.de, 11.4.2021, <a href=\"https:\/\/www.welt.de\/politik\/deutschland\/plus230107573\/Parteitag-in-Dresden-Jetzt-hat-die-AfD-den-EU-Austritt-im-Wahlprogramm.html\">https:\/\/www.welt.de\/politik\/deutschland\/plus230107573\/Parteitag-in-Dresden-Jetzt-hat-die-AfD-den-EU-Austritt-im-Wahlprogramm.html<\/a>)<br \/>\n.<br \/>\nDer Staatsfunk reagiert, wie man es im Propagandastaat Deutschland eben vom Staatsfunk erwartet. Von \u00bbradikalen Forderungen wie einem EU-Austritt Deutschlands\u00ab ist die Rede (tagesschau.de, 12.4.2021, <a href=\"https:\/\/www.tagesschau.de\/inland\/innenpolitik\/afd-parteitag-migration-corona-101.html\">https:\/\/www.tagesschau.de\/inland\/innenpolitik\/afd-parteitag-migration-corona-101.html<\/a>). Recht offensichtlich legt man den Talking-Points-Teppich <a href=\"https:\/\/www.dushanwegner.com\/buecher\/talking-points\/\">https:\/\/www.dushanwegner.com\/buecher\/talking-points\/<\/a> f\u00fcr die Bundestagswahl 2021, und wird wohl so h\u00e4ufig wie m\u00f6glich die Begriffe radikal und AfD zusammen erw\u00e4hnen.<\/p>\n<p>Die AfD w\u00e4re damit ganz offiziell eine \u00bbDexit-Partei\u00ab, und das System samt seiner Schleimspursurfer ist denkbar emp\u00f6rt, dass einer es auch nur zu sagen wagt \u2013 und zugleich gute Chancen hat, diesen \u00bbnormalen\u00ab Gedanken weiter zu verbreiten.<br \/>\nWie eine Besatzungsmacht<br \/>\nNorbert Bolz formulierte dieser Tage in der ihm eigenen, unnachahmlichen Form: <strong><em>&#8222;Das Legitimationsproblem der EU: Man hat das Gef\u00fchl, von einer Besatzungsmacht regiert zu werden. (@NorbertBolz, 9.4.2021)&#8220;<\/em><\/strong><br \/>\nEs waren ja nicht nur Merkel und ihre Treuen, die in der Corona-Krise versagen.<br \/>\n&#8230;. Alles vom 12.4.2021 von Dushan Wegner bitte lesen auf<br \/>\n<a href=\"https:\/\/www.dushanwegner.com\/dexit\/\">https:\/\/www.dushanwegner.com\/dexit\/<\/a><\/p>\n<p>&nbsp;<\/p>\n<p>&nbsp;<\/p>\n<p><strong>Dexit &#8211; Ein Ende mit Schrecken w\u00e4re das kleinere \u00dcbel<\/strong><br \/>\n<em>Euro-Krise: Bruno Bandulet erkl\u00e4rt\u00a0in seinem Buch, warum Deutschland aus der W\u00e4hrungsunion austreten sollte \u2013 und wie ein Dexit praktisch ablaufen k\u00f6nnte<br \/>\n<\/em>\u00a0.<br \/>\nBruno Bandulet bem\u00fcht sich seit langem darum, die Welt, wie sie ist, zu verstehen statt B\u00fccher zu schreiben, die auch Angela Merkel als \u201ehilfreich\u201c empfinden k\u00f6nnte. Stattdessen verwendet er seine eigene Vernunft. Der Journalist und Verleger h\u00e4lt auch die Beachtung deutscher Interessen durch Politiker, wie in deren Amtseid angedeutet, nicht f\u00fcr abwegig. Wohin das f\u00fchrt, hatte sich schon 2011 bei einem Vortrag in Frankreich, der als Anhang am Ende des Buches abgedruckt ist, angedeutet: Unsere Politiker haben mit dem Euro ein brennendes Haus ohne erkennbaren Ausgang geschaffen, das Europa Stagnation und vielleicht sogar eine Depression bringt.<br \/>\nZwar verwendet Bandulet nicht explizit den Vorwurf der Inkompetenz gegen die V\u00e4ter des Euro oder die M\u00fctter \u2013 neben Angela Merkel darf man auch an die franz\u00f6sische Chefin des Internationalen W\u00e4hrungsfonds, Christine Lagarde, denken \u2013 aber letztlich geht es darum. Zu erkennen, da\u00df der Euro f\u00fcr Europa unbek\u00f6mmlich ist, ist keine Frage der Moral, sondern der Sachkenntnis. Bandulet verweist mehrfach auf die rechtzeitigen Warnungen vieler deutscher und ausl\u00e4ndischer \u00d6konomen, sogar des amerikanischen Notenbankchefs, vor dem Euro und den Ma\u00dfnahmen zu seiner Rettung. Leider verhalten sich unsere Politiker nicht selten so, als ob die demokratische Wahl eine Verpflichtung zur Beratungsresistenz mit sich br\u00e4chte.<br \/>\nDas Buch ist in f\u00fcnf Kapitel gegliedert: Nach den ersten drei Kapiteln mu\u00df man den Euro f\u00fcr ein Negativsummenspiel halten, bei dem viel mehr verloren als gewonnen wird. In S\u00fcdeuropa wachsen die Schulden, stagnieren die Pro-Kopf-Einkommen oder gehen zur\u00fcck wie in Italien, bleibt die Arbeitslosigkeit vor allem der Jugend unertr\u00e4glich hoch, werden die Nationalstaaten bevormundet und damit nebenbei die Demokratie untergraben. In Deutschland profitiert zwar der verschuldete Staat von der lockeren Geldpolitik der Europ\u00e4ischen Zentralbank (EZB), aber die deutschen Sparer leiden in erheblich gr\u00f6\u00dferem Ausma\u00df unter dieser Politik.<br \/>\nDer dank S\u00fcdeuropa relativ schwache Euro befl\u00fcgelt zwar deutsche Exporte, aber die Gewinne kommen zum Gro\u00dfteil ausl\u00e4ndischen Aktion\u00e4ren der Dax-Unternehmen zugute \u2013 oder f\u00fchren, wie die Targetsalden der Bundesbank, zu zinslosen, kaum verwertbaren und im Krisenfalle vielleicht abzuschreibenden Guthaben. Bandulet bezweifelt auch, ob die Inflation so niedrig ist, wie die EZB unterstellt, ob ein Inflationsziel von zwei statt null Prozent \u00fcberhaupt sinnvoll ist.<br \/>\nDie ordnungspolitischen Auswirkungen der Rettungspolitik waren verheerend. Schlechtes Regieren wurde mit Hilfen belohnt. Die EZB kaufte Zeit f\u00fcr Reformen im S\u00fcden, die nicht genutzt wurde. Das Prinzip der Eigenverantwortung wurde untergraben. Die W\u00e4hler wurden mit Gesetzen und Vorschriften zwecks Erhaltung der Stabilit\u00e4tskultur beruhigt, aber das blieb faktisch so belanglos wie die Zugangskriterien f\u00fcr den Euro. Unsere Politiker haben sich so verhalten, als ob gleichzeitig komplizierte und wirkungslose Vorschriften mit der Verankerung des Rechtsbewu\u00dftseins in der Bev\u00f6lkerung kompatibel w\u00e4ren.<\/p>\n<p>Im vierten Kapitel werden die j\u00fcngsten Entwicklungen analysiert. Der Brexit w\u00fcrde festschreiben, da\u00df die wirtschaftlich angeschlagenen S\u00fcdstaaten, f\u00fcr die ein Euro mit Deutschland immer zu stark ist, eine Mehrheit in den Entscheidungsgremien bekommen. Der Druck zum Ausbau der Transferunion \u2013 \u00fcber zumindest teilweise nie r\u00fcckzahlbare Rettungskredite, Targetkredite und Nullzinspolitik hinaus \u2013 mu\u00df steigen. Deutschen Sparern droht die Haftung f\u00fcr faule Kredite in S\u00fcd\u00adeuropa, deutschen Steuerzahlern die f\u00fcr die Arbeitslosigkeit dort. Bandulet betont auch hier, da\u00df Hilfen zwar die Zahler viel kosten, aber bei den Empf\u00e4ngern wenig Gutes bewirken.<br \/>\nIm f\u00fcnften Kapitel geht es darum, wie man die Eurozone von der Last des Euro befreien k\u00f6nnte, wie man in Europa Eigenverantwortung, Freiheit und Wettbewerb wiederherstellen k\u00f6nnte. Vor allem ein Ausscheiden Italiens und Deutschlands werden in verschiedenen Szenarien besprochen. Ein deutscher Austritt w\u00e4re technisch leichter als ein italienischer Austritt abzuwickeln, weil die neue deutsche W\u00e4hrung aufwertungsverd\u00e4chtig, die italienische abwertungsverd\u00e4chtig w\u00e4re. Bandulet zitiert eine Sch\u00e4tzung, wonach ein harter deutscher Austritt aus der Eurozone einen direkten Verlust in der N\u00e4he von 18 Prozent des deutschen BIP bedeuten k\u00f6nnte. Das ist zwar viel Geld, aber ein Ende mit Schrecken k\u00f6nnte das kleinere \u00dcbel als ein Schrecken ohne Ende sein.<br \/>\nBandulet h\u00e4lt Parallelw\u00e4hrungen f\u00fcr eine M\u00f6glichkeit, die Kosten der Abwicklung des Euro zu minimieren. Lange vor der Euro-Einf\u00fchrung hatten der Nobelpreistr\u00e4ger Friedrich August von Hayek und britische Politiker schon Konkurrenz unter W\u00e4hrungen empfohlen, um die Risiken des politischen Mi\u00dfbrauchs des Geldes zu verringern. Das Buch ist aktuell, exzellent geschrieben und deshalb trotz der schwierigen Materie verst\u00e4ndlich. Jeder politisch Interessierte und erst recht jeder Parlamentarier sollte es lesen.<br \/>\n24.1.2018, Erich Weede in: Junge Freiheit, Seite 11<br \/>\n.<br \/>\n<em>Prof. Dr. Erich Weede ist Soziologe und lehrte an der Universit\u00e4t K\u00f6ln und am Bologna Center der Johns Hopkins University. 1997 folgte er einem Ruf der Universit\u00e4t Bonn an den renommierten Lehrstuhl f\u00fcr Soziologie von Friedrich F\u00fcrstenberg.<br \/>\n<\/em>\u00a0 .<br \/>\nBruno Bandulet<br \/>\n<strong>Dexit: Warum der Ausstieg Deutschlands aus dem Euro zwar schwierig, <\/strong><br \/>\n<strong>aber dennoch machbar und notwendig ist.<\/strong><br \/>\nKopp Verlag, Rottenburg 2018, 189 Seiten, gebunden, 19,99 Euro<\/p>\n","protected":false},"excerpt":{"rendered":"<p>Home\u00a0&gt;Global &gt;Regio\u00a0&gt;EU\u00a0&gt;Grossbritannien\u00a0&gt;Dexit Roger K\u00f6ppel: Dexit-Bef\u00fcrwortung der AfD f\u00f6rdert demokratische Debatte (13.4.2021) AfD-Parteitag 10.4.2021 in Dresden: Dexit gilt bereits als radikal (11.4.2021) Dexit &#8211; Ein Ende mit Schrecken w\u00e4re das kleinere \u00dcbel\u00a0 (24.1.2019) AfD Brexit Bruessel22-3-2016 Budapest-Dublin2015 Deutschland-kaputt EBI \u2013 Europ\u00e4ische &hellip; <a href=\"https:\/\/www.freiburg-schwarzwald.de\/blog\/global\/eu\/dexit\/\">Weiterlesen <span class=\"meta-nav\">&rarr;<\/span><\/a><\/p>\n","protected":false},"author":2,"featured_media":0,"parent":2859,"menu_order":0,"comment_status":"open","ping_status":"closed","template":"","meta":{"footnotes":""},"class_list":["post-70452","page","type-page","status-publish","hentry"],"_links":{"self":[{"href":"https:\/\/www.freiburg-schwarzwald.de\/blog\/wp-json\/wp\/v2\/pages\/70452","targetHints":{"allow":["GET"]}}],"collection":[{"href":"https:\/\/www.freiburg-schwarzwald.de\/blog\/wp-json\/wp\/v2\/pages"}],"about":[{"href":"https:\/\/www.freiburg-schwarzwald.de\/blog\/wp-json\/wp\/v2\/types\/page"}],"author":[{"embeddable":true,"href":"https:\/\/www.freiburg-schwarzwald.de\/blog\/wp-json\/wp\/v2\/users\/2"}],"replies":[{"embeddable":true,"href":"https:\/\/www.freiburg-schwarzwald.de\/blog\/wp-json\/wp\/v2\/comments?post=70452"}],"version-history":[{"count":5,"href":"https:\/\/www.freiburg-schwarzwald.de\/blog\/wp-json\/wp\/v2\/pages\/70452\/revisions"}],"predecessor-version":[{"id":89809,"href":"https:\/\/www.freiburg-schwarzwald.de\/blog\/wp-json\/wp\/v2\/pages\/70452\/revisions\/89809"}],"up":[{"embeddable":true,"href":"https:\/\/www.freiburg-schwarzwald.de\/blog\/wp-json\/wp\/v2\/pages\/2859"}],"wp:attachment":[{"href":"https:\/\/www.freiburg-schwarzwald.de\/blog\/wp-json\/wp\/v2\/media?parent=70452"}],"curies":[{"name":"wp","href":"https:\/\/api.w.org\/{rel}","templated":true}]}}