{"id":69463,"date":"2018-12-12T18:36:44","date_gmt":"2018-12-12T17:36:44","guid":{"rendered":"https:\/\/www.freiburg-schwarzwald.de\/blog\/?page_id=69463"},"modified":"2018-12-12T18:49:08","modified_gmt":"2018-12-12T17:49:08","slug":"buddhismus","status":"publish","type":"page","link":"https:\/\/www.freiburg-schwarzwald.de\/blog\/religion\/buddhismus\/","title":{"rendered":"Buddhismus"},"content":{"rendered":"<p><a href=\"https:\/\/www.freiburg-schwarzwald.de\/blog\">Home<\/a>\u00a0&gt;<a title=\"Religion\" href=\"https:\/\/www.freiburg-schwarzwald.de\/blog\/religion\/\">Religion<\/a>\u00a0&gt;Buddhismus<\/p>\n<div id=\"attachment_68957\" style=\"width: 648px\" class=\"wp-caption alignnone\"><a href=\"https:\/\/www.freiburg-schwarzwald.de\/blog\/global\/eu\/europa-der-vaterlaender\/nebel-stpeter-rheintal-pan181116-2\/\" rel=\"attachment wp-att-68957\"><img loading=\"lazy\" decoding=\"async\" aria-describedby=\"caption-attachment-68957\" class=\"size-full wp-image-68957\" src=\"https:\/\/www.freiburg-schwarzwald.de\/blog\/wp-content\/uploads\/2018\/11\/nebel-stpeter-rheintal-pan1811161.jpg\" alt=\"St.Peter im Schwarzwald - Blick zum Nebel des Rheintals im Oktober 2018\" width=\"638\" height=\"234\" srcset=\"https:\/\/www.freiburg-schwarzwald.de\/blog\/wp-content\/uploads\/2018\/11\/nebel-stpeter-rheintal-pan1811161.jpg 638w, https:\/\/www.freiburg-schwarzwald.de\/blog\/wp-content\/uploads\/2018\/11\/nebel-stpeter-rheintal-pan1811161-180x66.jpg 180w\" sizes=\"auto, (max-width: 638px) 100vw, 638px\" \/><\/a><p id=\"caption-attachment-68957\" class=\"wp-caption-text\">St.Peter im Schwarzwald &#8211; Blick zum Nebel des Rheintals im Oktober 2018<\/p><\/div>\n<ul>\n<li>Zum Verh\u00e4ltnis von Buddhismus und Islam (7.12.2018)<\/li>\n<li><a href=\"https:\/\/www.freiburg-schwarzwald.de\/blog\/dalai-lama-warnt-arabisierung\/\">https:\/\/www.freiburg-schwarzwald.de\/blog\/dalai-lama-warnt-arabisierung\/<\/a> (2.6.2018)<\/li>\n<\/ul>\n<ul>\n<li><a title=\"Agnostiker\" href=\"https:\/\/www.freiburg-schwarzwald.de\/blog\/religion\/agnostiker\/\">Agnostiker<\/a><\/li>\n<li><a title=\"Christen\" href=\"https:\/\/www.freiburg-schwarzwald.de\/blog\/religion\/christen\/\">Christen<\/a><\/li>\n<li><a title=\"Evangelisch\" href=\"https:\/\/www.freiburg-schwarzwald.de\/blog\/religion\/evangelisch\/\">Evangelisch<\/a><\/li>\n<li><a title=\"Islam\" href=\"https:\/\/www.freiburg-schwarzwald.de\/blog\/religion\/islam\/\">Islam<\/a><\/li>\n<li><a title=\"Juden\" href=\"https:\/\/www.freiburg-schwarzwald.de\/blog\/religion\/juden\/\">Juden \u2013 Verst\u00e4ndigung<\/a><\/li>\n<li><a title=\"Katholisch\" href=\"https:\/\/www.freiburg-schwarzwald.de\/blog\/religion\/katholisch\/\">Katholisch<\/a><\/li>\n<li><a title=\"Kirche-Staat\" href=\"https:\/\/www.freiburg-schwarzwald.de\/blog\/religion\/kirche-staat\/\">Kirche-Staat Trennung\/Verh\u00e4ltnis<\/a>\u00a0&gt;Kirche-Staat<\/li>\n<li><a title=\"Konfessionslosigkeit\" href=\"https:\/\/www.freiburg-schwarzwald.de\/blog\/religion\/konfessionslosigkeit\/\">Konfessionslosigkeit<\/a><\/li>\n<li><a title=\"Laizismus\" href=\"https:\/\/www.freiburg-schwarzwald.de\/blog\/engagement\/zukunft\/demokratie\/laizismus\/\">Laizismus<\/a><\/li>\n<li><a title=\"Pluralismus\" href=\"https:\/\/www.freiburg-schwarzwald.de\/blog\/religion\/pluralismus\/\">Religi\u00f6ser Pluralismus<\/a><\/li>\n<li><a href=\"https:\/\/www.freiburg-schwarzwald.de\/dalailama.htm\">Tibet-Haus \u2013 Besuch des Dalai Lama am 28.7.2007<\/a>\u00a0&gt;DalaiLama<\/li>\n<\/ul>\n<p>&nbsp;<\/p>\n<p>&nbsp;<\/p>\n<p>&nbsp;<\/p>\n<p><strong>Zum Verh\u00e4ltnis von Buddhismus und Islam<\/strong><br \/>\nWeltweit z\u00e4hlt der Buddhismus etwa bis zu 500 Millionen Anh\u00e4nger, die meisten davon in China. Hierzulande leben sch\u00e4tzungsweise etwa 250.000 Buddhisten, davon ungef\u00e4hr zur H\u00e4lfte Deutsche, die zumeist aktiv in Gruppen und Zentren organisiert sind. Die andere H\u00e4lfte stammt aus Asien, vorwiegend mit thail\u00e4ndischen und vietnamesischen Wurzeln. Die Zahl der Moslems weltweit wird mehr als dreimal so hoch gesch\u00e4tzt; in Deutschland leben knapp f\u00fcnf Millionen.<\/p>\n<p>F\u00fcr bekennende Moslems sind Buddhisten, noch mehr als Christen, Ungl\u00e4ubige, weil sie an keinen Gott glauben. Der Buddhismus ist eine reine (Selbst-)Erfahrungsreligion oder \u201eReligion vor der Religion\u201c (Shunryu Suzuki), er hat keinen Gottesbezug und kennt in seiner Ursprungsform keinen Glauben. Im Volksbuddhismus gibt es allerdings G\u00f6tter, die jedoch nicht unsterblich sind, oder Bodhisattvas, den christlichen Heiligen \u00e4hnliche Verehrungswesen.<br \/>\nVor diesem Hintergrund ist der Konflikt zwischen Islam und Buddhismus intrinsisch angelegt und wird zuweilen auch gewaltsam gef\u00fchrt. Eine expansionistische Strategie weltweit durch islamistische K\u00e4mpfer ist nicht zu \u00fcbersehen, w\u00e4hrend der Buddhismus nicht auf Missionierung ausgerichtet ist und als friedvoll gilt. Dennoch haben Buddhisten in der Geschichte verschiedentlich zur\u00fcckgeschlagen, wie 2017 in Burma (Myanmar) und in diesem Fr\u00fchjahr auf Sri Lanka. Der heutige Dalai Lama erkennt Gegengewalt notfalls als legitim an.<br \/>\nEiner der gr\u00f6\u00dften blutigen Konflikte ereignete sich Ende des 12. Jahrhunderts in Indien, als der Buddhismus sich dort bereits im R\u00fcckzug und der Hinduismus als Volksreligion sich im friedlichen Vormarsch befand (der Hinduismus mit seinem Pantheon war dem Islam auch immer mehr als fremd, woraus oft blutige Konflikte bis heute resultieren, zum Beispiel in Kaschmir). Seinerzeit zerschlugen Islamisten unter anderem die hochangesehene buddhistische Universit\u00e4t von Nalanda und t\u00f6teten bis zu 10.000 Studenten, zumeist M\u00f6nche. Auch die Eroberung Baktriens und Gandharas (heute Afghanistan beziehungsweise Teile Pakistans) durch Islamisten verlief \u00fcberwiegend blutig.<br \/>\nIn Malaysia dominiert heute die inzwischen moslemische Mehrheit zunehmend Staat und Politik und dr\u00e4ngt besonders die buddhistische chinesische Minderheit zunehmend zur\u00fcck. \u00c4hnliches ereignete sich schon fr\u00fcher in Teilen Indonesiens. Auch im buddhistischen Thailand bombten sich Islamisten der kleinen moslemischen Minderheit in Tourismuszonen ins Ged\u00e4chtnis ihrer Glaubensbr\u00fcder weltweit.<br \/>\nDer Buddhismus in Deutschland ist seit weit \u00fcber einhundert Jahren pr\u00e4sent. Ein fr\u00fcher Vertreter war der Philosoph Arthur Schopenhauer, nachdem er sich intensiv mit altindischen Schriften und Lehren des Brahmanismus besch\u00e4ftigt hatte. 1903 gr\u00fcndete sich eine erste Gemeinschaft in Sachsen unter dem Indologen Karl Seidenst\u00fccker. Eng mit dem Buddhismus verbunden waren Wilhelm Busch, Rainer Maria Rilke und Martin Heidegger, letzterer besonders mit der Philosophie des japanischen Zen (Shobogenzo des Dogen Zenji und der Kyoto-Schule). Richard Wagner plante sogar eine buddhistische Oper unter dem Titel \u201eDie Sieger\u201c.<br \/>\nDie deutschen Buddhisten sind heute teilweise in der Deutschen Buddhistischen Union (DBU) organisiert. Dem traditions\u00fcbergreifenden Dachverband mit Sitz in M\u00fcnchen geh\u00f6ren nach eigenen Angaben 63 Mitgliedsgemeinschaften und \u00fcber 2.500 Einzelpersonen an. Er gibt viertelj\u00e4hrlich die Zeitschrift Buddhismus Aktuell heraus. Viele buddhistische Vereinigungen, die zusammengenommen die Mehrheit der Buddhisten hierzulande bilden, sind jedoch nicht in diesem Dachverband vertreten, kritisieren dessen Vertretungsanspruch und vertreiben eigene Publikationen.<br \/>\nHiesige Buddhisten, besonders Gruppen der DBU, haben sich lange Jahre in st\u00e4dtischen Zirkeln um einen Interreligi\u00f6sen Dialog bem\u00fcht. Dieser ist inzwischen besonders wegen der doktrin\u00e4ren Positionen der Vertreter des Islam weitgehend als gescheitert anzusehen. Allerdings gibt es zwischen der DBU und den unorthodoxen Aleviten in Deutschland gute Kontakte.<br \/>\nDie DBU vertritt einen sehr gem\u00e4\u00dfigten Kurs gegen\u00fcber dem Islam in Deutschland, und \u00fcber \u00dcbergriffe auf Vertreter des Buddhismus in Deutschland wurde bisher nichts bekannt. Der Dalai Lama, dessen Wort in Deutschland gro\u00dfe Achtung genie\u00dft, warnte jedoch mehrmals eindringlich davor, den Islam sich in Europa etablieren zu lassen und rief dazu auf, dessen religi\u00f6ses und gesellschaftliches Dominanzstreben zu unterbinden. \u201eEuropa, zum Beispiel Deutschland, kann kein arabisches Land werden\u201c, sagte er Ende Mai 2016 in einem FAZ-Gespr\u00e4ch. Fl\u00fcchtlinge sollten nur vor\u00fcbergehend aufgenommen werden. \u201eDas Ziel sollte sein, da\u00df sie zur\u00fcckkehren und beim Wiederaufbau ihrer eigenen L\u00e4nder mithelfen\u201c, erkl\u00e4rte der Dalai Lama. Bei einem Besuch in Schweden im September dieses Jahres setzte er nach: \u201eIch denke, Europa geh\u00f6rt den Europ\u00e4ern.\u201c<\/p>\n<p>Die DBU und deren Zeitschrift Buddhismus Aktuell halten sich in der aktuellen Einwanderungsdebatte zur\u00fcck, lassen aber eine eher liberale Haltung durchblicken. Im Falle des Rohingya- Konflikts in Burma tendiert die vorherrschende Sichtweise allerdings im Sinne des Fl\u00fcchtlingskommissariats der Vereinten Nationen dazu, die Buddhisten dort f\u00fcr die blutigen Auseinandersetzungen ma\u00dfgeblich verantwortlich zu machen.<br \/>\nDie gr\u00f6\u00dfte Mitgliedsorganisation in der DBU, die in Wuppertal ans\u00e4ssige Diamantweg-Vereinigung mit etwa 150 Zentren und Gruppen in Deutschland, dr\u00fcckt sich durch ihren Gr\u00fcnder und ersten Lama Ole Nydahl indes \u00e4u\u00dferst islamkritisch aus, insbesondere die Unterdr\u00fcckung der Frauen betreffend. Ein leitendes Mitglied der Gruppierung in \u00d6sterreich, Klaus Kaltenbrunner, rief verschiedentlich zu nachdr\u00fccklichem Widerstand gegen die Islamisierung in Europa auf. Dem d\u00fcrfte wohl eine Mehrheit der Buddhisten hierzulande, wie auch in ganz Europa, beipflichten, besonders auch in Osteuropa, gerade auch Ru\u00dfland, wo sich in den letzten zwei Jahrzehnten wieder viele buddhistische Vereinigungen gegr\u00fcndet haben.<br \/>\nHolger Stienen, 7.12.2018, Junge Freiheit, Seite 16<br \/>\n.<br \/>\n<em>Dr. Holger Stienen, Jahrgang 1954, war Mitglied der erweiterten Redaktionen der Zeitschriften \u201eBuddhismus Aktuell\u201c und \u201eBuddhistische Monatsbl\u00e4tter\u201c sowie vier Jahre im Vorstand der Buddhistischen Gesellschaft Hamburg.<\/em><br \/>\n<em>Die Deutsche Buddhistische Union (DBU) hat ihren Sitz in M\u00fcnchen<\/em><br \/>\n<a href=\"https:\/\/www.buddhismus-deutschland.de\">https:\/\/www.buddhismus-deutschland.de<\/a><\/p>\n","protected":false},"excerpt":{"rendered":"<p>Home\u00a0&gt;Religion\u00a0&gt;Buddhismus Zum Verh\u00e4ltnis von Buddhismus und Islam (7.12.2018) https:\/\/www.freiburg-schwarzwald.de\/blog\/dalai-lama-warnt-arabisierung\/ (2.6.2018) Agnostiker Christen Evangelisch Islam Juden \u2013 Verst\u00e4ndigung Katholisch Kirche-Staat Trennung\/Verh\u00e4ltnis\u00a0&gt;Kirche-Staat Konfessionslosigkeit Laizismus Religi\u00f6ser Pluralismus Tibet-Haus \u2013 Besuch des Dalai Lama am 28.7.2007\u00a0&gt;DalaiLama &nbsp; &nbsp; &nbsp; Zum Verh\u00e4ltnis von Buddhismus und &hellip; <a href=\"https:\/\/www.freiburg-schwarzwald.de\/blog\/religion\/buddhismus\/\">Weiterlesen <span class=\"meta-nav\">&rarr;<\/span><\/a><\/p>\n","protected":false},"author":2,"featured_media":0,"parent":171,"menu_order":0,"comment_status":"open","ping_status":"closed","template":"","meta":{"footnotes":""},"class_list":["post-69463","page","type-page","status-publish","hentry"],"_links":{"self":[{"href":"https:\/\/www.freiburg-schwarzwald.de\/blog\/wp-json\/wp\/v2\/pages\/69463","targetHints":{"allow":["GET"]}}],"collection":[{"href":"https:\/\/www.freiburg-schwarzwald.de\/blog\/wp-json\/wp\/v2\/pages"}],"about":[{"href":"https:\/\/www.freiburg-schwarzwald.de\/blog\/wp-json\/wp\/v2\/types\/page"}],"author":[{"embeddable":true,"href":"https:\/\/www.freiburg-schwarzwald.de\/blog\/wp-json\/wp\/v2\/users\/2"}],"replies":[{"embeddable":true,"href":"https:\/\/www.freiburg-schwarzwald.de\/blog\/wp-json\/wp\/v2\/comments?post=69463"}],"version-history":[{"count":0,"href":"https:\/\/www.freiburg-schwarzwald.de\/blog\/wp-json\/wp\/v2\/pages\/69463\/revisions"}],"up":[{"embeddable":true,"href":"https:\/\/www.freiburg-schwarzwald.de\/blog\/wp-json\/wp\/v2\/pages\/171"}],"wp:attachment":[{"href":"https:\/\/www.freiburg-schwarzwald.de\/blog\/wp-json\/wp\/v2\/media?parent=69463"}],"curies":[{"name":"wp","href":"https:\/\/api.w.org\/{rel}","templated":true}]}}