{"id":69324,"date":"2018-12-03T15:29:25","date_gmt":"2018-12-03T14:29:25","guid":{"rendered":"https:\/\/www.freiburg-schwarzwald.de\/blog\/?page_id=69324"},"modified":"2025-06-28T21:16:22","modified_gmt":"2025-06-28T19:16:22","slug":"blockchain","status":"publish","type":"page","link":"https:\/\/www.freiburg-schwarzwald.de\/blog\/business\/dienste\/blockchain\/","title":{"rendered":"Blockchain"},"content":{"rendered":"<p><a href=\"https:\/\/www.freiburg-schwarzwald.de\/blog\">Home<\/a>\u00a0&gt;<a title=\"Business\" href=\"https:\/\/www.freiburg-schwarzwald.de\/blog\/business\/\">Business<\/a>\u00a0&gt;<a title=\"Dienste\" href=\"https:\/\/www.freiburg-schwarzwald.de\/blog\/business\/dienste\/\">Dienste<\/a>\u00a0&gt;<a title=\"Computer\" href=\"https:\/\/www.freiburg-schwarzwald.de\/blog\/business\/dienste\/computer\/\">Computer<\/a>\u00a0&gt;<a title=\"Internetservice\" href=\"https:\/\/www.freiburg-schwarzwald.de\/blog\/business\/dienste\/internetservice\/\">Internetservice<\/a>\u00a0&gt;Blockchain<\/p>\n<div id=\"attachment_68957\" style=\"width: 648px\" class=\"wp-caption alignnone\"><a href=\"https:\/\/www.freiburg-schwarzwald.de\/blog\/global\/eu\/europa-der-vaterlaender\/nebel-stpeter-rheintal-pan181116-2\/\" rel=\"attachment wp-att-68957\"><img loading=\"lazy\" decoding=\"async\" aria-describedby=\"caption-attachment-68957\" class=\"size-full wp-image-68957\" src=\"https:\/\/www.freiburg-schwarzwald.de\/blog\/wp-content\/uploads\/2018\/11\/nebel-stpeter-rheintal-pan1811161.jpg\" alt=\"St.Peter im Schwarzwald - Blick zum Nebel des Rheintals im Oktober 2018\" width=\"638\" height=\"234\" srcset=\"https:\/\/www.freiburg-schwarzwald.de\/blog\/wp-content\/uploads\/2018\/11\/nebel-stpeter-rheintal-pan1811161.jpg 638w, https:\/\/www.freiburg-schwarzwald.de\/blog\/wp-content\/uploads\/2018\/11\/nebel-stpeter-rheintal-pan1811161-180x66.jpg 180w\" sizes=\"auto, (max-width: 638px) 100vw, 638px\" \/><\/a><p id=\"caption-attachment-68957\" class=\"wp-caption-text\">St.Peter im Schwarzwald &#8211; Blick zum Nebel des Rheintals im Oktober 2018<\/p><\/div>\n<p>&nbsp;<\/p>\n<ul>\n<li><em>Listenauswahl eines Beitrags (Artikel\/Datum, Seite\/Inhalt):\u00a0<span style=\"text-decoration: underline;\">Klicken<\/span>\u00a0oder scrollen<\/em><\/li>\n<li><a href=\"https:\/\/www.freiburg-schwarzwald.de\/blog\/global\/finanzsystem\/krypto\/\">Wie Kryptow\u00e4hrungen die Welt revolutionieren<\/a>\u00a0(20.6.2025)<\/li>\n<li><a href=\"https:\/\/www.freiburg-schwarzwald.de\/blog\/global\/finanzsystem\/bitcoin\/\">Marc Friedrich: Die gr\u00f6\u00dfte Revolution aller Zeiten \u2013 Bitcoin<\/a> (10.1.2025)<\/li>\n<li><a href=\"https:\/\/www.freiburg-schwarzwald.de\/blog\/engagement\/zukunft\/demokratie\/politik\/zeitenwende\/\">Ampel, Trump, Bitcoin \u2013 Wenn sich das Blatt pl\u00f6tzlich wendet<\/a>\u00a0(14.11.2024)<\/li>\n<li>Werden heute Bitcoin-ETFs genehmigt? (10.1.2024)<\/li>\n<li><a href=\"https:\/\/www.freiburg-schwarzwald.de\/blog\/ernst-wolff-geld-finanz-system\/\">Ernst Wolff: Geld-Finanz-System<\/a>\u00a0(3.11.2023)<\/li>\n<li><a href=\"https:\/\/www.freiburg-schwarzwald.de\/blog\/global\/finanzsystem\/digitalgeld\/\">Der inszenierte B\u00fcrgerkrieg \u2013 Digitalgeld in USA<\/a>\u00a0(19.1.2021)<\/li>\n<li>Bitcoin heisst das Geld der Zukunft (8.12.2020)<\/li>\n<li><a href=\"https:\/\/www.freiburg-schwarzwald.de\/blog\/banken-schliessen-blockchain\/\">https:\/\/www.freiburg-schwarzwald.de\/blog\/banken-schliessen-blockchain\/<\/a> (15.12.2018)<\/li>\n<li>1. Blockchain-Symposium Freiburg &#8211; gro\u00dfer Andrang (3.12.2018)<\/li>\n<li>Studentische Initiative zur Blockchain an der Uni Freiburg (22.11.2018)<\/li>\n<li><\/li>\n<li>Was ist eine Blockchain<\/li>\n<li><a href=\"https:\/\/www.freiburg-schwarzwald.de\/blog\/global\/finanzsystem\/bitcoin\/\">Bitcoin<\/a><\/li>\n<li><a title=\"Dienste\" href=\"https:\/\/www.freiburg-schwarzwald.de\/blog\/business\/dienste\/\">Dienstleister<\/a><\/li>\n<li><a href=\"https:\/\/www.freiburg-schwarzwald.de\/blog\/global\/finanzsystem\/digitalgeld\/\">Digitalgeld<\/a><\/li>\n<li><a title=\"Internetservice\" href=\"https:\/\/www.freiburg-schwarzwald.de\/blog\/business\/dienste\/internetservice\/\">Internetserice<\/a><\/li>\n<li><a href=\"https:\/\/www.freiburg-schwarzwald.de\/blog\/global\/finanzsystem\/krypto\/\">Krypto<\/a><\/li>\n<li><a title=\"Zukunft\" href=\"https:\/\/www.freiburg-schwarzwald.de\/blog\/engagement\/zukunft\/\">Zukunft<\/a><\/li>\n<\/ul>\n<p>&nbsp;<\/p>\n<p><strong>Werden heute Bitcoin-ETFs genehmigt?<\/strong><br \/>\nEs ist der Moment, auf den viele Bitcoin-Fans hingefiebert haben: Heute soll die US-B\u00f6rsenaufsicht SEC die Zulassung der BTC-ETFs bekanntgeben. ETFs sind Fonds, die einen Verm\u00f6genswert abbilden in welchen Privat- und Gro\u00dfanleger auf einfachem B\u00f6rsenwege investieren k\u00f6nnen. Es ist ein Finanzprodukt f\u00fcr alle, denen der konventionelle Weg, Bitcoin zu kaufen, bisher aus irgendwelchen Gr\u00fcnden zu umst\u00e4ndlich war, die aber sehr wohl gerne am Wertgewinn von Bitcoin partizipieren wollen. Blackrock, Grayscale, Ark, Fidelity und einige andere haben sich seit Monaten um die Zulassung eines solchen ETFs bem\u00fcht. Der Hype im Vorfeld war deutlich sp\u00fcrbar: Obwohl Bitcoin eigentlich erst in der zweiten H\u00e4lfte diesen Jahres in den n\u00e4chsten Hausse-Zyklus einschwenken sollte, ist die \u00e4lteste Kryptow\u00e4hrung, die vor kurzem ihren 15. Geburtstag feierte, schon im Jahr 2023 um fast 150% gestiegen. Sicher auch ein Vorspiel auf den Hype um den ETF. Niemand will jetzt den Krypto-Zug verpassen. \u201eFOMO&#8220; (Fear of Missing Out, Angst etwas zu verpassen) macht sich breit.<br \/>\nDer ETF ist ein Ritterschlag f\u00fcr Bitcoin. Und zudem ein Ritterschlag f\u00fcr die Idee eines deflation\u00e4ren, zensurresistenten und dezentralen Geldes von unten, welches immer mehr als Alternative zu Gold wahrgenommen wird. In Zeiten von anschwellender Inflation fungiert Bitcoin wie ein Spiegelbild zu staatlichem Geld. Was letzteres an innerem Wert best\u00e4ndig verliert, saugt Bitcoin an wie ein neuer Planet und sichert die Kaufkraft besser als jede andere Verm\u00f6gensklasse. Bitcoin hat die ganze Kurve der Massenannahme durchlaufen: zuerst als Nerd-Geld bel\u00e4chelt, dann lange als W\u00e4hrung von Kriminellen verspottet, schliesslich in die Ecke eines virtuellen Casinos gestellt, ist Bitcoin jetzt offiziell zu gross geworden, als dass ihn die Hochfinanz noch ignorieren k\u00f6nnte. Wobei: Sie k\u00f6nnte schon. Sie will es nur nicht mehr.<br \/>\nDie Entwicklung l\u00e4sst sich nicht aufhalten. Immerhin das haben nun alle verstanden. So will man wenigstens ein Teil vom Kuchen haben. Kasse machen die ETF-Anbieter dabei \u00fcber Geb\u00fchren. Gerade versuchen sich die Betreiber gegenseitig zu unterbieten, locken mit Niedrig-Geb\u00fchrenangeboten. Es beginnt ein klassischer Landsturm auf ein St\u00fcck von Kryptopia. In der Szene wird spekuliert, dass zwischen zwei bis f\u00fcnf Milliarden Dollar \u00fcber verm\u00f6gende Kunden schon bald in diese ETFs fliessen k\u00f6nnten \u2013 was den Bitcoin, dessen Angebot strikt auf 21 Mio. St\u00fcck begrenzt ist, durch einen Nachfrageschock in den n\u00e4chsten Kurshimmel katapultieren k\u00f6nnte.<br \/>\n&#8230; Alles vom 10.1.2024 von Milosz Matuschek bitte lesen auf<br \/>\n<a href=\"https:\/\/www.freischwebende-intelligenz.de\">https:\/\/www.freischwebende-intelligenz.de<\/a><\/p>\n<p>&nbsp;<\/p>\n<p>&nbsp;<\/p>\n<p><strong>Bitcoin heisst das Geld der Zukunft<\/strong><br \/>\n<strong>Warum die Kryptow\u00e4hrung in der freien Welt enormes Potenzial hat<\/strong><br \/>\n\u00d6konomen und Intellektuelle haben sich bis vor kurzem \u00fcber den Bitcoin lustig gemacht. Das war vorschnell. Es ist Zeit, ernsthaft \u00fcber das dezentral verwaltete Geld nachzudenken.<br \/>\n&#8230; Allsvom 8.12.2020 bitte lesen auf<br \/>\n<a href=\"https:\/\/www.nzz.ch\/feuilleton\/niall-ferguson-bitcoin-heisst-das-geld-der-zukunft-ld.1590869?mktcid=nled&amp;mktcval=124&amp;kid=nma_2020-12-9&amp;ga=&amp;trco=\">https:\/\/www.nzz.ch\/feuilleton\/niall-ferguson-bitcoin-heisst-das-geld-der-zukunft-ld.1590869?mktcid=nled&amp;mktcval=124&amp;kid=nma_2020-12-9&amp;ga=&amp;trco=<\/a><\/p>\n<p>.<\/p>\n<p><strong>1. Blockchain-Symposium Freiburg<\/strong><br \/>\n<em>Samstagnachmittag, H\u00f6rsaal 1010 in Uni-Kollegiengeb\u00e4ude I \u2013 der Raum ist brechend voll. Die Veranstalter von Freiburgs erstem Blockchain-Symposium mussten bei den Anmeldungen bremsen, denn mehr Zuh\u00f6rer passten einfach nicht in die Reihen mit zusammen rund 400\u2005Sitzpl\u00e4tzen. &#8230; Nach den einzelnen Vortr\u00e4gen, die jeweils rund 25 Minuten dauernd, kommen sofort Fragen aus dem Publikum.<br \/>\n<\/em>\u00a0.<br \/>\n&#8222;Saving the world \u2013 one blockchain at a time!&#8220; Diesen Satz l\u00e4sst Christopher Burgahn bei seinem Auftritt an die gro\u00dfe Leinwand werfen. &#8222;Die Welt retten \u2013 Blockchain f\u00fcr Blockchain!&#8220; lie\u00dfe sich das auf Deutsch \u00fcbersetzen. Burgahn arbeitet f\u00fcr die Stiftung Share &amp; Charge in Zug in der Schweiz. Die Stiftung arbeitet an einem System, welches das Aufladen von Elektroautos revolutionieren soll \u2013 beziehungsweise die Abwicklung der damit verbundenen Bezahlvorg\u00e4nge. Denn die Ladestationen f\u00fcr Elektroautos werden von vielen verschiedenen Anbietern betrieben, Servicepersonal vor Ort gibt es nicht. Wie kommen nun der Fahrer eines beliebigen Elektroautos und der Anbieter einer beliebigen Ladestation zusammen? Genauer gefragt: Wie schafft man es, dass das Aufladen erlaubt wird und im Gegenzug das entsprechende Entgelt entrichtet wird. &#8222;Wir denken, dass die Blockchain hier eine L\u00f6sung sein kann \u2013 ohne Mittelsm\u00e4nner, welche sich dazwischenschalten&#8220;, erkl\u00e4rt Burghan. Wenn er von dem Projekt erz\u00e4hlt, klingt viel Idealismus mit. &#8222;Wir wollen einen Schritt in die richtige Richtung tun, um die Welt besser zu machen&#8220;, sagt der junge Mann, der in Ulm nachhaltige Unternehmensf\u00fchrung studiert hat. \u00c4hnliches klingt auch beim Referat von Titusz Pan durch. Der IT-Experte ist Vorstand der im Jahr 2000 gegr\u00fcndeten Craft AG in Freiburg. Das Unternehmen war Teil eines Entwicklungsprojekts, bei dem es um die Nutzung der Blockchain f\u00fcr die Vermarktung von Medieninhalten ging. Der IT-Konzern Google hat das mit 400.000 Euro gef\u00f6rdert \u2013 was zeigt, dass auch Profitpotenzial in der Technik steckt. &#8222;Mir ist dabei klar geworden, dass die Blockchain-Technik komplexer und tiefer ist, als es zun\u00e4chst scheint, aber dass sie tats\u00e4chlich das Potenzial hat, die Welt zu ver\u00e4ndern&#8220;, so Titusz Pan.<br \/>\n.<br \/>\nAngesprochen wurden beim Symposium auch die Grenzen und Probleme \u2013 etwa der hohe Energieverbrauch. &#8222;Ich habe hier einiges gelernt&#8220;, sagt Alex Giurca, der zu den Besuchern des Symposiums geh\u00f6rt. Er ist Doktorand im Bereich Forst- und Umweltpolitik an der Uni Freiburg: &#8222;F\u00fcr mich ist interessant, ob und wie man die Blockchain zum Beispiel bei Umweltzertifikaten nutzen kann. Da k\u00f6nnte die Technik vielleicht mehr Transparenz f\u00fcr Verbraucher schaffen, die umweltfreundliche und nachhaltige Produkte suchen.&#8220;<br \/>\n&#8230; Alles vom 3.12.2018 bitte lesen auf<br \/>\n<a href=\"https:\/\/www.badische-zeitung.de\/freiburg\/das-erste-blockchain-symposium-in-freiburg-war-gut-besucht--161318428.html\">https:\/\/www.badische-zeitung.de\/freiburg\/das-erste-blockchain-symposium-in-freiburg-war-gut-besucht&#8211;161318428.html<br \/>\n<\/a>.<\/p>\n<p><strong>Studentische Initiative zur Blockchain an der Uni Freiburg<\/strong><br \/>\nBekannt geworden ist die Blockchain vor allem als technische Basis f\u00fcr die Kryptow\u00e4hrung Bitcoin. Und auch viele anderen Kryptow\u00e4hrungen wie etwa Ripple und Ethereum nutzen sie als Grundlage. Doch die denkbaren Anwendungen gehen dar\u00fcber weit hinaus. So k\u00f6nnte die Blockchain k\u00fcnftig \u00f6ffentliche Verzeichnisse wie das Grundbuch und das Handelsregister \u00fcberfl\u00fcssig machen. Es w\u00e4re keine Beh\u00f6rde mehr n\u00f6tig, welche das Verzeichnis f\u00fchrt und f\u00fcr seine Verl\u00e4sslichkeit einsteht. Die offene und zugleich f\u00e4lschungssichere Blockchain w\u00fcrde dies stattdessen leisten. &#8222;Letztlich kann die Blockchain die meisten Intermedi\u00e4re ersetzen, also Dritte, die bei Gesch\u00e4ften als neutrale Stelle f\u00fcr eine verl\u00e4ssliche Ausf\u00fchrung sorgen&#8220;, erl\u00e4utert Informatikstudent Philipp George, ebenfalls Mitorganisator des Symposiums. Dies k\u00f6nnte etwa auch Banken zu schaffen machen.<br \/>\nTr\u00e4ger des Events sind drei universit\u00e4re Initiativen: der Verein der Freiburger Wirtschaftswissenschaftler, der Foundersclub Freiburg und der B\u00f6rsenverein Freiburg. &#8222;Die Resonanz auf unser Projekt, das wir im April begonnen haben, ist riesig&#8220;, freut sich David Gelantia. Die Stadt Freiburg unterst\u00fctze das Projekt ebenfalls. &#8222;Es haben sich auch Unternehmensvertreter aus der Region angemeldet&#8220;, so der Student weiter. &#8222;Ein Viertel der bereits Angemeldeten sind \u00fcbrigens Frauen&#8220;, f\u00fcgt Pia Kohler vom Orga-Team hinzu, &#8222;das finde ich gut, denn es handelt sich ja um eine Zukunftstechnik.&#8220;<br \/>\nDas Blockchain-Symposium findet am Samstag, 1. Dezember 2018, von 12 bis 19 Uhr statt \u2013 mit anschlie\u00dfendem lockerem Get-together. Treffpunkt ist im H\u00f6rsaal 1010 im Uni-Kollegiengeb\u00e4ude I. Geplant sind neun Vortr\u00e4ge und zwei Workshops. Der Eintritt ist frei. Informationen und Anmeldung unter www.blockchain-freiburg.de.<br \/>\n&#8230;. Alles von Holger Schindler vom 22.11.2018 bitte lesen auf<br \/>\n<a href=\"https:\/\/www.badische-zeitung.de\/studentische-initiative-will-ueber-die-blockchain-informieren\">https:\/\/www.badische-zeitung.de\/studentische-initiative-will-ueber-die-blockchain-informieren<\/a><\/p>\n<p>&nbsp;<\/p>\n<p>.<br \/>\n<strong>Was ist eine Blockchain<\/strong><br \/>\nDie Blockchain ist einer Computerdatenbank, bei der die Daten dezentral und redundant, also identisch auf einer Vielzahl von Rechnern, in einem Computernetz gespeichert sind. Jeder neue Datensatz wird mit bisherigen \u00fcber kryptografischer Verfahren verkettet (chain). Dadurch sind die Daten in der Blockchain gegen Manipulation gesch\u00fctzt sind. Weil alle Beteiligten die Daten sozusagen st\u00e4ndig im Auge haben, kann niemand heimlich daran rumbasteln, ohne dass es die anderen alle bemerken.<br \/>\nDie Blockchain wurde als Basistechnologie de Kryptow\u00e4hrung Bitcoin bekannt. Anwendbar ist sie aber im Prinzip \u00fcberall dort, wo bisher Vermittler (Makler, Mittelsm\u00e4nner, Vertreter, Notare, Bankdienstleister) zum Einsatz kommen, um Vertrauen herzustellen zwischen der Vertragspartnern, etwa bei einem Kreditgesch\u00e4ft (<a title=\"Banken\" href=\"https:\/\/www.freiburg-schwarzwald.de\/blog\/business\/dienste\/banken\/\">Bank als Vermittler<\/a> zwischen dem Kunden und der Hypotheken-Darlehensgeber). Diese Vermittleraufgabe k\u00f6nnte auch die Blockchain \u00fcbernehmen.<br \/>\n.<br \/>\nBeispiel:<em>\u00a0&#8218;<br \/>\nSie haben drei Eigentumswohnungen (ETWs) gekauft, von einem Privatmann, einem Bautr\u00e4ger\u00a0und einer Immobiliengesellschaft. Drei Kaufvertr\u00e4ge incl aller Daten (Baubeschreibung, Grundbuch, Finanzierung, Belastungen, Preis, &#8230;)\u00a0 dokumentieren den Kauf der drei ETWs.<br \/>\nDie drei Vertr\u00e4ge sind in einer Blockchain verkettet, wobei alle Vertragsinhalte in allen drei Vertr\u00e4gen bei allen vier Beteiligten identisch gespeichert sind, also 3*4 =\u00a012 mal.<br \/>\nDer Speicheraufwand ist aufgrund dieser Datenredundanz gro\u00df, aber: Ein Betr\u00fcger, der in einem Vertrag herumtrickst, verr\u00e4t sich sofort, da zu anderen drei Vertragskopien der Blockchain keine Identit\u00e4t mehr herrscht.<br \/>\nAls Eigent\u00fcmer der drei ETWs haben Sie Zugriff auf alle ihre drei eigenen Vertr\u00e4ge &#8211; ihre Vertragspartner hingegen nicht, sondern nur f\u00fcr ihre jeweils eigenen Vertr\u00e4ge.<br \/>\nDurch diese Blockchain (im\u00a0 Beispiel sindes vier Blocks) werden die Jobs des Grundbuchamtes und der Notars hinf\u00e4llig\u00a0&#8211; die Vermittler werden irgendwann einmal arbeitslos bzw. das Grundbuchamt aufgel\u00f6st (es besteht allenfalls als Archiv).\u00a0<\/em><\/p>\n","protected":false},"excerpt":{"rendered":"<p>Home\u00a0&gt;Business\u00a0&gt;Dienste\u00a0&gt;Computer\u00a0&gt;Internetservice\u00a0&gt;Blockchain &nbsp; Listenauswahl eines Beitrags (Artikel\/Datum, Seite\/Inhalt):\u00a0Klicken\u00a0oder scrollen Wie Kryptow\u00e4hrungen die Welt revolutionieren\u00a0(20.6.2025) Marc Friedrich: Die gr\u00f6\u00dfte Revolution aller Zeiten \u2013 Bitcoin (10.1.2025) Ampel, Trump, Bitcoin \u2013 Wenn sich das Blatt pl\u00f6tzlich wendet\u00a0(14.11.2024) Werden heute Bitcoin-ETFs genehmigt? (10.1.2024) Ernst Wolff: &hellip; <a href=\"https:\/\/www.freiburg-schwarzwald.de\/blog\/business\/dienste\/blockchain\/\">Weiterlesen <span class=\"meta-nav\">&rarr;<\/span><\/a><\/p>\n","protected":false},"author":2,"featured_media":0,"parent":191,"menu_order":0,"comment_status":"open","ping_status":"closed","template":"","meta":{"footnotes":""},"class_list":["post-69324","page","type-page","status-publish","hentry"],"_links":{"self":[{"href":"https:\/\/www.freiburg-schwarzwald.de\/blog\/wp-json\/wp\/v2\/pages\/69324","targetHints":{"allow":["GET"]}}],"collection":[{"href":"https:\/\/www.freiburg-schwarzwald.de\/blog\/wp-json\/wp\/v2\/pages"}],"about":[{"href":"https:\/\/www.freiburg-schwarzwald.de\/blog\/wp-json\/wp\/v2\/types\/page"}],"author":[{"embeddable":true,"href":"https:\/\/www.freiburg-schwarzwald.de\/blog\/wp-json\/wp\/v2\/users\/2"}],"replies":[{"embeddable":true,"href":"https:\/\/www.freiburg-schwarzwald.de\/blog\/wp-json\/wp\/v2\/comments?post=69324"}],"version-history":[{"count":6,"href":"https:\/\/www.freiburg-schwarzwald.de\/blog\/wp-json\/wp\/v2\/pages\/69324\/revisions"}],"predecessor-version":[{"id":135660,"href":"https:\/\/www.freiburg-schwarzwald.de\/blog\/wp-json\/wp\/v2\/pages\/69324\/revisions\/135660"}],"up":[{"embeddable":true,"href":"https:\/\/www.freiburg-schwarzwald.de\/blog\/wp-json\/wp\/v2\/pages\/191"}],"wp:attachment":[{"href":"https:\/\/www.freiburg-schwarzwald.de\/blog\/wp-json\/wp\/v2\/media?parent=69324"}],"curies":[{"name":"wp","href":"https:\/\/api.w.org\/{rel}","templated":true}]}}