{"id":69194,"date":"2018-11-29T18:47:39","date_gmt":"2018-11-29T17:47:39","guid":{"rendered":"https:\/\/www.freiburg-schwarzwald.de\/blog\/?page_id=69194"},"modified":"2026-02-20T14:34:59","modified_gmt":"2026-02-20T13:34:59","slug":"islamkonferenz","status":"publish","type":"page","link":"https:\/\/www.freiburg-schwarzwald.de\/blog\/religion\/islam\/islamkonferenz\/","title":{"rendered":"Islamkonferenz"},"content":{"rendered":"<p><a href=\"https:\/\/freiburg-schwarzwald.de\/blog\">Home<\/a>\u00a0&gt;<a title=\"Religion\" href=\"https:\/\/www.freiburg-schwarzwald.de\/blog\/religion\/\">Religion<\/a>\u00a0&gt;<a title=\"Islam\" href=\"https:\/\/www.freiburg-schwarzwald.de\/blog\/religion\/islam\/\">Islam<\/a>\u00a0&gt;Islam-Konferenz<\/p>\n<div id=\"attachment_69188\" style=\"width: 650px\" class=\"wp-caption alignnone\"><a href=\"https:\/\/www.freiburg-schwarzwald.de\/blog\/meinungsvielfalt-medienvielfalt\/abdel-samad-ates-manour-pan20181128\/\" rel=\"attachment wp-att-69188\"><img loading=\"lazy\" decoding=\"async\" aria-describedby=\"caption-attachment-69188\" class=\"size-full wp-image-69188\" src=\"https:\/\/www.freiburg-schwarzwald.de\/blog\/wp-content\/uploads\/2018\/11\/Abdel-Samad-Ates-Manour-pan20181128.jpg\" alt=\"Hamed Abdel-Samad, Seyran Ates und Ahmad Mansour (rechts) auf der 4. Islam-Konferenz am 28.11.2018\" width=\"640\" height=\"367\" srcset=\"https:\/\/www.freiburg-schwarzwald.de\/blog\/wp-content\/uploads\/2018\/11\/Abdel-Samad-Ates-Manour-pan20181128.jpg 640w, https:\/\/www.freiburg-schwarzwald.de\/blog\/wp-content\/uploads\/2018\/11\/Abdel-Samad-Ates-Manour-pan20181128-180x103.jpg 180w\" sizes=\"auto, (max-width: 640px) 100vw, 640px\" \/><\/a><p id=\"caption-attachment-69188\" class=\"wp-caption-text\">Hamed Abdel-Samad, Seyran Ates und Ahmad Mansour (rechts) auf der 4. Islam-Konferenz am 28.11.2018<\/p><\/div>\n<p>Hamed Abdel-Samad, Seyran Ates und Ahmad Mansour (v.\u2009l.\u2009n.\u2009r.) auf der Deutschen Islam Konferenz, insgesamt werden sie von 15 Leibw\u00e4chtern besch\u00fctzt, drei davon stehen direkt hinter ihnen<\/p>\n<p>&nbsp;<\/p>\n<ul>\n<li><em>Listenauswahl eines Beitrags (Artikel\/Datum, Seite\/Inhalt): <span style=\"text-decoration: underline;\">Klicken<\/span> oder scrollen<\/em><\/li>\n<li><a href=\"https:\/\/www.freiburg-schwarzwald.de\/blog\/ramadan-fastenzeit-frieden\/\">Ramadan Fastenzeit \u2013 Frieden<\/a>\u00a0(20.2.2026)<\/li>\n<li><a href=\"https:\/\/www.freiburg-schwarzwald.de\/blog\/religion\/christen\/christlich-islamischer-dialog\/\">Christlich-islamischer Dialog 50 Jahre \u2013 Frustrierende Ergebnisse<\/a>\u00a0(1.12.2021)<\/li>\n<li><a href=\"https:\/\/www.freiburg-schwarzwald.de\/blog\/religion\/islam\/saekularer-islam\/\">Tilman Nagel: Einen Euro-Islam wird es nie geben<\/a>\u00a0(20.11.2020)<\/li>\n<li>Hamed Abdel-Samad tritt aus der deutschen Islamkonferenz aus (10.11.2020)<\/li>\n<li><a title=\"Islam-Organisationen\" href=\"https:\/\/www.freiburg-schwarzwald.de\/blog\/religion\/islam\/islam-organisationen\/\">Hanau: Wie Politik und Medien zur Popularit\u00e4t von Islamisten beitragen<\/a>\u00a0(28.3.2020)<\/li>\n<li><a title=\"Tibi\" href=\"https:\/\/www.freiburg-schwarzwald.de\/blog\/global\/deutschland\/tibi\/\">Ist der Islamdialog (Nagel, Tibi) noch sinnvoll?<\/a> (31.1.2020)<\/li>\n<li><a title=\"Pluralismus\" href=\"https:\/\/www.freiburg-schwarzwald.de\/blog\/religion\/pluralismus\/\">Prof Susanne Schr\u00f6ter: Kirche l\u00e4sst sich von Islamverb\u00e4nden Agenda diktieren<\/a>\u00a0(14.1.2020)<\/li>\n<li><a title=\"Rechtsstaat\" href=\"https:\/\/www.freiburg-schwarzwald.de\/blog\/selbsthilfe\/soziales\/justiz\/rechtsstaat\/\">Der verh\u00f6hnte Rechtsstaat \u2013\u00a0Emma entlarvt ZdM von Mazyek<\/a>\u00a0 (19.11.2019)<\/li>\n<li><a title=\"Islam-Deutschland\" href=\"https:\/\/www.freiburg-schwarzwald.de\/blog\/religion\/islam\/islam-deutschland\/\">Schr\u00f6ter: Islamisierung \u2013 der Druck von DITIB, IGMG und ZdM nimmt zu<\/a>\u00a0(17.11.2019<\/li>\n<li>Verdummung durch manipulative Berichterstattung (4.1.2019)<\/li>\n<li><a href=\"https:\/\/www.freiburg-schwarzwald.de\/blog\/islamkonferenz-und-blutwurst\/\">https:\/\/www.freiburg-schwarzwald.de\/blog\/islamkonferenz-und-blutwurst\/<\/a> (6.12.2018)I<\/li>\n<li>Islamverb\u00e4nde ohne irgendein\u00a0Zeichen von Dankbarkeit (4.12.2018)<\/li>\n<li>Islamkonferenz: Konvertitin mokiert sich \u00fcber Islamkritiker-Polizeischutz\u00a0 (2.12.2018)<\/li>\n<li>Blutwurst ist ein deutsches Kulturgut (3.12.2018)<\/li>\n<li>4. Deutsche Islam-Konferenz \u2013 Islam-Kritiker f\u00fcrchten um ihr Leben (28.11.2018)<\/li>\n<li><\/li>\n<li><a href=\"https:\/\/www.freiburg-schwarzwald.de\/blog\/religion\/christen\/christlich-islamischer-dialog\/\">Christlich-islamischer\u00a0 Dialog<\/a><\/li>\n<li><a title=\"Abdel-Samad\" href=\"https:\/\/www.freiburg-schwarzwald.de\/blog\/religion\/islam\/abdel-samad\/\">Hamed Abdel-Samad<\/a><\/li>\n<li><a title=\"Ates\" href=\"https:\/\/www.freiburg-schwarzwald.de\/blog\/religion\/islam\/ates\/\">Seyran Ates<\/a><\/li>\n<li><a title=\"Mansour\" href=\"https:\/\/www.freiburg-schwarzwald.de\/blog\/religion\/islam\/mansour\/\">Admad Mansour<\/a><\/li>\n<\/ul>\n<ul>\n<li><a title=\"Integration-gescheitert\" href=\"https:\/\/www.freiburg-schwarzwald.de\/blog\/global\/integration\/integration-gescheitert\/\">Integration-gescheitert<\/a><\/li>\n<li><a title=\"Integration-Islam\" href=\"https:\/\/www.freiburg-schwarzwald.de\/blog\/global\/integration\/integration-islam\/\">Integration-Islam<\/a><\/li>\n<li><a title=\"IS\" href=\"https:\/\/www.freiburg-schwarzwald.de\/blog\/religion\/islam\/is\/\">IS<\/a><\/li>\n<li><a title=\"Islamunterricht\" href=\"https:\/\/www.freiburg-schwarzwald.de\/blog\/religion\/islam\/islamunterricht\/\">Islamunterricht<\/a><\/li>\n<li><a title=\"Islam-Antisemitismus\" href=\"https:\/\/www.freiburg-schwarzwald.de\/blog\/religion\/islam\/islam-antisemitismus\/\">Islam-Antisemitismus<\/a><\/li>\n<li><a title=\"Islam-Deutschland\" href=\"https:\/\/www.freiburg-schwarzwald.de\/blog\/religion\/islam\/islam-deutschland\/\">Islam-Deutschland<\/a><\/li>\n<li><a title=\"Islam-Fatwa\" href=\"https:\/\/www.freiburg-schwarzwald.de\/blog\/religion\/islam\/islam-fatwa\/\">Islam-Fatwa<\/a><\/li>\n<li><a title=\"Islam-Frauen\" href=\"https:\/\/www.freiburg-schwarzwald.de\/blog\/religion\/islam\/islam-frauen\/\">Islam-Frauenbild<\/a><\/li>\n<li><a title=\"Islam-Konferenz\" href=\"https:\/\/www.freiburg-schwarzwald.de\/blog\/religion\/islam\/islam-konferenz\/\">islam-Konferenz<\/a><\/li>\n<li><a title=\"Islam-Opferrolle\" href=\"https:\/\/www.freiburg-schwarzwald.de\/blog\/religion\/islam\/islam-opferrolle\/\">Islam-Opferrolle<\/a><\/li>\n<li><a title=\"Islam-Organisationen\" href=\"https:\/\/www.freiburg-schwarzwald.de\/blog\/religion\/islam\/islam-organisationen\/\">Islam-Organisationen in D<\/a><\/li>\n<li><a title=\"Islam-Politik\" href=\"https:\/\/www.freiburg-schwarzwald.de\/blog\/religion\/islam\/islam-politik\/\">Islam-Politik<\/a><\/li>\n<li><a title=\"Islam-Reformen\" href=\"https:\/\/www.freiburg-schwarzwald.de\/blog\/religion\/islam\/islam-reformen\/\">Islam-Reformen<\/a><\/li>\n<li><a title=\"Islam-Sexualitaet\" href=\"https:\/\/www.freiburg-schwarzwald.de\/blog\/religion\/islam\/islam-sexualitaet\/\">Islam-Sexualitaet<\/a><\/li>\n<li><a title=\"Islamisierung\" href=\"https:\/\/www.freiburg-schwarzwald.de\/blog\/religion\/islam\/islamisierung\/\">Islamisierung<\/a><\/li>\n<li><a title=\"Kelek\" href=\"https:\/\/www.freiburg-schwarzwald.de\/blog\/religion\/islam\/kelek\/\">Kelek Necla<\/a><\/li>\n<li><a title=\"Kirche-Staat\" href=\"https:\/\/www.freiburg-schwarzwald.de\/blog\/religion\/kirche-staat\/\">Kirche-Staat<\/a><\/li>\n<li><a title=\"Mansour\" href=\"https:\/\/www.freiburg-schwarzwald.de\/blog\/religion\/islam\/mansour\/\">Ahmad Mansour<\/a><\/li>\n<li><a title=\"Moscheen\" href=\"https:\/\/www.freiburg-schwarzwald.de\/blog\/religion\/islam\/moscheen\/\">Moscheen in Deutschland<\/a><\/li>\n<li><a title=\"Muslime\" href=\"https:\/\/www.freiburg-schwarzwald.de\/blog\/global\/integration\/muslime\/\">Muslime<\/a><\/li>\n<li><a title=\"Ourghi\" href=\"https:\/\/www.freiburg-schwarzwald.de\/blog\/religion\/islam\/ourghi\/\">Abdel-Hakim Ourghi<\/a><\/li>\n<li><a title=\"Sabatina-James\" href=\"https:\/\/www.freiburg-schwarzwald.de\/blog\/religion\/islam\/sabatina-james\/\">Sabatina-James<\/a><\/li>\n<li><a title=\"Scharia\" href=\"https:\/\/www.freiburg-schwarzwald.de\/blog\/religion\/islam\/scharia\/\">Scharia<\/a><\/li>\n<li><a title=\"Schulen-Migration\" href=\"https:\/\/www.freiburg-schwarzwald.de\/blog\/bildung\/schulen\/schulen-migration\/\">Schulen-Migration<\/a><\/li>\n<li><a title=\"Tuerkei\" href=\"https:\/\/www.freiburg-schwarzwald.de\/blog\/global\/tuerkei\/\">Tuerkei<\/a><\/li>\n<\/ul>\n<p><strong>Hamed Abdel-Samad tritt aus der deutschen Islamkonferenz aus<\/strong><br \/>\nSehr geehrter Herr Innenminister Horst Seehofer,<br \/>\nhiermit trete ich aus der deutschen Islamkonferenz (DIK) zur\u00fcck. Als ich vor 10 Jahren in dieses Forum eingeladen wurde, hatte ich die Hoffnung, Teil eines ehrlichen Dialogs \u00fcber den Islam in Deutschland zu werden. Doch seit dieser Zeit konnten die Islamverb\u00e4nde alle kritischen Themen, die die kritischen Stimmen auf den Tisch gebracht haben, wie etwa das Thema Radikalisierung von jungen Muslimen oder die Stellung der Frau, aus der Tagesordnung zu verbannen.<br \/>\nAm Ende blieben nur die Themen, die f\u00fcr die orthodoxen Verb\u00e4nde, nicht f\u00fcr die Gesamtgesellschaft, von Relevanz, wie Imamausbildung, Islamunterricht und muslimische Seelsorge. Mir wurde klar, dass die Verb\u00e4nde nur Geld vom Staat wollte, und dass der Staat nicht einmal wusste, was er von den Verb\u00e4nden will!<br \/>\nIch stellte fest, dass die staatlichen Vertreter ebenfalls keine kritischen Stimmen wirklich h\u00f6ren wollen. Man hat uns eingeladen, um der \u00d6ffentlichkeit zu zeigen, dass alle Stimmen im Forum vorhanden sind.<br \/>\nDoch die Realit\u00e4t ist: Der Staat biedert sich den Vertretern des politischen Islam in dieser Konferenz an und ignoriert alle Warnungen und Vorschl\u00e4gen der kritischen Stimmen. Bei der letzten \u00f6ffentlichen Sitzung erkl\u00e4rte der DITIB-Chef, dass er Absolventen der Fakult\u00e4ten f\u00fcr islamische Theologie der deutschen Universit\u00e4ten nicht als Imame einstellen w\u00fcrde, weil diese die DITIB-Standards nicht erf\u00fcllen w\u00fcrden. Ich habe danach erwartet, dass die anwesenden Vertreter sich \u00fcber diese Arroganz emp\u00f6ren, doch dies ist nicht passiert. Stattdessen unterst\u00fctzt der Staat nun, dass die DITIB und andere Vereine selbst ihre Imame ausbilden und zwar auf Kosten der Steuerzahler.<br \/>\nNein, ich mache nicht mehr mit. Denn die DITIB-Standards sind: Loyalit\u00e4t zu Erdogan und zum t\u00fcrkischen Nationalismus.<br \/>\n.<br \/>\nJa, lieber Herr Innenminister, ich mache auch die Islamkonferenz f\u00fcr die politische Aufwertung von <a href=\"https:\/\/www.freiburg-schwarzwald.de\/blog\/global\/tuerkei\/ditib\/\">DITIB<\/a> und dem <a href=\"https:\/\/www.freiburg-schwarzwald.de\/blog\/zentralrat-der-muslime-zmd\/\">Zentralrat der Muslime<\/a> verantwortlich, und somit f\u00fcr den Aufbau von Erdogan-Kult und die St\u00e4rkung des politischen Islam mitverantwortlich! Und ich halte die Unterst\u00fctzung dieser Vereine f\u00fcr Veruntreuung von Staatsgeldern.<br \/>\nDeshalb nehme ich weder an der heutigen Sitzung noch an zuk\u00fcnftigen Sitzungen der Islamkonferenz statt und ziehe mich endg\u00fcltig zur\u00fcck.<br \/>\nWir haben Sie oft gewarnt, unsere Warnung wurde nicht geh\u00f6rt. Nun tragen Sie die ganze Verantwortung alleine!<br \/>\nAlles vom 10.11.2020 von Hamed Abdel-Samad bitte lesen auf<br \/>\n<a href=\"https:\/\/www.facebook.com\/Hamed-Abdel-Samad-140472656003522\">https:\/\/www.facebook.com\/Hamed-Abdel-Samad-140472656003522<\/a><\/p>\n<p>&nbsp;<\/p>\n<p><strong>Verdummung durch manipulative Berichterstattung<\/strong><br \/>\nEin anderes Beispiel f\u00fcr manipulative Berichterstattung gab die Islamkonferenz Ende November im Bundesinnenministerium, bei der drei Teilnehmer den Schutz von Bodyguards ben\u00f6tigten, weil sie f\u00fcrchten m\u00fcssen, von radikalen Muslimen als Glaubensverr\u00e4ter angegriffen, verletzt, get\u00f6tet zu werden. Doch nicht der \u201eClash of Civilizations\u201c auf der Mikroebene beherrschte die Berichterstattung, sondern eine Diskussion \u00fcber Blutwurst, die am Buffet angeboten wurde und das Ministerium veranla\u00dfte klarzustellen, da\u00df 13 verschiedene H\u00e4ppchen zur Auswahl standen, die \u201emit Blick auf die religi\u00f6s-plurale Zusammensetzung\u201c der Konferenz zusammengestellt worden waren. Gibt man auf Google die Begriffe \u201eIslamkonferenz\u201c und \u201eBlutwurst\u201c ein, erh\u00e4lt man das Zehn- bis Zwanzigfache der Treffer, welche die Kombination \u201eIslamkonferenz\u201c und \u201ePersonensch\u00fctzer\/-schutz\u201c ergibt \u2013 ein Ergebnis der Arbeit deutscher Qualit\u00e4tsmedien.<br \/>\n&#8230; Alles von Thorsten Hinz zu &#8222;Lieber \u00fcber Blutwurst diskutieren &#8211; Die \u00f6ffentliche Debatte ist fest mit politischen Machtstrukturen verwoben&#8220;<br \/>\nbitte lesen auf Junge Freiheit,4.1.2018, Seite 14, <a href=\"https:\/\/www.jungeFreiheit.de\">https:\/\/www.jungeFreiheit.de<\/a><\/p>\n<p>&nbsp;<\/p>\n<p><strong>Islamverb\u00e4nde ohne irgendein Zeichen von Dankbarkeit<\/strong><br \/>\n<em>Berufsemp\u00f6rte sind emp\u00f6rt, weil es bei Islam-Konferenz auch Essen f\u00fcr Ungl\u00e4ubige gab. Wissen Sie, was mir fehlt? <a title=\"Gemeingueter und Dankbarkeit\" href=\"https:\/\/www.freiburg-schwarzwald.de\/blog\/gemeingueter-und-dankbarkeit\/\">DANKBARKEIT<\/a> daf\u00fcr, dass der EIGENTLICH religionsferne Staat EINER Religion so entgegenkommt. Wo ist die Konferenz f\u00fcr Buddhisten oder Bahai&#8217;i?<\/em><\/p>\n<p>Wie aber reagieren die Eingeladenen (der Islamkonferenz)? H\u00f6ren wir ein peinliches Ber\u00fchrtsein dar\u00fcber, dass der Staat sich in die Angelegenheiten einer Religion einmischen muss? H\u00f6ren wir den Willen, seine Probleme dann doch selbst in den Griff zu bekommen? H\u00f6ren wir ernste Versuche, sein eigenes Denken an die Neuzeit anzupassen? H\u00f6ren wir, zum Kuckuck nochmal, <a title=\"Gemeingueter und Dankbarkeit\" href=\"https:\/\/www.freiburg-schwarzwald.de\/blog\/gemeingueter-und-dankbarkeit\/\">Dankbarkeit<\/a>, dass mit dem Geld mehrheitlich \u00bbUngl\u00e4ubiger\u00ab eine Veranstaltung f\u00fcr die Religion einer Minderheit bezahlt und organisiert wird, dass Ressourcen daf\u00fcr verbrannt werden, statt diese Zeit und Aufmerksamkeit f\u00fcr Zukunftsfragen wie Digitalisierung, Mobilit\u00e4t und Forschung zu investieren?<br \/>\n.<br \/>\nAuf dem Buffet, h\u00f6ren wir, wagte der Staat frecherweise, neben dem Fleisch nach religi\u00f6sen Regeln auch Essen f\u00fcr die \u00bbUngl\u00e4ubigen\u00ab anzubieten, die ja ebenfalls anwesend waren (siehe z.B. bild.de, 1.12.2018) \u2013 und dar\u00fcber emp\u00f6rten sich die Emp\u00f6rungs-Profis! \u2013 Aiman Mazyek vom Zentralrat der Muslime fordert (\u00bbich fordere\u00ab) eine \u00bbNachschulung\u00ab der Beh\u00f6rdenvertreter (@aimanMazyek, 1.12.2018). Tuncay \u00d6zdamar vom WDR sieht mangelnden \u00bbRespekt\u00ab vor Muslimen (@TuncayOezdamar, 29.11.2018). (Mancher Deutscher wird aus seiner Erfahrung heraus nerv\u00f6s, wenn Menschen mit Hintergrund in robusteren Kulturen f\u00fcr sich \u00bbRespekt\u00ab fordern \u2013 in jenen Kulturen gilt wom\u00f6glich nicht, dass Respekt sich verdient wird, sondern eher dass er via Machtbeweis oder gar Gewalt erzwungen wird.)<br \/>\nUnd, kein Emp\u00f6rungszug w\u00e4re vollst\u00e4ndig, wenn nicht der Gr\u00fcne Volker Beck aufspr\u00e4nge, um im blanken Vorhandensein nicht-muslimischen Essens einen Mangel an erkannter \u00bbVielfalt\u00ab zu sehen (@volkerbeck, 29.11.2018) \u2013 immerhin eine sehr ehrliche Definition davon, was die Bullshit-Vokabel \u00bbVielfalt\u00ab tats\u00e4chlich bedeutet.<br \/>\n.<br \/>\nWissen Sie, was mir in der Debatte fehlt? Dankbarkeit! Wo bleibt die Dankbarkeit? Ein christlich gepr\u00e4gter Staat verbiegt sich r\u00fcckw\u00e4rts, um Gl\u00e4ubigen zu begegnen, die in allen anderen \u00bbUngl\u00e4ubige\u00ab sehen. <strong><em>W\u00e4hrend man sich in kl\u00fcgeren Teilen der Welt mit Zukunftstechnologien, Bildung und gesellschaftlicher Stabilit\u00e4t besch\u00e4ftigt, besch\u00e4ftigt sich Deutschland allen Ernstes mit Religionen und Glaubenss\u00e4tzen<\/em><\/strong>, als h\u00e4tte es die <a title=\"Aufklaerung\" href=\"https:\/\/www.freiburg-schwarzwald.de\/blog\/kultur\/aufklaerung\/\">Aufkl\u00e4rung<\/a> nie gegeben \u2013 und statt Dankbarkeit kommt zur\u00fcck: Beschwerden, Forderungen und sogar Diffamierungen.<br \/>\nDas Problem mangelnder Dankbarkeit ist gr\u00f6\u00dfer als \u00bbnur\u00ab die Abwesenheit von Anstand und \u00bbRespekt\u00ab seitens derer, die Respekt selbst am lautesten einfordern. Das Problem ist leider gr\u00f6\u00dfer: undankbare Menschen werden immer, immer unzufrieden bleiben.<br \/>\n&#8230;. Alles vom 2.12.2018 von Dushan Wegner bitte lesen auf<br \/>\n<a href=\"https:\/\/dushanwegner.com\/islamkonferenz-ohne-dankbarkeit\/?mc_cid=be33fa5b06&amp;mc_eid=ec2998b02e\">https:\/\/dushanwegner.com\/islamkonferenz-ohne-dankbarkeit\/?mc_cid=be33fa5b06&amp;mc_eid=ec2998b02e<\/a><\/p>\n<p>&nbsp;<\/p>\n<p><strong>Islamkonferenz: Konvertitin mokiert sich \u00fcber Islamkritiker-Polizeischutz<\/strong><br \/>\nEine zum Islam konvertierte Dame, die Gr\u00fcnderin einer Initiative f\u00fcr Frauen, die f\u00fcr die Integration von Fl\u00fcchtlingen zust\u00e4ndig sein will, nat\u00fcrlich mit Steuergeldern, protestierte dagegen, dass Hamed Abdel-Samad, Seyrat Ates und Ahmad Mansour so viel Polizeischutz haben und behauptete, die drei w\u00fcrden eine mediale Show abziehen. Wir dokumentieren, was Hamed Abdel-Samad dazu schreibt:<br \/>\n\u201eUnd noch ein Zwischenfall aus der Islamkonferenz, wor\u00fcber sich sonst keiner aufregt: Seyran Ates, Ahmad Mansour und ich waren, wie immer, in Begleitung von 15 Personensch\u00fctzern da. Eine zum Islam konvertierte Dame stand auf und protestierte dagegen, dass wir so viel Schutz haben und behauptete, wir w\u00fcrden eine mediale Show abziehen. Dabei hat sie selbst eine Show gestartet. Sie kam zu mir gerannt und sagte ironisch \u201eDarf ich Ihnen die Hand geben oder werden Ihre Bodyguards mich wegschubsen?\u201c. Diese Dame hat mit ihrem Auftritt nicht nur uns drei verleumdet, sondern auch das LKA-Berlin, den Staatsschutz und somit auch den Innenminister, der uns zu dieser Konferenz eingeladen hatte. Wir w\u00fcrden nach ihrer Theorie alle unter eine Decke stecken, um den Islam in den Medien schlecht zu machen. Die Dame war nicht irgendeine normale Teilnehmerin der Konferenz, sondern sie ist die Gr\u00fcnderin einer Initiative f\u00fcr Frauen, die f\u00fcr die Integration von Fl\u00fcchtlingen zust\u00e4ndig ist, nat\u00fcrlich mit unseren Steuergeldern. Sie bezeichnet sich selbst als Feministin, wurde mehrfach ausgezeichnet und stand neben der Kanzlerin bei der Gedenkveranstaltung nach dem Anschlag auf dem Breitscheid-Platz. Sie stand da, um Krokodilstr\u00e4nen \u00fcber die Opfer von Anis Amri zu gie\u00dfen, wirft uns aber mediale Show vor, weil wir Schutz brauchen vor den Br\u00fcdern von Amri, die uns bedrohen und die immer noch unter uns leben.<br \/>\nF\u00fcr ihre Diffamierung erntete sie einen tobenden Applaus von manchen anwesenden Muslimen. Auch ein Journalist, der daf\u00fcr bekannt ist, den Islam vehement zu verteidigen, sprang ihr zu Seite, und fantasierte \u00fcber Islam-Kritiker, die angeblich Kritik nicht zulassen. Nur Staatssekret\u00e4r Kerber hat sie unterrichtet, dass keiner von uns so leben will, und das der Staat selbst die Gef\u00e4hrdungslage bewertet und dementsprechend entscheidet, wer welche Schutzma\u00dfnahmen bekommt.<br \/>\nIch kritisierte ihre Unterstellung und nannte ihren Auftritt eine Unversch\u00e4mtheit, aber da gab es keine Reaktion von den friedlichen Muslimen im Saal. Nur die Aktivistin K\u00fcbra G\u00fcm\u00fcsay hat f\u00fcr uns Partei ergriffen und nannte die Drohungen gegen uns inakzeptabel und sprach uns ihre Solidarit\u00e4t aus. Das tat sonst keiner der anwesenden Vertreter der Islamverb\u00e4nde.<br \/>\nNach der Veranstaltung kam die preisgekr\u00f6nte Mustermuslima, die uns diffamiert hat, nicht etwa zu mir um sich zu entschuldigen, sondern zum Staatssekret\u00e4r, um ihn zu bes\u00e4nftigen. Vermutlich weil sie um ihre F\u00f6rdergelder f\u00fcr die angebliche Integrationsarbeit f\u00fcrchtet!<br \/>\nWer regt sich dar\u00fcber auf, dass Menschen im Jahre 2018 mitten im Europa um ihr leben f\u00fcrchten, nur weil sie den Islam kritisieren? Wer regt sich dar\u00fcber auf, dass Berufsmuslime Millionen von unseren Steuergeldern erhalten, um die Integration zu bef\u00f6rdern und der Radikalisierung entgegenzuwirken? Und je mehr die Integration scheitert und die Radikalisierung zunimmt, bekommen sie noch mehr Geld. Wer \u00e4rgert sich dar\u00fcber, dass bei Veranstaltungen, die Terroropfer gedenken sollen, nicht diejenigen, die unter Terrorgefahr leben, eingeladen werden, sondern, die die den Terror und die Bedrohungen relativieren?\u201c<br \/>\nQuelle: <a title=\"Abdel-Samad\" href=\"https:\/\/www.freiburg-schwarzwald.de\/blog\/religion\/islam\/abdel-samad\/\">Hamed Abdel-Samad<\/a> bei Facebook, 2.12.2018<br \/>\n<a href=\"https:\/\/www.facebook.com\/hamed.abdelsamad\/posts\/10156957719865979\">https:\/\/www.facebook.com\/hamed.abdelsamad\/posts\/10156957719865979<\/a><\/p>\n<p>.<br \/>\n<strong>Blutwurst ist ein deutsches Kulturgut<\/strong><br \/>\nAuf der Islam-Konferenz wurden am 29.11.2018 zu Mittag 14 verschiedene Essen angeboten (bezahlt vom Innenminister Seehofer) &#8211; darunter auch leckere Men\u00fcs halal, vegetarisch, vegan, &#8230; Dennoch h\u00f6rte man\u00a0viele Klagen, da Blutwurst an der Theke sichtbar wurde.<br \/>\n<em>. &#8222;Was wir brauchen, ist eine Debatte, wie man fundamentalistische Strukturen m\u00f6glichst effizient zur\u00fcckdr\u00e4ngt. Was wir bekommen, ist eine Debatte, ob man in Anwesenheit von Muslimen #Blutwurst essen darf&#8220;,<\/em><br \/>\n.<br \/>\ntwitterte die Berliner Frauenrechtlerin <a title=\"Ates\" href=\"https:\/\/www.freiburg-schwarzwald.de\/blog\/religion\/islam\/ates\/\">Seyran Ates<\/a>, die an der 4. Deutschen Islam-Konferenz vergangenen Donnerstag teilnahm. Ein anderer Twitterer schrieb:<br \/>\n.<br \/>\n<em>&#8222;Gro\u00dfe Aufregung \u00fcber Speck und Blutwurst bei der #Islamkonferenz \u2013 w\u00e4re sch\u00f6n, wenn sich die Islam-Verb\u00e4nde mal \u00e4hnlich \u00fcber Ehrenmorde, Unterdr\u00fcckung von Frauen, islamischen Antisemitismus etc aufregen w\u00fcrden.&#8220;<\/em><\/p>\n<p>Ein Trost: Zum Gl\u00fcck war Ex-Bundeskanzler Kohl nicht anwesend, denn er h\u00e4tte bestimmt seinen so geliebten Pf\u00e4lzer Saumagen\u00a0 angeboten.<br \/>\n3.12.2018<\/p>\n<p>&nbsp;<\/p>\n<p><strong>4. Deutsche Islam-Konferenz \u2013 Islam-Kritiker f\u00fcrchten um ihr Leben<\/strong><br \/>\nGleich in den ersten Reihen sa\u00dfen gestern drei Islam-Kritiker, die rund um die Uhr Polizeischutz brauchen und um ihr Leben f\u00fcrchten m\u00fcssen: Rechtsanw\u00e4ltin und Moschee-Gr\u00fcnderin Seyran Ates (55, zwei Leibw\u00e4chter im direkten Umfeld), der deutsch-israelische Extremismus-Experte Ahmad Mansour (42, zwei Leibw\u00e4chter direkt neben sich) und der deutsch-\u00e4gyptische Politologe Hamed Abel-Samad (46, auch zwei Leibw\u00e4chter neben sich). Weitere Personensch\u00fctzer sichern den Raum, die T\u00fcren. Selbst auf dem Weg zur Toilette werden die Islam-Kritiker begleitet. Ates wendet sich an Seehofer, spricht f\u00fcr alle drei: \u201eWir sind nur hier, weil uns 15 LKA-Beamte besch\u00fctzen.\u201c<br \/>\n.<br \/>\n&#8211; Seit 2006 lebt Ates unter Polizeischutz, ihre Adresse gibt sie nicht preis. Nach Erscheinen ihres Buches \u201eDer Islam braucht eine sexuelle Revolution\u201c erhielt sie 2009 viele Morddrohungen. Seitdem sie in Berlin die erste liberale Moschee er\u00f6ffnet hat, in der auch Imaminnen predigen und Homosexuelle beten d\u00fcrfen, ist sie Freiwild f\u00fcr Islamisten. &#8230;<br \/>\n.<br \/>\n&#8211; Der Politologe Hamed Abdel-Samad lebt seit f\u00fcnf Jahren unter Polizeischutz. Nach der Ver\u00f6ffentlichung seines Buches \u201eMohamed \u2013 Eine Abrechnung\u201c, Doemer Verlag) riefen deutsche Dschihadisten aus Syrien heraus zu seiner Ermordung auf.<br \/>\n..<br \/>\n&#8211; Der Extremismus-Experte Ahmad Mansour (\u201eKlartext zur Integration\u201c, Fischer Verlag) kann sich ebenfalls nur mit Polizeischutz vor die T\u00fcr trauen. Mansour: \u201eSelbst als Moslem werde ich attackiert, nur weil ich einzelne Aspekte des Islam kritisiere.\u201c Seinen Wohnort h\u00e4lt er geheim, auch die Namen seiner Familienangeh\u00f6rigen gibt er nicht preis. Vielen Islam-Verb\u00e4nden wirft er vor, ihn nicht zu unterst\u00fctzen, sondern \u201ean der Diffamierung\u201c kritischer Muslime mitzuwirken.<br \/>\n&#8230;. Alles vom 28.11.2018 bitte lesen auf<br \/>\n<a href=\"https:\/\/www.bild.de\/politik\/inland\/politik-inland\/islam-konferenz-islam-kritiker-fuerchten-um-ihr-leben-58709286.bild.html\">https:\/\/www.bild.de\/politik\/inland\/politik-inland\/islam-konferenz-islam-kritiker-fuerchten-um-ihr-leben-58709286.bild.html<\/a><br \/>\nBild<\/p>\n","protected":false},"excerpt":{"rendered":"<p>Home\u00a0&gt;Religion\u00a0&gt;Islam\u00a0&gt;Islam-Konferenz Hamed Abdel-Samad, Seyran Ates und Ahmad Mansour (v.\u2009l.\u2009n.\u2009r.) auf der Deutschen Islam Konferenz, insgesamt werden sie von 15 Leibw\u00e4chtern besch\u00fctzt, drei davon stehen direkt hinter ihnen &nbsp; Listenauswahl eines Beitrags (Artikel\/Datum, Seite\/Inhalt): Klicken oder scrollen Ramadan Fastenzeit \u2013 Frieden\u00a0(20.2.2026) &hellip; <a href=\"https:\/\/www.freiburg-schwarzwald.de\/blog\/religion\/islam\/islamkonferenz\/\">Weiterlesen <span class=\"meta-nav\">&rarr;<\/span><\/a><\/p>\n","protected":false},"author":2,"featured_media":0,"parent":12111,"menu_order":0,"comment_status":"open","ping_status":"closed","template":"","meta":{"footnotes":""},"class_list":["post-69194","page","type-page","status-publish","hentry"],"_links":{"self":[{"href":"https:\/\/www.freiburg-schwarzwald.de\/blog\/wp-json\/wp\/v2\/pages\/69194","targetHints":{"allow":["GET"]}}],"collection":[{"href":"https:\/\/www.freiburg-schwarzwald.de\/blog\/wp-json\/wp\/v2\/pages"}],"about":[{"href":"https:\/\/www.freiburg-schwarzwald.de\/blog\/wp-json\/wp\/v2\/types\/page"}],"author":[{"embeddable":true,"href":"https:\/\/www.freiburg-schwarzwald.de\/blog\/wp-json\/wp\/v2\/users\/2"}],"replies":[{"embeddable":true,"href":"https:\/\/www.freiburg-schwarzwald.de\/blog\/wp-json\/wp\/v2\/comments?post=69194"}],"version-history":[{"count":5,"href":"https:\/\/www.freiburg-schwarzwald.de\/blog\/wp-json\/wp\/v2\/pages\/69194\/revisions"}],"predecessor-version":[{"id":145936,"href":"https:\/\/www.freiburg-schwarzwald.de\/blog\/wp-json\/wp\/v2\/pages\/69194\/revisions\/145936"}],"up":[{"embeddable":true,"href":"https:\/\/www.freiburg-schwarzwald.de\/blog\/wp-json\/wp\/v2\/pages\/12111"}],"wp:attachment":[{"href":"https:\/\/www.freiburg-schwarzwald.de\/blog\/wp-json\/wp\/v2\/media?parent=69194"}],"curies":[{"name":"wp","href":"https:\/\/api.w.org\/{rel}","templated":true}]}}