{"id":68902,"date":"2018-11-16T18:31:58","date_gmt":"2018-11-16T17:31:58","guid":{"rendered":"https:\/\/www.freiburg-schwarzwald.de\/blog\/?page_id=68902"},"modified":"2025-06-20T07:55:42","modified_gmt":"2025-06-20T05:55:42","slug":"traditionen","status":"publish","type":"page","link":"https:\/\/www.freiburg-schwarzwald.de\/blog\/global\/deutschland\/deutsche-kultur\/traditionen\/","title":{"rendered":"Traditionen"},"content":{"rendered":"<p><a href=\"https:\/\/freiburg-schwarzwald.de\/blog\">Home<\/a>\u00a0&gt;<a title=\"Engagement\" href=\"https:\/\/www.freiburg-schwarzwald.de\/blog\/engagement\/\">Engagement<\/a>\u00a0&gt;<a title=\"Zukunft\" href=\"https:\/\/www.freiburg-schwarzwald.de\/blog\/engagement\/zukunft\/\">Zukunft<\/a>\u00a0&gt;<a title=\"Demokratie\" href=\"https:\/\/www.freiburg-schwarzwald.de\/blog\/engagement\/zukunft\/demokratie\/\">Demokratie<\/a>\u00a0&gt;<a title=\"Global\" href=\"https:\/\/www.freiburg-schwarzwald.de\/blog\/global\/\">Global<\/a>\u00a0&gt;<a title=\"Deutschland\" href=\"https:\/\/www.freiburg-schwarzwald.de\/blog\/global\/deutschland\/\">Deutschland<\/a>\u00a0&gt;<a title=\"Deutsche-Kultur\" href=\"https:\/\/www.freiburg-schwarzwald.de\/blog\/global\/deutschland\/deutsche-kultur\/\">Deutsche-Kultur<\/a> &gt;Traditionen<\/p>\n<div id=\"attachment_68133\" style=\"width: 649px\" class=\"wp-caption alignnone\"><a href=\"https:\/\/www.freiburg-schwarzwald.de\/blog\/engagement\/zukunft\/demokratie\/eliten\/uni-bibliothek-fr-pan180917\/\" rel=\"attachment wp-att-68133\"><img loading=\"lazy\" decoding=\"async\" aria-describedby=\"caption-attachment-68133\" class=\"size-full wp-image-68133\" src=\"https:\/\/www.freiburg-schwarzwald.de\/blog\/wp-content\/uploads\/2018\/09\/uni-bibliothek-FR-pan180917.jpg\" alt=\"Uni-Bibliothek in Freiburg am 17.9.2018\" width=\"639\" height=\"339\" srcset=\"https:\/\/www.freiburg-schwarzwald.de\/blog\/wp-content\/uploads\/2018\/09\/uni-bibliothek-FR-pan180917.jpg 639w, https:\/\/www.freiburg-schwarzwald.de\/blog\/wp-content\/uploads\/2018\/09\/uni-bibliothek-FR-pan180917-180x95.jpg 180w\" sizes=\"auto, (max-width: 639px) 100vw, 639px\" \/><\/a><p id=\"caption-attachment-68133\" class=\"wp-caption-text\">Uni-Bibliothek in Freiburg am 17.9.2018<\/p><\/div>\n<ul>\n<li><em>Listenauswahl eines Beitrags (Artikel\/Datum, Seite\/Inhalt):\u00a0Klicken\u00a0oder scrollen<\/em><\/li>\n<li><a href=\"https:\/\/www.freiburg-schwarzwald.de\/blog\/fronleichnam-prozession\/\">Fronleichnam \u2013 Prozession<\/a>\u00a0(19.6.2025)<\/li>\n<li><a href=\"https:\/\/www.freiburg-schwarzwald.de\/blog\/ostern-welt-christentum-islam\/\">Ostern: Welt Christentum Islam<\/a>\u00a0(16.4.2025)<\/li>\n<li><a href=\"https:\/\/www.freiburg-schwarzwald.de\/blog\/global\/deutschland\/deutsche-kultur\/\">Anabel Schunke \u00fcber ihre Liebe zur deutschen Kultur<\/a>\u00a0(1.5.2024)<\/li>\n<li><a href=\"https:\/\/www.freiburg-schwarzwald.de\/blog\/ostern-und-der-hass-aufs-eigene\/\">Ostern und der Hass aufs Eigene<\/a>\u00a0(31.3.2024)<\/li>\n<li><a href=\"https:\/\/www.freiburg-schwarzwald.de\/blog\/geschichte\">Geschichtsunterricht<\/a>\u00a0(11.2.2024)<\/li>\n<li><a href=\"https:\/\/www.freiburg-schwarzwald.de\/blog\/selbsthilfe\/jugend\/sternsinger\/\">Sternsinger sind rassistisch! Wie Idioten Traditionen zerst\u00f6ren wollen<\/a>\u00a0(4.1.2024)<\/li>\n<li><a href=\"https:\/\/www.freiburg-schwarzwald.de\/blog\/ohne-bestaende-noch-bestand\/\">Haben wir ohne Best\u00e4nde noch Bestand?<\/a> (20.8.2023)<\/li>\n<li><a href=\"https:\/\/www.freiburg-schwarzwald.de\/blog\/engagement\/zukunft\/demokratie\/konservatismus\/\">Konservative und Progressive<\/a>\u00a0(5.1.2023)<\/li>\n<li><a href=\"https:\/\/www.freiburg-schwarzwald.de\/blog\/engagement\/zukunft\/demokratie\/konservativismus\/\">Berliner Bibliothek des Konservatismus (BdK) 10 Jahre<\/a>\u00a0(18.10.2022)<\/li>\n<li><a href=\"https:\/\/www.freiburg-schwarzwald.de\/blog\/business\/gesund\/corona-virus\/weihnachten-corona\/\">Der Angriff auf Weihnachten ist ein Angriff auf famili\u00e4re Autonomie<\/a>\u00a0(26.12.2021)<\/li>\n<li><a href=\"https:\/\/www.freiburg-schwarzwald.de\/blog\/helden-untertan-im-nichtstun\/\">Helden: Untertan im Nichtstun<\/a>\u00a0(25.11.2020)<\/li>\n<li><a title=\"Martinsgans und Laternengans\" href=\"https:\/\/www.freiburg-schwarzwald.de\/blog\/martinsgans-und-laternengans\/\">Martinsgans und Laternengans<\/a> (14.11.2019)<\/li>\n<li><a title=\"Deutsche-Geschichte\" href=\"https:\/\/www.freiburg-schwarzwald.de\/blog\/global\/deutschland\/deutsche-geschichte\/\">Das Zeitalter der Amnesie \u2013\u00a0wir vergessen unsere Geschichte<\/a>.(31.8.2019)<\/li>\n<li><a title=\"Italien\" href=\"https:\/\/www.freiburg-schwarzwald.de\/blog\/global\/italien\/\">Italien: Tradition als Lebenskunst<\/a> (14.4.2019)<\/li>\n<li><a title=\"Sch\u00f6nheit\" href=\"https:\/\/www.freiburg-schwarzwald.de\/blog\/kultur\/kunst\/schoenheit\/\">Kulturelle Wende \u2013 Hinwendung zur Sch\u00f6nheit statt zur Gewalt<\/a>\u00a0(7.11.2018)<\/li>\n<li>Laternenfest statt St.Martinsumzug &#8211; nein (7.11.2018)<\/li>\n<\/ul>\n<p>&nbsp;<\/p>\n<ul>\n<li><a title=\"Brauchtum\" href=\"https:\/\/www.freiburg-schwarzwald.de\/blog\/regio\/heimat\/brauchtum\/\">Brauchtum<\/a><\/li>\n<li><a title=\"Christen\" href=\"https:\/\/www.freiburg-schwarzwald.de\/blog\/religion\/christen\/\">Christen<\/a><\/li>\n<li><a title=\"Deutsche-Geschichte\" href=\"https:\/\/www.freiburg-schwarzwald.de\/blog\/global\/deutschland\/deutsche-geschichte\/\">Deutsche Geschichte<\/a><\/li>\n<li><a title=\"Ethik\" href=\"https:\/\/www.freiburg-schwarzwald.de\/blog\/religion\/ethik\/\">Ethik \u2013 Ethikunterricht<\/a><\/li>\n<li><a title=\"Evangelisch\" href=\"https:\/\/www.freiburg-schwarzwald.de\/blog\/religion\/evangelisch\/\">Evangelisch<\/a><\/li>\n<li><a title=\"Fronleichnam\" href=\"https:\/\/www.freiburg-schwarzwald.de\/blog\/religion\/kirchen\/fronleichnam\/\">Fronleichnam \u2013 Fronleichnamsprozessionen<\/a><\/li>\n<\/ul>\n<ul>\n<li><a title=\"Europa-Leitkultur\" href=\"https:\/\/www.freiburg-schwarzwald.de\/blog\/kultur\/europa-leitkultur\/\">Europa-Leitkultur<\/a><\/li>\n<li><a title=\"Gesellschaft\" href=\"https:\/\/www.freiburg-schwarzwald.de\/blog\/global\/deutschland\/gesellschaft\/\">Gesellschaft \u2013 monokulturell oder multikulturell<\/a><\/li>\n<li><a title=\"Heimat\" href=\"https:\/\/www.freiburg-schwarzwald.de\/blog\/regio\/heimat\/\">Heima<\/a>t<\/li>\n<li><a href=\"https:\/\/www.freiburg-schwarzwald.de\/blog\/global\/deutschland\/deutsche-kultur\/helden\/\">Helden<\/a><\/li>\n<li><a title=\"Identitaet\" href=\"https:\/\/www.freiburg-schwarzwald.de\/blog\/engagement\/zukunft\/demokratie\/identitaet\/\">identitaet<\/a><\/li>\n<li><a title=\"Immigration\" href=\"https:\/\/www.freiburg-schwarzwald.de\/blog\/global\/integration\/immigration\/\">Immigration<\/a><\/li>\n<li><a title=\"Integration\" href=\"https:\/\/www.freiburg-schwarzwald.de\/blog\/global\/integration\/\">Integration<\/a><\/li>\n<li><a title=\"Interkulturelle-Oeffnung\" href=\"https:\/\/www.freiburg-schwarzwald.de\/blog\/global\/integration\/interkulturelle-oeffnung\/\">Interkulturelle \u00d6ffnung<\/a><\/li>\n<li><a href=\"https:\/\/www.freiburg-schwarzwald.de\/blog\/engagement\/zukunft\/demokratie\/konservatismus\/\">Konservatismus<\/a><\/li>\n<li><a title=\"Multikulti\" href=\"https:\/\/www.freiburg-schwarzwald.de\/blog\/kultur\/leitkultur\/multikulti\/\">Multikulti<\/a><\/li>\n<li><a title=\"Nationalismus\" href=\"https:\/\/www.freiburg-schwarzwald.de\/blog\/engagement\/zukunft\/demokratie\/nationalismus\/\">Nationalismus<\/a><\/li>\n<li><a title=\"Parallelgesellschaft\" href=\"https:\/\/www.freiburg-schwarzwald.de\/blog\/global\/integration\/parallelgesellschaft\/\">Parallelgesellschaft<\/a><\/li>\n<li><a title=\"Parallelkultur\" href=\"https:\/\/www.freiburg-schwarzwald.de\/blog\/global\/integration\/parallelkultur\/\">Parallelkulturen<\/a><\/li>\n<li><a title=\"Patriotismus\" href=\"https:\/\/www.freiburg-schwarzwald.de\/blog\/engagement\/zukunft\/demokratie\/patriotismus\/\">Patriotismus<\/a><\/li>\n<li><a href=\"https:\/\/www.freiburg-schwarzwald.de\/blog\/engagement\/zukunft\/demokratie\/progressiv\/\">Progressiv<\/a><\/li>\n<li><a title=\"Sch\u00f6nheit\" href=\"https:\/\/www.freiburg-schwarzwald.de\/blog\/kultur\/kunst\/schoenheit\/\">Sch\u00f6nheit<\/a><\/li>\n<li><a title=\"Traditionen\" href=\"https:\/\/www.freiburg-schwarzwald.de\/blog\/global\/deutschland\/deutsche-kultur\/traditionen\/\">Traditionen<\/a><\/li>\n<li><a title=\"Werte\" href=\"https:\/\/www.freiburg-schwarzwald.de\/blog\/global\/integration\/werte\/\">Werte<\/a><\/li>\n<li><a title=\"Willkommenskultur\" href=\"https:\/\/www.freiburg-schwarzwald.de\/blog\/global\/integration\/willkommenskultur\/\">Willkommenskultur<\/a><\/li>\n<li><a title=\"Islam-Politik\" href=\"https:\/\/www.freiburg-schwarzwald.de\/blog\/religion\/islam\/islam-politik\/\">Islam-Politik<\/a><\/li>\n<\/ul>\n<ul>\n<li><a title=\"Islamunterricht\" href=\"https:\/\/www.freiburg-schwarzwald.de\/blog\/religion\/islam\/islamunterricht\/\">Islamunterricht<\/a><\/li>\n<li><a title=\"Evangelisch\" href=\"https:\/\/www.freiburg-schwarzwald.de\/blog\/religion\/evangelisch\/\">Evangelisch<\/a><\/li>\n<li><a title=\"Pluralismus\" href=\"https:\/\/www.freiburg-schwarzwald.de\/blog\/religion\/pluralismus\/\">Religi\u00f6ser Pluralismus<\/a><\/li>\n<li><a title=\"Zoelibat\" href=\"https:\/\/www.freiburg-schwarzwald.de\/blog\/religion\/katholisch\/zoelibat\/\">Z\u00f6libat<\/a><\/li>\n<\/ul>\n<p>&nbsp;<\/p>\n<p><strong>Laternenfest statt St.Martinsumzug &#8211; nein<\/strong><br \/>\nMirjam Schambeck, Professorin f\u00fcr Religionsp\u00e4dagogik an der Albert-Ludwigs-Universit\u00e4t Freiburg, h\u00e4lt eine Umbenennung jedenfalls f\u00fcr den falschen Weg. &#8222;Das Martinsfest ist ein <a title=\"Katholisch\" href=\"https:\/\/www.freiburg-schwarzwald.de\/blog\/religion\/katholisch\/\">christliches Fest<\/a> und bezieht sich auf eine Figur, die sich aus einer christlichen Spiritualit\u00e4t heraus gehandelt hat. Wenn man meint, das Fest umbenennen zu m\u00fcssen, suggeriert das ja, dass das Fest andere ausschlie\u00dfe&#8220;, sagt Schambeck. Gerade das w\u00fcrden religi\u00f6se Feste aber ja nicht tun. Viel sinnvoller w\u00e4re es, wenn Kita- und Kindergartenleitungen zum Beispiel beim Elternabend erkl\u00e4ren w\u00fcrden, warum das St. Martinsfest gefeiert wird.<br \/>\n&#8230; Alles vom 7.11.2018 bitte lesen auf<br \/>\n<a href=\"https:\/\/www.badische-zeitung.de\/warum-manche-kindergaerten-ihren-st-martinsumzug-lieber-laternenfest-nennen\">https:\/\/www.badische-zeitung.de\/warum-manche-kindergaerten-ihren-st-martinsumzug-lieber-laternenfest-nennen<br \/>\n<\/a>\u00a0.<\/p>\n<p><strong>Anbiederung und Toleranz wertet der Islam als Schw\u00e4che<\/strong><br \/>\nAlle Jahre wieder, immer wieder das gleiche Spiel. Welche Bezeichnung ist am wenigsten anst\u00f6\u00dfig, wenn man keiner Religion oder Glaubensrichtung zu nahe treten will. Den Kindern ist die Bezeichnung v\u00f6llig egal. Hauptsache die Augen k\u00f6nnen mehr leuchten als die Lampen. Kerze oder LED ist schnuppe. Es geht um die Freude allein oder mit den Anderen. Demn\u00e4chst geht es um Weihnachten und das Christkind. So und nun ganz deutlich: &#8220; Die stark Gl\u00e4ubigen anderer Glaubensrichtungen erkennen diese Anbiederung und werten dies als Schw\u00e4che im Kampf um das Vorrecht im Glauben.&#8220; Als evangelisch getauft mit einer Katholikin verheiratet erkenne ich die Zeichen der Zeit. \u00dcberdrehte Toleranz ist unwirklich und verbessert nicht die Beziehungen der Menschen untereinander. Deshalb, es werde Licht !<br \/>\nHeinz-J\u00fcrgen Schlag, BZO, 8.11.2018<\/p>\n<p><strong>Traditionen abschaffen f\u00fcr Integration?<\/strong><br \/>\nIn manchen Kitas und Kinderg\u00e4rten wird der St.-Martins-Umzug herabgestuft zum Lichterfest \u2013 nicht nur in unserer Region. Muslimische Kinder m\u00f6chte man so wohl integrieren: Aufgeben der eigenen Tradition als Ma\u00dfnahme der Integration. Wen wundert\u2019s, dass dann Kulturpessimisten etwas von &#8222;Deutschland schafft sich ab&#8220; schwafeln? Viel schlimmer aber ist die subtile Unterstellung, dass muslimische oder andere nicht-christliche Kinder die ausdrucksstarke symbolische Handlung nicht verstehen w\u00fcrden oder das Teilen des Mantels nichts mit anderen Ethiken zu habe. Die Botschaft des Symbols lebt auch davon, dass nicht der zweite Mantel im Schrank oder die abgetragene oder aus der Mode gekommene Kleidung in den Sammelcontainer geworfen wird.<br \/>\nDie Geschichte einer Identifikationsperson nachzuspielen ist ein tiefgreifendes Erlebnis f\u00fcr Kinder. Es kann sie auf ein Leben in einer Gesellschaft vorbereiten, in der ethische Standards gelten, wie in der Legende erz\u00e4hlt. Integration kann nur gelingen, wenn \u2013 neben vielen anderen Ma\u00dfnahmen \u2013 Traditionen verbinden: Gegenseitige Einladungen zu traditionellen Festen ohne missionarisches Vereinnahmen, um die menschenverbindende Symbolik zu verstehen und diese Moral als Teil des gesellschaftlichen Lebens anzunehmen. Den St.-Martins-Umzug zu ersetzen durch ein inhaltsloses Lichterfest, erinnert eher an ein Event, damit die Kids Fun haben.<br \/>\n16.11.2018, Ulrich Greder, Freiburg<\/p>\n","protected":false},"excerpt":{"rendered":"<p>Home\u00a0&gt;Engagement\u00a0&gt;Zukunft\u00a0&gt;Demokratie\u00a0&gt;Global\u00a0&gt;Deutschland\u00a0&gt;Deutsche-Kultur &gt;Traditionen Listenauswahl eines Beitrags (Artikel\/Datum, Seite\/Inhalt):\u00a0Klicken\u00a0oder scrollen Fronleichnam \u2013 Prozession\u00a0(19.6.2025) Ostern: Welt Christentum Islam\u00a0(16.4.2025) Anabel Schunke \u00fcber ihre Liebe zur deutschen Kultur\u00a0(1.5.2024) Ostern und der Hass aufs Eigene\u00a0(31.3.2024) Geschichtsunterricht\u00a0(11.2.2024) Sternsinger sind rassistisch! Wie Idioten Traditionen zerst\u00f6ren wollen\u00a0(4.1.2024) Haben wir &hellip; <a href=\"https:\/\/www.freiburg-schwarzwald.de\/blog\/global\/deutschland\/deutsche-kultur\/traditionen\/\">Weiterlesen <span class=\"meta-nav\">&rarr;<\/span><\/a><\/p>\n","protected":false},"author":2,"featured_media":0,"parent":66587,"menu_order":0,"comment_status":"open","ping_status":"closed","template":"","meta":{"footnotes":""},"class_list":["post-68902","page","type-page","status-publish","hentry"],"_links":{"self":[{"href":"https:\/\/www.freiburg-schwarzwald.de\/blog\/wp-json\/wp\/v2\/pages\/68902","targetHints":{"allow":["GET"]}}],"collection":[{"href":"https:\/\/www.freiburg-schwarzwald.de\/blog\/wp-json\/wp\/v2\/pages"}],"about":[{"href":"https:\/\/www.freiburg-schwarzwald.de\/blog\/wp-json\/wp\/v2\/types\/page"}],"author":[{"embeddable":true,"href":"https:\/\/www.freiburg-schwarzwald.de\/blog\/wp-json\/wp\/v2\/users\/2"}],"replies":[{"embeddable":true,"href":"https:\/\/www.freiburg-schwarzwald.de\/blog\/wp-json\/wp\/v2\/comments?post=68902"}],"version-history":[{"count":5,"href":"https:\/\/www.freiburg-schwarzwald.de\/blog\/wp-json\/wp\/v2\/pages\/68902\/revisions"}],"predecessor-version":[{"id":135415,"href":"https:\/\/www.freiburg-schwarzwald.de\/blog\/wp-json\/wp\/v2\/pages\/68902\/revisions\/135415"}],"up":[{"embeddable":true,"href":"https:\/\/www.freiburg-schwarzwald.de\/blog\/wp-json\/wp\/v2\/pages\/66587"}],"wp:attachment":[{"href":"https:\/\/www.freiburg-schwarzwald.de\/blog\/wp-json\/wp\/v2\/media?parent=68902"}],"curies":[{"name":"wp","href":"https:\/\/api.w.org\/{rel}","templated":true}]}}