{"id":6890,"date":"2012-07-13T19:54:03","date_gmt":"2012-07-13T19:54:03","guid":{"rendered":"https:\/\/www.freiburg-schwarzwald.de\/blog\/?page_id=6890"},"modified":"2022-08-22T11:01:16","modified_gmt":"2022-08-22T09:01:16","slug":"hochrhein","status":"publish","type":"page","link":"https:\/\/www.freiburg-schwarzwald.de\/blog\/regio\/hochrhein\/","title":{"rendered":"Hochrhein"},"content":{"rendered":"<p>Home &gt;<a title=\"Regio\" href=\"https:\/\/www.freiburg-schwarzwald.de\/blog\/regio\/\">Regio<\/a> &gt;Hochrhein<\/p>\n<div id=\"attachment_6895\" style=\"width: 610px\" class=\"wp-caption alignnone\"><a href=\"https:\/\/www.freiburg-schwarzwald.de\/blog\/regio\/hochrhein\/wasserkraftwerk3pan-080814\/\" rel=\"attachment wp-att-6895\"><img loading=\"lazy\" decoding=\"async\" aria-describedby=\"caption-attachment-6895\" class=\"size-full wp-image-6895\" title=\"wasserkraftwerk3pan-080814\" src=\"https:\/\/www.freiburg-schwarzwald.de\/blog\/wp-content\/uploads\/2012\/07\/wasserkraftwerk3pan-080814.jpg\" alt=\"\" width=\"600\" height=\"180\" srcset=\"https:\/\/www.freiburg-schwarzwald.de\/blog\/wp-content\/uploads\/2012\/07\/wasserkraftwerk3pan-080814.jpg 600w, https:\/\/www.freiburg-schwarzwald.de\/blog\/wp-content\/uploads\/2012\/07\/wasserkraftwerk3pan-080814-180x54.jpg 180w\" sizes=\"auto, (max-width: 600px) 100vw, 600px\" \/><\/a><p id=\"caption-attachment-6895\" class=\"wp-caption-text\">Blick nach Nordosten \u00fcber den Hochrhein zur Kraftwerkbaustelle bei Schw\u00f6rstadt rechts am 14.8.2008<\/p><\/div>\n<ul>\n<li><a href=\"https:\/\/www.freiburg-schwarzwald.de\/strom2.htm#Hochspannungsnetz - regionale Verteilnetze - Ortsnetze - Netzknoten\">Hochspannungsnetz &#8211; regionale Verteilnetze &#8211; Ortsnetze &#8211; Netzknoten<\/a>&gt;Strom2 (11.1.2012)<\/li>\n<li><a href=\"https:\/\/www.freiburg-schwarzwald.de\/schweiz1.htm#Die reiche Schweiz hat die \u00e4ltesten und unsichersten AKWs weltweit\">Die reiche Schweiz hat die \u00e4ltesten und unsichersten AKWs weltweit<\/a> &gt;Schweiz (8.6.2011)<\/li>\n<li><a href=\"https:\/\/www.freiburg-schwarzwald.de\/industrie4.htm#DSM will in Grenzach Stellen streichen und den CO2-Fu\u00dfabdruck senken\">DSM will in Grenzach Stellen streichen und den CO2-Fu\u00dfabdruck senken<\/a> &gt;Industrie4 (21.12)<\/li>\n<li><a href=\"https:\/\/www.freiburg-schwarzwald.de\/akw12.htm#Neue Atomkraftwerke f\u00fcr die Schweiz TRAS kritisiert\">Neue Atomkraftwerke f\u00fcr die Schweiz? TRAS kritisiert<\/a> &gt;AKW12 (18.11.2010)<\/li>\n<li><a href=\"https:\/\/www.freiburg-schwarzwald.de\/hochrhein#Schweiz will 5 altersschwache AKWs am Hochrhein ersetzen\">Schweiz will 5 altersschwache AKWs am Hochrhein ersetzen<\/a> &gt;Hochrhein (26.7.2010)<\/li>\n<li><a href=\"https:\/\/www.freiburg-schwarzwald.de\/akw11.htm#Umstrittenes Atomklo am Hochrhein: Benken bei Schaffhausen\">Umstrittenes Atomklo am Hochrhein: Benken bei Schaffhausen<\/a> &gt;AKW11 (24.11.2009)<\/li>\n<li><a href=\"https:\/\/www.freiburg-schwarzwald.de\/hochrhein#M\u00e4rchentage in Bad S\u00e4ckingen\">M\u00e4rchentage in Bad S\u00e4ckingen<\/a> &gt;Hochrhein (6.11.2009)<\/li>\n<li><a href=\"https:\/\/www.freiburg-schwarzwald.de\/schweiz.htm#Keine neuen Atomkraftwerke in der Schweiz zulassen\">Keine neuen Atomkraftwerke in der Schweiz zulassen<\/a> &gt;Schweiz (3.12.2008)<\/li>\n<li><a href=\"https:\/\/www.freiburg-schwarzwald.de\/hochrhein#Vergiftete Atmosph\u00e4re: Dioxinbelastete Erde, Altlasten, Deponie\">Vergiftete Atmosph\u00e4re: Dioxinbelastete Erde, Altlasten, Deponie<\/a> &gt;Rheinfelden1 (3.11.2008)<\/li>\n<li><a href=\"https:\/\/www.freiburg-schwarzwald.de\/keramik-beuggen.htm#12. T\u00f6pfer- und K\u00fcnstlermarkt im Schlosspark\">12. T\u00f6pfer- und K\u00fcnstlermarkt im Schlosspark<\/a> &gt;Keramik-Beuggen (25.4.2008)<\/li>\n<li><a href=\"https:\/\/www.freiburg-schwarzwald.de\/bodensee.htm#Deutsche Exklave B\u00fcsingen in der Schweiz - immer weniger Menschen\">Deutsche Exklave B\u00fcsingen in der Schweiz &#8211; immer weniger Menschen<\/a> &gt;Bodensee (19.6.07)<\/li>\n<li><a href=\"https:\/\/www.freiburg-schwarzwald.de\/rhein.htm#Flusskraftwerk Rheinfelden - erhalt als Denkmal oder Abri\u00df\">Flusskraftwerk Rheinfelden &#8211; erhalt als Denkmal oder Abri\u00df<\/a> &gt;Rhein (3.5.2007)<\/li>\n<li><a href=\"https:\/\/www.freiburg-schwarzwald.de\/akw3.htm#Atomendlager Benken bei Jestetten immer wahrscheinlicher\">Atomendlager Benken bei Jestetten immer wahrscheinlicher<\/a> &gt;AKW3 (14.9.2005)<\/li>\n<li><\/li>\n<li><a href=\"https:\/\/www.freiburg-schwarzwald.de\/albbruck-dogern.htm\">Albbruck und Dogern<\/a> &gt;Albbruck-Dogern<\/li>\n<li><a href=\"https:\/\/www.freiburg-schwarzwald.de\/basel.htm\">Basel<\/a> &gt;Basel<\/li>\n<li><a href=\"https:\/\/www.freiburg-schwarzwald.de\/keramik-beuggen.htm\">Beuggen &#8211; Schloss Beuggen: Hotel &#8211; Tgungsst\u00e4tte &#8211; K\u00fcnstlermarkt<\/a> &gt;Keramik-Beuggen<\/li>\n<li><a href=\"https:\/\/www.freiburg-schwarzwald.de\/laufenburg.htm\">Laufenburg am Hochrhein<\/a> &gt;Laufenburg<\/li>\n<li><a href=\"https:\/\/www.freiburg-schwarzwald.de\/blog\/regio\/fluss\/rhein\/oberrhein\/\">Oberrhein<\/a><\/li>\n<li><a title=\"Rhein\" href=\"https:\/\/www.freiburg-schwarzwald.de\/blog\/regio\/fluss\/rhein\/\">Rhein<\/a><\/li>\n<li><a title=\"Rheinfelden\" href=\"https:\/\/www.freiburg-schwarzwald.de\/blog\/regio\/orte\/rheinfelden\/\">Rheinfelden &#8211; Wasserkraftwerk<\/a><\/li>\n<li><a href=\"https:\/\/www.freiburg-schwarzwald.de\/rheinfelden.htm\">Rheinfelden<\/a> &gt;Rheinfelden (Archivseite)<\/li>\n<li><a href=\"https:\/\/www.freiburg-schwarzwald.de\/saeckingen.htm\">Bad S\u00e4ckingen<\/a> &gt;Saeckingen<\/li>\n<li><a href=\"https:\/\/www.freiburg-schwarzwald.de\/hochrhein#Schw\u00f6rstadt: Rheinschwimmbad\">Schw\u00f6rstadt: Rheinschwimmba<\/a><a href=\"https:\/\/www.freiburg-schwarzwald.de\/hochrhein#Schw\u00f6rstadt: Rheinschwimmbad\">d<\/a><\/li>\n<li><a href=\"https:\/\/www.freiburg-schwarzwald.de\/bodensee.htm#Stein am Rhein\">Stein am Rhein<\/a> &gt;Bodensee<\/li>\n<li><a href=\"https:\/\/www.freiburg-schwarzwald.de\/naturpark.htm#S\u00fcdschwarzwald-Radweg - um den Naturpark S\u00fcdschwarzwald herum\">S\u00fcdschwarzwald-Radweg &#8211; um den Naturpark S\u00fcdschwarzwald herum<\/a> &gt;Naturpark<\/li>\n<li><a href=\"https:\/\/www.freiburg-schwarzwald.de\/wasserkraft-rheinfelden.htm\">Wasserkraftwerk Neubau bei Schw\u00f6rstadt<\/a> &gt;Wasserkraft-Rheinfelden<\/li>\n<li><a href=\"https:\/\/www.freiburg-schwarzwald.de\/hochrhein#Links\">Links<\/a><\/li>\n<\/ul>\n","protected":false},"excerpt":{"rendered":"<p>Home &gt;Regio &gt;Hochrhein Hochspannungsnetz &#8211; regionale Verteilnetze &#8211; Ortsnetze &#8211; Netzknoten&gt;Strom2 (11.1.2012) Die reiche Schweiz hat die \u00e4ltesten und unsichersten AKWs weltweit &gt;Schweiz (8.6.2011) DSM will in Grenzach Stellen streichen und den CO2-Fu\u00dfabdruck senken &gt;Industrie4 (21.12) Neue Atomkraftwerke f\u00fcr die &hellip; <a href=\"https:\/\/www.freiburg-schwarzwald.de\/blog\/regio\/hochrhein\/\">Weiterlesen <span class=\"meta-nav\">&rarr;<\/span><\/a><\/p>\n","protected":false},"author":4,"featured_media":0,"parent":39,"menu_order":0,"comment_status":"closed","ping_status":"closed","template":"","meta":{"footnotes":""},"class_list":["post-6890","page","type-page","status-publish","hentry"],"_links":{"self":[{"href":"https:\/\/www.freiburg-schwarzwald.de\/blog\/wp-json\/wp\/v2\/pages\/6890","targetHints":{"allow":["GET"]}}],"collection":[{"href":"https:\/\/www.freiburg-schwarzwald.de\/blog\/wp-json\/wp\/v2\/pages"}],"about":[{"href":"https:\/\/www.freiburg-schwarzwald.de\/blog\/wp-json\/wp\/v2\/types\/page"}],"author":[{"embeddable":true,"href":"https:\/\/www.freiburg-schwarzwald.de\/blog\/wp-json\/wp\/v2\/users\/4"}],"replies":[{"embeddable":true,"href":"https:\/\/www.freiburg-schwarzwald.de\/blog\/wp-json\/wp\/v2\/comments?post=6890"}],"version-history":[{"count":1,"href":"https:\/\/www.freiburg-schwarzwald.de\/blog\/wp-json\/wp\/v2\/pages\/6890\/revisions"}],"predecessor-version":[{"id":103704,"href":"https:\/\/www.freiburg-schwarzwald.de\/blog\/wp-json\/wp\/v2\/pages\/6890\/revisions\/103704"}],"up":[{"embeddable":true,"href":"https:\/\/www.freiburg-schwarzwald.de\/blog\/wp-json\/wp\/v2\/pages\/39"}],"wp:attachment":[{"href":"https:\/\/www.freiburg-schwarzwald.de\/blog\/wp-json\/wp\/v2\/media?parent=6890"}],"curies":[{"name":"wp","href":"https:\/\/api.w.org\/{rel}","templated":true}]}}