{"id":68839,"date":"2018-11-13T09:59:46","date_gmt":"2018-11-13T08:59:46","guid":{"rendered":"https:\/\/www.freiburg-schwarzwald.de\/blog\/?page_id=68839"},"modified":"2026-03-17T18:35:10","modified_gmt":"2026-03-17T17:35:10","slug":"naivitaet","status":"publish","type":"page","link":"https:\/\/www.freiburg-schwarzwald.de\/blog\/engagement\/zukunft\/demokratie\/naivitaet\/","title":{"rendered":"Naivitaet"},"content":{"rendered":"<p><a href=\"https:\/\/freiburg-schwarzwald.de\/blog\">Home<\/a>\u00a0&gt;<a title=\"Engagement\" href=\"https:\/\/www.freiburg-schwarzwald.de\/blog\/engagement\/\">Engagement<\/a>\u00a0&gt;<a title=\"Zukunft\" href=\"https:\/\/www.freiburg-schwarzwald.de\/blog\/engagement\/zukunft\/\">Zukunft<\/a>\u00a0&gt;<a title=\"Demokratie\" href=\"https:\/\/www.freiburg-schwarzwald.de\/blog\/engagement\/zukunft\/demokratie\/\">Demokratie<\/a> &gt;Naivitaet<\/p>\n<div id=\"attachment_68787\" style=\"width: 649px\" class=\"wp-caption alignnone\"><a href=\"https:\/\/www.freiburg-schwarzwald.de\/blog\/global\/integration\/landflucht\/oman-pan20181031\/\" rel=\"attachment wp-att-68787\"><img loading=\"lazy\" decoding=\"async\" aria-describedby=\"caption-attachment-68787\" class=\"size-full wp-image-68787\" src=\"https:\/\/www.freiburg-schwarzwald.de\/blog\/wp-content\/uploads\/2018\/11\/oman-pan20181031.jpg\" alt=\"Oman - Wohnhaus am 31.10.2018\" width=\"639\" height=\"350\" srcset=\"https:\/\/www.freiburg-schwarzwald.de\/blog\/wp-content\/uploads\/2018\/11\/oman-pan20181031.jpg 639w, https:\/\/www.freiburg-schwarzwald.de\/blog\/wp-content\/uploads\/2018\/11\/oman-pan20181031-180x98.jpg 180w\" sizes=\"auto, (max-width: 639px) 100vw, 639px\" \/><\/a><p id=\"caption-attachment-68787\" class=\"wp-caption-text\">Oman &#8211; Wohnhaus am 31.10.2018<\/p><\/div>\n<p>&nbsp;<\/p>\n<ul>\n<li><em>Listenauswahl eines Beitrags: Bitte anklicken oder runterscrollen<\/em><\/li>\n<li><a href=\"https:\/\/www.freiburg-schwarzwald.de\/blog\/business\/dienste\/immobilien\/miete\/\">\u00d6ffentlich-rechtlicher wirtschaftlicher Analphabetismus: Miete deckt nur laufende Kosten<\/a>\u00a0(15.3.2026)<\/li>\n<li><a href=\"https:\/\/www.freiburg-schwarzwald.de\/blog\/engagement\/zukunft\/demokratie\/politik\/politik-infantil\/\">EVP-Chef Weber ruft zur Sabotage der Moskauer U-Bahn auf<\/a>\u00a0(30.9.2025)<\/li>\n<li><a href=\"https:\/\/www.freiburg-schwarzwald.de\/blog\/kultur\/kulturverlust\/ineptokratie\/\">Winfried St\u00f6cker: AfD als Rettung vor politischer \u201eIneptokratie\u201c \u2013 Offener Brief<\/a>\u00a0(3.2.2025)<\/li>\n<li><a href=\"https:\/\/www.freiburg-schwarzwald.de\/blog\/engagement\/zukunft\/krieg\/bundeswehr\/\">Lambrecht naiv \u00fcber\u00a0 Panzer: \u201e\u2026 mit diesem Rohr in die Luft schie\u00dft\u201c<\/a>\u00a0(24.6.2022)<\/li>\n<li><a href=\"https:\/\/www.freiburg-schwarzwald.de\/blog\/engagement\/zukunft\/demokratie\/naivitaet\/infantilisierung\/\">Die Infantilisierung der Politik<\/a>\u00a0(17.6.2022)<\/li>\n<li><a href=\"https:\/\/www.freiburg-schwarzwald.de\/blog\/bundestagsrede-emilia-fester\/\">Bundestagsrede Emilia Fester<\/a>\u00a0(21.3.2022)<\/li>\n<li><a href=\"https:\/\/www.freiburg-schwarzwald.de\/blog\/kultur\/medien\/luegenpresse\/\">Titelzeile in Widerspruch zum Inhalt formulieren \u2013 wozu?<\/a>\u00a0(27.1.2022)<\/li>\n<li><a href=\"https:\/\/www.freiburg-schwarzwald.de\/blog\/engagement\/zukunft\/demokratie\/demokratie-export\/\">Naivit\u00e4t: Wie die Bundesregierung sich Afghanistan vorgestellt hatte<\/a> (24.8.2021)<\/li>\n<li><a href=\"https:\/\/www.freiburg-schwarzwald.de\/blog\/kultur\/kulturverlust\/dekadenz\/\">\u00dcber die Unf\u00e4higkeit menschlicher Gesellschaften, mit Wohlstand umgehen zu k\u00f6nnen<\/a>\u00a0(31.5.2021)<\/li>\n<li><a href=\"https:\/\/www.freiburg-schwarzwald.de\/blog\/selbsthilfe\/soziales\/wohlstand\/\">Mit dem Wohlstand w\u00e4chst die Angst \u2013 auch vor Corona<\/a>\u00a0(1.4.2021)<\/li>\n<li><a title=\"Migrationspolitik\" href=\"https:\/\/www.freiburg-schwarzwald.de\/blog\/global\/migration\/migrationspolitik\/\">Fritz S\u00f6llner: Der H\u00f6hepunkt der (Migrations-)Krise kommt noch<\/a>\u00a0(20.5.2020)<\/li>\n<li><a title=\"Dummheit\" href=\"https:\/\/www.freiburg-schwarzwald.de\/blog\/engagement\/zukunft\/dummheit\/\">Dummheit\u00a010 Mio tote Tiere\u00a0 in Australien \u2013 Deutschlands Schuld<\/a>\u00a0(10.1.2020)<\/li>\n<li><a title=\"Verbl\u00f6dung\" href=\"https:\/\/www.freiburg-schwarzwald.de\/blog\/bildung\/verbloedung\/\">Die Verbl\u00f6dung ist menschengemacht<\/a>\u00a0(21.12.2019)<\/li>\n<li><a href=\"https:\/\/www.freiburg-schwarzwald.de\/blog\/babyboomer-in-politik-medien\/\">https:\/\/www.freiburg-schwarzwald.de\/blog\/babyboomer-in-politik-medien\/<\/a> (18.12.2018)<\/li>\n<li>&#8222;keine Ahnung&#8220; &#8211; Studierende (18.12.2018)<\/li>\n<li><a title=\"Infantil\" href=\"https:\/\/www.freiburg-schwarzwald.de\/blog\/bildung\/infantil\/\">Alexander Grau: Kitsch \u2013 Unkraut auf der Wiese der Sinngebung<\/a>\u00a0(13.12.2019)<\/li>\n<li>Kinder an die Macht &#8211; Gesellschaftliche Infantilisierung (11.12.2018)<\/li>\n<li><a title=\"Migrationshintergrund\" href=\"https:\/\/www.freiburg-schwarzwald.de\/blog\/global\/migration\/migrationshintergrund\/\">Jaklin Chatschadorian: Offener Brief zum CDU-Austritt \u201eIch bin raus!\u201c<\/a> (2.7.2017)<\/li>\n<li><\/li>\n<li><a href=\"http:\/\/dek\">Dekadenz<\/a><\/li>\n<li><a href=\"https:\/\/www.freiburg-schwarzwald.de\/blog\/engagement\/zukunft\/demokratie\/demokratie-export\/\">Demokratie-Export<\/a><\/li>\n<li><a title=\"Fluechtlingsbetreuer\" href=\"https:\/\/www.freiburg-schwarzwald.de\/blog\/global\/integration\/fluechtlingsbetreuer\/\">Fluechtlingsbetreuer<\/a><\/li>\n<li><a href=\"https:\/\/www.freiburg-schwarzwald.de\/blog\/kultur\/kulturverlust\/ineptokratie\/\">Ineptokratie<\/a><\/li>\n<li><a href=\"https:\/\/www.freiburg-schwarzwald.de\/blog\/engagement\/zukunft\/demokratie\/naivitaet\/infantilisierung\/\">Infantilisierung<\/a><\/li>\n<li><a title=\"Merkelismus\" href=\"https:\/\/www.freiburg-schwarzwald.de\/blog\/engagement\/zukunft\/demokratie\/merkelismus\/\">Merkelismus<\/a><\/li>\n<li><a title=\"Demokratie\" href=\"https:\/\/www.freiburg-schwarzwald.de\/blog\/engagement\/zukunft\/demokratie\/\">Demokratie<\/a><\/li>\n<li><a title=\"Diffamierung\" href=\"https:\/\/www.freiburg-schwarzwald.de\/blog\/kultur\/medien\/diffamierung\/\">Diffamierung<\/a><\/li>\n<li><a title=\"Diskussionskultur\" href=\"https:\/\/www.freiburg-schwarzwald.de\/blog\/kultur\/medien\/diskussionskultur\/\">Diskussionskultur<\/a><\/li>\n<li><a title=\"Dummheit\" href=\"https:\/\/www.freiburg-schwarzwald.de\/blog\/engagement\/zukunft\/dummheit\/\">Dummheit<\/a><\/li>\n<li><a title=\"Ehrlichkeit\" href=\"https:\/\/www.freiburg-schwarzwald.de\/blog\/engagement\/zukunft\/ehrlichkeit\/\">Ehrlichkeit<\/a><\/li>\n<li><a title=\"Ideologie\" href=\"https:\/\/www.freiburg-schwarzwald.de\/blog\/engagement\/zukunft\/ideologie\/\">Ideologie<\/a><\/li>\n<li><a href=\"https:\/\/www.freiburg-schwarzwald.de\/blog\/bildung\/infantil\/\">infantil<\/a><\/li>\n<li><a title=\"Medien\" href=\"https:\/\/www.freiburg-schwarzwald.de\/blog\/kultur\/medien\/\">Medien<\/a><\/li>\n<li><a title=\"Migrationspolitik\" href=\"https:\/\/www.freiburg-schwarzwald.de\/blog\/global\/migration\/migrationspolitik\/\">Migrationspolitik ab 2020<\/a><\/li>\n<li><a title=\"Pisa\" href=\"https:\/\/www.freiburg-schwarzwald.de\/blog\/bildung\/pisa\/\">Pisa<\/a><\/li>\n<li><a title=\"Science\" href=\"https:\/\/www.freiburg-schwarzwald.de\/blog\/bildung\/science\/\">Science<\/a><\/li>\n<li><a title=\"Verbl\u00f6dung\" href=\"https:\/\/www.freiburg-schwarzwald.de\/blog\/bildung\/verbloedung\/\">Verbl\u00f6dung<\/a><\/li>\n<li><a title=\"Vorverurteilung\" href=\"https:\/\/www.freiburg-schwarzwald.de\/blog\/kultur\/medien\/vorverurteilung\/\">Vorverurteilung<\/a><\/li>\n<li><a href=\"https:\/\/www.freiburg-schwarzwald.de\/blog\/selbsthilfe\/soziales\/wohlstand\/\">Wohlstand<\/a><\/li>\n<\/ul>\n<p>&nbsp;<\/p>\n<p><strong>Naivit\u00e4t in Politik, Medien und Gesellschaft<br \/>\nGroKo als Regierung\u00a0des verantwortungslosen Infantilismus<\/strong><\/p>\n<p>&nbsp;<\/p>\n<p><strong>&#8222;keine Ahnung&#8220; &#8211; Studierende<\/strong><br \/>\nDie Verabsolutierung eigener Erfahrungen ist bei vielen Studierenden der Geisteswissenschaften auch beim Umgang mit wissenschaftlichen Aussagen zu beobachten. Literaturinterpretation sei &#8222;Ansichtssache&#8220;, jeder k\u00f6nne alles &#8222;in einen Text hineinlesen&#8220; (statt es am Text nachzuweisen) und diskussionsbeendend: Man sehe das &#8222;halt&#8220; anders. Auch in moralischen Fragen &#8222;sehe jeder das eben anders&#8220;; sittlich sei, was die Gesellschaft daf\u00fcr halte. Sittlichkeit sei &#8222;keine Ahnung \u2013 anerzogen&#8220;. Es gebe &#8222;eh&#8220; keine Wahrheit, alles sei Ansichtssache.<br \/>\nDie h\u00e4ufig benutzten F\u00fcllfloskeln &#8222;wei\u00df nicht&#8220;, &#8222;keine Ahnung&#8220;, die zwischen Aussages\u00e4tze gesetzt werden, indizieren unfreiwillig den eigenen Bewusstseinsstand: &#8222;Man kann Schule doch nicht mit, keine Ahnung, Universit\u00e4t vergleichen\u2026.&#8220;. In Referaten geht man nicht mit einem &#8222;daraus folgt&#8220; oder &#8222;und nun komme ich zum n\u00e4chsten Aspekt&#8220; zum n\u00e4chsten Gliederungspunkt \u00fcber, sondern dadurch, dass die Referenten auf das Konzeptpapier schauen und &#8222;genau!&#8220; sagen. So, als ob man sich selbst Mut machen und ein Kontinuum herstellen m\u00fcsste, weil man ahnt, dass der Aufbau des Referates lediglich additiv war.<br \/>\n&#8230; Alles von <a title=\"Abitur ungleich Hochschulreife\" href=\"https:\/\/www.freiburg-schwarzwald.de\/blog\/abitur-ungleich-hochschulreife\/\">Prof Volker Ladenthin<\/a> zu<br \/>\n&#8222;Da l\u00e4uft etwas ganz schief. Erf\u00fcllt das Gymnasium nicht mehr seine wesentlich Aufgabe: Junge Menschen studierf\u00e4hig zu machen? Eine Kritik aus erziehungswissenschaftlicher Sicht.&#8220; vom 6.8.2018 bitte lesen auf<br \/>\n<a href=\"https:\/\/www.forschung-und-lehre.de\/lehre\/da-laeuft-etwas-ganz-schief-894\/\">https:\/\/www.forschung-und-lehre.de\/lehre\/da-laeuft-etwas-ganz-schief-894\/<\/a><\/p>\n<p>&nbsp;<\/p>\n<p><strong>Kinder an die Macht &#8211; Gesellschaftliche Infantilisierung<\/strong><br \/>\nZum Gl\u00fcck passierten 1986 nicht nur technische Katastrophen; es passierte auch Musik. Wenige Tage nach der Verstrahlung Europas durch Tschernobyl ver\u00f6ffentlichte Herbert Gr\u00f6nemeyer das Album \u00bbSpr\u00fcnge\u00ab. (Aufgenommen im K\u00f6lner EMI Tonstudio II, heute Maarweg Studio 2 \u2013 hach, damals.)\u00a0\u00a0Einige Wochen zuvor war bereits die erste Singleauskopplung \u00bbKinder an die Macht\u00ab erschienen. Ich fand den eing\u00e4ngigen Schlager \u00bbKinder an die Macht\u00ab schon immer extra schillernd. \u2013 Denken Sie doch ein klein wenig \u00fcber den Text nach! Aus dem Refrain:<br \/>\n.<br \/>\n<em>\u00bbGebt den Kindern das Kommando, sie berechnen nicht, was sie tun.\u00ab<\/em><br \/>\nUnter den Gr\u00fcnden, einem Menschen die Macht anzuvertrauen, ist seine mangelnde Voraussicht nicht der allerbeste.<br \/>\n\u00bbSie sind die wahren Anarchisten, lieben das Chaos, r\u00e4umen ab.\u00ab<br \/>\nStellen wir uns nur vor, jemand w\u00fcrde das tats\u00e4chlich zur Leitlinie seiner Politik machen! Wie w\u00fcrde das aussehen? Wie Berlin vielleicht?<br \/>\n.<br \/>\n<em>\u00bbKennen keine Rechte, keine Pflichten \u2026\u00ab<\/em><br \/>\nHmm, so w\u00fcrde doch keiner Politik machen wollen, so dass f\u00fcr ihn selbst keine Rechte und keine Pflichten gelten (sondern nur f\u00fcr den, der das alles finanzieren soll). Unrealistisch!<br \/>\n\u00bbEs gibt kein gut, es gibt kein b\u00f6se, Es gibt kein schwarz, es gibt kein wei\u00df\u00ab<br \/>\nEine Politik, die keine festen ethischen Konzepte und Werte mehr kennt, sondern positive und negative Bewertung nach momentaner Lust und Laune zuschreibt, wie tragf\u00e4hig w\u00e4re die wirklich?<br \/>\n.<br \/>\n<em>\u00bbStatt zu unterdr\u00fccken gibt\u2019s Erdbeereis auf Lebenszeit\u00ab<\/em><br \/>\nErdbeereis auf Lebenszeit \u2013 sagt sich gut, plakatiert sich bestimmt auch gut, aber es w\u00e4re kaum eine nachhaltige Ern\u00e4hrung! Das Spannende an dieser Formulierung: sie impliziert, dass die Abwesenheit von Erdbeereis im Umkehrschluss eine Form der Unterdr\u00fcckung darstellt; es w\u00e4re eine Politik des kindischen Anspruchdenkens, ungefiltertes Id.<br \/>\n.<br \/>\n<em>\u00bbUngebeugte Kraft, massenhaft, ungest\u00fcmer Stolz \u2026\u00ab<\/em><br \/>\nKindliches Gem\u00fct und mangelnde Voraussicht, aber primitive Energie und riesiges Selbstbewusstsein \u2013 kein ungef\u00e4hrliches Rezept, wenn man es mit Macht kombiniert!<br \/>\n.<br \/>\n<em>\u00bbDie Welt geh\u00f6rt in Kinderh\u00e4nde, dem Tr\u00fcbsinn ein Ende\u00ab<\/em><br \/>\nIst gute Laune allein schon Qualifikation zur Macht? Dann k\u00f6nnten wir ja gleich Drogenfreunde und Studienabbrecher in Parlamente und Regierungen w\u00e4hlen, Hauptsache die \u00bbpositive Energie\u00ab stimmt!<br \/>\n.<br \/>\n<em>\u00bbWir werden in Grund und Boden gelacht \u2026\u00ab<\/em><br \/>\nDas w\u00e4re ja das Problem mit kindlicher Macht, sp\u00e4testens wenn sie sich mit einer in Unwissen und Verbohrtheit begr\u00fcndeten Arroganz paart: was Kinder nicht verstehen, das f\u00fcrchten sie heimlich, und lachen es umso lauter aus (wie der Schimpanse, der im Angesicht von Gefahr ebenfalls das Gesicht zur Lachgrimasse verzieht). Gegenargumente w\u00e4ren m\u00e4chtiggewordenen Kindern nicht Anlass zur Reflektion, sondern zu Hohn und Verachtung. Was z\u00e4hlt schon der Hinweis auf Konsequenzen, wenn man wie pubertierende G\u00f6ren auf dem Schulhof alle Probleme meint, \u00bbin Grund und Boden\u00ab lachen zu k\u00f6nnen?<br \/>\n.<br \/>\nAch, was soll die sprachliche Maskerade, das kokettierende Tun-als-ob-nicht! \u2013 Fragen wir direkt: Ist Gr\u00f6nemeyers \u00bbKinder an die Macht\u00ab eine politische Blaupause f\u00fcrs heutige Linksgr\u00fcne? (Don\u2019t get me wrong: Ich finde das Lied gro\u00dfartig \u2013 als Kunst und perfekte Bebilderung eines emotionalen Zustand. Ich singe sogar mit, ohne mich zu sch\u00e4men \u2013 und ich erlaube mir zugleich, auf die Worte zu h\u00f6ren und die Zeilen zu Ende zu denken \u2026)<\/p>\n<p>Wenige Jahrzehnte sp\u00e4ter wurde Gr\u00f6nemeyers gr\u00fcne Hymne zur neuen deutschen Staatsraison.<br \/>\n<em><strong>Wir erleben eine gesamtgesellschaftliche Infantilisierung, <\/strong><\/em><br \/>\n<em><strong>von Merkels stammelnder Kindersprache,\u00a0<\/strong><\/em><br \/>\n<em><strong>\u00fcber die moralisierende Schr\u00e4glogik heutiger Kirchenvertreter, <\/strong><\/em><br \/>\n<em><strong>die fr\u00fcher selbst im Kindergottesdienst als zu unterkomplex abgelehnt worden w\u00e4re, <\/strong><\/em><br \/>\n<em><strong>bis hin zu Talkshows und sogar dem Parlament, <\/strong><\/em><br \/>\n<em><strong>wo zuletzt immer seltener das argumentative Niveau eines Brennpunkt-Schulhofs \u00fcberschritten wird.<\/strong><\/em><\/p>\n<p>&#8230; Alles vom\u00a012.11.2018 von , Dushan Wegner bitte lesen auf<br \/>\n<a href=\"https:\/\/dushanwegner.com\/sie-berechnen-nicht-was-sie-tun\/\">https:\/\/dushanwegner.com\/sie-berechnen-nicht-was-sie-tun\/<\/a><\/p>\n","protected":false},"excerpt":{"rendered":"<p>Home\u00a0&gt;Engagement\u00a0&gt;Zukunft\u00a0&gt;Demokratie &gt;Naivitaet &nbsp; Listenauswahl eines Beitrags: Bitte anklicken oder runterscrollen \u00d6ffentlich-rechtlicher wirtschaftlicher Analphabetismus: Miete deckt nur laufende Kosten\u00a0(15.3.2026) EVP-Chef Weber ruft zur Sabotage der Moskauer U-Bahn auf\u00a0(30.9.2025) Winfried St\u00f6cker: AfD als Rettung vor politischer \u201eIneptokratie\u201c \u2013 Offener Brief\u00a0(3.2.2025) Lambrecht naiv &hellip; <a href=\"https:\/\/www.freiburg-schwarzwald.de\/blog\/engagement\/zukunft\/demokratie\/naivitaet\/\">Weiterlesen <span class=\"meta-nav\">&rarr;<\/span><\/a><\/p>\n","protected":false},"author":2,"featured_media":0,"parent":21084,"menu_order":0,"comment_status":"open","ping_status":"closed","template":"","meta":{"footnotes":""},"class_list":["post-68839","page","type-page","status-publish","hentry"],"_links":{"self":[{"href":"https:\/\/www.freiburg-schwarzwald.de\/blog\/wp-json\/wp\/v2\/pages\/68839","targetHints":{"allow":["GET"]}}],"collection":[{"href":"https:\/\/www.freiburg-schwarzwald.de\/blog\/wp-json\/wp\/v2\/pages"}],"about":[{"href":"https:\/\/www.freiburg-schwarzwald.de\/blog\/wp-json\/wp\/v2\/types\/page"}],"author":[{"embeddable":true,"href":"https:\/\/www.freiburg-schwarzwald.de\/blog\/wp-json\/wp\/v2\/users\/2"}],"replies":[{"embeddable":true,"href":"https:\/\/www.freiburg-schwarzwald.de\/blog\/wp-json\/wp\/v2\/comments?post=68839"}],"version-history":[{"count":6,"href":"https:\/\/www.freiburg-schwarzwald.de\/blog\/wp-json\/wp\/v2\/pages\/68839\/revisions"}],"predecessor-version":[{"id":146849,"href":"https:\/\/www.freiburg-schwarzwald.de\/blog\/wp-json\/wp\/v2\/pages\/68839\/revisions\/146849"}],"up":[{"embeddable":true,"href":"https:\/\/www.freiburg-schwarzwald.de\/blog\/wp-json\/wp\/v2\/pages\/21084"}],"wp:attachment":[{"href":"https:\/\/www.freiburg-schwarzwald.de\/blog\/wp-json\/wp\/v2\/media?parent=68839"}],"curies":[{"name":"wp","href":"https:\/\/api.w.org\/{rel}","templated":true}]}}