{"id":68786,"date":"2018-11-11T18:55:21","date_gmt":"2018-11-11T17:55:21","guid":{"rendered":"https:\/\/www.freiburg-schwarzwald.de\/blog\/?page_id=68786"},"modified":"2019-11-28T17:40:17","modified_gmt":"2019-11-28T16:40:17","slug":"landflucht","status":"publish","type":"page","link":"https:\/\/www.freiburg-schwarzwald.de\/blog\/global\/integration\/landflucht\/","title":{"rendered":"Landflucht"},"content":{"rendered":"<p><a href=\"https:\/\/www.freiburg-schwarzwald.de\/blog\">Home<\/a>\u00a0&gt;<a title=\"Global\" href=\"https:\/\/www.freiburg-schwarzwald.de\/blog\/global\/\">Global<\/a>\u00a0&gt;<a title=\"Migration\" href=\"https:\/\/www.freiburg-schwarzwald.de\/blog\/global\/migration\/\">Migration<\/a>\u00a0&gt;<a title=\"Integration\" href=\"https:\/\/www.freiburg-schwarzwald.de\/blog\/global\/integration\/\">Integration<\/a> &gt;Landflucht<\/p>\n<div id=\"attachment_68787\" style=\"width: 649px\" class=\"wp-caption alignnone\"><a href=\"https:\/\/www.freiburg-schwarzwald.de\/blog\/global\/integration\/landflucht\/oman-pan20181031\/\" rel=\"attachment wp-att-68787\"><img loading=\"lazy\" decoding=\"async\" aria-describedby=\"caption-attachment-68787\" class=\"wp-image-68787 size-full\" src=\"https:\/\/www.freiburg-schwarzwald.de\/blog\/wp-content\/uploads\/2018\/11\/oman-pan20181031.jpg\" alt=\"oman-pan20181031\" width=\"639\" height=\"350\" srcset=\"https:\/\/www.freiburg-schwarzwald.de\/blog\/wp-content\/uploads\/2018\/11\/oman-pan20181031.jpg 639w, https:\/\/www.freiburg-schwarzwald.de\/blog\/wp-content\/uploads\/2018\/11\/oman-pan20181031-180x98.jpg 180w\" sizes=\"auto, (max-width: 639px) 100vw, 639px\" \/><\/a><p id=\"caption-attachment-68787\" class=\"wp-caption-text\">Oman &#8211; Wohnhaus am 31.10.2018<\/p><\/div>\n<p>&nbsp;<\/p>\n<ul>\n<li><a title=\"Gelbwesten F \u2013 Gr\u00fcnkreuze D\" href=\"https:\/\/www.freiburg-schwarzwald.de\/blog\/gelbwesten-f-gruenkreuze-d\/\">Gelbwesten F \u2013 Gr\u00fcnkreuze D<\/a>\u00a0(28.11.2019)<\/li>\n<li><a href=\"https:\/\/www.freiburg-schwarzwald.de\/blog\/peripherie-contra-metropole\/\">https:\/\/www.freiburg-schwarzwald.de\/blog\/peripherie-contra-metropole\/<\/a>\u00a0(27.7.2019)<\/li>\n<li><a href=\"https:\/\/www.freiburg-schwarzwald.de\/blog\/somewheres-gegen-anywheres\/\">https:\/\/www.freiburg-schwarzwald.de\/blog\/somewheres-gegen-anywheres\/<\/a> (13.2.219)<\/li>\n<li>Gegen Landflucht hilft keine Zwangsansiedlung junger Migranten (11.11.2018)<\/li>\n<li><a title=\"Riace in I: Landflucht Migration\" href=\"https:\/\/www.freiburg-schwarzwald.de\/blog\/riace-in-i-landflucht-migration\/\">Riace in Italien: Landflucht und Migration<\/a> (6.11.2018)<\/li>\n<li><a title=\"Vergreisung Landflucht bis 2030\" href=\"https:\/\/www.freiburg-schwarzwald.de\/blog\/vergreisung-landflucht-bis-2030\/\">Vergreisung: Landflucht bis 2030<\/a>\u00a0(2015)<\/li>\n<li><a title=\"Stadt-Land-Job Integration\" href=\"https:\/\/www.freiburg-schwarzwald.de\/blog\/stadt-land-job-integration\/\">Stadt-Land-Job Integration<\/a> (13.3.2013)<\/li>\n<\/ul>\n<ul>\n<li><a title=\"Fluechtlinge-Wohnung\" href=\"https:\/\/www.freiburg-schwarzwald.de\/blog\/global\/integration\/fluechtlinge-wohnung\/\">Fluechtlinge-Wohnen<\/a><\/li>\n<li><a title=\"Integration\" href=\"https:\/\/www.freiburg-schwarzwald.de\/blog\/global\/integration\/\">Integration<\/a><\/li>\n<li><a title=\"Migration-Wohnen\" href=\"https:\/\/www.freiburg-schwarzwald.de\/blog\/global\/migration\/migration-wohnen\/\">Migration-Wohnen<\/a><\/li>\n<li><a title=\"Spaltung\" href=\"https:\/\/www.freiburg-schwarzwald.de\/blog\/global\/deutschland\/spaltung\/\">Spaltung<\/a><\/li>\n<li><a title=\"Stadt-Sozialwohnungen fehlen\" href=\"https:\/\/www.freiburg-schwarzwald.de\/blog\/stadt-sozialwohnungen-fehlen\/\">Stadt<\/a><\/li>\n<li><a title=\"Wohnungsleerstand\" href=\"https:\/\/www.freiburg-schwarzwald.de\/blog\/business\/dienste\/immobilien\/wohnen\/wohnungsleerstand\/\">Wohnungsleerstand<\/a><\/li>\n<li><a title=\"Obdachlos\" href=\"https:\/\/www.freiburg-schwarzwald.de\/blog\/selbsthilfe\/soziales\/obdachlos\/\">Wohnungslos<\/a><\/li>\n<li><a title=\"Sozialwohnung\" href=\"https:\/\/www.freiburg-schwarzwald.de\/blog\/business\/dienste\/immobilien\/wohnen\/sozialwohnung\/\">Sozialwohnung<\/a><\/li>\n<\/ul>\n<p>&nbsp;<\/p>\n<p>&nbsp;<\/p>\n<ul>\n<li><\/li>\n<\/ul>\n<p>&nbsp;<\/p>\n<p><strong>Gegen Landflucht hilft keine Zwangsansiedlung junger Migranten<\/strong><br \/>\nDie Strukturprobleme im S\u00fcden von <a title=\"Italien\" href=\"https:\/\/www.freiburg-schwarzwald.de\/blog\/global\/italien\/\">Italien<\/a> sind immens: Landflucht, verlassene D\u00f6rfer, Vergreisung: Nur die Alten bleiben und die Jungen ziehen weg. Verslummung der St\u00e4dte. Jugendarbeitslosigkeit, Kriminalit\u00e4t, Mafia. Die Milliardenprogramme der EU (Infrastruktur, Autobahnbau, F\u00f6rderprogramme) zeigen kaum Wirkung. Das Nord-S\u00fcd-Gef\u00e4lle in Italien ist gro\u00df und w\u00e4chst mehr und mehr. So war das BIP pro Kopf in der reichsten Region, der Lombardei (Po-Ebene), 2003 mehr als doppelt so hoch wie in der \u00e4rmsten Region, Kalabrien. Und aus dem &#8222;doppelt&#8220; wurden in 2017 \u00fcber &#8222;zwei Drittel&#8220;.<br \/>\n.<br \/>\nSolche Zahlen m\u00f6gen erschrecken. aber das Erschreckendste ist die gro\u00dfe Jugendarbeitslosigkeit der S\u00fcditaliener: Regional bis zu 80% der jungen M\u00e4nner s\u00fcdlich von Toskana und Marken finden keine Arbeit und &#8222;h\u00e4ngen herum&#8220;. Entsprechendes im S\u00fcden von Spanien und Portugal. Man stelle sich vor: 8 von 10 Jugendlichen finden keinen Job bzw. sehen keine Perspektive. Im Unverm\u00f6gen, die anhaltend gigantisch hohe Jugendarbeitslosigkeit in den S\u00fcdl\u00e4ndern zu stoppen, liegt das eigentliche Versagen der EU.<br \/>\n.<br \/>\nIm Hochschwarzwald &#8211; vor gar nicht allzu langer Zeit auch eine Krisenregion, aus der die jungen Leute aus dem <a title=\"Laendlicher-Raum\" href=\"https:\/\/www.freiburg-schwarzwald.de\/blog\/regio\/laendlicher-raum\/\">l\u00e4ndlichen Raum<\/a>\u00a0in die St\u00e4dte <a title=\"Landflucht\" href=\"https:\/\/www.freiburg-schwarzwald.de\/blog\/global\/integration\/landflucht\/\">abgewandert<\/a> sind &#8211; bieten mittelst\u00e4ndische Unternehmen wie Rena in G\u00fctenbach, IMS in Eisenbach und Testo in Titisee-Neustadt Arbeitspl\u00e4tze f\u00fcr einheimische Jugendliche an. Was f\u00fcr den Hochschwarzwald gilt, trifft auch f\u00fcr die strukturschwachen Regionen in Kalabrien zu: Das Problem der Landflucht l\u00e4\u00dft sich nur nachhaltig l\u00f6sen durch Schaffung von Jobs, Arbeitspl\u00e4tzen und nochmals Jobs. In Landwirtschaft, Handwerk, Industrie und Tourismus. Und Arbeitspl\u00e4tze schaffen eben Unternehmen und Betriebe, kleine wie gro\u00dfe.<br \/>\n.<br \/>\nIn der Region um <a title=\"Riace in I: Landflucht Migration\" href=\"https:\/\/www.freiburg-schwarzwald.de\/blog\/riace-in-i-landflucht-migration\/\">Riace in Kalabrien<\/a> gibt es keine mittelst\u00e4ndischen Firmen wie Rena, IMS und Testo. Man m\u00fcsste solche Unternehmer gewinnen, hier zu investieren. Es gibt auch keine Handwerksbetriebe &#8211; man m\u00fcsste sie f\u00f6rdern. Knowhow, Flei\u00df und Motvation der jungen arbeitssuchenden ItalienerInnen w\u00e4re aber vorhanden.<br \/>\nDie Landflucht l\u00e4\u00dft sich nicht l\u00f6sen \u00fcber die zwangsweise und punktuelle Ansiedlung von Migranten, die gro\u00dfenteils funktionale Analphabeten sind und von staatlicher F\u00fcrsorge leben. In dem Dorf Riace in Kalabrien (in den Bergen zwischen Rocella Ionica (SW) und Soverato (NO), 20 km vom Ionischen Meer) hat man dies medienwirksam durch Ausrufen einer &#8222;Citta Futura &#8211; Stadt der Zukunft&#8220; versucht. 800 Einwohner ebensoviele (?) Migranten.<br \/>\nMehrere meiner Freunde waren neugierig und durchaus positiv angetan, sie fuhren nach Riace, wo die anf\u00e4ngliche Euphorie rasch in Ersch\u00fctterung \u00fcber die dortigen Zust\u00e4nde. umschlug: Migranten werden als Billigl\u00f6hner mi\u00dfbraucht, um irgendwelche &#8222;guten&#8220; Aktivit\u00e4ten durchzuziehen. Die dortigen Migranten &#8211; \u00fcberwiegend Schwarzafrikaner &#8211; taten ihnen leid. Staatliche wie nichtstaatliche \u201cHilfsprojektmanager\u201d benutzen die Migranten, um ihre Moralvorgaben zu umzusetzen und Transfergelder zu aquirieren. Niemand fragt nach den Zukunftsperspektiven dieser Migranten. Auch in Riace wird gedealt, es gibt Drogen, man h\u00e4ngt rum.<br \/>\nWas in \u00fcber 20 Jahren nicht gelang &#8211; n\u00e4mlich die einheimische Jungend in Lohn und Arbeit zu bringen, soll nun pl\u00f6tzlich mit Migranten gelingen? Was f\u00fcr eine Verh\u00f6hnung der eigenen Jugend! Die Jungen und M\u00e4dchen sind l\u00e4ngst aus dem Dorf geflohen nach Neapel oder eine andere Stadt. Sie wohnen dort in der kleinen 2-ZKB einer Tante. Sie sind gut ausgebildet &#8211; Abi, Lehre, Ausbildung, Studium &#8211; aber arbeitslos, es gibt eben keinen Job.<br \/>\nIch rate jedem, doch selbst mal nach S\u00fcditalien zu fahren, um sich vorort zu informieren. Es ist billig und naiv zu glauben, man k\u00f6nne sich \u00fcber Internet-Recherche und Presse bequem vom Sessel aus fundiert informieren. Die Realit\u00e4t vorort in Kalabrien ist eine andere.<br \/>\n.<br \/>\nF\u00fcr die \u00fcberwiegend positiven und geradezu euphorischen Meldungen in der deutschen Presse gibt es zwei Erkl\u00e4rungen: Entweder waren die Journalisten noch nicht vorort in Riace waren bzw. haben nicht \u00fcber einen l\u00e4ngeren Zeitraum dort gelebt. Denn Recherche am PC kann die Realit\u00e4t nicht ersetzen. Oder aber die <a title=\"Dummheit\" href=\"https:\/\/www.freiburg-schwarzwald.de\/blog\/engagement\/zukunft\/dummheit\/\">Naivit\u00e4t<\/a> vernebelt den Blick auf die Probleme im Dorf Riace:<br \/>\nDie Migranten sind \u00fcberwiegend bildungsferne, funktionale Analphabeten.<br \/>\nUngleichheit: 1200 Euro\/Monat f\u00fcr den Migranten, 760 Euro f\u00fcr den jungen Italiener.<br \/>\nDie islam-kulturelle Pr\u00e4gung vieler Migranten erschwert jede Integration.<br \/>\nGefahr von Parallelgesellschaft, Ghettoildung und Segregat.<br \/>\nEin \u00fcber staatl. Transferzahlungen finanziertes Dorf ist kein Gemeinwesen.<br \/>\nFrauenproblem: Die meisten Afrikaner isn Single &#8211; es gibt keine Frauen.<br \/>\nKriminalit\u00e4t: Subventionsbetrug, Scheinehen.<br \/>\nDiskriminierung der in die St\u00e4dte gefl\u00fcchteten italienischen Jugendlichen.<br \/>\n11.11.2018<br \/>\n.<\/p>\n<p><strong>B\u00fcrgermeister von Riace wegen \u201eBeihilfe zu illegaler Zuwanderung\u201c festgenommen<\/strong><br \/>\nSeit Jahren steht der B\u00fcrgermeister von Riace f\u00fcr eine \u201eRefugees Welcome\u201c-Politik, Fl\u00fcchtlinge lie\u00dfen die zuvor sterbende Stadt in Kalabrien wieder wachsen. Nun wurde Domenico Lucano festgenommen \u2013 hat er auch illegale Einwanderung gef\u00f6rdert? &#8230;<br \/>\nDie Ermittler werfen ihm konkret vor, dass er zusammen mit seiner Partnerin Scheinehen zwischen Migranten und Einwohnern organisiert haben soll, auch der Verdacht von Subventionsbetrug steht offenbar im Raum.<br \/>\n&#8230; Alles vom 2.10.2018 bitte lesen auf<br \/>\n<a href=\"https:\/\/www.welt.de\/politik\/ausland\/article181737784\/Italien-Riaces-Buergermeister-wegen-Beihilfe-zu-illegaler-Zuwanderung-verhaftet.html\">https:\/\/www.welt.de\/politik\/ausland\/article181737784\/Italien-Riaces-Buergermeister-wegen-Beihilfe-zu-illegaler-Zuwanderung-verhaftet.html<\/a><\/p>\n<p><strong>Jemand der einl\u00e4dt, sollte auch bezahlen<\/strong><br \/>\nEs sieht ja wohl so aus, das der italienische Steuerzahler f\u00fcr Kosten der Migranten aufkommen muss. Einige ziehen auch unkontrolliert weiter und tauchen dann in Gegenden Europas auf, in denen sie nicht willkommen sind. Die Taten des B\u00fcrgermeisters sind somit nur den ersten Blick positiv. Jemand der einl\u00e4dt, sollte auch bezahlen. Und jemand der ungefragt kommt, soll sich seinen Lebensunterhalt mit steuerpflichtiger Arbeit bitte selbst verdienen. &#8230;<br \/>\nWenn ein B\u00fcrgermeister seine Gemeinde auf Kosten der EU-B\u00fcrger &#8222;wachsen&#8220; l\u00e4sst, kann man dass nur unterst\u00fctzen, wenn EU-Buerger in die Gemeinde ziehen. Keine illegale Migranten. Da hat Salvini v\u00f6llig Recht!!!<br \/>\nThomas M., WO<br \/>\n.<br \/>\n&#8222;Sie leben laut Medienberichten mietfrei in leer stehenden Immobilien der Stadt und bekommen ein monatliches Taschengeld von 250 Euro.&#8220; Das hei\u00dft der Italienische Steuerzahler kommt Jahre (und laut dem Artikel) Jahrzehnte daf\u00fcr auf das diese Migranten durchgef\u00fcttert werden und frei wohnen k\u00f6nnen?<br \/>\n2.10.2018, Yogofu, WO<br \/>\n.<br \/>\n<strong>Migranten in leere H\u00e4user der abgewanderten arbeitslosen Einheimischen?<\/strong><br \/>\nGute Entscheidung, Herr Salvini. Leere D\u00f6rfer sollte man nicht durch illegale Einwanderer f\u00fcllen, f\u00fcr die ja alle Steuerzahler in Italien aufkommen m\u00fcssen. Das Gebaren dieses B\u00fcrgermeisters ist rechtswidrig und geh\u00f6rt dementsprechend bestraft.Die Italiener haben es begriffen.<br \/>\nDer italienische B\u00fcrgermeister hat das gleiche Gesch\u00e4ftsmodell angewendet, das gestern schon der B\u00fcrgermeister von Goslar in einem WELT-Interview vorgestellt hat: Die eigene Gemeinde profitiert und die Gemeinschaft der Steuerzahler im Land zahlt die Zeche daf\u00fcr. Wie soll es eine &#8222;Stadt der Zukunft&#8220; sein, wenn vorher Menschen aus Mangel an Arbeitskr\u00e4ften in einer Stadt abwandern und ich die freigewordenen H\u00e4user und Wohnungen einfach mit Migranten neu besiedele &#8211; ohne aber, dass sich Industrie ansiedelt und Arbeitspl\u00e4tze schafft. F\u00fcr das Land Italien oder Deutschland bedeutet dies in Summe nur eine Zunahme von Sozialhilfe-Empf\u00e4ngern und eine massive Belastung der Sozialsysteme. Solche kreativen Gesch\u00e4ftsmodell auf Kosten der Gesellschaft sollten verboten werden.<br \/>\n2.10.2018, Tom S., WO<\/p>\n<p><strong>Migranten mit dem Beruf &#8222;Einwohner-Darsteller&#8220;<\/strong><br \/>\n\u201eSie leben laut Medienberichten mietfrei in leer stehenden Immobilien der Stadt und bekommen ein Taschengeld von 250 Euro.\u201c Hauptberuf der Migranten ist \u201eEinwohner-Darsteller\u201c, mietfrei und mit Bezahlung. Wo stammt das Geld eigentlich her? Und das nur um keine leeren H\u00e4user zu haben! Wohnungsmangel ist ein Fremdwort.<br \/>\n2.10.2018, G\u00fcnther S., WO<\/p>\n<p><strong>Vollversorgung: Flixbus von Riace nach Deutschland<\/strong><br \/>\nAber das ist doch nett. Mietfrei wohnen (auch gratis Strom, Wasser, M\u00f6bel, Hausrat, M\u00fcllgeb\u00fchren, Arzt) plus Taschengeld. Das lockte doch sicher erst mal jede Menge Neub\u00fcrger an. Nach einiger Zeit hat sich vermutlich herumgesprochen wieviel mehr die bundesdeutsche lebenslange Vollversorgung hergibt. Die Stadtverwaltung verteilt sicher die Fahrscheine f\u00fcr den Flixbus nach D.<br \/>\n2.10.2018, Michael M., WO<\/p>\n","protected":false},"excerpt":{"rendered":"<p>Home\u00a0&gt;Global\u00a0&gt;Migration\u00a0&gt;Integration &gt;Landflucht &nbsp; Gelbwesten F \u2013 Gr\u00fcnkreuze D\u00a0(28.11.2019) https:\/\/www.freiburg-schwarzwald.de\/blog\/peripherie-contra-metropole\/\u00a0(27.7.2019) https:\/\/www.freiburg-schwarzwald.de\/blog\/somewheres-gegen-anywheres\/ (13.2.219) Gegen Landflucht hilft keine Zwangsansiedlung junger Migranten (11.11.2018) Riace in Italien: Landflucht und Migration (6.11.2018) Vergreisung: Landflucht bis 2030\u00a0(2015) Stadt-Land-Job Integration (13.3.2013) Fluechtlinge-Wohnen Integration Migration-Wohnen Spaltung Stadt Wohnungsleerstand Wohnungslos &hellip; <a href=\"https:\/\/www.freiburg-schwarzwald.de\/blog\/global\/integration\/landflucht\/\">Weiterlesen <span class=\"meta-nav\">&rarr;<\/span><\/a><\/p>\n","protected":false},"author":2,"featured_media":0,"parent":1875,"menu_order":0,"comment_status":"open","ping_status":"closed","template":"","meta":{"footnotes":""},"class_list":["post-68786","page","type-page","status-publish","hentry"],"_links":{"self":[{"href":"https:\/\/www.freiburg-schwarzwald.de\/blog\/wp-json\/wp\/v2\/pages\/68786","targetHints":{"allow":["GET"]}}],"collection":[{"href":"https:\/\/www.freiburg-schwarzwald.de\/blog\/wp-json\/wp\/v2\/pages"}],"about":[{"href":"https:\/\/www.freiburg-schwarzwald.de\/blog\/wp-json\/wp\/v2\/types\/page"}],"author":[{"embeddable":true,"href":"https:\/\/www.freiburg-schwarzwald.de\/blog\/wp-json\/wp\/v2\/users\/2"}],"replies":[{"embeddable":true,"href":"https:\/\/www.freiburg-schwarzwald.de\/blog\/wp-json\/wp\/v2\/comments?post=68786"}],"version-history":[{"count":0,"href":"https:\/\/www.freiburg-schwarzwald.de\/blog\/wp-json\/wp\/v2\/pages\/68786\/revisions"}],"up":[{"embeddable":true,"href":"https:\/\/www.freiburg-schwarzwald.de\/blog\/wp-json\/wp\/v2\/pages\/1875"}],"wp:attachment":[{"href":"https:\/\/www.freiburg-schwarzwald.de\/blog\/wp-json\/wp\/v2\/media?parent=68786"}],"curies":[{"name":"wp","href":"https:\/\/api.w.org\/{rel}","templated":true}]}}