{"id":66471,"date":"2018-02-10T09:00:15","date_gmt":"2018-02-10T08:00:15","guid":{"rendered":"https:\/\/www.freiburg-schwarzwald.de\/blog\/?page_id=66471"},"modified":"2026-02-03T16:43:23","modified_gmt":"2026-02-03T15:43:23","slug":"weingarten","status":"publish","type":"page","link":"https:\/\/www.freiburg-schwarzwald.de\/blog\/regio\/freiburg\/weingarten\/","title":{"rendered":"Weingarten"},"content":{"rendered":"<p>Home &gt;<a title=\"Regio\" href=\"https:\/\/www.freiburg-schwarzwald.de\/blog\/regio\/\">Regio<\/a>\u00a0&gt;<a title=\"Orte\" href=\"https:\/\/www.freiburg-schwarzwald.de\/blog\/regio\/orte\/\">Orte<\/a>\u00a0&gt;<a title=\"Freiburg\" href=\"https:\/\/www.freiburg-schwarzwald.de\/blog\/regio\/freiburg\/\">Freiburg<\/a>\u00a0&gt;Weingarten<\/p>\n<div id=\"attachment_22511\" style=\"width: 651px\" class=\"wp-caption alignnone\"><a href=\"https:\/\/www.freiburg-schwarzwald.de\/blog\/wp-content\/uploads\/2012\/04\/schlossberg18muenster-pan130214.jpg\"><img loading=\"lazy\" decoding=\"async\" aria-describedby=\"caption-attachment-22511\" class=\"size-full wp-image-22511\" src=\"https:\/\/www.freiburg-schwarzwald.de\/blog\/wp-content\/uploads\/2012\/04\/schlossberg18muenster-pan130214.jpg\" alt=\"\" width=\"641\" height=\"285\" srcset=\"https:\/\/www.freiburg-schwarzwald.de\/blog\/wp-content\/uploads\/2012\/04\/schlossberg18muenster-pan130214.jpg 641w, https:\/\/www.freiburg-schwarzwald.de\/blog\/wp-content\/uploads\/2012\/04\/schlossberg18muenster-pan130214-180x80.jpg 180w, https:\/\/www.freiburg-schwarzwald.de\/blog\/wp-content\/uploads\/2012\/04\/schlossberg18muenster-pan130214-640x284.jpg 640w\" sizes=\"auto, (max-width: 641px) 100vw, 641px\" \/><\/a><p id=\"caption-attachment-22511\" class=\"wp-caption-text\">Blick vom Schlossberg nach Westen auf Freiburg&#8217;s Altstadt am 14.2.2013<\/p><\/div>\n<p>&nbsp;<\/p>\n<ul>\n<li><em>Listenauswahl eines Beitrags (Artikel\/Datum, Seite\/Inhalt):\u00a0<span style=\"text-decoration: underline;\">Klicken\u00a0<\/span>oder scrollen\u00a0<\/em><\/li>\n<li><a href=\"https:\/\/www.freiburg-schwarzwald.de\/blog\/business\/dienste\/immobilien\/nachverdichtung\/\">In Freiburg baut ein Investor Wohnh\u00e4user auf ein Parkhaus<\/a> (28.1.2026)<\/li>\n<li><a href=\"https:\/\/www.freiburg-schwarzwald.de\/blog\/regio\/heimat\/geschichte\/strassennamen\/\">Adolf Reichwein hat gegen Hitler gek\u00e4mpft \u2013 Umbebennung?<\/a> (12.8.2025)<\/li>\n<li><a href=\"https:\/\/www.freiburg-schwarzwald.de\/blog\/regio\/heimat\/geschichte\/strassennamen\/\">Umbebennung von Schulen: Adolf-Reichwein, Emil-G\u00f6tt<\/a>\u00a0(5.8.2025)<\/li>\n<li><a href=\"https:\/\/www.freiburg-schwarzwald.de\/blog\/vauban-ist-ueberall\/\">Vauban ist \u00fcberall<\/a>\u00a0(9.1.2021)<\/li>\n<li><a title=\"Patriarchat in Weingarten\" href=\"https:\/\/www.freiburg-schwarzwald.de\/blog\/patriarchat-in-weingarten\/\">https:\/\/www.freiburg-schwarzwald.de\/blog\/patriarchat-in-weingarten\/<\/a> (7.2.2018)<\/li>\n<li><\/li>\n<li><strong><a href=\"https:\/\/www.freiburg-schwarzwald.de\/littenweiler\/weingarten.htm\">https:\/\/www.freiburg-schwarzwald.de\/littenweiler\/weingarten.htm<\/a>\u00a0 \u00a0Archivseite Weingarten<\/strong><\/li>\n<li><a title=\"Dietenbach-Stadtteil\" href=\"https:\/\/www.freiburg-schwarzwald.de\/blog\/regio\/freiburg\/dietenbach-stadtteil\/\">Dietenbach<\/a><\/li>\n<li><a title=\"Rieselfeld\" href=\"https:\/\/www.freiburg-schwarzwald.de\/blog\/regio\/freiburg\/rieselfeld\/\">Rieselfeld<\/a><\/li>\n<\/ul>\n<p>&nbsp;<\/p>\n<p>&nbsp;<\/p>\n<p>&nbsp;<\/p>\n<p><strong>Kleine Geschichte Weingartens<\/strong><br \/>\nWegen der Wohnungsnot beschloss der Gemeinderat im April 1964, die 15 Hektar gro\u00dfe landwirtschaftliche Fl\u00e4che im Haslacher Gewann &#8222;Weingarten&#8220; zu bebauen \u2013 f\u00fcr zun\u00e4chst 5500 Bewohner. Heute sind es doppelt so viele. Die damalige Siedlungsgesellschaft (heute Freiburger Stadtbau GmbH) errichtete die ersten H\u00e4user an der Stra\u00dfe Binzengr\u00fcn und in den folgenden f\u00fcnf Jahren auch alle anderen Wohnblocks und Hochh\u00e4user zwischen Binzengr\u00fcn, G\u00fcterbahnlinie, Haslacher Dorfbach und Krozinger Stra\u00dfe.<br \/>\n1975 wurde die Evangelische (Fach-)Hochschule gebaut. Seit 1994 f\u00e4hrt die Stadtbahnlinie durch die Stra\u00dfe Binzengr\u00fcn.<br \/>\n1972 gr\u00fcndete sich der B\u00fcrgerverein und 1989 der Verein &#8222;Forum Weingarten&#8220;, der Quartiersarbeit leistet. K\u00fcnftig soll eine soziale Anlaufstelle die Dienste b\u00fcndeln.<\/p>\n","protected":false},"excerpt":{"rendered":"<p>Home &gt;Regio\u00a0&gt;Orte\u00a0&gt;Freiburg\u00a0&gt;Weingarten &nbsp; Listenauswahl eines Beitrags (Artikel\/Datum, Seite\/Inhalt):\u00a0Klicken\u00a0oder scrollen\u00a0 In Freiburg baut ein Investor Wohnh\u00e4user auf ein Parkhaus (28.1.2026) Adolf Reichwein hat gegen Hitler gek\u00e4mpft \u2013 Umbebennung? (12.8.2025) Umbebennung von Schulen: Adolf-Reichwein, Emil-G\u00f6tt\u00a0(5.8.2025) Vauban ist \u00fcberall\u00a0(9.1.2021) https:\/\/www.freiburg-schwarzwald.de\/blog\/patriarchat-in-weingarten\/ (7.2.2018) https:\/\/www.freiburg-schwarzwald.de\/littenweiler\/weingarten.htm\u00a0 \u00a0Archivseite &hellip; <a href=\"https:\/\/www.freiburg-schwarzwald.de\/blog\/regio\/freiburg\/weingarten\/\">Weiterlesen <span class=\"meta-nav\">&rarr;<\/span><\/a><\/p>\n","protected":false},"author":2,"featured_media":0,"parent":389,"menu_order":0,"comment_status":"open","ping_status":"closed","template":"","meta":{"footnotes":""},"class_list":["post-66471","page","type-page","status-publish","hentry"],"_links":{"self":[{"href":"https:\/\/www.freiburg-schwarzwald.de\/blog\/wp-json\/wp\/v2\/pages\/66471","targetHints":{"allow":["GET"]}}],"collection":[{"href":"https:\/\/www.freiburg-schwarzwald.de\/blog\/wp-json\/wp\/v2\/pages"}],"about":[{"href":"https:\/\/www.freiburg-schwarzwald.de\/blog\/wp-json\/wp\/v2\/types\/page"}],"author":[{"embeddable":true,"href":"https:\/\/www.freiburg-schwarzwald.de\/blog\/wp-json\/wp\/v2\/users\/2"}],"replies":[{"embeddable":true,"href":"https:\/\/www.freiburg-schwarzwald.de\/blog\/wp-json\/wp\/v2\/comments?post=66471"}],"version-history":[{"count":5,"href":"https:\/\/www.freiburg-schwarzwald.de\/blog\/wp-json\/wp\/v2\/pages\/66471\/revisions"}],"predecessor-version":[{"id":145242,"href":"https:\/\/www.freiburg-schwarzwald.de\/blog\/wp-json\/wp\/v2\/pages\/66471\/revisions\/145242"}],"up":[{"embeddable":true,"href":"https:\/\/www.freiburg-schwarzwald.de\/blog\/wp-json\/wp\/v2\/pages\/389"}],"wp:attachment":[{"href":"https:\/\/www.freiburg-schwarzwald.de\/blog\/wp-json\/wp\/v2\/media?parent=66471"}],"curies":[{"name":"wp","href":"https:\/\/api.w.org\/{rel}","templated":true}]}}