{"id":66209,"date":"2018-01-20T18:05:23","date_gmt":"2018-01-20T17:05:23","guid":{"rendered":"https:\/\/www.freiburg-schwarzwald.de\/blog\/?page_id=66209"},"modified":"2025-07-19T18:03:49","modified_gmt":"2025-07-19T16:03:49","slug":"helfer","status":"publish","type":"page","link":"https:\/\/www.freiburg-schwarzwald.de\/blog\/vereine\/hilfe\/helfer\/","title":{"rendered":"Helfer"},"content":{"rendered":"<p><a href=\"https:\/\/www.freiburg-schwarzwald.de\/blog\">Home<\/a>\u00a0&gt;<a title=\"Vereine\" href=\"https:\/\/www.freiburg-schwarzwald.de\/blog\/vereine\/\">Vereine<\/a>\u00a0&gt;<a href=\"https:\/\/www.freiburg-schwazwald.de\/blog\/hilfe\">Hilfe<\/a>\u00a0&gt;Helfer<\/p>\n<div id=\"attachment_91504\" style=\"width: 649px\" class=\"wp-caption alignnone\"><a href=\"https:\/\/www.freiburg-schwarzwald.de\/blog\/wp-content\/uploads\/2021\/06\/neuchatel4cudrefin-port-pan210609.jpg\"><img loading=\"lazy\" decoding=\"async\" aria-describedby=\"caption-attachment-91504\" class=\"size-full wp-image-91504\" src=\"https:\/\/www.freiburg-schwarzwald.de\/blog\/wp-content\/uploads\/2021\/06\/neuchatel4cudrefin-port-pan210609.jpg\" alt=\"\" width=\"639\" height=\"318\" srcset=\"https:\/\/www.freiburg-schwarzwald.de\/blog\/wp-content\/uploads\/2021\/06\/neuchatel4cudrefin-port-pan210609.jpg 639w, https:\/\/www.freiburg-schwarzwald.de\/blog\/wp-content\/uploads\/2021\/06\/neuchatel4cudrefin-port-pan210609-180x90.jpg 180w\" sizes=\"auto, (max-width: 639px) 100vw, 639px\" \/><\/a><p id=\"caption-attachment-91504\" class=\"wp-caption-text\">Sonnenuntergang am Lac de Neuchatel in Cudrefin am 10.6.2021<\/p><\/div>\n<p>&nbsp;<\/p>\n<p>&nbsp;<\/p>\n<ul>\n<li><em>Listenauswahl eines Beitrags (Artikel\/Datum, Seite\/Inhalt): <span style=\"text-decoration: underline;\">Klicken<\/span> oder scrollen<\/em><\/li>\n<li><a href=\"https:\/\/www.freiburg-schwarzwald.de\/blog\/herzdruckmassage-im-notfall\/\">Herzdruckmassage im Notfall<\/a>\u00a0(16.6.2021)<\/li>\n<li>Ein Sanit\u00e4ter gibt auf (20.1.2018)<\/li>\n<li><a title=\"Revier\" href=\"https:\/\/www.freiburg-schwarzwald.de\/blog\/global\/integration\/revier\/\">Jugendliche st\u00f6ren Sanit\u00e4ter im St\u00fchlinger \u2013 unser Revier<\/a> (16.1.2018)<\/li>\n<li><\/li>\n<li><a title=\"Engagement\" href=\"https:\/\/www.freiburg-schwarzwald.de\/blog\/engagement\/\">Engagement<\/a><\/li>\n<li><a title=\"Feuerwehr\" href=\"https:\/\/www.freiburg-schwarzwald.de\/blog\/vereine\/feuerwehr\/\">Feuerwehr<\/a><\/li>\n<li><a title=\"Fluechtlingshelfer\" href=\"https:\/\/www.freiburg-schwarzwald.de\/blog\/global\/integration\/fluechtlingshelfer\/\">Fl\u00fcchtlingshelfer<\/a><\/li>\n<\/ul>\n<ul>\n<li><a title=\"Indomeni\" href=\"https:\/\/www.freiburg-schwarzwald.de\/blog\/global\/migration\/idomeni\/\">Idomeni<\/a><\/li>\n<li><a title=\"Integration\" href=\"https:\/\/www.freiburg-schwarzwald.de\/blog\/global\/integration\/\">Integration<\/a><\/li>\n<li><a title=\"Migrationsindustrie\" href=\"https:\/\/www.freiburg-schwarzwald.de\/blog\/global\/integration\/migrationsindustrie\/\">Migrationsindustrie<\/a><\/li>\n<li><a title=\"Polizei\" href=\"https:\/\/www.freiburg-schwarzwald.de\/blog\/selbsthilfe\/soziales\/justiz\/polizei\/\">Polizei<\/a><\/li>\n<\/ul>\n<p>&nbsp;<\/p>\n<h4><strong>Helfer: Sanit\u00e4ter, Feuerwehr, Techn. Hilfswerke, Polizei<\/strong><\/h4>\n<p>&nbsp;<\/p>\n<p>&nbsp;<\/p>\n<p><strong>Ein Sanit\u00e4ter gibt auf<\/strong><br \/>\nDieses Land bricht nicht pl\u00f6tzlich zusammen, es erodiert langsam aber stetig vor sich hin. Man muss schon an die neuralgischen Punkte schauen, um das zu bemerken. Dorthin, wo die Abwehrschlachten toben, vor Gerichten, bei der Polizei, den freiwilligen Helfern und dem medizinischen Personal. Die Menschen dort melden sich nicht mit Petitionen, organisieren keine Protestm\u00e4rsche und nageln auch das Grundgesetz nicht an die T\u00fcr des Kanzleramtes &#8211; diese Menschen brechen einfach still zusammen, geben auf und verschwinden.<br \/>\nWenn es vorbei ist, werden es deshalb nicht die Allahhuagbar-Rufe sein, die uns auffallen werden. Es wird die Stille sein, die sich \u00fcber alles legt, die Menschen in ihre H\u00e4user und ihre gated Communities treibt. Unsere Politiker werden diese Stille f\u00fcr Frieden halten, die eigentlich eine Friedhofsruhe sein wird.<br \/>\nRettungssanit\u00e4ter David R. (in Berlin, siehe unten) hat aufgegeben und sich in Stille und Exil verabschiedet. Ich kann&#8217;s ihm nicht verdenken&#8230;..<br \/>\nAlles von Roger Letsch vom 20.1.1.2018 bitte lesen auf<br \/>\n<a href=\"https:\/\/www.achgut.com\/artikel\/ein_sanitaeter_gibt_auf\">https:\/\/www.achgut.com\/artikel\/ein_sanitaeter_gibt_auf<\/a><br \/>\n.<br \/>\n<strong>Ich schlachte dich gleich wie ein Lamm<\/strong><br \/>\nAls David R. (Rettungssanit\u00e4ter seit 25 Jahren), sein Kollege Rene G. und die Praktikantin Sophie A. in der Wohnung (in Berlin-neuk\u00f6lln) eintrafen, soll Ilker C. die Retter sofort beschimpft, bespuckt und bedroht haben. Die Helfer forderten den Mann daraufhin auf, die Wohnung zu verlassen. Doch stattdessen tickte Ilker C. offenbar v\u00f6llig aus. David R. h\u00f6rte S\u00e4tze wie: \u201eIch t\u00f6te deine Familie, ich bekomme raus, wo Du wohnst.\u201c und \u201eIch schlachte Dich gleich wie ein Lamm.\u201c Er musste sich als Ungl\u00e4ubiger beschimpfen lassen. &#8230;<br \/>\nAls das Rettungsteam sp\u00e4ter vor dem Haus Polizisten das Erlebte schilderten, sei Ilker C. noch einmal erschienen und habe mit einer Geste gezeigt, dass er ihnen die Kehle durchschneiden werde. \u201eWissen Sie\u201c, sagt er zum Richter, \u201eIch wurde in Berlin zwei bis dreimal im Jahr angegriffen.\u201c<br \/>\nDoch dieser Einsatz sei sein tiefgreifendstes Erlebnis gewesen. \u201eIch f\u00fchlte mich verfolgt, ich f\u00fchlte die Bedrohung f\u00fcr meine Frau und meinen kleinen Sohn. Ich hatte Angst.\u201c David R. hat seine Arbeit in Berlin aufgegeben. &#8230; Alles vom 18.1.2018 bitte lesen auf<br \/>\n<a href=\"https:\/\/www.berliner-zeitung.de\/berlin\/polizei\/angriff-auf-rettungskraefte--ich-schlachte-dich-gleich-wie-ein-lamm--29517940\">https:\/\/www.berliner-zeitung.de\/berlin\/polizei\/angriff-auf-rettungskraefte&#8211;ich-schlachte-dich-gleich-wie-ein-lamm&#8211;29517940<\/a><br \/>\n.<br \/>\n<strong>Migration: Helfer als Informationsquelle, nicht die Medien<\/strong><br \/>\nWenn man wirklich wissen will, was in diesem Land vor sich geht, muss man Rettungssanit\u00e4ter, Polizisten, Richter, \u00c4rzte oder Menschen befragen, die etwa aufgrund von Nachbarschaft h\u00e4ufig in Ber\u00fchrung mit k\u00fcrzlich Zugewanderten kommen. Auch Sprachlehrer f\u00fcr Fl\u00fcchtlinge und Fl\u00fcchtlingshelfer sind gute Informationsquellen.<br \/>\n<strong><em>Keine Informationsquellen sind Fernsehen und Zeitungen<\/em><\/strong>. Hier erf\u00e4hrt man nur, wie sich Journalisten w\u00fcnschen, wie es sein sollte. Welche Realit\u00e4t sie gerne s\u00e4hen.<br \/>\nGezielt das Gespr\u00e4ch mit unmittelbar Beteiligten suchen, scheint mir der einzige Weg zu sein, sich Einblick zu verschaffen.<br \/>\n20.1.2018, Werner Arning, AO<br \/>\n.<\/p>\n<p><strong>Einheimische Helfer werden zunehmend durch Muslime eretzt<\/strong><br \/>\nAn dem Fall wird mehr deutlich als nur der oberfl\u00e4chliche Aspekt, sich \u00fcber diese brutale T\u00e4tergruppe aufzuregen und \u00fcber eine Justiz, die unf\u00e4hig ist, solche Leute aus dem Verkehr zu ziehen. Die Drohung war ja auch \u201cnur\u201d im Namen der Religion, und Religionen sind ja angeblich per se menschenfreundlich. An dieser Einsch\u00e4tzung h\u00e4lt die \u00f6ffentliche Meinung eisern fest, egal wie oft solchen Drohungen schon Taten gefolgt sind. Bemerkenswert an dem Fall ist vielmehr Folgendes: Einem muslimischen Sanit\u00e4ter w\u00e4re das nicht passiert, er w\u00e4re h\u00f6chstwahrscheinlich respektiert worden oder zumindest nicht im selben Ma\u00df bedroht worden. So wird sicher fr\u00fcher oder sp\u00e4ter ein Muslim den Platz von David R. einnehmen. Wie schon seit Jahren Wachleute, T\u00fcrsteher, Bademeister und Lehrer durch Muslime ersetzt werden, wie auch Polizei und Bundeswehr gezielt Muslime einstellen. Diese sind vor Respektlosigkeiten durch Muslime oder vor extremen Bedrohungen wie im Fall Ilker C. viel eher gefeit. Qualifikation ist nicht mehr erstrangig. Vorgeschoben als Grund werden oft Integration und V\u00f6lkerverst\u00e4ndigung, aber eigentlich geht es um Konfliktvermeidung, weil Muslime nunmal gelegentlich extremer ausrasten als Nichtmuslime, und ein Muslim als Respektsperson da oft m\u00e4\u00dfigend wirkt. Durch diesen Pragmatismus werden nach und nach und in sich beschleunigendem Tempo einheimische Respektspersonen und Entscheidungstr\u00e4ger durch geringer qualifizierte muslimische ersetzt werden, die durch ihr Wirken zudem potentiell einer weiteren Islamisierung Vorschub leisten.<br \/>\n20.1.2018, Mike Loewe, AO<\/p>\n","protected":false},"excerpt":{"rendered":"<p>Home\u00a0&gt;Vereine\u00a0&gt;Hilfe\u00a0&gt;Helfer &nbsp; &nbsp; Listenauswahl eines Beitrags (Artikel\/Datum, Seite\/Inhalt): Klicken oder scrollen Herzdruckmassage im Notfall\u00a0(16.6.2021) Ein Sanit\u00e4ter gibt auf (20.1.2018) Jugendliche st\u00f6ren Sanit\u00e4ter im St\u00fchlinger \u2013 unser Revier (16.1.2018) Engagement Feuerwehr Fl\u00fcchtlingshelfer Idomeni Integration Migrationsindustrie Polizei &nbsp; Helfer: Sanit\u00e4ter, Feuerwehr, Techn. &hellip; <a href=\"https:\/\/www.freiburg-schwarzwald.de\/blog\/vereine\/hilfe\/helfer\/\">Weiterlesen <span class=\"meta-nav\">&rarr;<\/span><\/a><\/p>\n","protected":false},"author":2,"featured_media":0,"parent":1102,"menu_order":0,"comment_status":"open","ping_status":"closed","template":"","meta":{"footnotes":""},"class_list":["post-66209","page","type-page","status-publish","hentry"],"_links":{"self":[{"href":"https:\/\/www.freiburg-schwarzwald.de\/blog\/wp-json\/wp\/v2\/pages\/66209","targetHints":{"allow":["GET"]}}],"collection":[{"href":"https:\/\/www.freiburg-schwarzwald.de\/blog\/wp-json\/wp\/v2\/pages"}],"about":[{"href":"https:\/\/www.freiburg-schwarzwald.de\/blog\/wp-json\/wp\/v2\/types\/page"}],"author":[{"embeddable":true,"href":"https:\/\/www.freiburg-schwarzwald.de\/blog\/wp-json\/wp\/v2\/users\/2"}],"replies":[{"embeddable":true,"href":"https:\/\/www.freiburg-schwarzwald.de\/blog\/wp-json\/wp\/v2\/comments?post=66209"}],"version-history":[{"count":3,"href":"https:\/\/www.freiburg-schwarzwald.de\/blog\/wp-json\/wp\/v2\/pages\/66209\/revisions"}],"predecessor-version":[{"id":136554,"href":"https:\/\/www.freiburg-schwarzwald.de\/blog\/wp-json\/wp\/v2\/pages\/66209\/revisions\/136554"}],"up":[{"embeddable":true,"href":"https:\/\/www.freiburg-schwarzwald.de\/blog\/wp-json\/wp\/v2\/pages\/1102"}],"wp:attachment":[{"href":"https:\/\/www.freiburg-schwarzwald.de\/blog\/wp-json\/wp\/v2\/media?parent=66209"}],"curies":[{"name":"wp","href":"https:\/\/api.w.org\/{rel}","templated":true}]}}