{"id":66083,"date":"2018-01-03T21:01:43","date_gmt":"2018-01-03T20:01:43","guid":{"rendered":"https:\/\/www.freiburg-schwarzwald.de\/blog\/?page_id=66083"},"modified":"2022-06-06T09:42:15","modified_gmt":"2022-06-06T07:42:15","slug":"zweiklassengesellschaft","status":"publish","type":"page","link":"https:\/\/www.freiburg-schwarzwald.de\/blog\/engagement\/zukunft\/demokratie\/zweiklassengesellschaft\/","title":{"rendered":"Zweiklassengesellschaft"},"content":{"rendered":"<p><a href=\"https:\/\/freiburg-schwarzwald.de\/blog\">Home<\/a>\u00a0&gt;<a title=\"Engagement\" href=\"https:\/\/www.freiburg-schwarzwald.de\/blog\/engagement\/\">Engagement<\/a>\u00a0&gt;<a title=\"Zukunft\" href=\"https:\/\/www.freiburg-schwarzwald.de\/blog\/engagement\/zukunft\/\">Zukunft<\/a>\u00a0&gt;<a title=\"Demokratie\" href=\"https:\/\/www.freiburg-schwarzwald.de\/blog\/engagement\/zukunft\/demokratie\/\">Demokratie<\/a>\u00a0&gt;<a title=\"Staatsversagen\" href=\"https:\/\/www.freiburg-schwarzwald.de\/blog\/engagement\/zukunft\/demokratie\/staatsversagen\/\">Staatsversagen<\/a>\u00a0&gt;Zweiklassengesellschaft<\/p>\n<div id=\"attachment_67441\" style=\"width: 649px\" class=\"wp-caption alignnone\"><a href=\"https:\/\/www.freiburg-schwarzwald.de\/blog\/global\/italien\/cavallino\/venedig-schiff-pan180512\/\" rel=\"attachment wp-att-67441\"><img loading=\"lazy\" decoding=\"async\" aria-describedby=\"caption-attachment-67441\" class=\"wp-image-67441 size-full\" src=\"https:\/\/www.freiburg-schwarzwald.de\/blog\/wp-content\/uploads\/2014\/05\/venedig-schiff-pan180512.jpg\" alt=\"venedig-schiff-pan180512\" width=\"639\" height=\"204\" srcset=\"https:\/\/www.freiburg-schwarzwald.de\/blog\/wp-content\/uploads\/2014\/05\/venedig-schiff-pan180512.jpg 639w, https:\/\/www.freiburg-schwarzwald.de\/blog\/wp-content\/uploads\/2014\/05\/venedig-schiff-pan180512-180x57.jpg 180w\" sizes=\"auto, (max-width: 639px) 100vw, 639px\" \/><\/a><p id=\"caption-attachment-67441\" class=\"wp-caption-text\">Risengro\u00dfes Kreuzfahrtschiff bei der Punta Sabbioni vor Venedig am 12.5.2018<\/p><\/div>\n<ul>\n<li><a href=\"https:\/\/www.freiburg-schwarzwald.de\/blog\/erfahrung-in-stadt-und-land\/\">Erfahrung in Stadt und Land<\/a>\u00a0(26.5.2022)<\/li>\n<li><a href=\"https:\/\/www.freiburg-schwarzwald.de\/blog\/business\/gesund\/corona-virus\/impfzwang\/\">Arztsprechzeit: Geimpfte 10 Std und Ungeimpfte 10 min<\/a>\u00a0(16.11.2021)<\/li>\n<li><a href=\"https:\/\/www.freiburg-schwarzwald.de\/blog\/business\/gesund\/corona-virus\/impfzwang\/\">Freiburger Medizinethiker: \u201eMan m\u00f6chte Nichtgeimpfte erpressen\u201c<\/a>\u00a0(22.9.2021)<\/li>\n<li><a href=\"https:\/\/www.freiburg-schwarzwald.de\/blog\/gleichheit-herz-statt-spaltung\/\">Gleichheit + Herz statt Spaltung<\/a>\u00a0(26.8.2021)<\/li>\n<li><a href=\"https:\/\/www.freiburg-schwarzwald.de\/blog\/business\/gesund\/corona-virus\/impfung\/\">Niemanden aufgrund von Covid oder seines Impfstatus diskriminieren<\/a>\u00a0(21.8.2021)<\/li>\n<li><a href=\"https:\/\/www.freiburg-schwarzwald.de\/blog\/global\/integration\/fluechtlinge-kriminalitaet\/opfer\/\">W\u00fcrzburg darf keine Verbindung zu Migration und Islam haben<\/a>\u00a0(9.7.2021)<\/li>\n<li>Kindergeburtstag und Moscheegebet &#8211; zweierlei Ma\u00df (5.2.2021)<\/li>\n<li><a href=\"https:\/\/www.freiburg-schwarzwald.de\/blog\/kultur\/kulturverlust\/sprachregime\/\">Doublethink \u2013 Michael Esders \u201eSprachregime\u201c<\/a>\u00a0(2.2.2021)<\/li>\n<li>In Corona-Impfstufe 2: 70-80J\u00e4hrige sowie minderj\u00e4hrige Asylanten (5.2.2021)<\/li>\n<li><a title=\"Deutsche sind keine Covidioten\" href=\"https:\/\/www.freiburg-schwarzwald.de\/blog\/deutsche-sind-keine-covidioten\/\">Deutsche sind keine Covidioten<\/a>\u00a0 (7.8.2020)<\/li>\n<li><a title=\"Doppelmoral\" href=\"https:\/\/www.freiburg-schwarzwald.de\/blog\/global\/deutschland\/moral2015\/doppelmoral\/\">\u201cGuter Demonstrant\u201d im ZDF gefeiert \u2013 \u201cb\u00f6ser Demonstrant\u201d gefeuert<\/a>\u00a0(6.8.2020)<\/li>\n<li><a title=\"Schweigen\" href=\"https:\/\/www.freiburg-schwarzwald.de\/blog\/global\/deutschland\/schweigen\/\">Das dr\u00f6hnende Schweigen der \u201eEliten\u201c, wenn Gewalt von Linken oder Migranten kommt\u00a0<\/a>(19.1.2020)<\/li>\n<li><a title=\"Establishment\" href=\"https:\/\/www.freiburg-schwarzwald.de\/blog\/global\/deutschland\/gesellschaft\/establishment\/\">40 Jahre Gr\u00fcne \u2013 Da lacht das Establishment<\/a>\u00a0(13.1.2020)<\/li>\n<li><a href=\"https:\/\/www.freiburg-schwarzwald.de\/blog\/manchmal-schweige-ich-mit-16\/\">https:\/\/www.freiburg-schwarzwald.de\/blog\/manchmal-schweige-ich-mit-16\/<\/a>\u00a0(25.5.2019)<\/li>\n<li><a href=\"https:\/\/www.freiburg-schwarzwald.de\/blog\/gesellschaft-mit-zwei-klassen\/\">https:\/\/www.freiburg-schwarzwald.de\/blog\/gesellschaft-mit-zwei-klassen\/<\/a> (21.5.2018)<\/li>\n<li>Der Zweiklassen-Rechtsstaat (2.1.2018)<\/li>\n<li><\/li>\n<li><a title=\"Berlin19dez2016\" href=\"https:\/\/www.freiburg-schwarzwald.de\/blog\/engagement\/zukunft\/demokratie\/berlin19dez2016\/\">Berlin19dez2016<\/a><\/li>\n<li><a title=\"Doppelmoral\" href=\"https:\/\/www.freiburg-schwarzwald.de\/blog\/global\/deutschland\/moral2015\/doppelmoral\/\">Doppelmoral<\/a><\/li>\n<li><a title=\"Essen-Tafel2018\" href=\"https:\/\/www.freiburg-schwarzwald.de\/blog\/engagement\/zukunft\/demokratie\/essen-tafel2018\/\">Essen-Tafel2018<\/a><\/li>\n<li><a title=\"Establishment\" href=\"https:\/\/www.freiburg-schwarzwald.de\/blog\/global\/deutschland\/gesellschaft\/establishment\/\">Establishment<\/a><\/li>\n<li><a title=\"Gesellschaft\" href=\"https:\/\/www.freiburg-schwarzwald.de\/blog\/global\/deutschland\/gesellschaft\/\">Gesellschaft<\/a><\/li>\n<li><a title=\"Gesinnungsethik\" href=\"https:\/\/www.freiburg-schwarzwald.de\/blog\/engagement\/zukunft\/demokratie\/gesinnungsethik\/\">Gesinnungsethik<\/a><\/li>\n<li><a title=\"Identitaet\" href=\"https:\/\/www.freiburg-schwarzwald.de\/blog\/engagement\/zukunft\/demokratie\/identitaet\/\">Identit\u00e4t<\/a><\/li>\n<li><a title=\"Islam\" href=\"https:\/\/www.freiburg-schwarzwald.de\/blog\/religion\/islam\/\">Islam<\/a><\/li>\n<li><a title=\"Koeln-Silvester2015\" href=\"https:\/\/www.freiburg-schwarzwald.de\/blog\/global\/integration\/koeln-silvester2015\/\">Koln-Silvester2015<\/a><\/li>\n<li><a title=\"Konservativ\" href=\"https:\/\/www.freiburg-schwarzwald.de\/blog\/engagement\/zukunft\/demokratie\/konservativ\/\">Konservativ<\/a><\/li>\n<li><a title=\"Kontrollverlust\" href=\"https:\/\/www.freiburg-schwarzwald.de\/blog\/engagement\/zukunft\/demokratie\/kontrollverlust\/\">Kontrollverlust<\/a><\/li>\n<li><a title=\"Merkelismus\" href=\"https:\/\/www.freiburg-schwarzwald.de\/blog\/engagement\/zukunft\/demokratie\/merkelismus\/\">Merkelismus<\/a><\/li>\n<li><a title=\"Migration\" href=\"https:\/\/www.freiburg-schwarzwald.de\/blog\/global\/migration\/\">Migration<\/a><\/li>\n<li><a href=\"https:\/\/www.freiburg-schwarzwald.de\/blog\/global\/integration\/fluechtlinge-kriminalitaet\/opfer\/\">Opfer<\/a><\/li>\n<li><a title=\"Parallelgesellschaft\" href=\"https:\/\/www.freiburg-schwarzwald.de\/blog\/global\/integration\/parallelgesellschaft\/\">Parallelgesellschaft<\/a><\/li>\n<li><a title=\"Paralleljustiz\" href=\"https:\/\/www.freiburg-schwarzwald.de\/blog\/selbsthilfe\/soziales\/justiz\/paralleljustiz\/\">Paralleljustiz<\/a><\/li>\n<li><a title=\"Parallelkultur\" href=\"https:\/\/www.freiburg-schwarzwald.de\/blog\/global\/integration\/parallelkultur\/\">Parallelkultur<\/a><\/li>\n<li><a title=\"Patriotismus\" href=\"https:\/\/www.freiburg-schwarzwald.de\/blog\/engagement\/zukunft\/demokratie\/patriotismus\/\">Patriotismus<\/a><\/li>\n<li><a title=\"Rechtsstaat\" href=\"https:\/\/www.freiburg-schwarzwald.de\/blog\/selbsthilfe\/soziales\/justiz\/rechtsstaat\/\">Rechtsstaat<\/a><\/li>\n<li><a title=\"Religionsfreiheit\" href=\"https:\/\/www.freiburg-schwarzwald.de\/blog\/religion\/religionsfreiheit\/\">Religionsfreiheit<\/a><\/li>\n<li><a title=\"Sicherheit\" href=\"https:\/\/www.freiburg-schwarzwald.de\/blog\/selbsthilfe\/soziales\/justiz\/sicherheit\/\">Sicherheit<\/a><\/li>\n<li><a title=\"Spaltung\" href=\"https:\/\/www.freiburg-schwarzwald.de\/blog\/global\/deutschland\/spaltung\/\">Spaltung<\/a><\/li>\n<li><a title=\"Staatsbuergerschaft\" href=\"https:\/\/www.freiburg-schwarzwald.de\/blog\/engagement\/zukunft\/demokratie\/staatsbuergerschaft\/\">Staatsb\u00fcrgerschaft<\/a><\/li>\n<li><a href=\"https:\/\/www.freiburg-schwarzwald.de\/blog\/kultur\/kulturverlust\/zweierlei\/\">Zweierlei<\/a><\/li>\n<\/ul>\n<p>&nbsp;<\/p>\n<p><a href=\"https:\/\/www.freiburg-schwarzwald.de\/blog\/global\/deutschland\/spaltung\/links-rechts-gasthaus202007pan\/\" rel=\"attachment wp-att-82750\"><img loading=\"lazy\" decoding=\"async\" class=\"alignnone size-full wp-image-82750\" src=\"https:\/\/www.freiburg-schwarzwald.de\/blog\/wp-content\/uploads\/2019\/03\/links-rechts-gasthaus202007pan.jpg\" alt=\"links-rechts-gasthaus202007pan\" width=\"638\" height=\"250\" srcset=\"https:\/\/www.freiburg-schwarzwald.de\/blog\/wp-content\/uploads\/2019\/03\/links-rechts-gasthaus202007pan.jpg 638w, https:\/\/www.freiburg-schwarzwald.de\/blog\/wp-content\/uploads\/2019\/03\/links-rechts-gasthaus202007pan-180x70.jpg 180w\" sizes=\"auto, (max-width: 638px) 100vw, 638px\" \/><\/a><\/p>\n<p>.<\/p>\n<p><strong>In Corona-Impfstufe 2: 70-80J\u00e4hrige sowie minderj\u00e4hrige Asylanten<\/strong><br \/>\n<em>User-Frage: Warum haben Asylbewerber eine h\u00f6here Impfpriorit\u00e4t als viele Schwerkranke?<\/em><br \/>\nEinige Leser haben uns Fragen zur deutschen Impfreihenfolge geschickt. Besonders interessiert hat unsere User, warum Asylbewerber in Gruppe 2, viele Schwerkranke aber erst in Gruppe 3 aufgef\u00fchrt werden. Joachim M\u00fcller will beispielsweise wissen: Warum werden durch die Impfpriorisierung junge, gesunde M\u00e4nner und Frauen (Asylanten in Aufnahmeeinrichtungen) mit \u00fcber 70-j\u00e4hrigen, vorerkrankten Hochrisikopatienten gleichgesetzt? &#8230;.<br \/>\nDie Impfreihenfolge, die das Bundesgesundheitsministerium festgelegt hat, orientiert sich an den Empfehlungen der St\u00e4ndigen Impfkommission (Stiko). &#8230;<br \/>\nDass Asylbewerber eine hohe Impfpriorit\u00e4t haben, hat mit ihren Lebensverh\u00e4ltnissen zu tun. \u201eVergleicht man die Gr\u00f6\u00dfe der nach IfSG (Infektionsschutzgesetz, Anm. d. Red.) \u00fcbermittelten COVID-19-Ausbr\u00fcche in Deutschland, stellt man fest, dass Ausbr\u00fcche in Alten- und Pflegeheimen sowie in Seniorentagesst\u00e4tten neben Ausbr\u00fcchen in Fl\u00fcchtlings- und Asylbewerberheimen am gr\u00f6\u00dften sind\u201c, hei\u00dft es in dem Papier.<br \/>\nDie Kommission verweist auf Zahlen des Robert-Koch-Instituts (RKI): Demnach betr\u00e4gt die durchschnittliche Anzahl an Corona-F\u00e4llen bei Ausbr\u00fcchen in Fl\u00fcchtlingseinrichtungen 20,8. \u201eIn Folge dieser Ausbr\u00fcche werden zum Teil sehr drastische Ma\u00dfnahmen, wie Massenquarant\u00e4ne und polizeiliche Bewachung von Geb\u00e4uden, ergriffen. Durch derlei Ma\u00dfnahmen besteht eine erhebliche Gefahr der Re-Traumatisierung dieser ohnehin vulnerablen Population\u201c, schreibt die Stiko.<br \/>\n&#8230; Alles vom 5.2.2021 bitte lesen auf<br \/>\n<a href=\"https:\/\/www.focus.de\/politik\/deutschland\/politik-im-check-meine-frage-focus-de-warum-haben-asylbewerber-eine-hoehere-impfprioritaet-als-viele-schwerkranke_id_12327119.html\">https:\/\/www.focus.de\/politik\/deutschland\/politik-im-check-meine-frage-focus-de-warum-haben-asylbewerber-eine-hoehere-impfprioritaet-als-viele-schwerkranke_id_12327119.html<\/a><br \/>\n.<br \/>\nKommentare<br \/>\n<strong>Das Problem ist ja, wenn man diese ideologisch motivierte Selbstlosigkeit<\/strong><br \/>\nder deutschen Politik anprangert, wird man sofort in die Nazi-Ecke gestellt. Das ist eine Missentwicklung dieser Gesellschaft. Ich bin weder AfD-W\u00e4hler noch NPD-Sympathisant und denke, Asylbewerber geh\u00f6ren in die allerletzte Gruppe der zu Impfenden! Unsere eigenen Landsleute, diejenigen, die das Land gepr\u00e4gt haben und hier jahrzehntelang das Land mit aufgebaut haben, die verdienen eine h\u00f6here Impfpriorit\u00e4t, als frisch hereingekommene Asylbewerber, egal, wie alt sie sind. Basta!<br \/>\n6.2.2021, H.F., FO<br \/>\n.<br \/>\n<strong>&#8230; die Lebensleistung der Menschen im Lande wird mit F\u00fc\u00dfen getreten<\/strong><br \/>\nSie erhalten salbungsvolle Worte der F\u00fcrsorge, mehr nicht. Stattdessen werden zuk\u00fcnftige Transferleistungsbezieher immer mehr hofiert, begleitet von den netten Narrativen &#8222;dringend ben\u00f6tigte Facharbeiter&#8220;, &#8230;<br \/>\n6.2.2021, E.M.<br \/>\n.<br \/>\n<strong>Fadenscheinig<\/strong><br \/>\nWer seine ehemaligen und aktuellen steuerzahlenden B\u00fcrger mit solch fadenscheinigen Aussagen abspeist, zeigt den Stellenwert der \u201e\u00c4lteren und Alten\u201c in einer zynischen abgehobenen Weise! Rentner m\u00fcssen warten, damit junge \u201eZugereiste\u201c zuerst in \u201eSicherheit\u201c gebracht werden! Jeder deutsche der Angeh\u00f6rige der zweiten Gruppe an Corona \u201everliert\u201c, sollte die Bundesregierung wegen unterlassener Hilfeleistung verklagen! Die hunderttausende Menschen die tagt\u00e4glich 8 Stunden mit Masken in Superm\u00e4rkten arbeiten, d\u00fcrfen sich daher erst als Kategorie 4 anstellen!<br \/>\n6.2.2021, O.K.<br \/>\n.<br \/>\n<strong>Industriebetrieb unter Quarant\u00e4ne: ja &#8211; Asylantenunterkunft: nein<\/strong><br \/>\nDie Wertsch\u00e4tzung der Asylbewerber ist schon eine ganz besondere. Im Artikel steht, Quarant\u00e4ne ist denen nicht zumutbar, besteht Gefahr der Traumatisierung. Wir sind zivilisiert und gehorsam, halten uns an die Regeln und warten. Werden wir als &#8222;Opferl\u00e4mmer&#8220; gesehen? Ein ganzer Industriebetrieb kann unter Quarant\u00e4ne gestellt werden, aber keine Asylanten Unterkunft. Weil die Bewohner darunter leiden<br \/>\n6.2.2021, P.L.<br \/>\nSchon klar, die normalen Steuerzahler&#8230;<br \/>\n&#8230;haben f\u00fcr die Politik selbstverst\u00e4ndlich keine Priorit\u00e4t, es sind ja nur die, die das ganze Land am Laufen halten. Es steht quasi jedem Zugereisten eine hohe Impfpriorit\u00e4t zu, die einheimischen Bev\u00f6lkerung reiht sich dann ein halbes Jahr sp\u00e4ter in die Schlange der zu Impfenden ein. Wof\u00fcr zahlen wir eigentlich noch Steuern, wenn wir von der Politik im eigenen Land als Menschen 2. Klasse behandelt werden ?<br \/>\n6.2.2021,RB.<br \/>\n.<br \/>\n<strong>Ist das nicht sogar Rassismus?<\/strong><br \/>\nWas m\u00fcssen wir denn noch alles ertragen? Das Asylbewerber bevorzugt in Priorit\u00e4t 2 geimpft werden sollen, ist ein unglaublicher Skandal. Es ist an Ungerechtigkeit nicht zu \u00fcberbieten, das haupts\u00e4chlich junge M\u00e4nner eher geimpft werden sollen als fast alle anderen. Ist das nicht sogar Rassismus, wenn Menschen aufgrund ihrer Rasse, Hautfarbe oder Herkunft bevorzugt werden? Asylbewerber geh\u00f6ren in Priorit\u00e4t 5 wie alle anderen auch. Das sich das Gesundheitsministerium jetzt hinter einer irgendwie besetzten Impfkommission versteckt, passt ins traurige Bild.<br \/>\n6.2.2021,I.Z.<br \/>\nEnde Kommentare<\/p>\n<p>.<\/p>\n<p><strong>Kindergeburtstag und Moscheegebet &#8211; zweierlei<\/strong><br \/>\nIn hinreichend bunten Stadtteilen sind die Initiativb\u00fcrger noch ein bisschen disziplinloser, hat Leser *** beobachtet:<br \/>\n\u201eEine Autofahrt durch die Sonnenallee und benachbarte Stra\u00dfen in Neuk\u00f6lln, dem herrlich kulturbereicherten und zukunftsweisenden Bezirk in Berlin, offenbarte Erstaunliches. Zahlreiche Friseurgesch\u00e4fte \u2013 neudeutsch, oder genauer neulibanesisch auch \u201aBarber-Shops\u2019 genannt \u2013 sind ganz unbek\u00fcmmert ge\u00f6ffnet. Bei Bediensteten und Besuchern konnte ich im Vorbeifahren auch nur sporadisch spahn\u2018sche Maulfilter entdecken\u2026<br \/>\nVon der Ordnungsmacht weit und breit keine Spur, auch Berichterstattung und Emp\u00f6rung der \u00fcblichen rotgr\u00fcnen Hauptstadtgazetten von Tagesspiegel bis Berliner Zeitung scheinen sich lieber auf Verst\u00f6\u00dfe gegen die Abstandsreglungen auf Kinderrodelbahnen in den noch halbwegs b\u00fcrgerlichen Bezirken zu beschr\u00e4nken.<\/p>\n<p><a href=\"https:\/\/www.freiburg-schwarzwald.de\/blog\/wp-content\/uploads\/2021\/02\/kindergeburtstag20210205.jpg\"><img loading=\"lazy\" decoding=\"async\" class=\"alignnone size-full wp-image-88098\" src=\"https:\/\/www.freiburg-schwarzwald.de\/blog\/wp-content\/uploads\/2021\/02\/kindergeburtstag20210205.jpg\" alt=\"\" width=\"600\" height=\"459\" srcset=\"https:\/\/www.freiburg-schwarzwald.de\/blog\/wp-content\/uploads\/2021\/02\/kindergeburtstag20210205.jpg 600w, https:\/\/www.freiburg-schwarzwald.de\/blog\/wp-content\/uploads\/2021\/02\/kindergeburtstag20210205-180x138.jpg 180w\" sizes=\"auto, (max-width: 600px) 100vw, 600px\" \/><\/a><\/p>\n<p>2.2.2021: Polizei beendet illegalen Kindergeburtstag in Mittelbibach\/BW<br \/>\n.<br \/>\nOffenbar schweigt auch der sonst so flei\u00dfige biodeutsche Denunziant; entweder weil es ihn dort mangels Ureinwohner schlichtweg nicht mehr gibt oder aus Sorge um seine k\u00f6rperliche Unversehrtheit; in Neuk\u00f6lln ist es nicht immer zwingend ratsam, das Zusammenleben jeden Tag neu aushandeln zu wollen.\u201c<\/p>\n<p><a href=\"https:\/\/www.freiburg-schwarzwald.de\/blog\/wp-content\/uploads\/2021\/02\/moscheegebet20210202.jpg\"><img loading=\"lazy\" decoding=\"async\" class=\"alignnone size-full wp-image-88099\" src=\"https:\/\/www.freiburg-schwarzwald.de\/blog\/wp-content\/uploads\/2021\/02\/moscheegebet20210202.jpg\" alt=\"\" width=\"352\" height=\"486\" srcset=\"https:\/\/www.freiburg-schwarzwald.de\/blog\/wp-content\/uploads\/2021\/02\/moscheegebet20210202.jpg 352w, https:\/\/www.freiburg-schwarzwald.de\/blog\/wp-content\/uploads\/2021\/02\/moscheegebet20210202-130x180.jpg 130w\" sizes=\"auto, (max-width: 352px) 100vw, 352px\" \/><\/a><br \/>\n&#8211;<br \/>\n2.2.2021: 500 Menschen bei Gebet in D\u00fcren\/NRW<br \/>\n.<br \/>\nDie m\u00f6gen dort sein, wie sie wollen; in gewissen Dingen sind sie ersichtlich noch normal. Vielleicht muss man als Biodeutscher eines Tages in die Migrantenviertel gehen, um den Greiftrupps wenigstens stundenweise zu entkommen.<br \/>\n&#8230; Alles vom 5.2.2021 bitte lesen auf<br \/>\n<a href=\"https:\/\/www.klonovsky.de\/2021\/02\/5-februar-2021\/\">https:\/\/www.klonovsky.de\/2021\/02\/5-februar-2021\/<\/a><\/p>\n<p>&nbsp;<\/p>\n<p>&nbsp;<\/p>\n<p>&nbsp;<\/p>\n<p>&nbsp;<\/p>\n<p>&nbsp;<\/p>\n<p><strong>Der Zweiklassen-Rechtsstaat<\/strong><br \/>\n<em>Der gescheiterte Staat hat eine Zweiklassengesellschaft geschaffen: Auf der einen Seite diejenigen, \u201edie schon l\u00e4nger hier leben\u201d, die nach allen Regeln der Kunst erfasst sind und f\u00fcr jedes noch so kleine Vers\u00e4umnis zur Rechenschaft gezogen werden \u2013 auf der anderen Seite die neu Hinzugekommenen, \u00fcber die kaum eine Beh\u00f6rde wirklich viel wei\u00df, au\u00dfer der Adresse der Unterkunft oder der Kontonummer, auf die das Geld flie\u00dft, und denen man so vieles nachsieht.<\/em><br \/>\n&#8230;.<br \/>\nZwei Vorf\u00e4lle sorgen zur Wende eines unruhigen Jahres f\u00fcr viel Unmut und blankes Entsetzen. Sie k\u00f6nnten unterschiedlicher nicht sein und stehen doch sinnbildlich f\u00fcr einen Staat, der keine Kontrolle mehr \u00fcber Recht und Gesetz zu haben scheint \u2013 freilich nur in Teilbereichen und nicht ganz unfreiwillig.<br \/>\nDa ist zum einen die abscheuliche Tat eines vermeintlich minderj\u00e4hrigen afghanischen \u201eFl\u00fcchtlings\u201d, der einem tats\u00e4chlich minderj\u00e4hrigen deutschen M\u00e4dchen (in <a title=\"Kandel-Bluttat27-12-2017\" href=\"https:\/\/www.freiburg-schwarzwald.de\/blog\/engagement\/zukunft\/demokratie\/kandel-bluttat27-12-2017\/\">Kandel\/S\u00fcdpfalz<\/a>, 27.12.2017)) das Leben genommen hat, weil es sich ihm nicht f\u00fcgen wollte.<br \/>\nZum anderen der Ausbruch mehrerer H\u00e4ftlinge aus einer Berliner Justizvollzugsanstalt (26.12.2017), bei dem die Polizei von der Ver\u00f6ffentlichung von Fahndungsfotos absah, weil dies die Pers\u00f6nlichkeitsrechte der Straft\u00e4ter verletzen k\u00f6nnte. Beide F\u00e4lle \u2013 so wenig vergleichbar sie auch sind \u2013 dokumentieren auf best\u00fcrzende Weise den Zustand Deutschlands im Jahr 2017.<br \/>\nIn Berlin steht nicht die Durchsetzung der Strafverfolgung im Vordergrund, sondern der Schutz fl\u00fcchtiger Krimineller. Und der Tod des M\u00e4dchens markiert das grausame Ende einer Abfolge von Geschehnissen, deren Ursprung im Kontrollverlust des Staates liegt. Der naive Umgang mit einem Millionenheer zugewanderter M\u00e4nner, die Bereitschaft, alle Sorgfaltspflichten f\u00fcr die eigene Bev\u00f6lkerung zu ignorieren und die fortlaufende Sonderbehandlung der fast durchweg ohne Asylgrund mit einem Bleiberecht ausgestatteten Neuank\u00f6mmlinge archaischer Pr\u00e4gung sind der Schl\u00fcssel zu vielen der inzwischen fast allt\u00e4glichen Horrormeldungen.<\/p>\n<p>Regelm\u00e4\u00dfig mildernde Umst\u00e4nde: Dabei schleicht sich zudem das Gef\u00fchl ein, dass den T\u00e4tern aus der Gruppe der Zuwanderer regelm\u00e4\u00dfig mildernde Umst\u00e4nde zugebilligt werden, weil man ihnen entweder attestiert, psychisch gest\u00f6rt zu sein, oder aufgrund ihrer kulturellen Herkunft nicht besser zu wissen, wie man sich zivilisiert verh\u00e4lt. Ob auch die ausgebrochenen H\u00e4ftlinge diesen Kulturrabatt f\u00fcr sich in Anspruch nehmen k\u00f6nnen, indem man ihre Gesichter nicht zeigt, ist Spekulation. Sicher ist aber, dass der Verzicht auf das Aussch\u00f6pfen aller beh\u00f6rdlichen M\u00f6glichkeiten den Fahndungserfolg gef\u00e4hrdet. Da darf man schon mal an den Tatbestand der Strafvereitelung im Amt denken.<\/p>\n<p>Wer aus R\u00fccksicht auf die Pers\u00f6nlichkeitsrechte ausgebrochener Straft\u00e4ter auf die Ver\u00f6ffentlichung von Fahndungsfotos verzichtet, kann die Strafverfolgung angesichts der Unannehmlichkeiten f\u00fcr die T\u00e4ter ja eigentlich auch gleich ganz einstellen. Nat\u00fcrlich passiert dies nicht. Vor allem nicht dort, wo es etwa um zu schnelles Fahren, versp\u00e4tete Steuerzahlungen oder gar vergessene Umzugsmeldungen geht. All diese und viele weitere Alltagsbagatellen werden gnadenlos sanktioniert. Hier funktioniert der Rechtsstaat auf geradezu perfekte Weise. Wo es aber um sogenannte Fl\u00fcchtlinge geht, wo sich ausgewachsene M\u00e4nner mit Kinderstimmen und Kulleraugen das Testat der Minderj\u00e4hrigkeit erschleichen, wo sich Horden frauenverachtender Triebt\u00e4ter in Gruppen auf wehrlose Opfer st\u00fcrzen, da sieht sich unser Staat au\u00dfer Stande, f\u00fcr Recht und Ordnung zu sorgen. &#8230;<br \/>\nAlles von Ramin Peymani vom 2.1.2018 bitte lesen auf<br \/>\n<a href=\"https:\/\/www.achgut.com\/artikel\/der_zweiklassen_rechtsstaat\">https:\/\/www.achgut.com\/artikel\/der_zweiklassen_rechtsstaat<\/a><br \/>\nOder auf<br \/>\n<a href=\"https:\/\/peymani.de\/kontrollverlust-mit-folgen-das-selektive-scheitern-des-rechtsstaats\/\">https:\/\/peymani.de\/kontrollverlust-mit-folgen-das-selektive-scheitern-des-rechtsstaats\/<\/a><\/p>\n<p>&nbsp;<\/p>\n<p>.<\/p>\n","protected":false},"excerpt":{"rendered":"<p>Home\u00a0&gt;Engagement\u00a0&gt;Zukunft\u00a0&gt;Demokratie\u00a0&gt;Staatsversagen\u00a0&gt;Zweiklassengesellschaft Erfahrung in Stadt und Land\u00a0(26.5.2022) Arztsprechzeit: Geimpfte 10 Std und Ungeimpfte 10 min\u00a0(16.11.2021) Freiburger Medizinethiker: \u201eMan m\u00f6chte Nichtgeimpfte erpressen\u201c\u00a0(22.9.2021) Gleichheit + Herz statt Spaltung\u00a0(26.8.2021) Niemanden aufgrund von Covid oder seines Impfstatus diskriminieren\u00a0(21.8.2021) W\u00fcrzburg darf keine Verbindung zu Migration und &hellip; <a href=\"https:\/\/www.freiburg-schwarzwald.de\/blog\/engagement\/zukunft\/demokratie\/zweiklassengesellschaft\/\">Weiterlesen <span class=\"meta-nav\">&rarr;<\/span><\/a><\/p>\n","protected":false},"author":2,"featured_media":0,"parent":21084,"menu_order":0,"comment_status":"open","ping_status":"closed","template":"","meta":{"footnotes":""},"class_list":["post-66083","page","type-page","status-publish","hentry"],"_links":{"self":[{"href":"https:\/\/www.freiburg-schwarzwald.de\/blog\/wp-json\/wp\/v2\/pages\/66083","targetHints":{"allow":["GET"]}}],"collection":[{"href":"https:\/\/www.freiburg-schwarzwald.de\/blog\/wp-json\/wp\/v2\/pages"}],"about":[{"href":"https:\/\/www.freiburg-schwarzwald.de\/blog\/wp-json\/wp\/v2\/types\/page"}],"author":[{"embeddable":true,"href":"https:\/\/www.freiburg-schwarzwald.de\/blog\/wp-json\/wp\/v2\/users\/2"}],"replies":[{"embeddable":true,"href":"https:\/\/www.freiburg-schwarzwald.de\/blog\/wp-json\/wp\/v2\/comments?post=66083"}],"version-history":[{"count":6,"href":"https:\/\/www.freiburg-schwarzwald.de\/blog\/wp-json\/wp\/v2\/pages\/66083\/revisions"}],"predecessor-version":[{"id":101543,"href":"https:\/\/www.freiburg-schwarzwald.de\/blog\/wp-json\/wp\/v2\/pages\/66083\/revisions\/101543"}],"up":[{"embeddable":true,"href":"https:\/\/www.freiburg-schwarzwald.de\/blog\/wp-json\/wp\/v2\/pages\/21084"}],"wp:attachment":[{"href":"https:\/\/www.freiburg-schwarzwald.de\/blog\/wp-json\/wp\/v2\/media?parent=66083"}],"curies":[{"name":"wp","href":"https:\/\/api.w.org\/{rel}","templated":true}]}}